{"id":64,"date":"2018-10-22T11:30:52","date_gmt":"2018-10-22T09:30:52","guid":{"rendered":"https:\/\/www.fidupress.be\/ba\/?page_id=64"},"modified":"2025-06-10T09:25:43","modified_gmt":"2025-06-10T07:25:43","slug":"associaions-sans-but-lucratif","status":"publish","type":"page","link":"https:\/\/www.brussels-accountants.be\/ro\/services\/associaions-sans-but-lucratif\/","title":{"rendered":"Associations sans but lucratif"},"content":{"rendered":"\n<p><strong>BRUSSELS ACCOUNTANTS<\/strong> travaille avec les associations internationales sans but lucratifs (ASBL), d\u00e8s leur cr\u00e9ation jusqu&#8217;\u00e0 la dissolution et liquidation \u00e9ventuelle. Nous assistons ces associations dans les t\u00e2ches suivantes:<\/p>\n\n\n\n<ul class=\"wp-block-list\"><li>Aide \u00e0 l&#8217;obtention du statut juridique de \u2018ASBL\u2019.<\/li><li>R\u00e9daction des statues de l&#8217;ASBL ainsi que des &#8216;r\u00e8gles internes additionnelles&#8217; suppl\u00e9mentaires, si n\u00e9cessaire.<\/li><li>Des conseils techniques en ce qui concerne la structure de l&#8217;association: l&#8217;assembl\u00e9e constituante, le Conseil d&#8217;Administration, la gestion quotidienne (concernant la clause d&#8217;exon\u00e9ration de responsabilit\u00e9), le conseil d&#8217;administration de repr\u00e9sentation,la nomination \u00e9ventuelle d&#8217;un auditeur, et aussi de l&#8217;aide \u00e0 l&#8217;AGA.<\/li><li>Liste des membres (soumission possible \u00e0 l&#8217;office de greffier du tribunal comp\u00e9tent).<\/li><li>Execution des obligations comptables et fiscales selon les dispositions l\u00e9gales:\n    <ul><li>L&#8217;\u00e9tablissement d&#8217;un ensemble de comptes en fonction des activit\u00e9s sp\u00e9cifiques de l&#8217;ASBL ainsi que sa taille.<\/li><li>Soutenir le Conseil d&#8217;Administration dans l&#8217;\u00e9tablissement et l&#8217;application des r\u00e8gles comptables appropri\u00e9es.<\/li><li>R\u00e9daction d&#8217;un budget annuel et un suivi r\u00e9gulier avec les r\u00e9sultats de l&#8217;ann\u00e9e financi\u00e8re.<\/li><li>Toutes les activit\u00e9s n\u00e9cessaires de tenue des comptes comptables, journaux divers, des inventaires annuels, de pr\u00e9paration des rapports interm\u00e9diaires.<\/li><li>R\u00e9daction des comptes sociaux, du bilan, du compte de r\u00e9sultat.<\/li><li>D\u00e9p\u00f4t officiel des comptes normalis\u00e9es aupr\u00e8s des autorit\u00e9s si la loi l&#8217;exige ou \u00e0 la demande du client.<\/li><li>Affectation possible du P&amp;L &#8211; profit conform\u00e9ment \u00e0 la l\u00e9gislation pour les associations sans but lucratif.<\/li><li>R\u00e9percussions fiscales de la propri\u00e9t\u00e9 immobili\u00e8re; fiscalit\u00e9 patrimoniale.<\/li><li>D\u00e9claration d&#8217;imp\u00f4t sur le revenu pour les op\u00e9raions imposables des associations.<\/li><li>La TVA des associations.<\/li><li>L&#8217;analyse et les implications de dons, legs et m\u00e9c\u00e9nats obtenus par les associations juridiques et fiscales.<\/li><\/ul>\n<\/li><\/ul>\n\n\n\n<p>Pour plus d&#8217;informations, n&#8217;h\u00e9sitez pas \u00e0 nous contacter.<\/p>\n\n\n\n<p><strong>BRUSSELS ACCOUNTANTS BV<\/strong><\/p>\n","protected":false},"excerpt":{"rendered":"<p>BRUSSELS ACCOUNTANTS travaille avec les associations internationales sans but lucratifs (ASBL), d\u00e8s leur cr\u00e9ation jusqu&#8217;\u00e0 la dissolution et liquidation \u00e9ventuelle. Nous assistons ces associations dans les t\u00e2ches suivantes: Aide \u00e0 l&#8217;obtention du statut juridique de \u2018ASBL\u2019. R\u00e9daction des statues de l&#8217;ASBL ainsi que des &#8216;r\u00e8gles internes additionnelles&#8217; suppl\u00e9mentaires, si n\u00e9cessaire. Des conseils techniques en ce [&hellip;]<\/p>\n","protected":false},"author":1,"featured_media":0,"parent":2,"menu_order":0,"comment_status":"closed","ping_status":"closed","template":"","meta":{"footnotes":""},"class_list":["post-64","page","type-page","status-publish","hentry"],"acf":[],"yoast_head":"<!-- This site is optimized with the Yoast SEO plugin v27.4 - https:\/\/yoast.com\/product\/yoast-seo-wordpress\/ -->\n<title>Associations sans but lucratif - Brussels Accountants<\/title>\n<meta name=\"robots\" content=\"index, follow, max-snippet:-1, max-image-preview:large, max-video-preview:-1\" \/>\n<link rel=\"canonical\" href=\"https:\/\/www.brussels-accountants.be\/ro\/services\/associaions-sans-but-lucratif\/\" \/>\n<meta property=\"og:locale\" content=\"ro_RO\" \/>\n<meta property=\"og:type\" content=\"article\" \/>\n<meta property=\"og:title\" content=\"Associations sans but lucratif - Brussels Accountants\" \/>\n<meta property=\"og:description\" content=\"BRUSSELS ACCOUNTANTS travaille avec les associations internationales sans but lucratifs (ASBL), d\u00e8s leur cr\u00e9ation jusqu&#8217;\u00e0 la dissolution et liquidation \u00e9ventuelle. Nous assistons ces associations dans les t\u00e2ches suivantes: Aide \u00e0 l&#8217;obtention du statut juridique de \u2018ASBL\u2019. R\u00e9daction des statues de l&#8217;ASBL ainsi que des &#8216;r\u00e8gles internes additionnelles&#8217; suppl\u00e9mentaires, si n\u00e9cessaire. Des conseils techniques en ce [&hellip;]\" \/>\n<meta property=\"og:url\" content=\"https:\/\/www.brussels-accountants.be\/services\/associaions-sans-but-lucratif\/\" \/>\n<meta property=\"og:site_name\" content=\"Brussels Accountants\" \/>\n<meta property=\"article:modified_time\" content=\"2025-06-10T07:25:43+00:00\" \/>\n<meta name=\"twitter:card\" content=\"summary_large_image\" \/>\n<meta name=\"twitter:label1\" content=\"Est. reading time\" \/>\n\t<meta name=\"twitter:data1\" content=\"2 minutes\" \/>\n<script type=\"application\/ld+json\" class=\"yoast-schema-graph\">{\"@context\":\"https:\\\/\\\/schema.org\",\"@graph\":[{\"@type\":\"WebPage\",\"@id\":\"https:\\\/\\\/www.brussels-accountants.be\\\/services\\\/associaions-sans-but-lucratif\\\/\",\"url\":\"https:\\\/\\\/www.brussels-accountants.be\\\/services\\\/associaions-sans-but-lucratif\\\/\",\"name\":\"Associations sans but lucratif - Brussels Accountants\",\"isPartOf\":{\"@id\":\"https:\\\/\\\/www.brussels-accountants.be\\\/#website\"},\"datePublished\":\"2018-10-22T09:30:52+00:00\",\"dateModified\":\"2025-06-10T07:25:43+00:00\",\"breadcrumb\":{\"@id\":\"https:\\\/\\\/www.brussels-accountants.be\\\/services\\\/associaions-sans-but-lucratif\\\/#breadcrumb\"},\"inLanguage\":\"ro-RO\",\"potentialAction\":[{\"@type\":\"ReadAction\",\"target\":[\"https:\\\/\\\/www.brussels-accountants.be\\\/services\\\/associaions-sans-but-lucratif\\\/\"]}]},{\"@type\":\"BreadcrumbList\",\"@id\":\"https:\\\/\\\/www.brussels-accountants.be\\\/services\\\/associaions-sans-but-lucratif\\\/#breadcrumb\",\"itemListElement\":[{\"@type\":\"ListItem\",\"position\":1,\"name\":\"Accueil\",\"item\":\"https:\\\/\\\/www.brussels-accountants.be\\\/\"},{\"@type\":\"ListItem\",\"position\":2,\"name\":\"Services\",\"item\":\"https:\\\/\\\/www.brussels-accountants.be\\\/\"},{\"@type\":\"ListItem\",\"position\":3,\"name\":\"Associations sans but lucratif\"}]},{\"@type\":\"WebSite\",\"@id\":\"https:\\\/\\\/www.brussels-accountants.be\\\/#website\",\"url\":\"https:\\\/\\\/www.brussels-accountants.be\\\/\",\"name\":\"Brussels Accountants\",\"description\":\"&lt;strong&gt;Brussels Accountants&lt;\\\/strong&gt; est une entreprise Internationale de comptabilit\u00e9 offrant \u00e0 ses clients une comptabilit\u00e9 appropri\u00e9e et une consultance optimis\u00e9e des imp\u00f4ts. Le cabinet est comp\u00e9tent au sein du contexte belge, pour les citoyens redevables de l\u2019imp\u00f4t belge. Nous sommes aussi reconnus en tant que guide fiable et compagnon pour les expatri\u00e9s qui ont besoin de constituer leur activit\u00e9, d&#039;en assurer la croissance et l\u2019organisation sur le territoire belge.\",\"publisher\":{\"@id\":\"https:\\\/\\\/www.brussels-accountants.be\\\/#organization\"},\"potentialAction\":[{\"@type\":\"SearchAction\",\"target\":{\"@type\":\"EntryPoint\",\"urlTemplate\":\"https:\\\/\\\/www.brussels-accountants.be\\\/?s={search_term_string}\"},\"query-input\":{\"@type\":\"PropertyValueSpecification\",\"valueRequired\":true,\"valueName\":\"search_term_string\"}}],\"inLanguage\":\"ro-RO\"},{\"@type\":\"Organization\",\"@id\":\"https:\\\/\\\/www.brussels-accountants.be\\\/#organization\",\"name\":\"Brussels Accountants\",\"url\":\"https:\\\/\\\/www.brussels-accountants.be\\\/\",\"logo\":{\"@type\":\"ImageObject\",\"inLanguage\":\"ro-RO\",\"@id\":\"https:\\\/\\\/www.brussels-accountants.be\\\/#\\\/schema\\\/logo\\\/image\\\/\",\"url\":\"https:\\\/\\\/www.brussels-accountants.be\\\/wp-content\\\/uploads\\\/2018\\\/10\\\/cropped-logo-medium.png\",\"contentUrl\":\"https:\\\/\\\/www.brussels-accountants.be\\\/wp-content\\\/uploads\\\/2018\\\/10\\\/cropped-logo-medium.png\",\"width\":512,\"height\":512,\"caption\":\"Brussels Accountants\"},\"image\":{\"@id\":\"https:\\\/\\\/www.brussels-accountants.be\\\/#\\\/schema\\\/logo\\\/image\\\/\"}}]}<\/script>\n<!-- \/ Yoast SEO plugin. -->","yoast_head_json":{"title":"Associations sans but lucratif - Brussels Accountants","robots":{"index":"index","follow":"follow","max-snippet":"max-snippet:-1","max-image-preview":"max-image-preview:large","max-video-preview":"max-video-preview:-1"},"canonical":"https:\/\/www.brussels-accountants.be\/ro\/services\/associaions-sans-but-lucratif\/","og_locale":"ro_RO","og_type":"article","og_title":"Associations sans but lucratif - Brussels Accountants","og_description":"BRUSSELS ACCOUNTANTS travaille avec les associations internationales sans but lucratifs (ASBL), d\u00e8s leur cr\u00e9ation jusqu&#8217;\u00e0 la dissolution et liquidation \u00e9ventuelle. Nous assistons ces associations dans les t\u00e2ches suivantes: Aide \u00e0 l&#8217;obtention du statut juridique de \u2018ASBL\u2019. R\u00e9daction des statues de l&#8217;ASBL ainsi que des &#8216;r\u00e8gles internes additionnelles&#8217; suppl\u00e9mentaires, si n\u00e9cessaire. Des conseils techniques en ce [&hellip;]","og_url":"https:\/\/www.brussels-accountants.be\/services\/associaions-sans-but-lucratif\/","og_site_name":"Brussels Accountants","article_modified_time":"2025-06-10T07:25:43+00:00","twitter_card":"summary_large_image","twitter_misc":{"Est. reading time":"2 minutes"},"schema":{"@context":"https:\/\/schema.org","@graph":[{"@type":"WebPage","@id":"https:\/\/www.brussels-accountants.be\/services\/associaions-sans-but-lucratif\/","url":"https:\/\/www.brussels-accountants.be\/services\/associaions-sans-but-lucratif\/","name":"Associations sans but lucratif - Brussels Accountants","isPartOf":{"@id":"https:\/\/www.brussels-accountants.be\/#website"},"datePublished":"2018-10-22T09:30:52+00:00","dateModified":"2025-06-10T07:25:43+00:00","breadcrumb":{"@id":"https:\/\/www.brussels-accountants.be\/services\/associaions-sans-but-lucratif\/#breadcrumb"},"inLanguage":"ro-RO","potentialAction":[{"@type":"ReadAction","target":["https:\/\/www.brussels-accountants.be\/services\/associaions-sans-but-lucratif\/"]}]},{"@type":"BreadcrumbList","@id":"https:\/\/www.brussels-accountants.be\/services\/associaions-sans-but-lucratif\/#breadcrumb","itemListElement":[{"@type":"ListItem","position":1,"name":"Accueil","item":"https:\/\/www.brussels-accountants.be\/"},{"@type":"ListItem","position":2,"name":"Services","item":"https:\/\/www.brussels-accountants.be\/"},{"@type":"ListItem","position":3,"name":"Associations sans but lucratif"}]},{"@type":"WebSite","@id":"https:\/\/www.brussels-accountants.be\/#website","url":"https:\/\/www.brussels-accountants.be\/","name":"Brussels Accountants","description":"&lt;strong&gt;Brussels Accountants&lt;\/strong&gt; est une entreprise Internationale de comptabilit\u00e9 offrant \u00e0 ses clients une comptabilit\u00e9 appropri\u00e9e et une consultance optimis\u00e9e des imp\u00f4ts. Le cabinet est comp\u00e9tent au sein du contexte belge, pour les citoyens redevables de l\u2019imp\u00f4t belge. Nous sommes aussi reconnus en tant que guide fiable et compagnon pour les expatri\u00e9s qui ont besoin de constituer leur activit\u00e9, d&#039;en assurer la croissance et l\u2019organisation sur le territoire belge.","publisher":{"@id":"https:\/\/www.brussels-accountants.be\/#organization"},"potentialAction":[{"@type":"SearchAction","target":{"@type":"EntryPoint","urlTemplate":"https:\/\/www.brussels-accountants.be\/?s={search_term_string}"},"query-input":{"@type":"PropertyValueSpecification","valueRequired":true,"valueName":"search_term_string"}}],"inLanguage":"ro-RO"},{"@type":"Organization","@id":"https:\/\/www.brussels-accountants.be\/#organization","name":"Brussels Accountants","url":"https:\/\/www.brussels-accountants.be\/","logo":{"@type":"ImageObject","inLanguage":"ro-RO","@id":"https:\/\/www.brussels-accountants.be\/#\/schema\/logo\/image\/","url":"https:\/\/www.brussels-accountants.be\/wp-content\/uploads\/2018\/10\/cropped-logo-medium.png","contentUrl":"https:\/\/www.brussels-accountants.be\/wp-content\/uploads\/2018\/10\/cropped-logo-medium.png","width":512,"height":512,"caption":"Brussels Accountants"},"image":{"@id":"https:\/\/www.brussels-accountants.be\/#\/schema\/logo\/image\/"}}]}},"_links":{"self":[{"href":"https:\/\/www.brussels-accountants.be\/ro\/wp-json\/wp\/v2\/pages\/64","targetHints":{"allow":["GET"]}}],"collection":[{"href":"https:\/\/www.brussels-accountants.be\/ro\/wp-json\/wp\/v2\/pages"}],"about":[{"href":"https:\/\/www.brussels-accountants.be\/ro\/wp-json\/wp\/v2\/types\/page"}],"author":[{"embeddable":true,"href":"https:\/\/www.brussels-accountants.be\/ro\/wp-json\/wp\/v2\/users\/1"}],"replies":[{"embeddable":true,"href":"https:\/\/www.brussels-accountants.be\/ro\/wp-json\/wp\/v2\/comments?post=64"}],"version-history":[{"count":4,"href":"https:\/\/www.brussels-accountants.be\/ro\/wp-json\/wp\/v2\/pages\/64\/revisions"}],"predecessor-version":[{"id":8916,"href":"https:\/\/www.brussels-accountants.be\/ro\/wp-json\/wp\/v2\/pages\/64\/revisions\/8916"}],"up":[{"embeddable":true,"href":"https:\/\/www.brussels-accountants.be\/ro\/wp-json\/wp\/v2\/pages\/2"}],"wp:attachment":[{"href":"https:\/\/www.brussels-accountants.be\/ro\/wp-json\/wp\/v2\/media?parent=64"}],"curies":[{"name":"wp","href":"https:\/\/api.w.org\/{rel}","templated":true}]}}