{"id":345,"date":"2018-10-25T13:20:53","date_gmt":"2018-10-25T11:20:53","guid":{"rendered":"https:\/\/www.fidupress.be\/ba\/?page_id=345"},"modified":"2018-10-25T13:21:15","modified_gmt":"2018-10-25T11:21:15","slug":"non-profit-associations","status":"publish","type":"page","link":"https:\/\/www.brussels-accountants.be\/ro\/our-services\/non-profit-associations\/","title":{"rendered":"Non profit associations"},"content":{"rendered":"\n<p><strong>BRUSSELS ACCOUNTANTS<\/strong>\u00a0will work with (international) non-profit organisations (ASBL) from their constitution until their eventual dissolution and liquidation. We can help associations with the following tasks:<\/p>\n\n\n\n<ul class=\"wp-block-list\"><li>Assistance in obtaining the legal status of \u2018ASBL\u2019.<\/li><li>Drafting the statutes of the ASBL as well as additional \u201cinternal household rules\u201d if needed.<\/li><li>Technical advice regarding the association\u2019s structure: the constituent assembly; the board of administrators; daily management (concerning accountability exoneration clause); the board of representation; the possible nomination of an auditor; and also assistance at the AGM.<\/li><li>Membership list (possible submittal to the clerk office of the relevant court).<\/li><li>Fulfilment of accounting and fiscal obligations according all the legal stipulations:<ul><li>Establishing a set of accounts based on the specific activities of the ASBL as well as its size.<\/li><li>Supporting the board of administrators in setting up and applying appropriate accounting rules.<\/li><li>Drafting of the annual budget and regular follow up with the financial year results.<\/li><li>All necessary bookkeeping activities, journals, annual inventories, preparation of interim financial reports.<\/li><li>Drafting statutory accounts, equity balance sheet, profit and loss statement.<\/li><li>Official submission of standardized accounts with the authorities if legally required or at the request of the client.<\/li><li>Appropriation of possible P&amp;L-profits in conformity with legislation for non-profit associations.<\/li><li>Fiscal repercussions of real estate ownership; patrimonial taxation.<\/li><li>Income tax return for the taxable operations of associations.<\/li><li>VAT-status of associations.<\/li><li>Legal and fiscal analysis and implications of gifts, legacies and sponsorship obtained by associations.<\/li><\/ul><\/li><\/ul>\n\n\n\n<p>For further information, please do not hesitate to contact us.<\/p>\n\n\n\n<p><strong>BRUSSELS ACCOUNTANTS<\/strong>&nbsp;<strong>BVBA<\/strong><\/p>\n","protected":false},"excerpt":{"rendered":"<p>BRUSSELS ACCOUNTANTS\u00a0will work with (international) non-profit organisations (ASBL) from their constitution until their eventual dissolution and liquidation. We can help associations with the following tasks: Assistance in obtaining the legal status of \u2018ASBL\u2019. Drafting the statutes of the ASBL as well as additional \u201cinternal household rules\u201d if needed. Technical advice regarding the association\u2019s structure: the [&hellip;]<\/p>\n","protected":false},"author":1,"featured_media":0,"parent":343,"menu_order":0,"comment_status":"closed","ping_status":"closed","template":"","meta":{"footnotes":""},"class_list":["post-345","page","type-page","status-publish","hentry"],"acf":[],"yoast_head":"<!-- This site is optimized with the Yoast SEO plugin v27.4 - https:\/\/yoast.com\/product\/yoast-seo-wordpress\/ -->\n<title>Non profit associations - Brussels Accountants<\/title>\n<meta name=\"robots\" content=\"index, follow, max-snippet:-1, max-image-preview:large, max-video-preview:-1\" \/>\n<link rel=\"canonical\" href=\"https:\/\/www.brussels-accountants.be\/ro\/our-services\/non-profit-associations\/\" \/>\n<meta property=\"og:locale\" content=\"ro_RO\" \/>\n<meta property=\"og:type\" content=\"article\" \/>\n<meta property=\"og:title\" content=\"Non profit associations - Brussels Accountants\" \/>\n<meta property=\"og:description\" content=\"BRUSSELS ACCOUNTANTS\u00a0will work with (international) non-profit organisations (ASBL) from their constitution until their eventual dissolution and liquidation. We can help associations with the following tasks: Assistance in obtaining the legal status of \u2018ASBL\u2019. Drafting the statutes of the ASBL as well as additional \u201cinternal household rules\u201d if needed. Technical advice regarding the association\u2019s structure: the [&hellip;]\" \/>\n<meta property=\"og:url\" content=\"https:\/\/www.brussels-accountants.be\/our-services\/non-profit-associations\/\" \/>\n<meta property=\"og:site_name\" content=\"Brussels Accountants\" \/>\n<meta property=\"article:modified_time\" content=\"2018-10-25T11:21:15+00:00\" \/>\n<meta name=\"twitter:card\" content=\"summary_large_image\" \/>\n<meta name=\"twitter:label1\" content=\"Est. reading time\" \/>\n\t<meta name=\"twitter:data1\" content=\"1 minute\" \/>\n<script type=\"application\/ld+json\" class=\"yoast-schema-graph\">{\"@context\":\"https:\\\/\\\/schema.org\",\"@graph\":[{\"@type\":\"WebPage\",\"@id\":\"https:\\\/\\\/www.brussels-accountants.be\\\/our-services\\\/non-profit-associations\\\/\",\"url\":\"https:\\\/\\\/www.brussels-accountants.be\\\/our-services\\\/non-profit-associations\\\/\",\"name\":\"Non profit associations - Brussels Accountants\",\"isPartOf\":{\"@id\":\"https:\\\/\\\/www.brussels-accountants.be\\\/#website\"},\"datePublished\":\"2018-10-25T11:20:53+00:00\",\"dateModified\":\"2018-10-25T11:21:15+00:00\",\"breadcrumb\":{\"@id\":\"https:\\\/\\\/www.brussels-accountants.be\\\/our-services\\\/non-profit-associations\\\/#breadcrumb\"},\"inLanguage\":\"ro-RO\",\"potentialAction\":[{\"@type\":\"ReadAction\",\"target\":[\"https:\\\/\\\/www.brussels-accountants.be\\\/our-services\\\/non-profit-associations\\\/\"]}]},{\"@type\":\"BreadcrumbList\",\"@id\":\"https:\\\/\\\/www.brussels-accountants.be\\\/our-services\\\/non-profit-associations\\\/#breadcrumb\",\"itemListElement\":[{\"@type\":\"ListItem\",\"position\":1,\"name\":\"Accueil\",\"item\":\"https:\\\/\\\/www.brussels-accountants.be\\\/\"},{\"@type\":\"ListItem\",\"position\":2,\"name\":\"Services\",\"item\":\"https:\\\/\\\/www.brussels-accountants.be\\\/\"},{\"@type\":\"ListItem\",\"position\":3,\"name\":\"Non profit associations\"}]},{\"@type\":\"WebSite\",\"@id\":\"https:\\\/\\\/www.brussels-accountants.be\\\/#website\",\"url\":\"https:\\\/\\\/www.brussels-accountants.be\\\/\",\"name\":\"Brussels Accountants\",\"description\":\"&lt;strong&gt;Brussels Accountants&lt;\\\/strong&gt; est une entreprise Internationale de comptabilit\u00e9 offrant \u00e0 ses clients une comptabilit\u00e9 appropri\u00e9e et une consultance optimis\u00e9e des imp\u00f4ts. Le cabinet est comp\u00e9tent au sein du contexte belge, pour les citoyens redevables de l\u2019imp\u00f4t belge. Nous sommes aussi reconnus en tant que guide fiable et compagnon pour les expatri\u00e9s qui ont besoin de constituer leur activit\u00e9, d&#039;en assurer la croissance et l\u2019organisation sur le territoire belge.\",\"publisher\":{\"@id\":\"https:\\\/\\\/www.brussels-accountants.be\\\/#organization\"},\"potentialAction\":[{\"@type\":\"SearchAction\",\"target\":{\"@type\":\"EntryPoint\",\"urlTemplate\":\"https:\\\/\\\/www.brussels-accountants.be\\\/?s={search_term_string}\"},\"query-input\":{\"@type\":\"PropertyValueSpecification\",\"valueRequired\":true,\"valueName\":\"search_term_string\"}}],\"inLanguage\":\"ro-RO\"},{\"@type\":\"Organization\",\"@id\":\"https:\\\/\\\/www.brussels-accountants.be\\\/#organization\",\"name\":\"Brussels Accountants\",\"url\":\"https:\\\/\\\/www.brussels-accountants.be\\\/\",\"logo\":{\"@type\":\"ImageObject\",\"inLanguage\":\"ro-RO\",\"@id\":\"https:\\\/\\\/www.brussels-accountants.be\\\/#\\\/schema\\\/logo\\\/image\\\/\",\"url\":\"https:\\\/\\\/www.brussels-accountants.be\\\/wp-content\\\/uploads\\\/2018\\\/10\\\/cropped-logo-medium.png\",\"contentUrl\":\"https:\\\/\\\/www.brussels-accountants.be\\\/wp-content\\\/uploads\\\/2018\\\/10\\\/cropped-logo-medium.png\",\"width\":512,\"height\":512,\"caption\":\"Brussels Accountants\"},\"image\":{\"@id\":\"https:\\\/\\\/www.brussels-accountants.be\\\/#\\\/schema\\\/logo\\\/image\\\/\"}}]}<\/script>\n<!-- \/ Yoast SEO plugin. -->","yoast_head_json":{"title":"Non profit associations - Brussels Accountants","robots":{"index":"index","follow":"follow","max-snippet":"max-snippet:-1","max-image-preview":"max-image-preview:large","max-video-preview":"max-video-preview:-1"},"canonical":"https:\/\/www.brussels-accountants.be\/ro\/our-services\/non-profit-associations\/","og_locale":"ro_RO","og_type":"article","og_title":"Non profit associations - Brussels Accountants","og_description":"BRUSSELS ACCOUNTANTS\u00a0will work with (international) non-profit organisations (ASBL) from their constitution until their eventual dissolution and liquidation. We can help associations with the following tasks: Assistance in obtaining the legal status of \u2018ASBL\u2019. Drafting the statutes of the ASBL as well as additional \u201cinternal household rules\u201d if needed. Technical advice regarding the association\u2019s structure: the [&hellip;]","og_url":"https:\/\/www.brussels-accountants.be\/our-services\/non-profit-associations\/","og_site_name":"Brussels Accountants","article_modified_time":"2018-10-25T11:21:15+00:00","twitter_card":"summary_large_image","twitter_misc":{"Est. reading time":"1 minute"},"schema":{"@context":"https:\/\/schema.org","@graph":[{"@type":"WebPage","@id":"https:\/\/www.brussels-accountants.be\/our-services\/non-profit-associations\/","url":"https:\/\/www.brussels-accountants.be\/our-services\/non-profit-associations\/","name":"Non profit associations - Brussels Accountants","isPartOf":{"@id":"https:\/\/www.brussels-accountants.be\/#website"},"datePublished":"2018-10-25T11:20:53+00:00","dateModified":"2018-10-25T11:21:15+00:00","breadcrumb":{"@id":"https:\/\/www.brussels-accountants.be\/our-services\/non-profit-associations\/#breadcrumb"},"inLanguage":"ro-RO","potentialAction":[{"@type":"ReadAction","target":["https:\/\/www.brussels-accountants.be\/our-services\/non-profit-associations\/"]}]},{"@type":"BreadcrumbList","@id":"https:\/\/www.brussels-accountants.be\/our-services\/non-profit-associations\/#breadcrumb","itemListElement":[{"@type":"ListItem","position":1,"name":"Accueil","item":"https:\/\/www.brussels-accountants.be\/"},{"@type":"ListItem","position":2,"name":"Services","item":"https:\/\/www.brussels-accountants.be\/"},{"@type":"ListItem","position":3,"name":"Non profit associations"}]},{"@type":"WebSite","@id":"https:\/\/www.brussels-accountants.be\/#website","url":"https:\/\/www.brussels-accountants.be\/","name":"Brussels Accountants","description":"&lt;strong&gt;Brussels Accountants&lt;\/strong&gt; est une entreprise Internationale de comptabilit\u00e9 offrant \u00e0 ses clients une comptabilit\u00e9 appropri\u00e9e et une consultance optimis\u00e9e des imp\u00f4ts. Le cabinet est comp\u00e9tent au sein du contexte belge, pour les citoyens redevables de l\u2019imp\u00f4t belge. Nous sommes aussi reconnus en tant que guide fiable et compagnon pour les expatri\u00e9s qui ont besoin de constituer leur activit\u00e9, d&#039;en assurer la croissance et l\u2019organisation sur le territoire belge.","publisher":{"@id":"https:\/\/www.brussels-accountants.be\/#organization"},"potentialAction":[{"@type":"SearchAction","target":{"@type":"EntryPoint","urlTemplate":"https:\/\/www.brussels-accountants.be\/?s={search_term_string}"},"query-input":{"@type":"PropertyValueSpecification","valueRequired":true,"valueName":"search_term_string"}}],"inLanguage":"ro-RO"},{"@type":"Organization","@id":"https:\/\/www.brussels-accountants.be\/#organization","name":"Brussels Accountants","url":"https:\/\/www.brussels-accountants.be\/","logo":{"@type":"ImageObject","inLanguage":"ro-RO","@id":"https:\/\/www.brussels-accountants.be\/#\/schema\/logo\/image\/","url":"https:\/\/www.brussels-accountants.be\/wp-content\/uploads\/2018\/10\/cropped-logo-medium.png","contentUrl":"https:\/\/www.brussels-accountants.be\/wp-content\/uploads\/2018\/10\/cropped-logo-medium.png","width":512,"height":512,"caption":"Brussels Accountants"},"image":{"@id":"https:\/\/www.brussels-accountants.be\/#\/schema\/logo\/image\/"}}]}},"_links":{"self":[{"href":"https:\/\/www.brussels-accountants.be\/ro\/wp-json\/wp\/v2\/pages\/345","targetHints":{"allow":["GET"]}}],"collection":[{"href":"https:\/\/www.brussels-accountants.be\/ro\/wp-json\/wp\/v2\/pages"}],"about":[{"href":"https:\/\/www.brussels-accountants.be\/ro\/wp-json\/wp\/v2\/types\/page"}],"author":[{"embeddable":true,"href":"https:\/\/www.brussels-accountants.be\/ro\/wp-json\/wp\/v2\/users\/1"}],"replies":[{"embeddable":true,"href":"https:\/\/www.brussels-accountants.be\/ro\/wp-json\/wp\/v2\/comments?post=345"}],"version-history":[{"count":2,"href":"https:\/\/www.brussels-accountants.be\/ro\/wp-json\/wp\/v2\/pages\/345\/revisions"}],"predecessor-version":[{"id":347,"href":"https:\/\/www.brussels-accountants.be\/ro\/wp-json\/wp\/v2\/pages\/345\/revisions\/347"}],"up":[{"embeddable":true,"href":"https:\/\/www.brussels-accountants.be\/ro\/wp-json\/wp\/v2\/pages\/343"}],"wp:attachment":[{"href":"https:\/\/www.brussels-accountants.be\/ro\/wp-json\/wp\/v2\/media?parent=345"}],"curies":[{"name":"wp","href":"https:\/\/api.w.org\/{rel}","templated":true}]}}