{"id":74,"date":"2018-10-22T11:49:13","date_gmt":"2018-10-22T09:49:13","guid":{"rendered":"https:\/\/www.fidupress.be\/ba\/?page_id=74"},"modified":"2022-04-11T19:28:17","modified_gmt":"2022-04-11T17:28:17","slug":"personne-prive-ou-juridique-legale","status":"publish","type":"page","link":"https:\/\/www.brussels-accountants.be\/nl\/demarrer-une-activite\/personne-prive-ou-juridique-legale\/","title":{"rendered":"Personne priv\u00e9 ou juridique (l\u00e9gale)"},"content":{"rendered":"\n<p>Pour avoir une id\u00e9e claire des avantages et inconv\u00e9nients de ces deux options, voyez le tableau comparatif ci-dessous\u3000:<\/p>\n\n\n\n<h2 class=\"wp-block-heading\">Avantages<\/h2>\n\n\n\n<h3 class=\"wp-block-heading\">Statut ind\u00e9pendant<\/h3>\n\n\n\n<ul class=\"wp-block-list\"><li>Tr\u00e8s peu de formalit\u00e9s et peu de co\u00fbts, plus sp\u00e9cifiquement concernant la comptabilit\u00e9 (cependant une comptabilit\u00e9 en partie double est exig\u00e9e si on d\u00e9passe le seuil de 500.000 de chiffres d\u2019affaires)<\/li><li>Prise de d\u00e9cision rapide, une mise en place rapide.<\/li><li>Pas de capital de d\u00e9part.<\/li><\/ul>\n\n\n\n<h3 class=\"wp-block-heading\">Soci\u00e9t\u00e9s<\/h3>\n\n\n\n<ul class=\"wp-block-list\"><li>Une entreprise combine les ressources de plusieurs associ\u00e9s, sauf dans le cas d&#8217;une soci\u00e9t\u00e9 \u00e0 responsabilit\u00e9 limit\u00e9e unipersonnelle.<\/li><li>Les actionnaires de certaines formes de soci\u00e9t\u00e9s ne sont responsables que jusqu&#8217;\u00e0 concurrence du montant de leurs contributions respectives. Leurs biens personnels ne sont donc pas affect\u00e9s.<\/li><li>Le m\u00eame associ\u00e9 peut \u00eatre actionnaire de plusieurs entreprises (\u00e0 l&#8217;exception de certaines soci\u00e9t\u00e9s \u00e0 responsabilit\u00e9 limit\u00e9e unipersonnelles).<\/li><li>Les actionnaires ne sont pas affect\u00e9s par la faillite de la soci\u00e9t\u00e9, sauf dans des cas tr\u00e8s particuliers (par exemple, la faillite au cours des 3 premi\u00e8res ann\u00e9es d&#8217;existence d&#8217;une soci\u00e9t\u00e9 essentiellement sous-capitalis\u00e9es).<\/li><li>La disparition (par d\u00e9c\u00e8s, d\u00e9mission, etc.) d&#8217;un actionnaire ne met pas en p\u00e9ril la survie de l&#8217;entreprise. Cependant, le danger existe dans le cas d\u2019une soci\u00e9t\u00e9 \u00e0 responsabilit\u00e9 limit\u00e9e unipersonnelle.<\/li><li>Un taux d&#8217;imposition plus bas compar\u00e9 \u00e0 l&#8217;imp\u00f4t des personnes physiques.<\/li><li>Pas de cotisations de s\u00e9curit\u00e9 sociale sur les b\u00e9n\u00e9fices non r\u00e9partis de la soci\u00e9t\u00e9 ou sur la r\u00e9partition des b\u00e9n\u00e9fices par dividende alors que les ind\u00e9pendants paient la s\u00e9curit\u00e9 sociale sur leur revenu net \u00e0 73K euros par an (revenu net sup\u00e9rieur \u00e0 73K euros par an sont exon\u00e9r\u00e9s de cotisations de s\u00e9curit\u00e9 sociale).<\/li><\/ul>\n\n\n\n<h2 class=\"wp-block-heading\">Inconv\u00e9nients<\/h2>\n\n\n\n<h3 class=\"wp-block-heading\">Statut ind\u00e9pendant<\/h3>\n\n\n\n<ul class=\"wp-block-list\"><li>L&#8217;entrepreneur assume toutes les pertes, ses biens personnels repr\u00e9sentent un gage envers ses cr\u00e9anciers.<\/li><li>Les b\u00e9n\u00e9fices report\u00e9s permettant le d\u00e9veloppement de l\u2019activit\u00e9 sont n\u00e9anmoins soumis \u00e0 l&#8217;imp\u00f4t sur le revenu des personnes physiques. Ceci est g\u00e9n\u00e9ralement plus \u00e9lev\u00e9 que l&#8217;imp\u00f4t des soci\u00e9t\u00e9s.<\/li><li>La faillite de l&#8217;entreprise signifie \u00e9galement la faillite de l&#8217;entrepreneur.<\/li><\/ul>\n\n\n\n<h3 class=\"wp-block-heading\">Soci\u00e9t\u00e9s<\/h3>\n\n\n\n<p>Un capital minimum est n\u00e9cessaire pour certaines entreprises.<\/p>\n\n\n\n<ul class=\"wp-block-list\"><li>Gestion de l&#8217;entreprise est plus difficile et compliqu\u00e9.<\/li><li>Les d\u00e9penses de formation \/ de contribution peuvent \u00eatre relativement importante.<\/li><li>La l\u00e9gislation comptable impose des r\u00e8gles comptables strictes ind\u00e9pendamment du chiffre d&#8217;affaires.<\/li><li>La loi impose des formalit\u00e9s strictes pour la publication des \u00e9tats financiers.<\/li><li>L&#8217;avantage fiscal par rapport aux ind\u00e9pendants pourraient rester assez faible dans le cas o\u00f9 le propri\u00e9taire de l\u2019entreprise utiliserait les b\u00e9n\u00e9fices de l\u2019entreprise \u00e0 des fins personnelles. En d&#8217;autres termes, il pourrait y avoir un avantage fiscal limit\u00e9 \u00e0 constituer une soci\u00e9t\u00e9 o\u00f9 le b\u00e9n\u00e9fice est au profit de l\u2019entrepreneur (salaire du dirigeant).<\/li><\/ul>\n","protected":false},"excerpt":{"rendered":"<p>Pour avoir une id\u00e9e claire des avantages et inconv\u00e9nients de ces deux options, voyez le tableau comparatif ci-dessous\u3000: Avantages Statut ind\u00e9pendant Tr\u00e8s peu de formalit\u00e9s et peu de co\u00fbts, plus sp\u00e9cifiquement concernant la comptabilit\u00e9 (cependant une comptabilit\u00e9 en partie double est exig\u00e9e si on d\u00e9passe le seuil de 500.000 de chiffres d\u2019affaires) Prise de d\u00e9cision [&hellip;]<\/p>\n","protected":false},"author":1,"featured_media":0,"parent":12,"menu_order":0,"comment_status":"closed","ping_status":"closed","template":"","meta":{"footnotes":""},"class_list":["post-74","page","type-page","status-publish","hentry"],"acf":[],"yoast_head":"<!-- This site is optimized with the Yoast SEO plugin v27.3 - https:\/\/yoast.com\/product\/yoast-seo-wordpress\/ -->\n<title>Personne priv\u00e9 ou juridique (l\u00e9gale) - Brussels Accountants<\/title>\n<meta name=\"robots\" content=\"index, follow, max-snippet:-1, max-image-preview:large, max-video-preview:-1\" \/>\n<link rel=\"canonical\" href=\"https:\/\/www.brussels-accountants.be\/nl\/demarrer-une-activite\/personne-prive-ou-juridique-legale\/\" \/>\n<meta property=\"og:locale\" content=\"nl_NL\" \/>\n<meta property=\"og:type\" content=\"article\" \/>\n<meta property=\"og:title\" content=\"Personne priv\u00e9 ou juridique (l\u00e9gale) - Brussels Accountants\" \/>\n<meta property=\"og:description\" content=\"Pour avoir une id\u00e9e claire des avantages et inconv\u00e9nients de ces deux options, voyez le tableau comparatif ci-dessous\u3000: Avantages Statut ind\u00e9pendant Tr\u00e8s peu de formalit\u00e9s et peu de co\u00fbts, plus sp\u00e9cifiquement concernant la comptabilit\u00e9 (cependant une comptabilit\u00e9 en partie double est exig\u00e9e si on d\u00e9passe le seuil de 500.000 de chiffres d\u2019affaires) Prise de d\u00e9cision [&hellip;]\" \/>\n<meta property=\"og:url\" content=\"https:\/\/www.brussels-accountants.be\/demarrer-une-activite\/personne-prive-ou-juridique-legale\/\" \/>\n<meta property=\"og:site_name\" content=\"Brussels Accountants\" \/>\n<meta property=\"article:modified_time\" content=\"2022-04-11T17:28:17+00:00\" \/>\n<meta name=\"twitter:card\" content=\"summary_large_image\" \/>\n<meta name=\"twitter:label1\" content=\"Est. reading time\" \/>\n\t<meta name=\"twitter:data1\" content=\"2 minutes\" \/>\n<script type=\"application\/ld+json\" class=\"yoast-schema-graph\">{\"@context\":\"https:\\\/\\\/schema.org\",\"@graph\":[{\"@type\":\"WebPage\",\"@id\":\"https:\\\/\\\/www.brussels-accountants.be\\\/demarrer-une-activite\\\/personne-prive-ou-juridique-legale\\\/\",\"url\":\"https:\\\/\\\/www.brussels-accountants.be\\\/demarrer-une-activite\\\/personne-prive-ou-juridique-legale\\\/\",\"name\":\"Personne priv\u00e9 ou juridique (l\u00e9gale) - Brussels Accountants\",\"isPartOf\":{\"@id\":\"https:\\\/\\\/www.brussels-accountants.be\\\/#website\"},\"datePublished\":\"2018-10-22T09:49:13+00:00\",\"dateModified\":\"2022-04-11T17:28:17+00:00\",\"breadcrumb\":{\"@id\":\"https:\\\/\\\/www.brussels-accountants.be\\\/demarrer-une-activite\\\/personne-prive-ou-juridique-legale\\\/#breadcrumb\"},\"inLanguage\":\"nl-NL\",\"potentialAction\":[{\"@type\":\"ReadAction\",\"target\":[\"https:\\\/\\\/www.brussels-accountants.be\\\/demarrer-une-activite\\\/personne-prive-ou-juridique-legale\\\/\"]}]},{\"@type\":\"BreadcrumbList\",\"@id\":\"https:\\\/\\\/www.brussels-accountants.be\\\/demarrer-une-activite\\\/personne-prive-ou-juridique-legale\\\/#breadcrumb\",\"itemListElement\":[{\"@type\":\"ListItem\",\"position\":1,\"name\":\"Accueil\",\"item\":\"https:\\\/\\\/www.brussels-accountants.be\\\/\"},{\"@type\":\"ListItem\",\"position\":2,\"name\":\"D\u00e9marrer une activit\u00e9\",\"item\":\"https:\\\/\\\/www.brussels-accountants.be\\\/demarrer-une-activite\\\/\"},{\"@type\":\"ListItem\",\"position\":3,\"name\":\"Personne priv\u00e9 ou juridique (l\u00e9gale)\"}]},{\"@type\":\"WebSite\",\"@id\":\"https:\\\/\\\/www.brussels-accountants.be\\\/#website\",\"url\":\"https:\\\/\\\/www.brussels-accountants.be\\\/\",\"name\":\"Brussels Accountants\",\"description\":\"&lt;strong&gt;Brussels Accountants&lt;\\\/strong&gt; est une entreprise Internationale de comptabilit\u00e9 offrant \u00e0 ses clients une comptabilit\u00e9 appropri\u00e9e et une consultance optimis\u00e9e des imp\u00f4ts. Le cabinet est comp\u00e9tent au sein du contexte belge, pour les citoyens redevables de l\u2019imp\u00f4t belge. Nous sommes aussi reconnus en tant que guide fiable et compagnon pour les expatri\u00e9s qui ont besoin de constituer leur activit\u00e9, d&#039;en assurer la croissance et l\u2019organisation sur le territoire belge.\",\"publisher\":{\"@id\":\"https:\\\/\\\/www.brussels-accountants.be\\\/#organization\"},\"potentialAction\":[{\"@type\":\"SearchAction\",\"target\":{\"@type\":\"EntryPoint\",\"urlTemplate\":\"https:\\\/\\\/www.brussels-accountants.be\\\/?s={search_term_string}\"},\"query-input\":{\"@type\":\"PropertyValueSpecification\",\"valueRequired\":true,\"valueName\":\"search_term_string\"}}],\"inLanguage\":\"nl-NL\"},{\"@type\":\"Organization\",\"@id\":\"https:\\\/\\\/www.brussels-accountants.be\\\/#organization\",\"name\":\"Brussels Accountants\",\"url\":\"https:\\\/\\\/www.brussels-accountants.be\\\/\",\"logo\":{\"@type\":\"ImageObject\",\"inLanguage\":\"nl-NL\",\"@id\":\"https:\\\/\\\/www.brussels-accountants.be\\\/#\\\/schema\\\/logo\\\/image\\\/\",\"url\":\"https:\\\/\\\/www.brussels-accountants.be\\\/wp-content\\\/uploads\\\/2018\\\/10\\\/cropped-logo-medium.png\",\"contentUrl\":\"https:\\\/\\\/www.brussels-accountants.be\\\/wp-content\\\/uploads\\\/2018\\\/10\\\/cropped-logo-medium.png\",\"width\":512,\"height\":512,\"caption\":\"Brussels Accountants\"},\"image\":{\"@id\":\"https:\\\/\\\/www.brussels-accountants.be\\\/#\\\/schema\\\/logo\\\/image\\\/\"}}]}<\/script>\n<!-- \/ Yoast SEO plugin. -->","yoast_head_json":{"title":"Personne priv\u00e9 ou juridique (l\u00e9gale) - Brussels Accountants","robots":{"index":"index","follow":"follow","max-snippet":"max-snippet:-1","max-image-preview":"max-image-preview:large","max-video-preview":"max-video-preview:-1"},"canonical":"https:\/\/www.brussels-accountants.be\/nl\/demarrer-une-activite\/personne-prive-ou-juridique-legale\/","og_locale":"nl_NL","og_type":"article","og_title":"Personne priv\u00e9 ou juridique (l\u00e9gale) - Brussels Accountants","og_description":"Pour avoir une id\u00e9e claire des avantages et inconv\u00e9nients de ces deux options, voyez le tableau comparatif ci-dessous\u3000: Avantages Statut ind\u00e9pendant Tr\u00e8s peu de formalit\u00e9s et peu de co\u00fbts, plus sp\u00e9cifiquement concernant la comptabilit\u00e9 (cependant une comptabilit\u00e9 en partie double est exig\u00e9e si on d\u00e9passe le seuil de 500.000 de chiffres d\u2019affaires) Prise de d\u00e9cision [&hellip;]","og_url":"https:\/\/www.brussels-accountants.be\/demarrer-une-activite\/personne-prive-ou-juridique-legale\/","og_site_name":"Brussels Accountants","article_modified_time":"2022-04-11T17:28:17+00:00","twitter_card":"summary_large_image","twitter_misc":{"Est. reading time":"2 minutes"},"schema":{"@context":"https:\/\/schema.org","@graph":[{"@type":"WebPage","@id":"https:\/\/www.brussels-accountants.be\/demarrer-une-activite\/personne-prive-ou-juridique-legale\/","url":"https:\/\/www.brussels-accountants.be\/demarrer-une-activite\/personne-prive-ou-juridique-legale\/","name":"Personne priv\u00e9 ou juridique (l\u00e9gale) - Brussels Accountants","isPartOf":{"@id":"https:\/\/www.brussels-accountants.be\/#website"},"datePublished":"2018-10-22T09:49:13+00:00","dateModified":"2022-04-11T17:28:17+00:00","breadcrumb":{"@id":"https:\/\/www.brussels-accountants.be\/demarrer-une-activite\/personne-prive-ou-juridique-legale\/#breadcrumb"},"inLanguage":"nl-NL","potentialAction":[{"@type":"ReadAction","target":["https:\/\/www.brussels-accountants.be\/demarrer-une-activite\/personne-prive-ou-juridique-legale\/"]}]},{"@type":"BreadcrumbList","@id":"https:\/\/www.brussels-accountants.be\/demarrer-une-activite\/personne-prive-ou-juridique-legale\/#breadcrumb","itemListElement":[{"@type":"ListItem","position":1,"name":"Accueil","item":"https:\/\/www.brussels-accountants.be\/"},{"@type":"ListItem","position":2,"name":"D\u00e9marrer une activit\u00e9","item":"https:\/\/www.brussels-accountants.be\/demarrer-une-activite\/"},{"@type":"ListItem","position":3,"name":"Personne priv\u00e9 ou juridique (l\u00e9gale)"}]},{"@type":"WebSite","@id":"https:\/\/www.brussels-accountants.be\/#website","url":"https:\/\/www.brussels-accountants.be\/","name":"Brussels Accountants","description":"&lt;strong&gt;Brussels Accountants&lt;\/strong&gt; est une entreprise Internationale de comptabilit\u00e9 offrant \u00e0 ses clients une comptabilit\u00e9 appropri\u00e9e et une consultance optimis\u00e9e des imp\u00f4ts. Le cabinet est comp\u00e9tent au sein du contexte belge, pour les citoyens redevables de l\u2019imp\u00f4t belge. Nous sommes aussi reconnus en tant que guide fiable et compagnon pour les expatri\u00e9s qui ont besoin de constituer leur activit\u00e9, d&#039;en assurer la croissance et l\u2019organisation sur le territoire belge.","publisher":{"@id":"https:\/\/www.brussels-accountants.be\/#organization"},"potentialAction":[{"@type":"SearchAction","target":{"@type":"EntryPoint","urlTemplate":"https:\/\/www.brussels-accountants.be\/?s={search_term_string}"},"query-input":{"@type":"PropertyValueSpecification","valueRequired":true,"valueName":"search_term_string"}}],"inLanguage":"nl-NL"},{"@type":"Organization","@id":"https:\/\/www.brussels-accountants.be\/#organization","name":"Brussels Accountants","url":"https:\/\/www.brussels-accountants.be\/","logo":{"@type":"ImageObject","inLanguage":"nl-NL","@id":"https:\/\/www.brussels-accountants.be\/#\/schema\/logo\/image\/","url":"https:\/\/www.brussels-accountants.be\/wp-content\/uploads\/2018\/10\/cropped-logo-medium.png","contentUrl":"https:\/\/www.brussels-accountants.be\/wp-content\/uploads\/2018\/10\/cropped-logo-medium.png","width":512,"height":512,"caption":"Brussels Accountants"},"image":{"@id":"https:\/\/www.brussels-accountants.be\/#\/schema\/logo\/image\/"}}]}},"_links":{"self":[{"href":"https:\/\/www.brussels-accountants.be\/nl\/wp-json\/wp\/v2\/pages\/74","targetHints":{"allow":["GET"]}}],"collection":[{"href":"https:\/\/www.brussels-accountants.be\/nl\/wp-json\/wp\/v2\/pages"}],"about":[{"href":"https:\/\/www.brussels-accountants.be\/nl\/wp-json\/wp\/v2\/types\/page"}],"author":[{"embeddable":true,"href":"https:\/\/www.brussels-accountants.be\/nl\/wp-json\/wp\/v2\/users\/1"}],"replies":[{"embeddable":true,"href":"https:\/\/www.brussels-accountants.be\/nl\/wp-json\/wp\/v2\/comments?post=74"}],"version-history":[{"count":7,"href":"https:\/\/www.brussels-accountants.be\/nl\/wp-json\/wp\/v2\/pages\/74\/revisions"}],"predecessor-version":[{"id":2011,"href":"https:\/\/www.brussels-accountants.be\/nl\/wp-json\/wp\/v2\/pages\/74\/revisions\/2011"}],"up":[{"embeddable":true,"href":"https:\/\/www.brussels-accountants.be\/nl\/wp-json\/wp\/v2\/pages\/12"}],"wp:attachment":[{"href":"https:\/\/www.brussels-accountants.be\/nl\/wp-json\/wp\/v2\/media?parent=74"}],"curies":[{"name":"wp","href":"https:\/\/api.w.org\/{rel}","templated":true}]}}