{"id":637,"date":"2018-10-25T15:13:06","date_gmt":"2018-10-25T13:13:06","guid":{"rendered":"https:\/\/www.fidupress.be\/ba\/?page_id=637"},"modified":"2025-05-02T14:16:23","modified_gmt":"2025-05-02T12:16:23","slug":"contact-us-2","status":"publish","type":"page","link":"https:\/\/www.brussels-accountants.be\/nl\/contact-us-2\/","title":{"rendered":"Contact us"},"content":{"rendered":"\n<p>You can contact <strong>Brussels Accountant<\/strong> by email or by phone<\/p>\n\n\n\n<h2 class=\"wp-block-heading\">Office location<\/h2>\n\n\n\n<p><\/p>\n\n\n\n<h3 class=\"wp-block-heading\">Public Transport<\/h3>\n\n\n\n<a class=\"zoombox\" href=\"https:\/\/www.brussels-accountants.be\/wp-content\/uploads\/2018\/10\/map.jpg\"><img decoding=\"async\" style=\"float: left;margin-right: 15px\" src=\"https:\/\/www.brussels-accountants.be\/wp-content\/uploads\/2018\/10\/map.jpg\" width=\"250\"><\/a>\n\n\n\n<ul class=\"wp-block-list\"><li>Metro 1B from Erasme to Stockel: exit Roodebeek (15 minutes walk to Brussels Accountants)<\/li><li>Bus line 27 from Rail Station Midi (= South) to Androm\u00e8de station (terminus): walk up the street for about 200m to building number 73<\/li><li>Bus line 79 from Schuman Square to bus-stop Capricorne\/Steenbok: walk up to building number 73<\/li><li>Heading to Stockel, at exit Montgomery, metro line 1B crosses bus line 27 (bus-stop Montgomery)<br><\/li><\/ul>\n","protected":false},"excerpt":{"rendered":"<p>You can contact Brussels Accountant by email or by phone Office location Public Transport Metro 1B from Erasme to Stockel: exit Roodebeek (15 minutes walk to Brussels Accountants) Bus line 27 from Rail Station Midi (= South) to Androm\u00e8de station (terminus): walk up the street for about 200m to building number 73 Bus line 79 [&hellip;]<\/p>\n","protected":false},"author":1,"featured_media":1469,"parent":0,"menu_order":0,"comment_status":"closed","ping_status":"closed","template":"template-parts\/contact.php","meta":{"footnotes":""},"class_list":["post-637","page","type-page","status-publish","has-post-thumbnail","hentry"],"acf":[],"yoast_head":"<!-- This site is optimized with the Yoast SEO plugin v27.4 - https:\/\/yoast.com\/product\/yoast-seo-wordpress\/ -->\n<title>Contact us - Brussels Accountants<\/title>\n<meta name=\"robots\" content=\"index, follow, max-snippet:-1, max-image-preview:large, max-video-preview:-1\" \/>\n<link rel=\"canonical\" href=\"https:\/\/www.brussels-accountants.be\/nl\/all\/contact-us-2\/\" \/>\n<meta property=\"og:locale\" content=\"nl_NL\" \/>\n<meta property=\"og:type\" content=\"article\" \/>\n<meta property=\"og:title\" content=\"Contact us - Brussels Accountants\" \/>\n<meta property=\"og:description\" content=\"You can contact Brussels Accountant by email or by phone Office location Public Transport Metro 1B from Erasme to Stockel: exit Roodebeek (15 minutes walk to Brussels Accountants) Bus line 27 from Rail Station Midi (= South) to Androm\u00e8de station (terminus): walk up the street for about 200m to building number 73 Bus line 79 [&hellip;]\" \/>\n<meta property=\"og:url\" content=\"https:\/\/www.brussels-accountants.be\/en\/all\/contact-us-2\/\" \/>\n<meta property=\"og:site_name\" content=\"Brussels Accountants\" \/>\n<meta property=\"article:modified_time\" content=\"2025-05-02T12:16:23+00:00\" \/>\n<meta property=\"og:image\" content=\"https:\/\/www.brussels-accountants.be\/wp-content\/uploads\/2020\/11\/header-sign.png\" \/>\n\t<meta property=\"og:image:width\" content=\"1140\" \/>\n\t<meta property=\"og:image:height\" content=\"320\" \/>\n\t<meta property=\"og:image:type\" content=\"image\/png\" \/>\n<meta name=\"twitter:card\" content=\"summary_large_image\" \/>\n<meta name=\"twitter:label1\" content=\"Est. reading time\" \/>\n\t<meta name=\"twitter:data1\" content=\"1 minute\" \/>\n<script type=\"application\/ld+json\" class=\"yoast-schema-graph\">{\"@context\":\"https:\\\/\\\/schema.org\",\"@graph\":[{\"@type\":\"WebPage\",\"@id\":\"https:\\\/\\\/www.brussels-accountants.be\\\/en\\\/all\\\/contact-us-2\\\/\",\"url\":\"https:\\\/\\\/www.brussels-accountants.be\\\/en\\\/all\\\/contact-us-2\\\/\",\"name\":\"Contact us - Brussels Accountants\",\"isPartOf\":{\"@id\":\"https:\\\/\\\/www.brussels-accountants.be\\\/#website\"},\"primaryImageOfPage\":{\"@id\":\"https:\\\/\\\/www.brussels-accountants.be\\\/en\\\/all\\\/contact-us-2\\\/#primaryimage\"},\"image\":{\"@id\":\"https:\\\/\\\/www.brussels-accountants.be\\\/en\\\/all\\\/contact-us-2\\\/#primaryimage\"},\"thumbnailUrl\":\"https:\\\/\\\/www.brussels-accountants.be\\\/wp-content\\\/uploads\\\/2020\\\/11\\\/header-sign.png\",\"datePublished\":\"2018-10-25T13:13:06+00:00\",\"dateModified\":\"2025-05-02T12:16:23+00:00\",\"breadcrumb\":{\"@id\":\"https:\\\/\\\/www.brussels-accountants.be\\\/en\\\/all\\\/contact-us-2\\\/#breadcrumb\"},\"inLanguage\":\"nl-NL\",\"potentialAction\":[{\"@type\":\"ReadAction\",\"target\":[\"https:\\\/\\\/www.brussels-accountants.be\\\/en\\\/all\\\/contact-us-2\\\/\"]}]},{\"@type\":\"ImageObject\",\"inLanguage\":\"nl-NL\",\"@id\":\"https:\\\/\\\/www.brussels-accountants.be\\\/en\\\/all\\\/contact-us-2\\\/#primaryimage\",\"url\":\"https:\\\/\\\/www.brussels-accountants.be\\\/wp-content\\\/uploads\\\/2020\\\/11\\\/header-sign.png\",\"contentUrl\":\"https:\\\/\\\/www.brussels-accountants.be\\\/wp-content\\\/uploads\\\/2020\\\/11\\\/header-sign.png\",\"width\":1140,\"height\":320},{\"@type\":\"BreadcrumbList\",\"@id\":\"https:\\\/\\\/www.brussels-accountants.be\\\/en\\\/all\\\/contact-us-2\\\/#breadcrumb\",\"itemListElement\":[{\"@type\":\"ListItem\",\"position\":1,\"name\":\"Accueil\",\"item\":\"https:\\\/\\\/www.brussels-accountants.be\\\/\"},{\"@type\":\"ListItem\",\"position\":2,\"name\":\"Contact us\"}]},{\"@type\":\"WebSite\",\"@id\":\"https:\\\/\\\/www.brussels-accountants.be\\\/#website\",\"url\":\"https:\\\/\\\/www.brussels-accountants.be\\\/\",\"name\":\"Brussels Accountants\",\"description\":\"&lt;strong&gt;Brussels Accountants&lt;\\\/strong&gt; est une entreprise Internationale de comptabilit\u00e9 offrant \u00e0 ses clients une comptabilit\u00e9 appropri\u00e9e et une consultance optimis\u00e9e des imp\u00f4ts. Le cabinet est comp\u00e9tent au sein du contexte belge, pour les citoyens redevables de l\u2019imp\u00f4t belge. Nous sommes aussi reconnus en tant que guide fiable et compagnon pour les expatri\u00e9s qui ont besoin de constituer leur activit\u00e9, d&#039;en assurer la croissance et l\u2019organisation sur le territoire belge.\",\"publisher\":{\"@id\":\"https:\\\/\\\/www.brussels-accountants.be\\\/#organization\"},\"potentialAction\":[{\"@type\":\"SearchAction\",\"target\":{\"@type\":\"EntryPoint\",\"urlTemplate\":\"https:\\\/\\\/www.brussels-accountants.be\\\/?s={search_term_string}\"},\"query-input\":{\"@type\":\"PropertyValueSpecification\",\"valueRequired\":true,\"valueName\":\"search_term_string\"}}],\"inLanguage\":\"nl-NL\"},{\"@type\":\"Organization\",\"@id\":\"https:\\\/\\\/www.brussels-accountants.be\\\/#organization\",\"name\":\"Brussels Accountants\",\"url\":\"https:\\\/\\\/www.brussels-accountants.be\\\/\",\"logo\":{\"@type\":\"ImageObject\",\"inLanguage\":\"nl-NL\",\"@id\":\"https:\\\/\\\/www.brussels-accountants.be\\\/#\\\/schema\\\/logo\\\/image\\\/\",\"url\":\"https:\\\/\\\/www.brussels-accountants.be\\\/wp-content\\\/uploads\\\/2018\\\/10\\\/cropped-logo-medium.png\",\"contentUrl\":\"https:\\\/\\\/www.brussels-accountants.be\\\/wp-content\\\/uploads\\\/2018\\\/10\\\/cropped-logo-medium.png\",\"width\":512,\"height\":512,\"caption\":\"Brussels Accountants\"},\"image\":{\"@id\":\"https:\\\/\\\/www.brussels-accountants.be\\\/#\\\/schema\\\/logo\\\/image\\\/\"}}]}<\/script>\n<!-- \/ Yoast SEO plugin. -->","yoast_head_json":{"title":"Contact us - Brussels Accountants","robots":{"index":"index","follow":"follow","max-snippet":"max-snippet:-1","max-image-preview":"max-image-preview:large","max-video-preview":"max-video-preview:-1"},"canonical":"https:\/\/www.brussels-accountants.be\/nl\/all\/contact-us-2\/","og_locale":"nl_NL","og_type":"article","og_title":"Contact us - Brussels Accountants","og_description":"You can contact Brussels Accountant by email or by phone Office location Public Transport Metro 1B from Erasme to Stockel: exit Roodebeek (15 minutes walk to Brussels Accountants) Bus line 27 from Rail Station Midi (= South) to Androm\u00e8de station (terminus): walk up the street for about 200m to building number 73 Bus line 79 [&hellip;]","og_url":"https:\/\/www.brussels-accountants.be\/en\/all\/contact-us-2\/","og_site_name":"Brussels Accountants","article_modified_time":"2025-05-02T12:16:23+00:00","og_image":[{"width":1140,"height":320,"url":"https:\/\/www.brussels-accountants.be\/wp-content\/uploads\/2020\/11\/header-sign.png","type":"image\/png"}],"twitter_card":"summary_large_image","twitter_misc":{"Est. reading time":"1 minute"},"schema":{"@context":"https:\/\/schema.org","@graph":[{"@type":"WebPage","@id":"https:\/\/www.brussels-accountants.be\/en\/all\/contact-us-2\/","url":"https:\/\/www.brussels-accountants.be\/en\/all\/contact-us-2\/","name":"Contact us - Brussels Accountants","isPartOf":{"@id":"https:\/\/www.brussels-accountants.be\/#website"},"primaryImageOfPage":{"@id":"https:\/\/www.brussels-accountants.be\/en\/all\/contact-us-2\/#primaryimage"},"image":{"@id":"https:\/\/www.brussels-accountants.be\/en\/all\/contact-us-2\/#primaryimage"},"thumbnailUrl":"https:\/\/www.brussels-accountants.be\/wp-content\/uploads\/2020\/11\/header-sign.png","datePublished":"2018-10-25T13:13:06+00:00","dateModified":"2025-05-02T12:16:23+00:00","breadcrumb":{"@id":"https:\/\/www.brussels-accountants.be\/en\/all\/contact-us-2\/#breadcrumb"},"inLanguage":"nl-NL","potentialAction":[{"@type":"ReadAction","target":["https:\/\/www.brussels-accountants.be\/en\/all\/contact-us-2\/"]}]},{"@type":"ImageObject","inLanguage":"nl-NL","@id":"https:\/\/www.brussels-accountants.be\/en\/all\/contact-us-2\/#primaryimage","url":"https:\/\/www.brussels-accountants.be\/wp-content\/uploads\/2020\/11\/header-sign.png","contentUrl":"https:\/\/www.brussels-accountants.be\/wp-content\/uploads\/2020\/11\/header-sign.png","width":1140,"height":320},{"@type":"BreadcrumbList","@id":"https:\/\/www.brussels-accountants.be\/en\/all\/contact-us-2\/#breadcrumb","itemListElement":[{"@type":"ListItem","position":1,"name":"Accueil","item":"https:\/\/www.brussels-accountants.be\/"},{"@type":"ListItem","position":2,"name":"Contact us"}]},{"@type":"WebSite","@id":"https:\/\/www.brussels-accountants.be\/#website","url":"https:\/\/www.brussels-accountants.be\/","name":"Brussels Accountants","description":"&lt;strong&gt;Brussels Accountants&lt;\/strong&gt; est une entreprise Internationale de comptabilit\u00e9 offrant \u00e0 ses clients une comptabilit\u00e9 appropri\u00e9e et une consultance optimis\u00e9e des imp\u00f4ts. Le cabinet est comp\u00e9tent au sein du contexte belge, pour les citoyens redevables de l\u2019imp\u00f4t belge. Nous sommes aussi reconnus en tant que guide fiable et compagnon pour les expatri\u00e9s qui ont besoin de constituer leur activit\u00e9, d&#039;en assurer la croissance et l\u2019organisation sur le territoire belge.","publisher":{"@id":"https:\/\/www.brussels-accountants.be\/#organization"},"potentialAction":[{"@type":"SearchAction","target":{"@type":"EntryPoint","urlTemplate":"https:\/\/www.brussels-accountants.be\/?s={search_term_string}"},"query-input":{"@type":"PropertyValueSpecification","valueRequired":true,"valueName":"search_term_string"}}],"inLanguage":"nl-NL"},{"@type":"Organization","@id":"https:\/\/www.brussels-accountants.be\/#organization","name":"Brussels Accountants","url":"https:\/\/www.brussels-accountants.be\/","logo":{"@type":"ImageObject","inLanguage":"nl-NL","@id":"https:\/\/www.brussels-accountants.be\/#\/schema\/logo\/image\/","url":"https:\/\/www.brussels-accountants.be\/wp-content\/uploads\/2018\/10\/cropped-logo-medium.png","contentUrl":"https:\/\/www.brussels-accountants.be\/wp-content\/uploads\/2018\/10\/cropped-logo-medium.png","width":512,"height":512,"caption":"Brussels Accountants"},"image":{"@id":"https:\/\/www.brussels-accountants.be\/#\/schema\/logo\/image\/"}}]}},"_links":{"self":[{"href":"https:\/\/www.brussels-accountants.be\/nl\/wp-json\/wp\/v2\/pages\/637","targetHints":{"allow":["GET"]}}],"collection":[{"href":"https:\/\/www.brussels-accountants.be\/nl\/wp-json\/wp\/v2\/pages"}],"about":[{"href":"https:\/\/www.brussels-accountants.be\/nl\/wp-json\/wp\/v2\/types\/page"}],"author":[{"embeddable":true,"href":"https:\/\/www.brussels-accountants.be\/nl\/wp-json\/wp\/v2\/users\/1"}],"replies":[{"embeddable":true,"href":"https:\/\/www.brussels-accountants.be\/nl\/wp-json\/wp\/v2\/comments?post=637"}],"version-history":[{"count":8,"href":"https:\/\/www.brussels-accountants.be\/nl\/wp-json\/wp\/v2\/pages\/637\/revisions"}],"predecessor-version":[{"id":8846,"href":"https:\/\/www.brussels-accountants.be\/nl\/wp-json\/wp\/v2\/pages\/637\/revisions\/8846"}],"wp:featuredmedia":[{"embeddable":true,"href":"https:\/\/www.brussels-accountants.be\/nl\/wp-json\/wp\/v2\/media\/1469"}],"wp:attachment":[{"href":"https:\/\/www.brussels-accountants.be\/nl\/wp-json\/wp\/v2\/media?parent=637"}],"curies":[{"name":"wp","href":"https:\/\/api.w.org\/{rel}","templated":true}]}}