{"id":610,"date":"2018-10-25T15:02:34","date_gmt":"2018-10-25T13:02:34","guid":{"rendered":"https:\/\/www.fidupress.be\/ba\/?page_id=610"},"modified":"2018-10-25T15:02:36","modified_gmt":"2018-10-25T13:02:36","slug":"tva","status":"publish","type":"page","link":"https:\/\/www.brussels-accountants.be\/nl\/inregistrarea-unei-afaceri-in-belgia\/tva\/","title":{"rendered":"TVA"},"content":{"rendered":"\n<p>Taxa pe valoarea adaugata se aplica tuturor furnizarilor de bunuri si servicii, cu exceptia exporturilor, chirii imobiliare, dividende, dobanzi la credite si depozite si categorii limitate de taxe (de exemplu, jurnalisti sau medici). In ceea ce priveste comertul intracomunitar (in cadrul UE), notiunile \u201eexport\u201c si \u201eimport\u201c, au fost eliminate si inlocuite cu \u201elivrare intracomunitara\u201c pentru furnizarea de bunuri (care continu\u0103 sa fie scutite de TVA) si \u201e achizitie intracomunitara\u201c(care este un eveniment impozabil, conform asa-numitului mecanism de taxare invers\u0103 (VAT-reverse charge mechanism): TVA de plata este simultan deductibil in cadrul aceleiasi declaratii de TVA).<\/p>\n\n\n\n<p><strong>Trei rate de TVA se aplica In Belgia:<\/strong><\/p>\n\n\n\n<ul class=\"wp-block-list\"><li>6% (produse alimentare de baza, de distributie a apei, servicii hoteliere, transport, cinema etc.);<\/li><li>12% (locuinte sociale, margarina, etc.);<\/li><li>o rata de baza de impozitare de 21%, de la 1 ianuarie 1996. Pentru aur ca un activ de investitii se aplic\u0103 o scutire de TVA. A nu se confunda TVA cu accizele impuse de petrol, produse din tutun, bauturi alcoolice si zahar.<\/li><\/ul>\n\n\n\n<p>Firma de contabilitate BRUXELLES ACCOUNTANTS dispune de vasta experienta in depunerea declaratiilor de TVA si a altor formalitati fiscale legate de TVA.<\/p>\n\n\n\n<p>De asemnea avem clienti pentru care depunem lunar declaratii INTRASTAT.<\/p>\n\n\n\n<p>Firma de contabilitate\u00a0<strong>BRUXELLES ACCOUNTANTS<\/strong>\u00a0poate studia, de asemenea, orice intrebare specifica ati putea avea. Pentru sitatii mai complexe (eventual tranzactii transfrontaliere), biroul contabil asigura legatura cu specialisti TVA.<\/p>\n","protected":false},"excerpt":{"rendered":"<p>Taxa pe valoarea adaugata se aplica tuturor furnizarilor de bunuri si servicii, cu exceptia exporturilor, chirii imobiliare, dividende, dobanzi la credite si depozite si categorii limitate de taxe (de exemplu, jurnalisti sau medici). In ceea ce priveste comertul intracomunitar (in cadrul UE), notiunile \u201eexport\u201c si \u201eimport\u201c, au fost eliminate si inlocuite cu \u201elivrare intracomunitara\u201c pentru [&hellip;]<\/p>\n","protected":false},"author":1,"featured_media":0,"parent":599,"menu_order":0,"comment_status":"closed","ping_status":"closed","template":"","meta":{"footnotes":""},"class_list":["post-610","page","type-page","status-publish","hentry"],"acf":[],"yoast_head":"<!-- This site is optimized with the Yoast SEO plugin v27.3 - https:\/\/yoast.com\/product\/yoast-seo-wordpress\/ -->\n<title>TVA - Brussels Accountants<\/title>\n<meta name=\"robots\" content=\"index, follow, max-snippet:-1, max-image-preview:large, max-video-preview:-1\" \/>\n<link rel=\"canonical\" href=\"https:\/\/www.brussels-accountants.be\/nl\/all\/inregistrarea-unei-afaceri-in-belgia\/tva\/\" \/>\n<meta property=\"og:locale\" content=\"nl_NL\" \/>\n<meta property=\"og:type\" content=\"article\" \/>\n<meta property=\"og:title\" content=\"TVA - Brussels Accountants\" \/>\n<meta property=\"og:description\" content=\"Taxa pe valoarea adaugata se aplica tuturor furnizarilor de bunuri si servicii, cu exceptia exporturilor, chirii imobiliare, dividende, dobanzi la credite si depozite si categorii limitate de taxe (de exemplu, jurnalisti sau medici). In ceea ce priveste comertul intracomunitar (in cadrul UE), notiunile \u201eexport\u201c si \u201eimport\u201c, au fost eliminate si inlocuite cu \u201elivrare intracomunitara\u201c pentru [&hellip;]\" \/>\n<meta property=\"og:url\" content=\"https:\/\/www.brussels-accountants.be\/ro\/all\/inregistrarea-unei-afaceri-in-belgia\/tva\/\" \/>\n<meta property=\"og:site_name\" content=\"Brussels Accountants\" \/>\n<meta property=\"article:modified_time\" content=\"2018-10-25T13:02:36+00:00\" \/>\n<meta name=\"twitter:card\" content=\"summary_large_image\" \/>\n<meta name=\"twitter:label1\" content=\"Est. reading time\" \/>\n\t<meta name=\"twitter:data1\" content=\"1 minute\" \/>\n<script type=\"application\/ld+json\" class=\"yoast-schema-graph\">{\"@context\":\"https:\\\/\\\/schema.org\",\"@graph\":[{\"@type\":\"WebPage\",\"@id\":\"https:\\\/\\\/www.brussels-accountants.be\\\/ro\\\/all\\\/inregistrarea-unei-afaceri-in-belgia\\\/tva\\\/\",\"url\":\"https:\\\/\\\/www.brussels-accountants.be\\\/ro\\\/all\\\/inregistrarea-unei-afaceri-in-belgia\\\/tva\\\/\",\"name\":\"TVA - Brussels Accountants\",\"isPartOf\":{\"@id\":\"https:\\\/\\\/www.brussels-accountants.be\\\/#website\"},\"datePublished\":\"2018-10-25T13:02:34+00:00\",\"dateModified\":\"2018-10-25T13:02:36+00:00\",\"breadcrumb\":{\"@id\":\"https:\\\/\\\/www.brussels-accountants.be\\\/ro\\\/all\\\/inregistrarea-unei-afaceri-in-belgia\\\/tva\\\/#breadcrumb\"},\"inLanguage\":\"nl-NL\",\"potentialAction\":[{\"@type\":\"ReadAction\",\"target\":[\"https:\\\/\\\/www.brussels-accountants.be\\\/ro\\\/all\\\/inregistrarea-unei-afaceri-in-belgia\\\/tva\\\/\"]}]},{\"@type\":\"BreadcrumbList\",\"@id\":\"https:\\\/\\\/www.brussels-accountants.be\\\/ro\\\/all\\\/inregistrarea-unei-afaceri-in-belgia\\\/tva\\\/#breadcrumb\",\"itemListElement\":[{\"@type\":\"ListItem\",\"position\":1,\"name\":\"Accueil\",\"item\":\"https:\\\/\\\/www.brussels-accountants.be\\\/\"},{\"@type\":\"ListItem\",\"position\":2,\"name\":\"INREGISTRAREA UNEI AFACERI IN BELGIA\",\"item\":\"https:\\\/\\\/www.brussels-accountants.be\\\/ro\\\/inregistrarea-unei-afaceri-in-belgia\\\/\"},{\"@type\":\"ListItem\",\"position\":3,\"name\":\"TVA\"}]},{\"@type\":\"WebSite\",\"@id\":\"https:\\\/\\\/www.brussels-accountants.be\\\/#website\",\"url\":\"https:\\\/\\\/www.brussels-accountants.be\\\/\",\"name\":\"Brussels Accountants\",\"description\":\"&lt;strong&gt;Brussels Accountants&lt;\\\/strong&gt; est une entreprise Internationale de comptabilit\u00e9 offrant \u00e0 ses clients une comptabilit\u00e9 appropri\u00e9e et une consultance optimis\u00e9e des imp\u00f4ts. Le cabinet est comp\u00e9tent au sein du contexte belge, pour les citoyens redevables de l\u2019imp\u00f4t belge. Nous sommes aussi reconnus en tant que guide fiable et compagnon pour les expatri\u00e9s qui ont besoin de constituer leur activit\u00e9, d&#039;en assurer la croissance et l\u2019organisation sur le territoire belge.\",\"publisher\":{\"@id\":\"https:\\\/\\\/www.brussels-accountants.be\\\/#organization\"},\"potentialAction\":[{\"@type\":\"SearchAction\",\"target\":{\"@type\":\"EntryPoint\",\"urlTemplate\":\"https:\\\/\\\/www.brussels-accountants.be\\\/?s={search_term_string}\"},\"query-input\":{\"@type\":\"PropertyValueSpecification\",\"valueRequired\":true,\"valueName\":\"search_term_string\"}}],\"inLanguage\":\"nl-NL\"},{\"@type\":\"Organization\",\"@id\":\"https:\\\/\\\/www.brussels-accountants.be\\\/#organization\",\"name\":\"Brussels Accountants\",\"url\":\"https:\\\/\\\/www.brussels-accountants.be\\\/\",\"logo\":{\"@type\":\"ImageObject\",\"inLanguage\":\"nl-NL\",\"@id\":\"https:\\\/\\\/www.brussels-accountants.be\\\/#\\\/schema\\\/logo\\\/image\\\/\",\"url\":\"https:\\\/\\\/www.brussels-accountants.be\\\/wp-content\\\/uploads\\\/2018\\\/10\\\/cropped-logo-medium.png\",\"contentUrl\":\"https:\\\/\\\/www.brussels-accountants.be\\\/wp-content\\\/uploads\\\/2018\\\/10\\\/cropped-logo-medium.png\",\"width\":512,\"height\":512,\"caption\":\"Brussels Accountants\"},\"image\":{\"@id\":\"https:\\\/\\\/www.brussels-accountants.be\\\/#\\\/schema\\\/logo\\\/image\\\/\"}}]}<\/script>\n<!-- \/ Yoast SEO plugin. -->","yoast_head_json":{"title":"TVA - Brussels Accountants","robots":{"index":"index","follow":"follow","max-snippet":"max-snippet:-1","max-image-preview":"max-image-preview:large","max-video-preview":"max-video-preview:-1"},"canonical":"https:\/\/www.brussels-accountants.be\/nl\/all\/inregistrarea-unei-afaceri-in-belgia\/tva\/","og_locale":"nl_NL","og_type":"article","og_title":"TVA - Brussels Accountants","og_description":"Taxa pe valoarea adaugata se aplica tuturor furnizarilor de bunuri si servicii, cu exceptia exporturilor, chirii imobiliare, dividende, dobanzi la credite si depozite si categorii limitate de taxe (de exemplu, jurnalisti sau medici). In ceea ce priveste comertul intracomunitar (in cadrul UE), notiunile \u201eexport\u201c si \u201eimport\u201c, au fost eliminate si inlocuite cu \u201elivrare intracomunitara\u201c pentru [&hellip;]","og_url":"https:\/\/www.brussels-accountants.be\/ro\/all\/inregistrarea-unei-afaceri-in-belgia\/tva\/","og_site_name":"Brussels Accountants","article_modified_time":"2018-10-25T13:02:36+00:00","twitter_card":"summary_large_image","twitter_misc":{"Est. reading time":"1 minute"},"schema":{"@context":"https:\/\/schema.org","@graph":[{"@type":"WebPage","@id":"https:\/\/www.brussels-accountants.be\/ro\/all\/inregistrarea-unei-afaceri-in-belgia\/tva\/","url":"https:\/\/www.brussels-accountants.be\/ro\/all\/inregistrarea-unei-afaceri-in-belgia\/tva\/","name":"TVA - Brussels Accountants","isPartOf":{"@id":"https:\/\/www.brussels-accountants.be\/#website"},"datePublished":"2018-10-25T13:02:34+00:00","dateModified":"2018-10-25T13:02:36+00:00","breadcrumb":{"@id":"https:\/\/www.brussels-accountants.be\/ro\/all\/inregistrarea-unei-afaceri-in-belgia\/tva\/#breadcrumb"},"inLanguage":"nl-NL","potentialAction":[{"@type":"ReadAction","target":["https:\/\/www.brussels-accountants.be\/ro\/all\/inregistrarea-unei-afaceri-in-belgia\/tva\/"]}]},{"@type":"BreadcrumbList","@id":"https:\/\/www.brussels-accountants.be\/ro\/all\/inregistrarea-unei-afaceri-in-belgia\/tva\/#breadcrumb","itemListElement":[{"@type":"ListItem","position":1,"name":"Accueil","item":"https:\/\/www.brussels-accountants.be\/"},{"@type":"ListItem","position":2,"name":"INREGISTRAREA UNEI AFACERI IN BELGIA","item":"https:\/\/www.brussels-accountants.be\/ro\/inregistrarea-unei-afaceri-in-belgia\/"},{"@type":"ListItem","position":3,"name":"TVA"}]},{"@type":"WebSite","@id":"https:\/\/www.brussels-accountants.be\/#website","url":"https:\/\/www.brussels-accountants.be\/","name":"Brussels Accountants","description":"&lt;strong&gt;Brussels Accountants&lt;\/strong&gt; est une entreprise Internationale de comptabilit\u00e9 offrant \u00e0 ses clients une comptabilit\u00e9 appropri\u00e9e et une consultance optimis\u00e9e des imp\u00f4ts. Le cabinet est comp\u00e9tent au sein du contexte belge, pour les citoyens redevables de l\u2019imp\u00f4t belge. Nous sommes aussi reconnus en tant que guide fiable et compagnon pour les expatri\u00e9s qui ont besoin de constituer leur activit\u00e9, d&#039;en assurer la croissance et l\u2019organisation sur le territoire belge.","publisher":{"@id":"https:\/\/www.brussels-accountants.be\/#organization"},"potentialAction":[{"@type":"SearchAction","target":{"@type":"EntryPoint","urlTemplate":"https:\/\/www.brussels-accountants.be\/?s={search_term_string}"},"query-input":{"@type":"PropertyValueSpecification","valueRequired":true,"valueName":"search_term_string"}}],"inLanguage":"nl-NL"},{"@type":"Organization","@id":"https:\/\/www.brussels-accountants.be\/#organization","name":"Brussels Accountants","url":"https:\/\/www.brussels-accountants.be\/","logo":{"@type":"ImageObject","inLanguage":"nl-NL","@id":"https:\/\/www.brussels-accountants.be\/#\/schema\/logo\/image\/","url":"https:\/\/www.brussels-accountants.be\/wp-content\/uploads\/2018\/10\/cropped-logo-medium.png","contentUrl":"https:\/\/www.brussels-accountants.be\/wp-content\/uploads\/2018\/10\/cropped-logo-medium.png","width":512,"height":512,"caption":"Brussels Accountants"},"image":{"@id":"https:\/\/www.brussels-accountants.be\/#\/schema\/logo\/image\/"}}]}},"_links":{"self":[{"href":"https:\/\/www.brussels-accountants.be\/nl\/wp-json\/wp\/v2\/pages\/610","targetHints":{"allow":["GET"]}}],"collection":[{"href":"https:\/\/www.brussels-accountants.be\/nl\/wp-json\/wp\/v2\/pages"}],"about":[{"href":"https:\/\/www.brussels-accountants.be\/nl\/wp-json\/wp\/v2\/types\/page"}],"author":[{"embeddable":true,"href":"https:\/\/www.brussels-accountants.be\/nl\/wp-json\/wp\/v2\/users\/1"}],"replies":[{"embeddable":true,"href":"https:\/\/www.brussels-accountants.be\/nl\/wp-json\/wp\/v2\/comments?post=610"}],"version-history":[{"count":1,"href":"https:\/\/www.brussels-accountants.be\/nl\/wp-json\/wp\/v2\/pages\/610\/revisions"}],"predecessor-version":[{"id":611,"href":"https:\/\/www.brussels-accountants.be\/nl\/wp-json\/wp\/v2\/pages\/610\/revisions\/611"}],"up":[{"embeddable":true,"href":"https:\/\/www.brussels-accountants.be\/nl\/wp-json\/wp\/v2\/pages\/599"}],"wp:attachment":[{"href":"https:\/\/www.brussels-accountants.be\/nl\/wp-json\/wp\/v2\/media?parent=610"}],"curies":[{"name":"wp","href":"https:\/\/api.w.org\/{rel}","templated":true}]}}