{"id":602,"date":"2018-10-25T14:55:49","date_gmt":"2018-10-25T12:55:49","guid":{"rendered":"https:\/\/www.fidupress.be\/ba\/?page_id=602"},"modified":"2022-01-07T15:18:16","modified_gmt":"2022-01-07T14:18:16","slug":"independent-sau-societate-comerciala","status":"publish","type":"page","link":"https:\/\/www.brussels-accountants.be\/nl\/inregistrarea-unei-afaceri-in-belgia\/independent-sau-societate-comerciala\/","title":{"rendered":"INDEPENDENT SAU SOCIETATE COMERCIALA"},"content":{"rendered":"\n<p>Pentru a obtine o idee despre avantajele si dezavantajele celor doua tipuri de identitate comerciala, puteti citi cu atentie urmatoarele comparatii :<\/p>\n\n\n\n<h2 class=\"wp-block-heading\">Avantaje<\/h2>\n\n\n\n<h3 class=\"wp-block-heading\">Independent (self- employed)<\/h3>\n\n\n\n<h3 class=\"wp-block-heading\">Inregistrarea ca independent implica<br><\/h3>\n\n\n\n<ul class=\"wp-block-list\"><li>mai putine formalitati si costuri limitate (implicit costurile contabile)<\/li><li>decizii rapide, usor de implementat, posibilitate dezactivare rapida a numarului de companie (BCE number) si a numarului de TVA<\/li><li>nu este cerut capital propriu la infiintare<\/li><\/ul>\n\n\n\n<h3 class=\"wp-block-heading\">Societate comerciala<\/h3>\n\n\n\n<ul class=\"wp-block-list\"><li>O societate comerciala poate combina mai multe resurse umane (cand sunt implicate doua sau mai multe persoane in afacere). Exista si exceptia societatii comerciale cu asociat unic.<\/li><li>Asociatii\/actionarii unor anumite tipuri de societati pot fi raspunzatori numai pana la valoarea aportului lor de capital. Bunurile personale raman neafectate de raspunderea comerciala.<\/li><li>O persoana poate fi in acelasi timp actionar la mai multe companii (dar nu asociat unic la mai multe companii)<\/li><li>Actionarii\/asociatii nu sunt afectati in cazul falimentului companiei, decat in situatii exceptionale (ex. : falimentul in primii trei ani de functionare ai unei companii slab capitalizate)<\/li><li>Nivel de taxare inferior taxelor individuale<\/li><li>Pentru profitul reportat de catre companie precum si pentru distributia de dividende, nu se impune plata de cotizatii de securitate sociala (social security), in timp ce independentii nu sunt scutiti de plata acestor cotizatii pentru venituri nete de pana la 85.000 euro pe an<\/li><\/ul>\n\n\n\n<h2 class=\"wp-block-heading\">Dejavantaje<\/h2>\n\n\n\n<h3 class=\"wp-block-heading\">Indepenenti (Self-Employed)<\/h3>\n\n\n\n<ul class=\"wp-block-list\"><li>Independentul suporta toate pierderile; creditorii pot cere recuperarea prejudiciului prin valorificarea bunurilor personale ale indepnedentului<\/li><li>Profitul obtinut de independent este taxat fara exceptie, iar nivelul de taxare este superior cel al companiilor<\/li><li>Falimentul afacerii inseamna falimentul antreprenorului in acelasi timp<\/li><\/ul>\n\n\n\n<h3 class=\"wp-block-heading\">Societate<\/h3>\n\n\n\n<ul class=\"wp-block-list\"><li>Un minim de capital social este necesar pentru in cazul societatilor<\/li><li>Managementul unei societati este in general mai complicat<\/li><li>Legislatia contabila este mai stricta indiferent de dimensiunea afacerii<\/li><li>In cazul sociatatilor, intervine obligativitatea publicarii situatiilor financiare<\/li><li>Avantajul niveluilui de taxare comparativ cu cel al unui freelancer ar putea deveni nesemnificativ in cazul in care asociatii\/asociatul unic foloseste in interes personal profiturile companiei. Altfel spus, atunci cand intreg profitul este scos din companie prin plata de salarii catre asociatii companiei, avantajul fiscal comparativ cu un independent devine minim.<\/li><\/ul>\n","protected":false},"excerpt":{"rendered":"<p>Pentru a obtine o idee despre avantajele si dezavantajele celor doua tipuri de identitate comerciala, puteti citi cu atentie urmatoarele comparatii : Avantaje Independent (self- employed) Inregistrarea ca independent implica mai putine formalitati si costuri limitate (implicit costurile contabile) decizii rapide, usor de implementat, posibilitate dezactivare rapida a numarului de companie (BCE number) si a [&hellip;]<\/p>\n","protected":false},"author":1,"featured_media":0,"parent":599,"menu_order":0,"comment_status":"closed","ping_status":"closed","template":"","meta":{"footnotes":""},"class_list":["post-602","page","type-page","status-publish","hentry"],"acf":[],"yoast_head":"<!-- This site is optimized with the Yoast SEO plugin v27.3 - https:\/\/yoast.com\/product\/yoast-seo-wordpress\/ -->\n<title>INDEPENDENT SAU SOCIETATE COMERCIALA - Brussels Accountants<\/title>\n<meta name=\"robots\" content=\"index, follow, max-snippet:-1, max-image-preview:large, max-video-preview:-1\" \/>\n<link rel=\"canonical\" href=\"https:\/\/www.brussels-accountants.be\/nl\/all\/inregistrarea-unei-afaceri-in-belgia\/independent-sau-societate-comerciala\/\" \/>\n<meta property=\"og:locale\" content=\"nl_NL\" \/>\n<meta property=\"og:type\" content=\"article\" \/>\n<meta property=\"og:title\" content=\"INDEPENDENT SAU SOCIETATE COMERCIALA - Brussels Accountants\" \/>\n<meta property=\"og:description\" content=\"Pentru a obtine o idee despre avantajele si dezavantajele celor doua tipuri de identitate comerciala, puteti citi cu atentie urmatoarele comparatii : Avantaje Independent (self- employed) Inregistrarea ca independent implica mai putine formalitati si costuri limitate (implicit costurile contabile) decizii rapide, usor de implementat, posibilitate dezactivare rapida a numarului de companie (BCE number) si a [&hellip;]\" \/>\n<meta property=\"og:url\" content=\"https:\/\/www.brussels-accountants.be\/ro\/all\/inregistrarea-unei-afaceri-in-belgia\/independent-sau-societate-comerciala\/\" \/>\n<meta property=\"og:site_name\" content=\"Brussels Accountants\" \/>\n<meta property=\"article:modified_time\" content=\"2022-01-07T14:18:16+00:00\" \/>\n<meta name=\"twitter:card\" content=\"summary_large_image\" \/>\n<meta name=\"twitter:label1\" content=\"Est. reading time\" \/>\n\t<meta name=\"twitter:data1\" content=\"2 minutes\" \/>\n<script type=\"application\/ld+json\" class=\"yoast-schema-graph\">{\"@context\":\"https:\\\/\\\/schema.org\",\"@graph\":[{\"@type\":\"WebPage\",\"@id\":\"https:\\\/\\\/www.brussels-accountants.be\\\/ro\\\/all\\\/inregistrarea-unei-afaceri-in-belgia\\\/independent-sau-societate-comerciala\\\/\",\"url\":\"https:\\\/\\\/www.brussels-accountants.be\\\/ro\\\/all\\\/inregistrarea-unei-afaceri-in-belgia\\\/independent-sau-societate-comerciala\\\/\",\"name\":\"INDEPENDENT SAU SOCIETATE COMERCIALA - Brussels Accountants\",\"isPartOf\":{\"@id\":\"https:\\\/\\\/www.brussels-accountants.be\\\/#website\"},\"datePublished\":\"2018-10-25T12:55:49+00:00\",\"dateModified\":\"2022-01-07T14:18:16+00:00\",\"breadcrumb\":{\"@id\":\"https:\\\/\\\/www.brussels-accountants.be\\\/ro\\\/all\\\/inregistrarea-unei-afaceri-in-belgia\\\/independent-sau-societate-comerciala\\\/#breadcrumb\"},\"inLanguage\":\"nl-NL\",\"potentialAction\":[{\"@type\":\"ReadAction\",\"target\":[\"https:\\\/\\\/www.brussels-accountants.be\\\/ro\\\/all\\\/inregistrarea-unei-afaceri-in-belgia\\\/independent-sau-societate-comerciala\\\/\"]}]},{\"@type\":\"BreadcrumbList\",\"@id\":\"https:\\\/\\\/www.brussels-accountants.be\\\/ro\\\/all\\\/inregistrarea-unei-afaceri-in-belgia\\\/independent-sau-societate-comerciala\\\/#breadcrumb\",\"itemListElement\":[{\"@type\":\"ListItem\",\"position\":1,\"name\":\"Accueil\",\"item\":\"https:\\\/\\\/www.brussels-accountants.be\\\/\"},{\"@type\":\"ListItem\",\"position\":2,\"name\":\"INREGISTRAREA UNEI AFACERI IN BELGIA\",\"item\":\"https:\\\/\\\/www.brussels-accountants.be\\\/ro\\\/inregistrarea-unei-afaceri-in-belgia\\\/\"},{\"@type\":\"ListItem\",\"position\":3,\"name\":\"INDEPENDENT SAU SOCIETATE COMERCIALA\"}]},{\"@type\":\"WebSite\",\"@id\":\"https:\\\/\\\/www.brussels-accountants.be\\\/#website\",\"url\":\"https:\\\/\\\/www.brussels-accountants.be\\\/\",\"name\":\"Brussels Accountants\",\"description\":\"&lt;strong&gt;Brussels Accountants&lt;\\\/strong&gt; est une entreprise Internationale de comptabilit\u00e9 offrant \u00e0 ses clients une comptabilit\u00e9 appropri\u00e9e et une consultance optimis\u00e9e des imp\u00f4ts. Le cabinet est comp\u00e9tent au sein du contexte belge, pour les citoyens redevables de l\u2019imp\u00f4t belge. Nous sommes aussi reconnus en tant que guide fiable et compagnon pour les expatri\u00e9s qui ont besoin de constituer leur activit\u00e9, d&#039;en assurer la croissance et l\u2019organisation sur le territoire belge.\",\"publisher\":{\"@id\":\"https:\\\/\\\/www.brussels-accountants.be\\\/#organization\"},\"potentialAction\":[{\"@type\":\"SearchAction\",\"target\":{\"@type\":\"EntryPoint\",\"urlTemplate\":\"https:\\\/\\\/www.brussels-accountants.be\\\/?s={search_term_string}\"},\"query-input\":{\"@type\":\"PropertyValueSpecification\",\"valueRequired\":true,\"valueName\":\"search_term_string\"}}],\"inLanguage\":\"nl-NL\"},{\"@type\":\"Organization\",\"@id\":\"https:\\\/\\\/www.brussels-accountants.be\\\/#organization\",\"name\":\"Brussels Accountants\",\"url\":\"https:\\\/\\\/www.brussels-accountants.be\\\/\",\"logo\":{\"@type\":\"ImageObject\",\"inLanguage\":\"nl-NL\",\"@id\":\"https:\\\/\\\/www.brussels-accountants.be\\\/#\\\/schema\\\/logo\\\/image\\\/\",\"url\":\"https:\\\/\\\/www.brussels-accountants.be\\\/wp-content\\\/uploads\\\/2018\\\/10\\\/cropped-logo-medium.png\",\"contentUrl\":\"https:\\\/\\\/www.brussels-accountants.be\\\/wp-content\\\/uploads\\\/2018\\\/10\\\/cropped-logo-medium.png\",\"width\":512,\"height\":512,\"caption\":\"Brussels Accountants\"},\"image\":{\"@id\":\"https:\\\/\\\/www.brussels-accountants.be\\\/#\\\/schema\\\/logo\\\/image\\\/\"}}]}<\/script>\n<!-- \/ Yoast SEO plugin. -->","yoast_head_json":{"title":"INDEPENDENT SAU SOCIETATE COMERCIALA - Brussels Accountants","robots":{"index":"index","follow":"follow","max-snippet":"max-snippet:-1","max-image-preview":"max-image-preview:large","max-video-preview":"max-video-preview:-1"},"canonical":"https:\/\/www.brussels-accountants.be\/nl\/all\/inregistrarea-unei-afaceri-in-belgia\/independent-sau-societate-comerciala\/","og_locale":"nl_NL","og_type":"article","og_title":"INDEPENDENT SAU SOCIETATE COMERCIALA - Brussels Accountants","og_description":"Pentru a obtine o idee despre avantajele si dezavantajele celor doua tipuri de identitate comerciala, puteti citi cu atentie urmatoarele comparatii : Avantaje Independent (self- employed) Inregistrarea ca independent implica mai putine formalitati si costuri limitate (implicit costurile contabile) decizii rapide, usor de implementat, posibilitate dezactivare rapida a numarului de companie (BCE number) si a [&hellip;]","og_url":"https:\/\/www.brussels-accountants.be\/ro\/all\/inregistrarea-unei-afaceri-in-belgia\/independent-sau-societate-comerciala\/","og_site_name":"Brussels Accountants","article_modified_time":"2022-01-07T14:18:16+00:00","twitter_card":"summary_large_image","twitter_misc":{"Est. reading time":"2 minutes"},"schema":{"@context":"https:\/\/schema.org","@graph":[{"@type":"WebPage","@id":"https:\/\/www.brussels-accountants.be\/ro\/all\/inregistrarea-unei-afaceri-in-belgia\/independent-sau-societate-comerciala\/","url":"https:\/\/www.brussels-accountants.be\/ro\/all\/inregistrarea-unei-afaceri-in-belgia\/independent-sau-societate-comerciala\/","name":"INDEPENDENT SAU SOCIETATE COMERCIALA - Brussels Accountants","isPartOf":{"@id":"https:\/\/www.brussels-accountants.be\/#website"},"datePublished":"2018-10-25T12:55:49+00:00","dateModified":"2022-01-07T14:18:16+00:00","breadcrumb":{"@id":"https:\/\/www.brussels-accountants.be\/ro\/all\/inregistrarea-unei-afaceri-in-belgia\/independent-sau-societate-comerciala\/#breadcrumb"},"inLanguage":"nl-NL","potentialAction":[{"@type":"ReadAction","target":["https:\/\/www.brussels-accountants.be\/ro\/all\/inregistrarea-unei-afaceri-in-belgia\/independent-sau-societate-comerciala\/"]}]},{"@type":"BreadcrumbList","@id":"https:\/\/www.brussels-accountants.be\/ro\/all\/inregistrarea-unei-afaceri-in-belgia\/independent-sau-societate-comerciala\/#breadcrumb","itemListElement":[{"@type":"ListItem","position":1,"name":"Accueil","item":"https:\/\/www.brussels-accountants.be\/"},{"@type":"ListItem","position":2,"name":"INREGISTRAREA UNEI AFACERI IN BELGIA","item":"https:\/\/www.brussels-accountants.be\/ro\/inregistrarea-unei-afaceri-in-belgia\/"},{"@type":"ListItem","position":3,"name":"INDEPENDENT SAU SOCIETATE COMERCIALA"}]},{"@type":"WebSite","@id":"https:\/\/www.brussels-accountants.be\/#website","url":"https:\/\/www.brussels-accountants.be\/","name":"Brussels Accountants","description":"&lt;strong&gt;Brussels Accountants&lt;\/strong&gt; est une entreprise Internationale de comptabilit\u00e9 offrant \u00e0 ses clients une comptabilit\u00e9 appropri\u00e9e et une consultance optimis\u00e9e des imp\u00f4ts. Le cabinet est comp\u00e9tent au sein du contexte belge, pour les citoyens redevables de l\u2019imp\u00f4t belge. Nous sommes aussi reconnus en tant que guide fiable et compagnon pour les expatri\u00e9s qui ont besoin de constituer leur activit\u00e9, d&#039;en assurer la croissance et l\u2019organisation sur le territoire belge.","publisher":{"@id":"https:\/\/www.brussels-accountants.be\/#organization"},"potentialAction":[{"@type":"SearchAction","target":{"@type":"EntryPoint","urlTemplate":"https:\/\/www.brussels-accountants.be\/?s={search_term_string}"},"query-input":{"@type":"PropertyValueSpecification","valueRequired":true,"valueName":"search_term_string"}}],"inLanguage":"nl-NL"},{"@type":"Organization","@id":"https:\/\/www.brussels-accountants.be\/#organization","name":"Brussels Accountants","url":"https:\/\/www.brussels-accountants.be\/","logo":{"@type":"ImageObject","inLanguage":"nl-NL","@id":"https:\/\/www.brussels-accountants.be\/#\/schema\/logo\/image\/","url":"https:\/\/www.brussels-accountants.be\/wp-content\/uploads\/2018\/10\/cropped-logo-medium.png","contentUrl":"https:\/\/www.brussels-accountants.be\/wp-content\/uploads\/2018\/10\/cropped-logo-medium.png","width":512,"height":512,"caption":"Brussels Accountants"},"image":{"@id":"https:\/\/www.brussels-accountants.be\/#\/schema\/logo\/image\/"}}]}},"_links":{"self":[{"href":"https:\/\/www.brussels-accountants.be\/nl\/wp-json\/wp\/v2\/pages\/602","targetHints":{"allow":["GET"]}}],"collection":[{"href":"https:\/\/www.brussels-accountants.be\/nl\/wp-json\/wp\/v2\/pages"}],"about":[{"href":"https:\/\/www.brussels-accountants.be\/nl\/wp-json\/wp\/v2\/types\/page"}],"author":[{"embeddable":true,"href":"https:\/\/www.brussels-accountants.be\/nl\/wp-json\/wp\/v2\/users\/1"}],"replies":[{"embeddable":true,"href":"https:\/\/www.brussels-accountants.be\/nl\/wp-json\/wp\/v2\/comments?post=602"}],"version-history":[{"count":2,"href":"https:\/\/www.brussels-accountants.be\/nl\/wp-json\/wp\/v2\/pages\/602\/revisions"}],"predecessor-version":[{"id":1892,"href":"https:\/\/www.brussels-accountants.be\/nl\/wp-json\/wp\/v2\/pages\/602\/revisions\/1892"}],"up":[{"embeddable":true,"href":"https:\/\/www.brussels-accountants.be\/nl\/wp-json\/wp\/v2\/pages\/599"}],"wp:attachment":[{"href":"https:\/\/www.brussels-accountants.be\/nl\/wp-json\/wp\/v2\/media?parent=602"}],"curies":[{"name":"wp","href":"https:\/\/api.w.org\/{rel}","templated":true}]}}