{"id":589,"date":"2018-10-25T14:45:21","date_gmt":"2018-10-25T12:45:21","guid":{"rendered":"https:\/\/www.fidupress.be\/ba\/?page_id=589"},"modified":"2022-01-07T12:10:00","modified_gmt":"2022-01-07T11:10:00","slug":"persoane-juridice-independenti-si-companii","status":"publish","type":"page","link":"https:\/\/www.brussels-accountants.be\/nl\/servicii\/persoane-juridice-independenti-si-companii\/","title":{"rendered":"PERSOANE JURIDICE (INDEPENDENTI SI COMPANII)"},"content":{"rendered":"\n<p><strong>Brussels Accountants<\/strong>&nbsp;este un partener de incredere pentru afacerea dumneavostra, oferind servicii de fiscalitate si contabilitate de calitate, pentru independenti si societati comerciale<\/p>\n\n\n\n<h2 class=\"wp-block-heading\">1\u00b0&nbsp;Infinatarea unei societati comerciale sau crearea statutului de independent in Belgia<\/h2>\n\n\n\n<p>In unele situatii cea mai simpla solutie este crearea statutului de independent (un numar de companie va fi alocat dvs. ca individ). In alte situatii sau atunci cand sunt mai multe persoane implicate in afacere, trebuie ales tipul de societate comerciala care se preteaza cel mai bine nevoilor dvs (SPRL, SA, SComm). Considerentele fiscale vor avea bineinteles un rol important in alegere. Firma de contabilitate Brussels Accountants va pune la dispozitie know-how-ul necesar alegerii tipului de societate portivit pentru afacerea dvs. Belgiana.<\/p>\n\n\n\n<h2 class=\"wp-block-heading\">2\u00b0&nbsp;Servicii contabile<\/h2>\n\n\n\n<p>Serviciile contabile sunt customizate pentru tipul de companie detinut, iar situatiile financiare anuale intocmite de firma de contabilitate Brussels Accountants ofera o imagine corecta a pozitiei financiare a societatii (prin conturile de profit si pierdere atat pentru independenti cat si pentru societatile comerciale, dar si prin bilantul contabil).<\/p>\n\n\n\n<h2 class=\"wp-block-heading\">3\u00b0&nbsp;Analiza Financiara<\/h2>\n\n\n\n<p>In functie de cerintele clientilor nostri, situatiile financiare anuale sunt nu numai intocmite si publicate la timp, dar se realizeaza o analiza atenta a acestora si impreuna cu clientul se stabilesc strategii pentru eliminarea cheluielior inutile, maximizarea profitului si reducerea costurilor si a taxelor.<\/p>\n\n\n\n<h2 class=\"wp-block-heading\">4\u00b0&nbsp;Obligatii fiscale<\/h2>\n\n\n\n<p>Brussels Accountants va adresa toate obligatiile dumneavostra fiscale, oferind in acelasi timp suport si informatii legate de impozitele pentru companii, impozitele locale si declaratii de TVA.<\/p>\n\n\n\n<h2 class=\"wp-block-heading\">5\u00b0&nbsp;Legislatia corporativa<\/h2>\n\n\n\n<p><strong>Brussels Accountants<\/strong>&nbsp;va asista afacerea dumneavoastra in realizarea tuturor obligatiilor fiscale ce deriva din legislatia corporativa si va urmari transpunerea acestora in contabilitatea companiei. Ca si birou de expert contabil putem intocmi rapoarte cerute de lege in cazul restructurarilor de companii (de exemplu in cazul fuzionarii sau lichidarii de companii).<\/p>\n\n\n\n<h2 class=\"wp-block-heading\">6\u00b0&nbsp;Valorificare de actiuni<\/h2>\n\n\n\n<p>La cerere, se poate stabili o valoare justa, determinata in mod neutru, pentru actiuni sau societati.<\/p>\n\n\n\n<p><strong>BRUSSELS ACCOUNTANTS<\/strong>&nbsp;<strong>BVBA<\/strong><\/p>\n","protected":false},"excerpt":{"rendered":"<p>Brussels Accountants&nbsp;este un partener de incredere pentru afacerea dumneavostra, oferind servicii de fiscalitate si contabilitate de calitate, pentru independenti si societati comerciale 1\u00b0&nbsp;Infinatarea unei societati comerciale sau crearea statutului de independent in Belgia In unele situatii cea mai simpla solutie este crearea statutului de independent (un numar de companie va fi alocat dvs. ca individ). [&hellip;]<\/p>\n","protected":false},"author":1,"featured_media":0,"parent":586,"menu_order":0,"comment_status":"closed","ping_status":"closed","template":"","meta":{"footnotes":""},"class_list":["post-589","page","type-page","status-publish","hentry"],"acf":[],"yoast_head":"<!-- This site is optimized with the Yoast SEO plugin v27.4 - https:\/\/yoast.com\/product\/yoast-seo-wordpress\/ -->\n<title>PERSOANE JURIDICE (INDEPENDENTI SI COMPANII) - Brussels Accountants<\/title>\n<meta name=\"robots\" content=\"index, follow, max-snippet:-1, max-image-preview:large, max-video-preview:-1\" \/>\n<link rel=\"canonical\" href=\"https:\/\/www.brussels-accountants.be\/nl\/servicii\/persoane-juridice-independenti-si-companii\/\" \/>\n<meta property=\"og:locale\" content=\"nl_NL\" \/>\n<meta property=\"og:type\" content=\"article\" \/>\n<meta property=\"og:title\" content=\"PERSOANE JURIDICE (INDEPENDENTI SI COMPANII) - Brussels Accountants\" \/>\n<meta property=\"og:description\" content=\"Brussels Accountants&nbsp;este un partener de incredere pentru afacerea dumneavostra, oferind servicii de fiscalitate si contabilitate de calitate, pentru independenti si societati comerciale 1\u00b0&nbsp;Infinatarea unei societati comerciale sau crearea statutului de independent in Belgia In unele situatii cea mai simpla solutie este crearea statutului de independent (un numar de companie va fi alocat dvs. ca individ). [&hellip;]\" \/>\n<meta property=\"og:url\" content=\"https:\/\/www.brussels-accountants.be\/servicii\/persoane-juridice-independenti-si-companii\/\" \/>\n<meta property=\"og:site_name\" content=\"Brussels Accountants\" \/>\n<meta property=\"article:modified_time\" content=\"2022-01-07T11:10:00+00:00\" \/>\n<meta name=\"twitter:card\" content=\"summary_large_image\" \/>\n<meta name=\"twitter:label1\" content=\"Est. reading time\" \/>\n\t<meta name=\"twitter:data1\" content=\"2 minutes\" \/>\n<script type=\"application\/ld+json\" class=\"yoast-schema-graph\">{\"@context\":\"https:\\\/\\\/schema.org\",\"@graph\":[{\"@type\":\"WebPage\",\"@id\":\"https:\\\/\\\/www.brussels-accountants.be\\\/servicii\\\/persoane-juridice-independenti-si-companii\\\/\",\"url\":\"https:\\\/\\\/www.brussels-accountants.be\\\/servicii\\\/persoane-juridice-independenti-si-companii\\\/\",\"name\":\"PERSOANE JURIDICE (INDEPENDENTI SI COMPANII) - Brussels Accountants\",\"isPartOf\":{\"@id\":\"https:\\\/\\\/www.brussels-accountants.be\\\/#website\"},\"datePublished\":\"2018-10-25T12:45:21+00:00\",\"dateModified\":\"2022-01-07T11:10:00+00:00\",\"breadcrumb\":{\"@id\":\"https:\\\/\\\/www.brussels-accountants.be\\\/servicii\\\/persoane-juridice-independenti-si-companii\\\/#breadcrumb\"},\"inLanguage\":\"nl-NL\",\"potentialAction\":[{\"@type\":\"ReadAction\",\"target\":[\"https:\\\/\\\/www.brussels-accountants.be\\\/servicii\\\/persoane-juridice-independenti-si-companii\\\/\"]}]},{\"@type\":\"BreadcrumbList\",\"@id\":\"https:\\\/\\\/www.brussels-accountants.be\\\/servicii\\\/persoane-juridice-independenti-si-companii\\\/#breadcrumb\",\"itemListElement\":[{\"@type\":\"ListItem\",\"position\":1,\"name\":\"Accueil\",\"item\":\"https:\\\/\\\/www.brussels-accountants.be\\\/\"},{\"@type\":\"ListItem\",\"position\":2,\"name\":\"Servicii\",\"item\":\"https:\\\/\\\/www.brussels-accountants.be\\\/\"},{\"@type\":\"ListItem\",\"position\":3,\"name\":\"PERSOANE JURIDICE (INDEPENDENTI SI COMPANII)\"}]},{\"@type\":\"WebSite\",\"@id\":\"https:\\\/\\\/www.brussels-accountants.be\\\/#website\",\"url\":\"https:\\\/\\\/www.brussels-accountants.be\\\/\",\"name\":\"Brussels Accountants\",\"description\":\"&lt;strong&gt;Brussels Accountants&lt;\\\/strong&gt; est une entreprise Internationale de comptabilit\u00e9 offrant \u00e0 ses clients une comptabilit\u00e9 appropri\u00e9e et une consultance optimis\u00e9e des imp\u00f4ts. Le cabinet est comp\u00e9tent au sein du contexte belge, pour les citoyens redevables de l\u2019imp\u00f4t belge. Nous sommes aussi reconnus en tant que guide fiable et compagnon pour les expatri\u00e9s qui ont besoin de constituer leur activit\u00e9, d&#039;en assurer la croissance et l\u2019organisation sur le territoire belge.\",\"publisher\":{\"@id\":\"https:\\\/\\\/www.brussels-accountants.be\\\/#organization\"},\"potentialAction\":[{\"@type\":\"SearchAction\",\"target\":{\"@type\":\"EntryPoint\",\"urlTemplate\":\"https:\\\/\\\/www.brussels-accountants.be\\\/?s={search_term_string}\"},\"query-input\":{\"@type\":\"PropertyValueSpecification\",\"valueRequired\":true,\"valueName\":\"search_term_string\"}}],\"inLanguage\":\"nl-NL\"},{\"@type\":\"Organization\",\"@id\":\"https:\\\/\\\/www.brussels-accountants.be\\\/#organization\",\"name\":\"Brussels Accountants\",\"url\":\"https:\\\/\\\/www.brussels-accountants.be\\\/\",\"logo\":{\"@type\":\"ImageObject\",\"inLanguage\":\"nl-NL\",\"@id\":\"https:\\\/\\\/www.brussels-accountants.be\\\/#\\\/schema\\\/logo\\\/image\\\/\",\"url\":\"https:\\\/\\\/www.brussels-accountants.be\\\/wp-content\\\/uploads\\\/2018\\\/10\\\/cropped-logo-medium.png\",\"contentUrl\":\"https:\\\/\\\/www.brussels-accountants.be\\\/wp-content\\\/uploads\\\/2018\\\/10\\\/cropped-logo-medium.png\",\"width\":512,\"height\":512,\"caption\":\"Brussels Accountants\"},\"image\":{\"@id\":\"https:\\\/\\\/www.brussels-accountants.be\\\/#\\\/schema\\\/logo\\\/image\\\/\"}}]}<\/script>\n<!-- \/ Yoast SEO plugin. -->","yoast_head_json":{"title":"PERSOANE JURIDICE (INDEPENDENTI SI COMPANII) - Brussels Accountants","robots":{"index":"index","follow":"follow","max-snippet":"max-snippet:-1","max-image-preview":"max-image-preview:large","max-video-preview":"max-video-preview:-1"},"canonical":"https:\/\/www.brussels-accountants.be\/nl\/servicii\/persoane-juridice-independenti-si-companii\/","og_locale":"nl_NL","og_type":"article","og_title":"PERSOANE JURIDICE (INDEPENDENTI SI COMPANII) - Brussels Accountants","og_description":"Brussels Accountants&nbsp;este un partener de incredere pentru afacerea dumneavostra, oferind servicii de fiscalitate si contabilitate de calitate, pentru independenti si societati comerciale 1\u00b0&nbsp;Infinatarea unei societati comerciale sau crearea statutului de independent in Belgia In unele situatii cea mai simpla solutie este crearea statutului de independent (un numar de companie va fi alocat dvs. ca individ). [&hellip;]","og_url":"https:\/\/www.brussels-accountants.be\/servicii\/persoane-juridice-independenti-si-companii\/","og_site_name":"Brussels Accountants","article_modified_time":"2022-01-07T11:10:00+00:00","twitter_card":"summary_large_image","twitter_misc":{"Est. reading time":"2 minutes"},"schema":{"@context":"https:\/\/schema.org","@graph":[{"@type":"WebPage","@id":"https:\/\/www.brussels-accountants.be\/servicii\/persoane-juridice-independenti-si-companii\/","url":"https:\/\/www.brussels-accountants.be\/servicii\/persoane-juridice-independenti-si-companii\/","name":"PERSOANE JURIDICE (INDEPENDENTI SI COMPANII) - Brussels Accountants","isPartOf":{"@id":"https:\/\/www.brussels-accountants.be\/#website"},"datePublished":"2018-10-25T12:45:21+00:00","dateModified":"2022-01-07T11:10:00+00:00","breadcrumb":{"@id":"https:\/\/www.brussels-accountants.be\/servicii\/persoane-juridice-independenti-si-companii\/#breadcrumb"},"inLanguage":"nl-NL","potentialAction":[{"@type":"ReadAction","target":["https:\/\/www.brussels-accountants.be\/servicii\/persoane-juridice-independenti-si-companii\/"]}]},{"@type":"BreadcrumbList","@id":"https:\/\/www.brussels-accountants.be\/servicii\/persoane-juridice-independenti-si-companii\/#breadcrumb","itemListElement":[{"@type":"ListItem","position":1,"name":"Accueil","item":"https:\/\/www.brussels-accountants.be\/"},{"@type":"ListItem","position":2,"name":"Servicii","item":"https:\/\/www.brussels-accountants.be\/"},{"@type":"ListItem","position":3,"name":"PERSOANE JURIDICE (INDEPENDENTI SI COMPANII)"}]},{"@type":"WebSite","@id":"https:\/\/www.brussels-accountants.be\/#website","url":"https:\/\/www.brussels-accountants.be\/","name":"Brussels Accountants","description":"&lt;strong&gt;Brussels Accountants&lt;\/strong&gt; est une entreprise Internationale de comptabilit\u00e9 offrant \u00e0 ses clients une comptabilit\u00e9 appropri\u00e9e et une consultance optimis\u00e9e des imp\u00f4ts. Le cabinet est comp\u00e9tent au sein du contexte belge, pour les citoyens redevables de l\u2019imp\u00f4t belge. Nous sommes aussi reconnus en tant que guide fiable et compagnon pour les expatri\u00e9s qui ont besoin de constituer leur activit\u00e9, d&#039;en assurer la croissance et l\u2019organisation sur le territoire belge.","publisher":{"@id":"https:\/\/www.brussels-accountants.be\/#organization"},"potentialAction":[{"@type":"SearchAction","target":{"@type":"EntryPoint","urlTemplate":"https:\/\/www.brussels-accountants.be\/?s={search_term_string}"},"query-input":{"@type":"PropertyValueSpecification","valueRequired":true,"valueName":"search_term_string"}}],"inLanguage":"nl-NL"},{"@type":"Organization","@id":"https:\/\/www.brussels-accountants.be\/#organization","name":"Brussels Accountants","url":"https:\/\/www.brussels-accountants.be\/","logo":{"@type":"ImageObject","inLanguage":"nl-NL","@id":"https:\/\/www.brussels-accountants.be\/#\/schema\/logo\/image\/","url":"https:\/\/www.brussels-accountants.be\/wp-content\/uploads\/2018\/10\/cropped-logo-medium.png","contentUrl":"https:\/\/www.brussels-accountants.be\/wp-content\/uploads\/2018\/10\/cropped-logo-medium.png","width":512,"height":512,"caption":"Brussels Accountants"},"image":{"@id":"https:\/\/www.brussels-accountants.be\/#\/schema\/logo\/image\/"}}]}},"_links":{"self":[{"href":"https:\/\/www.brussels-accountants.be\/nl\/wp-json\/wp\/v2\/pages\/589","targetHints":{"allow":["GET"]}}],"collection":[{"href":"https:\/\/www.brussels-accountants.be\/nl\/wp-json\/wp\/v2\/pages"}],"about":[{"href":"https:\/\/www.brussels-accountants.be\/nl\/wp-json\/wp\/v2\/types\/page"}],"author":[{"embeddable":true,"href":"https:\/\/www.brussels-accountants.be\/nl\/wp-json\/wp\/v2\/users\/1"}],"replies":[{"embeddable":true,"href":"https:\/\/www.brussels-accountants.be\/nl\/wp-json\/wp\/v2\/comments?post=589"}],"version-history":[{"count":3,"href":"https:\/\/www.brussels-accountants.be\/nl\/wp-json\/wp\/v2\/pages\/589\/revisions"}],"predecessor-version":[{"id":1881,"href":"https:\/\/www.brussels-accountants.be\/nl\/wp-json\/wp\/v2\/pages\/589\/revisions\/1881"}],"up":[{"embeddable":true,"href":"https:\/\/www.brussels-accountants.be\/nl\/wp-json\/wp\/v2\/pages\/586"}],"wp:attachment":[{"href":"https:\/\/www.brussels-accountants.be\/nl\/wp-json\/wp\/v2\/media?parent=589"}],"curies":[{"name":"wp","href":"https:\/\/api.w.org\/{rel}","templated":true}]}}