{"id":536,"date":"2018-10-25T14:28:22","date_gmt":"2018-10-25T12:28:22","guid":{"rendered":"https:\/\/www.fidupress.be\/ba\/?page_id=536"},"modified":"2018-10-25T14:28:23","modified_gmt":"2018-10-25T12:28:23","slug":"iva-belga","status":"publish","type":"page","link":"https:\/\/www.brussels-accountants.be\/nl\/establecer-un-negocio-en-belgica\/iva-belga\/","title":{"rendered":"IVA Belga"},"content":{"rendered":"\n<p>El valor a\u00f1adido se aplica a todos los intercambios de bienes y servicios excepto para las exportaciones, alquileres de viviendas, dividendos, intereses en pr\u00e9stamos y dep\u00f3sitos, y alg\u00fan grupo limitado de honorarios (por ejemplo periodistas &nbsp;o doctores).<\/p>\n\n\n\n<p>Dentro del mercado comunitario (Uni\u00f3n Europea), los conceptos de \u201cimportaci\u00f3n\u201d y \u201cexportaci\u00f3n\u201d han sido remplazados por \u201cprestaci\u00f3n intra-comunitaria\u201d, suministro de bienes (los cuales est\u00e1n exentos de IVA) y \u201cadquisici\u00f3n intra-comunitaria\u201d (las cual est\u00e1 sujeta al impuesto por el mecanismo de la repercusi\u00f3n del IVA: este IVA es deducible en la correspondiente declaraci\u00f3n).<\/p>\n\n\n\n<p>Existen tres tipos de IVA aplicables:<\/p>\n\n\n\n<ul class=\"wp-block-list\"><li>Tipo reducido del 6%: alimentos b\u00e1sicos, agua, servicios hosteler\u00eda, transportes, cine, etc.)<\/li><li>Tipo reducido del 12%: viviendas sociales por ejemplo.<\/li><li>Tipo general del 21%, aplicable desde el 1 de Enero de 1996. No debe ser confundido con el IVA aplicable al petr\u00f3leo, tabaco, bebidas alcoh\u00f3licas o az\u00facar.<\/li><\/ul>\n\n\n\n<p><strong>BRUSSELS ACCOUNTANTS&nbsp;<\/strong>tiene experiencia ayudando a los clientes en la obtenci\u00f3n de su licencia especial de IVA. Nuestra oficina tiene una amplia experiencia en la cumplimentaci\u00f3n y presentaci\u00f3n de las declaraciones trimestrales o mensuales de IVA, as\u00ed como otras formalidades relacionadas.<\/p>\n\n\n\n<p>La firma tiene adem\u00e1s algunos clientes obligados a presentar las declaraciones INTRASTAT.<\/p>\n\n\n\n<p><strong>BRUSSELS ACCOUNTANTS&nbsp;<\/strong>puede estudiar cualquier otra duda que usted pudiera tener acerca del IVA. Para alguna duda extremadamente compleja (posiblemente transfronteriza), la oficina cuenta con diversos contactos en la aduana y\/o en los servicios jur\u00eddicos.<\/p>\n\n\n\n<p><strong>BRUSSELS ACCOUNTANTS<\/strong>&nbsp;le proporcionar\u00e1 soluciones adaptadas a su situaci\u00f3n particular as\u00ed como sus correspondientes declaraciones de IVA.<\/p>\n","protected":false},"excerpt":{"rendered":"<p>El valor a\u00f1adido se aplica a todos los intercambios de bienes y servicios excepto para las exportaciones, alquileres de viviendas, dividendos, intereses en pr\u00e9stamos y dep\u00f3sitos, y alg\u00fan grupo limitado de honorarios (por ejemplo periodistas &nbsp;o doctores). Dentro del mercado comunitario (Uni\u00f3n Europea), los conceptos de \u201cimportaci\u00f3n\u201d y \u201cexportaci\u00f3n\u201d han sido remplazados por \u201cprestaci\u00f3n intra-comunitaria\u201d, [&hellip;]<\/p>\n","protected":false},"author":1,"featured_media":0,"parent":522,"menu_order":0,"comment_status":"closed","ping_status":"closed","template":"","meta":{"footnotes":""},"class_list":["post-536","page","type-page","status-publish","hentry"],"acf":[],"yoast_head":"<!-- This site is optimized with the Yoast SEO plugin v27.3 - https:\/\/yoast.com\/product\/yoast-seo-wordpress\/ -->\n<title>IVA Belga - Brussels Accountants<\/title>\n<meta name=\"robots\" content=\"index, follow, max-snippet:-1, max-image-preview:large, max-video-preview:-1\" \/>\n<link rel=\"canonical\" href=\"https:\/\/www.brussels-accountants.be\/nl\/establecer-un-negocio-en-belgica\/iva-belga\/\" \/>\n<meta property=\"og:locale\" content=\"nl_NL\" \/>\n<meta property=\"og:type\" content=\"article\" \/>\n<meta property=\"og:title\" content=\"IVA Belga - Brussels Accountants\" \/>\n<meta property=\"og:description\" content=\"El valor a\u00f1adido se aplica a todos los intercambios de bienes y servicios excepto para las exportaciones, alquileres de viviendas, dividendos, intereses en pr\u00e9stamos y dep\u00f3sitos, y alg\u00fan grupo limitado de honorarios (por ejemplo periodistas &nbsp;o doctores). Dentro del mercado comunitario (Uni\u00f3n Europea), los conceptos de \u201cimportaci\u00f3n\u201d y \u201cexportaci\u00f3n\u201d han sido remplazados por \u201cprestaci\u00f3n intra-comunitaria\u201d, [&hellip;]\" \/>\n<meta property=\"og:url\" content=\"https:\/\/www.brussels-accountants.be\/es\/establecer-un-negocio-en-belgica\/iva-belga\/\" \/>\n<meta property=\"og:site_name\" content=\"Brussels Accountants\" \/>\n<meta property=\"article:modified_time\" content=\"2018-10-25T12:28:23+00:00\" \/>\n<meta name=\"twitter:card\" content=\"summary_large_image\" \/>\n<meta name=\"twitter:label1\" content=\"Est. reading time\" \/>\n\t<meta name=\"twitter:data1\" content=\"1 minute\" \/>\n<script type=\"application\/ld+json\" class=\"yoast-schema-graph\">{\"@context\":\"https:\\\/\\\/schema.org\",\"@graph\":[{\"@type\":\"WebPage\",\"@id\":\"https:\\\/\\\/www.brussels-accountants.be\\\/es\\\/establecer-un-negocio-en-belgica\\\/iva-belga\\\/\",\"url\":\"https:\\\/\\\/www.brussels-accountants.be\\\/es\\\/establecer-un-negocio-en-belgica\\\/iva-belga\\\/\",\"name\":\"IVA Belga - Brussels Accountants\",\"isPartOf\":{\"@id\":\"https:\\\/\\\/www.brussels-accountants.be\\\/#website\"},\"datePublished\":\"2018-10-25T12:28:22+00:00\",\"dateModified\":\"2018-10-25T12:28:23+00:00\",\"breadcrumb\":{\"@id\":\"https:\\\/\\\/www.brussels-accountants.be\\\/es\\\/establecer-un-negocio-en-belgica\\\/iva-belga\\\/#breadcrumb\"},\"inLanguage\":\"nl-NL\",\"potentialAction\":[{\"@type\":\"ReadAction\",\"target\":[\"https:\\\/\\\/www.brussels-accountants.be\\\/es\\\/establecer-un-negocio-en-belgica\\\/iva-belga\\\/\"]}]},{\"@type\":\"BreadcrumbList\",\"@id\":\"https:\\\/\\\/www.brussels-accountants.be\\\/es\\\/establecer-un-negocio-en-belgica\\\/iva-belga\\\/#breadcrumb\",\"itemListElement\":[{\"@type\":\"ListItem\",\"position\":1,\"name\":\"Accueil\",\"item\":\"https:\\\/\\\/www.brussels-accountants.be\\\/\"},{\"@type\":\"ListItem\",\"position\":2,\"name\":\"Establecer un Negocio en B\u00e9lgica\",\"item\":\"https:\\\/\\\/www.brussels-accountants.be\\\/es\\\/establecer-un-negocio-en-belgica\\\/\"},{\"@type\":\"ListItem\",\"position\":3,\"name\":\"IVA Belga\"}]},{\"@type\":\"WebSite\",\"@id\":\"https:\\\/\\\/www.brussels-accountants.be\\\/#website\",\"url\":\"https:\\\/\\\/www.brussels-accountants.be\\\/\",\"name\":\"Brussels Accountants\",\"description\":\"&lt;strong&gt;Brussels Accountants&lt;\\\/strong&gt; est une entreprise Internationale de comptabilit\u00e9 offrant \u00e0 ses clients une comptabilit\u00e9 appropri\u00e9e et une consultance optimis\u00e9e des imp\u00f4ts. Le cabinet est comp\u00e9tent au sein du contexte belge, pour les citoyens redevables de l\u2019imp\u00f4t belge. Nous sommes aussi reconnus en tant que guide fiable et compagnon pour les expatri\u00e9s qui ont besoin de constituer leur activit\u00e9, d&#039;en assurer la croissance et l\u2019organisation sur le territoire belge.\",\"publisher\":{\"@id\":\"https:\\\/\\\/www.brussels-accountants.be\\\/#organization\"},\"potentialAction\":[{\"@type\":\"SearchAction\",\"target\":{\"@type\":\"EntryPoint\",\"urlTemplate\":\"https:\\\/\\\/www.brussels-accountants.be\\\/?s={search_term_string}\"},\"query-input\":{\"@type\":\"PropertyValueSpecification\",\"valueRequired\":true,\"valueName\":\"search_term_string\"}}],\"inLanguage\":\"nl-NL\"},{\"@type\":\"Organization\",\"@id\":\"https:\\\/\\\/www.brussels-accountants.be\\\/#organization\",\"name\":\"Brussels Accountants\",\"url\":\"https:\\\/\\\/www.brussels-accountants.be\\\/\",\"logo\":{\"@type\":\"ImageObject\",\"inLanguage\":\"nl-NL\",\"@id\":\"https:\\\/\\\/www.brussels-accountants.be\\\/#\\\/schema\\\/logo\\\/image\\\/\",\"url\":\"https:\\\/\\\/www.brussels-accountants.be\\\/wp-content\\\/uploads\\\/2018\\\/10\\\/cropped-logo-medium.png\",\"contentUrl\":\"https:\\\/\\\/www.brussels-accountants.be\\\/wp-content\\\/uploads\\\/2018\\\/10\\\/cropped-logo-medium.png\",\"width\":512,\"height\":512,\"caption\":\"Brussels Accountants\"},\"image\":{\"@id\":\"https:\\\/\\\/www.brussels-accountants.be\\\/#\\\/schema\\\/logo\\\/image\\\/\"}}]}<\/script>\n<!-- \/ Yoast SEO plugin. -->","yoast_head_json":{"title":"IVA Belga - Brussels Accountants","robots":{"index":"index","follow":"follow","max-snippet":"max-snippet:-1","max-image-preview":"max-image-preview:large","max-video-preview":"max-video-preview:-1"},"canonical":"https:\/\/www.brussels-accountants.be\/nl\/establecer-un-negocio-en-belgica\/iva-belga\/","og_locale":"nl_NL","og_type":"article","og_title":"IVA Belga - Brussels Accountants","og_description":"El valor a\u00f1adido se aplica a todos los intercambios de bienes y servicios excepto para las exportaciones, alquileres de viviendas, dividendos, intereses en pr\u00e9stamos y dep\u00f3sitos, y alg\u00fan grupo limitado de honorarios (por ejemplo periodistas &nbsp;o doctores). Dentro del mercado comunitario (Uni\u00f3n Europea), los conceptos de \u201cimportaci\u00f3n\u201d y \u201cexportaci\u00f3n\u201d han sido remplazados por \u201cprestaci\u00f3n intra-comunitaria\u201d, [&hellip;]","og_url":"https:\/\/www.brussels-accountants.be\/es\/establecer-un-negocio-en-belgica\/iva-belga\/","og_site_name":"Brussels Accountants","article_modified_time":"2018-10-25T12:28:23+00:00","twitter_card":"summary_large_image","twitter_misc":{"Est. reading time":"1 minute"},"schema":{"@context":"https:\/\/schema.org","@graph":[{"@type":"WebPage","@id":"https:\/\/www.brussels-accountants.be\/es\/establecer-un-negocio-en-belgica\/iva-belga\/","url":"https:\/\/www.brussels-accountants.be\/es\/establecer-un-negocio-en-belgica\/iva-belga\/","name":"IVA Belga - Brussels Accountants","isPartOf":{"@id":"https:\/\/www.brussels-accountants.be\/#website"},"datePublished":"2018-10-25T12:28:22+00:00","dateModified":"2018-10-25T12:28:23+00:00","breadcrumb":{"@id":"https:\/\/www.brussels-accountants.be\/es\/establecer-un-negocio-en-belgica\/iva-belga\/#breadcrumb"},"inLanguage":"nl-NL","potentialAction":[{"@type":"ReadAction","target":["https:\/\/www.brussels-accountants.be\/es\/establecer-un-negocio-en-belgica\/iva-belga\/"]}]},{"@type":"BreadcrumbList","@id":"https:\/\/www.brussels-accountants.be\/es\/establecer-un-negocio-en-belgica\/iva-belga\/#breadcrumb","itemListElement":[{"@type":"ListItem","position":1,"name":"Accueil","item":"https:\/\/www.brussels-accountants.be\/"},{"@type":"ListItem","position":2,"name":"Establecer un Negocio en B\u00e9lgica","item":"https:\/\/www.brussels-accountants.be\/es\/establecer-un-negocio-en-belgica\/"},{"@type":"ListItem","position":3,"name":"IVA Belga"}]},{"@type":"WebSite","@id":"https:\/\/www.brussels-accountants.be\/#website","url":"https:\/\/www.brussels-accountants.be\/","name":"Brussels Accountants","description":"&lt;strong&gt;Brussels Accountants&lt;\/strong&gt; est une entreprise Internationale de comptabilit\u00e9 offrant \u00e0 ses clients une comptabilit\u00e9 appropri\u00e9e et une consultance optimis\u00e9e des imp\u00f4ts. Le cabinet est comp\u00e9tent au sein du contexte belge, pour les citoyens redevables de l\u2019imp\u00f4t belge. Nous sommes aussi reconnus en tant que guide fiable et compagnon pour les expatri\u00e9s qui ont besoin de constituer leur activit\u00e9, d&#039;en assurer la croissance et l\u2019organisation sur le territoire belge.","publisher":{"@id":"https:\/\/www.brussels-accountants.be\/#organization"},"potentialAction":[{"@type":"SearchAction","target":{"@type":"EntryPoint","urlTemplate":"https:\/\/www.brussels-accountants.be\/?s={search_term_string}"},"query-input":{"@type":"PropertyValueSpecification","valueRequired":true,"valueName":"search_term_string"}}],"inLanguage":"nl-NL"},{"@type":"Organization","@id":"https:\/\/www.brussels-accountants.be\/#organization","name":"Brussels Accountants","url":"https:\/\/www.brussels-accountants.be\/","logo":{"@type":"ImageObject","inLanguage":"nl-NL","@id":"https:\/\/www.brussels-accountants.be\/#\/schema\/logo\/image\/","url":"https:\/\/www.brussels-accountants.be\/wp-content\/uploads\/2018\/10\/cropped-logo-medium.png","contentUrl":"https:\/\/www.brussels-accountants.be\/wp-content\/uploads\/2018\/10\/cropped-logo-medium.png","width":512,"height":512,"caption":"Brussels Accountants"},"image":{"@id":"https:\/\/www.brussels-accountants.be\/#\/schema\/logo\/image\/"}}]}},"_links":{"self":[{"href":"https:\/\/www.brussels-accountants.be\/nl\/wp-json\/wp\/v2\/pages\/536","targetHints":{"allow":["GET"]}}],"collection":[{"href":"https:\/\/www.brussels-accountants.be\/nl\/wp-json\/wp\/v2\/pages"}],"about":[{"href":"https:\/\/www.brussels-accountants.be\/nl\/wp-json\/wp\/v2\/types\/page"}],"author":[{"embeddable":true,"href":"https:\/\/www.brussels-accountants.be\/nl\/wp-json\/wp\/v2\/users\/1"}],"replies":[{"embeddable":true,"href":"https:\/\/www.brussels-accountants.be\/nl\/wp-json\/wp\/v2\/comments?post=536"}],"version-history":[{"count":1,"href":"https:\/\/www.brussels-accountants.be\/nl\/wp-json\/wp\/v2\/pages\/536\/revisions"}],"predecessor-version":[{"id":537,"href":"https:\/\/www.brussels-accountants.be\/nl\/wp-json\/wp\/v2\/pages\/536\/revisions\/537"}],"up":[{"embeddable":true,"href":"https:\/\/www.brussels-accountants.be\/nl\/wp-json\/wp\/v2\/pages\/522"}],"wp:attachment":[{"href":"https:\/\/www.brussels-accountants.be\/nl\/wp-json\/wp\/v2\/media?parent=536"}],"curies":[{"name":"wp","href":"https:\/\/api.w.org\/{rel}","templated":true}]}}