{"id":527,"date":"2018-10-25T14:21:23","date_gmt":"2018-10-25T12:21:23","guid":{"rendered":"https:\/\/www.fidupress.be\/ba\/?page_id=527"},"modified":"2022-01-07T15:18:26","modified_gmt":"2022-01-07T14:18:26","slug":"sociedad-o-autonomo","status":"publish","type":"page","link":"https:\/\/www.brussels-accountants.be\/nl\/establecer-un-negocio-en-belgica\/sociedad-o-autonomo\/","title":{"rendered":"\u00bfSOCIEDAD O AUT\u00d3NOMO?"},"content":{"rendered":"\n<p>Para obtener una idea clara de estas dos opciones, por favor, lea detenidamente la siguiente tabla comparativa<\/p>\n\n\n\n<h2 class=\"wp-block-heading\">Ventajas<\/h2>\n\n\n\n<h3 class=\"wp-block-heading\">Aut\u00f3nomo<\/h3>\n\n\n\n<ul class=\"wp-block-list\"><li>Existen unas pocas formalidades y un coste limitado, especialmente en cuanto a la contabilidad<\/li><li>R\u00e1pida toma de decisiones, un r\u00e1pida constituci\u00f3n, un f\u00e1cil seguimiento.<\/li><li>No necesita establecer un capital de constituci\u00f3n.<\/li><\/ul>\n\n\n\n<h3 class=\"wp-block-heading\">Sociedad<\/h3>\n\n\n\n<ul class=\"wp-block-list\"><li>Una sociedad necesita la combinaci\u00f3n de varios individuos, excepto en el caso de una sociedad unipersonal.<\/li><li>Los accionistas, en algunos casos, est\u00e1n limitados a su respectiva contribuci\u00f3n a la sociedad. El capital personal en todo caso, no queda afectado a la actividad.<\/li><li>Un accionista puede serlo en otras sociedades (excepto en el caso de una sociedad unipersonal).<\/li><li>Los accionistas no quedan en afectados en el caso de quiebra de la sociedad, excepto en casos muy especiales (por ejemplo, durante los 3 primeros a\u00f1os de existencia de una sociedad gravemente descapitalizada).<\/li><li>La desaparici\u00f3n (muerte, disertaci\u00f3n, etc.) de un accionista no pone en peligro la supervivencia del negocio. Esto cambia en el caso de una sociedad unipersonal.<\/li><li>Bajo nivel de impuestos comparados con los trabajadores aut\u00f3nomos.<\/li><li>La contribuci\u00f3n ala SeguridadSocialno var\u00eda con el nivel de beneficios o dividendos distribuidos como en el caso de los aut\u00f3nomos.<\/li><\/ul>\n\n\n\n<h2 class=\"wp-block-heading\">Desventajas<\/h2>\n\n\n\n<h3 class=\"wp-block-heading\">Aut\u00f3nomo<\/h3>\n\n\n\n<ul class=\"wp-block-list\"><li>El trabajador independiente acarrea con todas las p\u00e9rdidas; sus bienes personales deben responder por ellas ante sus acreedores.<\/li><li>El beneficio de la actividad est\u00e1 sujeto al impuesto de personas f\u00edsicas. Y es generalmente m\u00e1s elevado que el de las sociedades.<\/li><li>La quiebra de la actividad independiente significa normalmente la quiebra del aut\u00f3nomo.<\/li><\/ul>\n\n\n\n<h3 class=\"wp-block-heading\">Sociedad<\/h3>\n\n\n\n<ul class=\"wp-block-list\"><li>Un capital m\u00ednimo es requerido para algunas sociedades.<\/li><li>La direcci\u00f3n de una sociedad es m\u00e1s dif\u00edcil y complicado.<\/li><li>Los gastos de formaci\u00f3n\/contribuci\u00f3n pueden ser relativamente importantes.<\/li><li>La legislaci\u00f3n contable impone reglas estrictas independientemente del volumen de negocio.<\/li><li>La ley impone estrictas formalidades a seguir a la hora de la publicaci\u00f3n de los estatutos.<\/li><li>El impuesto del beneficio comparado con la actividad independiente es bastante mas bajo en el caso de que el propietario quiera coger los beneficios de la sociedad (para prop\u00f3sitos personales), en otras palabras: puede haber un beneficio limitado al sacar los beneficios de la sociedad (salario del propietario).<\/li><\/ul>\n","protected":false},"excerpt":{"rendered":"<p>Para obtener una idea clara de estas dos opciones, por favor, lea detenidamente la siguiente tabla comparativa Ventajas Aut\u00f3nomo Existen unas pocas formalidades y un coste limitado, especialmente en cuanto a la contabilidad R\u00e1pida toma de decisiones, un r\u00e1pida constituci\u00f3n, un f\u00e1cil seguimiento. No necesita establecer un capital de constituci\u00f3n. Sociedad Una sociedad necesita la [&hellip;]<\/p>\n","protected":false},"author":1,"featured_media":0,"parent":522,"menu_order":0,"comment_status":"closed","ping_status":"closed","template":"","meta":{"footnotes":""},"class_list":["post-527","page","type-page","status-publish","hentry"],"acf":[],"yoast_head":"<!-- This site is optimized with the Yoast SEO plugin v27.3 - https:\/\/yoast.com\/product\/yoast-seo-wordpress\/ -->\n<title>\u00bfSOCIEDAD O AUT\u00d3NOMO? - Brussels Accountants<\/title>\n<meta name=\"robots\" content=\"index, follow, max-snippet:-1, max-image-preview:large, max-video-preview:-1\" \/>\n<link rel=\"canonical\" href=\"https:\/\/www.brussels-accountants.be\/nl\/establecer-un-negocio-en-belgica\/sociedad-o-autonomo\/\" \/>\n<meta property=\"og:locale\" content=\"nl_NL\" \/>\n<meta property=\"og:type\" content=\"article\" \/>\n<meta property=\"og:title\" content=\"\u00bfSOCIEDAD O AUT\u00d3NOMO? - Brussels Accountants\" \/>\n<meta property=\"og:description\" content=\"Para obtener una idea clara de estas dos opciones, por favor, lea detenidamente la siguiente tabla comparativa Ventajas Aut\u00f3nomo Existen unas pocas formalidades y un coste limitado, especialmente en cuanto a la contabilidad R\u00e1pida toma de decisiones, un r\u00e1pida constituci\u00f3n, un f\u00e1cil seguimiento. No necesita establecer un capital de constituci\u00f3n. Sociedad Una sociedad necesita la [&hellip;]\" \/>\n<meta property=\"og:url\" content=\"https:\/\/www.brussels-accountants.be\/es\/establecer-un-negocio-en-belgica\/sociedad-o-autonomo\/\" \/>\n<meta property=\"og:site_name\" content=\"Brussels Accountants\" \/>\n<meta property=\"article:modified_time\" content=\"2022-01-07T14:18:26+00:00\" \/>\n<meta name=\"twitter:card\" content=\"summary_large_image\" \/>\n<meta name=\"twitter:label1\" content=\"Est. reading time\" \/>\n\t<meta name=\"twitter:data1\" content=\"2 minutes\" \/>\n<script type=\"application\/ld+json\" class=\"yoast-schema-graph\">{\"@context\":\"https:\\\/\\\/schema.org\",\"@graph\":[{\"@type\":\"WebPage\",\"@id\":\"https:\\\/\\\/www.brussels-accountants.be\\\/es\\\/establecer-un-negocio-en-belgica\\\/sociedad-o-autonomo\\\/\",\"url\":\"https:\\\/\\\/www.brussels-accountants.be\\\/es\\\/establecer-un-negocio-en-belgica\\\/sociedad-o-autonomo\\\/\",\"name\":\"\u00bfSOCIEDAD O AUT\u00d3NOMO? - Brussels Accountants\",\"isPartOf\":{\"@id\":\"https:\\\/\\\/www.brussels-accountants.be\\\/#website\"},\"datePublished\":\"2018-10-25T12:21:23+00:00\",\"dateModified\":\"2022-01-07T14:18:26+00:00\",\"breadcrumb\":{\"@id\":\"https:\\\/\\\/www.brussels-accountants.be\\\/es\\\/establecer-un-negocio-en-belgica\\\/sociedad-o-autonomo\\\/#breadcrumb\"},\"inLanguage\":\"nl-NL\",\"potentialAction\":[{\"@type\":\"ReadAction\",\"target\":[\"https:\\\/\\\/www.brussels-accountants.be\\\/es\\\/establecer-un-negocio-en-belgica\\\/sociedad-o-autonomo\\\/\"]}]},{\"@type\":\"BreadcrumbList\",\"@id\":\"https:\\\/\\\/www.brussels-accountants.be\\\/es\\\/establecer-un-negocio-en-belgica\\\/sociedad-o-autonomo\\\/#breadcrumb\",\"itemListElement\":[{\"@type\":\"ListItem\",\"position\":1,\"name\":\"Accueil\",\"item\":\"https:\\\/\\\/www.brussels-accountants.be\\\/\"},{\"@type\":\"ListItem\",\"position\":2,\"name\":\"Establecer un Negocio en B\u00e9lgica\",\"item\":\"https:\\\/\\\/www.brussels-accountants.be\\\/es\\\/establecer-un-negocio-en-belgica\\\/\"},{\"@type\":\"ListItem\",\"position\":3,\"name\":\"\u00bfSOCIEDAD O AUT\u00d3NOMO?\"}]},{\"@type\":\"WebSite\",\"@id\":\"https:\\\/\\\/www.brussels-accountants.be\\\/#website\",\"url\":\"https:\\\/\\\/www.brussels-accountants.be\\\/\",\"name\":\"Brussels Accountants\",\"description\":\"&lt;strong&gt;Brussels Accountants&lt;\\\/strong&gt; est une entreprise Internationale de comptabilit\u00e9 offrant \u00e0 ses clients une comptabilit\u00e9 appropri\u00e9e et une consultance optimis\u00e9e des imp\u00f4ts. Le cabinet est comp\u00e9tent au sein du contexte belge, pour les citoyens redevables de l\u2019imp\u00f4t belge. Nous sommes aussi reconnus en tant que guide fiable et compagnon pour les expatri\u00e9s qui ont besoin de constituer leur activit\u00e9, d&#039;en assurer la croissance et l\u2019organisation sur le territoire belge.\",\"publisher\":{\"@id\":\"https:\\\/\\\/www.brussels-accountants.be\\\/#organization\"},\"potentialAction\":[{\"@type\":\"SearchAction\",\"target\":{\"@type\":\"EntryPoint\",\"urlTemplate\":\"https:\\\/\\\/www.brussels-accountants.be\\\/?s={search_term_string}\"},\"query-input\":{\"@type\":\"PropertyValueSpecification\",\"valueRequired\":true,\"valueName\":\"search_term_string\"}}],\"inLanguage\":\"nl-NL\"},{\"@type\":\"Organization\",\"@id\":\"https:\\\/\\\/www.brussels-accountants.be\\\/#organization\",\"name\":\"Brussels Accountants\",\"url\":\"https:\\\/\\\/www.brussels-accountants.be\\\/\",\"logo\":{\"@type\":\"ImageObject\",\"inLanguage\":\"nl-NL\",\"@id\":\"https:\\\/\\\/www.brussels-accountants.be\\\/#\\\/schema\\\/logo\\\/image\\\/\",\"url\":\"https:\\\/\\\/www.brussels-accountants.be\\\/wp-content\\\/uploads\\\/2018\\\/10\\\/cropped-logo-medium.png\",\"contentUrl\":\"https:\\\/\\\/www.brussels-accountants.be\\\/wp-content\\\/uploads\\\/2018\\\/10\\\/cropped-logo-medium.png\",\"width\":512,\"height\":512,\"caption\":\"Brussels Accountants\"},\"image\":{\"@id\":\"https:\\\/\\\/www.brussels-accountants.be\\\/#\\\/schema\\\/logo\\\/image\\\/\"}}]}<\/script>\n<!-- \/ Yoast SEO plugin. -->","yoast_head_json":{"title":"\u00bfSOCIEDAD O AUT\u00d3NOMO? - Brussels Accountants","robots":{"index":"index","follow":"follow","max-snippet":"max-snippet:-1","max-image-preview":"max-image-preview:large","max-video-preview":"max-video-preview:-1"},"canonical":"https:\/\/www.brussels-accountants.be\/nl\/establecer-un-negocio-en-belgica\/sociedad-o-autonomo\/","og_locale":"nl_NL","og_type":"article","og_title":"\u00bfSOCIEDAD O AUT\u00d3NOMO? - Brussels Accountants","og_description":"Para obtener una idea clara de estas dos opciones, por favor, lea detenidamente la siguiente tabla comparativa Ventajas Aut\u00f3nomo Existen unas pocas formalidades y un coste limitado, especialmente en cuanto a la contabilidad R\u00e1pida toma de decisiones, un r\u00e1pida constituci\u00f3n, un f\u00e1cil seguimiento. No necesita establecer un capital de constituci\u00f3n. Sociedad Una sociedad necesita la [&hellip;]","og_url":"https:\/\/www.brussels-accountants.be\/es\/establecer-un-negocio-en-belgica\/sociedad-o-autonomo\/","og_site_name":"Brussels Accountants","article_modified_time":"2022-01-07T14:18:26+00:00","twitter_card":"summary_large_image","twitter_misc":{"Est. reading time":"2 minutes"},"schema":{"@context":"https:\/\/schema.org","@graph":[{"@type":"WebPage","@id":"https:\/\/www.brussels-accountants.be\/es\/establecer-un-negocio-en-belgica\/sociedad-o-autonomo\/","url":"https:\/\/www.brussels-accountants.be\/es\/establecer-un-negocio-en-belgica\/sociedad-o-autonomo\/","name":"\u00bfSOCIEDAD O AUT\u00d3NOMO? - Brussels Accountants","isPartOf":{"@id":"https:\/\/www.brussels-accountants.be\/#website"},"datePublished":"2018-10-25T12:21:23+00:00","dateModified":"2022-01-07T14:18:26+00:00","breadcrumb":{"@id":"https:\/\/www.brussels-accountants.be\/es\/establecer-un-negocio-en-belgica\/sociedad-o-autonomo\/#breadcrumb"},"inLanguage":"nl-NL","potentialAction":[{"@type":"ReadAction","target":["https:\/\/www.brussels-accountants.be\/es\/establecer-un-negocio-en-belgica\/sociedad-o-autonomo\/"]}]},{"@type":"BreadcrumbList","@id":"https:\/\/www.brussels-accountants.be\/es\/establecer-un-negocio-en-belgica\/sociedad-o-autonomo\/#breadcrumb","itemListElement":[{"@type":"ListItem","position":1,"name":"Accueil","item":"https:\/\/www.brussels-accountants.be\/"},{"@type":"ListItem","position":2,"name":"Establecer un Negocio en B\u00e9lgica","item":"https:\/\/www.brussels-accountants.be\/es\/establecer-un-negocio-en-belgica\/"},{"@type":"ListItem","position":3,"name":"\u00bfSOCIEDAD O AUT\u00d3NOMO?"}]},{"@type":"WebSite","@id":"https:\/\/www.brussels-accountants.be\/#website","url":"https:\/\/www.brussels-accountants.be\/","name":"Brussels Accountants","description":"&lt;strong&gt;Brussels Accountants&lt;\/strong&gt; est une entreprise Internationale de comptabilit\u00e9 offrant \u00e0 ses clients une comptabilit\u00e9 appropri\u00e9e et une consultance optimis\u00e9e des imp\u00f4ts. Le cabinet est comp\u00e9tent au sein du contexte belge, pour les citoyens redevables de l\u2019imp\u00f4t belge. Nous sommes aussi reconnus en tant que guide fiable et compagnon pour les expatri\u00e9s qui ont besoin de constituer leur activit\u00e9, d&#039;en assurer la croissance et l\u2019organisation sur le territoire belge.","publisher":{"@id":"https:\/\/www.brussels-accountants.be\/#organization"},"potentialAction":[{"@type":"SearchAction","target":{"@type":"EntryPoint","urlTemplate":"https:\/\/www.brussels-accountants.be\/?s={search_term_string}"},"query-input":{"@type":"PropertyValueSpecification","valueRequired":true,"valueName":"search_term_string"}}],"inLanguage":"nl-NL"},{"@type":"Organization","@id":"https:\/\/www.brussels-accountants.be\/#organization","name":"Brussels Accountants","url":"https:\/\/www.brussels-accountants.be\/","logo":{"@type":"ImageObject","inLanguage":"nl-NL","@id":"https:\/\/www.brussels-accountants.be\/#\/schema\/logo\/image\/","url":"https:\/\/www.brussels-accountants.be\/wp-content\/uploads\/2018\/10\/cropped-logo-medium.png","contentUrl":"https:\/\/www.brussels-accountants.be\/wp-content\/uploads\/2018\/10\/cropped-logo-medium.png","width":512,"height":512,"caption":"Brussels Accountants"},"image":{"@id":"https:\/\/www.brussels-accountants.be\/#\/schema\/logo\/image\/"}}]}},"_links":{"self":[{"href":"https:\/\/www.brussels-accountants.be\/nl\/wp-json\/wp\/v2\/pages\/527","targetHints":{"allow":["GET"]}}],"collection":[{"href":"https:\/\/www.brussels-accountants.be\/nl\/wp-json\/wp\/v2\/pages"}],"about":[{"href":"https:\/\/www.brussels-accountants.be\/nl\/wp-json\/wp\/v2\/types\/page"}],"author":[{"embeddable":true,"href":"https:\/\/www.brussels-accountants.be\/nl\/wp-json\/wp\/v2\/users\/1"}],"replies":[{"embeddable":true,"href":"https:\/\/www.brussels-accountants.be\/nl\/wp-json\/wp\/v2\/comments?post=527"}],"version-history":[{"count":2,"href":"https:\/\/www.brussels-accountants.be\/nl\/wp-json\/wp\/v2\/pages\/527\/revisions"}],"predecessor-version":[{"id":1894,"href":"https:\/\/www.brussels-accountants.be\/nl\/wp-json\/wp\/v2\/pages\/527\/revisions\/1894"}],"up":[{"embeddable":true,"href":"https:\/\/www.brussels-accountants.be\/nl\/wp-json\/wp\/v2\/pages\/522"}],"wp:attachment":[{"href":"https:\/\/www.brussels-accountants.be\/nl\/wp-json\/wp\/v2\/media?parent=527"}],"curies":[{"name":"wp","href":"https:\/\/api.w.org\/{rel}","templated":true}]}}