{"id":506,"date":"2018-10-25T14:05:31","date_gmt":"2018-10-25T12:05:31","guid":{"rendered":"https:\/\/www.fidupress.be\/ba\/?page_id=506"},"modified":"2025-11-20T16:42:13","modified_gmt":"2025-11-20T15:42:13","slug":"servicios","status":"publish","type":"page","link":"https:\/\/www.brussels-accountants.be\/nl\/servicios\/","title":{"rendered":"Servicios"},"content":{"rendered":"\n<p><strong>Brussels Accountants<\/strong>&nbsp;es una empresa de contabilidad internacional orientada a ofrecer mejores y adaptados servicios de asesoramiento fiscal a sus clientes. &nbsp;Nuestra empresa presta sus servicios a las entidades con obligaciones en el contexto legal belga, estamos especializados en aconsejar y guiar a las compa\u00f1\u00edas a la hora de constituir, organizar y desarrollar su actividad econ\u00f3mica o comercial en B\u00e9lgica.<\/p>\n\n\n\n<p><strong>Brussels Accountants<\/strong>&nbsp;es un equipo que cuenta con profesionales y trabaja para alrededor de unos 225&nbsp;clientes. En ocasiones y dependiendo del volumen de trabajo, la oficina es apoyada por competentes universitarios ya sean en practicas o experimentados, los cuales respaldan su trabajo en nuestro equipo.&nbsp;<\/p>\n\n\n\n<h2 class=\"wp-block-heading\">Informaci\u00f3n adicional<\/h2>\n\n\n\n<ul class=\"wp-block-list\">\n<li><a href=\"\/es\/servicios\/empresas\/\">Haga click aqu\u00ed<\/a>\u00a0para los servicios que Brussels Accountants presta a las\u00a0<strong>Empresas<\/strong>\u00a0(aut\u00f3nomos-compa\u00f1\u00edas)<\/li>\n\n\n\n<li><a href=\"\/es\/servicios\/asociaciones-sin-animo-lucro\/\">Haga click aqu\u00ed<\/a>\u00a0para los servicios que Brussels Accountants presta a las\u00a0<strong>Asociaciones sin \u00c1nimo de Lucro<\/strong><\/li>\n\n\n\n<li><a href=\"\/es\/servicios\/expatriados\/\">Haga click aqu\u00ed<\/a>\u00a0para los servicios que Brussels Accountants presta a los\u00a0<strong>Expatriados<\/strong><\/li>\n\n\n\n<li><a href=\"\/es\/services\/peppol\/\">Haga click aqu\u00ed<\/a>\u00a0para los servicios que Brussels Accountants presta a los\u00a0<strong>Peppol<\/strong><\/li>\n<\/ul>\n\n\n\n<p><\/p>\n","protected":false},"excerpt":{"rendered":"<p>Brussels Accountants&nbsp;es una empresa de contabilidad internacional orientada a ofrecer mejores y adaptados servicios de asesoramiento fiscal a sus clientes. &nbsp;Nuestra empresa presta sus servicios a las entidades con obligaciones en el contexto legal belga, estamos especializados en aconsejar y guiar a las compa\u00f1\u00edas a la hora de constituir, organizar y desarrollar su actividad econ\u00f3mica [&hellip;]<\/p>\n","protected":false},"author":1,"featured_media":0,"parent":0,"menu_order":0,"comment_status":"closed","ping_status":"closed","template":"","meta":{"footnotes":""},"class_list":["post-506","page","type-page","status-publish","hentry"],"acf":[],"yoast_head":"<!-- This site is optimized with the Yoast SEO plugin v27.4 - https:\/\/yoast.com\/product\/yoast-seo-wordpress\/ -->\n<title>Servicios - Brussels Accountants<\/title>\n<meta name=\"robots\" content=\"index, follow, max-snippet:-1, max-image-preview:large, max-video-preview:-1\" \/>\n<link rel=\"canonical\" href=\"https:\/\/www.brussels-accountants.be\/nl\/servicios\/\" \/>\n<meta property=\"og:locale\" content=\"nl_NL\" \/>\n<meta property=\"og:type\" content=\"article\" \/>\n<meta property=\"og:title\" content=\"Servicios - Brussels Accountants\" \/>\n<meta property=\"og:description\" content=\"Brussels Accountants&nbsp;es una empresa de contabilidad internacional orientada a ofrecer mejores y adaptados servicios de asesoramiento fiscal a sus clientes. &nbsp;Nuestra empresa presta sus servicios a las entidades con obligaciones en el contexto legal belga, estamos especializados en aconsejar y guiar a las compa\u00f1\u00edas a la hora de constituir, organizar y desarrollar su actividad econ\u00f3mica [&hellip;]\" \/>\n<meta property=\"og:url\" content=\"https:\/\/www.brussels-accountants.be\/servicios\/\" \/>\n<meta property=\"og:site_name\" content=\"Brussels Accountants\" \/>\n<meta property=\"article:modified_time\" content=\"2025-11-20T15:42:13+00:00\" \/>\n<meta name=\"twitter:card\" content=\"summary_large_image\" \/>\n<meta name=\"twitter:label1\" content=\"Est. reading time\" \/>\n\t<meta name=\"twitter:data1\" content=\"1 minute\" \/>\n<script type=\"application\/ld+json\" class=\"yoast-schema-graph\">{\"@context\":\"https:\\\/\\\/schema.org\",\"@graph\":[{\"@type\":\"WebPage\",\"@id\":\"https:\\\/\\\/www.brussels-accountants.be\\\/servicios\\\/\",\"url\":\"https:\\\/\\\/www.brussels-accountants.be\\\/servicios\\\/\",\"name\":\"Servicios - Brussels Accountants\",\"isPartOf\":{\"@id\":\"https:\\\/\\\/www.brussels-accountants.be\\\/#website\"},\"datePublished\":\"2018-10-25T12:05:31+00:00\",\"dateModified\":\"2025-11-20T15:42:13+00:00\",\"breadcrumb\":{\"@id\":\"https:\\\/\\\/www.brussels-accountants.be\\\/servicios\\\/#breadcrumb\"},\"inLanguage\":\"nl-NL\",\"potentialAction\":[{\"@type\":\"ReadAction\",\"target\":[\"https:\\\/\\\/www.brussels-accountants.be\\\/servicios\\\/\"]}]},{\"@type\":\"BreadcrumbList\",\"@id\":\"https:\\\/\\\/www.brussels-accountants.be\\\/servicios\\\/#breadcrumb\",\"itemListElement\":[{\"@type\":\"ListItem\",\"position\":1,\"name\":\"Accueil\",\"item\":\"https:\\\/\\\/www.brussels-accountants.be\\\/\"},{\"@type\":\"ListItem\",\"position\":2,\"name\":\"Servicios\"}]},{\"@type\":\"WebSite\",\"@id\":\"https:\\\/\\\/www.brussels-accountants.be\\\/#website\",\"url\":\"https:\\\/\\\/www.brussels-accountants.be\\\/\",\"name\":\"Brussels Accountants\",\"description\":\"&lt;strong&gt;Brussels Accountants&lt;\\\/strong&gt; est une entreprise Internationale de comptabilit\u00e9 offrant \u00e0 ses clients une comptabilit\u00e9 appropri\u00e9e et une consultance optimis\u00e9e des imp\u00f4ts. Le cabinet est comp\u00e9tent au sein du contexte belge, pour les citoyens redevables de l\u2019imp\u00f4t belge. Nous sommes aussi reconnus en tant que guide fiable et compagnon pour les expatri\u00e9s qui ont besoin de constituer leur activit\u00e9, d&#039;en assurer la croissance et l\u2019organisation sur le territoire belge.\",\"publisher\":{\"@id\":\"https:\\\/\\\/www.brussels-accountants.be\\\/#organization\"},\"potentialAction\":[{\"@type\":\"SearchAction\",\"target\":{\"@type\":\"EntryPoint\",\"urlTemplate\":\"https:\\\/\\\/www.brussels-accountants.be\\\/?s={search_term_string}\"},\"query-input\":{\"@type\":\"PropertyValueSpecification\",\"valueRequired\":true,\"valueName\":\"search_term_string\"}}],\"inLanguage\":\"nl-NL\"},{\"@type\":\"Organization\",\"@id\":\"https:\\\/\\\/www.brussels-accountants.be\\\/#organization\",\"name\":\"Brussels Accountants\",\"url\":\"https:\\\/\\\/www.brussels-accountants.be\\\/\",\"logo\":{\"@type\":\"ImageObject\",\"inLanguage\":\"nl-NL\",\"@id\":\"https:\\\/\\\/www.brussels-accountants.be\\\/#\\\/schema\\\/logo\\\/image\\\/\",\"url\":\"https:\\\/\\\/www.brussels-accountants.be\\\/wp-content\\\/uploads\\\/2018\\\/10\\\/cropped-logo-medium.png\",\"contentUrl\":\"https:\\\/\\\/www.brussels-accountants.be\\\/wp-content\\\/uploads\\\/2018\\\/10\\\/cropped-logo-medium.png\",\"width\":512,\"height\":512,\"caption\":\"Brussels Accountants\"},\"image\":{\"@id\":\"https:\\\/\\\/www.brussels-accountants.be\\\/#\\\/schema\\\/logo\\\/image\\\/\"}}]}<\/script>\n<!-- \/ Yoast SEO plugin. -->","yoast_head_json":{"title":"Servicios - Brussels Accountants","robots":{"index":"index","follow":"follow","max-snippet":"max-snippet:-1","max-image-preview":"max-image-preview:large","max-video-preview":"max-video-preview:-1"},"canonical":"https:\/\/www.brussels-accountants.be\/nl\/servicios\/","og_locale":"nl_NL","og_type":"article","og_title":"Servicios - Brussels Accountants","og_description":"Brussels Accountants&nbsp;es una empresa de contabilidad internacional orientada a ofrecer mejores y adaptados servicios de asesoramiento fiscal a sus clientes. &nbsp;Nuestra empresa presta sus servicios a las entidades con obligaciones en el contexto legal belga, estamos especializados en aconsejar y guiar a las compa\u00f1\u00edas a la hora de constituir, organizar y desarrollar su actividad econ\u00f3mica [&hellip;]","og_url":"https:\/\/www.brussels-accountants.be\/servicios\/","og_site_name":"Brussels Accountants","article_modified_time":"2025-11-20T15:42:13+00:00","twitter_card":"summary_large_image","twitter_misc":{"Est. reading time":"1 minute"},"schema":{"@context":"https:\/\/schema.org","@graph":[{"@type":"WebPage","@id":"https:\/\/www.brussels-accountants.be\/servicios\/","url":"https:\/\/www.brussels-accountants.be\/servicios\/","name":"Servicios - Brussels Accountants","isPartOf":{"@id":"https:\/\/www.brussels-accountants.be\/#website"},"datePublished":"2018-10-25T12:05:31+00:00","dateModified":"2025-11-20T15:42:13+00:00","breadcrumb":{"@id":"https:\/\/www.brussels-accountants.be\/servicios\/#breadcrumb"},"inLanguage":"nl-NL","potentialAction":[{"@type":"ReadAction","target":["https:\/\/www.brussels-accountants.be\/servicios\/"]}]},{"@type":"BreadcrumbList","@id":"https:\/\/www.brussels-accountants.be\/servicios\/#breadcrumb","itemListElement":[{"@type":"ListItem","position":1,"name":"Accueil","item":"https:\/\/www.brussels-accountants.be\/"},{"@type":"ListItem","position":2,"name":"Servicios"}]},{"@type":"WebSite","@id":"https:\/\/www.brussels-accountants.be\/#website","url":"https:\/\/www.brussels-accountants.be\/","name":"Brussels Accountants","description":"&lt;strong&gt;Brussels Accountants&lt;\/strong&gt; est une entreprise Internationale de comptabilit\u00e9 offrant \u00e0 ses clients une comptabilit\u00e9 appropri\u00e9e et une consultance optimis\u00e9e des imp\u00f4ts. Le cabinet est comp\u00e9tent au sein du contexte belge, pour les citoyens redevables de l\u2019imp\u00f4t belge. Nous sommes aussi reconnus en tant que guide fiable et compagnon pour les expatri\u00e9s qui ont besoin de constituer leur activit\u00e9, d&#039;en assurer la croissance et l\u2019organisation sur le territoire belge.","publisher":{"@id":"https:\/\/www.brussels-accountants.be\/#organization"},"potentialAction":[{"@type":"SearchAction","target":{"@type":"EntryPoint","urlTemplate":"https:\/\/www.brussels-accountants.be\/?s={search_term_string}"},"query-input":{"@type":"PropertyValueSpecification","valueRequired":true,"valueName":"search_term_string"}}],"inLanguage":"nl-NL"},{"@type":"Organization","@id":"https:\/\/www.brussels-accountants.be\/#organization","name":"Brussels Accountants","url":"https:\/\/www.brussels-accountants.be\/","logo":{"@type":"ImageObject","inLanguage":"nl-NL","@id":"https:\/\/www.brussels-accountants.be\/#\/schema\/logo\/image\/","url":"https:\/\/www.brussels-accountants.be\/wp-content\/uploads\/2018\/10\/cropped-logo-medium.png","contentUrl":"https:\/\/www.brussels-accountants.be\/wp-content\/uploads\/2018\/10\/cropped-logo-medium.png","width":512,"height":512,"caption":"Brussels Accountants"},"image":{"@id":"https:\/\/www.brussels-accountants.be\/#\/schema\/logo\/image\/"}}]}},"_links":{"self":[{"href":"https:\/\/www.brussels-accountants.be\/nl\/wp-json\/wp\/v2\/pages\/506","targetHints":{"allow":["GET"]}}],"collection":[{"href":"https:\/\/www.brussels-accountants.be\/nl\/wp-json\/wp\/v2\/pages"}],"about":[{"href":"https:\/\/www.brussels-accountants.be\/nl\/wp-json\/wp\/v2\/types\/page"}],"author":[{"embeddable":true,"href":"https:\/\/www.brussels-accountants.be\/nl\/wp-json\/wp\/v2\/users\/1"}],"replies":[{"embeddable":true,"href":"https:\/\/www.brussels-accountants.be\/nl\/wp-json\/wp\/v2\/comments?post=506"}],"version-history":[{"count":9,"href":"https:\/\/www.brussels-accountants.be\/nl\/wp-json\/wp\/v2\/pages\/506\/revisions"}],"predecessor-version":[{"id":20350,"href":"https:\/\/www.brussels-accountants.be\/nl\/wp-json\/wp\/v2\/pages\/506\/revisions\/20350"}],"wp:attachment":[{"href":"https:\/\/www.brussels-accountants.be\/nl\/wp-json\/wp\/v2\/media?parent=506"}],"curies":[{"name":"wp","href":"https:\/\/api.w.org\/{rel}","templated":true}]}}