{"id":369,"date":"2018-10-25T13:49:00","date_gmt":"2018-10-25T11:49:00","guid":{"rendered":"https:\/\/www.fidupress.be\/ba\/?page_id=369"},"modified":"2018-10-25T13:49:01","modified_gmt":"2018-10-25T11:49:01","slug":"belgian-vat","status":"publish","type":"page","link":"https:\/\/www.brussels-accountants.be\/nl\/setting-up-business-in-belgium\/belgian-vat\/","title":{"rendered":"Belgian VAT"},"content":{"rendered":"\n<p><strong>Value-added tax<\/strong>&nbsp;is applied to all exchanges of goods and services except for exports, real estate rents, dividends, interest on loans and deposits, and limited categories of fees (e.g. journalists or&nbsp;doctors). As far as intra-Community Trade (within the EU) is concerned, the concepts \u201cexportation\u201d and \u201cimportation\u201d were abolished and replaced by \u201cintra-Community supply\u201d for supply of goods (which continues to be exempted from VAT) and \u201cintra-Community acquisition\u201d (which is a taxable event according the so-called VAT-reverse charge mechanism: the VAT being due is in principal simultaneously deductible within the same VAT-return).&nbsp;<\/p>\n\n\n\n<p>Three VAT rates apply:<\/p>\n\n\n\n<ul class=\"wp-block-list\"><li>a lower rate of 6% (basic food, water distribution, hotel services, transportation, property restoration, cinema, etc.);<\/li><li>a 12% (social housing, margarine, etc.);<\/li><li>a basic rate of taxation of 21% from January 1st 1996. For gold as an investment asset an exemption of VAT applies.&nbsp;Not to&nbsp;be confused with VAT are the excise duties imposed on petroleum, tobacco products,&nbsp;alcoholic drinks and sugar.<\/li><\/ul>\n\n\n\n<p><strong>BRUSSELS ACCOUNTANTS&nbsp;<\/strong>has experienced contacts helping clients in obtaining a Belgian excise license. The office is very experienced in filing quarterly or monthly VAT-returns and other related VAT-formalities.<\/p>\n\n\n\n<p>The firm also has a few clients having the obligation to submit INTRASTAT declarations.<\/p>\n\n\n\n<p><strong>BRUSSELS ACCOUNTANTS<\/strong>&nbsp;can also study any specific VAT-question you might have. For VAT-queries in very complex situations (possibly cross-border transactions), the office liaises with&nbsp;experienced VAT-specialists who focus on customs and\/or VAT-problems&nbsp;solely from a legal perspective.<\/p>\n\n\n\n<p><strong>BRUSSELS ACCOUNTANTS<\/strong>&nbsp;will then implement the offered solutions in client\u2019s accounts as well as valid VAT-returns.<\/p>\n","protected":false},"excerpt":{"rendered":"<p>Value-added tax&nbsp;is applied to all exchanges of goods and services except for exports, real estate rents, dividends, interest on loans and deposits, and limited categories of fees (e.g. journalists or&nbsp;doctors). As far as intra-Community Trade (within the EU) is concerned, the concepts \u201cexportation\u201d and \u201cimportation\u201d were abolished and replaced by \u201cintra-Community supply\u201d for supply of [&hellip;]<\/p>\n","protected":false},"author":1,"featured_media":0,"parent":354,"menu_order":0,"comment_status":"closed","ping_status":"closed","template":"","meta":{"footnotes":""},"class_list":["post-369","page","type-page","status-publish","hentry"],"acf":[],"yoast_head":"<!-- This site is optimized with the Yoast SEO plugin v27.4 - https:\/\/yoast.com\/product\/yoast-seo-wordpress\/ -->\n<title>Belgian VAT - Brussels Accountants<\/title>\n<meta name=\"robots\" content=\"index, follow, max-snippet:-1, max-image-preview:large, max-video-preview:-1\" \/>\n<link rel=\"canonical\" href=\"https:\/\/www.brussels-accountants.be\/nl\/setting-up-business-in-belgium\/belgian-vat\/\" \/>\n<meta property=\"og:locale\" content=\"nl_NL\" \/>\n<meta property=\"og:type\" content=\"article\" \/>\n<meta property=\"og:title\" content=\"Belgian VAT - Brussels Accountants\" \/>\n<meta property=\"og:description\" content=\"Value-added tax&nbsp;is applied to all exchanges of goods and services except for exports, real estate rents, dividends, interest on loans and deposits, and limited categories of fees (e.g. journalists or&nbsp;doctors). As far as intra-Community Trade (within the EU) is concerned, the concepts \u201cexportation\u201d and \u201cimportation\u201d were abolished and replaced by \u201cintra-Community supply\u201d for supply of [&hellip;]\" \/>\n<meta property=\"og:url\" content=\"https:\/\/www.brussels-accountants.be\/en\/setting-up-business-in-belgium\/belgian-vat\/\" \/>\n<meta property=\"og:site_name\" content=\"Brussels Accountants\" \/>\n<meta property=\"article:modified_time\" content=\"2018-10-25T11:49:01+00:00\" \/>\n<meta name=\"twitter:card\" content=\"summary_large_image\" \/>\n<meta name=\"twitter:label1\" content=\"Est. reading time\" \/>\n\t<meta name=\"twitter:data1\" content=\"1 minute\" \/>\n<script type=\"application\/ld+json\" class=\"yoast-schema-graph\">{\"@context\":\"https:\\\/\\\/schema.org\",\"@graph\":[{\"@type\":\"WebPage\",\"@id\":\"https:\\\/\\\/www.brussels-accountants.be\\\/en\\\/setting-up-business-in-belgium\\\/belgian-vat\\\/\",\"url\":\"https:\\\/\\\/www.brussels-accountants.be\\\/en\\\/setting-up-business-in-belgium\\\/belgian-vat\\\/\",\"name\":\"Belgian VAT - Brussels Accountants\",\"isPartOf\":{\"@id\":\"https:\\\/\\\/www.brussels-accountants.be\\\/#website\"},\"datePublished\":\"2018-10-25T11:49:00+00:00\",\"dateModified\":\"2018-10-25T11:49:01+00:00\",\"breadcrumb\":{\"@id\":\"https:\\\/\\\/www.brussels-accountants.be\\\/en\\\/setting-up-business-in-belgium\\\/belgian-vat\\\/#breadcrumb\"},\"inLanguage\":\"nl-NL\",\"potentialAction\":[{\"@type\":\"ReadAction\",\"target\":[\"https:\\\/\\\/www.brussels-accountants.be\\\/en\\\/setting-up-business-in-belgium\\\/belgian-vat\\\/\"]}]},{\"@type\":\"BreadcrumbList\",\"@id\":\"https:\\\/\\\/www.brussels-accountants.be\\\/en\\\/setting-up-business-in-belgium\\\/belgian-vat\\\/#breadcrumb\",\"itemListElement\":[{\"@type\":\"ListItem\",\"position\":1,\"name\":\"Accueil\",\"item\":\"https:\\\/\\\/www.brussels-accountants.be\\\/\"},{\"@type\":\"ListItem\",\"position\":2,\"name\":\"Setting up Business in Belgium\",\"item\":\"https:\\\/\\\/www.brussels-accountants.be\\\/en\\\/setting-up-business-in-belgium\\\/\"},{\"@type\":\"ListItem\",\"position\":3,\"name\":\"Belgian VAT\"}]},{\"@type\":\"WebSite\",\"@id\":\"https:\\\/\\\/www.brussels-accountants.be\\\/#website\",\"url\":\"https:\\\/\\\/www.brussels-accountants.be\\\/\",\"name\":\"Brussels Accountants\",\"description\":\"&lt;strong&gt;Brussels Accountants&lt;\\\/strong&gt; est une entreprise Internationale de comptabilit\u00e9 offrant \u00e0 ses clients une comptabilit\u00e9 appropri\u00e9e et une consultance optimis\u00e9e des imp\u00f4ts. Le cabinet est comp\u00e9tent au sein du contexte belge, pour les citoyens redevables de l\u2019imp\u00f4t belge. Nous sommes aussi reconnus en tant que guide fiable et compagnon pour les expatri\u00e9s qui ont besoin de constituer leur activit\u00e9, d&#039;en assurer la croissance et l\u2019organisation sur le territoire belge.\",\"publisher\":{\"@id\":\"https:\\\/\\\/www.brussels-accountants.be\\\/#organization\"},\"potentialAction\":[{\"@type\":\"SearchAction\",\"target\":{\"@type\":\"EntryPoint\",\"urlTemplate\":\"https:\\\/\\\/www.brussels-accountants.be\\\/?s={search_term_string}\"},\"query-input\":{\"@type\":\"PropertyValueSpecification\",\"valueRequired\":true,\"valueName\":\"search_term_string\"}}],\"inLanguage\":\"nl-NL\"},{\"@type\":\"Organization\",\"@id\":\"https:\\\/\\\/www.brussels-accountants.be\\\/#organization\",\"name\":\"Brussels Accountants\",\"url\":\"https:\\\/\\\/www.brussels-accountants.be\\\/\",\"logo\":{\"@type\":\"ImageObject\",\"inLanguage\":\"nl-NL\",\"@id\":\"https:\\\/\\\/www.brussels-accountants.be\\\/#\\\/schema\\\/logo\\\/image\\\/\",\"url\":\"https:\\\/\\\/www.brussels-accountants.be\\\/wp-content\\\/uploads\\\/2018\\\/10\\\/cropped-logo-medium.png\",\"contentUrl\":\"https:\\\/\\\/www.brussels-accountants.be\\\/wp-content\\\/uploads\\\/2018\\\/10\\\/cropped-logo-medium.png\",\"width\":512,\"height\":512,\"caption\":\"Brussels Accountants\"},\"image\":{\"@id\":\"https:\\\/\\\/www.brussels-accountants.be\\\/#\\\/schema\\\/logo\\\/image\\\/\"}}]}<\/script>\n<!-- \/ Yoast SEO plugin. -->","yoast_head_json":{"title":"Belgian VAT - Brussels Accountants","robots":{"index":"index","follow":"follow","max-snippet":"max-snippet:-1","max-image-preview":"max-image-preview:large","max-video-preview":"max-video-preview:-1"},"canonical":"https:\/\/www.brussels-accountants.be\/nl\/setting-up-business-in-belgium\/belgian-vat\/","og_locale":"nl_NL","og_type":"article","og_title":"Belgian VAT - Brussels Accountants","og_description":"Value-added tax&nbsp;is applied to all exchanges of goods and services except for exports, real estate rents, dividends, interest on loans and deposits, and limited categories of fees (e.g. journalists or&nbsp;doctors). As far as intra-Community Trade (within the EU) is concerned, the concepts \u201cexportation\u201d and \u201cimportation\u201d were abolished and replaced by \u201cintra-Community supply\u201d for supply of [&hellip;]","og_url":"https:\/\/www.brussels-accountants.be\/en\/setting-up-business-in-belgium\/belgian-vat\/","og_site_name":"Brussels Accountants","article_modified_time":"2018-10-25T11:49:01+00:00","twitter_card":"summary_large_image","twitter_misc":{"Est. reading time":"1 minute"},"schema":{"@context":"https:\/\/schema.org","@graph":[{"@type":"WebPage","@id":"https:\/\/www.brussels-accountants.be\/en\/setting-up-business-in-belgium\/belgian-vat\/","url":"https:\/\/www.brussels-accountants.be\/en\/setting-up-business-in-belgium\/belgian-vat\/","name":"Belgian VAT - Brussels Accountants","isPartOf":{"@id":"https:\/\/www.brussels-accountants.be\/#website"},"datePublished":"2018-10-25T11:49:00+00:00","dateModified":"2018-10-25T11:49:01+00:00","breadcrumb":{"@id":"https:\/\/www.brussels-accountants.be\/en\/setting-up-business-in-belgium\/belgian-vat\/#breadcrumb"},"inLanguage":"nl-NL","potentialAction":[{"@type":"ReadAction","target":["https:\/\/www.brussels-accountants.be\/en\/setting-up-business-in-belgium\/belgian-vat\/"]}]},{"@type":"BreadcrumbList","@id":"https:\/\/www.brussels-accountants.be\/en\/setting-up-business-in-belgium\/belgian-vat\/#breadcrumb","itemListElement":[{"@type":"ListItem","position":1,"name":"Accueil","item":"https:\/\/www.brussels-accountants.be\/"},{"@type":"ListItem","position":2,"name":"Setting up Business in Belgium","item":"https:\/\/www.brussels-accountants.be\/en\/setting-up-business-in-belgium\/"},{"@type":"ListItem","position":3,"name":"Belgian VAT"}]},{"@type":"WebSite","@id":"https:\/\/www.brussels-accountants.be\/#website","url":"https:\/\/www.brussels-accountants.be\/","name":"Brussels Accountants","description":"&lt;strong&gt;Brussels Accountants&lt;\/strong&gt; est une entreprise Internationale de comptabilit\u00e9 offrant \u00e0 ses clients une comptabilit\u00e9 appropri\u00e9e et une consultance optimis\u00e9e des imp\u00f4ts. Le cabinet est comp\u00e9tent au sein du contexte belge, pour les citoyens redevables de l\u2019imp\u00f4t belge. Nous sommes aussi reconnus en tant que guide fiable et compagnon pour les expatri\u00e9s qui ont besoin de constituer leur activit\u00e9, d&#039;en assurer la croissance et l\u2019organisation sur le territoire belge.","publisher":{"@id":"https:\/\/www.brussels-accountants.be\/#organization"},"potentialAction":[{"@type":"SearchAction","target":{"@type":"EntryPoint","urlTemplate":"https:\/\/www.brussels-accountants.be\/?s={search_term_string}"},"query-input":{"@type":"PropertyValueSpecification","valueRequired":true,"valueName":"search_term_string"}}],"inLanguage":"nl-NL"},{"@type":"Organization","@id":"https:\/\/www.brussels-accountants.be\/#organization","name":"Brussels Accountants","url":"https:\/\/www.brussels-accountants.be\/","logo":{"@type":"ImageObject","inLanguage":"nl-NL","@id":"https:\/\/www.brussels-accountants.be\/#\/schema\/logo\/image\/","url":"https:\/\/www.brussels-accountants.be\/wp-content\/uploads\/2018\/10\/cropped-logo-medium.png","contentUrl":"https:\/\/www.brussels-accountants.be\/wp-content\/uploads\/2018\/10\/cropped-logo-medium.png","width":512,"height":512,"caption":"Brussels Accountants"},"image":{"@id":"https:\/\/www.brussels-accountants.be\/#\/schema\/logo\/image\/"}}]}},"_links":{"self":[{"href":"https:\/\/www.brussels-accountants.be\/nl\/wp-json\/wp\/v2\/pages\/369","targetHints":{"allow":["GET"]}}],"collection":[{"href":"https:\/\/www.brussels-accountants.be\/nl\/wp-json\/wp\/v2\/pages"}],"about":[{"href":"https:\/\/www.brussels-accountants.be\/nl\/wp-json\/wp\/v2\/types\/page"}],"author":[{"embeddable":true,"href":"https:\/\/www.brussels-accountants.be\/nl\/wp-json\/wp\/v2\/users\/1"}],"replies":[{"embeddable":true,"href":"https:\/\/www.brussels-accountants.be\/nl\/wp-json\/wp\/v2\/comments?post=369"}],"version-history":[{"count":1,"href":"https:\/\/www.brussels-accountants.be\/nl\/wp-json\/wp\/v2\/pages\/369\/revisions"}],"predecessor-version":[{"id":370,"href":"https:\/\/www.brussels-accountants.be\/nl\/wp-json\/wp\/v2\/pages\/369\/revisions\/370"}],"up":[{"embeddable":true,"href":"https:\/\/www.brussels-accountants.be\/nl\/wp-json\/wp\/v2\/pages\/354"}],"wp:attachment":[{"href":"https:\/\/www.brussels-accountants.be\/nl\/wp-json\/wp\/v2\/media?parent=369"}],"curies":[{"name":"wp","href":"https:\/\/api.w.org\/{rel}","templated":true}]}}