{"id":297,"date":"2018-10-23T16:07:02","date_gmt":"2018-10-23T14:07:02","guid":{"rendered":"https:\/\/www.fidupress.be\/ba\/?page_id=297"},"modified":"2022-04-11T19:49:06","modified_gmt":"2022-04-11T17:49:06","slug":"inkomstenbelasting","status":"publish","type":"page","link":"https:\/\/www.brussels-accountants.be\/nl\/opstart-van-een-nieuwe-economische-activiteit\/inkomstenbelasting\/","title":{"rendered":"Inkomstenbelasting"},"content":{"rendered":"\n<h2 class=\"wp-block-heading\">Zelfstandige Contractors<\/h2>\n\n\n\n<p>Een belangrijk deel van het cli\u00ebntele van\u00a0<strong>BRUSSELS ACCOUNTANTS<\/strong>\u00a0zijn buitenlandse contractors die voor een bepaalde of onbepaalde termijn op zelfstandige basis een missie komen vervullen in Belgi\u00eb, hoofdzakelijk Brussel, maar niet uitsluitend. Vaak betreft het opdrachten kaderend binnen de\u00a0 journalistiek, informatica, consultancy (recht of management). Een juiste nuance moet aangebracht worden aangaande de cli\u00ebnten die perfect een buitenlandse nationaliteit kunnen hebben en behouden (al dan niet Europees), alsook hun inschrijving in het vreemdelingenregister bij de lokale gemeente, maar met een statuut (althans vanuit fiscaal standpunt) als Belgisch verblijfhouder (werkend als zelfstandige of als zaakvoerder van een Belgische vennootschap). De belastingaangifte ziet er met andere woorden niet anders uit als voor een Belgische inwoner met de Belgische nationaliteit. In het <a href=\"#SPREAD_SHEET#\" target=\"_blank\" rel=\"noreferrer noopener\">excel rekenblad<\/a> dat kan worden geopend, zijn wat practische voorbeelden uitgewerkt voor Ms\/Mr Average Freelancer die als zelfstandige 200 werkdagen per jaar werkt tegen 300 euro, 350 euro, 400 euro, 450 euro en 500 euro per dag. In het laatse scenario van 100.000 euro bruto inkomen op jaarbasis wordt een herberekening gedaan in de simulatie dat er van een vennootschapsstructuur wordt gebruik gemaakt. Die simulatie heeft 3 uitgangspunten: 1\/ de zaakvoerder heeft een salaris ten laste van de vennootschap van 45000 euro op jaarbasis; 2\/ is idem als 1\/, maar de zaakvoerder keert de winst van de vennootschap integraal uit via dividenden en tot slot 3\/ worden alle winsten via dividend uitgekeerd, wat interessant kan zijn voor een ondernemer die absoluut niet ge\u00efnteresseerd is in Belgische payroll en Belgische sociale zekerheid, vermits dit reeds geregeld is in het thuisland. Het excel rekenblad toont ook aan welke omvang van sociale bijdragen verschuldigd is en geeft een indicatie van de diverse kosten nodig voor de zelfstandige activiteit die fiscaal in aftrek kunnen\/mogen worden genomen. Uiteraard is dit maar een voorbeeld gemene deler, zonder rekening te houden met aftrekken zoals voor hypothecaire lening woonhuis, kinderen ten laste, partner (met of zonder) inkomen, verzekerings- en\/of pensioenproducten waarvoor premies worden betaald, etc. BRUSSELS ACCOUNTANTS stelt graag met u een aangepast en verfijnd financiaal plan op ten einde u met een betrouwbaar budget te laten starten met een valabele prognose van inkomstenbelastingen en sociale zekerheidsbijdragen als zelfstandige of zaakvoerder.<\/p>\n\n\n\n<h2 class=\"wp-block-heading\">Verenigingen zonder winstoogmerk<\/h2>\n\n\n\n<p>Ondanks het feit dat sommige specifieke handelingen van VZWs (NGO) perfect aan Belgische rechtspersonenbelasting zijn onderworpen (bv bepaalde vastgoedtransacties), mag niettemin toch van het beginsel worden uitgegaan dat een Belgische \u201cnot for profit\u201d GEEN inkomstenbelastingen betaalt, dus ook niet wanneer het dienstjaar met een bonus (winst) wordt afgesloten. Dat overschot mag naar een volgend boekjaar worden overgedragen ZONDER hierop inkomstenbelastingen te betalen. Essentieel criterium in dit verband is het daadwerkelijke afwezigheid van een winstoogmerk en de volstrekte afwezigheid van iedere intentie om winst aan de leden uit te keren.<\/p>\n\n\n\n<p>Goed begrip is noodzakelijk omtrent het verschil tussen vrijstelling om inkomstenbelasting te betalen (op winst, zogeheten VZW-bonus per einde boekjaar) en de vrijstelling om 21% Belgische BTW aan te rekenen op die inkomsten.&nbsp;<strong>BRUSSELS ACCOUNTANTS<\/strong>&nbsp;werkt voor VZWs die nooit belastingen betalen, maar die hun handelingen (deels of integraal) onderworpen zien aan de BTW-wetgeving. Een goede analyse van de activiteiten is hierin belangrijk samen met de volledige kennis van de werkomstandigheden eigen aan de VZW ten einde een juist advies te kunnen verlenen.&nbsp;<strong>BRUSSELS ACCOUNTANTS<\/strong>&nbsp;staat hiervoor graag tot uw dienst.<\/p>\n\n\n\n<h2 class=\"wp-block-heading\">Grotere of handelsondernemingen<\/h2>\n\n\n\n<p>In punt 1 hierboven wordt de eerder rechttoe rechtaan fiscale situatie van een eenmansconsulent besproken en in punt 2 de belastingvrijstelling van VZWs.&nbsp;<strong>BRUSSELS ACCOUNTANTS<\/strong>&nbsp;is echter ook graag tot uw dienst voor het opstellen van een financieel plan, alsook de latere boekhoudkundige en fiscale begeleiding van (grotere) commerci\u00eble, ambachtelijke of industri\u00eble activiteiten, zij het dat hiertoe een meer op maat gesneden budget moet worden opgesteld in samenspraak met de cli\u00ebnt. Iedere activiteit heeft logischerwijze zijn eigen specifieke kostenstructuur en winstmarges: een handelaar die handelsgoederen importeert en exporteert heeft boekhoudkundig en fiscaal andere aandachtspunten dat een boetiek in een winkelhoofdstraat.&nbsp;<strong>BRUSSELS ACCOUNTANTS<\/strong>&nbsp;staat u hierin graag bij.<\/p>\n","protected":false},"excerpt":{"rendered":"<p>Zelfstandige Contractors Een belangrijk deel van het cli\u00ebntele van\u00a0BRUSSELS ACCOUNTANTS\u00a0zijn buitenlandse contractors die voor een bepaalde of onbepaalde termijn op zelfstandige basis een missie komen vervullen in Belgi\u00eb, hoofdzakelijk Brussel, maar niet uitsluitend. Vaak betreft het opdrachten kaderend binnen de\u00a0 journalistiek, informatica, consultancy (recht of management). Een juiste nuance moet aangebracht worden aangaande de cli\u00ebnten [&hellip;]<\/p>\n","protected":false},"author":1,"featured_media":0,"parent":289,"menu_order":0,"comment_status":"closed","ping_status":"closed","template":"","meta":{"footnotes":""},"class_list":["post-297","page","type-page","status-publish","hentry"],"acf":[],"yoast_head":"<!-- This site is optimized with the Yoast SEO plugin v27.3 - https:\/\/yoast.com\/product\/yoast-seo-wordpress\/ -->\n<title>Inkomstenbelasting - Brussels Accountants<\/title>\n<meta name=\"robots\" content=\"index, follow, max-snippet:-1, max-image-preview:large, max-video-preview:-1\" \/>\n<link rel=\"canonical\" href=\"https:\/\/www.brussels-accountants.be\/nl\/opstart-van-een-nieuwe-economische-activiteit\/inkomstenbelasting\/\" \/>\n<meta property=\"og:locale\" content=\"nl_NL\" \/>\n<meta property=\"og:type\" content=\"article\" \/>\n<meta property=\"og:title\" content=\"Inkomstenbelasting - Brussels Accountants\" \/>\n<meta property=\"og:description\" content=\"Zelfstandige Contractors Een belangrijk deel van het cli\u00ebntele van\u00a0BRUSSELS ACCOUNTANTS\u00a0zijn buitenlandse contractors die voor een bepaalde of onbepaalde termijn op zelfstandige basis een missie komen vervullen in Belgi\u00eb, hoofdzakelijk Brussel, maar niet uitsluitend. Vaak betreft het opdrachten kaderend binnen de\u00a0 journalistiek, informatica, consultancy (recht of management). Een juiste nuance moet aangebracht worden aangaande de cli\u00ebnten [&hellip;]\" \/>\n<meta property=\"og:url\" content=\"https:\/\/www.brussels-accountants.be\/nl\/opstart-van-een-nieuwe-economische-activiteit\/inkomstenbelasting\/\" \/>\n<meta property=\"og:site_name\" content=\"Brussels Accountants\" \/>\n<meta property=\"article:modified_time\" content=\"2022-04-11T17:49:06+00:00\" \/>\n<meta name=\"twitter:card\" content=\"summary_large_image\" \/>\n<meta name=\"twitter:label1\" content=\"Est. reading time\" \/>\n\t<meta name=\"twitter:data1\" content=\"3 minutes\" \/>\n<script type=\"application\/ld+json\" class=\"yoast-schema-graph\">{\"@context\":\"https:\\\/\\\/schema.org\",\"@graph\":[{\"@type\":\"WebPage\",\"@id\":\"https:\\\/\\\/www.brussels-accountants.be\\\/nl\\\/opstart-van-een-nieuwe-economische-activiteit\\\/inkomstenbelasting\\\/\",\"url\":\"https:\\\/\\\/www.brussels-accountants.be\\\/nl\\\/opstart-van-een-nieuwe-economische-activiteit\\\/inkomstenbelasting\\\/\",\"name\":\"Inkomstenbelasting - Brussels Accountants\",\"isPartOf\":{\"@id\":\"https:\\\/\\\/www.brussels-accountants.be\\\/#website\"},\"datePublished\":\"2018-10-23T14:07:02+00:00\",\"dateModified\":\"2022-04-11T17:49:06+00:00\",\"breadcrumb\":{\"@id\":\"https:\\\/\\\/www.brussels-accountants.be\\\/nl\\\/opstart-van-een-nieuwe-economische-activiteit\\\/inkomstenbelasting\\\/#breadcrumb\"},\"inLanguage\":\"nl-NL\",\"potentialAction\":[{\"@type\":\"ReadAction\",\"target\":[\"https:\\\/\\\/www.brussels-accountants.be\\\/nl\\\/opstart-van-een-nieuwe-economische-activiteit\\\/inkomstenbelasting\\\/\"]}]},{\"@type\":\"BreadcrumbList\",\"@id\":\"https:\\\/\\\/www.brussels-accountants.be\\\/nl\\\/opstart-van-een-nieuwe-economische-activiteit\\\/inkomstenbelasting\\\/#breadcrumb\",\"itemListElement\":[{\"@type\":\"ListItem\",\"position\":1,\"name\":\"Accueil\",\"item\":\"https:\\\/\\\/www.brussels-accountants.be\\\/\"},{\"@type\":\"ListItem\",\"position\":2,\"name\":\"Opstart van een nieuwe economische activiteit\",\"item\":\"https:\\\/\\\/www.brussels-accountants.be\\\/nl\\\/opstart-van-een-nieuwe-economische-activiteit\\\/\"},{\"@type\":\"ListItem\",\"position\":3,\"name\":\"Inkomstenbelasting\"}]},{\"@type\":\"WebSite\",\"@id\":\"https:\\\/\\\/www.brussels-accountants.be\\\/#website\",\"url\":\"https:\\\/\\\/www.brussels-accountants.be\\\/\",\"name\":\"Brussels Accountants\",\"description\":\"&lt;strong&gt;Brussels Accountants&lt;\\\/strong&gt; est une entreprise Internationale de comptabilit\u00e9 offrant \u00e0 ses clients une comptabilit\u00e9 appropri\u00e9e et une consultance optimis\u00e9e des imp\u00f4ts. Le cabinet est comp\u00e9tent au sein du contexte belge, pour les citoyens redevables de l\u2019imp\u00f4t belge. Nous sommes aussi reconnus en tant que guide fiable et compagnon pour les expatri\u00e9s qui ont besoin de constituer leur activit\u00e9, d&#039;en assurer la croissance et l\u2019organisation sur le territoire belge.\",\"publisher\":{\"@id\":\"https:\\\/\\\/www.brussels-accountants.be\\\/#organization\"},\"potentialAction\":[{\"@type\":\"SearchAction\",\"target\":{\"@type\":\"EntryPoint\",\"urlTemplate\":\"https:\\\/\\\/www.brussels-accountants.be\\\/?s={search_term_string}\"},\"query-input\":{\"@type\":\"PropertyValueSpecification\",\"valueRequired\":true,\"valueName\":\"search_term_string\"}}],\"inLanguage\":\"nl-NL\"},{\"@type\":\"Organization\",\"@id\":\"https:\\\/\\\/www.brussels-accountants.be\\\/#organization\",\"name\":\"Brussels Accountants\",\"url\":\"https:\\\/\\\/www.brussels-accountants.be\\\/\",\"logo\":{\"@type\":\"ImageObject\",\"inLanguage\":\"nl-NL\",\"@id\":\"https:\\\/\\\/www.brussels-accountants.be\\\/#\\\/schema\\\/logo\\\/image\\\/\",\"url\":\"https:\\\/\\\/www.brussels-accountants.be\\\/wp-content\\\/uploads\\\/2018\\\/10\\\/cropped-logo-medium.png\",\"contentUrl\":\"https:\\\/\\\/www.brussels-accountants.be\\\/wp-content\\\/uploads\\\/2018\\\/10\\\/cropped-logo-medium.png\",\"width\":512,\"height\":512,\"caption\":\"Brussels Accountants\"},\"image\":{\"@id\":\"https:\\\/\\\/www.brussels-accountants.be\\\/#\\\/schema\\\/logo\\\/image\\\/\"}}]}<\/script>\n<!-- \/ Yoast SEO plugin. -->","yoast_head_json":{"title":"Inkomstenbelasting - Brussels Accountants","robots":{"index":"index","follow":"follow","max-snippet":"max-snippet:-1","max-image-preview":"max-image-preview:large","max-video-preview":"max-video-preview:-1"},"canonical":"https:\/\/www.brussels-accountants.be\/nl\/opstart-van-een-nieuwe-economische-activiteit\/inkomstenbelasting\/","og_locale":"nl_NL","og_type":"article","og_title":"Inkomstenbelasting - Brussels Accountants","og_description":"Zelfstandige Contractors Een belangrijk deel van het cli\u00ebntele van\u00a0BRUSSELS ACCOUNTANTS\u00a0zijn buitenlandse contractors die voor een bepaalde of onbepaalde termijn op zelfstandige basis een missie komen vervullen in Belgi\u00eb, hoofdzakelijk Brussel, maar niet uitsluitend. Vaak betreft het opdrachten kaderend binnen de\u00a0 journalistiek, informatica, consultancy (recht of management). Een juiste nuance moet aangebracht worden aangaande de cli\u00ebnten [&hellip;]","og_url":"https:\/\/www.brussels-accountants.be\/nl\/opstart-van-een-nieuwe-economische-activiteit\/inkomstenbelasting\/","og_site_name":"Brussels Accountants","article_modified_time":"2022-04-11T17:49:06+00:00","twitter_card":"summary_large_image","twitter_misc":{"Est. reading time":"3 minutes"},"schema":{"@context":"https:\/\/schema.org","@graph":[{"@type":"WebPage","@id":"https:\/\/www.brussels-accountants.be\/nl\/opstart-van-een-nieuwe-economische-activiteit\/inkomstenbelasting\/","url":"https:\/\/www.brussels-accountants.be\/nl\/opstart-van-een-nieuwe-economische-activiteit\/inkomstenbelasting\/","name":"Inkomstenbelasting - Brussels Accountants","isPartOf":{"@id":"https:\/\/www.brussels-accountants.be\/#website"},"datePublished":"2018-10-23T14:07:02+00:00","dateModified":"2022-04-11T17:49:06+00:00","breadcrumb":{"@id":"https:\/\/www.brussels-accountants.be\/nl\/opstart-van-een-nieuwe-economische-activiteit\/inkomstenbelasting\/#breadcrumb"},"inLanguage":"nl-NL","potentialAction":[{"@type":"ReadAction","target":["https:\/\/www.brussels-accountants.be\/nl\/opstart-van-een-nieuwe-economische-activiteit\/inkomstenbelasting\/"]}]},{"@type":"BreadcrumbList","@id":"https:\/\/www.brussels-accountants.be\/nl\/opstart-van-een-nieuwe-economische-activiteit\/inkomstenbelasting\/#breadcrumb","itemListElement":[{"@type":"ListItem","position":1,"name":"Accueil","item":"https:\/\/www.brussels-accountants.be\/"},{"@type":"ListItem","position":2,"name":"Opstart van een nieuwe economische activiteit","item":"https:\/\/www.brussels-accountants.be\/nl\/opstart-van-een-nieuwe-economische-activiteit\/"},{"@type":"ListItem","position":3,"name":"Inkomstenbelasting"}]},{"@type":"WebSite","@id":"https:\/\/www.brussels-accountants.be\/#website","url":"https:\/\/www.brussels-accountants.be\/","name":"Brussels Accountants","description":"&lt;strong&gt;Brussels Accountants&lt;\/strong&gt; est une entreprise Internationale de comptabilit\u00e9 offrant \u00e0 ses clients une comptabilit\u00e9 appropri\u00e9e et une consultance optimis\u00e9e des imp\u00f4ts. Le cabinet est comp\u00e9tent au sein du contexte belge, pour les citoyens redevables de l\u2019imp\u00f4t belge. Nous sommes aussi reconnus en tant que guide fiable et compagnon pour les expatri\u00e9s qui ont besoin de constituer leur activit\u00e9, d&#039;en assurer la croissance et l\u2019organisation sur le territoire belge.","publisher":{"@id":"https:\/\/www.brussels-accountants.be\/#organization"},"potentialAction":[{"@type":"SearchAction","target":{"@type":"EntryPoint","urlTemplate":"https:\/\/www.brussels-accountants.be\/?s={search_term_string}"},"query-input":{"@type":"PropertyValueSpecification","valueRequired":true,"valueName":"search_term_string"}}],"inLanguage":"nl-NL"},{"@type":"Organization","@id":"https:\/\/www.brussels-accountants.be\/#organization","name":"Brussels Accountants","url":"https:\/\/www.brussels-accountants.be\/","logo":{"@type":"ImageObject","inLanguage":"nl-NL","@id":"https:\/\/www.brussels-accountants.be\/#\/schema\/logo\/image\/","url":"https:\/\/www.brussels-accountants.be\/wp-content\/uploads\/2018\/10\/cropped-logo-medium.png","contentUrl":"https:\/\/www.brussels-accountants.be\/wp-content\/uploads\/2018\/10\/cropped-logo-medium.png","width":512,"height":512,"caption":"Brussels Accountants"},"image":{"@id":"https:\/\/www.brussels-accountants.be\/#\/schema\/logo\/image\/"}}]}},"_links":{"self":[{"href":"https:\/\/www.brussels-accountants.be\/nl\/wp-json\/wp\/v2\/pages\/297","targetHints":{"allow":["GET"]}}],"collection":[{"href":"https:\/\/www.brussels-accountants.be\/nl\/wp-json\/wp\/v2\/pages"}],"about":[{"href":"https:\/\/www.brussels-accountants.be\/nl\/wp-json\/wp\/v2\/types\/page"}],"author":[{"embeddable":true,"href":"https:\/\/www.brussels-accountants.be\/nl\/wp-json\/wp\/v2\/users\/1"}],"replies":[{"embeddable":true,"href":"https:\/\/www.brussels-accountants.be\/nl\/wp-json\/wp\/v2\/comments?post=297"}],"version-history":[{"count":5,"href":"https:\/\/www.brussels-accountants.be\/nl\/wp-json\/wp\/v2\/pages\/297\/revisions"}],"predecessor-version":[{"id":2018,"href":"https:\/\/www.brussels-accountants.be\/nl\/wp-json\/wp\/v2\/pages\/297\/revisions\/2018"}],"up":[{"embeddable":true,"href":"https:\/\/www.brussels-accountants.be\/nl\/wp-json\/wp\/v2\/pages\/289"}],"wp:attachment":[{"href":"https:\/\/www.brussels-accountants.be\/nl\/wp-json\/wp\/v2\/media?parent=297"}],"curies":[{"name":"wp","href":"https:\/\/api.w.org\/{rel}","templated":true}]}}