{"id":291,"date":"2018-10-23T16:00:07","date_gmt":"2018-10-23T14:00:07","guid":{"rendered":"https:\/\/www.fidupress.be\/ba\/?page_id=291"},"modified":"2018-10-23T16:00:09","modified_gmt":"2018-10-23T14:00:09","slug":"belgische-btw","status":"publish","type":"page","link":"https:\/\/www.brussels-accountants.be\/nl\/opstart-van-een-nieuwe-economische-activiteit\/belgische-btw\/","title":{"rendered":"Belgische BTW"},"content":{"rendered":"\n<p><strong>Belasting op toegevoegde waarde<\/strong>&nbsp;(BTW) wordt toegepast op de verkoop van goederen en diensten, met een aantal uitzonderingen zoals export, verhuur van vastgoed,dividenden, intresten. Ook een aantal diensten zijn vrijgesteld van BTW (sommige medische beroepen, advocatuur voor particulieren, journalisten). Wat verkopen uit handel of diensten binnen de Europese Gemeenschap betreft gelden de voorschriften voor de zogeheten intracommunautaire verrichtingen, doorgaans vrijgesteld van Belgische BTW wanneer het om een business to business transactie gaat en niet vrijgesteld wanneer aan een particulier wordt verkocht. Wanneer een Belgische BTW-belastingplichtige koopt binnen de EG van een andere niet Belgische EG-handelaar geldt doorgaans verlegging van heffing van BTW, hetgeen betekent dat de inkopende Belgische BTW-plichtige simultaan Belgische BTW moet betalen maar ook in aftrek mag nemen (nul-operatie). Er zijn 3 BTW-tarieven: de laagste is 6% en voornamelijk van toepassing op voedsel, vervolgens uitzonderlijk 12% en tot slot (en doorgaans) 21% BTW.<\/p>\n\n\n\n<p>BTW mag niet worden verward met accijnzen die van toepassing zijn op sigaretten en alcoholische dranken.<\/p>\n\n\n\n<p><strong>BRUSSELS ACCOUNTANTS<\/strong>&nbsp;heeft veel ervaring met het opstellen en versturen van BTW-aangiftes. Het is \u00e9\u00e9n van de voornaamste taken van het kantoor. Voor kwartaalaangevers zijn de deadlines in januari, april, juli en oktober. Voor klanten met zeer specifieke BTW- en of douanevragen die uitgebreide studie vereisen kan het kantoor ook terugvallen op ervaren deskundige BTW-specialisten met een juridische opleiding.<\/p>\n\n\n\n<p><strong>BRUSSELS ACCOUNTANTS<\/strong>&nbsp;doet voor haar cli\u00ebnten die daartoe de wettelijke plicht hebben ook de INTRASTAT-aangiftes.<\/p>\n","protected":false},"excerpt":{"rendered":"<p>Belasting op toegevoegde waarde&nbsp;(BTW) wordt toegepast op de verkoop van goederen en diensten, met een aantal uitzonderingen zoals export, verhuur van vastgoed,dividenden, intresten. Ook een aantal diensten zijn vrijgesteld van BTW (sommige medische beroepen, advocatuur voor particulieren, journalisten). Wat verkopen uit handel of diensten binnen de Europese Gemeenschap betreft gelden de voorschriften voor de zogeheten [&hellip;]<\/p>\n","protected":false},"author":1,"featured_media":0,"parent":289,"menu_order":0,"comment_status":"closed","ping_status":"closed","template":"","meta":{"footnotes":""},"class_list":["post-291","page","type-page","status-publish","hentry"],"acf":[],"yoast_head":"<!-- This site is optimized with the Yoast SEO plugin v27.3 - https:\/\/yoast.com\/product\/yoast-seo-wordpress\/ -->\n<title>Belgische BTW - Brussels Accountants<\/title>\n<meta name=\"robots\" content=\"index, follow, max-snippet:-1, max-image-preview:large, max-video-preview:-1\" \/>\n<link rel=\"canonical\" href=\"https:\/\/www.brussels-accountants.be\/nl\/opstart-van-een-nieuwe-economische-activiteit\/belgische-btw\/\" \/>\n<meta property=\"og:locale\" content=\"nl_NL\" \/>\n<meta property=\"og:type\" content=\"article\" \/>\n<meta property=\"og:title\" content=\"Belgische BTW - Brussels Accountants\" \/>\n<meta property=\"og:description\" content=\"Belasting op toegevoegde waarde&nbsp;(BTW) wordt toegepast op de verkoop van goederen en diensten, met een aantal uitzonderingen zoals export, verhuur van vastgoed,dividenden, intresten. Ook een aantal diensten zijn vrijgesteld van BTW (sommige medische beroepen, advocatuur voor particulieren, journalisten). Wat verkopen uit handel of diensten binnen de Europese Gemeenschap betreft gelden de voorschriften voor de zogeheten [&hellip;]\" \/>\n<meta property=\"og:url\" content=\"https:\/\/www.brussels-accountants.be\/nl\/opstart-van-een-nieuwe-economische-activiteit\/belgische-btw\/\" \/>\n<meta property=\"og:site_name\" content=\"Brussels Accountants\" \/>\n<meta property=\"article:modified_time\" content=\"2018-10-23T14:00:09+00:00\" \/>\n<meta name=\"twitter:card\" content=\"summary_large_image\" \/>\n<meta name=\"twitter:label1\" content=\"Est. reading time\" \/>\n\t<meta name=\"twitter:data1\" content=\"1 minute\" \/>\n<script type=\"application\/ld+json\" class=\"yoast-schema-graph\">{\"@context\":\"https:\\\/\\\/schema.org\",\"@graph\":[{\"@type\":\"WebPage\",\"@id\":\"https:\\\/\\\/www.brussels-accountants.be\\\/nl\\\/opstart-van-een-nieuwe-economische-activiteit\\\/belgische-btw\\\/\",\"url\":\"https:\\\/\\\/www.brussels-accountants.be\\\/nl\\\/opstart-van-een-nieuwe-economische-activiteit\\\/belgische-btw\\\/\",\"name\":\"Belgische BTW - Brussels Accountants\",\"isPartOf\":{\"@id\":\"https:\\\/\\\/www.brussels-accountants.be\\\/#website\"},\"datePublished\":\"2018-10-23T14:00:07+00:00\",\"dateModified\":\"2018-10-23T14:00:09+00:00\",\"breadcrumb\":{\"@id\":\"https:\\\/\\\/www.brussels-accountants.be\\\/nl\\\/opstart-van-een-nieuwe-economische-activiteit\\\/belgische-btw\\\/#breadcrumb\"},\"inLanguage\":\"nl-NL\",\"potentialAction\":[{\"@type\":\"ReadAction\",\"target\":[\"https:\\\/\\\/www.brussels-accountants.be\\\/nl\\\/opstart-van-een-nieuwe-economische-activiteit\\\/belgische-btw\\\/\"]}]},{\"@type\":\"BreadcrumbList\",\"@id\":\"https:\\\/\\\/www.brussels-accountants.be\\\/nl\\\/opstart-van-een-nieuwe-economische-activiteit\\\/belgische-btw\\\/#breadcrumb\",\"itemListElement\":[{\"@type\":\"ListItem\",\"position\":1,\"name\":\"Accueil\",\"item\":\"https:\\\/\\\/www.brussels-accountants.be\\\/\"},{\"@type\":\"ListItem\",\"position\":2,\"name\":\"Opstart van een nieuwe economische activiteit\",\"item\":\"https:\\\/\\\/www.brussels-accountants.be\\\/nl\\\/opstart-van-een-nieuwe-economische-activiteit\\\/\"},{\"@type\":\"ListItem\",\"position\":3,\"name\":\"Belgische BTW\"}]},{\"@type\":\"WebSite\",\"@id\":\"https:\\\/\\\/www.brussels-accountants.be\\\/#website\",\"url\":\"https:\\\/\\\/www.brussels-accountants.be\\\/\",\"name\":\"Brussels Accountants\",\"description\":\"&lt;strong&gt;Brussels Accountants&lt;\\\/strong&gt; est une entreprise Internationale de comptabilit\u00e9 offrant \u00e0 ses clients une comptabilit\u00e9 appropri\u00e9e et une consultance optimis\u00e9e des imp\u00f4ts. Le cabinet est comp\u00e9tent au sein du contexte belge, pour les citoyens redevables de l\u2019imp\u00f4t belge. Nous sommes aussi reconnus en tant que guide fiable et compagnon pour les expatri\u00e9s qui ont besoin de constituer leur activit\u00e9, d&#039;en assurer la croissance et l\u2019organisation sur le territoire belge.\",\"publisher\":{\"@id\":\"https:\\\/\\\/www.brussels-accountants.be\\\/#organization\"},\"potentialAction\":[{\"@type\":\"SearchAction\",\"target\":{\"@type\":\"EntryPoint\",\"urlTemplate\":\"https:\\\/\\\/www.brussels-accountants.be\\\/?s={search_term_string}\"},\"query-input\":{\"@type\":\"PropertyValueSpecification\",\"valueRequired\":true,\"valueName\":\"search_term_string\"}}],\"inLanguage\":\"nl-NL\"},{\"@type\":\"Organization\",\"@id\":\"https:\\\/\\\/www.brussels-accountants.be\\\/#organization\",\"name\":\"Brussels Accountants\",\"url\":\"https:\\\/\\\/www.brussels-accountants.be\\\/\",\"logo\":{\"@type\":\"ImageObject\",\"inLanguage\":\"nl-NL\",\"@id\":\"https:\\\/\\\/www.brussels-accountants.be\\\/#\\\/schema\\\/logo\\\/image\\\/\",\"url\":\"https:\\\/\\\/www.brussels-accountants.be\\\/wp-content\\\/uploads\\\/2018\\\/10\\\/cropped-logo-medium.png\",\"contentUrl\":\"https:\\\/\\\/www.brussels-accountants.be\\\/wp-content\\\/uploads\\\/2018\\\/10\\\/cropped-logo-medium.png\",\"width\":512,\"height\":512,\"caption\":\"Brussels Accountants\"},\"image\":{\"@id\":\"https:\\\/\\\/www.brussels-accountants.be\\\/#\\\/schema\\\/logo\\\/image\\\/\"}}]}<\/script>\n<!-- \/ Yoast SEO plugin. -->","yoast_head_json":{"title":"Belgische BTW - Brussels Accountants","robots":{"index":"index","follow":"follow","max-snippet":"max-snippet:-1","max-image-preview":"max-image-preview:large","max-video-preview":"max-video-preview:-1"},"canonical":"https:\/\/www.brussels-accountants.be\/nl\/opstart-van-een-nieuwe-economische-activiteit\/belgische-btw\/","og_locale":"nl_NL","og_type":"article","og_title":"Belgische BTW - Brussels Accountants","og_description":"Belasting op toegevoegde waarde&nbsp;(BTW) wordt toegepast op de verkoop van goederen en diensten, met een aantal uitzonderingen zoals export, verhuur van vastgoed,dividenden, intresten. Ook een aantal diensten zijn vrijgesteld van BTW (sommige medische beroepen, advocatuur voor particulieren, journalisten). Wat verkopen uit handel of diensten binnen de Europese Gemeenschap betreft gelden de voorschriften voor de zogeheten [&hellip;]","og_url":"https:\/\/www.brussels-accountants.be\/nl\/opstart-van-een-nieuwe-economische-activiteit\/belgische-btw\/","og_site_name":"Brussels Accountants","article_modified_time":"2018-10-23T14:00:09+00:00","twitter_card":"summary_large_image","twitter_misc":{"Est. reading time":"1 minute"},"schema":{"@context":"https:\/\/schema.org","@graph":[{"@type":"WebPage","@id":"https:\/\/www.brussels-accountants.be\/nl\/opstart-van-een-nieuwe-economische-activiteit\/belgische-btw\/","url":"https:\/\/www.brussels-accountants.be\/nl\/opstart-van-een-nieuwe-economische-activiteit\/belgische-btw\/","name":"Belgische BTW - Brussels Accountants","isPartOf":{"@id":"https:\/\/www.brussels-accountants.be\/#website"},"datePublished":"2018-10-23T14:00:07+00:00","dateModified":"2018-10-23T14:00:09+00:00","breadcrumb":{"@id":"https:\/\/www.brussels-accountants.be\/nl\/opstart-van-een-nieuwe-economische-activiteit\/belgische-btw\/#breadcrumb"},"inLanguage":"nl-NL","potentialAction":[{"@type":"ReadAction","target":["https:\/\/www.brussels-accountants.be\/nl\/opstart-van-een-nieuwe-economische-activiteit\/belgische-btw\/"]}]},{"@type":"BreadcrumbList","@id":"https:\/\/www.brussels-accountants.be\/nl\/opstart-van-een-nieuwe-economische-activiteit\/belgische-btw\/#breadcrumb","itemListElement":[{"@type":"ListItem","position":1,"name":"Accueil","item":"https:\/\/www.brussels-accountants.be\/"},{"@type":"ListItem","position":2,"name":"Opstart van een nieuwe economische activiteit","item":"https:\/\/www.brussels-accountants.be\/nl\/opstart-van-een-nieuwe-economische-activiteit\/"},{"@type":"ListItem","position":3,"name":"Belgische BTW"}]},{"@type":"WebSite","@id":"https:\/\/www.brussels-accountants.be\/#website","url":"https:\/\/www.brussels-accountants.be\/","name":"Brussels Accountants","description":"&lt;strong&gt;Brussels Accountants&lt;\/strong&gt; est une entreprise Internationale de comptabilit\u00e9 offrant \u00e0 ses clients une comptabilit\u00e9 appropri\u00e9e et une consultance optimis\u00e9e des imp\u00f4ts. Le cabinet est comp\u00e9tent au sein du contexte belge, pour les citoyens redevables de l\u2019imp\u00f4t belge. Nous sommes aussi reconnus en tant que guide fiable et compagnon pour les expatri\u00e9s qui ont besoin de constituer leur activit\u00e9, d&#039;en assurer la croissance et l\u2019organisation sur le territoire belge.","publisher":{"@id":"https:\/\/www.brussels-accountants.be\/#organization"},"potentialAction":[{"@type":"SearchAction","target":{"@type":"EntryPoint","urlTemplate":"https:\/\/www.brussels-accountants.be\/?s={search_term_string}"},"query-input":{"@type":"PropertyValueSpecification","valueRequired":true,"valueName":"search_term_string"}}],"inLanguage":"nl-NL"},{"@type":"Organization","@id":"https:\/\/www.brussels-accountants.be\/#organization","name":"Brussels Accountants","url":"https:\/\/www.brussels-accountants.be\/","logo":{"@type":"ImageObject","inLanguage":"nl-NL","@id":"https:\/\/www.brussels-accountants.be\/#\/schema\/logo\/image\/","url":"https:\/\/www.brussels-accountants.be\/wp-content\/uploads\/2018\/10\/cropped-logo-medium.png","contentUrl":"https:\/\/www.brussels-accountants.be\/wp-content\/uploads\/2018\/10\/cropped-logo-medium.png","width":512,"height":512,"caption":"Brussels Accountants"},"image":{"@id":"https:\/\/www.brussels-accountants.be\/#\/schema\/logo\/image\/"}}]}},"_links":{"self":[{"href":"https:\/\/www.brussels-accountants.be\/nl\/wp-json\/wp\/v2\/pages\/291","targetHints":{"allow":["GET"]}}],"collection":[{"href":"https:\/\/www.brussels-accountants.be\/nl\/wp-json\/wp\/v2\/pages"}],"about":[{"href":"https:\/\/www.brussels-accountants.be\/nl\/wp-json\/wp\/v2\/types\/page"}],"author":[{"embeddable":true,"href":"https:\/\/www.brussels-accountants.be\/nl\/wp-json\/wp\/v2\/users\/1"}],"replies":[{"embeddable":true,"href":"https:\/\/www.brussels-accountants.be\/nl\/wp-json\/wp\/v2\/comments?post=291"}],"version-history":[{"count":1,"href":"https:\/\/www.brussels-accountants.be\/nl\/wp-json\/wp\/v2\/pages\/291\/revisions"}],"predecessor-version":[{"id":292,"href":"https:\/\/www.brussels-accountants.be\/nl\/wp-json\/wp\/v2\/pages\/291\/revisions\/292"}],"up":[{"embeddable":true,"href":"https:\/\/www.brussels-accountants.be\/nl\/wp-json\/wp\/v2\/pages\/289"}],"wp:attachment":[{"href":"https:\/\/www.brussels-accountants.be\/nl\/wp-json\/wp\/v2\/media?parent=291"}],"curies":[{"name":"wp","href":"https:\/\/api.w.org\/{rel}","templated":true}]}}