{"id":282,"date":"2018-10-23T15:46:46","date_gmt":"2018-10-23T13:46:46","guid":{"rendered":"https:\/\/www.fidupress.be\/ba\/?page_id=282"},"modified":"2018-10-23T15:46:47","modified_gmt":"2018-10-23T13:46:47","slug":"expatriates","status":"publish","type":"page","link":"https:\/\/www.brussels-accountants.be\/nl\/diensten\/expatriates\/","title":{"rendered":"Expatriates"},"content":{"rendered":"\n<p><strong>BRUSSELS ACCOUNTANTS<\/strong>&nbsp;onderzoekt in concrete gevallen de dubbelbelastingverdragen die van toepassing zijn tussen Belgi\u00eb en het land van herkomst van de expatriate. Het al dan niet (fiscaal) verblijf houden in Belgi\u00eb wordt concreet onderzocht en onderworpen aan de geldende wetgeving.<\/p>\n\n\n\n<p>Bij tijdelijke tewerkstelling van expatriates wordt de mogelijkheid omtrent de toepassing van het bijzondere belastingregime onderzocht. Dit bijzonder statuut levert belangrijke fiscale voordelen op.<\/p>\n\n\n\n<p>Voor niet-verblijfhouders (zowel natuurlijke personen als vennootschappen) kan de belasting- en\/of BTW-aangifte worden ingediend omtrent eender welke economische activiteit die (tijdelijk) in Belgi\u00eb wordt uitgeoefend.<\/p>\n\n\n\n<p>Voor verblijfhouders van buitenlandse afkomst worden conform de Belgische wetgeving alle boekhoudkundige en fiscale verplichtingen ter harte genomen. Het kantoor is erin gespecialiseerd om boekhoudingen te voeren volgens de Belgische boekhoudkundige normen, maar om de resultaten vervolgens op flexibele wijze aan te passen naar een \u201cfinancial package\u201d in de \u201cformat\u201d die door het buitenlandse moederhuis wordt gewenst voor verdere consolidatie.<\/p>\n\n\n\n<p>Het accountantskantoor kan assisteren bij het opstellen van een financieel plan zoals Belgische bankinstellingen het wensen te verkrijgen in het kader van een kredietdossier.<\/p>\n\n\n\n<p>Wij helpen u graag.<\/p>\n\n\n\n<p><strong>BRUSSELS ACCOUNTANTS<\/strong>&nbsp;BVBA<\/p>\n","protected":false},"excerpt":{"rendered":"<p>BRUSSELS ACCOUNTANTS&nbsp;onderzoekt in concrete gevallen de dubbelbelastingverdragen die van toepassing zijn tussen Belgi\u00eb en het land van herkomst van de expatriate. Het al dan niet (fiscaal) verblijf houden in Belgi\u00eb wordt concreet onderzocht en onderworpen aan de geldende wetgeving. Bij tijdelijke tewerkstelling van expatriates wordt de mogelijkheid omtrent de toepassing van het bijzondere belastingregime onderzocht. [&hellip;]<\/p>\n","protected":false},"author":1,"featured_media":0,"parent":156,"menu_order":0,"comment_status":"closed","ping_status":"closed","template":"","meta":{"footnotes":""},"class_list":["post-282","page","type-page","status-publish","hentry"],"acf":[],"yoast_head":"<!-- This site is optimized with the Yoast SEO plugin v27.4 - https:\/\/yoast.com\/product\/yoast-seo-wordpress\/ -->\n<title>Expatriates - Brussels Accountants<\/title>\n<meta name=\"robots\" content=\"index, follow, max-snippet:-1, max-image-preview:large, max-video-preview:-1\" \/>\n<link rel=\"canonical\" href=\"https:\/\/www.brussels-accountants.be\/nl\/diensten\/expatriates\/\" \/>\n<meta property=\"og:locale\" content=\"nl_NL\" \/>\n<meta property=\"og:type\" content=\"article\" \/>\n<meta property=\"og:title\" content=\"Expatriates - Brussels Accountants\" \/>\n<meta property=\"og:description\" content=\"BRUSSELS ACCOUNTANTS&nbsp;onderzoekt in concrete gevallen de dubbelbelastingverdragen die van toepassing zijn tussen Belgi\u00eb en het land van herkomst van de expatriate. Het al dan niet (fiscaal) verblijf houden in Belgi\u00eb wordt concreet onderzocht en onderworpen aan de geldende wetgeving. Bij tijdelijke tewerkstelling van expatriates wordt de mogelijkheid omtrent de toepassing van het bijzondere belastingregime onderzocht. [&hellip;]\" \/>\n<meta property=\"og:url\" content=\"https:\/\/www.brussels-accountants.be\/diensten\/expatriates\/\" \/>\n<meta property=\"og:site_name\" content=\"Brussels Accountants\" \/>\n<meta property=\"article:modified_time\" content=\"2018-10-23T13:46:47+00:00\" \/>\n<meta name=\"twitter:card\" content=\"summary_large_image\" \/>\n<meta name=\"twitter:label1\" content=\"Est. reading time\" \/>\n\t<meta name=\"twitter:data1\" content=\"1 minute\" \/>\n<script type=\"application\/ld+json\" class=\"yoast-schema-graph\">{\"@context\":\"https:\\\/\\\/schema.org\",\"@graph\":[{\"@type\":\"WebPage\",\"@id\":\"https:\\\/\\\/www.brussels-accountants.be\\\/diensten\\\/expatriates\\\/\",\"url\":\"https:\\\/\\\/www.brussels-accountants.be\\\/diensten\\\/expatriates\\\/\",\"name\":\"Expatriates - Brussels Accountants\",\"isPartOf\":{\"@id\":\"https:\\\/\\\/www.brussels-accountants.be\\\/#website\"},\"datePublished\":\"2018-10-23T13:46:46+00:00\",\"dateModified\":\"2018-10-23T13:46:47+00:00\",\"breadcrumb\":{\"@id\":\"https:\\\/\\\/www.brussels-accountants.be\\\/diensten\\\/expatriates\\\/#breadcrumb\"},\"inLanguage\":\"nl-NL\",\"potentialAction\":[{\"@type\":\"ReadAction\",\"target\":[\"https:\\\/\\\/www.brussels-accountants.be\\\/diensten\\\/expatriates\\\/\"]}]},{\"@type\":\"BreadcrumbList\",\"@id\":\"https:\\\/\\\/www.brussels-accountants.be\\\/diensten\\\/expatriates\\\/#breadcrumb\",\"itemListElement\":[{\"@type\":\"ListItem\",\"position\":1,\"name\":\"Accueil\",\"item\":\"https:\\\/\\\/www.brussels-accountants.be\\\/\"},{\"@type\":\"ListItem\",\"position\":2,\"name\":\"Diensten\",\"item\":\"https:\\\/\\\/www.brussels-accountants.be\\\/\"},{\"@type\":\"ListItem\",\"position\":3,\"name\":\"Expatriates\"}]},{\"@type\":\"WebSite\",\"@id\":\"https:\\\/\\\/www.brussels-accountants.be\\\/#website\",\"url\":\"https:\\\/\\\/www.brussels-accountants.be\\\/\",\"name\":\"Brussels Accountants\",\"description\":\"&lt;strong&gt;Brussels Accountants&lt;\\\/strong&gt; est une entreprise Internationale de comptabilit\u00e9 offrant \u00e0 ses clients une comptabilit\u00e9 appropri\u00e9e et une consultance optimis\u00e9e des imp\u00f4ts. Le cabinet est comp\u00e9tent au sein du contexte belge, pour les citoyens redevables de l\u2019imp\u00f4t belge. Nous sommes aussi reconnus en tant que guide fiable et compagnon pour les expatri\u00e9s qui ont besoin de constituer leur activit\u00e9, d&#039;en assurer la croissance et l\u2019organisation sur le territoire belge.\",\"publisher\":{\"@id\":\"https:\\\/\\\/www.brussels-accountants.be\\\/#organization\"},\"potentialAction\":[{\"@type\":\"SearchAction\",\"target\":{\"@type\":\"EntryPoint\",\"urlTemplate\":\"https:\\\/\\\/www.brussels-accountants.be\\\/?s={search_term_string}\"},\"query-input\":{\"@type\":\"PropertyValueSpecification\",\"valueRequired\":true,\"valueName\":\"search_term_string\"}}],\"inLanguage\":\"nl-NL\"},{\"@type\":\"Organization\",\"@id\":\"https:\\\/\\\/www.brussels-accountants.be\\\/#organization\",\"name\":\"Brussels Accountants\",\"url\":\"https:\\\/\\\/www.brussels-accountants.be\\\/\",\"logo\":{\"@type\":\"ImageObject\",\"inLanguage\":\"nl-NL\",\"@id\":\"https:\\\/\\\/www.brussels-accountants.be\\\/#\\\/schema\\\/logo\\\/image\\\/\",\"url\":\"https:\\\/\\\/www.brussels-accountants.be\\\/wp-content\\\/uploads\\\/2018\\\/10\\\/cropped-logo-medium.png\",\"contentUrl\":\"https:\\\/\\\/www.brussels-accountants.be\\\/wp-content\\\/uploads\\\/2018\\\/10\\\/cropped-logo-medium.png\",\"width\":512,\"height\":512,\"caption\":\"Brussels Accountants\"},\"image\":{\"@id\":\"https:\\\/\\\/www.brussels-accountants.be\\\/#\\\/schema\\\/logo\\\/image\\\/\"}}]}<\/script>\n<!-- \/ Yoast SEO plugin. -->","yoast_head_json":{"title":"Expatriates - Brussels Accountants","robots":{"index":"index","follow":"follow","max-snippet":"max-snippet:-1","max-image-preview":"max-image-preview:large","max-video-preview":"max-video-preview:-1"},"canonical":"https:\/\/www.brussels-accountants.be\/nl\/diensten\/expatriates\/","og_locale":"nl_NL","og_type":"article","og_title":"Expatriates - Brussels Accountants","og_description":"BRUSSELS ACCOUNTANTS&nbsp;onderzoekt in concrete gevallen de dubbelbelastingverdragen die van toepassing zijn tussen Belgi\u00eb en het land van herkomst van de expatriate. Het al dan niet (fiscaal) verblijf houden in Belgi\u00eb wordt concreet onderzocht en onderworpen aan de geldende wetgeving. Bij tijdelijke tewerkstelling van expatriates wordt de mogelijkheid omtrent de toepassing van het bijzondere belastingregime onderzocht. [&hellip;]","og_url":"https:\/\/www.brussels-accountants.be\/diensten\/expatriates\/","og_site_name":"Brussels Accountants","article_modified_time":"2018-10-23T13:46:47+00:00","twitter_card":"summary_large_image","twitter_misc":{"Est. reading time":"1 minute"},"schema":{"@context":"https:\/\/schema.org","@graph":[{"@type":"WebPage","@id":"https:\/\/www.brussels-accountants.be\/diensten\/expatriates\/","url":"https:\/\/www.brussels-accountants.be\/diensten\/expatriates\/","name":"Expatriates - Brussels Accountants","isPartOf":{"@id":"https:\/\/www.brussels-accountants.be\/#website"},"datePublished":"2018-10-23T13:46:46+00:00","dateModified":"2018-10-23T13:46:47+00:00","breadcrumb":{"@id":"https:\/\/www.brussels-accountants.be\/diensten\/expatriates\/#breadcrumb"},"inLanguage":"nl-NL","potentialAction":[{"@type":"ReadAction","target":["https:\/\/www.brussels-accountants.be\/diensten\/expatriates\/"]}]},{"@type":"BreadcrumbList","@id":"https:\/\/www.brussels-accountants.be\/diensten\/expatriates\/#breadcrumb","itemListElement":[{"@type":"ListItem","position":1,"name":"Accueil","item":"https:\/\/www.brussels-accountants.be\/"},{"@type":"ListItem","position":2,"name":"Diensten","item":"https:\/\/www.brussels-accountants.be\/"},{"@type":"ListItem","position":3,"name":"Expatriates"}]},{"@type":"WebSite","@id":"https:\/\/www.brussels-accountants.be\/#website","url":"https:\/\/www.brussels-accountants.be\/","name":"Brussels Accountants","description":"&lt;strong&gt;Brussels Accountants&lt;\/strong&gt; est une entreprise Internationale de comptabilit\u00e9 offrant \u00e0 ses clients une comptabilit\u00e9 appropri\u00e9e et une consultance optimis\u00e9e des imp\u00f4ts. Le cabinet est comp\u00e9tent au sein du contexte belge, pour les citoyens redevables de l\u2019imp\u00f4t belge. Nous sommes aussi reconnus en tant que guide fiable et compagnon pour les expatri\u00e9s qui ont besoin de constituer leur activit\u00e9, d&#039;en assurer la croissance et l\u2019organisation sur le territoire belge.","publisher":{"@id":"https:\/\/www.brussels-accountants.be\/#organization"},"potentialAction":[{"@type":"SearchAction","target":{"@type":"EntryPoint","urlTemplate":"https:\/\/www.brussels-accountants.be\/?s={search_term_string}"},"query-input":{"@type":"PropertyValueSpecification","valueRequired":true,"valueName":"search_term_string"}}],"inLanguage":"nl-NL"},{"@type":"Organization","@id":"https:\/\/www.brussels-accountants.be\/#organization","name":"Brussels Accountants","url":"https:\/\/www.brussels-accountants.be\/","logo":{"@type":"ImageObject","inLanguage":"nl-NL","@id":"https:\/\/www.brussels-accountants.be\/#\/schema\/logo\/image\/","url":"https:\/\/www.brussels-accountants.be\/wp-content\/uploads\/2018\/10\/cropped-logo-medium.png","contentUrl":"https:\/\/www.brussels-accountants.be\/wp-content\/uploads\/2018\/10\/cropped-logo-medium.png","width":512,"height":512,"caption":"Brussels Accountants"},"image":{"@id":"https:\/\/www.brussels-accountants.be\/#\/schema\/logo\/image\/"}}]}},"_links":{"self":[{"href":"https:\/\/www.brussels-accountants.be\/nl\/wp-json\/wp\/v2\/pages\/282","targetHints":{"allow":["GET"]}}],"collection":[{"href":"https:\/\/www.brussels-accountants.be\/nl\/wp-json\/wp\/v2\/pages"}],"about":[{"href":"https:\/\/www.brussels-accountants.be\/nl\/wp-json\/wp\/v2\/types\/page"}],"author":[{"embeddable":true,"href":"https:\/\/www.brussels-accountants.be\/nl\/wp-json\/wp\/v2\/users\/1"}],"replies":[{"embeddable":true,"href":"https:\/\/www.brussels-accountants.be\/nl\/wp-json\/wp\/v2\/comments?post=282"}],"version-history":[{"count":1,"href":"https:\/\/www.brussels-accountants.be\/nl\/wp-json\/wp\/v2\/pages\/282\/revisions"}],"predecessor-version":[{"id":284,"href":"https:\/\/www.brussels-accountants.be\/nl\/wp-json\/wp\/v2\/pages\/282\/revisions\/284"}],"up":[{"embeddable":true,"href":"https:\/\/www.brussels-accountants.be\/nl\/wp-json\/wp\/v2\/pages\/156"}],"wp:attachment":[{"href":"https:\/\/www.brussels-accountants.be\/nl\/wp-json\/wp\/v2\/media?parent=282"}],"curies":[{"name":"wp","href":"https:\/\/api.w.org\/{rel}","templated":true}]}}