{"id":279,"date":"2018-10-23T15:42:08","date_gmt":"2018-10-23T13:42:08","guid":{"rendered":"https:\/\/www.fidupress.be\/ba\/?page_id=279"},"modified":"2022-01-07T16:09:44","modified_gmt":"2022-01-07T15:09:44","slug":"zelfstandigen-en-vennootschappen","status":"publish","type":"page","link":"https:\/\/www.brussels-accountants.be\/nl\/diensten\/zelfstandigen-en-vennootschappen\/","title":{"rendered":"Zelfstandigen en vennootschappen"},"content":{"rendered":"\n<p><strong>BRUSSELS ACCOUNTANTS<\/strong> staat commerci\u00eble ondernemingen bij in hun boekhoudkundige en fiscale verplichtingen.<\/p>\n\n\n\n<h2 class=\"wp-block-heading\">1\u00b0 Opstart van een economische activiteit<\/h2>\n\n\n\n<p>In sommige gevallen wordt een cli\u00ebnt aangeraden simpelweg als freelancer te werken, de opzet van een persoonlijke zelfstandige activiteit. In andere gevallen of uiteraard bij een samenwerkingsverband, wordt in samenspraak met de cli\u00ebnt gezocht naar een geschikte vennootschapsstructuur (BV \/ NV \/ CommV). Het spreekt voor zich dat fiscale motieven in de keuze een belangrijke rol spelen. In bepaalde gevallen kan ook worden gewezen op de voordelen van burgerlijke vennootschappen (die niet de vorm van een handelsvennootschap aannemen en die geen rechtspersoonlijkheid hebben), de zogeheten maatschap. Dit kan nuttig zijn in de opzet van bijvoorbeeld een advocatenassociatie. Ook de mogelijkheid van een tijdelijke vereniging of een tijdelijke vennootschap kan voor bepaalde activiteiten bruikbaar zijn. Bijvoorbeeld in het geval van een vastgoedproject opgezet door verschillende promotoren.<\/p>\n\n\n\n<h2 class=\"wp-block-heading\">2\u00b0 Boekhouding overeenkomstig de wettelijke normen<\/h2>\n\n\n\n<p>Naargelang de omvang en de juridische vorm van de onderneming wordt de boekhouding gevoerd en afgerond in een jaar- of resultatenrekening die een getrouw beeld geeft van de financi\u00eble positie van het bedrijf. <strong>BRUSSELS ACCOUNTANTS<\/strong> staat de raad van bestuur of de zelfstandige bij in de wettelijke boekhoudkundige verplichting. <\/p>\n\n\n\n<h2 class=\"wp-block-heading\">3\u00b0 Analytische boekhouding<\/h2>\n\n\n\n<p>Volgens de wensen van de cli\u00ebnt en met het oog op een goede management verslaggeving worden de resultaten van de onderneming niet enkel vastgesteld, maar ook diepgaander geanalyseerd en gerapporteerd. Datgene wat belangrijk en typerend is voor de onderneming ligt hier aan de basis. Productieondernemingen wensen bijvoorbeeld de kostprijs te kennen per productie-\u00e9\u00e9nheid en het deel vaste en variabele kosten hierin. Bedrijven die bestaan uit verschillende (commerci\u00eble) afdelingen wensen het rendement te weten per segment met hun afzonderlijke bijdrage aan het resultaat van de globale onderneming. Andere bedrijven doen slechts een beperkt aantal projecten op een jaar en wensen de rentabiliteit van ieder project afzonderlijk te weten. Voor bepaalde ondernemingen is de individuele bijdrage van medewerkers een belangrijk bedrijfsinstrument.<\/p>\n\n\n\n<p>Bovenop de wettelijk te voeren boekhouding, bepaalt de ondernemer zelf het financi\u00eble dashboard van knipperlichten en informatie die nuttig zijn voor een goed bestuur. <strong>BRUSSELS ACCOUNTANTS<\/strong> helpt hierbij, doet voorstellen en zorgt voor de concrete uitwerking.<\/p>\n\n\n\n<h2 class=\"wp-block-heading\">4\u00b0 Fiscale verplichtingen<\/h2>\n\n\n\n<p>De formaliteiten (aangiftes) met bijhorende adviesverstrekking inzake directe inkomstenbelasting (vennootschapsbelasting), alsook indirecte belastingen (BTW, lokale belastingen) worden voor ondernemingen verzorgd. Dit gebeurt zowel op een doorlopende basis (in het verlengde van de boekhouding) als op \u00e9\u00e9nmalige basis. Zo kan er aan belastingplichtigen specifieke adviezen worden verleend omtrent welomschreven fiscale problemen, waarover verduidelijking en onderzoek noodzakelijk is. <strong>BRUSSELS ACCOUNTANTS<\/strong> heeft ook een geschikt netwerk van topspecialisten waarop het beroep kan doen.<\/p>\n\n\n\n<h2 class=\"wp-block-heading\">5\u00b0 Vennootschapsrecht<\/h2>\n\n\n\n<p>Vennootschappen en de boekhouding die ze voeren worden steeds getoetst aan alle verplichtingen die van toepassing zijn ingevolge het vennootschapsrecht.<\/p>\n\n\n\n<p><strong>BRUSSELS ACCOUNTANTS<\/strong> heeft als lid van het Instituut van Accountants en Belastingconsulten tevens de wettelijke kwalificatie om verslagen op te stellen bij de herstructurering van bedrijven: fusies, splitsingen, omvormingen, uitgifte van aandelen met beperking van voorkeurrecht, alsook bij liquidatie: de verslaggeving aan de bijzondere algemene vergadering die beslist over de ontbinding van de vennootschap.<\/p>\n\n\n\n<h2 class=\"wp-block-heading\">6\u00b0 Waardering van aandelen<\/h2>\n\n\n\n<p>Rekening houdend met de eigenheid van de onderneming worden de aandelen op verzoek objectief gewaardeerd.<\/p>\n\n\n\n<p>Tot uw dienst.<\/p>\n\n\n\n<p><strong>BRUSSELS ACCOUNTANTS<\/strong> BVBA<\/p>\n","protected":false},"excerpt":{"rendered":"<p>BRUSSELS ACCOUNTANTS staat commerci\u00eble ondernemingen bij in hun boekhoudkundige en fiscale verplichtingen. 1\u00b0 Opstart van een economische activiteit In sommige gevallen wordt een cli\u00ebnt aangeraden simpelweg als freelancer te werken, de opzet van een persoonlijke zelfstandige activiteit. In andere gevallen of uiteraard bij een samenwerkingsverband, wordt in samenspraak met de cli\u00ebnt gezocht naar een geschikte [&hellip;]<\/p>\n","protected":false},"author":1,"featured_media":0,"parent":156,"menu_order":0,"comment_status":"closed","ping_status":"closed","template":"","meta":{"footnotes":""},"class_list":["post-279","page","type-page","status-publish","hentry"],"acf":[],"yoast_head":"<!-- This site is optimized with the Yoast SEO plugin v27.4 - https:\/\/yoast.com\/product\/yoast-seo-wordpress\/ -->\n<title>Zelfstandigen en vennootschappen - Brussels Accountants<\/title>\n<meta name=\"robots\" content=\"index, follow, max-snippet:-1, max-image-preview:large, max-video-preview:-1\" \/>\n<link rel=\"canonical\" href=\"https:\/\/www.brussels-accountants.be\/nl\/diensten\/zelfstandigen-en-vennootschappen\/\" \/>\n<meta property=\"og:locale\" content=\"nl_NL\" \/>\n<meta property=\"og:type\" content=\"article\" \/>\n<meta property=\"og:title\" content=\"Zelfstandigen en vennootschappen - Brussels Accountants\" \/>\n<meta property=\"og:description\" content=\"BRUSSELS ACCOUNTANTS staat commerci\u00eble ondernemingen bij in hun boekhoudkundige en fiscale verplichtingen. 1\u00b0 Opstart van een economische activiteit In sommige gevallen wordt een cli\u00ebnt aangeraden simpelweg als freelancer te werken, de opzet van een persoonlijke zelfstandige activiteit. In andere gevallen of uiteraard bij een samenwerkingsverband, wordt in samenspraak met de cli\u00ebnt gezocht naar een geschikte [&hellip;]\" \/>\n<meta property=\"og:url\" content=\"https:\/\/www.brussels-accountants.be\/diensten\/zelfstandigen-en-vennootschappen\/\" \/>\n<meta property=\"og:site_name\" content=\"Brussels Accountants\" \/>\n<meta property=\"article:modified_time\" content=\"2022-01-07T15:09:44+00:00\" \/>\n<meta name=\"twitter:card\" content=\"summary_large_image\" \/>\n<meta name=\"twitter:label1\" content=\"Est. reading time\" \/>\n\t<meta name=\"twitter:data1\" content=\"3 minutes\" \/>\n<script type=\"application\/ld+json\" class=\"yoast-schema-graph\">{\"@context\":\"https:\\\/\\\/schema.org\",\"@graph\":[{\"@type\":\"WebPage\",\"@id\":\"https:\\\/\\\/www.brussels-accountants.be\\\/diensten\\\/zelfstandigen-en-vennootschappen\\\/\",\"url\":\"https:\\\/\\\/www.brussels-accountants.be\\\/diensten\\\/zelfstandigen-en-vennootschappen\\\/\",\"name\":\"Zelfstandigen en vennootschappen - Brussels Accountants\",\"isPartOf\":{\"@id\":\"https:\\\/\\\/www.brussels-accountants.be\\\/#website\"},\"datePublished\":\"2018-10-23T13:42:08+00:00\",\"dateModified\":\"2022-01-07T15:09:44+00:00\",\"breadcrumb\":{\"@id\":\"https:\\\/\\\/www.brussels-accountants.be\\\/diensten\\\/zelfstandigen-en-vennootschappen\\\/#breadcrumb\"},\"inLanguage\":\"nl-NL\",\"potentialAction\":[{\"@type\":\"ReadAction\",\"target\":[\"https:\\\/\\\/www.brussels-accountants.be\\\/diensten\\\/zelfstandigen-en-vennootschappen\\\/\"]}]},{\"@type\":\"BreadcrumbList\",\"@id\":\"https:\\\/\\\/www.brussels-accountants.be\\\/diensten\\\/zelfstandigen-en-vennootschappen\\\/#breadcrumb\",\"itemListElement\":[{\"@type\":\"ListItem\",\"position\":1,\"name\":\"Accueil\",\"item\":\"https:\\\/\\\/www.brussels-accountants.be\\\/\"},{\"@type\":\"ListItem\",\"position\":2,\"name\":\"Diensten\",\"item\":\"https:\\\/\\\/www.brussels-accountants.be\\\/\"},{\"@type\":\"ListItem\",\"position\":3,\"name\":\"Zelfstandigen en vennootschappen\"}]},{\"@type\":\"WebSite\",\"@id\":\"https:\\\/\\\/www.brussels-accountants.be\\\/#website\",\"url\":\"https:\\\/\\\/www.brussels-accountants.be\\\/\",\"name\":\"Brussels Accountants\",\"description\":\"&lt;strong&gt;Brussels Accountants&lt;\\\/strong&gt; est une entreprise Internationale de comptabilit\u00e9 offrant \u00e0 ses clients une comptabilit\u00e9 appropri\u00e9e et une consultance optimis\u00e9e des imp\u00f4ts. Le cabinet est comp\u00e9tent au sein du contexte belge, pour les citoyens redevables de l\u2019imp\u00f4t belge. Nous sommes aussi reconnus en tant que guide fiable et compagnon pour les expatri\u00e9s qui ont besoin de constituer leur activit\u00e9, d&#039;en assurer la croissance et l\u2019organisation sur le territoire belge.\",\"publisher\":{\"@id\":\"https:\\\/\\\/www.brussels-accountants.be\\\/#organization\"},\"potentialAction\":[{\"@type\":\"SearchAction\",\"target\":{\"@type\":\"EntryPoint\",\"urlTemplate\":\"https:\\\/\\\/www.brussels-accountants.be\\\/?s={search_term_string}\"},\"query-input\":{\"@type\":\"PropertyValueSpecification\",\"valueRequired\":true,\"valueName\":\"search_term_string\"}}],\"inLanguage\":\"nl-NL\"},{\"@type\":\"Organization\",\"@id\":\"https:\\\/\\\/www.brussels-accountants.be\\\/#organization\",\"name\":\"Brussels Accountants\",\"url\":\"https:\\\/\\\/www.brussels-accountants.be\\\/\",\"logo\":{\"@type\":\"ImageObject\",\"inLanguage\":\"nl-NL\",\"@id\":\"https:\\\/\\\/www.brussels-accountants.be\\\/#\\\/schema\\\/logo\\\/image\\\/\",\"url\":\"https:\\\/\\\/www.brussels-accountants.be\\\/wp-content\\\/uploads\\\/2018\\\/10\\\/cropped-logo-medium.png\",\"contentUrl\":\"https:\\\/\\\/www.brussels-accountants.be\\\/wp-content\\\/uploads\\\/2018\\\/10\\\/cropped-logo-medium.png\",\"width\":512,\"height\":512,\"caption\":\"Brussels Accountants\"},\"image\":{\"@id\":\"https:\\\/\\\/www.brussels-accountants.be\\\/#\\\/schema\\\/logo\\\/image\\\/\"}}]}<\/script>\n<!-- \/ Yoast SEO plugin. -->","yoast_head_json":{"title":"Zelfstandigen en vennootschappen - Brussels Accountants","robots":{"index":"index","follow":"follow","max-snippet":"max-snippet:-1","max-image-preview":"max-image-preview:large","max-video-preview":"max-video-preview:-1"},"canonical":"https:\/\/www.brussels-accountants.be\/nl\/diensten\/zelfstandigen-en-vennootschappen\/","og_locale":"nl_NL","og_type":"article","og_title":"Zelfstandigen en vennootschappen - Brussels Accountants","og_description":"BRUSSELS ACCOUNTANTS staat commerci\u00eble ondernemingen bij in hun boekhoudkundige en fiscale verplichtingen. 1\u00b0 Opstart van een economische activiteit In sommige gevallen wordt een cli\u00ebnt aangeraden simpelweg als freelancer te werken, de opzet van een persoonlijke zelfstandige activiteit. In andere gevallen of uiteraard bij een samenwerkingsverband, wordt in samenspraak met de cli\u00ebnt gezocht naar een geschikte [&hellip;]","og_url":"https:\/\/www.brussels-accountants.be\/diensten\/zelfstandigen-en-vennootschappen\/","og_site_name":"Brussels Accountants","article_modified_time":"2022-01-07T15:09:44+00:00","twitter_card":"summary_large_image","twitter_misc":{"Est. reading time":"3 minutes"},"schema":{"@context":"https:\/\/schema.org","@graph":[{"@type":"WebPage","@id":"https:\/\/www.brussels-accountants.be\/diensten\/zelfstandigen-en-vennootschappen\/","url":"https:\/\/www.brussels-accountants.be\/diensten\/zelfstandigen-en-vennootschappen\/","name":"Zelfstandigen en vennootschappen - Brussels Accountants","isPartOf":{"@id":"https:\/\/www.brussels-accountants.be\/#website"},"datePublished":"2018-10-23T13:42:08+00:00","dateModified":"2022-01-07T15:09:44+00:00","breadcrumb":{"@id":"https:\/\/www.brussels-accountants.be\/diensten\/zelfstandigen-en-vennootschappen\/#breadcrumb"},"inLanguage":"nl-NL","potentialAction":[{"@type":"ReadAction","target":["https:\/\/www.brussels-accountants.be\/diensten\/zelfstandigen-en-vennootschappen\/"]}]},{"@type":"BreadcrumbList","@id":"https:\/\/www.brussels-accountants.be\/diensten\/zelfstandigen-en-vennootschappen\/#breadcrumb","itemListElement":[{"@type":"ListItem","position":1,"name":"Accueil","item":"https:\/\/www.brussels-accountants.be\/"},{"@type":"ListItem","position":2,"name":"Diensten","item":"https:\/\/www.brussels-accountants.be\/"},{"@type":"ListItem","position":3,"name":"Zelfstandigen en vennootschappen"}]},{"@type":"WebSite","@id":"https:\/\/www.brussels-accountants.be\/#website","url":"https:\/\/www.brussels-accountants.be\/","name":"Brussels Accountants","description":"&lt;strong&gt;Brussels Accountants&lt;\/strong&gt; est une entreprise Internationale de comptabilit\u00e9 offrant \u00e0 ses clients une comptabilit\u00e9 appropri\u00e9e et une consultance optimis\u00e9e des imp\u00f4ts. Le cabinet est comp\u00e9tent au sein du contexte belge, pour les citoyens redevables de l\u2019imp\u00f4t belge. Nous sommes aussi reconnus en tant que guide fiable et compagnon pour les expatri\u00e9s qui ont besoin de constituer leur activit\u00e9, d&#039;en assurer la croissance et l\u2019organisation sur le territoire belge.","publisher":{"@id":"https:\/\/www.brussels-accountants.be\/#organization"},"potentialAction":[{"@type":"SearchAction","target":{"@type":"EntryPoint","urlTemplate":"https:\/\/www.brussels-accountants.be\/?s={search_term_string}"},"query-input":{"@type":"PropertyValueSpecification","valueRequired":true,"valueName":"search_term_string"}}],"inLanguage":"nl-NL"},{"@type":"Organization","@id":"https:\/\/www.brussels-accountants.be\/#organization","name":"Brussels Accountants","url":"https:\/\/www.brussels-accountants.be\/","logo":{"@type":"ImageObject","inLanguage":"nl-NL","@id":"https:\/\/www.brussels-accountants.be\/#\/schema\/logo\/image\/","url":"https:\/\/www.brussels-accountants.be\/wp-content\/uploads\/2018\/10\/cropped-logo-medium.png","contentUrl":"https:\/\/www.brussels-accountants.be\/wp-content\/uploads\/2018\/10\/cropped-logo-medium.png","width":512,"height":512,"caption":"Brussels Accountants"},"image":{"@id":"https:\/\/www.brussels-accountants.be\/#\/schema\/logo\/image\/"}}]}},"_links":{"self":[{"href":"https:\/\/www.brussels-accountants.be\/nl\/wp-json\/wp\/v2\/pages\/279","targetHints":{"allow":["GET"]}}],"collection":[{"href":"https:\/\/www.brussels-accountants.be\/nl\/wp-json\/wp\/v2\/pages"}],"about":[{"href":"https:\/\/www.brussels-accountants.be\/nl\/wp-json\/wp\/v2\/types\/page"}],"author":[{"embeddable":true,"href":"https:\/\/www.brussels-accountants.be\/nl\/wp-json\/wp\/v2\/users\/1"}],"replies":[{"embeddable":true,"href":"https:\/\/www.brussels-accountants.be\/nl\/wp-json\/wp\/v2\/comments?post=279"}],"version-history":[{"count":3,"href":"https:\/\/www.brussels-accountants.be\/nl\/wp-json\/wp\/v2\/pages\/279\/revisions"}],"predecessor-version":[{"id":1955,"href":"https:\/\/www.brussels-accountants.be\/nl\/wp-json\/wp\/v2\/pages\/279\/revisions\/1955"}],"up":[{"embeddable":true,"href":"https:\/\/www.brussels-accountants.be\/nl\/wp-json\/wp\/v2\/pages\/156"}],"wp:attachment":[{"href":"https:\/\/www.brussels-accountants.be\/nl\/wp-json\/wp\/v2\/media?parent=279"}],"curies":[{"name":"wp","href":"https:\/\/api.w.org\/{rel}","templated":true}]}}