{"id":182,"date":"2018-10-23T11:25:52","date_gmt":"2018-10-23T09:25:52","guid":{"rendered":"https:\/\/www.fidupress.be\/ba\/?page_id=182"},"modified":"2025-11-26T09:48:49","modified_gmt":"2025-11-26T08:48:49","slug":"nous-contacter-2","status":"publish","type":"page","link":"https:\/\/www.brussels-accountants.be\/nl\/nous-contacter-2\/","title":{"rendered":"Nous contacter"},"content":{"rendered":"\n<p>Vous pouvez contacter&nbsp;<strong>Brussels Accountants&nbsp;<\/strong>via telephone ou email<\/p>\n\n\n\n<h2 class=\"wp-block-heading\">Emplacement de nos bureaux<\/h2>\n\n\n\n<p>\n\nChemin des deux maisons 73\/3<br>\n1200 Woluwe-Saint-Lambert (Bruxelles)<br>\nBelgique\n\n<\/p>\n\n\n\n<h3 class=\"wp-block-heading\">Transports publics<br><\/h3>\n\n\n\n<a class=\"zoombox\" href=\"\/wp-content\/uploads\/2018\/10\/map.jpg\"><img decoding=\"async\" style=\"float: left;margin-right: 15px\" src=\"https:\/\/www.brussels-accountants.be\/wp-content\/uploads\/2018\/10\/map.jpg\" width=\"250\"><\/a>\n\n\n\n<ul class=\"wp-block-list\"><li>Metro 1B from Erasme to Stockel: exit Roodebeek (15 minutes walk to Brussels Accountants)<\/li><li>Bus line 27 from Rail Station Midi (= South) to Androm\u00e8de station (terminus): walk up the street for about 200m to building number 73<\/li><li>Bus line 79 from Schuman Square to bus-stop Capricorne\/Steenbok: walk up to building number 73<\/li><li>Heading to Stockel, at exit Montgomery, metro line 1B crosses bus line 27 (bus-stop Montgomery)<\/li><\/ul>\n","protected":false},"excerpt":{"rendered":"<p>Vous pouvez contacter&nbsp;Brussels Accountants&nbsp;via telephone ou email Emplacement de nos bureaux Chemin des deux maisons 73\/3 1200 Woluwe-Saint-Lambert (Bruxelles) Belgique Transports publics Metro 1B from Erasme to Stockel: exit Roodebeek (15 minutes walk to Brussels Accountants) Bus line 27 from Rail Station Midi (= South) to Androm\u00e8de station (terminus): walk up the street for about [&hellip;]<\/p>\n","protected":false},"author":1,"featured_media":1471,"parent":0,"menu_order":0,"comment_status":"closed","ping_status":"closed","template":"template-parts\/contact.php","meta":{"footnotes":""},"class_list":["post-182","page","type-page","status-publish","has-post-thumbnail","hentry"],"acf":[],"yoast_head":"<!-- This site is optimized with the Yoast SEO plugin v27.4 - https:\/\/yoast.com\/product\/yoast-seo-wordpress\/ -->\n<title>Nous contacter - Brussels Accountants<\/title>\n<meta name=\"robots\" content=\"index, follow, max-snippet:-1, max-image-preview:large, max-video-preview:-1\" \/>\n<link rel=\"canonical\" href=\"https:\/\/www.brussels-accountants.be\/nl\/nous-contacter-2\/\" \/>\n<meta property=\"og:locale\" content=\"nl_NL\" \/>\n<meta property=\"og:type\" content=\"article\" \/>\n<meta property=\"og:title\" content=\"Nous contacter - Brussels Accountants\" \/>\n<meta property=\"og:description\" content=\"Vous pouvez contacter&nbsp;Brussels Accountants&nbsp;via telephone ou email Emplacement de nos bureaux Chemin des deux maisons 73\/3 1200 Woluwe-Saint-Lambert (Bruxelles) Belgique Transports publics Metro 1B from Erasme to Stockel: exit Roodebeek (15 minutes walk to Brussels Accountants) Bus line 27 from Rail Station Midi (= South) to Androm\u00e8de station (terminus): walk up the street for about [&hellip;]\" \/>\n<meta property=\"og:url\" content=\"https:\/\/www.brussels-accountants.be\/nous-contacter-2\/\" \/>\n<meta property=\"og:site_name\" content=\"Brussels Accountants\" \/>\n<meta property=\"article:modified_time\" content=\"2025-11-26T08:48:49+00:00\" \/>\n<meta property=\"og:image\" content=\"https:\/\/www.brussels-accountants.be\/wp-content\/uploads\/2020\/11\/header-sign.png\" \/>\n\t<meta property=\"og:image:width\" content=\"1140\" \/>\n\t<meta property=\"og:image:height\" content=\"320\" \/>\n\t<meta property=\"og:image:type\" content=\"image\/png\" \/>\n<meta name=\"twitter:card\" content=\"summary_large_image\" \/>\n<meta name=\"twitter:label1\" content=\"Est. reading time\" \/>\n\t<meta name=\"twitter:data1\" content=\"1 minute\" \/>\n<script type=\"application\/ld+json\" class=\"yoast-schema-graph\">{\"@context\":\"https:\\\/\\\/schema.org\",\"@graph\":[{\"@type\":\"WebPage\",\"@id\":\"https:\\\/\\\/www.brussels-accountants.be\\\/nous-contacter-2\\\/\",\"url\":\"https:\\\/\\\/www.brussels-accountants.be\\\/nous-contacter-2\\\/\",\"name\":\"Nous contacter - Brussels Accountants\",\"isPartOf\":{\"@id\":\"https:\\\/\\\/www.brussels-accountants.be\\\/#website\"},\"primaryImageOfPage\":{\"@id\":\"https:\\\/\\\/www.brussels-accountants.be\\\/nous-contacter-2\\\/#primaryimage\"},\"image\":{\"@id\":\"https:\\\/\\\/www.brussels-accountants.be\\\/nous-contacter-2\\\/#primaryimage\"},\"thumbnailUrl\":\"https:\\\/\\\/www.brussels-accountants.be\\\/wp-content\\\/uploads\\\/2020\\\/11\\\/header-sign.png\",\"datePublished\":\"2018-10-23T09:25:52+00:00\",\"dateModified\":\"2025-11-26T08:48:49+00:00\",\"breadcrumb\":{\"@id\":\"https:\\\/\\\/www.brussels-accountants.be\\\/nous-contacter-2\\\/#breadcrumb\"},\"inLanguage\":\"nl-NL\",\"potentialAction\":[{\"@type\":\"ReadAction\",\"target\":[\"https:\\\/\\\/www.brussels-accountants.be\\\/nous-contacter-2\\\/\"]}]},{\"@type\":\"ImageObject\",\"inLanguage\":\"nl-NL\",\"@id\":\"https:\\\/\\\/www.brussels-accountants.be\\\/nous-contacter-2\\\/#primaryimage\",\"url\":\"https:\\\/\\\/www.brussels-accountants.be\\\/wp-content\\\/uploads\\\/2020\\\/11\\\/header-sign.png\",\"contentUrl\":\"https:\\\/\\\/www.brussels-accountants.be\\\/wp-content\\\/uploads\\\/2020\\\/11\\\/header-sign.png\",\"width\":1140,\"height\":320},{\"@type\":\"BreadcrumbList\",\"@id\":\"https:\\\/\\\/www.brussels-accountants.be\\\/nous-contacter-2\\\/#breadcrumb\",\"itemListElement\":[{\"@type\":\"ListItem\",\"position\":1,\"name\":\"Accueil\",\"item\":\"https:\\\/\\\/www.brussels-accountants.be\\\/\"},{\"@type\":\"ListItem\",\"position\":2,\"name\":\"Nous contacter\"}]},{\"@type\":\"WebSite\",\"@id\":\"https:\\\/\\\/www.brussels-accountants.be\\\/#website\",\"url\":\"https:\\\/\\\/www.brussels-accountants.be\\\/\",\"name\":\"Brussels Accountants\",\"description\":\"&lt;strong&gt;Brussels Accountants&lt;\\\/strong&gt; est une entreprise Internationale de comptabilit\u00e9 offrant \u00e0 ses clients une comptabilit\u00e9 appropri\u00e9e et une consultance optimis\u00e9e des imp\u00f4ts. Le cabinet est comp\u00e9tent au sein du contexte belge, pour les citoyens redevables de l\u2019imp\u00f4t belge. Nous sommes aussi reconnus en tant que guide fiable et compagnon pour les expatri\u00e9s qui ont besoin de constituer leur activit\u00e9, d&#039;en assurer la croissance et l\u2019organisation sur le territoire belge.\",\"publisher\":{\"@id\":\"https:\\\/\\\/www.brussels-accountants.be\\\/#organization\"},\"potentialAction\":[{\"@type\":\"SearchAction\",\"target\":{\"@type\":\"EntryPoint\",\"urlTemplate\":\"https:\\\/\\\/www.brussels-accountants.be\\\/?s={search_term_string}\"},\"query-input\":{\"@type\":\"PropertyValueSpecification\",\"valueRequired\":true,\"valueName\":\"search_term_string\"}}],\"inLanguage\":\"nl-NL\"},{\"@type\":\"Organization\",\"@id\":\"https:\\\/\\\/www.brussels-accountants.be\\\/#organization\",\"name\":\"Brussels Accountants\",\"url\":\"https:\\\/\\\/www.brussels-accountants.be\\\/\",\"logo\":{\"@type\":\"ImageObject\",\"inLanguage\":\"nl-NL\",\"@id\":\"https:\\\/\\\/www.brussels-accountants.be\\\/#\\\/schema\\\/logo\\\/image\\\/\",\"url\":\"https:\\\/\\\/www.brussels-accountants.be\\\/wp-content\\\/uploads\\\/2018\\\/10\\\/cropped-logo-medium.png\",\"contentUrl\":\"https:\\\/\\\/www.brussels-accountants.be\\\/wp-content\\\/uploads\\\/2018\\\/10\\\/cropped-logo-medium.png\",\"width\":512,\"height\":512,\"caption\":\"Brussels Accountants\"},\"image\":{\"@id\":\"https:\\\/\\\/www.brussels-accountants.be\\\/#\\\/schema\\\/logo\\\/image\\\/\"}}]}<\/script>\n<!-- \/ Yoast SEO plugin. -->","yoast_head_json":{"title":"Nous contacter - Brussels Accountants","robots":{"index":"index","follow":"follow","max-snippet":"max-snippet:-1","max-image-preview":"max-image-preview:large","max-video-preview":"max-video-preview:-1"},"canonical":"https:\/\/www.brussels-accountants.be\/nl\/nous-contacter-2\/","og_locale":"nl_NL","og_type":"article","og_title":"Nous contacter - Brussels Accountants","og_description":"Vous pouvez contacter&nbsp;Brussels Accountants&nbsp;via telephone ou email Emplacement de nos bureaux Chemin des deux maisons 73\/3 1200 Woluwe-Saint-Lambert (Bruxelles) Belgique Transports publics Metro 1B from Erasme to Stockel: exit Roodebeek (15 minutes walk to Brussels Accountants) Bus line 27 from Rail Station Midi (= South) to Androm\u00e8de station (terminus): walk up the street for about [&hellip;]","og_url":"https:\/\/www.brussels-accountants.be\/nous-contacter-2\/","og_site_name":"Brussels Accountants","article_modified_time":"2025-11-26T08:48:49+00:00","og_image":[{"width":1140,"height":320,"url":"https:\/\/www.brussels-accountants.be\/wp-content\/uploads\/2020\/11\/header-sign.png","type":"image\/png"}],"twitter_card":"summary_large_image","twitter_misc":{"Est. reading time":"1 minute"},"schema":{"@context":"https:\/\/schema.org","@graph":[{"@type":"WebPage","@id":"https:\/\/www.brussels-accountants.be\/nous-contacter-2\/","url":"https:\/\/www.brussels-accountants.be\/nous-contacter-2\/","name":"Nous contacter - Brussels Accountants","isPartOf":{"@id":"https:\/\/www.brussels-accountants.be\/#website"},"primaryImageOfPage":{"@id":"https:\/\/www.brussels-accountants.be\/nous-contacter-2\/#primaryimage"},"image":{"@id":"https:\/\/www.brussels-accountants.be\/nous-contacter-2\/#primaryimage"},"thumbnailUrl":"https:\/\/www.brussels-accountants.be\/wp-content\/uploads\/2020\/11\/header-sign.png","datePublished":"2018-10-23T09:25:52+00:00","dateModified":"2025-11-26T08:48:49+00:00","breadcrumb":{"@id":"https:\/\/www.brussels-accountants.be\/nous-contacter-2\/#breadcrumb"},"inLanguage":"nl-NL","potentialAction":[{"@type":"ReadAction","target":["https:\/\/www.brussels-accountants.be\/nous-contacter-2\/"]}]},{"@type":"ImageObject","inLanguage":"nl-NL","@id":"https:\/\/www.brussels-accountants.be\/nous-contacter-2\/#primaryimage","url":"https:\/\/www.brussels-accountants.be\/wp-content\/uploads\/2020\/11\/header-sign.png","contentUrl":"https:\/\/www.brussels-accountants.be\/wp-content\/uploads\/2020\/11\/header-sign.png","width":1140,"height":320},{"@type":"BreadcrumbList","@id":"https:\/\/www.brussels-accountants.be\/nous-contacter-2\/#breadcrumb","itemListElement":[{"@type":"ListItem","position":1,"name":"Accueil","item":"https:\/\/www.brussels-accountants.be\/"},{"@type":"ListItem","position":2,"name":"Nous contacter"}]},{"@type":"WebSite","@id":"https:\/\/www.brussels-accountants.be\/#website","url":"https:\/\/www.brussels-accountants.be\/","name":"Brussels Accountants","description":"&lt;strong&gt;Brussels Accountants&lt;\/strong&gt; est une entreprise Internationale de comptabilit\u00e9 offrant \u00e0 ses clients une comptabilit\u00e9 appropri\u00e9e et une consultance optimis\u00e9e des imp\u00f4ts. Le cabinet est comp\u00e9tent au sein du contexte belge, pour les citoyens redevables de l\u2019imp\u00f4t belge. Nous sommes aussi reconnus en tant que guide fiable et compagnon pour les expatri\u00e9s qui ont besoin de constituer leur activit\u00e9, d&#039;en assurer la croissance et l\u2019organisation sur le territoire belge.","publisher":{"@id":"https:\/\/www.brussels-accountants.be\/#organization"},"potentialAction":[{"@type":"SearchAction","target":{"@type":"EntryPoint","urlTemplate":"https:\/\/www.brussels-accountants.be\/?s={search_term_string}"},"query-input":{"@type":"PropertyValueSpecification","valueRequired":true,"valueName":"search_term_string"}}],"inLanguage":"nl-NL"},{"@type":"Organization","@id":"https:\/\/www.brussels-accountants.be\/#organization","name":"Brussels Accountants","url":"https:\/\/www.brussels-accountants.be\/","logo":{"@type":"ImageObject","inLanguage":"nl-NL","@id":"https:\/\/www.brussels-accountants.be\/#\/schema\/logo\/image\/","url":"https:\/\/www.brussels-accountants.be\/wp-content\/uploads\/2018\/10\/cropped-logo-medium.png","contentUrl":"https:\/\/www.brussels-accountants.be\/wp-content\/uploads\/2018\/10\/cropped-logo-medium.png","width":512,"height":512,"caption":"Brussels Accountants"},"image":{"@id":"https:\/\/www.brussels-accountants.be\/#\/schema\/logo\/image\/"}}]}},"_links":{"self":[{"href":"https:\/\/www.brussels-accountants.be\/nl\/wp-json\/wp\/v2\/pages\/182","targetHints":{"allow":["GET"]}}],"collection":[{"href":"https:\/\/www.brussels-accountants.be\/nl\/wp-json\/wp\/v2\/pages"}],"about":[{"href":"https:\/\/www.brussels-accountants.be\/nl\/wp-json\/wp\/v2\/types\/page"}],"author":[{"embeddable":true,"href":"https:\/\/www.brussels-accountants.be\/nl\/wp-json\/wp\/v2\/users\/1"}],"replies":[{"embeddable":true,"href":"https:\/\/www.brussels-accountants.be\/nl\/wp-json\/wp\/v2\/comments?post=182"}],"version-history":[{"count":32,"href":"https:\/\/www.brussels-accountants.be\/nl\/wp-json\/wp\/v2\/pages\/182\/revisions"}],"predecessor-version":[{"id":20392,"href":"https:\/\/www.brussels-accountants.be\/nl\/wp-json\/wp\/v2\/pages\/182\/revisions\/20392"}],"wp:featuredmedia":[{"embeddable":true,"href":"https:\/\/www.brussels-accountants.be\/nl\/wp-json\/wp\/v2\/media\/1471"}],"wp:attachment":[{"href":"https:\/\/www.brussels-accountants.be\/nl\/wp-json\/wp\/v2\/media?parent=182"}],"curies":[{"name":"wp","href":"https:\/\/api.w.org\/{rel}","templated":true}]}}