{"id":79,"date":"2018-10-22T11:54:25","date_gmt":"2018-10-22T09:54:25","guid":{"rendered":"https:\/\/www.fidupress.be\/ba\/?page_id=79"},"modified":"2022-09-15T15:52:40","modified_gmt":"2022-09-15T13:52:40","slug":"securite-sociale-independante","status":"publish","type":"page","link":"https:\/\/www.brussels-accountants.be\/es\/demarrer-une-activite\/securite-sociale-independante\/","title":{"rendered":"S\u00e9curit\u00e9 sociale ind\u00e9pendante"},"content":{"rendered":"\n<p>Les cotisations sociales trimestrielles d\u00e9finitives se calculent sur base du revenu professionnel net imposable. Ce revenu est \u00e9gal au revenu brut diminu\u00e9 des frais et, le cas \u00e9ch\u00e9ant, des pertes professionnelles. L\u2019ann\u00e9e de r\u00e9f\u00e9rence est la m\u00eame ann\u00e9e que l\u2019ann\u00e9e des cotisations. Ainsi, pour les cotisations sociales de 2022, c\u2019est le revenu professionnel net imposable de l\u2019ann\u00e9e 2022.<\/p>\n\n\n\n<h2 class=\"wp-block-heading\">Ind\u00e9pendant d\u00e9butant<\/h2>\n\n\n\n<p>En tant qu\u2019ind\u00e9pendant d\u00e9butant, vos revenus professionnels pour le calcul des cotisations de 2022ne sont pas encore connus. C\u2019est pourquoi, pendant la p\u00e9riode de d\u00e9but d\u2019activit\u00e9 (jusqu\u2019\u00e0 la fin de la troisi\u00e8me ann\u00e9e civile compl\u00e8te), des cotisations provisoires sont pay\u00e9es. Pour les cotisations provisoires, il y a des cotisations minimales, d\u00e9termin\u00e9es par la loi et calcul\u00e9es sur base d\u2019un revenu de r\u00e9f\u00e9rence fictif ; pour 2022, ce revenu s\u2019\u00e9l\u00e8ve \u00e0 \u20ac 14.658,44 (pour une activit\u00e9 ind\u00e9pendante principale). L\u2019ind\u00e9pendant a le choix de payer les cotisations minimales l\u00e9gales ou des cotisations calcul\u00e9es sur base d\u2019un revenu qu\u2019il estime lui-m\u00eame. D\u00e8s que les revenus r\u00e9els sont connus, les cotisations pay\u00e9es provisoirement seront r\u00e9gularis\u00e9es.<\/p>\n\n\n\n<h2 class=\"wp-block-heading\">Ind\u00e9pendant \u00e9tabli<\/h2>\n\n\n\n<p>En tant qu\u2019ind\u00e9pendant \u00e9tabli, vos revenus professionnels de 2022 ne sont pas encore connus. C\u2019est pourquoi, des cotisations provisoires sont r\u00e9clam\u00e9es. Les cotisations provisoires sont calcul\u00e9es sur base du revenu de la troisi\u00e8me ann\u00e9e qui pr\u00e9c\u00e8de l\u2019ann\u00e9e pour laquelle les cotisations sont calcul\u00e9es. Pour ces cotisations il y a des cotisations minimales, d\u00e9termin\u00e9es par la loi et calcul\u00e9es sur base d\u2019un revenu de r\u00e9f\u00e9rence fictif ; pour 2022, ce revenu s\u2019\u00e9l\u00e8ve \u00e0 \u20ac 14.658,44 (pour une activit\u00e9 ind\u00e9pendante principale).<\/p>\n\n\n\n<p>D\u00e8s que la caisse re\u00e7oit les revenus r\u00e9els de 2022 de l\u2019administration des contributions, elle r\u00e9gularisera les cotisations de 2022. Pour 2022 ceci se produira probablement d\u00e9but 2024. L\u2019ind\u00e9pendant a le choix de payer les cotisations minimales l\u00e9gales ou des cotisations calcul\u00e9es sur base d\u2019un revenu qu\u2019il estime lui-m\u00eame. Si l\u2019ind\u00e9pendant parvient \u00e0 d\u00e9montrer de mani\u00e8re plausible que ses revenus de 2022 seront inf\u00e9rieurs aux revenus de 2020 et se situent en dessous du seuil appliqu\u00e9, il peut demander \u00e0 payer des cotisations provisoires sur base d\u2019un seuil inf\u00e9rieure. D\u00e8s que les revenus r\u00e9els sont connus, les cotisations pay\u00e9es provisoirement seront r\u00e9gularis\u00e9es.<\/p>\n\n\n\n<p>Si l\u2019activit\u00e9 ind\u00e9pendante n\u2019est pas exerc\u00e9e pendant une ann\u00e9e civile compl\u00e8te, les cotisations d\u00e9finitives seront calcul\u00e9es sur base du revenu proratis\u00e9 de l\u2019ann\u00e9e en question. Les cotisations d\u00e9finitives seront calcul\u00e9es sur base du revenu divis\u00e9 par le nombre de trimestres travaill\u00e9 x 4. Exemple : D\u00e9but d\u2019activit\u00e9 le 01.05.2022. Revenu 2022 : \u20ac 15.000,00. Les cotisations d\u00e9finitives seront calcul\u00e9es sur \u20ac 15.000,00\/3 * 4 = \u20ac 20.000,00<\/p>\n","protected":false},"excerpt":{"rendered":"<p>Les cotisations sociales trimestrielles d\u00e9finitives se calculent sur base du revenu professionnel net imposable. Ce revenu est \u00e9gal au revenu brut diminu\u00e9 des frais et, le cas \u00e9ch\u00e9ant, des pertes professionnelles. L\u2019ann\u00e9e de r\u00e9f\u00e9rence est la m\u00eame ann\u00e9e que l\u2019ann\u00e9e des cotisations. Ainsi, pour les cotisations sociales de 2022, c\u2019est le revenu professionnel net imposable [&hellip;]<\/p>\n","protected":false},"author":1,"featured_media":0,"parent":12,"menu_order":0,"comment_status":"closed","ping_status":"closed","template":"","meta":{"footnotes":""},"class_list":["post-79","page","type-page","status-publish","hentry"],"acf":[],"yoast_head":"<!-- This site is optimized with the Yoast SEO plugin v27.3 - https:\/\/yoast.com\/product\/yoast-seo-wordpress\/ -->\n<title>S\u00e9curit\u00e9 sociale ind\u00e9pendante - Brussels Accountants<\/title>\n<meta name=\"robots\" content=\"index, follow, max-snippet:-1, max-image-preview:large, max-video-preview:-1\" \/>\n<link rel=\"canonical\" href=\"https:\/\/www.brussels-accountants.be\/es\/demarrer-une-activite\/securite-sociale-independante\/\" \/>\n<meta property=\"og:locale\" content=\"es_ES\" \/>\n<meta property=\"og:type\" content=\"article\" \/>\n<meta property=\"og:title\" content=\"S\u00e9curit\u00e9 sociale ind\u00e9pendante - Brussels Accountants\" \/>\n<meta property=\"og:description\" content=\"Les cotisations sociales trimestrielles d\u00e9finitives se calculent sur base du revenu professionnel net imposable. Ce revenu est \u00e9gal au revenu brut diminu\u00e9 des frais et, le cas \u00e9ch\u00e9ant, des pertes professionnelles. L\u2019ann\u00e9e de r\u00e9f\u00e9rence est la m\u00eame ann\u00e9e que l\u2019ann\u00e9e des cotisations. Ainsi, pour les cotisations sociales de 2022, c\u2019est le revenu professionnel net imposable [&hellip;]\" \/>\n<meta property=\"og:url\" content=\"https:\/\/www.brussels-accountants.be\/demarrer-une-activite\/securite-sociale-independante\/\" \/>\n<meta property=\"og:site_name\" content=\"Brussels Accountants\" \/>\n<meta property=\"article:modified_time\" content=\"2022-09-15T13:52:40+00:00\" \/>\n<meta name=\"twitter:card\" content=\"summary_large_image\" \/>\n<meta name=\"twitter:label1\" content=\"Est. reading time\" \/>\n\t<meta name=\"twitter:data1\" content=\"3 minutes\" \/>\n<script type=\"application\/ld+json\" class=\"yoast-schema-graph\">{\"@context\":\"https:\\\/\\\/schema.org\",\"@graph\":[{\"@type\":\"WebPage\",\"@id\":\"https:\\\/\\\/www.brussels-accountants.be\\\/demarrer-une-activite\\\/securite-sociale-independante\\\/\",\"url\":\"https:\\\/\\\/www.brussels-accountants.be\\\/demarrer-une-activite\\\/securite-sociale-independante\\\/\",\"name\":\"S\u00e9curit\u00e9 sociale ind\u00e9pendante - Brussels Accountants\",\"isPartOf\":{\"@id\":\"https:\\\/\\\/www.brussels-accountants.be\\\/#website\"},\"datePublished\":\"2018-10-22T09:54:25+00:00\",\"dateModified\":\"2022-09-15T13:52:40+00:00\",\"breadcrumb\":{\"@id\":\"https:\\\/\\\/www.brussels-accountants.be\\\/demarrer-une-activite\\\/securite-sociale-independante\\\/#breadcrumb\"},\"inLanguage\":\"es-ES\",\"potentialAction\":[{\"@type\":\"ReadAction\",\"target\":[\"https:\\\/\\\/www.brussels-accountants.be\\\/demarrer-une-activite\\\/securite-sociale-independante\\\/\"]}]},{\"@type\":\"BreadcrumbList\",\"@id\":\"https:\\\/\\\/www.brussels-accountants.be\\\/demarrer-une-activite\\\/securite-sociale-independante\\\/#breadcrumb\",\"itemListElement\":[{\"@type\":\"ListItem\",\"position\":1,\"name\":\"Accueil\",\"item\":\"https:\\\/\\\/www.brussels-accountants.be\\\/servicios\\\/\"},{\"@type\":\"ListItem\",\"position\":2,\"name\":\"D\u00e9marrer une activit\u00e9\",\"item\":\"https:\\\/\\\/www.brussels-accountants.be\\\/demarrer-une-activite\\\/\"},{\"@type\":\"ListItem\",\"position\":3,\"name\":\"S\u00e9curit\u00e9 sociale ind\u00e9pendante\"}]},{\"@type\":\"WebSite\",\"@id\":\"https:\\\/\\\/www.brussels-accountants.be\\\/#website\",\"url\":\"https:\\\/\\\/www.brussels-accountants.be\\\/\",\"name\":\"Brussels Accountants\",\"description\":\"&lt;strong&gt;Brussels Accountants&lt;\\\/strong&gt; est une entreprise Internationale de comptabilit\u00e9 offrant \u00e0 ses clients une comptabilit\u00e9 appropri\u00e9e et une consultance optimis\u00e9e des imp\u00f4ts. Le cabinet est comp\u00e9tent au sein du contexte belge, pour les citoyens redevables de l\u2019imp\u00f4t belge. Nous sommes aussi reconnus en tant que guide fiable et compagnon pour les expatri\u00e9s qui ont besoin de constituer leur activit\u00e9, d&#039;en assurer la croissance et l\u2019organisation sur le territoire belge.\",\"publisher\":{\"@id\":\"https:\\\/\\\/www.brussels-accountants.be\\\/#organization\"},\"potentialAction\":[{\"@type\":\"SearchAction\",\"target\":{\"@type\":\"EntryPoint\",\"urlTemplate\":\"https:\\\/\\\/www.brussels-accountants.be\\\/?s={search_term_string}\"},\"query-input\":{\"@type\":\"PropertyValueSpecification\",\"valueRequired\":true,\"valueName\":\"search_term_string\"}}],\"inLanguage\":\"es-ES\"},{\"@type\":\"Organization\",\"@id\":\"https:\\\/\\\/www.brussels-accountants.be\\\/#organization\",\"name\":\"Brussels Accountants\",\"url\":\"https:\\\/\\\/www.brussels-accountants.be\\\/\",\"logo\":{\"@type\":\"ImageObject\",\"inLanguage\":\"es-ES\",\"@id\":\"https:\\\/\\\/www.brussels-accountants.be\\\/#\\\/schema\\\/logo\\\/image\\\/\",\"url\":\"https:\\\/\\\/www.brussels-accountants.be\\\/wp-content\\\/uploads\\\/2018\\\/10\\\/cropped-logo-medium.png\",\"contentUrl\":\"https:\\\/\\\/www.brussels-accountants.be\\\/wp-content\\\/uploads\\\/2018\\\/10\\\/cropped-logo-medium.png\",\"width\":512,\"height\":512,\"caption\":\"Brussels Accountants\"},\"image\":{\"@id\":\"https:\\\/\\\/www.brussels-accountants.be\\\/#\\\/schema\\\/logo\\\/image\\\/\"}}]}<\/script>\n<!-- \/ Yoast SEO plugin. -->","yoast_head_json":{"title":"S\u00e9curit\u00e9 sociale ind\u00e9pendante - Brussels Accountants","robots":{"index":"index","follow":"follow","max-snippet":"max-snippet:-1","max-image-preview":"max-image-preview:large","max-video-preview":"max-video-preview:-1"},"canonical":"https:\/\/www.brussels-accountants.be\/es\/demarrer-une-activite\/securite-sociale-independante\/","og_locale":"es_ES","og_type":"article","og_title":"S\u00e9curit\u00e9 sociale ind\u00e9pendante - Brussels Accountants","og_description":"Les cotisations sociales trimestrielles d\u00e9finitives se calculent sur base du revenu professionnel net imposable. Ce revenu est \u00e9gal au revenu brut diminu\u00e9 des frais et, le cas \u00e9ch\u00e9ant, des pertes professionnelles. L\u2019ann\u00e9e de r\u00e9f\u00e9rence est la m\u00eame ann\u00e9e que l\u2019ann\u00e9e des cotisations. Ainsi, pour les cotisations sociales de 2022, c\u2019est le revenu professionnel net imposable [&hellip;]","og_url":"https:\/\/www.brussels-accountants.be\/demarrer-une-activite\/securite-sociale-independante\/","og_site_name":"Brussels Accountants","article_modified_time":"2022-09-15T13:52:40+00:00","twitter_card":"summary_large_image","twitter_misc":{"Est. reading time":"3 minutes"},"schema":{"@context":"https:\/\/schema.org","@graph":[{"@type":"WebPage","@id":"https:\/\/www.brussels-accountants.be\/demarrer-une-activite\/securite-sociale-independante\/","url":"https:\/\/www.brussels-accountants.be\/demarrer-une-activite\/securite-sociale-independante\/","name":"S\u00e9curit\u00e9 sociale ind\u00e9pendante - Brussels Accountants","isPartOf":{"@id":"https:\/\/www.brussels-accountants.be\/#website"},"datePublished":"2018-10-22T09:54:25+00:00","dateModified":"2022-09-15T13:52:40+00:00","breadcrumb":{"@id":"https:\/\/www.brussels-accountants.be\/demarrer-une-activite\/securite-sociale-independante\/#breadcrumb"},"inLanguage":"es-ES","potentialAction":[{"@type":"ReadAction","target":["https:\/\/www.brussels-accountants.be\/demarrer-une-activite\/securite-sociale-independante\/"]}]},{"@type":"BreadcrumbList","@id":"https:\/\/www.brussels-accountants.be\/demarrer-une-activite\/securite-sociale-independante\/#breadcrumb","itemListElement":[{"@type":"ListItem","position":1,"name":"Accueil","item":"https:\/\/www.brussels-accountants.be\/servicios\/"},{"@type":"ListItem","position":2,"name":"D\u00e9marrer une activit\u00e9","item":"https:\/\/www.brussels-accountants.be\/demarrer-une-activite\/"},{"@type":"ListItem","position":3,"name":"S\u00e9curit\u00e9 sociale ind\u00e9pendante"}]},{"@type":"WebSite","@id":"https:\/\/www.brussels-accountants.be\/#website","url":"https:\/\/www.brussels-accountants.be\/","name":"Brussels Accountants","description":"&lt;strong&gt;Brussels Accountants&lt;\/strong&gt; est une entreprise Internationale de comptabilit\u00e9 offrant \u00e0 ses clients une comptabilit\u00e9 appropri\u00e9e et une consultance optimis\u00e9e des imp\u00f4ts. Le cabinet est comp\u00e9tent au sein du contexte belge, pour les citoyens redevables de l\u2019imp\u00f4t belge. Nous sommes aussi reconnus en tant que guide fiable et compagnon pour les expatri\u00e9s qui ont besoin de constituer leur activit\u00e9, d&#039;en assurer la croissance et l\u2019organisation sur le territoire belge.","publisher":{"@id":"https:\/\/www.brussels-accountants.be\/#organization"},"potentialAction":[{"@type":"SearchAction","target":{"@type":"EntryPoint","urlTemplate":"https:\/\/www.brussels-accountants.be\/?s={search_term_string}"},"query-input":{"@type":"PropertyValueSpecification","valueRequired":true,"valueName":"search_term_string"}}],"inLanguage":"es-ES"},{"@type":"Organization","@id":"https:\/\/www.brussels-accountants.be\/#organization","name":"Brussels Accountants","url":"https:\/\/www.brussels-accountants.be\/","logo":{"@type":"ImageObject","inLanguage":"es-ES","@id":"https:\/\/www.brussels-accountants.be\/#\/schema\/logo\/image\/","url":"https:\/\/www.brussels-accountants.be\/wp-content\/uploads\/2018\/10\/cropped-logo-medium.png","contentUrl":"https:\/\/www.brussels-accountants.be\/wp-content\/uploads\/2018\/10\/cropped-logo-medium.png","width":512,"height":512,"caption":"Brussels Accountants"},"image":{"@id":"https:\/\/www.brussels-accountants.be\/#\/schema\/logo\/image\/"}}]}},"_links":{"self":[{"href":"https:\/\/www.brussels-accountants.be\/es\/wp-json\/wp\/v2\/pages\/79","targetHints":{"allow":["GET"]}}],"collection":[{"href":"https:\/\/www.brussels-accountants.be\/es\/wp-json\/wp\/v2\/pages"}],"about":[{"href":"https:\/\/www.brussels-accountants.be\/es\/wp-json\/wp\/v2\/types\/page"}],"author":[{"embeddable":true,"href":"https:\/\/www.brussels-accountants.be\/es\/wp-json\/wp\/v2\/users\/1"}],"replies":[{"embeddable":true,"href":"https:\/\/www.brussels-accountants.be\/es\/wp-json\/wp\/v2\/comments?post=79"}],"version-history":[{"count":7,"href":"https:\/\/www.brussels-accountants.be\/es\/wp-json\/wp\/v2\/pages\/79\/revisions"}],"predecessor-version":[{"id":2324,"href":"https:\/\/www.brussels-accountants.be\/es\/wp-json\/wp\/v2\/pages\/79\/revisions\/2324"}],"up":[{"embeddable":true,"href":"https:\/\/www.brussels-accountants.be\/es\/wp-json\/wp\/v2\/pages\/12"}],"wp:attachment":[{"href":"https:\/\/www.brussels-accountants.be\/es\/wp-json\/wp\/v2\/media?parent=79"}],"curies":[{"name":"wp","href":"https:\/\/api.w.org\/{rel}","templated":true}]}}