{"id":66,"date":"2018-10-22T11:31:28","date_gmt":"2018-10-22T09:31:28","guid":{"rendered":"https:\/\/www.fidupress.be\/ba\/?page_id=66"},"modified":"2020-11-04T19:08:36","modified_gmt":"2020-11-04T18:08:36","slug":"les-expatries","status":"publish","type":"page","link":"https:\/\/www.brussels-accountants.be\/es\/services\/les-expatries\/","title":{"rendered":"Les expatri\u00e9s"},"content":{"rendered":"\n<p><strong>BRUSSELS ACCOUNTANTS<\/strong> \u00e9tudiera un double arrangement d\u2019imposition applicable entre la Belgique et votre propre Entreprise. Votre position de r\u00e9sident fiscal est prise en compte et sera soumise de la l\u00e9gislation en vigueur. Quand les expatri\u00e9s sont employ\u00e9s en Belgique  sur une base temporaire, la r\u00e9flexion pour une imposition sp\u00e9ciale peut \u00eatre possible et ceux-ci peut aussi avoir de s\u00e9rieux avantages financi\u00e8re (r\u00e9gime \u00abexpatri\u00e9\u00bb). Les expatri\u00e9s b\u00e9n\u00e9ficiant de ce r\u00e9gime d\u2019imp\u00f4t sp\u00e9cial sont seulement taxes sur le pourcentage applicable \u00e0 leurs activit\u00e9s en Belgique. Les expatri\u00e9s ne sont pas tax\u00e9s sur le remboursement des frais contract\u00e9s Durant leur s\u00e9jour temporaire en Belgique (generous level of up to \u20ac30,000).<\/p>\n\n\n\n<p>Nous sommes capable de classer (fichier) les rendements d\u2019imp\u00f4t et\/ou les rendements TVA pour non-r\u00e9sidents (individuels aussi bien qu\u2019Entreprises) concernant leurs activit\u00e9s financi\u00e8res.<\/p>\n\n\n\n<p>Pour les r\u00e9sidents expatri\u00e9s en Belgique, nous pouvons les aider sur toutes obligations comptables et fiscales requises sous la loi Belge. Une de nos forces est la facult\u00e9 de conformer l\u2019information financi\u00e8re (d\u00e9livr\u00e9e selon les proc\u00e9dures Belges) au document demand\u00e9 par les contr\u00f4leurs des investisseurs \u00e9trangers ou pour une application facile dans leur d\u00e9claration financi\u00e8re globale consolid\u00e9e.<\/p>\n\n\n\n<p>Nous pouvons aider pour pr\u00e9parer les plans financiers pour les demandes de pr\u00eat de fa\u00e7on qu\u2019ils soient acceptables par les institutions de banque Belge.<\/p>\n","protected":false},"excerpt":{"rendered":"<p>BRUSSELS ACCOUNTANTS \u00e9tudiera un double arrangement d\u2019imposition applicable entre la Belgique et votre propre Entreprise. Votre position de r\u00e9sident fiscal est prise en compte et sera soumise de la l\u00e9gislation en vigueur. Quand les expatri\u00e9s sont employ\u00e9s en Belgique sur une base temporaire, la r\u00e9flexion pour une imposition sp\u00e9ciale peut \u00eatre possible et ceux-ci peut [&hellip;]<\/p>\n","protected":false},"author":1,"featured_media":0,"parent":2,"menu_order":0,"comment_status":"closed","ping_status":"closed","template":"","meta":{"footnotes":""},"class_list":["post-66","page","type-page","status-publish","hentry"],"acf":[],"yoast_head":"<!-- This site is optimized with the Yoast SEO plugin v27.4 - https:\/\/yoast.com\/product\/yoast-seo-wordpress\/ -->\n<title>Les expatri\u00e9s - Brussels Accountants<\/title>\n<meta name=\"robots\" content=\"index, follow, max-snippet:-1, max-image-preview:large, max-video-preview:-1\" \/>\n<link rel=\"canonical\" href=\"https:\/\/www.brussels-accountants.be\/es\/services\/les-expatries\/\" \/>\n<meta property=\"og:locale\" content=\"es_ES\" \/>\n<meta property=\"og:type\" content=\"article\" \/>\n<meta property=\"og:title\" content=\"Les expatri\u00e9s - Brussels Accountants\" \/>\n<meta property=\"og:description\" content=\"BRUSSELS ACCOUNTANTS \u00e9tudiera un double arrangement d\u2019imposition applicable entre la Belgique et votre propre Entreprise. Votre position de r\u00e9sident fiscal est prise en compte et sera soumise de la l\u00e9gislation en vigueur. Quand les expatri\u00e9s sont employ\u00e9s en Belgique sur une base temporaire, la r\u00e9flexion pour une imposition sp\u00e9ciale peut \u00eatre possible et ceux-ci peut [&hellip;]\" \/>\n<meta property=\"og:url\" content=\"https:\/\/www.brussels-accountants.be\/services\/les-expatries\/\" \/>\n<meta property=\"og:site_name\" content=\"Brussels Accountants\" \/>\n<meta property=\"article:modified_time\" content=\"2020-11-04T18:08:36+00:00\" \/>\n<meta name=\"twitter:card\" content=\"summary_large_image\" \/>\n<meta name=\"twitter:label1\" content=\"Est. reading time\" \/>\n\t<meta name=\"twitter:data1\" content=\"1 minute\" \/>\n<script type=\"application\/ld+json\" class=\"yoast-schema-graph\">{\"@context\":\"https:\\\/\\\/schema.org\",\"@graph\":[{\"@type\":\"WebPage\",\"@id\":\"https:\\\/\\\/www.brussels-accountants.be\\\/services\\\/les-expatries\\\/\",\"url\":\"https:\\\/\\\/www.brussels-accountants.be\\\/services\\\/les-expatries\\\/\",\"name\":\"Les expatri\u00e9s - Brussels Accountants\",\"isPartOf\":{\"@id\":\"https:\\\/\\\/www.brussels-accountants.be\\\/#website\"},\"datePublished\":\"2018-10-22T09:31:28+00:00\",\"dateModified\":\"2020-11-04T18:08:36+00:00\",\"breadcrumb\":{\"@id\":\"https:\\\/\\\/www.brussels-accountants.be\\\/services\\\/les-expatries\\\/#breadcrumb\"},\"inLanguage\":\"es-ES\",\"potentialAction\":[{\"@type\":\"ReadAction\",\"target\":[\"https:\\\/\\\/www.brussels-accountants.be\\\/services\\\/les-expatries\\\/\"]}]},{\"@type\":\"BreadcrumbList\",\"@id\":\"https:\\\/\\\/www.brussels-accountants.be\\\/services\\\/les-expatries\\\/#breadcrumb\",\"itemListElement\":[{\"@type\":\"ListItem\",\"position\":1,\"name\":\"Accueil\",\"item\":\"https:\\\/\\\/www.brussels-accountants.be\\\/servicios\\\/\"},{\"@type\":\"ListItem\",\"position\":2,\"name\":\"Services\",\"item\":\"https:\\\/\\\/www.brussels-accountants.be\\\/\"},{\"@type\":\"ListItem\",\"position\":3,\"name\":\"Les expatri\u00e9s\"}]},{\"@type\":\"WebSite\",\"@id\":\"https:\\\/\\\/www.brussels-accountants.be\\\/#website\",\"url\":\"https:\\\/\\\/www.brussels-accountants.be\\\/\",\"name\":\"Brussels Accountants\",\"description\":\"&lt;strong&gt;Brussels Accountants&lt;\\\/strong&gt; est une entreprise Internationale de comptabilit\u00e9 offrant \u00e0 ses clients une comptabilit\u00e9 appropri\u00e9e et une consultance optimis\u00e9e des imp\u00f4ts. Le cabinet est comp\u00e9tent au sein du contexte belge, pour les citoyens redevables de l\u2019imp\u00f4t belge. Nous sommes aussi reconnus en tant que guide fiable et compagnon pour les expatri\u00e9s qui ont besoin de constituer leur activit\u00e9, d&#039;en assurer la croissance et l\u2019organisation sur le territoire belge.\",\"publisher\":{\"@id\":\"https:\\\/\\\/www.brussels-accountants.be\\\/#organization\"},\"potentialAction\":[{\"@type\":\"SearchAction\",\"target\":{\"@type\":\"EntryPoint\",\"urlTemplate\":\"https:\\\/\\\/www.brussels-accountants.be\\\/?s={search_term_string}\"},\"query-input\":{\"@type\":\"PropertyValueSpecification\",\"valueRequired\":true,\"valueName\":\"search_term_string\"}}],\"inLanguage\":\"es-ES\"},{\"@type\":\"Organization\",\"@id\":\"https:\\\/\\\/www.brussels-accountants.be\\\/#organization\",\"name\":\"Brussels Accountants\",\"url\":\"https:\\\/\\\/www.brussels-accountants.be\\\/\",\"logo\":{\"@type\":\"ImageObject\",\"inLanguage\":\"es-ES\",\"@id\":\"https:\\\/\\\/www.brussels-accountants.be\\\/#\\\/schema\\\/logo\\\/image\\\/\",\"url\":\"https:\\\/\\\/www.brussels-accountants.be\\\/wp-content\\\/uploads\\\/2018\\\/10\\\/cropped-logo-medium.png\",\"contentUrl\":\"https:\\\/\\\/www.brussels-accountants.be\\\/wp-content\\\/uploads\\\/2018\\\/10\\\/cropped-logo-medium.png\",\"width\":512,\"height\":512,\"caption\":\"Brussels Accountants\"},\"image\":{\"@id\":\"https:\\\/\\\/www.brussels-accountants.be\\\/#\\\/schema\\\/logo\\\/image\\\/\"}}]}<\/script>\n<!-- \/ Yoast SEO plugin. -->","yoast_head_json":{"title":"Les expatri\u00e9s - Brussels Accountants","robots":{"index":"index","follow":"follow","max-snippet":"max-snippet:-1","max-image-preview":"max-image-preview:large","max-video-preview":"max-video-preview:-1"},"canonical":"https:\/\/www.brussels-accountants.be\/es\/services\/les-expatries\/","og_locale":"es_ES","og_type":"article","og_title":"Les expatri\u00e9s - Brussels Accountants","og_description":"BRUSSELS ACCOUNTANTS \u00e9tudiera un double arrangement d\u2019imposition applicable entre la Belgique et votre propre Entreprise. Votre position de r\u00e9sident fiscal est prise en compte et sera soumise de la l\u00e9gislation en vigueur. Quand les expatri\u00e9s sont employ\u00e9s en Belgique sur une base temporaire, la r\u00e9flexion pour une imposition sp\u00e9ciale peut \u00eatre possible et ceux-ci peut [&hellip;]","og_url":"https:\/\/www.brussels-accountants.be\/services\/les-expatries\/","og_site_name":"Brussels Accountants","article_modified_time":"2020-11-04T18:08:36+00:00","twitter_card":"summary_large_image","twitter_misc":{"Est. reading time":"1 minute"},"schema":{"@context":"https:\/\/schema.org","@graph":[{"@type":"WebPage","@id":"https:\/\/www.brussels-accountants.be\/services\/les-expatries\/","url":"https:\/\/www.brussels-accountants.be\/services\/les-expatries\/","name":"Les expatri\u00e9s - Brussels Accountants","isPartOf":{"@id":"https:\/\/www.brussels-accountants.be\/#website"},"datePublished":"2018-10-22T09:31:28+00:00","dateModified":"2020-11-04T18:08:36+00:00","breadcrumb":{"@id":"https:\/\/www.brussels-accountants.be\/services\/les-expatries\/#breadcrumb"},"inLanguage":"es-ES","potentialAction":[{"@type":"ReadAction","target":["https:\/\/www.brussels-accountants.be\/services\/les-expatries\/"]}]},{"@type":"BreadcrumbList","@id":"https:\/\/www.brussels-accountants.be\/services\/les-expatries\/#breadcrumb","itemListElement":[{"@type":"ListItem","position":1,"name":"Accueil","item":"https:\/\/www.brussels-accountants.be\/servicios\/"},{"@type":"ListItem","position":2,"name":"Services","item":"https:\/\/www.brussels-accountants.be\/"},{"@type":"ListItem","position":3,"name":"Les expatri\u00e9s"}]},{"@type":"WebSite","@id":"https:\/\/www.brussels-accountants.be\/#website","url":"https:\/\/www.brussels-accountants.be\/","name":"Brussels Accountants","description":"&lt;strong&gt;Brussels Accountants&lt;\/strong&gt; est une entreprise Internationale de comptabilit\u00e9 offrant \u00e0 ses clients une comptabilit\u00e9 appropri\u00e9e et une consultance optimis\u00e9e des imp\u00f4ts. Le cabinet est comp\u00e9tent au sein du contexte belge, pour les citoyens redevables de l\u2019imp\u00f4t belge. Nous sommes aussi reconnus en tant que guide fiable et compagnon pour les expatri\u00e9s qui ont besoin de constituer leur activit\u00e9, d&#039;en assurer la croissance et l\u2019organisation sur le territoire belge.","publisher":{"@id":"https:\/\/www.brussels-accountants.be\/#organization"},"potentialAction":[{"@type":"SearchAction","target":{"@type":"EntryPoint","urlTemplate":"https:\/\/www.brussels-accountants.be\/?s={search_term_string}"},"query-input":{"@type":"PropertyValueSpecification","valueRequired":true,"valueName":"search_term_string"}}],"inLanguage":"es-ES"},{"@type":"Organization","@id":"https:\/\/www.brussels-accountants.be\/#organization","name":"Brussels Accountants","url":"https:\/\/www.brussels-accountants.be\/","logo":{"@type":"ImageObject","inLanguage":"es-ES","@id":"https:\/\/www.brussels-accountants.be\/#\/schema\/logo\/image\/","url":"https:\/\/www.brussels-accountants.be\/wp-content\/uploads\/2018\/10\/cropped-logo-medium.png","contentUrl":"https:\/\/www.brussels-accountants.be\/wp-content\/uploads\/2018\/10\/cropped-logo-medium.png","width":512,"height":512,"caption":"Brussels Accountants"},"image":{"@id":"https:\/\/www.brussels-accountants.be\/#\/schema\/logo\/image\/"}}]}},"_links":{"self":[{"href":"https:\/\/www.brussels-accountants.be\/es\/wp-json\/wp\/v2\/pages\/66","targetHints":{"allow":["GET"]}}],"collection":[{"href":"https:\/\/www.brussels-accountants.be\/es\/wp-json\/wp\/v2\/pages"}],"about":[{"href":"https:\/\/www.brussels-accountants.be\/es\/wp-json\/wp\/v2\/types\/page"}],"author":[{"embeddable":true,"href":"https:\/\/www.brussels-accountants.be\/es\/wp-json\/wp\/v2\/users\/1"}],"replies":[{"embeddable":true,"href":"https:\/\/www.brussels-accountants.be\/es\/wp-json\/wp\/v2\/comments?post=66"}],"version-history":[{"count":4,"href":"https:\/\/www.brussels-accountants.be\/es\/wp-json\/wp\/v2\/pages\/66\/revisions"}],"predecessor-version":[{"id":1229,"href":"https:\/\/www.brussels-accountants.be\/es\/wp-json\/wp\/v2\/pages\/66\/revisions\/1229"}],"up":[{"embeddable":true,"href":"https:\/\/www.brussels-accountants.be\/es\/wp-json\/wp\/v2\/pages\/2"}],"wp:attachment":[{"href":"https:\/\/www.brussels-accountants.be\/es\/wp-json\/wp\/v2\/media?parent=66"}],"curies":[{"name":"wp","href":"https:\/\/api.w.org\/{rel}","templated":true}]}}