{"id":642,"date":"2018-10-25T15:21:51","date_gmt":"2018-10-25T13:21:51","guid":{"rendered":"https:\/\/www.fidupress.be\/ba\/?page_id=642"},"modified":"2025-05-02T14:46:09","modified_gmt":"2025-05-02T12:46:09","slug":"contacto","status":"publish","type":"page","link":"https:\/\/www.brussels-accountants.be\/es\/contacto\/","title":{"rendered":"Contacto"},"content":{"rendered":"\n<p>Puede ponerse en contacto con <strong>Brussels Accountant<\/strong> por correo electr\u00f3nico o por tel\u00e9fono<\/p>\n\n\n\n<h2 class=\"wp-block-heading\">Ubicaci\u00f3n de nuestras oficinas<\/h2>\n\n\n\n<p>\n\nChemin des deux maisons 73\/3<br>\n1200 Woluwe-Saint-Lambert (Bruxelles)<br>\nBelgique\n\n<\/p>\n\n\n\n<h3 class=\"wp-block-heading\">Transporte p\u00fablico<br><\/h3>\n\n\n\n<a class=\"zoombox\" href=\"\/wp-content\/uploads\/2018\/10\/map.jpg\"><img decoding=\"async\" style=\"float: left;margin-right: 15px\" src=\"https:\/\/www.brussels-accountants.be\/wp-content\/uploads\/2018\/10\/map.jpg\" width=\"250\"><\/a>\n\n\n\n<ul class=\"wp-block-list\"><li>Metro 1B de Erasme a Stockel: salida Roodebeek (15 minutos a pie hasta Brussels Accountants).<\/li><li>L\u00ednea de autob\u00fas 27 desde la estaci\u00f3n de tren Midi (= Sur) hasta la estaci\u00f3n Androm\u00e8de (terminal): camine unos 200 m hasta el edificio n\u00famero 73.<\/li><li>L\u00ednea de autob\u00fas 79 desde la plaza Schuman hasta la parada Capricorne\/Steenbok: camine hasta el edificio n\u00famero 73.<\/li><li>En direcci\u00f3n a Stockel, en la salida Montgomery, la l\u00ednea de metro 1B se cruza con la l\u00ednea de autob\u00fas 27 (parada Montgomery).<\/li><\/ul>\n","protected":false},"excerpt":{"rendered":"<p>Puede ponerse en contacto con Brussels Accountant por correo electr\u00f3nico o por tel\u00e9fono Ubicaci\u00f3n de nuestras oficinas Chemin des deux maisons 73\/3 1200 Woluwe-Saint-Lambert (Bruxelles) Belgique Transporte p\u00fablico Metro 1B de Erasme a Stockel: salida Roodebeek (15 minutos a pie hasta Brussels Accountants). L\u00ednea de autob\u00fas 27 desde la estaci\u00f3n de tren Midi (= Sur) [&hellip;]<\/p>\n","protected":false},"author":1,"featured_media":0,"parent":0,"menu_order":0,"comment_status":"closed","ping_status":"closed","template":"template-parts\/contact.php","meta":{"footnotes":""},"class_list":["post-642","page","type-page","status-publish","hentry"],"acf":[],"yoast_head":"<!-- This site is optimized with the Yoast SEO plugin v27.4 - https:\/\/yoast.com\/product\/yoast-seo-wordpress\/ -->\n<title>Contacto - Brussels Accountants<\/title>\n<meta name=\"robots\" content=\"index, follow, max-snippet:-1, max-image-preview:large, max-video-preview:-1\" \/>\n<link rel=\"canonical\" href=\"https:\/\/www.brussels-accountants.be\/es\/all\/contacto\/\" \/>\n<meta property=\"og:locale\" content=\"es_ES\" \/>\n<meta property=\"og:type\" content=\"article\" \/>\n<meta property=\"og:title\" content=\"Contacto - Brussels Accountants\" \/>\n<meta property=\"og:description\" content=\"Puede ponerse en contacto con Brussels Accountant por correo electr\u00f3nico o por tel\u00e9fono Ubicaci\u00f3n de nuestras oficinas Chemin des deux maisons 73\/3 1200 Woluwe-Saint-Lambert (Bruxelles) Belgique Transporte p\u00fablico Metro 1B de Erasme a Stockel: salida Roodebeek (15 minutos a pie hasta Brussels Accountants). L\u00ednea de autob\u00fas 27 desde la estaci\u00f3n de tren Midi (= Sur) [&hellip;]\" \/>\n<meta property=\"og:url\" content=\"https:\/\/www.brussels-accountants.be\/es\/all\/contacto\/\" \/>\n<meta property=\"og:site_name\" content=\"Brussels Accountants\" \/>\n<meta property=\"article:modified_time\" content=\"2025-05-02T12:46:09+00:00\" \/>\n<meta property=\"og:image\" content=\"https:\/\/www.brussels-accountants.be\/wp-content\/uploads\/2018\/10\/map.jpg\" \/>\n<meta name=\"twitter:card\" content=\"summary_large_image\" \/>\n<meta name=\"twitter:label1\" content=\"Est. reading time\" \/>\n\t<meta name=\"twitter:data1\" content=\"1 minute\" \/>\n<script type=\"application\/ld+json\" class=\"yoast-schema-graph\">{\"@context\":\"https:\\\/\\\/schema.org\",\"@graph\":[{\"@type\":\"WebPage\",\"@id\":\"https:\\\/\\\/www.brussels-accountants.be\\\/es\\\/all\\\/contacto\\\/\",\"url\":\"https:\\\/\\\/www.brussels-accountants.be\\\/es\\\/all\\\/contacto\\\/\",\"name\":\"Contacto - Brussels Accountants\",\"isPartOf\":{\"@id\":\"https:\\\/\\\/www.brussels-accountants.be\\\/#website\"},\"primaryImageOfPage\":{\"@id\":\"https:\\\/\\\/www.brussels-accountants.be\\\/es\\\/all\\\/contacto\\\/#primaryimage\"},\"image\":{\"@id\":\"https:\\\/\\\/www.brussels-accountants.be\\\/es\\\/all\\\/contacto\\\/#primaryimage\"},\"thumbnailUrl\":\"https:\\\/\\\/www.brussels-accountants.be\\\/wp-content\\\/uploads\\\/2018\\\/10\\\/map.jpg\",\"datePublished\":\"2018-10-25T13:21:51+00:00\",\"dateModified\":\"2025-05-02T12:46:09+00:00\",\"breadcrumb\":{\"@id\":\"https:\\\/\\\/www.brussels-accountants.be\\\/es\\\/all\\\/contacto\\\/#breadcrumb\"},\"inLanguage\":\"es-ES\",\"potentialAction\":[{\"@type\":\"ReadAction\",\"target\":[\"https:\\\/\\\/www.brussels-accountants.be\\\/es\\\/all\\\/contacto\\\/\"]}]},{\"@type\":\"ImageObject\",\"inLanguage\":\"es-ES\",\"@id\":\"https:\\\/\\\/www.brussels-accountants.be\\\/es\\\/all\\\/contacto\\\/#primaryimage\",\"url\":\"https:\\\/\\\/www.brussels-accountants.be\\\/wp-content\\\/uploads\\\/2018\\\/10\\\/map.jpg\",\"contentUrl\":\"https:\\\/\\\/www.brussels-accountants.be\\\/wp-content\\\/uploads\\\/2018\\\/10\\\/map.jpg\"},{\"@type\":\"BreadcrumbList\",\"@id\":\"https:\\\/\\\/www.brussels-accountants.be\\\/es\\\/all\\\/contacto\\\/#breadcrumb\",\"itemListElement\":[{\"@type\":\"ListItem\",\"position\":1,\"name\":\"Accueil\",\"item\":\"https:\\\/\\\/www.brussels-accountants.be\\\/servicios\\\/\"},{\"@type\":\"ListItem\",\"position\":2,\"name\":\"Contacto\"}]},{\"@type\":\"WebSite\",\"@id\":\"https:\\\/\\\/www.brussels-accountants.be\\\/#website\",\"url\":\"https:\\\/\\\/www.brussels-accountants.be\\\/\",\"name\":\"Brussels Accountants\",\"description\":\"&lt;strong&gt;Brussels Accountants&lt;\\\/strong&gt; est une entreprise Internationale de comptabilit\u00e9 offrant \u00e0 ses clients une comptabilit\u00e9 appropri\u00e9e et une consultance optimis\u00e9e des imp\u00f4ts. Le cabinet est comp\u00e9tent au sein du contexte belge, pour les citoyens redevables de l\u2019imp\u00f4t belge. Nous sommes aussi reconnus en tant que guide fiable et compagnon pour les expatri\u00e9s qui ont besoin de constituer leur activit\u00e9, d&#039;en assurer la croissance et l\u2019organisation sur le territoire belge.\",\"publisher\":{\"@id\":\"https:\\\/\\\/www.brussels-accountants.be\\\/#organization\"},\"potentialAction\":[{\"@type\":\"SearchAction\",\"target\":{\"@type\":\"EntryPoint\",\"urlTemplate\":\"https:\\\/\\\/www.brussels-accountants.be\\\/?s={search_term_string}\"},\"query-input\":{\"@type\":\"PropertyValueSpecification\",\"valueRequired\":true,\"valueName\":\"search_term_string\"}}],\"inLanguage\":\"es-ES\"},{\"@type\":\"Organization\",\"@id\":\"https:\\\/\\\/www.brussels-accountants.be\\\/#organization\",\"name\":\"Brussels Accountants\",\"url\":\"https:\\\/\\\/www.brussels-accountants.be\\\/\",\"logo\":{\"@type\":\"ImageObject\",\"inLanguage\":\"es-ES\",\"@id\":\"https:\\\/\\\/www.brussels-accountants.be\\\/#\\\/schema\\\/logo\\\/image\\\/\",\"url\":\"https:\\\/\\\/www.brussels-accountants.be\\\/wp-content\\\/uploads\\\/2018\\\/10\\\/cropped-logo-medium.png\",\"contentUrl\":\"https:\\\/\\\/www.brussels-accountants.be\\\/wp-content\\\/uploads\\\/2018\\\/10\\\/cropped-logo-medium.png\",\"width\":512,\"height\":512,\"caption\":\"Brussels Accountants\"},\"image\":{\"@id\":\"https:\\\/\\\/www.brussels-accountants.be\\\/#\\\/schema\\\/logo\\\/image\\\/\"}}]}<\/script>\n<!-- \/ Yoast SEO plugin. -->","yoast_head_json":{"title":"Contacto - Brussels Accountants","robots":{"index":"index","follow":"follow","max-snippet":"max-snippet:-1","max-image-preview":"max-image-preview:large","max-video-preview":"max-video-preview:-1"},"canonical":"https:\/\/www.brussels-accountants.be\/es\/all\/contacto\/","og_locale":"es_ES","og_type":"article","og_title":"Contacto - Brussels Accountants","og_description":"Puede ponerse en contacto con Brussels Accountant por correo electr\u00f3nico o por tel\u00e9fono Ubicaci\u00f3n de nuestras oficinas Chemin des deux maisons 73\/3 1200 Woluwe-Saint-Lambert (Bruxelles) Belgique Transporte p\u00fablico Metro 1B de Erasme a Stockel: salida Roodebeek (15 minutos a pie hasta Brussels Accountants). L\u00ednea de autob\u00fas 27 desde la estaci\u00f3n de tren Midi (= Sur) [&hellip;]","og_url":"https:\/\/www.brussels-accountants.be\/es\/all\/contacto\/","og_site_name":"Brussels Accountants","article_modified_time":"2025-05-02T12:46:09+00:00","og_image":[{"url":"https:\/\/www.brussels-accountants.be\/wp-content\/uploads\/2018\/10\/map.jpg","type":"","width":"","height":""}],"twitter_card":"summary_large_image","twitter_misc":{"Est. reading time":"1 minute"},"schema":{"@context":"https:\/\/schema.org","@graph":[{"@type":"WebPage","@id":"https:\/\/www.brussels-accountants.be\/es\/all\/contacto\/","url":"https:\/\/www.brussels-accountants.be\/es\/all\/contacto\/","name":"Contacto - Brussels Accountants","isPartOf":{"@id":"https:\/\/www.brussels-accountants.be\/#website"},"primaryImageOfPage":{"@id":"https:\/\/www.brussels-accountants.be\/es\/all\/contacto\/#primaryimage"},"image":{"@id":"https:\/\/www.brussels-accountants.be\/es\/all\/contacto\/#primaryimage"},"thumbnailUrl":"https:\/\/www.brussels-accountants.be\/wp-content\/uploads\/2018\/10\/map.jpg","datePublished":"2018-10-25T13:21:51+00:00","dateModified":"2025-05-02T12:46:09+00:00","breadcrumb":{"@id":"https:\/\/www.brussels-accountants.be\/es\/all\/contacto\/#breadcrumb"},"inLanguage":"es-ES","potentialAction":[{"@type":"ReadAction","target":["https:\/\/www.brussels-accountants.be\/es\/all\/contacto\/"]}]},{"@type":"ImageObject","inLanguage":"es-ES","@id":"https:\/\/www.brussels-accountants.be\/es\/all\/contacto\/#primaryimage","url":"https:\/\/www.brussels-accountants.be\/wp-content\/uploads\/2018\/10\/map.jpg","contentUrl":"https:\/\/www.brussels-accountants.be\/wp-content\/uploads\/2018\/10\/map.jpg"},{"@type":"BreadcrumbList","@id":"https:\/\/www.brussels-accountants.be\/es\/all\/contacto\/#breadcrumb","itemListElement":[{"@type":"ListItem","position":1,"name":"Accueil","item":"https:\/\/www.brussels-accountants.be\/servicios\/"},{"@type":"ListItem","position":2,"name":"Contacto"}]},{"@type":"WebSite","@id":"https:\/\/www.brussels-accountants.be\/#website","url":"https:\/\/www.brussels-accountants.be\/","name":"Brussels Accountants","description":"&lt;strong&gt;Brussels Accountants&lt;\/strong&gt; est une entreprise Internationale de comptabilit\u00e9 offrant \u00e0 ses clients une comptabilit\u00e9 appropri\u00e9e et une consultance optimis\u00e9e des imp\u00f4ts. Le cabinet est comp\u00e9tent au sein du contexte belge, pour les citoyens redevables de l\u2019imp\u00f4t belge. Nous sommes aussi reconnus en tant que guide fiable et compagnon pour les expatri\u00e9s qui ont besoin de constituer leur activit\u00e9, d&#039;en assurer la croissance et l\u2019organisation sur le territoire belge.","publisher":{"@id":"https:\/\/www.brussels-accountants.be\/#organization"},"potentialAction":[{"@type":"SearchAction","target":{"@type":"EntryPoint","urlTemplate":"https:\/\/www.brussels-accountants.be\/?s={search_term_string}"},"query-input":{"@type":"PropertyValueSpecification","valueRequired":true,"valueName":"search_term_string"}}],"inLanguage":"es-ES"},{"@type":"Organization","@id":"https:\/\/www.brussels-accountants.be\/#organization","name":"Brussels Accountants","url":"https:\/\/www.brussels-accountants.be\/","logo":{"@type":"ImageObject","inLanguage":"es-ES","@id":"https:\/\/www.brussels-accountants.be\/#\/schema\/logo\/image\/","url":"https:\/\/www.brussels-accountants.be\/wp-content\/uploads\/2018\/10\/cropped-logo-medium.png","contentUrl":"https:\/\/www.brussels-accountants.be\/wp-content\/uploads\/2018\/10\/cropped-logo-medium.png","width":512,"height":512,"caption":"Brussels Accountants"},"image":{"@id":"https:\/\/www.brussels-accountants.be\/#\/schema\/logo\/image\/"}}]}},"_links":{"self":[{"href":"https:\/\/www.brussels-accountants.be\/es\/wp-json\/wp\/v2\/pages\/642","targetHints":{"allow":["GET"]}}],"collection":[{"href":"https:\/\/www.brussels-accountants.be\/es\/wp-json\/wp\/v2\/pages"}],"about":[{"href":"https:\/\/www.brussels-accountants.be\/es\/wp-json\/wp\/v2\/types\/page"}],"author":[{"embeddable":true,"href":"https:\/\/www.brussels-accountants.be\/es\/wp-json\/wp\/v2\/users\/1"}],"replies":[{"embeddable":true,"href":"https:\/\/www.brussels-accountants.be\/es\/wp-json\/wp\/v2\/comments?post=642"}],"version-history":[{"count":8,"href":"https:\/\/www.brussels-accountants.be\/es\/wp-json\/wp\/v2\/pages\/642\/revisions"}],"predecessor-version":[{"id":8859,"href":"https:\/\/www.brussels-accountants.be\/es\/wp-json\/wp\/v2\/pages\/642\/revisions\/8859"}],"wp:attachment":[{"href":"https:\/\/www.brussels-accountants.be\/es\/wp-json\/wp\/v2\/media?parent=642"}],"curies":[{"name":"wp","href":"https:\/\/api.w.org\/{rel}","templated":true}]}}