{"id":640,"date":"2018-10-25T15:20:21","date_gmt":"2018-10-25T13:20:21","guid":{"rendered":"https:\/\/www.fidupress.be\/ba\/?page_id=640"},"modified":"2025-05-02T14:17:48","modified_gmt":"2025-05-02T12:17:48","slug":"640-2","status":"publish","type":"page","link":"https:\/\/www.brussels-accountants.be\/es\/640-2\/","title":{"rendered":"Contacteer ons"},"content":{"rendered":"\n<h2 class=\"wp-block-heading\">Office location<\/h2>\n\n\n\n<p>Chemin des deux maisons 73\/3<br>1200 Woluwe-Saint-Lambert (Brussel)<br>Belgi\u00eb<\/p>\n\n\n\n<h2 class=\"wp-block-heading\">Openbaar vervoer<\/h2>\n\n\n\n<a class=\"zoombox\" href=\"https:\/\/www.brussels-accountants.be\/wp-content\/uploads\/2018\/10\/map.jpg\"><img decoding=\"async\" style=\"float: left;margin-right: 15px\" src=\"https:\/\/www.brussels-accountants.be\/wp-content\/uploads\/2018\/10\/map.jpg\" width=\"250\"><\/a>\n\n\n\n<ul class=\"wp-block-list\"><li>Metro 1B&nbsp;van Erasmus tot Stockel: metrostop Roodebeek vlak bij Woluwe Shopping Centrum (u moet rekenen dat dit ongeveer een 15-tal minuten wandelen is tot bij Brussels Accountants)<\/li><li>Buslijn 27&nbsp;van Brussel Zuidstation tot Andromedus (= terminus): deze eindhalte van de buslijn is slechts een 200-tal meter verwijderd van Brussels Accountants\u2019 kantoor<\/li><li>Buslijn 79&nbsp;van Schuman Square tot busstop Capricorne\/Steenbok (ook die bushalte is slechts een 100-tal meter verwijderd van het gebouwencomplex Val D\u2019Or)<\/li><li>Metrolijn 1B&nbsp;die richting Stockel rijdt kruist bij metrostop&nbsp;Montgomery&nbsp;buslijn 27 die daar eveneens een stop heeft.<\/li><\/ul>\n\n\n\n<p>De hiernavolgende kaart verschaft een&nbsp;overzicht van het nabije en beschikbare&nbsp;openbaar vervoer rondom Brussels Accountants<\/p>\n","protected":false},"excerpt":{"rendered":"<p>Office location Chemin des deux maisons 73\/31200 Woluwe-Saint-Lambert (Brussel)Belgi\u00eb Openbaar vervoer Metro 1B&nbsp;van Erasmus tot Stockel: metrostop Roodebeek vlak bij Woluwe Shopping Centrum (u moet rekenen dat dit ongeveer een 15-tal minuten wandelen is tot bij Brussels Accountants) Buslijn 27&nbsp;van Brussel Zuidstation tot Andromedus (= terminus): deze eindhalte van de buslijn is slechts een 200-tal [&hellip;]<\/p>\n","protected":false},"author":1,"featured_media":0,"parent":0,"menu_order":0,"comment_status":"closed","ping_status":"closed","template":"template-parts\/contact.php","meta":{"footnotes":""},"class_list":["post-640","page","type-page","status-publish","hentry"],"acf":[],"yoast_head":"<!-- This site is optimized with the Yoast SEO plugin v27.4 - https:\/\/yoast.com\/product\/yoast-seo-wordpress\/ -->\n<title>Contacteer ons - Brussels Accountants<\/title>\n<meta name=\"robots\" content=\"index, follow, max-snippet:-1, max-image-preview:large, max-video-preview:-1\" \/>\n<link rel=\"canonical\" href=\"https:\/\/www.brussels-accountants.be\/es\/all\/640-2\/\" \/>\n<meta property=\"og:locale\" content=\"es_ES\" \/>\n<meta property=\"og:type\" content=\"article\" \/>\n<meta property=\"og:title\" content=\"Contacteer ons - Brussels Accountants\" \/>\n<meta property=\"og:description\" content=\"Office location Chemin des deux maisons 73\/31200 Woluwe-Saint-Lambert (Brussel)Belgi\u00eb Openbaar vervoer Metro 1B&nbsp;van Erasmus tot Stockel: metrostop Roodebeek vlak bij Woluwe Shopping Centrum (u moet rekenen dat dit ongeveer een 15-tal minuten wandelen is tot bij Brussels Accountants) Buslijn 27&nbsp;van Brussel Zuidstation tot Andromedus (= terminus): deze eindhalte van de buslijn is slechts een 200-tal [&hellip;]\" \/>\n<meta property=\"og:url\" content=\"https:\/\/www.brussels-accountants.be\/nl\/all\/640-2\/\" \/>\n<meta property=\"og:site_name\" content=\"Brussels Accountants\" \/>\n<meta property=\"article:modified_time\" content=\"2025-05-02T12:17:48+00:00\" \/>\n<meta property=\"og:image\" content=\"https:\/\/www.brussels-accountants.be\/wp-content\/uploads\/2018\/10\/map.jpg\" \/>\n<meta name=\"twitter:card\" content=\"summary_large_image\" \/>\n<meta name=\"twitter:label1\" content=\"Est. reading time\" \/>\n\t<meta name=\"twitter:data1\" content=\"1 minute\" \/>\n<script type=\"application\/ld+json\" class=\"yoast-schema-graph\">{\"@context\":\"https:\\\/\\\/schema.org\",\"@graph\":[{\"@type\":\"WebPage\",\"@id\":\"https:\\\/\\\/www.brussels-accountants.be\\\/nl\\\/all\\\/640-2\\\/\",\"url\":\"https:\\\/\\\/www.brussels-accountants.be\\\/nl\\\/all\\\/640-2\\\/\",\"name\":\"Contacteer ons - Brussels Accountants\",\"isPartOf\":{\"@id\":\"https:\\\/\\\/www.brussels-accountants.be\\\/#website\"},\"primaryImageOfPage\":{\"@id\":\"https:\\\/\\\/www.brussels-accountants.be\\\/nl\\\/all\\\/640-2\\\/#primaryimage\"},\"image\":{\"@id\":\"https:\\\/\\\/www.brussels-accountants.be\\\/nl\\\/all\\\/640-2\\\/#primaryimage\"},\"thumbnailUrl\":\"https:\\\/\\\/www.brussels-accountants.be\\\/wp-content\\\/uploads\\\/2018\\\/10\\\/map.jpg\",\"datePublished\":\"2018-10-25T13:20:21+00:00\",\"dateModified\":\"2025-05-02T12:17:48+00:00\",\"breadcrumb\":{\"@id\":\"https:\\\/\\\/www.brussels-accountants.be\\\/nl\\\/all\\\/640-2\\\/#breadcrumb\"},\"inLanguage\":\"es-ES\",\"potentialAction\":[{\"@type\":\"ReadAction\",\"target\":[\"https:\\\/\\\/www.brussels-accountants.be\\\/nl\\\/all\\\/640-2\\\/\"]}]},{\"@type\":\"ImageObject\",\"inLanguage\":\"es-ES\",\"@id\":\"https:\\\/\\\/www.brussels-accountants.be\\\/nl\\\/all\\\/640-2\\\/#primaryimage\",\"url\":\"https:\\\/\\\/www.brussels-accountants.be\\\/wp-content\\\/uploads\\\/2018\\\/10\\\/map.jpg\",\"contentUrl\":\"https:\\\/\\\/www.brussels-accountants.be\\\/wp-content\\\/uploads\\\/2018\\\/10\\\/map.jpg\"},{\"@type\":\"BreadcrumbList\",\"@id\":\"https:\\\/\\\/www.brussels-accountants.be\\\/nl\\\/all\\\/640-2\\\/#breadcrumb\",\"itemListElement\":[{\"@type\":\"ListItem\",\"position\":1,\"name\":\"Accueil\",\"item\":\"https:\\\/\\\/www.brussels-accountants.be\\\/servicios\\\/\"},{\"@type\":\"ListItem\",\"position\":2,\"name\":\"Contacteer ons\"}]},{\"@type\":\"WebSite\",\"@id\":\"https:\\\/\\\/www.brussels-accountants.be\\\/#website\",\"url\":\"https:\\\/\\\/www.brussels-accountants.be\\\/\",\"name\":\"Brussels Accountants\",\"description\":\"&lt;strong&gt;Brussels Accountants&lt;\\\/strong&gt; est une entreprise Internationale de comptabilit\u00e9 offrant \u00e0 ses clients une comptabilit\u00e9 appropri\u00e9e et une consultance optimis\u00e9e des imp\u00f4ts. Le cabinet est comp\u00e9tent au sein du contexte belge, pour les citoyens redevables de l\u2019imp\u00f4t belge. Nous sommes aussi reconnus en tant que guide fiable et compagnon pour les expatri\u00e9s qui ont besoin de constituer leur activit\u00e9, d&#039;en assurer la croissance et l\u2019organisation sur le territoire belge.\",\"publisher\":{\"@id\":\"https:\\\/\\\/www.brussels-accountants.be\\\/#organization\"},\"potentialAction\":[{\"@type\":\"SearchAction\",\"target\":{\"@type\":\"EntryPoint\",\"urlTemplate\":\"https:\\\/\\\/www.brussels-accountants.be\\\/?s={search_term_string}\"},\"query-input\":{\"@type\":\"PropertyValueSpecification\",\"valueRequired\":true,\"valueName\":\"search_term_string\"}}],\"inLanguage\":\"es-ES\"},{\"@type\":\"Organization\",\"@id\":\"https:\\\/\\\/www.brussels-accountants.be\\\/#organization\",\"name\":\"Brussels Accountants\",\"url\":\"https:\\\/\\\/www.brussels-accountants.be\\\/\",\"logo\":{\"@type\":\"ImageObject\",\"inLanguage\":\"es-ES\",\"@id\":\"https:\\\/\\\/www.brussels-accountants.be\\\/#\\\/schema\\\/logo\\\/image\\\/\",\"url\":\"https:\\\/\\\/www.brussels-accountants.be\\\/wp-content\\\/uploads\\\/2018\\\/10\\\/cropped-logo-medium.png\",\"contentUrl\":\"https:\\\/\\\/www.brussels-accountants.be\\\/wp-content\\\/uploads\\\/2018\\\/10\\\/cropped-logo-medium.png\",\"width\":512,\"height\":512,\"caption\":\"Brussels Accountants\"},\"image\":{\"@id\":\"https:\\\/\\\/www.brussels-accountants.be\\\/#\\\/schema\\\/logo\\\/image\\\/\"}}]}<\/script>\n<!-- \/ Yoast SEO plugin. -->","yoast_head_json":{"title":"Contacteer ons - Brussels Accountants","robots":{"index":"index","follow":"follow","max-snippet":"max-snippet:-1","max-image-preview":"max-image-preview:large","max-video-preview":"max-video-preview:-1"},"canonical":"https:\/\/www.brussels-accountants.be\/es\/all\/640-2\/","og_locale":"es_ES","og_type":"article","og_title":"Contacteer ons - Brussels Accountants","og_description":"Office location Chemin des deux maisons 73\/31200 Woluwe-Saint-Lambert (Brussel)Belgi\u00eb Openbaar vervoer Metro 1B&nbsp;van Erasmus tot Stockel: metrostop Roodebeek vlak bij Woluwe Shopping Centrum (u moet rekenen dat dit ongeveer een 15-tal minuten wandelen is tot bij Brussels Accountants) Buslijn 27&nbsp;van Brussel Zuidstation tot Andromedus (= terminus): deze eindhalte van de buslijn is slechts een 200-tal [&hellip;]","og_url":"https:\/\/www.brussels-accountants.be\/nl\/all\/640-2\/","og_site_name":"Brussels Accountants","article_modified_time":"2025-05-02T12:17:48+00:00","og_image":[{"url":"https:\/\/www.brussels-accountants.be\/wp-content\/uploads\/2018\/10\/map.jpg","type":"","width":"","height":""}],"twitter_card":"summary_large_image","twitter_misc":{"Est. reading time":"1 minute"},"schema":{"@context":"https:\/\/schema.org","@graph":[{"@type":"WebPage","@id":"https:\/\/www.brussels-accountants.be\/nl\/all\/640-2\/","url":"https:\/\/www.brussels-accountants.be\/nl\/all\/640-2\/","name":"Contacteer ons - Brussels Accountants","isPartOf":{"@id":"https:\/\/www.brussels-accountants.be\/#website"},"primaryImageOfPage":{"@id":"https:\/\/www.brussels-accountants.be\/nl\/all\/640-2\/#primaryimage"},"image":{"@id":"https:\/\/www.brussels-accountants.be\/nl\/all\/640-2\/#primaryimage"},"thumbnailUrl":"https:\/\/www.brussels-accountants.be\/wp-content\/uploads\/2018\/10\/map.jpg","datePublished":"2018-10-25T13:20:21+00:00","dateModified":"2025-05-02T12:17:48+00:00","breadcrumb":{"@id":"https:\/\/www.brussels-accountants.be\/nl\/all\/640-2\/#breadcrumb"},"inLanguage":"es-ES","potentialAction":[{"@type":"ReadAction","target":["https:\/\/www.brussels-accountants.be\/nl\/all\/640-2\/"]}]},{"@type":"ImageObject","inLanguage":"es-ES","@id":"https:\/\/www.brussels-accountants.be\/nl\/all\/640-2\/#primaryimage","url":"https:\/\/www.brussels-accountants.be\/wp-content\/uploads\/2018\/10\/map.jpg","contentUrl":"https:\/\/www.brussels-accountants.be\/wp-content\/uploads\/2018\/10\/map.jpg"},{"@type":"BreadcrumbList","@id":"https:\/\/www.brussels-accountants.be\/nl\/all\/640-2\/#breadcrumb","itemListElement":[{"@type":"ListItem","position":1,"name":"Accueil","item":"https:\/\/www.brussels-accountants.be\/servicios\/"},{"@type":"ListItem","position":2,"name":"Contacteer ons"}]},{"@type":"WebSite","@id":"https:\/\/www.brussels-accountants.be\/#website","url":"https:\/\/www.brussels-accountants.be\/","name":"Brussels Accountants","description":"&lt;strong&gt;Brussels Accountants&lt;\/strong&gt; est une entreprise Internationale de comptabilit\u00e9 offrant \u00e0 ses clients une comptabilit\u00e9 appropri\u00e9e et une consultance optimis\u00e9e des imp\u00f4ts. Le cabinet est comp\u00e9tent au sein du contexte belge, pour les citoyens redevables de l\u2019imp\u00f4t belge. Nous sommes aussi reconnus en tant que guide fiable et compagnon pour les expatri\u00e9s qui ont besoin de constituer leur activit\u00e9, d&#039;en assurer la croissance et l\u2019organisation sur le territoire belge.","publisher":{"@id":"https:\/\/www.brussels-accountants.be\/#organization"},"potentialAction":[{"@type":"SearchAction","target":{"@type":"EntryPoint","urlTemplate":"https:\/\/www.brussels-accountants.be\/?s={search_term_string}"},"query-input":{"@type":"PropertyValueSpecification","valueRequired":true,"valueName":"search_term_string"}}],"inLanguage":"es-ES"},{"@type":"Organization","@id":"https:\/\/www.brussels-accountants.be\/#organization","name":"Brussels Accountants","url":"https:\/\/www.brussels-accountants.be\/","logo":{"@type":"ImageObject","inLanguage":"es-ES","@id":"https:\/\/www.brussels-accountants.be\/#\/schema\/logo\/image\/","url":"https:\/\/www.brussels-accountants.be\/wp-content\/uploads\/2018\/10\/cropped-logo-medium.png","contentUrl":"https:\/\/www.brussels-accountants.be\/wp-content\/uploads\/2018\/10\/cropped-logo-medium.png","width":512,"height":512,"caption":"Brussels Accountants"},"image":{"@id":"https:\/\/www.brussels-accountants.be\/#\/schema\/logo\/image\/"}}]}},"_links":{"self":[{"href":"https:\/\/www.brussels-accountants.be\/es\/wp-json\/wp\/v2\/pages\/640","targetHints":{"allow":["GET"]}}],"collection":[{"href":"https:\/\/www.brussels-accountants.be\/es\/wp-json\/wp\/v2\/pages"}],"about":[{"href":"https:\/\/www.brussels-accountants.be\/es\/wp-json\/wp\/v2\/types\/page"}],"author":[{"embeddable":true,"href":"https:\/\/www.brussels-accountants.be\/es\/wp-json\/wp\/v2\/users\/1"}],"replies":[{"embeddable":true,"href":"https:\/\/www.brussels-accountants.be\/es\/wp-json\/wp\/v2\/comments?post=640"}],"version-history":[{"count":9,"href":"https:\/\/www.brussels-accountants.be\/es\/wp-json\/wp\/v2\/pages\/640\/revisions"}],"predecessor-version":[{"id":8850,"href":"https:\/\/www.brussels-accountants.be\/es\/wp-json\/wp\/v2\/pages\/640\/revisions\/8850"}],"wp:attachment":[{"href":"https:\/\/www.brussels-accountants.be\/es\/wp-json\/wp\/v2\/media?parent=640"}],"curies":[{"name":"wp","href":"https:\/\/api.w.org\/{rel}","templated":true}]}}