{"id":608,"date":"2018-10-25T15:01:43","date_gmt":"2018-10-25T13:01:43","guid":{"rendered":"https:\/\/www.fidupress.be\/ba\/?page_id=608"},"modified":"2022-04-11T20:01:07","modified_gmt":"2022-04-11T18:01:07","slug":"impozitul-pe-venit-in-belgia","status":"publish","type":"page","link":"https:\/\/www.brussels-accountants.be\/es\/inregistrarea-unei-afaceri-in-belgia\/impozitul-pe-venit-in-belgia\/","title":{"rendered":"IMPOZITUL PE VENIT IN BELGIA"},"content":{"rendered":"\n<h2 class=\"wp-block-heading\">1\/&nbsp;CONTRACTORI<\/h2>\n\n\n\n<p>Un procent mare de clienti\u00a0<strong>BRUXELLES ACCOUNTANTS<\/strong>\u00a0sunt expati care lucreaz\u0103 pentru contractanti straini intr-o misiune pe termen scurt sau lung in Belgia (de multe ori ca jurnalist, consultanta in management legal sau ITC). In timpul misiunii lor, clientii nostri sunt inregistrati la primaria locala ca nerezidenti, in ciuda faptului ca sunt supusi Impozitului pe venit in Belgia ca rezidentii obisnuiti. Contractorii au optat fie pentru statutul de independent fie au infiintat o societatea comerciala. In <a href=\"#SPREAD_SHEET#\">foaia de calcul<\/a> urmatoare un scenariu de taxe si nivel de contributii la sistemul de securitate sociala este detaliat pentru un freelancer ce lucreaza 200 de zile pe an, si castiga 300 EUR, 350 EUR, 400 EUR, 450 EUR sau 500 EUR pe zi. La final, (estimare de 100K euro pe an), simularea se face folosind o societate comerciala ca si structura cu urmatoarele scenarii: 1 \/ director castiga un salariu anual de euro 45000, 2 \/ societatea transfera toate profiturile la director prin salariu combinat cu dividende, 3 \/ toate profiturile companiei sunt repartizate asociatilor prin dividende (interesante pentru directori care nu au nici o baza in Belgia si nu sunt interesati in acoperirea oferita de securitate sociala). Detaliile Excel ofera, de asemenea, o intelegere a costurilor care ar putea pot fi deduse din venitul brut. Desigur, acesta este doar un exemplu general si suntem la dispozitia dvs. pentru a-l ajusta la situatia dvs. personala.<\/p>\n\n\n\n<h2 class=\"wp-block-heading\">2\/ ASOCIATII NON PROFIT<\/h2>\n\n\n\n<p>Cu toate ca anumite operatiuni economice specifice efectuate de organizatii non-profit sunt impozabile in Belgia, in principal, toate bonusurile posibile raman scutite de taxa de societate si pot fi, de asemenea, reportate pentru un exercitiu financiar ulterior in consecinta. Foarte important este de fapt scopul non-profit al organizatiei. Nici un \u201eprofit\u201c nu poate fi vreodata alocat membrilor (deoarece acest lucru ar fi considerat alocare de dividende, aplicabil doar in cazul companiilor).<\/p>\n\n\n\n<p>Este util sa se sublinieze diferenta dintre impozite si TVA. BRUXELLES ACCOUNTANTS are in portofolilul sau cateva asociatii non profit ale caror venituri sunt scutite integral de impozitul pe profit VZW \/ ABSL, cu toate acestea, ei taxeaza 21% TVA belgian pe (o parte din) venitul lor. Pentru a determina clar acest lucru, opera\u021biunile specifice ale asocia\u021biei trebuie sa fie studiate cu atentie.<\/p>\n\n\n\n<h2 class=\"wp-block-heading\">3\/&nbsp;AFACERI MARI SAU SPECIFICE<\/h2>\n\n\n\n<p><strong>BRUSSELS ACCOUNTANTS<\/strong>&nbsp;poate elabora pentru dvs. un plan financiar adaptat pentru companiile care doresc sa infiinteze o activitate comerciala sau industriala in Belgia.<\/p>\n\n\n\n<p>Pentru mai multe informatii, nu ezitati sa ne contactati.<\/p>\n","protected":false},"excerpt":{"rendered":"<p>1\/&nbsp;CONTRACTORI Un procent mare de clienti\u00a0BRUXELLES ACCOUNTANTS\u00a0sunt expati care lucreaz\u0103 pentru contractanti straini intr-o misiune pe termen scurt sau lung in Belgia (de multe ori ca jurnalist, consultanta in management legal sau ITC). In timpul misiunii lor, clientii nostri sunt inregistrati la primaria locala ca nerezidenti, in ciuda faptului ca sunt supusi Impozitului pe venit [&hellip;]<\/p>\n","protected":false},"author":1,"featured_media":0,"parent":599,"menu_order":0,"comment_status":"closed","ping_status":"closed","template":"","meta":{"footnotes":""},"class_list":["post-608","page","type-page","status-publish","hentry"],"acf":[],"yoast_head":"<!-- This site is optimized with the Yoast SEO plugin v27.3 - https:\/\/yoast.com\/product\/yoast-seo-wordpress\/ -->\n<title>IMPOZITUL PE VENIT IN BELGIA - Brussels Accountants<\/title>\n<meta name=\"robots\" content=\"index, follow, max-snippet:-1, max-image-preview:large, max-video-preview:-1\" \/>\n<link rel=\"canonical\" href=\"https:\/\/www.brussels-accountants.be\/es\/all\/inregistrarea-unei-afaceri-in-belgia\/impozitul-pe-venit-in-belgia\/\" \/>\n<meta property=\"og:locale\" content=\"es_ES\" \/>\n<meta property=\"og:type\" content=\"article\" \/>\n<meta property=\"og:title\" content=\"IMPOZITUL PE VENIT IN BELGIA - Brussels Accountants\" \/>\n<meta property=\"og:description\" content=\"1\/&nbsp;CONTRACTORI Un procent mare de clienti\u00a0BRUXELLES ACCOUNTANTS\u00a0sunt expati care lucreaz\u0103 pentru contractanti straini intr-o misiune pe termen scurt sau lung in Belgia (de multe ori ca jurnalist, consultanta in management legal sau ITC). In timpul misiunii lor, clientii nostri sunt inregistrati la primaria locala ca nerezidenti, in ciuda faptului ca sunt supusi Impozitului pe venit [&hellip;]\" \/>\n<meta property=\"og:url\" content=\"https:\/\/www.brussels-accountants.be\/ro\/all\/inregistrarea-unei-afaceri-in-belgia\/impozitul-pe-venit-in-belgia\/\" \/>\n<meta property=\"og:site_name\" content=\"Brussels Accountants\" \/>\n<meta property=\"article:modified_time\" content=\"2022-04-11T18:01:07+00:00\" \/>\n<meta name=\"twitter:card\" content=\"summary_large_image\" \/>\n<meta name=\"twitter:label1\" content=\"Est. reading time\" \/>\n\t<meta name=\"twitter:data1\" content=\"2 minutes\" \/>\n<script type=\"application\/ld+json\" class=\"yoast-schema-graph\">{\"@context\":\"https:\\\/\\\/schema.org\",\"@graph\":[{\"@type\":\"WebPage\",\"@id\":\"https:\\\/\\\/www.brussels-accountants.be\\\/ro\\\/all\\\/inregistrarea-unei-afaceri-in-belgia\\\/impozitul-pe-venit-in-belgia\\\/\",\"url\":\"https:\\\/\\\/www.brussels-accountants.be\\\/ro\\\/all\\\/inregistrarea-unei-afaceri-in-belgia\\\/impozitul-pe-venit-in-belgia\\\/\",\"name\":\"IMPOZITUL PE VENIT IN BELGIA - Brussels Accountants\",\"isPartOf\":{\"@id\":\"https:\\\/\\\/www.brussels-accountants.be\\\/#website\"},\"datePublished\":\"2018-10-25T13:01:43+00:00\",\"dateModified\":\"2022-04-11T18:01:07+00:00\",\"breadcrumb\":{\"@id\":\"https:\\\/\\\/www.brussels-accountants.be\\\/ro\\\/all\\\/inregistrarea-unei-afaceri-in-belgia\\\/impozitul-pe-venit-in-belgia\\\/#breadcrumb\"},\"inLanguage\":\"es-ES\",\"potentialAction\":[{\"@type\":\"ReadAction\",\"target\":[\"https:\\\/\\\/www.brussels-accountants.be\\\/ro\\\/all\\\/inregistrarea-unei-afaceri-in-belgia\\\/impozitul-pe-venit-in-belgia\\\/\"]}]},{\"@type\":\"BreadcrumbList\",\"@id\":\"https:\\\/\\\/www.brussels-accountants.be\\\/ro\\\/all\\\/inregistrarea-unei-afaceri-in-belgia\\\/impozitul-pe-venit-in-belgia\\\/#breadcrumb\",\"itemListElement\":[{\"@type\":\"ListItem\",\"position\":1,\"name\":\"Accueil\",\"item\":\"https:\\\/\\\/www.brussels-accountants.be\\\/servicios\\\/\"},{\"@type\":\"ListItem\",\"position\":2,\"name\":\"INREGISTRAREA UNEI AFACERI IN BELGIA\",\"item\":\"https:\\\/\\\/www.brussels-accountants.be\\\/ro\\\/inregistrarea-unei-afaceri-in-belgia\\\/\"},{\"@type\":\"ListItem\",\"position\":3,\"name\":\"IMPOZITUL PE VENIT IN BELGIA\"}]},{\"@type\":\"WebSite\",\"@id\":\"https:\\\/\\\/www.brussels-accountants.be\\\/#website\",\"url\":\"https:\\\/\\\/www.brussels-accountants.be\\\/\",\"name\":\"Brussels Accountants\",\"description\":\"&lt;strong&gt;Brussels Accountants&lt;\\\/strong&gt; est une entreprise Internationale de comptabilit\u00e9 offrant \u00e0 ses clients une comptabilit\u00e9 appropri\u00e9e et une consultance optimis\u00e9e des imp\u00f4ts. Le cabinet est comp\u00e9tent au sein du contexte belge, pour les citoyens redevables de l\u2019imp\u00f4t belge. Nous sommes aussi reconnus en tant que guide fiable et compagnon pour les expatri\u00e9s qui ont besoin de constituer leur activit\u00e9, d&#039;en assurer la croissance et l\u2019organisation sur le territoire belge.\",\"publisher\":{\"@id\":\"https:\\\/\\\/www.brussels-accountants.be\\\/#organization\"},\"potentialAction\":[{\"@type\":\"SearchAction\",\"target\":{\"@type\":\"EntryPoint\",\"urlTemplate\":\"https:\\\/\\\/www.brussels-accountants.be\\\/?s={search_term_string}\"},\"query-input\":{\"@type\":\"PropertyValueSpecification\",\"valueRequired\":true,\"valueName\":\"search_term_string\"}}],\"inLanguage\":\"es-ES\"},{\"@type\":\"Organization\",\"@id\":\"https:\\\/\\\/www.brussels-accountants.be\\\/#organization\",\"name\":\"Brussels Accountants\",\"url\":\"https:\\\/\\\/www.brussels-accountants.be\\\/\",\"logo\":{\"@type\":\"ImageObject\",\"inLanguage\":\"es-ES\",\"@id\":\"https:\\\/\\\/www.brussels-accountants.be\\\/#\\\/schema\\\/logo\\\/image\\\/\",\"url\":\"https:\\\/\\\/www.brussels-accountants.be\\\/wp-content\\\/uploads\\\/2018\\\/10\\\/cropped-logo-medium.png\",\"contentUrl\":\"https:\\\/\\\/www.brussels-accountants.be\\\/wp-content\\\/uploads\\\/2018\\\/10\\\/cropped-logo-medium.png\",\"width\":512,\"height\":512,\"caption\":\"Brussels Accountants\"},\"image\":{\"@id\":\"https:\\\/\\\/www.brussels-accountants.be\\\/#\\\/schema\\\/logo\\\/image\\\/\"}}]}<\/script>\n<!-- \/ Yoast SEO plugin. -->","yoast_head_json":{"title":"IMPOZITUL PE VENIT IN BELGIA - Brussels Accountants","robots":{"index":"index","follow":"follow","max-snippet":"max-snippet:-1","max-image-preview":"max-image-preview:large","max-video-preview":"max-video-preview:-1"},"canonical":"https:\/\/www.brussels-accountants.be\/es\/all\/inregistrarea-unei-afaceri-in-belgia\/impozitul-pe-venit-in-belgia\/","og_locale":"es_ES","og_type":"article","og_title":"IMPOZITUL PE VENIT IN BELGIA - Brussels Accountants","og_description":"1\/&nbsp;CONTRACTORI Un procent mare de clienti\u00a0BRUXELLES ACCOUNTANTS\u00a0sunt expati care lucreaz\u0103 pentru contractanti straini intr-o misiune pe termen scurt sau lung in Belgia (de multe ori ca jurnalist, consultanta in management legal sau ITC). In timpul misiunii lor, clientii nostri sunt inregistrati la primaria locala ca nerezidenti, in ciuda faptului ca sunt supusi Impozitului pe venit [&hellip;]","og_url":"https:\/\/www.brussels-accountants.be\/ro\/all\/inregistrarea-unei-afaceri-in-belgia\/impozitul-pe-venit-in-belgia\/","og_site_name":"Brussels Accountants","article_modified_time":"2022-04-11T18:01:07+00:00","twitter_card":"summary_large_image","twitter_misc":{"Est. reading time":"2 minutes"},"schema":{"@context":"https:\/\/schema.org","@graph":[{"@type":"WebPage","@id":"https:\/\/www.brussels-accountants.be\/ro\/all\/inregistrarea-unei-afaceri-in-belgia\/impozitul-pe-venit-in-belgia\/","url":"https:\/\/www.brussels-accountants.be\/ro\/all\/inregistrarea-unei-afaceri-in-belgia\/impozitul-pe-venit-in-belgia\/","name":"IMPOZITUL PE VENIT IN BELGIA - Brussels Accountants","isPartOf":{"@id":"https:\/\/www.brussels-accountants.be\/#website"},"datePublished":"2018-10-25T13:01:43+00:00","dateModified":"2022-04-11T18:01:07+00:00","breadcrumb":{"@id":"https:\/\/www.brussels-accountants.be\/ro\/all\/inregistrarea-unei-afaceri-in-belgia\/impozitul-pe-venit-in-belgia\/#breadcrumb"},"inLanguage":"es-ES","potentialAction":[{"@type":"ReadAction","target":["https:\/\/www.brussels-accountants.be\/ro\/all\/inregistrarea-unei-afaceri-in-belgia\/impozitul-pe-venit-in-belgia\/"]}]},{"@type":"BreadcrumbList","@id":"https:\/\/www.brussels-accountants.be\/ro\/all\/inregistrarea-unei-afaceri-in-belgia\/impozitul-pe-venit-in-belgia\/#breadcrumb","itemListElement":[{"@type":"ListItem","position":1,"name":"Accueil","item":"https:\/\/www.brussels-accountants.be\/servicios\/"},{"@type":"ListItem","position":2,"name":"INREGISTRAREA UNEI AFACERI IN BELGIA","item":"https:\/\/www.brussels-accountants.be\/ro\/inregistrarea-unei-afaceri-in-belgia\/"},{"@type":"ListItem","position":3,"name":"IMPOZITUL PE VENIT IN BELGIA"}]},{"@type":"WebSite","@id":"https:\/\/www.brussels-accountants.be\/#website","url":"https:\/\/www.brussels-accountants.be\/","name":"Brussels Accountants","description":"&lt;strong&gt;Brussels Accountants&lt;\/strong&gt; est une entreprise Internationale de comptabilit\u00e9 offrant \u00e0 ses clients une comptabilit\u00e9 appropri\u00e9e et une consultance optimis\u00e9e des imp\u00f4ts. Le cabinet est comp\u00e9tent au sein du contexte belge, pour les citoyens redevables de l\u2019imp\u00f4t belge. Nous sommes aussi reconnus en tant que guide fiable et compagnon pour les expatri\u00e9s qui ont besoin de constituer leur activit\u00e9, d&#039;en assurer la croissance et l\u2019organisation sur le territoire belge.","publisher":{"@id":"https:\/\/www.brussels-accountants.be\/#organization"},"potentialAction":[{"@type":"SearchAction","target":{"@type":"EntryPoint","urlTemplate":"https:\/\/www.brussels-accountants.be\/?s={search_term_string}"},"query-input":{"@type":"PropertyValueSpecification","valueRequired":true,"valueName":"search_term_string"}}],"inLanguage":"es-ES"},{"@type":"Organization","@id":"https:\/\/www.brussels-accountants.be\/#organization","name":"Brussels Accountants","url":"https:\/\/www.brussels-accountants.be\/","logo":{"@type":"ImageObject","inLanguage":"es-ES","@id":"https:\/\/www.brussels-accountants.be\/#\/schema\/logo\/image\/","url":"https:\/\/www.brussels-accountants.be\/wp-content\/uploads\/2018\/10\/cropped-logo-medium.png","contentUrl":"https:\/\/www.brussels-accountants.be\/wp-content\/uploads\/2018\/10\/cropped-logo-medium.png","width":512,"height":512,"caption":"Brussels Accountants"},"image":{"@id":"https:\/\/www.brussels-accountants.be\/#\/schema\/logo\/image\/"}}]}},"_links":{"self":[{"href":"https:\/\/www.brussels-accountants.be\/es\/wp-json\/wp\/v2\/pages\/608","targetHints":{"allow":["GET"]}}],"collection":[{"href":"https:\/\/www.brussels-accountants.be\/es\/wp-json\/wp\/v2\/pages"}],"about":[{"href":"https:\/\/www.brussels-accountants.be\/es\/wp-json\/wp\/v2\/types\/page"}],"author":[{"embeddable":true,"href":"https:\/\/www.brussels-accountants.be\/es\/wp-json\/wp\/v2\/users\/1"}],"replies":[{"embeddable":true,"href":"https:\/\/www.brussels-accountants.be\/es\/wp-json\/wp\/v2\/comments?post=608"}],"version-history":[{"count":3,"href":"https:\/\/www.brussels-accountants.be\/es\/wp-json\/wp\/v2\/pages\/608\/revisions"}],"predecessor-version":[{"id":2026,"href":"https:\/\/www.brussels-accountants.be\/es\/wp-json\/wp\/v2\/pages\/608\/revisions\/2026"}],"up":[{"embeddable":true,"href":"https:\/\/www.brussels-accountants.be\/es\/wp-json\/wp\/v2\/pages\/599"}],"wp:attachment":[{"href":"https:\/\/www.brussels-accountants.be\/es\/wp-json\/wp\/v2\/media?parent=608"}],"curies":[{"name":"wp","href":"https:\/\/api.w.org\/{rel}","templated":true}]}}