{"id":606,"date":"2018-10-25T14:59:34","date_gmt":"2018-10-25T12:59:34","guid":{"rendered":"https:\/\/www.fidupress.be\/ba\/?page_id=606"},"modified":"2022-10-03T13:20:33","modified_gmt":"2022-10-03T11:20:33","slug":"independenti-contributii-la-sistemul-de-securitate-sociala-social-security","status":"publish","type":"page","link":"https:\/\/www.brussels-accountants.be\/es\/inregistrarea-unei-afaceri-in-belgia\/independenti-contributii-la-sistemul-de-securitate-sociala-social-security\/","title":{"rendered":"INDEPENDENTI \u2013 CONTRIBUTII LA SISTEMUL DE SECURITATE SOCIALA (SOCIAL SECURITY)"},"content":{"rendered":"<p>Contribu\u021biile pe care trebuie s\u0103 le pl\u0103teasc\u0103 o persoan\u0103 care desf\u0103\u0219oar\u0103 o activitate independent\u0103 sau un administrator de societate depind de venitul profesional net ob\u021binut datorit\u0103 acestui statut. Acesta este venitul brut dup\u0103 deducerea cheltuielilor profesionale \u0219i, eventual, a pierderilor anterioare. Anul de referin\u021b\u0103 este \u00eentotdeauna anul \u00een care se realizeaz\u0103 venitul. Chiar dac\u0103 nu este un an \u00eentreg de activitate independent\u0103.<\/p>\n<p>.<\/p>\n<p>Exist\u0103 o contribu\u021bie minim\u0103 pe care trebuie s\u0103 o pl\u0103teasc\u0103 o persoan\u0103 care desf\u0103\u0219oar\u0103 o activitate independent\u0103. Aceasta este de 21,5% la un venit net impozabil minim presupus de 14 658,44 euro pe an (suma minim\u0103 de referin\u021b\u0103). Lu\u00e2nd \u00een considerare \u0219i aloca\u021bia social\u0103 \u00een numerar, aceasta se ridic\u0103 la aproximativ 785,00 EUR pe trimestru. Mai jos de at\u00e2t, contribu\u021bia nu poate fi niciodat\u0103. Chiar dac\u0103 a existat o pierdere \u00een anul \u00een cauz\u0103.<\/p>\n<p>.<\/p>\n<p>\u00cen special pentru cel care \u00eencepe s\u0103 lucreze pe cont propriu sau pentru administratorul de firm\u0103, venitul net, a\u0219a cum va fi declarat \u00een final \u00een anul \u00een care se face declara\u021bia fiscal\u0103, nu este \u00eenc\u0103 cunoscut. Prin urmare, persoana care \u00eencepe s\u0103 desf\u0103\u0219oare o activitate independent\u0103 trebuie s\u0103 \u00ee\u0219i fac\u0103 propria estimare a venitului pe care crede c\u0103 \u00eel va ob\u021bine. \u00cen primul an de activitate independent\u0103, contribu\u021bia la asigur\u0103rile sociale este u\u0219or mai mic\u0103. Aceasta este stabilit\u0103 la 20,5% din venitul net (dup\u0103 deducerea contribu\u021biei la asigur\u0103rile sociale). Este un calcul oarecum dificil: rezultatul contribu\u021biilor sociale este determinat \u00een func\u021bie de profitul net calculat dup\u0103 deducerea acestor contribu\u021bii sociale. Brussels Accountants v\u0103 poate ajuta \u00een acest sens. Prin urmare, o persoan\u0103 care \u00eencepe s\u0103 desf\u0103\u0219oare o activitate independent\u0103 poate alege s\u0103 pl\u0103teasc\u0103 contribu\u021biile minime.<\/p>\n\n\n<p><p>Exist\u0103 reduceri suplimentare pentru a\u0219a-numitele &#8220;primo start-ups&#8221;.<\/p><\/p>\n\n\n\n<p><p>Brussels Accountants v\u0103 poate ajuta s\u0103 v\u0103 asigura\u021bi c\u0103 contribu\u021biile sociale pl\u0103tite r\u0103m\u00e2n pe c\u00e2t posibil propor\u021bionale cu venitul dumneavoastr\u0103 real pentru acela\u0219i an. \u0218i, \u00een acest scop, v\u0103 asist\u0103 pentru a face ajust\u0103rile necesare.<\/p><\/p>\n\n\n\n<p><\/p>\n","protected":false},"excerpt":{"rendered":"<p>Contribu\u021biile pe care trebuie s\u0103 le pl\u0103teasc\u0103 o persoan\u0103 care desf\u0103\u0219oar\u0103 o activitate independent\u0103 sau un administrator de societate depind de venitul profesional net ob\u021binut datorit\u0103 acestui statut. Acesta este venitul brut dup\u0103 deducerea cheltuielilor profesionale \u0219i, eventual, a pierderilor anterioare. Anul de referin\u021b\u0103 este \u00eentotdeauna anul \u00een care se realizeaz\u0103 venitul. Chiar dac\u0103 nu [&hellip;]<\/p>\n","protected":false},"author":1,"featured_media":0,"parent":599,"menu_order":0,"comment_status":"closed","ping_status":"closed","template":"","meta":{"footnotes":""},"class_list":["post-606","page","type-page","status-publish","hentry"],"acf":[],"yoast_head":"<!-- This site is optimized with the Yoast SEO plugin v27.3 - https:\/\/yoast.com\/product\/yoast-seo-wordpress\/ -->\n<title>INDEPENDENTI \u2013 CONTRIBUTII LA SISTEMUL DE SECURITATE SOCIALA (SOCIAL SECURITY) - Brussels Accountants<\/title>\n<meta name=\"robots\" content=\"index, follow, max-snippet:-1, max-image-preview:large, max-video-preview:-1\" \/>\n<link rel=\"canonical\" href=\"https:\/\/www.brussels-accountants.be\/es\/inregistrarea-unei-afaceri-in-belgia\/independenti-contributii-la-sistemul-de-securitate-sociala-social-security\/\" \/>\n<meta property=\"og:locale\" content=\"es_ES\" \/>\n<meta property=\"og:type\" content=\"article\" \/>\n<meta property=\"og:title\" content=\"INDEPENDENTI \u2013 CONTRIBUTII LA SISTEMUL DE SECURITATE SOCIALA (SOCIAL SECURITY) - Brussels Accountants\" \/>\n<meta property=\"og:description\" content=\"Contribu\u021biile pe care trebuie s\u0103 le pl\u0103teasc\u0103 o persoan\u0103 care desf\u0103\u0219oar\u0103 o activitate independent\u0103 sau un administrator de societate depind de venitul profesional net ob\u021binut datorit\u0103 acestui statut. Acesta este venitul brut dup\u0103 deducerea cheltuielilor profesionale \u0219i, eventual, a pierderilor anterioare. Anul de referin\u021b\u0103 este \u00eentotdeauna anul \u00een care se realizeaz\u0103 venitul. Chiar dac\u0103 nu [&hellip;]\" \/>\n<meta property=\"og:url\" content=\"https:\/\/www.brussels-accountants.be\/ro\/inregistrarea-unei-afaceri-in-belgia\/independenti-contributii-la-sistemul-de-securitate-sociala-social-security\/\" \/>\n<meta property=\"og:site_name\" content=\"Brussels Accountants\" \/>\n<meta property=\"article:modified_time\" content=\"2022-10-03T11:20:33+00:00\" \/>\n<meta name=\"twitter:card\" content=\"summary_large_image\" \/>\n<meta name=\"twitter:label1\" content=\"Est. reading time\" \/>\n\t<meta name=\"twitter:data1\" content=\"2 minutes\" \/>\n<script type=\"application\/ld+json\" class=\"yoast-schema-graph\">{\"@context\":\"https:\\\/\\\/schema.org\",\"@graph\":[{\"@type\":\"WebPage\",\"@id\":\"https:\\\/\\\/www.brussels-accountants.be\\\/ro\\\/inregistrarea-unei-afaceri-in-belgia\\\/independenti-contributii-la-sistemul-de-securitate-sociala-social-security\\\/\",\"url\":\"https:\\\/\\\/www.brussels-accountants.be\\\/ro\\\/inregistrarea-unei-afaceri-in-belgia\\\/independenti-contributii-la-sistemul-de-securitate-sociala-social-security\\\/\",\"name\":\"INDEPENDENTI \u2013 CONTRIBUTII LA SISTEMUL DE SECURITATE SOCIALA (SOCIAL SECURITY) - Brussels Accountants\",\"isPartOf\":{\"@id\":\"https:\\\/\\\/www.brussels-accountants.be\\\/#website\"},\"datePublished\":\"2018-10-25T12:59:34+00:00\",\"dateModified\":\"2022-10-03T11:20:33+00:00\",\"breadcrumb\":{\"@id\":\"https:\\\/\\\/www.brussels-accountants.be\\\/ro\\\/inregistrarea-unei-afaceri-in-belgia\\\/independenti-contributii-la-sistemul-de-securitate-sociala-social-security\\\/#breadcrumb\"},\"inLanguage\":\"es-ES\",\"potentialAction\":[{\"@type\":\"ReadAction\",\"target\":[\"https:\\\/\\\/www.brussels-accountants.be\\\/ro\\\/inregistrarea-unei-afaceri-in-belgia\\\/independenti-contributii-la-sistemul-de-securitate-sociala-social-security\\\/\"]}]},{\"@type\":\"BreadcrumbList\",\"@id\":\"https:\\\/\\\/www.brussels-accountants.be\\\/ro\\\/inregistrarea-unei-afaceri-in-belgia\\\/independenti-contributii-la-sistemul-de-securitate-sociala-social-security\\\/#breadcrumb\",\"itemListElement\":[{\"@type\":\"ListItem\",\"position\":1,\"name\":\"Accueil\",\"item\":\"https:\\\/\\\/www.brussels-accountants.be\\\/servicios\\\/\"},{\"@type\":\"ListItem\",\"position\":2,\"name\":\"INREGISTRAREA UNEI AFACERI IN BELGIA\",\"item\":\"https:\\\/\\\/www.brussels-accountants.be\\\/ro\\\/inregistrarea-unei-afaceri-in-belgia\\\/\"},{\"@type\":\"ListItem\",\"position\":3,\"name\":\"INDEPENDENTI \u2013 CONTRIBUTII LA SISTEMUL DE SECURITATE SOCIALA (SOCIAL SECURITY)\"}]},{\"@type\":\"WebSite\",\"@id\":\"https:\\\/\\\/www.brussels-accountants.be\\\/#website\",\"url\":\"https:\\\/\\\/www.brussels-accountants.be\\\/\",\"name\":\"Brussels Accountants\",\"description\":\"&lt;strong&gt;Brussels Accountants&lt;\\\/strong&gt; est une entreprise Internationale de comptabilit\u00e9 offrant \u00e0 ses clients une comptabilit\u00e9 appropri\u00e9e et une consultance optimis\u00e9e des imp\u00f4ts. Le cabinet est comp\u00e9tent au sein du contexte belge, pour les citoyens redevables de l\u2019imp\u00f4t belge. Nous sommes aussi reconnus en tant que guide fiable et compagnon pour les expatri\u00e9s qui ont besoin de constituer leur activit\u00e9, d&#039;en assurer la croissance et l\u2019organisation sur le territoire belge.\",\"publisher\":{\"@id\":\"https:\\\/\\\/www.brussels-accountants.be\\\/#organization\"},\"potentialAction\":[{\"@type\":\"SearchAction\",\"target\":{\"@type\":\"EntryPoint\",\"urlTemplate\":\"https:\\\/\\\/www.brussels-accountants.be\\\/?s={search_term_string}\"},\"query-input\":{\"@type\":\"PropertyValueSpecification\",\"valueRequired\":true,\"valueName\":\"search_term_string\"}}],\"inLanguage\":\"es-ES\"},{\"@type\":\"Organization\",\"@id\":\"https:\\\/\\\/www.brussels-accountants.be\\\/#organization\",\"name\":\"Brussels Accountants\",\"url\":\"https:\\\/\\\/www.brussels-accountants.be\\\/\",\"logo\":{\"@type\":\"ImageObject\",\"inLanguage\":\"es-ES\",\"@id\":\"https:\\\/\\\/www.brussels-accountants.be\\\/#\\\/schema\\\/logo\\\/image\\\/\",\"url\":\"https:\\\/\\\/www.brussels-accountants.be\\\/wp-content\\\/uploads\\\/2018\\\/10\\\/cropped-logo-medium.png\",\"contentUrl\":\"https:\\\/\\\/www.brussels-accountants.be\\\/wp-content\\\/uploads\\\/2018\\\/10\\\/cropped-logo-medium.png\",\"width\":512,\"height\":512,\"caption\":\"Brussels Accountants\"},\"image\":{\"@id\":\"https:\\\/\\\/www.brussels-accountants.be\\\/#\\\/schema\\\/logo\\\/image\\\/\"}}]}<\/script>\n<!-- \/ Yoast SEO plugin. -->","yoast_head_json":{"title":"INDEPENDENTI \u2013 CONTRIBUTII LA SISTEMUL DE SECURITATE SOCIALA (SOCIAL SECURITY) - Brussels Accountants","robots":{"index":"index","follow":"follow","max-snippet":"max-snippet:-1","max-image-preview":"max-image-preview:large","max-video-preview":"max-video-preview:-1"},"canonical":"https:\/\/www.brussels-accountants.be\/es\/inregistrarea-unei-afaceri-in-belgia\/independenti-contributii-la-sistemul-de-securitate-sociala-social-security\/","og_locale":"es_ES","og_type":"article","og_title":"INDEPENDENTI \u2013 CONTRIBUTII LA SISTEMUL DE SECURITATE SOCIALA (SOCIAL SECURITY) - Brussels Accountants","og_description":"Contribu\u021biile pe care trebuie s\u0103 le pl\u0103teasc\u0103 o persoan\u0103 care desf\u0103\u0219oar\u0103 o activitate independent\u0103 sau un administrator de societate depind de venitul profesional net ob\u021binut datorit\u0103 acestui statut. Acesta este venitul brut dup\u0103 deducerea cheltuielilor profesionale \u0219i, eventual, a pierderilor anterioare. Anul de referin\u021b\u0103 este \u00eentotdeauna anul \u00een care se realizeaz\u0103 venitul. Chiar dac\u0103 nu [&hellip;]","og_url":"https:\/\/www.brussels-accountants.be\/ro\/inregistrarea-unei-afaceri-in-belgia\/independenti-contributii-la-sistemul-de-securitate-sociala-social-security\/","og_site_name":"Brussels Accountants","article_modified_time":"2022-10-03T11:20:33+00:00","twitter_card":"summary_large_image","twitter_misc":{"Est. reading time":"2 minutes"},"schema":{"@context":"https:\/\/schema.org","@graph":[{"@type":"WebPage","@id":"https:\/\/www.brussels-accountants.be\/ro\/inregistrarea-unei-afaceri-in-belgia\/independenti-contributii-la-sistemul-de-securitate-sociala-social-security\/","url":"https:\/\/www.brussels-accountants.be\/ro\/inregistrarea-unei-afaceri-in-belgia\/independenti-contributii-la-sistemul-de-securitate-sociala-social-security\/","name":"INDEPENDENTI \u2013 CONTRIBUTII LA SISTEMUL DE SECURITATE SOCIALA (SOCIAL SECURITY) - Brussels Accountants","isPartOf":{"@id":"https:\/\/www.brussels-accountants.be\/#website"},"datePublished":"2018-10-25T12:59:34+00:00","dateModified":"2022-10-03T11:20:33+00:00","breadcrumb":{"@id":"https:\/\/www.brussels-accountants.be\/ro\/inregistrarea-unei-afaceri-in-belgia\/independenti-contributii-la-sistemul-de-securitate-sociala-social-security\/#breadcrumb"},"inLanguage":"es-ES","potentialAction":[{"@type":"ReadAction","target":["https:\/\/www.brussels-accountants.be\/ro\/inregistrarea-unei-afaceri-in-belgia\/independenti-contributii-la-sistemul-de-securitate-sociala-social-security\/"]}]},{"@type":"BreadcrumbList","@id":"https:\/\/www.brussels-accountants.be\/ro\/inregistrarea-unei-afaceri-in-belgia\/independenti-contributii-la-sistemul-de-securitate-sociala-social-security\/#breadcrumb","itemListElement":[{"@type":"ListItem","position":1,"name":"Accueil","item":"https:\/\/www.brussels-accountants.be\/servicios\/"},{"@type":"ListItem","position":2,"name":"INREGISTRAREA UNEI AFACERI IN BELGIA","item":"https:\/\/www.brussels-accountants.be\/ro\/inregistrarea-unei-afaceri-in-belgia\/"},{"@type":"ListItem","position":3,"name":"INDEPENDENTI \u2013 CONTRIBUTII LA SISTEMUL DE SECURITATE SOCIALA (SOCIAL SECURITY)"}]},{"@type":"WebSite","@id":"https:\/\/www.brussels-accountants.be\/#website","url":"https:\/\/www.brussels-accountants.be\/","name":"Brussels Accountants","description":"&lt;strong&gt;Brussels Accountants&lt;\/strong&gt; est une entreprise Internationale de comptabilit\u00e9 offrant \u00e0 ses clients une comptabilit\u00e9 appropri\u00e9e et une consultance optimis\u00e9e des imp\u00f4ts. Le cabinet est comp\u00e9tent au sein du contexte belge, pour les citoyens redevables de l\u2019imp\u00f4t belge. Nous sommes aussi reconnus en tant que guide fiable et compagnon pour les expatri\u00e9s qui ont besoin de constituer leur activit\u00e9, d&#039;en assurer la croissance et l\u2019organisation sur le territoire belge.","publisher":{"@id":"https:\/\/www.brussels-accountants.be\/#organization"},"potentialAction":[{"@type":"SearchAction","target":{"@type":"EntryPoint","urlTemplate":"https:\/\/www.brussels-accountants.be\/?s={search_term_string}"},"query-input":{"@type":"PropertyValueSpecification","valueRequired":true,"valueName":"search_term_string"}}],"inLanguage":"es-ES"},{"@type":"Organization","@id":"https:\/\/www.brussels-accountants.be\/#organization","name":"Brussels Accountants","url":"https:\/\/www.brussels-accountants.be\/","logo":{"@type":"ImageObject","inLanguage":"es-ES","@id":"https:\/\/www.brussels-accountants.be\/#\/schema\/logo\/image\/","url":"https:\/\/www.brussels-accountants.be\/wp-content\/uploads\/2018\/10\/cropped-logo-medium.png","contentUrl":"https:\/\/www.brussels-accountants.be\/wp-content\/uploads\/2018\/10\/cropped-logo-medium.png","width":512,"height":512,"caption":"Brussels Accountants"},"image":{"@id":"https:\/\/www.brussels-accountants.be\/#\/schema\/logo\/image\/"}}]}},"_links":{"self":[{"href":"https:\/\/www.brussels-accountants.be\/es\/wp-json\/wp\/v2\/pages\/606","targetHints":{"allow":["GET"]}}],"collection":[{"href":"https:\/\/www.brussels-accountants.be\/es\/wp-json\/wp\/v2\/pages"}],"about":[{"href":"https:\/\/www.brussels-accountants.be\/es\/wp-json\/wp\/v2\/types\/page"}],"author":[{"embeddable":true,"href":"https:\/\/www.brussels-accountants.be\/es\/wp-json\/wp\/v2\/users\/1"}],"replies":[{"embeddable":true,"href":"https:\/\/www.brussels-accountants.be\/es\/wp-json\/wp\/v2\/comments?post=606"}],"version-history":[{"count":4,"href":"https:\/\/www.brussels-accountants.be\/es\/wp-json\/wp\/v2\/pages\/606\/revisions"}],"predecessor-version":[{"id":2359,"href":"https:\/\/www.brussels-accountants.be\/es\/wp-json\/wp\/v2\/pages\/606\/revisions\/2359"}],"up":[{"embeddable":true,"href":"https:\/\/www.brussels-accountants.be\/es\/wp-json\/wp\/v2\/pages\/599"}],"wp:attachment":[{"href":"https:\/\/www.brussels-accountants.be\/es\/wp-json\/wp\/v2\/media?parent=606"}],"curies":[{"name":"wp","href":"https:\/\/api.w.org\/{rel}","templated":true}]}}