{"id":596,"date":"2018-10-25T14:47:16","date_gmt":"2018-10-25T12:47:16","guid":{"rendered":"https:\/\/www.fidupress.be\/ba\/?page_id=596"},"modified":"2018-10-25T14:47:18","modified_gmt":"2018-10-25T12:47:18","slug":"expati","status":"publish","type":"page","link":"https:\/\/www.brussels-accountants.be\/es\/servicii\/expati\/","title":{"rendered":"EXPATI"},"content":{"rendered":"\n<p>Firma de contabilitate&nbsp;<strong>BRUXELLES ACCOUNTANTS<\/strong>&nbsp;va analiza angajamentele pentru evitarea dublei impozitari aplicabile intre Belgia si propria dumneavoastra tar\u0103. Rezidenta dumneavostra fiscala este foarte importanta si va determina legisla\u021bia aplicabila.<br>In cazul in care sunteti expat angaja\u021b \u00een Belgia cu titlu temporar, puteti beneficia de regim special de impozitare ce ofera avantaje financiare considerabile (regim &#8220;expat&#8221;).<br>Persoanele care beneficiaza de acest regim sunt impozitate numai in baza procentului aplicabil activitatilor realizate in Belgia, iar alt avantaj il constuie faptul ca ramburasea cheltuilelior profesionale efectuate in timpul sederii in Belgia nu este taxata pana in limita unui plafon generos de 30.000 euro.<br>Daca sunteti expati, firma de contabilitate Brussels Accountants va poate ajuta cu depunerea declaratiilor de venituri.<\/p>\n\n\n\n<p>Putem de asemenea depune declaratii fiscale si \/ sau declaratii de TVA pentru nerezidenti (persoane fizice, cat si companii) pentru activitatile lor financiare din Belgia.<\/p>\n\n\n\n<p>Pentru expati rezidenti \u00een Belgia, firma de contabilitate Brussels Accountants ofera servicii de calitate in privinta depunerii obliga\u021biilor fiscale \u0219i contabile prev\u0103zute de legea belgiana. Unul dintre punctele forte ale echipei este abilitatea de a transpune informa\u021biile financiare (emise conform standardelor belgiene) la formatul solicitat de catre investitorii str\u0103ini sau firmele mama pentru o implementare usoara in situatia lor financiara consolidata la nivel international.<\/p>\n\n\n\n<p>Putem ajuta de asemenea la pregatirea planurilor financiare pentru aplicatiile de imprumut, asa cum sunt acestea cerute de institutiile bancare belgiene.<\/p>\n\n\n\n<p><br><strong>BRUSSELS ACCOUNTANTS BVBA<\/strong><\/p>\n","protected":false},"excerpt":{"rendered":"<p>Firma de contabilitate&nbsp;BRUXELLES ACCOUNTANTS&nbsp;va analiza angajamentele pentru evitarea dublei impozitari aplicabile intre Belgia si propria dumneavoastra tar\u0103. Rezidenta dumneavostra fiscala este foarte importanta si va determina legisla\u021bia aplicabila.In cazul in care sunteti expat angaja\u021b \u00een Belgia cu titlu temporar, puteti beneficia de regim special de impozitare ce ofera avantaje financiare considerabile (regim &#8220;expat&#8221;).Persoanele care beneficiaza [&hellip;]<\/p>\n","protected":false},"author":1,"featured_media":0,"parent":586,"menu_order":0,"comment_status":"closed","ping_status":"closed","template":"","meta":{"footnotes":""},"class_list":["post-596","page","type-page","status-publish","hentry"],"acf":[],"yoast_head":"<!-- This site is optimized with the Yoast SEO plugin v27.4 - https:\/\/yoast.com\/product\/yoast-seo-wordpress\/ -->\n<title>EXPATI - Brussels Accountants<\/title>\n<meta name=\"robots\" content=\"index, follow, max-snippet:-1, max-image-preview:large, max-video-preview:-1\" \/>\n<link rel=\"canonical\" href=\"https:\/\/www.brussels-accountants.be\/es\/servicii\/expati\/\" \/>\n<meta property=\"og:locale\" content=\"es_ES\" \/>\n<meta property=\"og:type\" content=\"article\" \/>\n<meta property=\"og:title\" content=\"EXPATI - Brussels Accountants\" \/>\n<meta property=\"og:description\" content=\"Firma de contabilitate&nbsp;BRUXELLES ACCOUNTANTS&nbsp;va analiza angajamentele pentru evitarea dublei impozitari aplicabile intre Belgia si propria dumneavoastra tar\u0103. Rezidenta dumneavostra fiscala este foarte importanta si va determina legisla\u021bia aplicabila.In cazul in care sunteti expat angaja\u021b \u00een Belgia cu titlu temporar, puteti beneficia de regim special de impozitare ce ofera avantaje financiare considerabile (regim &#8220;expat&#8221;).Persoanele care beneficiaza [&hellip;]\" \/>\n<meta property=\"og:url\" content=\"https:\/\/www.brussels-accountants.be\/servicii\/expati\/\" \/>\n<meta property=\"og:site_name\" content=\"Brussels Accountants\" \/>\n<meta property=\"article:modified_time\" content=\"2018-10-25T12:47:18+00:00\" \/>\n<meta name=\"twitter:card\" content=\"summary_large_image\" \/>\n<meta name=\"twitter:label1\" content=\"Est. reading time\" \/>\n\t<meta name=\"twitter:data1\" content=\"1 minute\" \/>\n<script type=\"application\/ld+json\" class=\"yoast-schema-graph\">{\"@context\":\"https:\\\/\\\/schema.org\",\"@graph\":[{\"@type\":\"WebPage\",\"@id\":\"https:\\\/\\\/www.brussels-accountants.be\\\/servicii\\\/expati\\\/\",\"url\":\"https:\\\/\\\/www.brussels-accountants.be\\\/servicii\\\/expati\\\/\",\"name\":\"EXPATI - Brussels Accountants\",\"isPartOf\":{\"@id\":\"https:\\\/\\\/www.brussels-accountants.be\\\/#website\"},\"datePublished\":\"2018-10-25T12:47:16+00:00\",\"dateModified\":\"2018-10-25T12:47:18+00:00\",\"breadcrumb\":{\"@id\":\"https:\\\/\\\/www.brussels-accountants.be\\\/servicii\\\/expati\\\/#breadcrumb\"},\"inLanguage\":\"es-ES\",\"potentialAction\":[{\"@type\":\"ReadAction\",\"target\":[\"https:\\\/\\\/www.brussels-accountants.be\\\/servicii\\\/expati\\\/\"]}]},{\"@type\":\"BreadcrumbList\",\"@id\":\"https:\\\/\\\/www.brussels-accountants.be\\\/servicii\\\/expati\\\/#breadcrumb\",\"itemListElement\":[{\"@type\":\"ListItem\",\"position\":1,\"name\":\"Accueil\",\"item\":\"https:\\\/\\\/www.brussels-accountants.be\\\/servicios\\\/\"},{\"@type\":\"ListItem\",\"position\":2,\"name\":\"Servicii\",\"item\":\"https:\\\/\\\/www.brussels-accountants.be\\\/\"},{\"@type\":\"ListItem\",\"position\":3,\"name\":\"EXPATI\"}]},{\"@type\":\"WebSite\",\"@id\":\"https:\\\/\\\/www.brussels-accountants.be\\\/#website\",\"url\":\"https:\\\/\\\/www.brussels-accountants.be\\\/\",\"name\":\"Brussels Accountants\",\"description\":\"&lt;strong&gt;Brussels Accountants&lt;\\\/strong&gt; est une entreprise Internationale de comptabilit\u00e9 offrant \u00e0 ses clients une comptabilit\u00e9 appropri\u00e9e et une consultance optimis\u00e9e des imp\u00f4ts. Le cabinet est comp\u00e9tent au sein du contexte belge, pour les citoyens redevables de l\u2019imp\u00f4t belge. Nous sommes aussi reconnus en tant que guide fiable et compagnon pour les expatri\u00e9s qui ont besoin de constituer leur activit\u00e9, d&#039;en assurer la croissance et l\u2019organisation sur le territoire belge.\",\"publisher\":{\"@id\":\"https:\\\/\\\/www.brussels-accountants.be\\\/#organization\"},\"potentialAction\":[{\"@type\":\"SearchAction\",\"target\":{\"@type\":\"EntryPoint\",\"urlTemplate\":\"https:\\\/\\\/www.brussels-accountants.be\\\/?s={search_term_string}\"},\"query-input\":{\"@type\":\"PropertyValueSpecification\",\"valueRequired\":true,\"valueName\":\"search_term_string\"}}],\"inLanguage\":\"es-ES\"},{\"@type\":\"Organization\",\"@id\":\"https:\\\/\\\/www.brussels-accountants.be\\\/#organization\",\"name\":\"Brussels Accountants\",\"url\":\"https:\\\/\\\/www.brussels-accountants.be\\\/\",\"logo\":{\"@type\":\"ImageObject\",\"inLanguage\":\"es-ES\",\"@id\":\"https:\\\/\\\/www.brussels-accountants.be\\\/#\\\/schema\\\/logo\\\/image\\\/\",\"url\":\"https:\\\/\\\/www.brussels-accountants.be\\\/wp-content\\\/uploads\\\/2018\\\/10\\\/cropped-logo-medium.png\",\"contentUrl\":\"https:\\\/\\\/www.brussels-accountants.be\\\/wp-content\\\/uploads\\\/2018\\\/10\\\/cropped-logo-medium.png\",\"width\":512,\"height\":512,\"caption\":\"Brussels Accountants\"},\"image\":{\"@id\":\"https:\\\/\\\/www.brussels-accountants.be\\\/#\\\/schema\\\/logo\\\/image\\\/\"}}]}<\/script>\n<!-- \/ Yoast SEO plugin. -->","yoast_head_json":{"title":"EXPATI - Brussels Accountants","robots":{"index":"index","follow":"follow","max-snippet":"max-snippet:-1","max-image-preview":"max-image-preview:large","max-video-preview":"max-video-preview:-1"},"canonical":"https:\/\/www.brussels-accountants.be\/es\/servicii\/expati\/","og_locale":"es_ES","og_type":"article","og_title":"EXPATI - Brussels Accountants","og_description":"Firma de contabilitate&nbsp;BRUXELLES ACCOUNTANTS&nbsp;va analiza angajamentele pentru evitarea dublei impozitari aplicabile intre Belgia si propria dumneavoastra tar\u0103. Rezidenta dumneavostra fiscala este foarte importanta si va determina legisla\u021bia aplicabila.In cazul in care sunteti expat angaja\u021b \u00een Belgia cu titlu temporar, puteti beneficia de regim special de impozitare ce ofera avantaje financiare considerabile (regim &#8220;expat&#8221;).Persoanele care beneficiaza [&hellip;]","og_url":"https:\/\/www.brussels-accountants.be\/servicii\/expati\/","og_site_name":"Brussels Accountants","article_modified_time":"2018-10-25T12:47:18+00:00","twitter_card":"summary_large_image","twitter_misc":{"Est. reading time":"1 minute"},"schema":{"@context":"https:\/\/schema.org","@graph":[{"@type":"WebPage","@id":"https:\/\/www.brussels-accountants.be\/servicii\/expati\/","url":"https:\/\/www.brussels-accountants.be\/servicii\/expati\/","name":"EXPATI - Brussels Accountants","isPartOf":{"@id":"https:\/\/www.brussels-accountants.be\/#website"},"datePublished":"2018-10-25T12:47:16+00:00","dateModified":"2018-10-25T12:47:18+00:00","breadcrumb":{"@id":"https:\/\/www.brussels-accountants.be\/servicii\/expati\/#breadcrumb"},"inLanguage":"es-ES","potentialAction":[{"@type":"ReadAction","target":["https:\/\/www.brussels-accountants.be\/servicii\/expati\/"]}]},{"@type":"BreadcrumbList","@id":"https:\/\/www.brussels-accountants.be\/servicii\/expati\/#breadcrumb","itemListElement":[{"@type":"ListItem","position":1,"name":"Accueil","item":"https:\/\/www.brussels-accountants.be\/servicios\/"},{"@type":"ListItem","position":2,"name":"Servicii","item":"https:\/\/www.brussels-accountants.be\/"},{"@type":"ListItem","position":3,"name":"EXPATI"}]},{"@type":"WebSite","@id":"https:\/\/www.brussels-accountants.be\/#website","url":"https:\/\/www.brussels-accountants.be\/","name":"Brussels Accountants","description":"&lt;strong&gt;Brussels Accountants&lt;\/strong&gt; est une entreprise Internationale de comptabilit\u00e9 offrant \u00e0 ses clients une comptabilit\u00e9 appropri\u00e9e et une consultance optimis\u00e9e des imp\u00f4ts. Le cabinet est comp\u00e9tent au sein du contexte belge, pour les citoyens redevables de l\u2019imp\u00f4t belge. Nous sommes aussi reconnus en tant que guide fiable et compagnon pour les expatri\u00e9s qui ont besoin de constituer leur activit\u00e9, d&#039;en assurer la croissance et l\u2019organisation sur le territoire belge.","publisher":{"@id":"https:\/\/www.brussels-accountants.be\/#organization"},"potentialAction":[{"@type":"SearchAction","target":{"@type":"EntryPoint","urlTemplate":"https:\/\/www.brussels-accountants.be\/?s={search_term_string}"},"query-input":{"@type":"PropertyValueSpecification","valueRequired":true,"valueName":"search_term_string"}}],"inLanguage":"es-ES"},{"@type":"Organization","@id":"https:\/\/www.brussels-accountants.be\/#organization","name":"Brussels Accountants","url":"https:\/\/www.brussels-accountants.be\/","logo":{"@type":"ImageObject","inLanguage":"es-ES","@id":"https:\/\/www.brussels-accountants.be\/#\/schema\/logo\/image\/","url":"https:\/\/www.brussels-accountants.be\/wp-content\/uploads\/2018\/10\/cropped-logo-medium.png","contentUrl":"https:\/\/www.brussels-accountants.be\/wp-content\/uploads\/2018\/10\/cropped-logo-medium.png","width":512,"height":512,"caption":"Brussels Accountants"},"image":{"@id":"https:\/\/www.brussels-accountants.be\/#\/schema\/logo\/image\/"}}]}},"_links":{"self":[{"href":"https:\/\/www.brussels-accountants.be\/es\/wp-json\/wp\/v2\/pages\/596","targetHints":{"allow":["GET"]}}],"collection":[{"href":"https:\/\/www.brussels-accountants.be\/es\/wp-json\/wp\/v2\/pages"}],"about":[{"href":"https:\/\/www.brussels-accountants.be\/es\/wp-json\/wp\/v2\/types\/page"}],"author":[{"embeddable":true,"href":"https:\/\/www.brussels-accountants.be\/es\/wp-json\/wp\/v2\/users\/1"}],"replies":[{"embeddable":true,"href":"https:\/\/www.brussels-accountants.be\/es\/wp-json\/wp\/v2\/comments?post=596"}],"version-history":[{"count":1,"href":"https:\/\/www.brussels-accountants.be\/es\/wp-json\/wp\/v2\/pages\/596\/revisions"}],"predecessor-version":[{"id":597,"href":"https:\/\/www.brussels-accountants.be\/es\/wp-json\/wp\/v2\/pages\/596\/revisions\/597"}],"up":[{"embeddable":true,"href":"https:\/\/www.brussels-accountants.be\/es\/wp-json\/wp\/v2\/pages\/586"}],"wp:attachment":[{"href":"https:\/\/www.brussels-accountants.be\/es\/wp-json\/wp\/v2\/media?parent=596"}],"curies":[{"name":"wp","href":"https:\/\/api.w.org\/{rel}","templated":true}]}}