{"id":586,"date":"2018-10-25T14:43:41","date_gmt":"2018-10-25T12:43:41","guid":{"rendered":"https:\/\/www.fidupress.be\/ba\/?page_id=586"},"modified":"2025-11-20T16:40:10","modified_gmt":"2025-11-20T15:40:10","slug":"servicii","status":"publish","type":"page","link":"https:\/\/www.brussels-accountants.be\/es\/servicii\/","title":{"rendered":"Servicii"},"content":{"rendered":"\n<p><strong>Brussels Accountants<\/strong>&nbsp;este o firma de contabilitate cu specific international, oferind servicii contabile si de fiscalitate in conformitate cu legislatia Belgiana in domeniu, dorind a fi un partener de incredere pentru straini fie ca acestia au nevoie de consulatanta pentru crearea unei companii noi in Belgia si alegerea tipului de societate comerciala potrivit, fie ca au nevoie de solutii personalizate si servicii contabile de calitate pentru societati deja infiinate.<br>Experienta si profesionalismul nostru este sprijinul de care afacerea dumneavoastra belgiana are nevoie!<\/p>\n\n\n\n<p>Echipa&nbsp;<strong>Brussels Accountants<\/strong>&nbsp;este formata din profesionalisti cu un potofoliu de peste 175 de clienti. Ocazional biroul apeleaza la serviciile subcontractorilor sau a tinerilor stagiari in functie de volumul de lucru.<br><br><\/p>\n\n\n\n<h2 class=\"wp-block-heading\">Informatii suplimentare<\/h2>\n\n\n\n<ul class=\"wp-block-list\">\n<li><a href=\"\/ro\/servicii\/persoane-juridice-independenti-si-companii\/\">Click aici<\/a>\u00a0pentre mai multe informatii legate de serviciile oferite de firma de contabilitate Brussels Accountants pentru Persoane juridice (Independenti si Companii)<\/li>\n\n\n\n<li><a href=\"\/ro\/servicii\/asociatii-non-profit\/\">Click aici<\/a>\u00a0pentru mai multe informatii legate de serviciile oferite de firma de contabilitate Brussels Accountants pentru Asociatii non profit<\/li>\n\n\n\n<li><a href=\"\/ro\/servicii\/expati\/\">Click aici<\/a>\u00a0pentru mai multe informatii legate de serviciile oferite de firma de contabilitate Brussels Accountants pentru Expati<\/li>\n\n\n\n<li><a href=\"\/services\/peppol\/\">Click aici<\/a>\u00a0pentru mai multe informatii legate de serviciile oferite de firma de contabilitate Brussels Accountants pentru Peppol<\/li>\n<\/ul>\n","protected":false},"excerpt":{"rendered":"<p>Brussels Accountants&nbsp;este o firma de contabilitate cu specific international, oferind servicii contabile si de fiscalitate in conformitate cu legislatia Belgiana in domeniu, dorind a fi un partener de incredere pentru straini fie ca acestia au nevoie de consulatanta pentru crearea unei companii noi in Belgia si alegerea tipului de societate comerciala potrivit, fie ca au [&hellip;]<\/p>\n","protected":false},"author":1,"featured_media":0,"parent":0,"menu_order":0,"comment_status":"closed","ping_status":"closed","template":"","meta":{"footnotes":""},"class_list":["post-586","page","type-page","status-publish","hentry"],"acf":[],"yoast_head":"<!-- This site is optimized with the Yoast SEO plugin v27.4 - https:\/\/yoast.com\/product\/yoast-seo-wordpress\/ -->\n<title>Servicii - Brussels Accountants<\/title>\n<meta name=\"robots\" content=\"index, follow, max-snippet:-1, max-image-preview:large, max-video-preview:-1\" \/>\n<link rel=\"canonical\" href=\"https:\/\/www.brussels-accountants.be\/es\/\" \/>\n<meta property=\"og:locale\" content=\"es_ES\" \/>\n<meta property=\"og:type\" content=\"article\" \/>\n<meta property=\"og:title\" content=\"Servicii - Brussels Accountants\" \/>\n<meta property=\"og:description\" content=\"Brussels Accountants&nbsp;este o firma de contabilitate cu specific international, oferind servicii contabile si de fiscalitate in conformitate cu legislatia Belgiana in domeniu, dorind a fi un partener de incredere pentru straini fie ca acestia au nevoie de consulatanta pentru crearea unei companii noi in Belgia si alegerea tipului de societate comerciala potrivit, fie ca au [&hellip;]\" \/>\n<meta property=\"og:url\" content=\"https:\/\/www.brussels-accountants.be\/\" \/>\n<meta property=\"og:site_name\" content=\"Brussels Accountants\" \/>\n<meta property=\"article:modified_time\" content=\"2025-11-20T15:40:10+00:00\" \/>\n<meta name=\"twitter:card\" content=\"summary_large_image\" \/>\n<meta name=\"twitter:label1\" content=\"Est. reading time\" \/>\n\t<meta name=\"twitter:data1\" content=\"1 minute\" \/>\n<script type=\"application\/ld+json\" class=\"yoast-schema-graph\">{\"@context\":\"https:\\\/\\\/schema.org\",\"@graph\":[{\"@type\":\"WebPage\",\"@id\":\"https:\\\/\\\/www.brussels-accountants.be\\\/\",\"url\":\"https:\\\/\\\/www.brussels-accountants.be\\\/\",\"name\":\"Servicii - Brussels Accountants\",\"isPartOf\":{\"@id\":\"https:\\\/\\\/www.brussels-accountants.be\\\/#website\"},\"datePublished\":\"2018-10-25T12:43:41+00:00\",\"dateModified\":\"2025-11-20T15:40:10+00:00\",\"breadcrumb\":{\"@id\":\"https:\\\/\\\/www.brussels-accountants.be\\\/#breadcrumb\"},\"inLanguage\":\"es-ES\",\"potentialAction\":[{\"@type\":\"ReadAction\",\"target\":[\"https:\\\/\\\/www.brussels-accountants.be\\\/\"]}]},{\"@type\":\"BreadcrumbList\",\"@id\":\"https:\\\/\\\/www.brussels-accountants.be\\\/#breadcrumb\",\"itemListElement\":[{\"@type\":\"ListItem\",\"position\":1,\"name\":\"Accueil\",\"item\":\"https:\\\/\\\/www.brussels-accountants.be\\\/servicios\\\/\"},{\"@type\":\"ListItem\",\"position\":2,\"name\":\"Servicii\"}]},{\"@type\":\"WebSite\",\"@id\":\"https:\\\/\\\/www.brussels-accountants.be\\\/#website\",\"url\":\"https:\\\/\\\/www.brussels-accountants.be\\\/\",\"name\":\"Brussels Accountants\",\"description\":\"&lt;strong&gt;Brussels Accountants&lt;\\\/strong&gt; est une entreprise Internationale de comptabilit\u00e9 offrant \u00e0 ses clients une comptabilit\u00e9 appropri\u00e9e et une consultance optimis\u00e9e des imp\u00f4ts. Le cabinet est comp\u00e9tent au sein du contexte belge, pour les citoyens redevables de l\u2019imp\u00f4t belge. Nous sommes aussi reconnus en tant que guide fiable et compagnon pour les expatri\u00e9s qui ont besoin de constituer leur activit\u00e9, d&#039;en assurer la croissance et l\u2019organisation sur le territoire belge.\",\"publisher\":{\"@id\":\"https:\\\/\\\/www.brussels-accountants.be\\\/#organization\"},\"potentialAction\":[{\"@type\":\"SearchAction\",\"target\":{\"@type\":\"EntryPoint\",\"urlTemplate\":\"https:\\\/\\\/www.brussels-accountants.be\\\/?s={search_term_string}\"},\"query-input\":{\"@type\":\"PropertyValueSpecification\",\"valueRequired\":true,\"valueName\":\"search_term_string\"}}],\"inLanguage\":\"es-ES\"},{\"@type\":\"Organization\",\"@id\":\"https:\\\/\\\/www.brussels-accountants.be\\\/#organization\",\"name\":\"Brussels Accountants\",\"url\":\"https:\\\/\\\/www.brussels-accountants.be\\\/\",\"logo\":{\"@type\":\"ImageObject\",\"inLanguage\":\"es-ES\",\"@id\":\"https:\\\/\\\/www.brussels-accountants.be\\\/#\\\/schema\\\/logo\\\/image\\\/\",\"url\":\"https:\\\/\\\/www.brussels-accountants.be\\\/wp-content\\\/uploads\\\/2018\\\/10\\\/cropped-logo-medium.png\",\"contentUrl\":\"https:\\\/\\\/www.brussels-accountants.be\\\/wp-content\\\/uploads\\\/2018\\\/10\\\/cropped-logo-medium.png\",\"width\":512,\"height\":512,\"caption\":\"Brussels Accountants\"},\"image\":{\"@id\":\"https:\\\/\\\/www.brussels-accountants.be\\\/#\\\/schema\\\/logo\\\/image\\\/\"}}]}<\/script>\n<!-- \/ Yoast SEO plugin. -->","yoast_head_json":{"title":"Servicii - Brussels Accountants","robots":{"index":"index","follow":"follow","max-snippet":"max-snippet:-1","max-image-preview":"max-image-preview:large","max-video-preview":"max-video-preview:-1"},"canonical":"https:\/\/www.brussels-accountants.be\/es\/","og_locale":"es_ES","og_type":"article","og_title":"Servicii - Brussels Accountants","og_description":"Brussels Accountants&nbsp;este o firma de contabilitate cu specific international, oferind servicii contabile si de fiscalitate in conformitate cu legislatia Belgiana in domeniu, dorind a fi un partener de incredere pentru straini fie ca acestia au nevoie de consulatanta pentru crearea unei companii noi in Belgia si alegerea tipului de societate comerciala potrivit, fie ca au [&hellip;]","og_url":"https:\/\/www.brussels-accountants.be\/","og_site_name":"Brussels Accountants","article_modified_time":"2025-11-20T15:40:10+00:00","twitter_card":"summary_large_image","twitter_misc":{"Est. reading time":"1 minute"},"schema":{"@context":"https:\/\/schema.org","@graph":[{"@type":"WebPage","@id":"https:\/\/www.brussels-accountants.be\/","url":"https:\/\/www.brussels-accountants.be\/","name":"Servicii - Brussels Accountants","isPartOf":{"@id":"https:\/\/www.brussels-accountants.be\/#website"},"datePublished":"2018-10-25T12:43:41+00:00","dateModified":"2025-11-20T15:40:10+00:00","breadcrumb":{"@id":"https:\/\/www.brussels-accountants.be\/#breadcrumb"},"inLanguage":"es-ES","potentialAction":[{"@type":"ReadAction","target":["https:\/\/www.brussels-accountants.be\/"]}]},{"@type":"BreadcrumbList","@id":"https:\/\/www.brussels-accountants.be\/#breadcrumb","itemListElement":[{"@type":"ListItem","position":1,"name":"Accueil","item":"https:\/\/www.brussels-accountants.be\/servicios\/"},{"@type":"ListItem","position":2,"name":"Servicii"}]},{"@type":"WebSite","@id":"https:\/\/www.brussels-accountants.be\/#website","url":"https:\/\/www.brussels-accountants.be\/","name":"Brussels Accountants","description":"&lt;strong&gt;Brussels Accountants&lt;\/strong&gt; est une entreprise Internationale de comptabilit\u00e9 offrant \u00e0 ses clients une comptabilit\u00e9 appropri\u00e9e et une consultance optimis\u00e9e des imp\u00f4ts. Le cabinet est comp\u00e9tent au sein du contexte belge, pour les citoyens redevables de l\u2019imp\u00f4t belge. Nous sommes aussi reconnus en tant que guide fiable et compagnon pour les expatri\u00e9s qui ont besoin de constituer leur activit\u00e9, d&#039;en assurer la croissance et l\u2019organisation sur le territoire belge.","publisher":{"@id":"https:\/\/www.brussels-accountants.be\/#organization"},"potentialAction":[{"@type":"SearchAction","target":{"@type":"EntryPoint","urlTemplate":"https:\/\/www.brussels-accountants.be\/?s={search_term_string}"},"query-input":{"@type":"PropertyValueSpecification","valueRequired":true,"valueName":"search_term_string"}}],"inLanguage":"es-ES"},{"@type":"Organization","@id":"https:\/\/www.brussels-accountants.be\/#organization","name":"Brussels Accountants","url":"https:\/\/www.brussels-accountants.be\/","logo":{"@type":"ImageObject","inLanguage":"es-ES","@id":"https:\/\/www.brussels-accountants.be\/#\/schema\/logo\/image\/","url":"https:\/\/www.brussels-accountants.be\/wp-content\/uploads\/2018\/10\/cropped-logo-medium.png","contentUrl":"https:\/\/www.brussels-accountants.be\/wp-content\/uploads\/2018\/10\/cropped-logo-medium.png","width":512,"height":512,"caption":"Brussels Accountants"},"image":{"@id":"https:\/\/www.brussels-accountants.be\/#\/schema\/logo\/image\/"}}]}},"_links":{"self":[{"href":"https:\/\/www.brussels-accountants.be\/es\/wp-json\/wp\/v2\/pages\/586","targetHints":{"allow":["GET"]}}],"collection":[{"href":"https:\/\/www.brussels-accountants.be\/es\/wp-json\/wp\/v2\/pages"}],"about":[{"href":"https:\/\/www.brussels-accountants.be\/es\/wp-json\/wp\/v2\/types\/page"}],"author":[{"embeddable":true,"href":"https:\/\/www.brussels-accountants.be\/es\/wp-json\/wp\/v2\/users\/1"}],"replies":[{"embeddable":true,"href":"https:\/\/www.brussels-accountants.be\/es\/wp-json\/wp\/v2\/comments?post=586"}],"version-history":[{"count":6,"href":"https:\/\/www.brussels-accountants.be\/es\/wp-json\/wp\/v2\/pages\/586\/revisions"}],"predecessor-version":[{"id":20348,"href":"https:\/\/www.brussels-accountants.be\/es\/wp-json\/wp\/v2\/pages\/586\/revisions\/20348"}],"wp:attachment":[{"href":"https:\/\/www.brussels-accountants.be\/es\/wp-json\/wp\/v2\/media?parent=586"}],"curies":[{"name":"wp","href":"https:\/\/api.w.org\/{rel}","templated":true}]}}