{"id":534,"date":"2018-10-25T14:26:57","date_gmt":"2018-10-25T12:26:57","guid":{"rendered":"https:\/\/www.fidupress.be\/ba\/?page_id=534"},"modified":"2022-04-11T19:48:32","modified_gmt":"2022-04-11T17:48:32","slug":"impuesto-belga-sobre-el-beneficio","status":"publish","type":"page","link":"https:\/\/www.brussels-accountants.be\/es\/establecer-un-negocio-en-belgica\/impuesto-belga-sobre-el-beneficio\/","title":{"rendered":"IMPUESTO BELGA SOBRE EL BENEFICIO"},"content":{"rendered":"\n<h2 class=\"wp-block-heading\">1\/ CONTRATISTAS<\/h2>\n\n\n\n<p>Una gran parte de los clientes expatriados de&nbsp;<strong>BRUSSELS ACCOUNTANTS&nbsp;<\/strong>trabajan para contratistas extranjeros ya sea por un corto o largo periodo de tiempo, en misiones a realizar en B\u00e9lgica (la mayor\u00eda de las veces son periodistas, asuntos legales, consultor\u00eda directivo o inform\u00e1tico). Durante sus misiones de trabajo, nuestros clientes est\u00e1n registrados en el Ayuntamiento como no residentes, pese a estar ligados a los impuestos ordinarios sobre el beneficio belga. Los contratistas pueden llevar a cabo su trabajo tanto como aut\u00f3nomos como en forma de sociedad.<\/p>\n\n\n\n<p>En el <a href=\"#SPREAD_SHEET#\" target=\"_blank\" rel=\"noreferrer noopener\" aria-label=\" (s\u2019ouvre dans un nouvel onglet)\">Excel adjunto<\/a>, puede encontrar un ejemplo de impuestos y Seguridad Social por Ms\/MR Average Freelancer, trabajando 200 d\u00edas al a\u00f1o respectivamente a 300EUR. 350 EUR, 400 EUR y 500 EUR.<\/p>\n\n\n\n<p>En el \u00faltimo escenario de 100M EUR por a\u00f1o, la simulaci\u00f3n est\u00e1 hecha seg\u00fan los siguientes datos: 1\/ Director que gana 45000 EUR al a\u00f1o, 2\/ La sociedad paga el salario los ingresos del director mediante un salario y repartici\u00f3n de dividendos, 3\/ Todos los beneficios son pagados mediante dividendos (interesante para directores que no tienen ninguna base en B\u00e9lgica y no est\u00e1n interesados en la cobertura dela SeguridadSocialbelga). En el Excel tambi\u00e9n pueden encontrar la mayor\u00eda de los gastos t\u00edpicos en los que incurre una empresa y pueden ser deducidos. Por supuesto, este es un ejemplo, y estaremos encantados de ayudarles a planificar su situaci\u00f3n personal. Como puede comprobar, las aportaciones ala SeguridadSocialforman una parte importante a la hora de establecer el impuesto sobre el beneficio.<\/p>\n\n\n\n<p>Por supuesto, esto es s\u00f3lo un ejemplo promedio y estamos a su servicio para ajustar a su situaci\u00f3n personal espec\u00edfica. Por favor, tenga en cuenta la parte de las contribuciones de Seguridad Social en las p\u00e1ginas de Excel, casi tan importante como los Impuestos sobre la Renta.<\/p>\n\n\n\n<h2 class=\"wp-block-heading\">2\/&nbsp;ASOCIACIONES SIN \u00c1NIMO DE LUCRO<\/h2>\n\n\n\n<p>Aunque ciertas operaciones econ\u00f3micas realizadas por las Asociaciones Sin \u00c1nimo de Lucro est\u00e1n sujetas a los impuestos belgas, principalmente se benefician de la no sujeci\u00f3n a los impuestos y pueden adem\u00e1s ser acumulados para el siguiente a\u00f1o fiscal. Muy importante es la actividad real de las Asociaciones sin \u00c1nimo de Lucro de una organizaci\u00f3n. Los \u201cno beneficios\u201d nunca pueden ser apropiados para los miembros (porque esto puede ser considerado como dividendos, solo aplicable para las sociedades).<\/p>\n\n\n\n<p>Es importante diferenciar entre impuestos e IVA.&nbsp;<strong>BRUSSELS ACCOUNTANTS&nbsp;<\/strong>tiene algunas Asociaciones sin \u00c1nimo de Lucro como clientes, de las cuales, sus beneficios est\u00e1n completamente exentos de los impuestos sobre el beneficio, aunque tengan que imputar el 21% de IVA belga en sus facturas de ventas. Estas operaciones deben ser estudiadas detenidamente.<\/p>\n\n\n\n<h2 class=\"wp-block-heading\">3\/&nbsp;GRANDES EMPRESAS O NEGOCIOS ESPECIFICOS<\/h2>\n\n\n\n<p><strong>BRUSSELS ACCOUNTANTS&nbsp;<\/strong>estar\u00e1 encantado de&nbsp;hacerle un plan financiero adaptado a sus necesidades a la hora de crear su actividad comercial o industrial en B\u00e9lgica.<\/p>\n\n\n\n<p>No dude en contactar con nosotros para m\u00e1s informaci\u00f3n<\/p>\n","protected":false},"excerpt":{"rendered":"<p>1\/ CONTRATISTAS Una gran parte de los clientes expatriados de&nbsp;BRUSSELS ACCOUNTANTS&nbsp;trabajan para contratistas extranjeros ya sea por un corto o largo periodo de tiempo, en misiones a realizar en B\u00e9lgica (la mayor\u00eda de las veces son periodistas, asuntos legales, consultor\u00eda directivo o inform\u00e1tico). Durante sus misiones de trabajo, nuestros clientes est\u00e1n registrados en el Ayuntamiento [&hellip;]<\/p>\n","protected":false},"author":1,"featured_media":0,"parent":522,"menu_order":0,"comment_status":"closed","ping_status":"closed","template":"","meta":{"footnotes":""},"class_list":["post-534","page","type-page","status-publish","hentry"],"acf":[],"yoast_head":"<!-- This site is optimized with the Yoast SEO plugin v27.3 - https:\/\/yoast.com\/product\/yoast-seo-wordpress\/ -->\n<title>IMPUESTO BELGA SOBRE EL BENEFICIO - Brussels Accountants<\/title>\n<meta name=\"robots\" content=\"index, follow, max-snippet:-1, max-image-preview:large, max-video-preview:-1\" \/>\n<link rel=\"canonical\" href=\"https:\/\/www.brussels-accountants.be\/es\/establecer-un-negocio-en-belgica\/impuesto-belga-sobre-el-beneficio\/\" \/>\n<meta property=\"og:locale\" content=\"es_ES\" \/>\n<meta property=\"og:type\" content=\"article\" \/>\n<meta property=\"og:title\" content=\"IMPUESTO BELGA SOBRE EL BENEFICIO - Brussels Accountants\" \/>\n<meta property=\"og:description\" content=\"1\/ CONTRATISTAS Una gran parte de los clientes expatriados de&nbsp;BRUSSELS ACCOUNTANTS&nbsp;trabajan para contratistas extranjeros ya sea por un corto o largo periodo de tiempo, en misiones a realizar en B\u00e9lgica (la mayor\u00eda de las veces son periodistas, asuntos legales, consultor\u00eda directivo o inform\u00e1tico). Durante sus misiones de trabajo, nuestros clientes est\u00e1n registrados en el Ayuntamiento [&hellip;]\" \/>\n<meta property=\"og:url\" content=\"https:\/\/www.brussels-accountants.be\/es\/establecer-un-negocio-en-belgica\/impuesto-belga-sobre-el-beneficio\/\" \/>\n<meta property=\"og:site_name\" content=\"Brussels Accountants\" \/>\n<meta property=\"article:modified_time\" content=\"2022-04-11T17:48:32+00:00\" \/>\n<meta name=\"twitter:card\" content=\"summary_large_image\" \/>\n<meta name=\"twitter:label1\" content=\"Est. reading time\" \/>\n\t<meta name=\"twitter:data1\" content=\"3 minutes\" \/>\n<script type=\"application\/ld+json\" class=\"yoast-schema-graph\">{\"@context\":\"https:\\\/\\\/schema.org\",\"@graph\":[{\"@type\":\"WebPage\",\"@id\":\"https:\\\/\\\/www.brussels-accountants.be\\\/es\\\/establecer-un-negocio-en-belgica\\\/impuesto-belga-sobre-el-beneficio\\\/\",\"url\":\"https:\\\/\\\/www.brussels-accountants.be\\\/es\\\/establecer-un-negocio-en-belgica\\\/impuesto-belga-sobre-el-beneficio\\\/\",\"name\":\"IMPUESTO BELGA SOBRE EL BENEFICIO - Brussels Accountants\",\"isPartOf\":{\"@id\":\"https:\\\/\\\/www.brussels-accountants.be\\\/#website\"},\"datePublished\":\"2018-10-25T12:26:57+00:00\",\"dateModified\":\"2022-04-11T17:48:32+00:00\",\"breadcrumb\":{\"@id\":\"https:\\\/\\\/www.brussels-accountants.be\\\/es\\\/establecer-un-negocio-en-belgica\\\/impuesto-belga-sobre-el-beneficio\\\/#breadcrumb\"},\"inLanguage\":\"es-ES\",\"potentialAction\":[{\"@type\":\"ReadAction\",\"target\":[\"https:\\\/\\\/www.brussels-accountants.be\\\/es\\\/establecer-un-negocio-en-belgica\\\/impuesto-belga-sobre-el-beneficio\\\/\"]}]},{\"@type\":\"BreadcrumbList\",\"@id\":\"https:\\\/\\\/www.brussels-accountants.be\\\/es\\\/establecer-un-negocio-en-belgica\\\/impuesto-belga-sobre-el-beneficio\\\/#breadcrumb\",\"itemListElement\":[{\"@type\":\"ListItem\",\"position\":1,\"name\":\"Accueil\",\"item\":\"https:\\\/\\\/www.brussels-accountants.be\\\/servicios\\\/\"},{\"@type\":\"ListItem\",\"position\":2,\"name\":\"Establecer un Negocio en B\u00e9lgica\",\"item\":\"https:\\\/\\\/www.brussels-accountants.be\\\/es\\\/establecer-un-negocio-en-belgica\\\/\"},{\"@type\":\"ListItem\",\"position\":3,\"name\":\"IMPUESTO BELGA SOBRE EL BENEFICIO\"}]},{\"@type\":\"WebSite\",\"@id\":\"https:\\\/\\\/www.brussels-accountants.be\\\/#website\",\"url\":\"https:\\\/\\\/www.brussels-accountants.be\\\/\",\"name\":\"Brussels Accountants\",\"description\":\"&lt;strong&gt;Brussels Accountants&lt;\\\/strong&gt; est une entreprise Internationale de comptabilit\u00e9 offrant \u00e0 ses clients une comptabilit\u00e9 appropri\u00e9e et une consultance optimis\u00e9e des imp\u00f4ts. Le cabinet est comp\u00e9tent au sein du contexte belge, pour les citoyens redevables de l\u2019imp\u00f4t belge. Nous sommes aussi reconnus en tant que guide fiable et compagnon pour les expatri\u00e9s qui ont besoin de constituer leur activit\u00e9, d&#039;en assurer la croissance et l\u2019organisation sur le territoire belge.\",\"publisher\":{\"@id\":\"https:\\\/\\\/www.brussels-accountants.be\\\/#organization\"},\"potentialAction\":[{\"@type\":\"SearchAction\",\"target\":{\"@type\":\"EntryPoint\",\"urlTemplate\":\"https:\\\/\\\/www.brussels-accountants.be\\\/?s={search_term_string}\"},\"query-input\":{\"@type\":\"PropertyValueSpecification\",\"valueRequired\":true,\"valueName\":\"search_term_string\"}}],\"inLanguage\":\"es-ES\"},{\"@type\":\"Organization\",\"@id\":\"https:\\\/\\\/www.brussels-accountants.be\\\/#organization\",\"name\":\"Brussels Accountants\",\"url\":\"https:\\\/\\\/www.brussels-accountants.be\\\/\",\"logo\":{\"@type\":\"ImageObject\",\"inLanguage\":\"es-ES\",\"@id\":\"https:\\\/\\\/www.brussels-accountants.be\\\/#\\\/schema\\\/logo\\\/image\\\/\",\"url\":\"https:\\\/\\\/www.brussels-accountants.be\\\/wp-content\\\/uploads\\\/2018\\\/10\\\/cropped-logo-medium.png\",\"contentUrl\":\"https:\\\/\\\/www.brussels-accountants.be\\\/wp-content\\\/uploads\\\/2018\\\/10\\\/cropped-logo-medium.png\",\"width\":512,\"height\":512,\"caption\":\"Brussels Accountants\"},\"image\":{\"@id\":\"https:\\\/\\\/www.brussels-accountants.be\\\/#\\\/schema\\\/logo\\\/image\\\/\"}}]}<\/script>\n<!-- \/ Yoast SEO plugin. -->","yoast_head_json":{"title":"IMPUESTO BELGA SOBRE EL BENEFICIO - Brussels Accountants","robots":{"index":"index","follow":"follow","max-snippet":"max-snippet:-1","max-image-preview":"max-image-preview:large","max-video-preview":"max-video-preview:-1"},"canonical":"https:\/\/www.brussels-accountants.be\/es\/establecer-un-negocio-en-belgica\/impuesto-belga-sobre-el-beneficio\/","og_locale":"es_ES","og_type":"article","og_title":"IMPUESTO BELGA SOBRE EL BENEFICIO - Brussels Accountants","og_description":"1\/ CONTRATISTAS Una gran parte de los clientes expatriados de&nbsp;BRUSSELS ACCOUNTANTS&nbsp;trabajan para contratistas extranjeros ya sea por un corto o largo periodo de tiempo, en misiones a realizar en B\u00e9lgica (la mayor\u00eda de las veces son periodistas, asuntos legales, consultor\u00eda directivo o inform\u00e1tico). Durante sus misiones de trabajo, nuestros clientes est\u00e1n registrados en el Ayuntamiento [&hellip;]","og_url":"https:\/\/www.brussels-accountants.be\/es\/establecer-un-negocio-en-belgica\/impuesto-belga-sobre-el-beneficio\/","og_site_name":"Brussels Accountants","article_modified_time":"2022-04-11T17:48:32+00:00","twitter_card":"summary_large_image","twitter_misc":{"Est. reading time":"3 minutes"},"schema":{"@context":"https:\/\/schema.org","@graph":[{"@type":"WebPage","@id":"https:\/\/www.brussels-accountants.be\/es\/establecer-un-negocio-en-belgica\/impuesto-belga-sobre-el-beneficio\/","url":"https:\/\/www.brussels-accountants.be\/es\/establecer-un-negocio-en-belgica\/impuesto-belga-sobre-el-beneficio\/","name":"IMPUESTO BELGA SOBRE EL BENEFICIO - Brussels Accountants","isPartOf":{"@id":"https:\/\/www.brussels-accountants.be\/#website"},"datePublished":"2018-10-25T12:26:57+00:00","dateModified":"2022-04-11T17:48:32+00:00","breadcrumb":{"@id":"https:\/\/www.brussels-accountants.be\/es\/establecer-un-negocio-en-belgica\/impuesto-belga-sobre-el-beneficio\/#breadcrumb"},"inLanguage":"es-ES","potentialAction":[{"@type":"ReadAction","target":["https:\/\/www.brussels-accountants.be\/es\/establecer-un-negocio-en-belgica\/impuesto-belga-sobre-el-beneficio\/"]}]},{"@type":"BreadcrumbList","@id":"https:\/\/www.brussels-accountants.be\/es\/establecer-un-negocio-en-belgica\/impuesto-belga-sobre-el-beneficio\/#breadcrumb","itemListElement":[{"@type":"ListItem","position":1,"name":"Accueil","item":"https:\/\/www.brussels-accountants.be\/servicios\/"},{"@type":"ListItem","position":2,"name":"Establecer un Negocio en B\u00e9lgica","item":"https:\/\/www.brussels-accountants.be\/es\/establecer-un-negocio-en-belgica\/"},{"@type":"ListItem","position":3,"name":"IMPUESTO BELGA SOBRE EL BENEFICIO"}]},{"@type":"WebSite","@id":"https:\/\/www.brussels-accountants.be\/#website","url":"https:\/\/www.brussels-accountants.be\/","name":"Brussels Accountants","description":"&lt;strong&gt;Brussels Accountants&lt;\/strong&gt; est une entreprise Internationale de comptabilit\u00e9 offrant \u00e0 ses clients une comptabilit\u00e9 appropri\u00e9e et une consultance optimis\u00e9e des imp\u00f4ts. Le cabinet est comp\u00e9tent au sein du contexte belge, pour les citoyens redevables de l\u2019imp\u00f4t belge. Nous sommes aussi reconnus en tant que guide fiable et compagnon pour les expatri\u00e9s qui ont besoin de constituer leur activit\u00e9, d&#039;en assurer la croissance et l\u2019organisation sur le territoire belge.","publisher":{"@id":"https:\/\/www.brussels-accountants.be\/#organization"},"potentialAction":[{"@type":"SearchAction","target":{"@type":"EntryPoint","urlTemplate":"https:\/\/www.brussels-accountants.be\/?s={search_term_string}"},"query-input":{"@type":"PropertyValueSpecification","valueRequired":true,"valueName":"search_term_string"}}],"inLanguage":"es-ES"},{"@type":"Organization","@id":"https:\/\/www.brussels-accountants.be\/#organization","name":"Brussels Accountants","url":"https:\/\/www.brussels-accountants.be\/","logo":{"@type":"ImageObject","inLanguage":"es-ES","@id":"https:\/\/www.brussels-accountants.be\/#\/schema\/logo\/image\/","url":"https:\/\/www.brussels-accountants.be\/wp-content\/uploads\/2018\/10\/cropped-logo-medium.png","contentUrl":"https:\/\/www.brussels-accountants.be\/wp-content\/uploads\/2018\/10\/cropped-logo-medium.png","width":512,"height":512,"caption":"Brussels Accountants"},"image":{"@id":"https:\/\/www.brussels-accountants.be\/#\/schema\/logo\/image\/"}}]}},"_links":{"self":[{"href":"https:\/\/www.brussels-accountants.be\/es\/wp-json\/wp\/v2\/pages\/534","targetHints":{"allow":["GET"]}}],"collection":[{"href":"https:\/\/www.brussels-accountants.be\/es\/wp-json\/wp\/v2\/pages"}],"about":[{"href":"https:\/\/www.brussels-accountants.be\/es\/wp-json\/wp\/v2\/types\/page"}],"author":[{"embeddable":true,"href":"https:\/\/www.brussels-accountants.be\/es\/wp-json\/wp\/v2\/users\/1"}],"replies":[{"embeddable":true,"href":"https:\/\/www.brussels-accountants.be\/es\/wp-json\/wp\/v2\/comments?post=534"}],"version-history":[{"count":3,"href":"https:\/\/www.brussels-accountants.be\/es\/wp-json\/wp\/v2\/pages\/534\/revisions"}],"predecessor-version":[{"id":2015,"href":"https:\/\/www.brussels-accountants.be\/es\/wp-json\/wp\/v2\/pages\/534\/revisions\/2015"}],"up":[{"embeddable":true,"href":"https:\/\/www.brussels-accountants.be\/es\/wp-json\/wp\/v2\/pages\/522"}],"wp:attachment":[{"href":"https:\/\/www.brussels-accountants.be\/es\/wp-json\/wp\/v2\/media?parent=534"}],"curies":[{"name":"wp","href":"https:\/\/api.w.org\/{rel}","templated":true}]}}