{"id":517,"date":"2018-10-25T14:13:03","date_gmt":"2018-10-25T12:13:03","guid":{"rendered":"https:\/\/www.fidupress.be\/ba\/?page_id=517"},"modified":"2018-10-25T14:13:06","modified_gmt":"2018-10-25T12:13:06","slug":"expatriados","status":"publish","type":"page","link":"https:\/\/www.brussels-accountants.be\/es\/servicios\/expatriados\/","title":{"rendered":"Expatriados"},"content":{"rendered":"\n<p><strong>BRUSSELS ACCOUNTANTS&nbsp;<\/strong>investigar\u00e1 las implicaciones fiscales acarreadas entre B\u00e9lgica y su pa\u00eds. Su situaci\u00f3n legal de residencia ser\u00e1 detenidamente estudiada y aplicada a&nbsp;la legislaci\u00f3n vigente. Cuando los expatriados son trabajadores por cuenta ajena en B\u00e9lgica mediante un contrato temporal, es posible realizar unos impuestos especiales, los cuales tienen grandes ventajas para el sujeto. Los expatriados acogidos a este r\u00e9gimen est\u00e1n solamente sujetos al porcentaje de sus actividades realizadas en B\u00e9lgica. Los gastos en que los expatriados incurran durante su estancia en B\u00e9lgica, no est\u00e1n sujetos a ning\u00fan impuesto.<\/p>\n\n\n\n<p>Estamos capacitados para preparar y presentar declaraciones de IVA de no residentes (tanto los impuestos de las personas f\u00edsicas como de las empresas) en cuanto a sus actividades en B\u00e9lgica.<\/p>\n\n\n\n<p>Para los expatriados residentes en B\u00e9lgica, somos capaces de ayudarles con todas sus obligaciones fiscales y contables requeridas por la legislaci\u00f3n Belga. Uno de los puntos fuertes de nuestro equipo es la capacidad para recopilar la informaci\u00f3n financiera necesaria y procesarla seg\u00fan el formato requerido por las autoridades o inversores extranjeros, facilit\u00e1ndole el trabajo de implantaci\u00f3n en su sistema.<\/p>\n\n\n\n<p>Podemos ayudarle a preparar su plan financiero para los pr\u00e9stamos pertinentes de forma que sean aceptados por las Instituciones Bancarias Belgas.<\/p>\n\n\n\n<p>Esperamos poder ayudarle<\/p>\n\n\n\n<p><strong>BRUSSELS ACCOUNTANTS<\/strong>&nbsp;<strong>BVBA<\/strong><\/p>\n","protected":false},"excerpt":{"rendered":"<p>BRUSSELS ACCOUNTANTS&nbsp;investigar\u00e1 las implicaciones fiscales acarreadas entre B\u00e9lgica y su pa\u00eds. Su situaci\u00f3n legal de residencia ser\u00e1 detenidamente estudiada y aplicada a&nbsp;la legislaci\u00f3n vigente. Cuando los expatriados son trabajadores por cuenta ajena en B\u00e9lgica mediante un contrato temporal, es posible realizar unos impuestos especiales, los cuales tienen grandes ventajas para el sujeto. Los expatriados acogidos [&hellip;]<\/p>\n","protected":false},"author":1,"featured_media":0,"parent":506,"menu_order":0,"comment_status":"closed","ping_status":"closed","template":"","meta":{"footnotes":""},"class_list":["post-517","page","type-page","status-publish","hentry"],"acf":[],"yoast_head":"<!-- This site is optimized with the Yoast SEO plugin v27.4 - https:\/\/yoast.com\/product\/yoast-seo-wordpress\/ -->\n<title>Expatriados - Brussels Accountants<\/title>\n<meta name=\"robots\" content=\"index, follow, max-snippet:-1, max-image-preview:large, max-video-preview:-1\" \/>\n<link rel=\"canonical\" href=\"https:\/\/www.brussels-accountants.be\/es\/servicios\/expatriados\/\" \/>\n<meta property=\"og:locale\" content=\"es_ES\" \/>\n<meta property=\"og:type\" content=\"article\" \/>\n<meta property=\"og:title\" content=\"Expatriados - Brussels Accountants\" \/>\n<meta property=\"og:description\" content=\"BRUSSELS ACCOUNTANTS&nbsp;investigar\u00e1 las implicaciones fiscales acarreadas entre B\u00e9lgica y su pa\u00eds. Su situaci\u00f3n legal de residencia ser\u00e1 detenidamente estudiada y aplicada a&nbsp;la legislaci\u00f3n vigente. Cuando los expatriados son trabajadores por cuenta ajena en B\u00e9lgica mediante un contrato temporal, es posible realizar unos impuestos especiales, los cuales tienen grandes ventajas para el sujeto. Los expatriados acogidos [&hellip;]\" \/>\n<meta property=\"og:url\" content=\"https:\/\/www.brussels-accountants.be\/servicios\/expatriados\/\" \/>\n<meta property=\"og:site_name\" content=\"Brussels Accountants\" \/>\n<meta property=\"article:modified_time\" content=\"2018-10-25T12:13:06+00:00\" \/>\n<meta name=\"twitter:card\" content=\"summary_large_image\" \/>\n<meta name=\"twitter:label1\" content=\"Est. reading time\" \/>\n\t<meta name=\"twitter:data1\" content=\"1 minute\" \/>\n<script type=\"application\/ld+json\" class=\"yoast-schema-graph\">{\"@context\":\"https:\\\/\\\/schema.org\",\"@graph\":[{\"@type\":\"WebPage\",\"@id\":\"https:\\\/\\\/www.brussels-accountants.be\\\/servicios\\\/expatriados\\\/\",\"url\":\"https:\\\/\\\/www.brussels-accountants.be\\\/servicios\\\/expatriados\\\/\",\"name\":\"Expatriados - Brussels Accountants\",\"isPartOf\":{\"@id\":\"https:\\\/\\\/www.brussels-accountants.be\\\/#website\"},\"datePublished\":\"2018-10-25T12:13:03+00:00\",\"dateModified\":\"2018-10-25T12:13:06+00:00\",\"breadcrumb\":{\"@id\":\"https:\\\/\\\/www.brussels-accountants.be\\\/servicios\\\/expatriados\\\/#breadcrumb\"},\"inLanguage\":\"es-ES\",\"potentialAction\":[{\"@type\":\"ReadAction\",\"target\":[\"https:\\\/\\\/www.brussels-accountants.be\\\/servicios\\\/expatriados\\\/\"]}]},{\"@type\":\"BreadcrumbList\",\"@id\":\"https:\\\/\\\/www.brussels-accountants.be\\\/servicios\\\/expatriados\\\/#breadcrumb\",\"itemListElement\":[{\"@type\":\"ListItem\",\"position\":1,\"name\":\"Accueil\",\"item\":\"https:\\\/\\\/www.brussels-accountants.be\\\/servicios\\\/\"},{\"@type\":\"ListItem\",\"position\":2,\"name\":\"Servicios\",\"item\":\"https:\\\/\\\/www.brussels-accountants.be\\\/servicios\\\/\"},{\"@type\":\"ListItem\",\"position\":3,\"name\":\"Expatriados\"}]},{\"@type\":\"WebSite\",\"@id\":\"https:\\\/\\\/www.brussels-accountants.be\\\/#website\",\"url\":\"https:\\\/\\\/www.brussels-accountants.be\\\/\",\"name\":\"Brussels Accountants\",\"description\":\"&lt;strong&gt;Brussels Accountants&lt;\\\/strong&gt; est une entreprise Internationale de comptabilit\u00e9 offrant \u00e0 ses clients une comptabilit\u00e9 appropri\u00e9e et une consultance optimis\u00e9e des imp\u00f4ts. Le cabinet est comp\u00e9tent au sein du contexte belge, pour les citoyens redevables de l\u2019imp\u00f4t belge. Nous sommes aussi reconnus en tant que guide fiable et compagnon pour les expatri\u00e9s qui ont besoin de constituer leur activit\u00e9, d&#039;en assurer la croissance et l\u2019organisation sur le territoire belge.\",\"publisher\":{\"@id\":\"https:\\\/\\\/www.brussels-accountants.be\\\/#organization\"},\"potentialAction\":[{\"@type\":\"SearchAction\",\"target\":{\"@type\":\"EntryPoint\",\"urlTemplate\":\"https:\\\/\\\/www.brussels-accountants.be\\\/?s={search_term_string}\"},\"query-input\":{\"@type\":\"PropertyValueSpecification\",\"valueRequired\":true,\"valueName\":\"search_term_string\"}}],\"inLanguage\":\"es-ES\"},{\"@type\":\"Organization\",\"@id\":\"https:\\\/\\\/www.brussels-accountants.be\\\/#organization\",\"name\":\"Brussels Accountants\",\"url\":\"https:\\\/\\\/www.brussels-accountants.be\\\/\",\"logo\":{\"@type\":\"ImageObject\",\"inLanguage\":\"es-ES\",\"@id\":\"https:\\\/\\\/www.brussels-accountants.be\\\/#\\\/schema\\\/logo\\\/image\\\/\",\"url\":\"https:\\\/\\\/www.brussels-accountants.be\\\/wp-content\\\/uploads\\\/2018\\\/10\\\/cropped-logo-medium.png\",\"contentUrl\":\"https:\\\/\\\/www.brussels-accountants.be\\\/wp-content\\\/uploads\\\/2018\\\/10\\\/cropped-logo-medium.png\",\"width\":512,\"height\":512,\"caption\":\"Brussels Accountants\"},\"image\":{\"@id\":\"https:\\\/\\\/www.brussels-accountants.be\\\/#\\\/schema\\\/logo\\\/image\\\/\"}}]}<\/script>\n<!-- \/ Yoast SEO plugin. -->","yoast_head_json":{"title":"Expatriados - Brussels Accountants","robots":{"index":"index","follow":"follow","max-snippet":"max-snippet:-1","max-image-preview":"max-image-preview:large","max-video-preview":"max-video-preview:-1"},"canonical":"https:\/\/www.brussels-accountants.be\/es\/servicios\/expatriados\/","og_locale":"es_ES","og_type":"article","og_title":"Expatriados - Brussels Accountants","og_description":"BRUSSELS ACCOUNTANTS&nbsp;investigar\u00e1 las implicaciones fiscales acarreadas entre B\u00e9lgica y su pa\u00eds. Su situaci\u00f3n legal de residencia ser\u00e1 detenidamente estudiada y aplicada a&nbsp;la legislaci\u00f3n vigente. Cuando los expatriados son trabajadores por cuenta ajena en B\u00e9lgica mediante un contrato temporal, es posible realizar unos impuestos especiales, los cuales tienen grandes ventajas para el sujeto. Los expatriados acogidos [&hellip;]","og_url":"https:\/\/www.brussels-accountants.be\/servicios\/expatriados\/","og_site_name":"Brussels Accountants","article_modified_time":"2018-10-25T12:13:06+00:00","twitter_card":"summary_large_image","twitter_misc":{"Est. reading time":"1 minute"},"schema":{"@context":"https:\/\/schema.org","@graph":[{"@type":"WebPage","@id":"https:\/\/www.brussels-accountants.be\/servicios\/expatriados\/","url":"https:\/\/www.brussels-accountants.be\/servicios\/expatriados\/","name":"Expatriados - Brussels Accountants","isPartOf":{"@id":"https:\/\/www.brussels-accountants.be\/#website"},"datePublished":"2018-10-25T12:13:03+00:00","dateModified":"2018-10-25T12:13:06+00:00","breadcrumb":{"@id":"https:\/\/www.brussels-accountants.be\/servicios\/expatriados\/#breadcrumb"},"inLanguage":"es-ES","potentialAction":[{"@type":"ReadAction","target":["https:\/\/www.brussels-accountants.be\/servicios\/expatriados\/"]}]},{"@type":"BreadcrumbList","@id":"https:\/\/www.brussels-accountants.be\/servicios\/expatriados\/#breadcrumb","itemListElement":[{"@type":"ListItem","position":1,"name":"Accueil","item":"https:\/\/www.brussels-accountants.be\/servicios\/"},{"@type":"ListItem","position":2,"name":"Servicios","item":"https:\/\/www.brussels-accountants.be\/servicios\/"},{"@type":"ListItem","position":3,"name":"Expatriados"}]},{"@type":"WebSite","@id":"https:\/\/www.brussels-accountants.be\/#website","url":"https:\/\/www.brussels-accountants.be\/","name":"Brussels Accountants","description":"&lt;strong&gt;Brussels Accountants&lt;\/strong&gt; est une entreprise Internationale de comptabilit\u00e9 offrant \u00e0 ses clients une comptabilit\u00e9 appropri\u00e9e et une consultance optimis\u00e9e des imp\u00f4ts. Le cabinet est comp\u00e9tent au sein du contexte belge, pour les citoyens redevables de l\u2019imp\u00f4t belge. Nous sommes aussi reconnus en tant que guide fiable et compagnon pour les expatri\u00e9s qui ont besoin de constituer leur activit\u00e9, d&#039;en assurer la croissance et l\u2019organisation sur le territoire belge.","publisher":{"@id":"https:\/\/www.brussels-accountants.be\/#organization"},"potentialAction":[{"@type":"SearchAction","target":{"@type":"EntryPoint","urlTemplate":"https:\/\/www.brussels-accountants.be\/?s={search_term_string}"},"query-input":{"@type":"PropertyValueSpecification","valueRequired":true,"valueName":"search_term_string"}}],"inLanguage":"es-ES"},{"@type":"Organization","@id":"https:\/\/www.brussels-accountants.be\/#organization","name":"Brussels Accountants","url":"https:\/\/www.brussels-accountants.be\/","logo":{"@type":"ImageObject","inLanguage":"es-ES","@id":"https:\/\/www.brussels-accountants.be\/#\/schema\/logo\/image\/","url":"https:\/\/www.brussels-accountants.be\/wp-content\/uploads\/2018\/10\/cropped-logo-medium.png","contentUrl":"https:\/\/www.brussels-accountants.be\/wp-content\/uploads\/2018\/10\/cropped-logo-medium.png","width":512,"height":512,"caption":"Brussels Accountants"},"image":{"@id":"https:\/\/www.brussels-accountants.be\/#\/schema\/logo\/image\/"}}]}},"_links":{"self":[{"href":"https:\/\/www.brussels-accountants.be\/es\/wp-json\/wp\/v2\/pages\/517","targetHints":{"allow":["GET"]}}],"collection":[{"href":"https:\/\/www.brussels-accountants.be\/es\/wp-json\/wp\/v2\/pages"}],"about":[{"href":"https:\/\/www.brussels-accountants.be\/es\/wp-json\/wp\/v2\/types\/page"}],"author":[{"embeddable":true,"href":"https:\/\/www.brussels-accountants.be\/es\/wp-json\/wp\/v2\/users\/1"}],"replies":[{"embeddable":true,"href":"https:\/\/www.brussels-accountants.be\/es\/wp-json\/wp\/v2\/comments?post=517"}],"version-history":[{"count":1,"href":"https:\/\/www.brussels-accountants.be\/es\/wp-json\/wp\/v2\/pages\/517\/revisions"}],"predecessor-version":[{"id":519,"href":"https:\/\/www.brussels-accountants.be\/es\/wp-json\/wp\/v2\/pages\/517\/revisions\/519"}],"up":[{"embeddable":true,"href":"https:\/\/www.brussels-accountants.be\/es\/wp-json\/wp\/v2\/pages\/506"}],"wp:attachment":[{"href":"https:\/\/www.brussels-accountants.be\/es\/wp-json\/wp\/v2\/media?parent=517"}],"curies":[{"name":"wp","href":"https:\/\/api.w.org\/{rel}","templated":true}]}}