{"id":348,"date":"2018-10-25T13:32:18","date_gmt":"2018-10-25T11:32:18","guid":{"rendered":"https:\/\/www.fidupress.be\/ba\/?page_id=348"},"modified":"2022-01-07T12:09:52","modified_gmt":"2022-01-07T11:09:52","slug":"enterprise","status":"publish","type":"page","link":"https:\/\/www.brussels-accountants.be\/es\/our-services\/enterprise\/","title":{"rendered":"Enterprise"},"content":{"rendered":"\n<p><strong>BRUSSELS ACCOUNTANTS&nbsp;<\/strong>will help freelancers and companies fulfil their accounting and fiscal obligations.<\/p>\n\n\n\n<h2 class=\"wp-block-heading\">1\u00b0 Setting up a company<\/h2>\n\n\n\n<p>In some cases, it is advisable to work on a self-employed basis while you begin building up a self-standing business (company number allocated to you as an individual). In other cases, or in the case of collaboration with others, we work with the client in finding the most appropriate company structure (SPRL, SA, SComm). Fiscal considerations will obviously play a significant role in the choice made. In some instances, it may be advantageous to form a so-called \u201ccivil company\u201d, differing considerably from ordinary commercial enterprises. This may be considered if\u00a0a legal firm, for example. It\u00a0is possible to also set up temporary companies or temporary associations. An example\u00a0would be\u00a0a property project with several developers.<\/p>\n\n\n\n<h2 class=\"wp-block-heading\">2\u00b0 Accounting Services<\/h2>\n\n\n\n<p>The accounting services are driven by the legal nature of the company with the annual accounts providing an accurate picture of the financial position of the company (profit- and loss sheet for freelancers and for companies combined with a balance sheet).&nbsp;<strong>BRUSSELS ACCOUNTANTS<\/strong>&nbsp;can help with this legal obligation.<\/p>\n\n\n\n<h2 class=\"wp-block-heading\">3\u00b0 Financial Analysis<\/h2>\n\n\n\n<p>Depending on our client\u2019s requirements, the annual accounts are not only compiled but also carefully analysed and published. Having completed the legally required accounting procedures, the client is free to determine what further assistance they require for the sound financial management of their company.&nbsp;<strong>BRUSSELS ACCOUNTANTS<\/strong>&nbsp;will be there to offer guidance and assistance. Some clients need precise ascertainment of costs per department or per business activity and their contribution to the global result of the enterprise. Other clients wish to be able to evaluate individual (sales) performances. Sometimes a precise breakdown is required between overhead and variable (production) costs (per department or event). Any additional accounting information required can be provided in perfect cooperation with the client. The accounting can therefore be much more than just a legal obligation providing basic financial information, but also a useful dashboard for management purposes.<\/p>\n\n\n\n<h2 class=\"wp-block-heading\">4\u00b0 Fiscal Obligations<\/h2>\n\n\n\n<p>We will take care of making formal fiscal declarations for companies and advising them on company tax,&nbsp;local tax matters and VAT.<\/p>\n\n\n\n<h2 class=\"wp-block-heading\">5\u00b0 Corporate legislation<\/h2>\n\n\n\n<p><strong>BRUSSELS ACCOUNTANTS<\/strong>&nbsp;will assist in meeting all stipulations of Belgian corporate legislation and its correct application in the accounting of the company. As an authorized chartered accounting office, we can draft&nbsp;specific reports legally required when restructuring companies (for instance in case of merger or liquidation).<\/p>\n\n\n\n<h2 class=\"wp-block-heading\">6\u00b0 Valorisation of shares<\/h2>\n\n\n\n<p>At request, a neutrally determined fair value can be given to shares or companies.<\/p>\n\n\n\n<p>We would be happy to be of service.<\/p>\n\n\n\n<p><strong>BRUSSELS ACCOUNTANTS<\/strong>&nbsp;<strong>BVBA<\/strong><\/p>\n","protected":false},"excerpt":{"rendered":"<p>BRUSSELS ACCOUNTANTS&nbsp;will help freelancers and companies fulfil their accounting and fiscal obligations. 1\u00b0 Setting up a company In some cases, it is advisable to work on a self-employed basis while you begin building up a self-standing business (company number allocated to you as an individual). In other cases, or in the case of collaboration with [&hellip;]<\/p>\n","protected":false},"author":1,"featured_media":0,"parent":343,"menu_order":0,"comment_status":"closed","ping_status":"closed","template":"","meta":{"footnotes":""},"class_list":["post-348","page","type-page","status-publish","hentry"],"acf":[],"yoast_head":"<!-- This site is optimized with the Yoast SEO plugin v27.4 - https:\/\/yoast.com\/product\/yoast-seo-wordpress\/ -->\n<title>Enterprise - Brussels Accountants<\/title>\n<meta name=\"robots\" content=\"index, follow, max-snippet:-1, max-image-preview:large, max-video-preview:-1\" \/>\n<link rel=\"canonical\" href=\"https:\/\/www.brussels-accountants.be\/es\/our-services\/enterprise\/\" \/>\n<meta property=\"og:locale\" content=\"es_ES\" \/>\n<meta property=\"og:type\" content=\"article\" \/>\n<meta property=\"og:title\" content=\"Enterprise - Brussels Accountants\" \/>\n<meta property=\"og:description\" content=\"BRUSSELS ACCOUNTANTS&nbsp;will help freelancers and companies fulfil their accounting and fiscal obligations. 1\u00b0 Setting up a company In some cases, it is advisable to work on a self-employed basis while you begin building up a self-standing business (company number allocated to you as an individual). In other cases, or in the case of collaboration with [&hellip;]\" \/>\n<meta property=\"og:url\" content=\"https:\/\/www.brussels-accountants.be\/our-services\/enterprise\/\" \/>\n<meta property=\"og:site_name\" content=\"Brussels Accountants\" \/>\n<meta property=\"article:modified_time\" content=\"2022-01-07T11:09:52+00:00\" \/>\n<meta name=\"twitter:card\" content=\"summary_large_image\" \/>\n<meta name=\"twitter:label1\" content=\"Est. reading time\" \/>\n\t<meta name=\"twitter:data1\" content=\"2 minutes\" \/>\n<script type=\"application\/ld+json\" class=\"yoast-schema-graph\">{\"@context\":\"https:\\\/\\\/schema.org\",\"@graph\":[{\"@type\":\"WebPage\",\"@id\":\"https:\\\/\\\/www.brussels-accountants.be\\\/our-services\\\/enterprise\\\/\",\"url\":\"https:\\\/\\\/www.brussels-accountants.be\\\/our-services\\\/enterprise\\\/\",\"name\":\"Enterprise - Brussels Accountants\",\"isPartOf\":{\"@id\":\"https:\\\/\\\/www.brussels-accountants.be\\\/#website\"},\"datePublished\":\"2018-10-25T11:32:18+00:00\",\"dateModified\":\"2022-01-07T11:09:52+00:00\",\"breadcrumb\":{\"@id\":\"https:\\\/\\\/www.brussels-accountants.be\\\/our-services\\\/enterprise\\\/#breadcrumb\"},\"inLanguage\":\"es-ES\",\"potentialAction\":[{\"@type\":\"ReadAction\",\"target\":[\"https:\\\/\\\/www.brussels-accountants.be\\\/our-services\\\/enterprise\\\/\"]}]},{\"@type\":\"BreadcrumbList\",\"@id\":\"https:\\\/\\\/www.brussels-accountants.be\\\/our-services\\\/enterprise\\\/#breadcrumb\",\"itemListElement\":[{\"@type\":\"ListItem\",\"position\":1,\"name\":\"Accueil\",\"item\":\"https:\\\/\\\/www.brussels-accountants.be\\\/servicios\\\/\"},{\"@type\":\"ListItem\",\"position\":2,\"name\":\"Services\",\"item\":\"https:\\\/\\\/www.brussels-accountants.be\\\/\"},{\"@type\":\"ListItem\",\"position\":3,\"name\":\"Enterprise\"}]},{\"@type\":\"WebSite\",\"@id\":\"https:\\\/\\\/www.brussels-accountants.be\\\/#website\",\"url\":\"https:\\\/\\\/www.brussels-accountants.be\\\/\",\"name\":\"Brussels Accountants\",\"description\":\"&lt;strong&gt;Brussels Accountants&lt;\\\/strong&gt; est une entreprise Internationale de comptabilit\u00e9 offrant \u00e0 ses clients une comptabilit\u00e9 appropri\u00e9e et une consultance optimis\u00e9e des imp\u00f4ts. Le cabinet est comp\u00e9tent au sein du contexte belge, pour les citoyens redevables de l\u2019imp\u00f4t belge. Nous sommes aussi reconnus en tant que guide fiable et compagnon pour les expatri\u00e9s qui ont besoin de constituer leur activit\u00e9, d&#039;en assurer la croissance et l\u2019organisation sur le territoire belge.\",\"publisher\":{\"@id\":\"https:\\\/\\\/www.brussels-accountants.be\\\/#organization\"},\"potentialAction\":[{\"@type\":\"SearchAction\",\"target\":{\"@type\":\"EntryPoint\",\"urlTemplate\":\"https:\\\/\\\/www.brussels-accountants.be\\\/?s={search_term_string}\"},\"query-input\":{\"@type\":\"PropertyValueSpecification\",\"valueRequired\":true,\"valueName\":\"search_term_string\"}}],\"inLanguage\":\"es-ES\"},{\"@type\":\"Organization\",\"@id\":\"https:\\\/\\\/www.brussels-accountants.be\\\/#organization\",\"name\":\"Brussels Accountants\",\"url\":\"https:\\\/\\\/www.brussels-accountants.be\\\/\",\"logo\":{\"@type\":\"ImageObject\",\"inLanguage\":\"es-ES\",\"@id\":\"https:\\\/\\\/www.brussels-accountants.be\\\/#\\\/schema\\\/logo\\\/image\\\/\",\"url\":\"https:\\\/\\\/www.brussels-accountants.be\\\/wp-content\\\/uploads\\\/2018\\\/10\\\/cropped-logo-medium.png\",\"contentUrl\":\"https:\\\/\\\/www.brussels-accountants.be\\\/wp-content\\\/uploads\\\/2018\\\/10\\\/cropped-logo-medium.png\",\"width\":512,\"height\":512,\"caption\":\"Brussels Accountants\"},\"image\":{\"@id\":\"https:\\\/\\\/www.brussels-accountants.be\\\/#\\\/schema\\\/logo\\\/image\\\/\"}}]}<\/script>\n<!-- \/ Yoast SEO plugin. -->","yoast_head_json":{"title":"Enterprise - Brussels Accountants","robots":{"index":"index","follow":"follow","max-snippet":"max-snippet:-1","max-image-preview":"max-image-preview:large","max-video-preview":"max-video-preview:-1"},"canonical":"https:\/\/www.brussels-accountants.be\/es\/our-services\/enterprise\/","og_locale":"es_ES","og_type":"article","og_title":"Enterprise - Brussels Accountants","og_description":"BRUSSELS ACCOUNTANTS&nbsp;will help freelancers and companies fulfil their accounting and fiscal obligations. 1\u00b0 Setting up a company In some cases, it is advisable to work on a self-employed basis while you begin building up a self-standing business (company number allocated to you as an individual). In other cases, or in the case of collaboration with [&hellip;]","og_url":"https:\/\/www.brussels-accountants.be\/our-services\/enterprise\/","og_site_name":"Brussels Accountants","article_modified_time":"2022-01-07T11:09:52+00:00","twitter_card":"summary_large_image","twitter_misc":{"Est. reading time":"2 minutes"},"schema":{"@context":"https:\/\/schema.org","@graph":[{"@type":"WebPage","@id":"https:\/\/www.brussels-accountants.be\/our-services\/enterprise\/","url":"https:\/\/www.brussels-accountants.be\/our-services\/enterprise\/","name":"Enterprise - Brussels Accountants","isPartOf":{"@id":"https:\/\/www.brussels-accountants.be\/#website"},"datePublished":"2018-10-25T11:32:18+00:00","dateModified":"2022-01-07T11:09:52+00:00","breadcrumb":{"@id":"https:\/\/www.brussels-accountants.be\/our-services\/enterprise\/#breadcrumb"},"inLanguage":"es-ES","potentialAction":[{"@type":"ReadAction","target":["https:\/\/www.brussels-accountants.be\/our-services\/enterprise\/"]}]},{"@type":"BreadcrumbList","@id":"https:\/\/www.brussels-accountants.be\/our-services\/enterprise\/#breadcrumb","itemListElement":[{"@type":"ListItem","position":1,"name":"Accueil","item":"https:\/\/www.brussels-accountants.be\/servicios\/"},{"@type":"ListItem","position":2,"name":"Services","item":"https:\/\/www.brussels-accountants.be\/"},{"@type":"ListItem","position":3,"name":"Enterprise"}]},{"@type":"WebSite","@id":"https:\/\/www.brussels-accountants.be\/#website","url":"https:\/\/www.brussels-accountants.be\/","name":"Brussels Accountants","description":"&lt;strong&gt;Brussels Accountants&lt;\/strong&gt; est une entreprise Internationale de comptabilit\u00e9 offrant \u00e0 ses clients une comptabilit\u00e9 appropri\u00e9e et une consultance optimis\u00e9e des imp\u00f4ts. Le cabinet est comp\u00e9tent au sein du contexte belge, pour les citoyens redevables de l\u2019imp\u00f4t belge. Nous sommes aussi reconnus en tant que guide fiable et compagnon pour les expatri\u00e9s qui ont besoin de constituer leur activit\u00e9, d&#039;en assurer la croissance et l\u2019organisation sur le territoire belge.","publisher":{"@id":"https:\/\/www.brussels-accountants.be\/#organization"},"potentialAction":[{"@type":"SearchAction","target":{"@type":"EntryPoint","urlTemplate":"https:\/\/www.brussels-accountants.be\/?s={search_term_string}"},"query-input":{"@type":"PropertyValueSpecification","valueRequired":true,"valueName":"search_term_string"}}],"inLanguage":"es-ES"},{"@type":"Organization","@id":"https:\/\/www.brussels-accountants.be\/#organization","name":"Brussels Accountants","url":"https:\/\/www.brussels-accountants.be\/","logo":{"@type":"ImageObject","inLanguage":"es-ES","@id":"https:\/\/www.brussels-accountants.be\/#\/schema\/logo\/image\/","url":"https:\/\/www.brussels-accountants.be\/wp-content\/uploads\/2018\/10\/cropped-logo-medium.png","contentUrl":"https:\/\/www.brussels-accountants.be\/wp-content\/uploads\/2018\/10\/cropped-logo-medium.png","width":512,"height":512,"caption":"Brussels Accountants"},"image":{"@id":"https:\/\/www.brussels-accountants.be\/#\/schema\/logo\/image\/"}}]}},"_links":{"self":[{"href":"https:\/\/www.brussels-accountants.be\/es\/wp-json\/wp\/v2\/pages\/348","targetHints":{"allow":["GET"]}}],"collection":[{"href":"https:\/\/www.brussels-accountants.be\/es\/wp-json\/wp\/v2\/pages"}],"about":[{"href":"https:\/\/www.brussels-accountants.be\/es\/wp-json\/wp\/v2\/types\/page"}],"author":[{"embeddable":true,"href":"https:\/\/www.brussels-accountants.be\/es\/wp-json\/wp\/v2\/users\/1"}],"replies":[{"embeddable":true,"href":"https:\/\/www.brussels-accountants.be\/es\/wp-json\/wp\/v2\/comments?post=348"}],"version-history":[{"count":2,"href":"https:\/\/www.brussels-accountants.be\/es\/wp-json\/wp\/v2\/pages\/348\/revisions"}],"predecessor-version":[{"id":1878,"href":"https:\/\/www.brussels-accountants.be\/es\/wp-json\/wp\/v2\/pages\/348\/revisions\/1878"}],"up":[{"embeddable":true,"href":"https:\/\/www.brussels-accountants.be\/es\/wp-json\/wp\/v2\/pages\/343"}],"wp:attachment":[{"href":"https:\/\/www.brussels-accountants.be\/es\/wp-json\/wp\/v2\/media?parent=348"}],"curies":[{"name":"wp","href":"https:\/\/api.w.org\/{rel}","templated":true}]}}