{"id":343,"date":"2018-10-25T13:20:12","date_gmt":"2018-10-25T11:20:12","guid":{"rendered":"https:\/\/www.fidupress.be\/ba\/?page_id=343"},"modified":"2025-11-20T16:02:51","modified_gmt":"2025-11-20T15:02:51","slug":"our-services","status":"publish","type":"page","link":"https:\/\/www.brussels-accountants.be\/es\/our-services\/","title":{"rendered":"Services"},"content":{"rendered":"\n<p><strong>Brussels Accountants<\/strong>&nbsp;is an internationally oriented accounting firm, offering tailored accounting and optimised tax consulting services to its clients. The office renders&nbsp;their services within&nbsp;the Belgian context&nbsp;for Belgian tax registered clients and&nbsp;specializes in being a reliable&nbsp;accounting companion and tax advice&nbsp;guide for foreigners, who need help&nbsp;in setting up, growing and organizing their Belgian economical or commercial activities.<\/p>\n\n\n\n<p><strong>Brussels Accountants<\/strong>&nbsp;is a team of professionals,&nbsp;working for&nbsp;around 225&nbsp;clients. Occasionally&nbsp;the office is supported by experienced sub-contractors and&nbsp;(university) trainees&nbsp;depending&nbsp;upon the&nbsp;workload.<\/p>\n\n\n\n<h2 class=\"wp-block-heading\">Additional Information<\/h2>\n\n\n\n<p><a href=\"\/en\/our-services\/enterprise\/\">Click here<\/a>\u00a0for Brussels Accountants\u2019 services to\u00a0<strong>Enterprises<\/strong>\u00a0(self-employed \u2013 companies)<br><a href=\"\/en\/our-services\/non-profit-associations\/\">Click here<\/a>\u00a0for Brussels Accountants\u2019 services to\u00a0<strong>Non profit associations<\/strong><br><a href=\"\/en\/our-services\/expatriates\/\">Click here<\/a>\u00a0for Brussels Accountants\u2019 services to\u00a0<strong>Expatriates<\/strong><br><a href=\"\/en\/our-services\/peppol\/\">Click here<\/a>\u00a0for Brussels Accountants\u2019 services to\u00a0<strong>Peppol<\/strong><\/p>\n\n\n\n<p><\/p>\n","protected":false},"excerpt":{"rendered":"<p>Brussels Accountants&nbsp;is an internationally oriented accounting firm, offering tailored accounting and optimised tax consulting services to its clients. The office renders&nbsp;their services within&nbsp;the Belgian context&nbsp;for Belgian tax registered clients and&nbsp;specializes in being a reliable&nbsp;accounting companion and tax advice&nbsp;guide for foreigners, who need help&nbsp;in setting up, growing and organizing their Belgian economical or commercial activities. Brussels [&hellip;]<\/p>\n","protected":false},"author":1,"featured_media":20330,"parent":0,"menu_order":0,"comment_status":"closed","ping_status":"closed","template":"","meta":{"footnotes":""},"class_list":["post-343","page","type-page","status-publish","has-post-thumbnail","hentry"],"acf":[],"yoast_head":"<!-- This site is optimized with the Yoast SEO plugin v27.4 - https:\/\/yoast.com\/product\/yoast-seo-wordpress\/ -->\n<title>Services - Brussels Accountants<\/title>\n<meta name=\"robots\" content=\"index, follow, max-snippet:-1, max-image-preview:large, max-video-preview:-1\" \/>\n<link rel=\"canonical\" href=\"https:\/\/www.brussels-accountants.be\/es\/\" \/>\n<meta property=\"og:locale\" content=\"es_ES\" \/>\n<meta property=\"og:type\" content=\"article\" \/>\n<meta property=\"og:title\" content=\"Services - Brussels Accountants\" \/>\n<meta property=\"og:description\" content=\"Brussels Accountants&nbsp;is an internationally oriented accounting firm, offering tailored accounting and optimised tax consulting services to its clients. The office renders&nbsp;their services within&nbsp;the Belgian context&nbsp;for Belgian tax registered clients and&nbsp;specializes in being a reliable&nbsp;accounting companion and tax advice&nbsp;guide for foreigners, who need help&nbsp;in setting up, growing and organizing their Belgian economical or commercial activities. Brussels [&hellip;]\" \/>\n<meta property=\"og:url\" content=\"https:\/\/www.brussels-accountants.be\/\" \/>\n<meta property=\"og:site_name\" content=\"Brussels Accountants\" \/>\n<meta property=\"article:modified_time\" content=\"2025-11-20T15:02:51+00:00\" \/>\n<meta property=\"og:image\" content=\"https:\/\/www.brussels-accountants.be\/wp-content\/uploads\/2025\/11\/Team_Meeting-11-2.jpg\" \/>\n\t<meta property=\"og:image:width\" content=\"1110\" \/>\n\t<meta property=\"og:image:height\" content=\"589\" \/>\n\t<meta property=\"og:image:type\" content=\"image\/jpeg\" \/>\n<meta name=\"twitter:card\" content=\"summary_large_image\" \/>\n<meta name=\"twitter:label1\" content=\"Est. reading time\" \/>\n\t<meta name=\"twitter:data1\" content=\"1 minute\" \/>\n<script type=\"application\/ld+json\" class=\"yoast-schema-graph\">{\"@context\":\"https:\\\/\\\/schema.org\",\"@graph\":[{\"@type\":\"WebPage\",\"@id\":\"https:\\\/\\\/www.brussels-accountants.be\\\/\",\"url\":\"https:\\\/\\\/www.brussels-accountants.be\\\/\",\"name\":\"Services - Brussels Accountants\",\"isPartOf\":{\"@id\":\"https:\\\/\\\/www.brussels-accountants.be\\\/#website\"},\"primaryImageOfPage\":{\"@id\":\"https:\\\/\\\/www.brussels-accountants.be\\\/#primaryimage\"},\"image\":{\"@id\":\"https:\\\/\\\/www.brussels-accountants.be\\\/#primaryimage\"},\"thumbnailUrl\":\"https:\\\/\\\/www.brussels-accountants.be\\\/wp-content\\\/uploads\\\/2025\\\/11\\\/Team_Meeting-11-2.jpg\",\"datePublished\":\"2018-10-25T11:20:12+00:00\",\"dateModified\":\"2025-11-20T15:02:51+00:00\",\"breadcrumb\":{\"@id\":\"https:\\\/\\\/www.brussels-accountants.be\\\/#breadcrumb\"},\"inLanguage\":\"es-ES\",\"potentialAction\":[{\"@type\":\"ReadAction\",\"target\":[\"https:\\\/\\\/www.brussels-accountants.be\\\/\"]}]},{\"@type\":\"ImageObject\",\"inLanguage\":\"es-ES\",\"@id\":\"https:\\\/\\\/www.brussels-accountants.be\\\/#primaryimage\",\"url\":\"https:\\\/\\\/www.brussels-accountants.be\\\/wp-content\\\/uploads\\\/2025\\\/11\\\/Team_Meeting-11-2.jpg\",\"contentUrl\":\"https:\\\/\\\/www.brussels-accountants.be\\\/wp-content\\\/uploads\\\/2025\\\/11\\\/Team_Meeting-11-2.jpg\",\"width\":1110,\"height\":589},{\"@type\":\"BreadcrumbList\",\"@id\":\"https:\\\/\\\/www.brussels-accountants.be\\\/#breadcrumb\",\"itemListElement\":[{\"@type\":\"ListItem\",\"position\":1,\"name\":\"Accueil\",\"item\":\"https:\\\/\\\/www.brussels-accountants.be\\\/servicios\\\/\"},{\"@type\":\"ListItem\",\"position\":2,\"name\":\"Services\"}]},{\"@type\":\"WebSite\",\"@id\":\"https:\\\/\\\/www.brussels-accountants.be\\\/#website\",\"url\":\"https:\\\/\\\/www.brussels-accountants.be\\\/\",\"name\":\"Brussels Accountants\",\"description\":\"&lt;strong&gt;Brussels Accountants&lt;\\\/strong&gt; est une entreprise Internationale de comptabilit\u00e9 offrant \u00e0 ses clients une comptabilit\u00e9 appropri\u00e9e et une consultance optimis\u00e9e des imp\u00f4ts. Le cabinet est comp\u00e9tent au sein du contexte belge, pour les citoyens redevables de l\u2019imp\u00f4t belge. Nous sommes aussi reconnus en tant que guide fiable et compagnon pour les expatri\u00e9s qui ont besoin de constituer leur activit\u00e9, d&#039;en assurer la croissance et l\u2019organisation sur le territoire belge.\",\"publisher\":{\"@id\":\"https:\\\/\\\/www.brussels-accountants.be\\\/#organization\"},\"potentialAction\":[{\"@type\":\"SearchAction\",\"target\":{\"@type\":\"EntryPoint\",\"urlTemplate\":\"https:\\\/\\\/www.brussels-accountants.be\\\/?s={search_term_string}\"},\"query-input\":{\"@type\":\"PropertyValueSpecification\",\"valueRequired\":true,\"valueName\":\"search_term_string\"}}],\"inLanguage\":\"es-ES\"},{\"@type\":\"Organization\",\"@id\":\"https:\\\/\\\/www.brussels-accountants.be\\\/#organization\",\"name\":\"Brussels Accountants\",\"url\":\"https:\\\/\\\/www.brussels-accountants.be\\\/\",\"logo\":{\"@type\":\"ImageObject\",\"inLanguage\":\"es-ES\",\"@id\":\"https:\\\/\\\/www.brussels-accountants.be\\\/#\\\/schema\\\/logo\\\/image\\\/\",\"url\":\"https:\\\/\\\/www.brussels-accountants.be\\\/wp-content\\\/uploads\\\/2018\\\/10\\\/cropped-logo-medium.png\",\"contentUrl\":\"https:\\\/\\\/www.brussels-accountants.be\\\/wp-content\\\/uploads\\\/2018\\\/10\\\/cropped-logo-medium.png\",\"width\":512,\"height\":512,\"caption\":\"Brussels Accountants\"},\"image\":{\"@id\":\"https:\\\/\\\/www.brussels-accountants.be\\\/#\\\/schema\\\/logo\\\/image\\\/\"}}]}<\/script>\n<!-- \/ Yoast SEO plugin. -->","yoast_head_json":{"title":"Services - Brussels Accountants","robots":{"index":"index","follow":"follow","max-snippet":"max-snippet:-1","max-image-preview":"max-image-preview:large","max-video-preview":"max-video-preview:-1"},"canonical":"https:\/\/www.brussels-accountants.be\/es\/","og_locale":"es_ES","og_type":"article","og_title":"Services - Brussels Accountants","og_description":"Brussels Accountants&nbsp;is an internationally oriented accounting firm, offering tailored accounting and optimised tax consulting services to its clients. The office renders&nbsp;their services within&nbsp;the Belgian context&nbsp;for Belgian tax registered clients and&nbsp;specializes in being a reliable&nbsp;accounting companion and tax advice&nbsp;guide for foreigners, who need help&nbsp;in setting up, growing and organizing their Belgian economical or commercial activities. Brussels [&hellip;]","og_url":"https:\/\/www.brussels-accountants.be\/","og_site_name":"Brussels Accountants","article_modified_time":"2025-11-20T15:02:51+00:00","og_image":[{"width":1110,"height":589,"url":"https:\/\/www.brussels-accountants.be\/wp-content\/uploads\/2025\/11\/Team_Meeting-11-2.jpg","type":"image\/jpeg"}],"twitter_card":"summary_large_image","twitter_misc":{"Est. reading time":"1 minute"},"schema":{"@context":"https:\/\/schema.org","@graph":[{"@type":"WebPage","@id":"https:\/\/www.brussels-accountants.be\/","url":"https:\/\/www.brussels-accountants.be\/","name":"Services - Brussels Accountants","isPartOf":{"@id":"https:\/\/www.brussels-accountants.be\/#website"},"primaryImageOfPage":{"@id":"https:\/\/www.brussels-accountants.be\/#primaryimage"},"image":{"@id":"https:\/\/www.brussels-accountants.be\/#primaryimage"},"thumbnailUrl":"https:\/\/www.brussels-accountants.be\/wp-content\/uploads\/2025\/11\/Team_Meeting-11-2.jpg","datePublished":"2018-10-25T11:20:12+00:00","dateModified":"2025-11-20T15:02:51+00:00","breadcrumb":{"@id":"https:\/\/www.brussels-accountants.be\/#breadcrumb"},"inLanguage":"es-ES","potentialAction":[{"@type":"ReadAction","target":["https:\/\/www.brussels-accountants.be\/"]}]},{"@type":"ImageObject","inLanguage":"es-ES","@id":"https:\/\/www.brussels-accountants.be\/#primaryimage","url":"https:\/\/www.brussels-accountants.be\/wp-content\/uploads\/2025\/11\/Team_Meeting-11-2.jpg","contentUrl":"https:\/\/www.brussels-accountants.be\/wp-content\/uploads\/2025\/11\/Team_Meeting-11-2.jpg","width":1110,"height":589},{"@type":"BreadcrumbList","@id":"https:\/\/www.brussels-accountants.be\/#breadcrumb","itemListElement":[{"@type":"ListItem","position":1,"name":"Accueil","item":"https:\/\/www.brussels-accountants.be\/servicios\/"},{"@type":"ListItem","position":2,"name":"Services"}]},{"@type":"WebSite","@id":"https:\/\/www.brussels-accountants.be\/#website","url":"https:\/\/www.brussels-accountants.be\/","name":"Brussels Accountants","description":"&lt;strong&gt;Brussels Accountants&lt;\/strong&gt; est une entreprise Internationale de comptabilit\u00e9 offrant \u00e0 ses clients une comptabilit\u00e9 appropri\u00e9e et une consultance optimis\u00e9e des imp\u00f4ts. Le cabinet est comp\u00e9tent au sein du contexte belge, pour les citoyens redevables de l\u2019imp\u00f4t belge. Nous sommes aussi reconnus en tant que guide fiable et compagnon pour les expatri\u00e9s qui ont besoin de constituer leur activit\u00e9, d&#039;en assurer la croissance et l\u2019organisation sur le territoire belge.","publisher":{"@id":"https:\/\/www.brussels-accountants.be\/#organization"},"potentialAction":[{"@type":"SearchAction","target":{"@type":"EntryPoint","urlTemplate":"https:\/\/www.brussels-accountants.be\/?s={search_term_string}"},"query-input":{"@type":"PropertyValueSpecification","valueRequired":true,"valueName":"search_term_string"}}],"inLanguage":"es-ES"},{"@type":"Organization","@id":"https:\/\/www.brussels-accountants.be\/#organization","name":"Brussels Accountants","url":"https:\/\/www.brussels-accountants.be\/","logo":{"@type":"ImageObject","inLanguage":"es-ES","@id":"https:\/\/www.brussels-accountants.be\/#\/schema\/logo\/image\/","url":"https:\/\/www.brussels-accountants.be\/wp-content\/uploads\/2018\/10\/cropped-logo-medium.png","contentUrl":"https:\/\/www.brussels-accountants.be\/wp-content\/uploads\/2018\/10\/cropped-logo-medium.png","width":512,"height":512,"caption":"Brussels Accountants"},"image":{"@id":"https:\/\/www.brussels-accountants.be\/#\/schema\/logo\/image\/"}}]}},"_links":{"self":[{"href":"https:\/\/www.brussels-accountants.be\/es\/wp-json\/wp\/v2\/pages\/343","targetHints":{"allow":["GET"]}}],"collection":[{"href":"https:\/\/www.brussels-accountants.be\/es\/wp-json\/wp\/v2\/pages"}],"about":[{"href":"https:\/\/www.brussels-accountants.be\/es\/wp-json\/wp\/v2\/types\/page"}],"author":[{"embeddable":true,"href":"https:\/\/www.brussels-accountants.be\/es\/wp-json\/wp\/v2\/users\/1"}],"replies":[{"embeddable":true,"href":"https:\/\/www.brussels-accountants.be\/es\/wp-json\/wp\/v2\/comments?post=343"}],"version-history":[{"count":10,"href":"https:\/\/www.brussels-accountants.be\/es\/wp-json\/wp\/v2\/pages\/343\/revisions"}],"predecessor-version":[{"id":20344,"href":"https:\/\/www.brussels-accountants.be\/es\/wp-json\/wp\/v2\/pages\/343\/revisions\/20344"}],"wp:featuredmedia":[{"embeddable":true,"href":"https:\/\/www.brussels-accountants.be\/es\/wp-json\/wp\/v2\/media\/20330"}],"wp:attachment":[{"href":"https:\/\/www.brussels-accountants.be\/es\/wp-json\/wp\/v2\/media?parent=343"}],"curies":[{"name":"wp","href":"https:\/\/api.w.org\/{rel}","templated":true}]}}