{"id":300,"date":"2018-10-23T16:09:38","date_gmt":"2018-10-23T14:09:38","guid":{"rendered":"https:\/\/www.fidupress.be\/ba\/?page_id=300"},"modified":"2022-10-03T13:18:53","modified_gmt":"2022-10-03T11:18:53","slug":"verplichte-sociale-bijdragen-ten-laste-van-zelfstandigen","status":"publish","type":"page","link":"https:\/\/www.brussels-accountants.be\/es\/opstart-van-een-nieuwe-economische-activiteit\/verplichte-sociale-bijdragen-ten-laste-van-zelfstandigen\/","title":{"rendered":"Verplichte sociale bijdragen ten laste van zelfstandigen"},"content":{"rendered":"\n<p>De bijdragen die een zelfstandige of een bedrijfsleider van een vennootschap moet betalen hangen af van het netto beroepsmatige inkomen dat dankzij dat statuut is verdiend. Dit is het bruto inkomen na aftrek van beroepskosten, mogelijks ook eerdere verliezen. Het referentiejaar is steeds het jaar van inkomsten zelf. Ook indien dat geen volledig jaar van zelfstandigheid is.<\/p>\n\n\n\n<p>Er is een minimum bijdrage die een zelfstandige moet betalen. Die bedraagt 21,5% op een vermoed minimum netto belastbaar inkomen van 14.658,44 euro per jaar (minimum referentiebedrag). Tevens rekening houdend met de vergoeding voor de sociale kas komt dit afgerond neer op circa 785,00 euro per kwartaal. Lager dan dat kan de bijdrage nooit zijn. Zelfs indien er tijdens het betreffende jaar een verlies is geleden.<\/p>\n\n\n\n<p>Zeker voor de startende zelfstandige of bedrijfsleider van vennootschap zijn de netto inkomsten zoals die definitief zullen worden aangegeven in het jaar van de belastingaangifte nog niet gekend. De startende zelfstandige dient dan ook zelf een inschatting te maken van wat hij denkt dat zijn inkomen zal zijn. Tijdens het eerste jaar van zelfstandigheid ligt de bijdrage voor sociale zekerheid iets lager. Die is vastgelegd op 20,5% van het netto inkomen (na aftrek van de sociale zekerheidsbijdrage). Het is enigszins een moeilijke berekening: het resultaat aan sociale bijdragen wordt bepaald op de netto winst die is berekend na aftrek van die sociale bijdragen. Brussels Accountants kan u hierbij helpen. Een startende zelfstandige kan dus kiezen om de minimum bijdragen te betalen.<\/p>\n\n\n\n<p>Er zijn bijkomende verminderingen voor de zogeheten primo-starters.<\/p>\n\n\n\n<p>Brussels Accountants kan u helpen erop toe te zien dat de betaalde sociale bijdragen zo veel als mogelijk in verhouding blijven met uw re\u00eble inkomen van hetzelfde jaar. En daartoe bijstaan om de nodige aanpassingen te laten doorvoeren.<\/p>\n\n\n\n<p>De sociale bijdragen voor een zelfstandige in hoofdberoep worden dus berekend op een minimum verondersteld inkomen van 14.658,44 euro (criterium voor het jaar 2022). Naargelang de opstart 20,5% of 21% of 21,5% van dat inkomen. Dat tarief geldt ook voor de inkomensschijf tussen 14.658,44 euro en 63.297,86 euro. Voor de schijf tussen 63.297,86 euro en 93.281,01 euro bedraagt het tarief van sociale bijdragen 14,16%. Ieder netto inkomen bovenop het bedrag van 93.281,01 euro is vrijgesteld van sociale bijdragen.<\/p>\n\n\n\n<p>Aarzel niet om&nbsp;<strong>Brussels Accountants<\/strong>&nbsp;te kontakteren voor bijkomende vragen die u hierover zou hebben.<\/p>\n","protected":false},"excerpt":{"rendered":"<p>De bijdragen die een zelfstandige of een bedrijfsleider van een vennootschap moet betalen hangen af van het netto beroepsmatige inkomen dat dankzij dat statuut is verdiend. Dit is het bruto inkomen na aftrek van beroepskosten, mogelijks ook eerdere verliezen. Het referentiejaar is steeds het jaar van inkomsten zelf. Ook indien dat geen volledig jaar van [&hellip;]<\/p>\n","protected":false},"author":1,"featured_media":0,"parent":289,"menu_order":0,"comment_status":"closed","ping_status":"closed","template":"","meta":{"footnotes":""},"class_list":["post-300","page","type-page","status-publish","hentry"],"acf":[],"yoast_head":"<!-- This site is optimized with the Yoast SEO plugin v27.3 - https:\/\/yoast.com\/product\/yoast-seo-wordpress\/ -->\n<title>Verplichte sociale bijdragen ten laste van zelfstandigen - Brussels Accountants<\/title>\n<meta name=\"robots\" content=\"index, follow, max-snippet:-1, max-image-preview:large, max-video-preview:-1\" \/>\n<link rel=\"canonical\" href=\"https:\/\/www.brussels-accountants.be\/es\/opstart-van-een-nieuwe-economische-activiteit\/verplichte-sociale-bijdragen-ten-laste-van-zelfstandigen\/\" \/>\n<meta property=\"og:locale\" content=\"es_ES\" \/>\n<meta property=\"og:type\" content=\"article\" \/>\n<meta property=\"og:title\" content=\"Verplichte sociale bijdragen ten laste van zelfstandigen - Brussels Accountants\" \/>\n<meta property=\"og:description\" content=\"De bijdragen die een zelfstandige of een bedrijfsleider van een vennootschap moet betalen hangen af van het netto beroepsmatige inkomen dat dankzij dat statuut is verdiend. Dit is het bruto inkomen na aftrek van beroepskosten, mogelijks ook eerdere verliezen. Het referentiejaar is steeds het jaar van inkomsten zelf. Ook indien dat geen volledig jaar van [&hellip;]\" \/>\n<meta property=\"og:url\" content=\"https:\/\/www.brussels-accountants.be\/nl\/opstart-van-een-nieuwe-economische-activiteit\/verplichte-sociale-bijdragen-ten-laste-van-zelfstandigen\/\" \/>\n<meta property=\"og:site_name\" content=\"Brussels Accountants\" \/>\n<meta property=\"article:modified_time\" content=\"2022-10-03T11:18:53+00:00\" \/>\n<meta name=\"twitter:card\" content=\"summary_large_image\" \/>\n<meta name=\"twitter:label1\" content=\"Est. reading time\" \/>\n\t<meta name=\"twitter:data1\" content=\"2 minutes\" \/>\n<script type=\"application\/ld+json\" class=\"yoast-schema-graph\">{\"@context\":\"https:\\\/\\\/schema.org\",\"@graph\":[{\"@type\":\"WebPage\",\"@id\":\"https:\\\/\\\/www.brussels-accountants.be\\\/nl\\\/opstart-van-een-nieuwe-economische-activiteit\\\/verplichte-sociale-bijdragen-ten-laste-van-zelfstandigen\\\/\",\"url\":\"https:\\\/\\\/www.brussels-accountants.be\\\/nl\\\/opstart-van-een-nieuwe-economische-activiteit\\\/verplichte-sociale-bijdragen-ten-laste-van-zelfstandigen\\\/\",\"name\":\"Verplichte sociale bijdragen ten laste van zelfstandigen - Brussels Accountants\",\"isPartOf\":{\"@id\":\"https:\\\/\\\/www.brussels-accountants.be\\\/#website\"},\"datePublished\":\"2018-10-23T14:09:38+00:00\",\"dateModified\":\"2022-10-03T11:18:53+00:00\",\"breadcrumb\":{\"@id\":\"https:\\\/\\\/www.brussels-accountants.be\\\/nl\\\/opstart-van-een-nieuwe-economische-activiteit\\\/verplichte-sociale-bijdragen-ten-laste-van-zelfstandigen\\\/#breadcrumb\"},\"inLanguage\":\"es-ES\",\"potentialAction\":[{\"@type\":\"ReadAction\",\"target\":[\"https:\\\/\\\/www.brussels-accountants.be\\\/nl\\\/opstart-van-een-nieuwe-economische-activiteit\\\/verplichte-sociale-bijdragen-ten-laste-van-zelfstandigen\\\/\"]}]},{\"@type\":\"BreadcrumbList\",\"@id\":\"https:\\\/\\\/www.brussels-accountants.be\\\/nl\\\/opstart-van-een-nieuwe-economische-activiteit\\\/verplichte-sociale-bijdragen-ten-laste-van-zelfstandigen\\\/#breadcrumb\",\"itemListElement\":[{\"@type\":\"ListItem\",\"position\":1,\"name\":\"Accueil\",\"item\":\"https:\\\/\\\/www.brussels-accountants.be\\\/servicios\\\/\"},{\"@type\":\"ListItem\",\"position\":2,\"name\":\"Opstart van een nieuwe economische activiteit\",\"item\":\"https:\\\/\\\/www.brussels-accountants.be\\\/nl\\\/opstart-van-een-nieuwe-economische-activiteit\\\/\"},{\"@type\":\"ListItem\",\"position\":3,\"name\":\"Verplichte sociale bijdragen ten laste van zelfstandigen\"}]},{\"@type\":\"WebSite\",\"@id\":\"https:\\\/\\\/www.brussels-accountants.be\\\/#website\",\"url\":\"https:\\\/\\\/www.brussels-accountants.be\\\/\",\"name\":\"Brussels Accountants\",\"description\":\"&lt;strong&gt;Brussels Accountants&lt;\\\/strong&gt; est une entreprise Internationale de comptabilit\u00e9 offrant \u00e0 ses clients une comptabilit\u00e9 appropri\u00e9e et une consultance optimis\u00e9e des imp\u00f4ts. Le cabinet est comp\u00e9tent au sein du contexte belge, pour les citoyens redevables de l\u2019imp\u00f4t belge. Nous sommes aussi reconnus en tant que guide fiable et compagnon pour les expatri\u00e9s qui ont besoin de constituer leur activit\u00e9, d&#039;en assurer la croissance et l\u2019organisation sur le territoire belge.\",\"publisher\":{\"@id\":\"https:\\\/\\\/www.brussels-accountants.be\\\/#organization\"},\"potentialAction\":[{\"@type\":\"SearchAction\",\"target\":{\"@type\":\"EntryPoint\",\"urlTemplate\":\"https:\\\/\\\/www.brussels-accountants.be\\\/?s={search_term_string}\"},\"query-input\":{\"@type\":\"PropertyValueSpecification\",\"valueRequired\":true,\"valueName\":\"search_term_string\"}}],\"inLanguage\":\"es-ES\"},{\"@type\":\"Organization\",\"@id\":\"https:\\\/\\\/www.brussels-accountants.be\\\/#organization\",\"name\":\"Brussels Accountants\",\"url\":\"https:\\\/\\\/www.brussels-accountants.be\\\/\",\"logo\":{\"@type\":\"ImageObject\",\"inLanguage\":\"es-ES\",\"@id\":\"https:\\\/\\\/www.brussels-accountants.be\\\/#\\\/schema\\\/logo\\\/image\\\/\",\"url\":\"https:\\\/\\\/www.brussels-accountants.be\\\/wp-content\\\/uploads\\\/2018\\\/10\\\/cropped-logo-medium.png\",\"contentUrl\":\"https:\\\/\\\/www.brussels-accountants.be\\\/wp-content\\\/uploads\\\/2018\\\/10\\\/cropped-logo-medium.png\",\"width\":512,\"height\":512,\"caption\":\"Brussels Accountants\"},\"image\":{\"@id\":\"https:\\\/\\\/www.brussels-accountants.be\\\/#\\\/schema\\\/logo\\\/image\\\/\"}}]}<\/script>\n<!-- \/ Yoast SEO plugin. -->","yoast_head_json":{"title":"Verplichte sociale bijdragen ten laste van zelfstandigen - Brussels Accountants","robots":{"index":"index","follow":"follow","max-snippet":"max-snippet:-1","max-image-preview":"max-image-preview:large","max-video-preview":"max-video-preview:-1"},"canonical":"https:\/\/www.brussels-accountants.be\/es\/opstart-van-een-nieuwe-economische-activiteit\/verplichte-sociale-bijdragen-ten-laste-van-zelfstandigen\/","og_locale":"es_ES","og_type":"article","og_title":"Verplichte sociale bijdragen ten laste van zelfstandigen - Brussels Accountants","og_description":"De bijdragen die een zelfstandige of een bedrijfsleider van een vennootschap moet betalen hangen af van het netto beroepsmatige inkomen dat dankzij dat statuut is verdiend. Dit is het bruto inkomen na aftrek van beroepskosten, mogelijks ook eerdere verliezen. Het referentiejaar is steeds het jaar van inkomsten zelf. Ook indien dat geen volledig jaar van [&hellip;]","og_url":"https:\/\/www.brussels-accountants.be\/nl\/opstart-van-een-nieuwe-economische-activiteit\/verplichte-sociale-bijdragen-ten-laste-van-zelfstandigen\/","og_site_name":"Brussels Accountants","article_modified_time":"2022-10-03T11:18:53+00:00","twitter_card":"summary_large_image","twitter_misc":{"Est. reading time":"2 minutes"},"schema":{"@context":"https:\/\/schema.org","@graph":[{"@type":"WebPage","@id":"https:\/\/www.brussels-accountants.be\/nl\/opstart-van-een-nieuwe-economische-activiteit\/verplichte-sociale-bijdragen-ten-laste-van-zelfstandigen\/","url":"https:\/\/www.brussels-accountants.be\/nl\/opstart-van-een-nieuwe-economische-activiteit\/verplichte-sociale-bijdragen-ten-laste-van-zelfstandigen\/","name":"Verplichte sociale bijdragen ten laste van zelfstandigen - Brussels Accountants","isPartOf":{"@id":"https:\/\/www.brussels-accountants.be\/#website"},"datePublished":"2018-10-23T14:09:38+00:00","dateModified":"2022-10-03T11:18:53+00:00","breadcrumb":{"@id":"https:\/\/www.brussels-accountants.be\/nl\/opstart-van-een-nieuwe-economische-activiteit\/verplichte-sociale-bijdragen-ten-laste-van-zelfstandigen\/#breadcrumb"},"inLanguage":"es-ES","potentialAction":[{"@type":"ReadAction","target":["https:\/\/www.brussels-accountants.be\/nl\/opstart-van-een-nieuwe-economische-activiteit\/verplichte-sociale-bijdragen-ten-laste-van-zelfstandigen\/"]}]},{"@type":"BreadcrumbList","@id":"https:\/\/www.brussels-accountants.be\/nl\/opstart-van-een-nieuwe-economische-activiteit\/verplichte-sociale-bijdragen-ten-laste-van-zelfstandigen\/#breadcrumb","itemListElement":[{"@type":"ListItem","position":1,"name":"Accueil","item":"https:\/\/www.brussels-accountants.be\/servicios\/"},{"@type":"ListItem","position":2,"name":"Opstart van een nieuwe economische activiteit","item":"https:\/\/www.brussels-accountants.be\/nl\/opstart-van-een-nieuwe-economische-activiteit\/"},{"@type":"ListItem","position":3,"name":"Verplichte sociale bijdragen ten laste van zelfstandigen"}]},{"@type":"WebSite","@id":"https:\/\/www.brussels-accountants.be\/#website","url":"https:\/\/www.brussels-accountants.be\/","name":"Brussels Accountants","description":"&lt;strong&gt;Brussels Accountants&lt;\/strong&gt; est une entreprise Internationale de comptabilit\u00e9 offrant \u00e0 ses clients une comptabilit\u00e9 appropri\u00e9e et une consultance optimis\u00e9e des imp\u00f4ts. Le cabinet est comp\u00e9tent au sein du contexte belge, pour les citoyens redevables de l\u2019imp\u00f4t belge. Nous sommes aussi reconnus en tant que guide fiable et compagnon pour les expatri\u00e9s qui ont besoin de constituer leur activit\u00e9, d&#039;en assurer la croissance et l\u2019organisation sur le territoire belge.","publisher":{"@id":"https:\/\/www.brussels-accountants.be\/#organization"},"potentialAction":[{"@type":"SearchAction","target":{"@type":"EntryPoint","urlTemplate":"https:\/\/www.brussels-accountants.be\/?s={search_term_string}"},"query-input":{"@type":"PropertyValueSpecification","valueRequired":true,"valueName":"search_term_string"}}],"inLanguage":"es-ES"},{"@type":"Organization","@id":"https:\/\/www.brussels-accountants.be\/#organization","name":"Brussels Accountants","url":"https:\/\/www.brussels-accountants.be\/","logo":{"@type":"ImageObject","inLanguage":"es-ES","@id":"https:\/\/www.brussels-accountants.be\/#\/schema\/logo\/image\/","url":"https:\/\/www.brussels-accountants.be\/wp-content\/uploads\/2018\/10\/cropped-logo-medium.png","contentUrl":"https:\/\/www.brussels-accountants.be\/wp-content\/uploads\/2018\/10\/cropped-logo-medium.png","width":512,"height":512,"caption":"Brussels Accountants"},"image":{"@id":"https:\/\/www.brussels-accountants.be\/#\/schema\/logo\/image\/"}}]}},"_links":{"self":[{"href":"https:\/\/www.brussels-accountants.be\/es\/wp-json\/wp\/v2\/pages\/300","targetHints":{"allow":["GET"]}}],"collection":[{"href":"https:\/\/www.brussels-accountants.be\/es\/wp-json\/wp\/v2\/pages"}],"about":[{"href":"https:\/\/www.brussels-accountants.be\/es\/wp-json\/wp\/v2\/types\/page"}],"author":[{"embeddable":true,"href":"https:\/\/www.brussels-accountants.be\/es\/wp-json\/wp\/v2\/users\/1"}],"replies":[{"embeddable":true,"href":"https:\/\/www.brussels-accountants.be\/es\/wp-json\/wp\/v2\/comments?post=300"}],"version-history":[{"count":4,"href":"https:\/\/www.brussels-accountants.be\/es\/wp-json\/wp\/v2\/pages\/300\/revisions"}],"predecessor-version":[{"id":2358,"href":"https:\/\/www.brussels-accountants.be\/es\/wp-json\/wp\/v2\/pages\/300\/revisions\/2358"}],"up":[{"embeddable":true,"href":"https:\/\/www.brussels-accountants.be\/es\/wp-json\/wp\/v2\/pages\/289"}],"wp:attachment":[{"href":"https:\/\/www.brussels-accountants.be\/es\/wp-json\/wp\/v2\/media?parent=300"}],"curies":[{"name":"wp","href":"https:\/\/api.w.org\/{rel}","templated":true}]}}