{"id":81,"date":"2018-10-22T11:55:43","date_gmt":"2018-10-22T09:55:43","guid":{"rendered":"https:\/\/www.fidupress.be\/ba\/?page_id=81"},"modified":"2022-04-11T19:59:23","modified_gmt":"2022-04-11T17:59:23","slug":"impot-sur-le-revenu-belge","status":"publish","type":"page","link":"https:\/\/www.brussels-accountants.be\/en\/demarrer-une-activite\/impot-sur-le-revenu-belge\/","title":{"rendered":"Imp\u00f4t sur le revenu belge"},"content":{"rendered":"\n<h2 class=\"wp-block-heading\">Entrepreneurs<\/h2>\n\n\n\n<p>La majorit\u00e9 des clients de <strong>BRUSSELS ACCOUNTANTS<\/strong> sont des entrepreneurs \u00e9trangers en mission de courte ou de longue dur\u00e9e en Belgique (compos\u00e9 de journalistes, conseil juridique de gestion, ou CIF-travail). Pendant leur mission, nos clients sont enregistr\u00e9s \u00e0 la mairie locale comme des non-r\u00e9sidents, malgr\u00e9 le fait qu\u2019ils soient redevable des imp\u00f4ts sur le revenu belges comme des r\u00e9sidents ordinaires. Ces contractuels peuvent effectuer leur travail sur une base ind\u00e9pendante ou peuvent r\u00e9organiser leur statut ind\u00e9pendant utilisant une structure de soci\u00e9t\u00e9. Dans <a href=\"#SPREAD_SHEET#\">la feuille de diffusion<\/a>, on fournit une taxe et un plan de s\u00e9curit\u00e9 sociale pour Mme\/M. Average Freelancer ind\u00e9pendant travaillant 200 jours par an, avec respectivement 300 Euros, 350 Euros, 400 Euros, 450 Euros et 500 Euros par jour.<\/p>\n\n\n\n<p>Dans le dernier sc\u00e9nario de 100.000,00 euros par an, la simulation est faite utilisant une structure de soci\u00e9t\u00e9 selon les sc\u00e9narios suivants : 1\/ le directeur gagne un salaire annuel de 45000 euros par an, 2\/ la soci\u00e9t\u00e9 paye tous les b\u00e9n\u00e9fices au directeur via le salaire combin\u00e9 aux dividendes, 3\/ tous les profits de la soci\u00e9t\u00e9 sont pay\u00e9s via des dividendes (int\u00e9ressant pour des directeurs n&#8217;ayant aucun attache en Belgique et pas int\u00e9ress\u00e9 dans la couverture de s\u00e9curit\u00e9 sociale belge). La clarification d\u2019Excel fournit aussi une compr\u00e9hension des co\u00fbts qui peuvent potentiellement \u00eatre fiscalement d\u00e9ductible du revenu brut. Ceci est juste un exemple et nous sommes \u00e0 votre service pour le peaufiner \u00e0 votre situation personnelle sp\u00e9cifique.<\/p>\n\n\n\n<p>Il faut aussi noter que la section des cotisations de s\u00e9curit\u00e9 sociale dans les pages Excel est presque aussi importante que les imp\u00f4ts sur le revenu.<\/p>\n\n\n\n<h2 class=\"wp-block-heading\">Associations sans but lucratifs<\/h2>\n\n\n\n<p>Bien que certaines op\u00e9rations \u00e9conomiques sp\u00e9cifiques effectu\u00e9es par des organismes sans but lucratif sont imposables en Belgique, en principe tous les bonus possibles restent exempt\u00e9s de taxes de l&#8217;entreprise et peuvent \u00e9galement \u00eatre report\u00e9es \u00e0 un exercice ult\u00e9rieur en cons\u00e9quence. Tr\u00e8s important est le but r\u00e9el et factuel non lucratif de l&#8217;organisation. Aucun \u00abb\u00e9n\u00e9fices\u00bb ne peuvent \u00eatre affect\u00e9s aux membres (car ce serait consid\u00e9r\u00e9 comme dividendes, applicable uniquement par les entreprises). <\/p>\n\n\n\n<p>Il est utile de souligner la diff\u00e9rence entre les imp\u00f4ts et la TVA. Pour les associations sans but lucratif dont les revenus des clients sont enti\u00e8rement exempt\u00e9s d&#8217;imp\u00f4t sur le revenu (VZW \/ ABSL), n\u00e9anmoins ils doivent facturer 21% de TVA belge sur (une partie de) leur revenu. Pour le d\u00e9terminer, les op\u00e9rations sp\u00e9cifiques de l&#8217;association doivent \u00eatre \u00e9tudi\u00e9s avec soin.<\/p>\n\n\n\n<h2 class=\"wp-block-heading\">Grandes entreprises ou activites specifiques<\/h2>\n\n\n\n<p><strong>BRUSSELS ACCOUNTANTS<\/strong> serait heureux d&#8217;\u00e9laborer un plan financier adapt\u00e9 pour les entreprises qui ont l&#8217;intention de mettre en place une activit\u00e9 commerciale, le commerce ou l&#8217;industrie en Belgique. Autres que le point 1 (suppra), il est difficile de fournir une estimation d&#8217;imp\u00f4t sur \u200b\u200bune base moyenne. <\/p>\n\n\n\n<p>N&#8217;h\u00e9sitez pas \u00e0 nous contacter pour plus d&#8217;informations<\/p>\n","protected":false},"excerpt":{"rendered":"<p>Entrepreneurs La majorit\u00e9 des clients de BRUSSELS ACCOUNTANTS sont des entrepreneurs \u00e9trangers en mission de courte ou de longue dur\u00e9e en Belgique (compos\u00e9 de journalistes, conseil juridique de gestion, ou CIF-travail). Pendant leur mission, nos clients sont enregistr\u00e9s \u00e0 la mairie locale comme des non-r\u00e9sidents, malgr\u00e9 le fait qu\u2019ils soient redevable des imp\u00f4ts sur le [&hellip;]<\/p>\n","protected":false},"author":1,"featured_media":0,"parent":12,"menu_order":0,"comment_status":"closed","ping_status":"closed","template":"","meta":{"footnotes":""},"class_list":["post-81","page","type-page","status-publish","hentry"],"acf":[],"yoast_head":"<!-- This site is optimized with the Yoast SEO plugin v27.3 - https:\/\/yoast.com\/product\/yoast-seo-wordpress\/ -->\n<title>Imp\u00f4t sur le revenu belge - Brussels Accountants<\/title>\n<meta name=\"robots\" content=\"index, follow, max-snippet:-1, max-image-preview:large, max-video-preview:-1\" \/>\n<link rel=\"canonical\" href=\"https:\/\/www.brussels-accountants.be\/en\/demarrer-une-activite\/impot-sur-le-revenu-belge\/\" \/>\n<meta property=\"og:locale\" content=\"en_US\" \/>\n<meta property=\"og:type\" content=\"article\" \/>\n<meta property=\"og:title\" content=\"Imp\u00f4t sur le revenu belge - Brussels Accountants\" \/>\n<meta property=\"og:description\" content=\"Entrepreneurs La majorit\u00e9 des clients de BRUSSELS ACCOUNTANTS sont des entrepreneurs \u00e9trangers en mission de courte ou de longue dur\u00e9e en Belgique (compos\u00e9 de journalistes, conseil juridique de gestion, ou CIF-travail). Pendant leur mission, nos clients sont enregistr\u00e9s \u00e0 la mairie locale comme des non-r\u00e9sidents, malgr\u00e9 le fait qu\u2019ils soient redevable des imp\u00f4ts sur le [&hellip;]\" \/>\n<meta property=\"og:url\" content=\"https:\/\/www.brussels-accountants.be\/demarrer-une-activite\/impot-sur-le-revenu-belge\/\" \/>\n<meta property=\"og:site_name\" content=\"Brussels Accountants\" \/>\n<meta property=\"article:modified_time\" content=\"2022-04-11T17:59:23+00:00\" \/>\n<meta name=\"twitter:card\" content=\"summary_large_image\" \/>\n<meta name=\"twitter:label1\" content=\"Est. reading time\" \/>\n\t<meta name=\"twitter:data1\" content=\"3 minutes\" \/>\n<script type=\"application\/ld+json\" class=\"yoast-schema-graph\">{\"@context\":\"https:\\\/\\\/schema.org\",\"@graph\":[{\"@type\":\"WebPage\",\"@id\":\"https:\\\/\\\/www.brussels-accountants.be\\\/demarrer-une-activite\\\/impot-sur-le-revenu-belge\\\/\",\"url\":\"https:\\\/\\\/www.brussels-accountants.be\\\/demarrer-une-activite\\\/impot-sur-le-revenu-belge\\\/\",\"name\":\"Imp\u00f4t sur le revenu belge - Brussels Accountants\",\"isPartOf\":{\"@id\":\"https:\\\/\\\/www.brussels-accountants.be\\\/#website\"},\"datePublished\":\"2018-10-22T09:55:43+00:00\",\"dateModified\":\"2022-04-11T17:59:23+00:00\",\"breadcrumb\":{\"@id\":\"https:\\\/\\\/www.brussels-accountants.be\\\/demarrer-une-activite\\\/impot-sur-le-revenu-belge\\\/#breadcrumb\"},\"inLanguage\":\"en-US\",\"potentialAction\":[{\"@type\":\"ReadAction\",\"target\":[\"https:\\\/\\\/www.brussels-accountants.be\\\/demarrer-une-activite\\\/impot-sur-le-revenu-belge\\\/\"]}]},{\"@type\":\"BreadcrumbList\",\"@id\":\"https:\\\/\\\/www.brussels-accountants.be\\\/demarrer-une-activite\\\/impot-sur-le-revenu-belge\\\/#breadcrumb\",\"itemListElement\":[{\"@type\":\"ListItem\",\"position\":1,\"name\":\"Accueil\",\"item\":\"https:\\\/\\\/www.brussels-accountants.be\\\/\"},{\"@type\":\"ListItem\",\"position\":2,\"name\":\"D\u00e9marrer une activit\u00e9\",\"item\":\"https:\\\/\\\/www.brussels-accountants.be\\\/demarrer-une-activite\\\/\"},{\"@type\":\"ListItem\",\"position\":3,\"name\":\"Imp\u00f4t sur le revenu belge\"}]},{\"@type\":\"WebSite\",\"@id\":\"https:\\\/\\\/www.brussels-accountants.be\\\/#website\",\"url\":\"https:\\\/\\\/www.brussels-accountants.be\\\/\",\"name\":\"Brussels Accountants\",\"description\":\"&lt;strong&gt;Brussels Accountants&lt;\\\/strong&gt; est une entreprise Internationale de comptabilit\u00e9 offrant \u00e0 ses clients une comptabilit\u00e9 appropri\u00e9e et une consultance optimis\u00e9e des imp\u00f4ts. Le cabinet est comp\u00e9tent au sein du contexte belge, pour les citoyens redevables de l\u2019imp\u00f4t belge. Nous sommes aussi reconnus en tant que guide fiable et compagnon pour les expatri\u00e9s qui ont besoin de constituer leur activit\u00e9, d&#039;en assurer la croissance et l\u2019organisation sur le territoire belge.\",\"publisher\":{\"@id\":\"https:\\\/\\\/www.brussels-accountants.be\\\/#organization\"},\"potentialAction\":[{\"@type\":\"SearchAction\",\"target\":{\"@type\":\"EntryPoint\",\"urlTemplate\":\"https:\\\/\\\/www.brussels-accountants.be\\\/?s={search_term_string}\"},\"query-input\":{\"@type\":\"PropertyValueSpecification\",\"valueRequired\":true,\"valueName\":\"search_term_string\"}}],\"inLanguage\":\"en-US\"},{\"@type\":\"Organization\",\"@id\":\"https:\\\/\\\/www.brussels-accountants.be\\\/#organization\",\"name\":\"Brussels Accountants\",\"url\":\"https:\\\/\\\/www.brussels-accountants.be\\\/\",\"logo\":{\"@type\":\"ImageObject\",\"inLanguage\":\"en-US\",\"@id\":\"https:\\\/\\\/www.brussels-accountants.be\\\/#\\\/schema\\\/logo\\\/image\\\/\",\"url\":\"https:\\\/\\\/www.brussels-accountants.be\\\/wp-content\\\/uploads\\\/2018\\\/10\\\/cropped-logo-medium.png\",\"contentUrl\":\"https:\\\/\\\/www.brussels-accountants.be\\\/wp-content\\\/uploads\\\/2018\\\/10\\\/cropped-logo-medium.png\",\"width\":512,\"height\":512,\"caption\":\"Brussels Accountants\"},\"image\":{\"@id\":\"https:\\\/\\\/www.brussels-accountants.be\\\/#\\\/schema\\\/logo\\\/image\\\/\"}}]}<\/script>\n<!-- \/ Yoast SEO plugin. -->","yoast_head_json":{"title":"Imp\u00f4t sur le revenu belge - Brussels Accountants","robots":{"index":"index","follow":"follow","max-snippet":"max-snippet:-1","max-image-preview":"max-image-preview:large","max-video-preview":"max-video-preview:-1"},"canonical":"https:\/\/www.brussels-accountants.be\/en\/demarrer-une-activite\/impot-sur-le-revenu-belge\/","og_locale":"en_US","og_type":"article","og_title":"Imp\u00f4t sur le revenu belge - Brussels Accountants","og_description":"Entrepreneurs La majorit\u00e9 des clients de BRUSSELS ACCOUNTANTS sont des entrepreneurs \u00e9trangers en mission de courte ou de longue dur\u00e9e en Belgique (compos\u00e9 de journalistes, conseil juridique de gestion, ou CIF-travail). Pendant leur mission, nos clients sont enregistr\u00e9s \u00e0 la mairie locale comme des non-r\u00e9sidents, malgr\u00e9 le fait qu\u2019ils soient redevable des imp\u00f4ts sur le [&hellip;]","og_url":"https:\/\/www.brussels-accountants.be\/demarrer-une-activite\/impot-sur-le-revenu-belge\/","og_site_name":"Brussels Accountants","article_modified_time":"2022-04-11T17:59:23+00:00","twitter_card":"summary_large_image","twitter_misc":{"Est. reading time":"3 minutes"},"schema":{"@context":"https:\/\/schema.org","@graph":[{"@type":"WebPage","@id":"https:\/\/www.brussels-accountants.be\/demarrer-une-activite\/impot-sur-le-revenu-belge\/","url":"https:\/\/www.brussels-accountants.be\/demarrer-une-activite\/impot-sur-le-revenu-belge\/","name":"Imp\u00f4t sur le revenu belge - Brussels Accountants","isPartOf":{"@id":"https:\/\/www.brussels-accountants.be\/#website"},"datePublished":"2018-10-22T09:55:43+00:00","dateModified":"2022-04-11T17:59:23+00:00","breadcrumb":{"@id":"https:\/\/www.brussels-accountants.be\/demarrer-une-activite\/impot-sur-le-revenu-belge\/#breadcrumb"},"inLanguage":"en-US","potentialAction":[{"@type":"ReadAction","target":["https:\/\/www.brussels-accountants.be\/demarrer-une-activite\/impot-sur-le-revenu-belge\/"]}]},{"@type":"BreadcrumbList","@id":"https:\/\/www.brussels-accountants.be\/demarrer-une-activite\/impot-sur-le-revenu-belge\/#breadcrumb","itemListElement":[{"@type":"ListItem","position":1,"name":"Accueil","item":"https:\/\/www.brussels-accountants.be\/"},{"@type":"ListItem","position":2,"name":"D\u00e9marrer une activit\u00e9","item":"https:\/\/www.brussels-accountants.be\/demarrer-une-activite\/"},{"@type":"ListItem","position":3,"name":"Imp\u00f4t sur le revenu belge"}]},{"@type":"WebSite","@id":"https:\/\/www.brussels-accountants.be\/#website","url":"https:\/\/www.brussels-accountants.be\/","name":"Brussels Accountants","description":"&lt;strong&gt;Brussels Accountants&lt;\/strong&gt; est une entreprise Internationale de comptabilit\u00e9 offrant \u00e0 ses clients une comptabilit\u00e9 appropri\u00e9e et une consultance optimis\u00e9e des imp\u00f4ts. Le cabinet est comp\u00e9tent au sein du contexte belge, pour les citoyens redevables de l\u2019imp\u00f4t belge. Nous sommes aussi reconnus en tant que guide fiable et compagnon pour les expatri\u00e9s qui ont besoin de constituer leur activit\u00e9, d&#039;en assurer la croissance et l\u2019organisation sur le territoire belge.","publisher":{"@id":"https:\/\/www.brussels-accountants.be\/#organization"},"potentialAction":[{"@type":"SearchAction","target":{"@type":"EntryPoint","urlTemplate":"https:\/\/www.brussels-accountants.be\/?s={search_term_string}"},"query-input":{"@type":"PropertyValueSpecification","valueRequired":true,"valueName":"search_term_string"}}],"inLanguage":"en-US"},{"@type":"Organization","@id":"https:\/\/www.brussels-accountants.be\/#organization","name":"Brussels Accountants","url":"https:\/\/www.brussels-accountants.be\/","logo":{"@type":"ImageObject","inLanguage":"en-US","@id":"https:\/\/www.brussels-accountants.be\/#\/schema\/logo\/image\/","url":"https:\/\/www.brussels-accountants.be\/wp-content\/uploads\/2018\/10\/cropped-logo-medium.png","contentUrl":"https:\/\/www.brussels-accountants.be\/wp-content\/uploads\/2018\/10\/cropped-logo-medium.png","width":512,"height":512,"caption":"Brussels Accountants"},"image":{"@id":"https:\/\/www.brussels-accountants.be\/#\/schema\/logo\/image\/"}}]}},"_links":{"self":[{"href":"https:\/\/www.brussels-accountants.be\/en\/wp-json\/wp\/v2\/pages\/81","targetHints":{"allow":["GET"]}}],"collection":[{"href":"https:\/\/www.brussels-accountants.be\/en\/wp-json\/wp\/v2\/pages"}],"about":[{"href":"https:\/\/www.brussels-accountants.be\/en\/wp-json\/wp\/v2\/types\/page"}],"author":[{"embeddable":true,"href":"https:\/\/www.brussels-accountants.be\/en\/wp-json\/wp\/v2\/users\/1"}],"replies":[{"embeddable":true,"href":"https:\/\/www.brussels-accountants.be\/en\/wp-json\/wp\/v2\/comments?post=81"}],"version-history":[{"count":10,"href":"https:\/\/www.brussels-accountants.be\/en\/wp-json\/wp\/v2\/pages\/81\/revisions"}],"predecessor-version":[{"id":2025,"href":"https:\/\/www.brussels-accountants.be\/en\/wp-json\/wp\/v2\/pages\/81\/revisions\/2025"}],"up":[{"embeddable":true,"href":"https:\/\/www.brussels-accountants.be\/en\/wp-json\/wp\/v2\/pages\/12"}],"wp:attachment":[{"href":"https:\/\/www.brussels-accountants.be\/en\/wp-json\/wp\/v2\/media?parent=81"}],"curies":[{"name":"wp","href":"https:\/\/api.w.org\/{rel}","templated":true}]}}