{"id":72,"date":"2018-10-22T11:45:25","date_gmt":"2018-10-22T09:45:25","guid":{"rendered":"https:\/\/www.fidupress.be\/ba\/?page_id=72"},"modified":"2022-08-22T11:45:47","modified_gmt":"2022-08-22T09:45:47","slug":"les-formalites-denregistrement","status":"publish","type":"page","link":"https:\/\/www.brussels-accountants.be\/en\/demarrer-une-activite\/les-formalites-denregistrement\/","title":{"rendered":"Les formalit\u00e9s d&#8217;enregistrement"},"content":{"rendered":"\n<h2 class=\"wp-block-heading\">Proc\u00e9dures g\u00e9n\u00e9rales<\/h2>\n\n\n\n<p>Un certain nombre d\u2019obligations doivent \u00eatre accomplies par toutes personnes qui souhaitent s\u2019investir dans une affaire priv\u00e9e.<\/p>\n\n\n\n<h2 class=\"wp-block-heading\">Cela comprend<\/h2>\n\n\n\n<ul class=\"wp-block-list\"><li>obtention d&#8217; un num\u00e9ro d\u2019Entreprise ;<\/li><li>d\u00e9claration TVA (\u00e0 moins qu\u2019il ait une exemption l\u00e9gale en place)<\/li><li>inscription \u00e0 la s\u00e9curit\u00e9 sociale;<\/li><li>inscription \u00e0 une mutuelle de sant\u00e9, fond d\u2019assurance<\/li><li>conditions sp\u00e9ciales en ce qui concerne la nationalit\u00e9 non Europ\u00e9en<\/li><li>conditions relatives au statut d&#8217;ind\u00e9pendant \u00e0 titre compl\u00e9mentaire<\/li><\/ul>\n\n\n\n<h2 class=\"wp-block-heading\">Administratif<\/h2>\n\n\n\n<p>Chez <strong>BRUSSELS ACCOUNTANTS<\/strong> nous sommes assez exp\u00e9riment\u00e9s pour traiter les aspects administratifs, vous permettant ainsi d&#8217;\u00e9pargner temps et \u00e9viter le stress. Nous faisons les d\u00e9marches par procuration aupr\u00e8s de la Banque Carrefour d\u2019Enterprise afin d&#8217;obtenir un num\u00e9ro d&#8217;identification BCE. Il nous est utile d&#8217;avoir votre dipl\u00f4me de coll\u00e8ge et dipl\u00f4me universitaire reconnus par les autorit\u00e9s pour le statut d\u2019ind\u00e9pendant. Au cas o\u00f9 il n&#8217;est pas possible de fournir un dipl\u00f4me, une personne parent\u00e9e ayant un dipl\u00f4me, telle que votre \u00e9pouse, un parent peut agir comme un mentor. Si vous \u00eates de nationalit\u00e9 non Europ\u00e9enne c\u2019est probablement ce que vous devriez faire pour obtenir une carte professionnelle pr\u00e9alable afin de commencer toute activit\u00e9 en tant qu&#8217;ind\u00e9pendant. Toutefois, nous sommes \u00e0 votre disposition pour vous conseiller et vous assister dans cette d\u00e9marche.<\/p>\n\n\n\n<h2 class=\"wp-block-heading\">Informations \u00e0 fournir<\/h2>\n\n\n\n<ul class=\"wp-block-list\"><li>votre nom, pr\u00e9nom, sexe, profession, adresse, date, lieu de naissance et nationalit\u00e9. Vous devez fournir votre carte d\u2019identit\u00e9 ou passeport, si votre carte n\u2019est pas encore disponible.<\/li><li>exigences concernant vos activit\u00e9s commerciales: nom de commerce si il est diff\u00e8rent du v\u00f4tre, adresse, activit\u00e9 commerciale (Codes NACEBEL) et date \u00e0 laquelle votre activit\u00e9 d\u00e9butera.<\/li><\/ul>\n\n\n\n<h2 class=\"wp-block-heading\">Le co\u00fbt pour le guichet d\u2019entreprise<\/h2>\n\n\n\n<p>Inscription pour obtenir un num\u00e9ro d\u2019entreprise co\u00fbte ca. 100 Euros. Une modification ult\u00e9rieure co\u00fbtera \u00e9galement ca. 100 Euros, quelque soit la nature de la modification.<\/p>\n\n\n\n<h2 class=\"wp-block-heading\">Inscriptions pour TVA<\/h2>\n\n\n\n<p>Si vous \u00eates assujettis \u00e0 la TVA, la prochaine \u00e9tape est d\u2019activer votre num\u00e9ro TVA aupr\u00e8s du service d&#8217;inspesction TVA comp\u00e9tent. <strong>BRUSSELS ACCOUNTANTS<\/strong> peut assurer le suivi de l&#8217;activation de la TVA et v\u00e9rifier si votre activit\u00e9 est assujettie \u00e0 la TVA ou non.<\/p>\n\n\n\n<h2 class=\"wp-block-heading\">Inscription pour la s\u00e9curit\u00e9 sociale<\/h2>\n\n\n\n<p>En tant que personne ind\u00e9pendante, vous \u00eates pri\u00e9 de souscrire \u00e0 une caisse de cotisation sociale au commencement de l&#8217;activit\u00e9. <strong>BRUSSELS ACCOUNTANTS<\/strong> travaille en collaboration avec Partena. La page web &#8220;contributions s\u00e9curit\u00e9 sociales&#8221; que vous trouverez sur notre site, offre des informations compl\u00e9mentaires sur le montant de vos cotisations.<\/p>\n\n\n\n<h2 class=\"wp-block-heading\">Entreprises<\/h2>\n\n\n\n<p>En ce qui concerne la cr\u00e9ation d&#8217;une soci\u00e9t\u00e9 (entit\u00e9 l\u00e9gale s\u00e9par\u00e9e), la plupart des formalit\u00e9s mentionn\u00e9es dans le cas des ind\u00e9pendants personnes physiques doivent \u00eatre respect\u00e9es.<\/p>\n","protected":false},"excerpt":{"rendered":"<p>Proc\u00e9dures g\u00e9n\u00e9rales Un certain nombre d\u2019obligations doivent \u00eatre accomplies par toutes personnes qui souhaitent s\u2019investir dans une affaire priv\u00e9e. Cela comprend obtention d&#8217; un num\u00e9ro d\u2019Entreprise ; d\u00e9claration TVA (\u00e0 moins qu\u2019il ait une exemption l\u00e9gale en place) inscription \u00e0 la s\u00e9curit\u00e9 sociale; inscription \u00e0 une mutuelle de sant\u00e9, fond d\u2019assurance conditions sp\u00e9ciales en ce [&hellip;]<\/p>\n","protected":false},"author":1,"featured_media":0,"parent":12,"menu_order":0,"comment_status":"closed","ping_status":"closed","template":"","meta":{"footnotes":""},"class_list":["post-72","page","type-page","status-publish","hentry"],"acf":[],"yoast_head":"<!-- This site is optimized with the Yoast SEO plugin v27.3 - https:\/\/yoast.com\/product\/yoast-seo-wordpress\/ -->\n<title>Les formalit\u00e9s d&#039;enregistrement - Brussels Accountants<\/title>\n<meta name=\"robots\" content=\"index, follow, max-snippet:-1, max-image-preview:large, max-video-preview:-1\" \/>\n<link rel=\"canonical\" href=\"https:\/\/www.brussels-accountants.be\/en\/demarrer-une-activite\/les-formalites-denregistrement\/\" \/>\n<meta property=\"og:locale\" content=\"en_US\" \/>\n<meta property=\"og:type\" content=\"article\" \/>\n<meta property=\"og:title\" content=\"Les formalit\u00e9s d&#039;enregistrement - Brussels Accountants\" \/>\n<meta property=\"og:description\" content=\"Proc\u00e9dures g\u00e9n\u00e9rales Un certain nombre d\u2019obligations doivent \u00eatre accomplies par toutes personnes qui souhaitent s\u2019investir dans une affaire priv\u00e9e. Cela comprend obtention d&#8217; un num\u00e9ro d\u2019Entreprise ; d\u00e9claration TVA (\u00e0 moins qu\u2019il ait une exemption l\u00e9gale en place) inscription \u00e0 la s\u00e9curit\u00e9 sociale; inscription \u00e0 une mutuelle de sant\u00e9, fond d\u2019assurance conditions sp\u00e9ciales en ce [&hellip;]\" \/>\n<meta property=\"og:url\" content=\"https:\/\/www.brussels-accountants.be\/demarrer-une-activite\/les-formalites-denregistrement\/\" \/>\n<meta property=\"og:site_name\" content=\"Brussels Accountants\" \/>\n<meta property=\"article:modified_time\" content=\"2022-08-22T09:45:47+00:00\" \/>\n<meta name=\"twitter:card\" content=\"summary_large_image\" \/>\n<meta name=\"twitter:label1\" content=\"Est. reading time\" \/>\n\t<meta name=\"twitter:data1\" content=\"3 minutes\" \/>\n<script type=\"application\/ld+json\" class=\"yoast-schema-graph\">{\"@context\":\"https:\\\/\\\/schema.org\",\"@graph\":[{\"@type\":\"WebPage\",\"@id\":\"https:\\\/\\\/www.brussels-accountants.be\\\/demarrer-une-activite\\\/les-formalites-denregistrement\\\/\",\"url\":\"https:\\\/\\\/www.brussels-accountants.be\\\/demarrer-une-activite\\\/les-formalites-denregistrement\\\/\",\"name\":\"Les formalit\u00e9s d'enregistrement - Brussels Accountants\",\"isPartOf\":{\"@id\":\"https:\\\/\\\/www.brussels-accountants.be\\\/#website\"},\"datePublished\":\"2018-10-22T09:45:25+00:00\",\"dateModified\":\"2022-08-22T09:45:47+00:00\",\"breadcrumb\":{\"@id\":\"https:\\\/\\\/www.brussels-accountants.be\\\/demarrer-une-activite\\\/les-formalites-denregistrement\\\/#breadcrumb\"},\"inLanguage\":\"en-US\",\"potentialAction\":[{\"@type\":\"ReadAction\",\"target\":[\"https:\\\/\\\/www.brussels-accountants.be\\\/demarrer-une-activite\\\/les-formalites-denregistrement\\\/\"]}]},{\"@type\":\"BreadcrumbList\",\"@id\":\"https:\\\/\\\/www.brussels-accountants.be\\\/demarrer-une-activite\\\/les-formalites-denregistrement\\\/#breadcrumb\",\"itemListElement\":[{\"@type\":\"ListItem\",\"position\":1,\"name\":\"Accueil\",\"item\":\"https:\\\/\\\/www.brussels-accountants.be\\\/\"},{\"@type\":\"ListItem\",\"position\":2,\"name\":\"D\u00e9marrer une activit\u00e9\",\"item\":\"https:\\\/\\\/www.brussels-accountants.be\\\/demarrer-une-activite\\\/\"},{\"@type\":\"ListItem\",\"position\":3,\"name\":\"Les formalit\u00e9s d&#8217;enregistrement\"}]},{\"@type\":\"WebSite\",\"@id\":\"https:\\\/\\\/www.brussels-accountants.be\\\/#website\",\"url\":\"https:\\\/\\\/www.brussels-accountants.be\\\/\",\"name\":\"Brussels Accountants\",\"description\":\"&lt;strong&gt;Brussels Accountants&lt;\\\/strong&gt; est une entreprise Internationale de comptabilit\u00e9 offrant \u00e0 ses clients une comptabilit\u00e9 appropri\u00e9e et une consultance optimis\u00e9e des imp\u00f4ts. Le cabinet est comp\u00e9tent au sein du contexte belge, pour les citoyens redevables de l\u2019imp\u00f4t belge. Nous sommes aussi reconnus en tant que guide fiable et compagnon pour les expatri\u00e9s qui ont besoin de constituer leur activit\u00e9, d&#039;en assurer la croissance et l\u2019organisation sur le territoire belge.\",\"publisher\":{\"@id\":\"https:\\\/\\\/www.brussels-accountants.be\\\/#organization\"},\"potentialAction\":[{\"@type\":\"SearchAction\",\"target\":{\"@type\":\"EntryPoint\",\"urlTemplate\":\"https:\\\/\\\/www.brussels-accountants.be\\\/?s={search_term_string}\"},\"query-input\":{\"@type\":\"PropertyValueSpecification\",\"valueRequired\":true,\"valueName\":\"search_term_string\"}}],\"inLanguage\":\"en-US\"},{\"@type\":\"Organization\",\"@id\":\"https:\\\/\\\/www.brussels-accountants.be\\\/#organization\",\"name\":\"Brussels Accountants\",\"url\":\"https:\\\/\\\/www.brussels-accountants.be\\\/\",\"logo\":{\"@type\":\"ImageObject\",\"inLanguage\":\"en-US\",\"@id\":\"https:\\\/\\\/www.brussels-accountants.be\\\/#\\\/schema\\\/logo\\\/image\\\/\",\"url\":\"https:\\\/\\\/www.brussels-accountants.be\\\/wp-content\\\/uploads\\\/2018\\\/10\\\/cropped-logo-medium.png\",\"contentUrl\":\"https:\\\/\\\/www.brussels-accountants.be\\\/wp-content\\\/uploads\\\/2018\\\/10\\\/cropped-logo-medium.png\",\"width\":512,\"height\":512,\"caption\":\"Brussels Accountants\"},\"image\":{\"@id\":\"https:\\\/\\\/www.brussels-accountants.be\\\/#\\\/schema\\\/logo\\\/image\\\/\"}}]}<\/script>\n<!-- \/ Yoast SEO plugin. -->","yoast_head_json":{"title":"Les formalit\u00e9s d'enregistrement - Brussels Accountants","robots":{"index":"index","follow":"follow","max-snippet":"max-snippet:-1","max-image-preview":"max-image-preview:large","max-video-preview":"max-video-preview:-1"},"canonical":"https:\/\/www.brussels-accountants.be\/en\/demarrer-une-activite\/les-formalites-denregistrement\/","og_locale":"en_US","og_type":"article","og_title":"Les formalit\u00e9s d'enregistrement - Brussels Accountants","og_description":"Proc\u00e9dures g\u00e9n\u00e9rales Un certain nombre d\u2019obligations doivent \u00eatre accomplies par toutes personnes qui souhaitent s\u2019investir dans une affaire priv\u00e9e. Cela comprend obtention d&#8217; un num\u00e9ro d\u2019Entreprise ; d\u00e9claration TVA (\u00e0 moins qu\u2019il ait une exemption l\u00e9gale en place) inscription \u00e0 la s\u00e9curit\u00e9 sociale; inscription \u00e0 une mutuelle de sant\u00e9, fond d\u2019assurance conditions sp\u00e9ciales en ce [&hellip;]","og_url":"https:\/\/www.brussels-accountants.be\/demarrer-une-activite\/les-formalites-denregistrement\/","og_site_name":"Brussels Accountants","article_modified_time":"2022-08-22T09:45:47+00:00","twitter_card":"summary_large_image","twitter_misc":{"Est. reading time":"3 minutes"},"schema":{"@context":"https:\/\/schema.org","@graph":[{"@type":"WebPage","@id":"https:\/\/www.brussels-accountants.be\/demarrer-une-activite\/les-formalites-denregistrement\/","url":"https:\/\/www.brussels-accountants.be\/demarrer-une-activite\/les-formalites-denregistrement\/","name":"Les formalit\u00e9s d'enregistrement - Brussels Accountants","isPartOf":{"@id":"https:\/\/www.brussels-accountants.be\/#website"},"datePublished":"2018-10-22T09:45:25+00:00","dateModified":"2022-08-22T09:45:47+00:00","breadcrumb":{"@id":"https:\/\/www.brussels-accountants.be\/demarrer-une-activite\/les-formalites-denregistrement\/#breadcrumb"},"inLanguage":"en-US","potentialAction":[{"@type":"ReadAction","target":["https:\/\/www.brussels-accountants.be\/demarrer-une-activite\/les-formalites-denregistrement\/"]}]},{"@type":"BreadcrumbList","@id":"https:\/\/www.brussels-accountants.be\/demarrer-une-activite\/les-formalites-denregistrement\/#breadcrumb","itemListElement":[{"@type":"ListItem","position":1,"name":"Accueil","item":"https:\/\/www.brussels-accountants.be\/"},{"@type":"ListItem","position":2,"name":"D\u00e9marrer une activit\u00e9","item":"https:\/\/www.brussels-accountants.be\/demarrer-une-activite\/"},{"@type":"ListItem","position":3,"name":"Les formalit\u00e9s d&#8217;enregistrement"}]},{"@type":"WebSite","@id":"https:\/\/www.brussels-accountants.be\/#website","url":"https:\/\/www.brussels-accountants.be\/","name":"Brussels Accountants","description":"&lt;strong&gt;Brussels Accountants&lt;\/strong&gt; est une entreprise Internationale de comptabilit\u00e9 offrant \u00e0 ses clients une comptabilit\u00e9 appropri\u00e9e et une consultance optimis\u00e9e des imp\u00f4ts. Le cabinet est comp\u00e9tent au sein du contexte belge, pour les citoyens redevables de l\u2019imp\u00f4t belge. Nous sommes aussi reconnus en tant que guide fiable et compagnon pour les expatri\u00e9s qui ont besoin de constituer leur activit\u00e9, d&#039;en assurer la croissance et l\u2019organisation sur le territoire belge.","publisher":{"@id":"https:\/\/www.brussels-accountants.be\/#organization"},"potentialAction":[{"@type":"SearchAction","target":{"@type":"EntryPoint","urlTemplate":"https:\/\/www.brussels-accountants.be\/?s={search_term_string}"},"query-input":{"@type":"PropertyValueSpecification","valueRequired":true,"valueName":"search_term_string"}}],"inLanguage":"en-US"},{"@type":"Organization","@id":"https:\/\/www.brussels-accountants.be\/#organization","name":"Brussels Accountants","url":"https:\/\/www.brussels-accountants.be\/","logo":{"@type":"ImageObject","inLanguage":"en-US","@id":"https:\/\/www.brussels-accountants.be\/#\/schema\/logo\/image\/","url":"https:\/\/www.brussels-accountants.be\/wp-content\/uploads\/2018\/10\/cropped-logo-medium.png","contentUrl":"https:\/\/www.brussels-accountants.be\/wp-content\/uploads\/2018\/10\/cropped-logo-medium.png","width":512,"height":512,"caption":"Brussels Accountants"},"image":{"@id":"https:\/\/www.brussels-accountants.be\/#\/schema\/logo\/image\/"}}]}},"_links":{"self":[{"href":"https:\/\/www.brussels-accountants.be\/en\/wp-json\/wp\/v2\/pages\/72","targetHints":{"allow":["GET"]}}],"collection":[{"href":"https:\/\/www.brussels-accountants.be\/en\/wp-json\/wp\/v2\/pages"}],"about":[{"href":"https:\/\/www.brussels-accountants.be\/en\/wp-json\/wp\/v2\/types\/page"}],"author":[{"embeddable":true,"href":"https:\/\/www.brussels-accountants.be\/en\/wp-json\/wp\/v2\/users\/1"}],"replies":[{"embeddable":true,"href":"https:\/\/www.brussels-accountants.be\/en\/wp-json\/wp\/v2\/comments?post=72"}],"version-history":[{"count":9,"href":"https:\/\/www.brussels-accountants.be\/en\/wp-json\/wp\/v2\/pages\/72\/revisions"}],"predecessor-version":[{"id":2228,"href":"https:\/\/www.brussels-accountants.be\/en\/wp-json\/wp\/v2\/pages\/72\/revisions\/2228"}],"up":[{"embeddable":true,"href":"https:\/\/www.brussels-accountants.be\/en\/wp-json\/wp\/v2\/pages\/12"}],"wp:attachment":[{"href":"https:\/\/www.brussels-accountants.be\/en\/wp-json\/wp\/v2\/media?parent=72"}],"curies":[{"name":"wp","href":"https:\/\/api.w.org\/{rel}","templated":true}]}}