{"id":62,"date":"2018-10-22T11:29:07","date_gmt":"2018-10-22T09:29:07","guid":{"rendered":"https:\/\/www.fidupress.be\/ba\/?page_id=62"},"modified":"2022-01-07T12:09:57","modified_gmt":"2022-01-07T11:09:57","slug":"entreprise","status":"publish","type":"page","link":"https:\/\/www.brussels-accountants.be\/en\/services\/entreprise\/","title":{"rendered":"Entreprise"},"content":{"rendered":"\n<p><strong>BRUSSELS ACCOUNTANTS<\/strong> aidera les ind\u00e9pendants et les soci\u00e9t\u00e9s \u00e0 tenir leur comptabilit\u00e9 et obligations fiscales.<\/p>\n\n\n\n<h2 class=\"wp-block-heading\">1\u00b0 Cr\u00e9er une Entreprise<\/h2>\n\n\n\n<p>Dans certain cas, il est conseill\u00e9 de travailler comme salari\u00e9, bien que vous commenciez \u00e0 agrandir votre affaire (le nombre d\u2019entreprise assign\u00e9 comme individuelle chez vous.<\/p>\n\n\n\n<p>Dans le cas d\u2019une collaboration avec un tiers, nous travaillons avec le client pour trouver la structure de soci\u00e9t\u00e9 la plus appropri\u00e9e (SPRL, SA, SComm). L\u2019\u00e9tude fiscale va \u00e9videmment jouer un r\u00f4le important sur le choix fait.<\/p>\n\n\n\n<p>Dans certaines circonstances, ce serait avantageux de former une soit disant \u201csoci\u00e9t\u00e9 civile\u201d consid\u00e9rablement diff\u00e9rente des entreprises commerciales ordinaires, ce sera consid\u00e9r\u00e9 comme tel si c\u2019est une entreprise l\u00e9gale par exemple. Il est aussi possible de cr\u00e9er des soci\u00e9t\u00e9s temporaires ou associations temporaires. Un exemple serait un propre projet avec plusieurs promoteurs.<\/p>\n\n\n\n<h2 class=\"wp-block-heading\">2\u00b0 Services comptabilit\u00e9<\/h2>\n\n\n\n<p>Les services de comptabilit\u00e9 sont dirig\u00e9s par la nature l\u00e9gale de l\u2019Entreprise avec les comptes annuels g\u00e9n\u00e9rant une image fid\u00e8le de la situation financi\u00e8re de l\u2019Entreprise (compte de r\u00e9sultat pour ind\u00e9pendants et Entreprises associ\u00e9 au bilan). <strong>BRUSSELS ACCOUNTANTS<\/strong> peut vous aider \u00e0 remplir cette obligation l\u00e9gale.<\/p>\n\n\n\n<h2 class=\"wp-block-heading\">3\u00b0 Analyse Financi\u00e8re<\/h2>\n\n\n\n<p>Selon les exigences du client, les comptes annuels ne sont pas seulement r\u00e9dig\u00e9s mais aussi analys\u00e9s et publi\u00e9s avec soin. Ayant termin\u00e9 les proc\u00e9dures de comptabilit\u00e9 l\u00e9gales requises, le client est libre de d\u00e9terminer quelle assistance il souhaiterait avoir pour une judicieuse gestion financi\u00e8re de son Entreprise.<\/p>\n\n\n\n<p><strong>BRUSSELS ACCOUNTANTS<\/strong> sera l\u00e0 pour offrir assistance et conseil.<\/p>\n\n\n\n<p>Certains clients ont besoin un (ascertainment) de co\u00fbt pr\u00e9cis par d\u00e9partement ou (business activity) et leur contribution au r\u00e9sultat global de l\u2019Entreprise.<\/p>\n\n\n\n<p>D\u2019autres souhaitent pouvoir \u00e9valuer les performances individuelles de ventes. Parfois un arr\u00eat pr\u00e9cis est requis entre frais et variable (production) co\u00fbts (par service ou \u00e9v\u00e9nement). Toute information comptable additionnelle requise peut \u00eatre fourni en parfaite collaboration avec le client.  Any additional accounting information required can be provided in perfect cooperation with the client. La comptabilit\u00e9 peut \u00eatre beaucoup plus juste qu\u2019une obligation l\u00e9gale fournissant une information financi\u00e8re de base, mais aussi un tableau de bord utile pour (purpose) de gestion.<\/p>\n\n\n\n<h2 class=\"wp-block-heading\">4\u00b0 Obligations fiscales<\/h2>\n\n\n\n<p>Nous ferons attention pour faire les d\u00e9clarations fiscales formelles pour les Entreprises et les conseiller sur la taxe d\u2019Entreprise, les affaires de taxe locale et TVA.<\/p>\n\n\n\n<h2 class=\"wp-block-heading\">5\u00b0 L\u00e9gislation de l\u2019Entreprise<\/h2>\n\n\n\n<p><strong>BRUSSELS ACCOUNTANTS<\/strong> assistera en r\u00e9union toutes stipulations de la l\u00e9gislation d\u2019Entreprise belge et son application correcte application dans la comptabilit\u00e9 de l\u2019Entreprise. Comme un bureau de comptabilit\u00e9 affr\u00e9t\u00e9 autoris\u00e9, nous pouvons r\u00e9diger des rapports sp\u00e9cifiques l\u00e9galement requis quand nous restructurons les entreprises (par exemple en cas de fusion ou de liquidation) pour nos clients.<\/p>\n\n\n\n<h2 class=\"wp-block-heading\">6\u00b0 Actions de valotisation<\/h2>\n\n\n\n<p>Sur demande, une valeur \u00e9quitable neutre d\u00e9termin\u00e9e peut \u00eatre donn\u00e9 aux actions ou Entreprises.<\/p>\n","protected":false},"excerpt":{"rendered":"<p>BRUSSELS ACCOUNTANTS aidera les ind\u00e9pendants et les soci\u00e9t\u00e9s \u00e0 tenir leur comptabilit\u00e9 et obligations fiscales. 1\u00b0 Cr\u00e9er une Entreprise Dans certain cas, il est conseill\u00e9 de travailler comme salari\u00e9, bien que vous commenciez \u00e0 agrandir votre affaire (le nombre d\u2019entreprise assign\u00e9 comme individuelle chez vous. Dans le cas d\u2019une collaboration avec un tiers, nous travaillons [&hellip;]<\/p>\n","protected":false},"author":1,"featured_media":0,"parent":2,"menu_order":0,"comment_status":"closed","ping_status":"closed","template":"","meta":{"footnotes":""},"class_list":["post-62","page","type-page","status-publish","hentry"],"acf":[],"yoast_head":"<!-- This site is optimized with the Yoast SEO plugin v27.4 - https:\/\/yoast.com\/product\/yoast-seo-wordpress\/ -->\n<title>Entreprise - Brussels Accountants<\/title>\n<meta name=\"robots\" content=\"index, follow, max-snippet:-1, max-image-preview:large, max-video-preview:-1\" \/>\n<link rel=\"canonical\" href=\"https:\/\/www.brussels-accountants.be\/en\/services\/entreprise\/\" \/>\n<meta property=\"og:locale\" content=\"en_US\" \/>\n<meta property=\"og:type\" content=\"article\" \/>\n<meta property=\"og:title\" content=\"Entreprise - Brussels Accountants\" \/>\n<meta property=\"og:description\" content=\"BRUSSELS ACCOUNTANTS aidera les ind\u00e9pendants et les soci\u00e9t\u00e9s \u00e0 tenir leur comptabilit\u00e9 et obligations fiscales. 1\u00b0 Cr\u00e9er une Entreprise Dans certain cas, il est conseill\u00e9 de travailler comme salari\u00e9, bien que vous commenciez \u00e0 agrandir votre affaire (le nombre d\u2019entreprise assign\u00e9 comme individuelle chez vous. Dans le cas d\u2019une collaboration avec un tiers, nous travaillons [&hellip;]\" \/>\n<meta property=\"og:url\" content=\"https:\/\/www.brussels-accountants.be\/services\/entreprise\/\" \/>\n<meta property=\"og:site_name\" content=\"Brussels Accountants\" \/>\n<meta property=\"article:modified_time\" content=\"2022-01-07T11:09:57+00:00\" \/>\n<meta name=\"twitter:card\" content=\"summary_large_image\" \/>\n<meta name=\"twitter:label1\" content=\"Est. reading time\" \/>\n\t<meta name=\"twitter:data1\" content=\"2 minutes\" \/>\n<script type=\"application\/ld+json\" class=\"yoast-schema-graph\">{\"@context\":\"https:\\\/\\\/schema.org\",\"@graph\":[{\"@type\":\"WebPage\",\"@id\":\"https:\\\/\\\/www.brussels-accountants.be\\\/services\\\/entreprise\\\/\",\"url\":\"https:\\\/\\\/www.brussels-accountants.be\\\/services\\\/entreprise\\\/\",\"name\":\"Entreprise - Brussels Accountants\",\"isPartOf\":{\"@id\":\"https:\\\/\\\/www.brussels-accountants.be\\\/#website\"},\"datePublished\":\"2018-10-22T09:29:07+00:00\",\"dateModified\":\"2022-01-07T11:09:57+00:00\",\"breadcrumb\":{\"@id\":\"https:\\\/\\\/www.brussels-accountants.be\\\/services\\\/entreprise\\\/#breadcrumb\"},\"inLanguage\":\"en-US\",\"potentialAction\":[{\"@type\":\"ReadAction\",\"target\":[\"https:\\\/\\\/www.brussels-accountants.be\\\/services\\\/entreprise\\\/\"]}]},{\"@type\":\"BreadcrumbList\",\"@id\":\"https:\\\/\\\/www.brussels-accountants.be\\\/services\\\/entreprise\\\/#breadcrumb\",\"itemListElement\":[{\"@type\":\"ListItem\",\"position\":1,\"name\":\"Accueil\",\"item\":\"https:\\\/\\\/www.brussels-accountants.be\\\/\"},{\"@type\":\"ListItem\",\"position\":2,\"name\":\"Services\",\"item\":\"https:\\\/\\\/www.brussels-accountants.be\\\/\"},{\"@type\":\"ListItem\",\"position\":3,\"name\":\"Entreprise\"}]},{\"@type\":\"WebSite\",\"@id\":\"https:\\\/\\\/www.brussels-accountants.be\\\/#website\",\"url\":\"https:\\\/\\\/www.brussels-accountants.be\\\/\",\"name\":\"Brussels Accountants\",\"description\":\"&lt;strong&gt;Brussels Accountants&lt;\\\/strong&gt; est une entreprise Internationale de comptabilit\u00e9 offrant \u00e0 ses clients une comptabilit\u00e9 appropri\u00e9e et une consultance optimis\u00e9e des imp\u00f4ts. Le cabinet est comp\u00e9tent au sein du contexte belge, pour les citoyens redevables de l\u2019imp\u00f4t belge. Nous sommes aussi reconnus en tant que guide fiable et compagnon pour les expatri\u00e9s qui ont besoin de constituer leur activit\u00e9, d&#039;en assurer la croissance et l\u2019organisation sur le territoire belge.\",\"publisher\":{\"@id\":\"https:\\\/\\\/www.brussels-accountants.be\\\/#organization\"},\"potentialAction\":[{\"@type\":\"SearchAction\",\"target\":{\"@type\":\"EntryPoint\",\"urlTemplate\":\"https:\\\/\\\/www.brussels-accountants.be\\\/?s={search_term_string}\"},\"query-input\":{\"@type\":\"PropertyValueSpecification\",\"valueRequired\":true,\"valueName\":\"search_term_string\"}}],\"inLanguage\":\"en-US\"},{\"@type\":\"Organization\",\"@id\":\"https:\\\/\\\/www.brussels-accountants.be\\\/#organization\",\"name\":\"Brussels Accountants\",\"url\":\"https:\\\/\\\/www.brussels-accountants.be\\\/\",\"logo\":{\"@type\":\"ImageObject\",\"inLanguage\":\"en-US\",\"@id\":\"https:\\\/\\\/www.brussels-accountants.be\\\/#\\\/schema\\\/logo\\\/image\\\/\",\"url\":\"https:\\\/\\\/www.brussels-accountants.be\\\/wp-content\\\/uploads\\\/2018\\\/10\\\/cropped-logo-medium.png\",\"contentUrl\":\"https:\\\/\\\/www.brussels-accountants.be\\\/wp-content\\\/uploads\\\/2018\\\/10\\\/cropped-logo-medium.png\",\"width\":512,\"height\":512,\"caption\":\"Brussels Accountants\"},\"image\":{\"@id\":\"https:\\\/\\\/www.brussels-accountants.be\\\/#\\\/schema\\\/logo\\\/image\\\/\"}}]}<\/script>\n<!-- \/ Yoast SEO plugin. -->","yoast_head_json":{"title":"Entreprise - Brussels Accountants","robots":{"index":"index","follow":"follow","max-snippet":"max-snippet:-1","max-image-preview":"max-image-preview:large","max-video-preview":"max-video-preview:-1"},"canonical":"https:\/\/www.brussels-accountants.be\/en\/services\/entreprise\/","og_locale":"en_US","og_type":"article","og_title":"Entreprise - Brussels Accountants","og_description":"BRUSSELS ACCOUNTANTS aidera les ind\u00e9pendants et les soci\u00e9t\u00e9s \u00e0 tenir leur comptabilit\u00e9 et obligations fiscales. 1\u00b0 Cr\u00e9er une Entreprise Dans certain cas, il est conseill\u00e9 de travailler comme salari\u00e9, bien que vous commenciez \u00e0 agrandir votre affaire (le nombre d\u2019entreprise assign\u00e9 comme individuelle chez vous. Dans le cas d\u2019une collaboration avec un tiers, nous travaillons [&hellip;]","og_url":"https:\/\/www.brussels-accountants.be\/services\/entreprise\/","og_site_name":"Brussels Accountants","article_modified_time":"2022-01-07T11:09:57+00:00","twitter_card":"summary_large_image","twitter_misc":{"Est. reading time":"2 minutes"},"schema":{"@context":"https:\/\/schema.org","@graph":[{"@type":"WebPage","@id":"https:\/\/www.brussels-accountants.be\/services\/entreprise\/","url":"https:\/\/www.brussels-accountants.be\/services\/entreprise\/","name":"Entreprise - Brussels Accountants","isPartOf":{"@id":"https:\/\/www.brussels-accountants.be\/#website"},"datePublished":"2018-10-22T09:29:07+00:00","dateModified":"2022-01-07T11:09:57+00:00","breadcrumb":{"@id":"https:\/\/www.brussels-accountants.be\/services\/entreprise\/#breadcrumb"},"inLanguage":"en-US","potentialAction":[{"@type":"ReadAction","target":["https:\/\/www.brussels-accountants.be\/services\/entreprise\/"]}]},{"@type":"BreadcrumbList","@id":"https:\/\/www.brussels-accountants.be\/services\/entreprise\/#breadcrumb","itemListElement":[{"@type":"ListItem","position":1,"name":"Accueil","item":"https:\/\/www.brussels-accountants.be\/"},{"@type":"ListItem","position":2,"name":"Services","item":"https:\/\/www.brussels-accountants.be\/"},{"@type":"ListItem","position":3,"name":"Entreprise"}]},{"@type":"WebSite","@id":"https:\/\/www.brussels-accountants.be\/#website","url":"https:\/\/www.brussels-accountants.be\/","name":"Brussels Accountants","description":"&lt;strong&gt;Brussels Accountants&lt;\/strong&gt; est une entreprise Internationale de comptabilit\u00e9 offrant \u00e0 ses clients une comptabilit\u00e9 appropri\u00e9e et une consultance optimis\u00e9e des imp\u00f4ts. Le cabinet est comp\u00e9tent au sein du contexte belge, pour les citoyens redevables de l\u2019imp\u00f4t belge. Nous sommes aussi reconnus en tant que guide fiable et compagnon pour les expatri\u00e9s qui ont besoin de constituer leur activit\u00e9, d&#039;en assurer la croissance et l\u2019organisation sur le territoire belge.","publisher":{"@id":"https:\/\/www.brussels-accountants.be\/#organization"},"potentialAction":[{"@type":"SearchAction","target":{"@type":"EntryPoint","urlTemplate":"https:\/\/www.brussels-accountants.be\/?s={search_term_string}"},"query-input":{"@type":"PropertyValueSpecification","valueRequired":true,"valueName":"search_term_string"}}],"inLanguage":"en-US"},{"@type":"Organization","@id":"https:\/\/www.brussels-accountants.be\/#organization","name":"Brussels Accountants","url":"https:\/\/www.brussels-accountants.be\/","logo":{"@type":"ImageObject","inLanguage":"en-US","@id":"https:\/\/www.brussels-accountants.be\/#\/schema\/logo\/image\/","url":"https:\/\/www.brussels-accountants.be\/wp-content\/uploads\/2018\/10\/cropped-logo-medium.png","contentUrl":"https:\/\/www.brussels-accountants.be\/wp-content\/uploads\/2018\/10\/cropped-logo-medium.png","width":512,"height":512,"caption":"Brussels Accountants"},"image":{"@id":"https:\/\/www.brussels-accountants.be\/#\/schema\/logo\/image\/"}}]}},"_links":{"self":[{"href":"https:\/\/www.brussels-accountants.be\/en\/wp-json\/wp\/v2\/pages\/62","targetHints":{"allow":["GET"]}}],"collection":[{"href":"https:\/\/www.brussels-accountants.be\/en\/wp-json\/wp\/v2\/pages"}],"about":[{"href":"https:\/\/www.brussels-accountants.be\/en\/wp-json\/wp\/v2\/types\/page"}],"author":[{"embeddable":true,"href":"https:\/\/www.brussels-accountants.be\/en\/wp-json\/wp\/v2\/users\/1"}],"replies":[{"embeddable":true,"href":"https:\/\/www.brussels-accountants.be\/en\/wp-json\/wp\/v2\/comments?post=62"}],"version-history":[{"count":6,"href":"https:\/\/www.brussels-accountants.be\/en\/wp-json\/wp\/v2\/pages\/62\/revisions"}],"predecessor-version":[{"id":20225,"href":"https:\/\/www.brussels-accountants.be\/en\/wp-json\/wp\/v2\/pages\/62\/revisions\/20225"}],"up":[{"embeddable":true,"href":"https:\/\/www.brussels-accountants.be\/en\/wp-json\/wp\/v2\/pages\/2"}],"wp:attachment":[{"href":"https:\/\/www.brussels-accountants.be\/en\/wp-json\/wp\/v2\/media?parent=62"}],"curies":[{"name":"wp","href":"https:\/\/api.w.org\/{rel}","templated":true}]}}