{"id":600,"date":"2018-10-25T14:52:55","date_gmt":"2018-10-25T12:52:55","guid":{"rendered":"https:\/\/www.fidupress.be\/ba\/?page_id=600"},"modified":"2018-10-25T14:52:57","modified_gmt":"2018-10-25T12:52:57","slug":"infiintarea-unei-personalitati-juridice-in-belgia","status":"publish","type":"page","link":"https:\/\/www.brussels-accountants.be\/en\/inregistrarea-unei-afaceri-in-belgia\/infiintarea-unei-personalitati-juridice-in-belgia\/","title":{"rendered":"INFIINTAREA UNEI PERSONALITATI JURIDICE IN BELGIA"},"content":{"rendered":"\n<h2 class=\"wp-block-heading\">Inregistrarea ca independent<\/h2>\n\n\n\n<h3 class=\"wp-block-heading\"><strong>Proceduri generale<\/strong><\/h3>\n\n\n\n<p>Pentru inregistrarea afecerii dumneavoastre, trebuie avute in vedere urmatoarele aspecte:<\/p>\n\n\n\n<ul class=\"wp-block-list\"><li>Trebuie dovedite mai intai competentele de gestiune a afacerii. Diploma dvs. de absolvire liceu\/facultate este analizata de organele comptente (Partena) si in cazul in care aceasta este acceptata se poate trece la etapele urmatoare:<\/li><li>Obtinerea unui numar de companie (BCE number)<\/li><li>Inregistrarea in scopuri de TVA (exceptand situatia in care legal nu este ceruta aceasta inregistrare)<\/li><li>Afilierea la sitemul de securitate sociala (Social Security)<\/li><li>Afilierea la sistemul de sanatate belgian (Mutualite)<\/li><\/ul>\n\n\n\n<p>In anumite situatii, se poate recurge la infiinatrea statului de independent complementar. Brussels Accountants ofera servicii legate de inregistrarea acestui tip de afacere, dar si serviciile contabile si de fiscalitate cerute de acest tip de afacere.<\/p>\n\n\n\n<h3 class=\"wp-block-heading\">Informatii necesare inregistrarii ca independent<br><\/h3>\n\n\n\n<ul class=\"wp-block-list\"><li>Informatii legate de identitate: nume, prenume, informatii generale: adresa, locul si data nasterii, nationalitate. Cartea de identitate sau pasaportul (in cazul in care nu dispuneti inca de o carte de identitate belgiana) sunt necesare<\/li><li>Informatii legate de tipul de activitate comerciala (coduri NACE) si data de incepere a activitatii<\/li><\/ul>\n\n\n\n<p>Pe baza acestor informatii se solicita inregistrarea dvs. ca independent si obtinerea unui numar de companie (BCE number).<\/p>\n\n\n\n<p>Ulterior, daca afacerea dumneavostra trebuie inregistrata in scopuri de TVA, urmatorul pas este activarea numarului de TVA.<\/p>\n\n\n\n<p>Afilierea la sistemul de securitate sociala prin intermediul unui fond de asigurari sociale (Caisse de cotisations Sociales \/ verzekeringskas sociale) este necesara si se realizeaza concomitent cu obtinerea numarului de companie (BCE number). Brussels Accountants colaboreaza cu Partena in acest sens, dar exista si alte fonduri de asigurari sociale care activeaza pe piata belgiana. Mai multe informatii privind nivelul contributiilor dumneavostra pot fi gasite pe pagina noastra separata \u201cContributii la sistemul de securitate sociala\u201d<\/p>\n\n\n\n<h3 class=\"wp-block-heading\">Societati comerciale<\/h3>\n\n\n\n<p>La infiintarea unei societati comerciale, pe langa formalitatile notariale necesare, trebuie parcursi aceeasi pasi ca si in cazul inregistrarii ca independent.<\/p>\n","protected":false},"excerpt":{"rendered":"<p>Inregistrarea ca independent Proceduri generale Pentru inregistrarea afecerii dumneavoastre, trebuie avute in vedere urmatoarele aspecte: Trebuie dovedite mai intai competentele de gestiune a afacerii. Diploma dvs. de absolvire liceu\/facultate este analizata de organele comptente (Partena) si in cazul in care aceasta este acceptata se poate trece la etapele urmatoare: Obtinerea unui numar de companie (BCE [&hellip;]<\/p>\n","protected":false},"author":1,"featured_media":0,"parent":599,"menu_order":0,"comment_status":"closed","ping_status":"closed","template":"","meta":{"footnotes":""},"class_list":["post-600","page","type-page","status-publish","hentry"],"acf":[],"yoast_head":"<!-- This site is optimized with the Yoast SEO plugin v27.3 - https:\/\/yoast.com\/product\/yoast-seo-wordpress\/ -->\n<title>INFIINTAREA UNEI PERSONALITATI JURIDICE IN BELGIA - Brussels Accountants<\/title>\n<meta name=\"robots\" content=\"index, follow, max-snippet:-1, max-image-preview:large, max-video-preview:-1\" \/>\n<link rel=\"canonical\" href=\"https:\/\/www.brussels-accountants.be\/en\/all\/inregistrarea-unei-afaceri-in-belgia\/infiintarea-unei-personalitati-juridice-in-belgia\/\" \/>\n<meta property=\"og:locale\" content=\"en_US\" \/>\n<meta property=\"og:type\" content=\"article\" \/>\n<meta property=\"og:title\" content=\"INFIINTAREA UNEI PERSONALITATI JURIDICE IN BELGIA - Brussels Accountants\" \/>\n<meta property=\"og:description\" content=\"Inregistrarea ca independent Proceduri generale Pentru inregistrarea afecerii dumneavoastre, trebuie avute in vedere urmatoarele aspecte: Trebuie dovedite mai intai competentele de gestiune a afacerii. Diploma dvs. de absolvire liceu\/facultate este analizata de organele comptente (Partena) si in cazul in care aceasta este acceptata se poate trece la etapele urmatoare: Obtinerea unui numar de companie (BCE [&hellip;]\" \/>\n<meta property=\"og:url\" content=\"https:\/\/www.brussels-accountants.be\/ro\/all\/inregistrarea-unei-afaceri-in-belgia\/infiintarea-unei-personalitati-juridice-in-belgia\/\" \/>\n<meta property=\"og:site_name\" content=\"Brussels Accountants\" \/>\n<meta property=\"article:modified_time\" content=\"2018-10-25T12:52:57+00:00\" \/>\n<meta name=\"twitter:card\" content=\"summary_large_image\" \/>\n<meta name=\"twitter:label1\" content=\"Est. reading time\" \/>\n\t<meta name=\"twitter:data1\" content=\"2 minutes\" \/>\n<script type=\"application\/ld+json\" class=\"yoast-schema-graph\">{\"@context\":\"https:\\\/\\\/schema.org\",\"@graph\":[{\"@type\":\"WebPage\",\"@id\":\"https:\\\/\\\/www.brussels-accountants.be\\\/ro\\\/all\\\/inregistrarea-unei-afaceri-in-belgia\\\/infiintarea-unei-personalitati-juridice-in-belgia\\\/\",\"url\":\"https:\\\/\\\/www.brussels-accountants.be\\\/ro\\\/all\\\/inregistrarea-unei-afaceri-in-belgia\\\/infiintarea-unei-personalitati-juridice-in-belgia\\\/\",\"name\":\"INFIINTAREA UNEI PERSONALITATI JURIDICE IN BELGIA - Brussels Accountants\",\"isPartOf\":{\"@id\":\"https:\\\/\\\/www.brussels-accountants.be\\\/#website\"},\"datePublished\":\"2018-10-25T12:52:55+00:00\",\"dateModified\":\"2018-10-25T12:52:57+00:00\",\"breadcrumb\":{\"@id\":\"https:\\\/\\\/www.brussels-accountants.be\\\/ro\\\/all\\\/inregistrarea-unei-afaceri-in-belgia\\\/infiintarea-unei-personalitati-juridice-in-belgia\\\/#breadcrumb\"},\"inLanguage\":\"en-US\",\"potentialAction\":[{\"@type\":\"ReadAction\",\"target\":[\"https:\\\/\\\/www.brussels-accountants.be\\\/ro\\\/all\\\/inregistrarea-unei-afaceri-in-belgia\\\/infiintarea-unei-personalitati-juridice-in-belgia\\\/\"]}]},{\"@type\":\"BreadcrumbList\",\"@id\":\"https:\\\/\\\/www.brussels-accountants.be\\\/ro\\\/all\\\/inregistrarea-unei-afaceri-in-belgia\\\/infiintarea-unei-personalitati-juridice-in-belgia\\\/#breadcrumb\",\"itemListElement\":[{\"@type\":\"ListItem\",\"position\":1,\"name\":\"Accueil\",\"item\":\"https:\\\/\\\/www.brussels-accountants.be\\\/\"},{\"@type\":\"ListItem\",\"position\":2,\"name\":\"INREGISTRAREA UNEI AFACERI IN BELGIA\",\"item\":\"https:\\\/\\\/www.brussels-accountants.be\\\/ro\\\/inregistrarea-unei-afaceri-in-belgia\\\/\"},{\"@type\":\"ListItem\",\"position\":3,\"name\":\"INFIINTAREA UNEI PERSONALITATI JURIDICE IN BELGIA\"}]},{\"@type\":\"WebSite\",\"@id\":\"https:\\\/\\\/www.brussels-accountants.be\\\/#website\",\"url\":\"https:\\\/\\\/www.brussels-accountants.be\\\/\",\"name\":\"Brussels Accountants\",\"description\":\"&lt;strong&gt;Brussels Accountants&lt;\\\/strong&gt; est une entreprise Internationale de comptabilit\u00e9 offrant \u00e0 ses clients une comptabilit\u00e9 appropri\u00e9e et une consultance optimis\u00e9e des imp\u00f4ts. Le cabinet est comp\u00e9tent au sein du contexte belge, pour les citoyens redevables de l\u2019imp\u00f4t belge. Nous sommes aussi reconnus en tant que guide fiable et compagnon pour les expatri\u00e9s qui ont besoin de constituer leur activit\u00e9, d&#039;en assurer la croissance et l\u2019organisation sur le territoire belge.\",\"publisher\":{\"@id\":\"https:\\\/\\\/www.brussels-accountants.be\\\/#organization\"},\"potentialAction\":[{\"@type\":\"SearchAction\",\"target\":{\"@type\":\"EntryPoint\",\"urlTemplate\":\"https:\\\/\\\/www.brussels-accountants.be\\\/?s={search_term_string}\"},\"query-input\":{\"@type\":\"PropertyValueSpecification\",\"valueRequired\":true,\"valueName\":\"search_term_string\"}}],\"inLanguage\":\"en-US\"},{\"@type\":\"Organization\",\"@id\":\"https:\\\/\\\/www.brussels-accountants.be\\\/#organization\",\"name\":\"Brussels Accountants\",\"url\":\"https:\\\/\\\/www.brussels-accountants.be\\\/\",\"logo\":{\"@type\":\"ImageObject\",\"inLanguage\":\"en-US\",\"@id\":\"https:\\\/\\\/www.brussels-accountants.be\\\/#\\\/schema\\\/logo\\\/image\\\/\",\"url\":\"https:\\\/\\\/www.brussels-accountants.be\\\/wp-content\\\/uploads\\\/2018\\\/10\\\/cropped-logo-medium.png\",\"contentUrl\":\"https:\\\/\\\/www.brussels-accountants.be\\\/wp-content\\\/uploads\\\/2018\\\/10\\\/cropped-logo-medium.png\",\"width\":512,\"height\":512,\"caption\":\"Brussels Accountants\"},\"image\":{\"@id\":\"https:\\\/\\\/www.brussels-accountants.be\\\/#\\\/schema\\\/logo\\\/image\\\/\"}}]}<\/script>\n<!-- \/ Yoast SEO plugin. -->","yoast_head_json":{"title":"INFIINTAREA UNEI PERSONALITATI JURIDICE IN BELGIA - Brussels Accountants","robots":{"index":"index","follow":"follow","max-snippet":"max-snippet:-1","max-image-preview":"max-image-preview:large","max-video-preview":"max-video-preview:-1"},"canonical":"https:\/\/www.brussels-accountants.be\/en\/all\/inregistrarea-unei-afaceri-in-belgia\/infiintarea-unei-personalitati-juridice-in-belgia\/","og_locale":"en_US","og_type":"article","og_title":"INFIINTAREA UNEI PERSONALITATI JURIDICE IN BELGIA - Brussels Accountants","og_description":"Inregistrarea ca independent Proceduri generale Pentru inregistrarea afecerii dumneavoastre, trebuie avute in vedere urmatoarele aspecte: Trebuie dovedite mai intai competentele de gestiune a afacerii. Diploma dvs. de absolvire liceu\/facultate este analizata de organele comptente (Partena) si in cazul in care aceasta este acceptata se poate trece la etapele urmatoare: Obtinerea unui numar de companie (BCE [&hellip;]","og_url":"https:\/\/www.brussels-accountants.be\/ro\/all\/inregistrarea-unei-afaceri-in-belgia\/infiintarea-unei-personalitati-juridice-in-belgia\/","og_site_name":"Brussels Accountants","article_modified_time":"2018-10-25T12:52:57+00:00","twitter_card":"summary_large_image","twitter_misc":{"Est. reading time":"2 minutes"},"schema":{"@context":"https:\/\/schema.org","@graph":[{"@type":"WebPage","@id":"https:\/\/www.brussels-accountants.be\/ro\/all\/inregistrarea-unei-afaceri-in-belgia\/infiintarea-unei-personalitati-juridice-in-belgia\/","url":"https:\/\/www.brussels-accountants.be\/ro\/all\/inregistrarea-unei-afaceri-in-belgia\/infiintarea-unei-personalitati-juridice-in-belgia\/","name":"INFIINTAREA UNEI PERSONALITATI JURIDICE IN BELGIA - Brussels Accountants","isPartOf":{"@id":"https:\/\/www.brussels-accountants.be\/#website"},"datePublished":"2018-10-25T12:52:55+00:00","dateModified":"2018-10-25T12:52:57+00:00","breadcrumb":{"@id":"https:\/\/www.brussels-accountants.be\/ro\/all\/inregistrarea-unei-afaceri-in-belgia\/infiintarea-unei-personalitati-juridice-in-belgia\/#breadcrumb"},"inLanguage":"en-US","potentialAction":[{"@type":"ReadAction","target":["https:\/\/www.brussels-accountants.be\/ro\/all\/inregistrarea-unei-afaceri-in-belgia\/infiintarea-unei-personalitati-juridice-in-belgia\/"]}]},{"@type":"BreadcrumbList","@id":"https:\/\/www.brussels-accountants.be\/ro\/all\/inregistrarea-unei-afaceri-in-belgia\/infiintarea-unei-personalitati-juridice-in-belgia\/#breadcrumb","itemListElement":[{"@type":"ListItem","position":1,"name":"Accueil","item":"https:\/\/www.brussels-accountants.be\/"},{"@type":"ListItem","position":2,"name":"INREGISTRAREA UNEI AFACERI IN BELGIA","item":"https:\/\/www.brussels-accountants.be\/ro\/inregistrarea-unei-afaceri-in-belgia\/"},{"@type":"ListItem","position":3,"name":"INFIINTAREA UNEI PERSONALITATI JURIDICE IN BELGIA"}]},{"@type":"WebSite","@id":"https:\/\/www.brussels-accountants.be\/#website","url":"https:\/\/www.brussels-accountants.be\/","name":"Brussels Accountants","description":"&lt;strong&gt;Brussels Accountants&lt;\/strong&gt; est une entreprise Internationale de comptabilit\u00e9 offrant \u00e0 ses clients une comptabilit\u00e9 appropri\u00e9e et une consultance optimis\u00e9e des imp\u00f4ts. Le cabinet est comp\u00e9tent au sein du contexte belge, pour les citoyens redevables de l\u2019imp\u00f4t belge. Nous sommes aussi reconnus en tant que guide fiable et compagnon pour les expatri\u00e9s qui ont besoin de constituer leur activit\u00e9, d&#039;en assurer la croissance et l\u2019organisation sur le territoire belge.","publisher":{"@id":"https:\/\/www.brussels-accountants.be\/#organization"},"potentialAction":[{"@type":"SearchAction","target":{"@type":"EntryPoint","urlTemplate":"https:\/\/www.brussels-accountants.be\/?s={search_term_string}"},"query-input":{"@type":"PropertyValueSpecification","valueRequired":true,"valueName":"search_term_string"}}],"inLanguage":"en-US"},{"@type":"Organization","@id":"https:\/\/www.brussels-accountants.be\/#organization","name":"Brussels Accountants","url":"https:\/\/www.brussels-accountants.be\/","logo":{"@type":"ImageObject","inLanguage":"en-US","@id":"https:\/\/www.brussels-accountants.be\/#\/schema\/logo\/image\/","url":"https:\/\/www.brussels-accountants.be\/wp-content\/uploads\/2018\/10\/cropped-logo-medium.png","contentUrl":"https:\/\/www.brussels-accountants.be\/wp-content\/uploads\/2018\/10\/cropped-logo-medium.png","width":512,"height":512,"caption":"Brussels Accountants"},"image":{"@id":"https:\/\/www.brussels-accountants.be\/#\/schema\/logo\/image\/"}}]}},"_links":{"self":[{"href":"https:\/\/www.brussels-accountants.be\/en\/wp-json\/wp\/v2\/pages\/600","targetHints":{"allow":["GET"]}}],"collection":[{"href":"https:\/\/www.brussels-accountants.be\/en\/wp-json\/wp\/v2\/pages"}],"about":[{"href":"https:\/\/www.brussels-accountants.be\/en\/wp-json\/wp\/v2\/types\/page"}],"author":[{"embeddable":true,"href":"https:\/\/www.brussels-accountants.be\/en\/wp-json\/wp\/v2\/users\/1"}],"replies":[{"embeddable":true,"href":"https:\/\/www.brussels-accountants.be\/en\/wp-json\/wp\/v2\/comments?post=600"}],"version-history":[{"count":1,"href":"https:\/\/www.brussels-accountants.be\/en\/wp-json\/wp\/v2\/pages\/600\/revisions"}],"predecessor-version":[{"id":601,"href":"https:\/\/www.brussels-accountants.be\/en\/wp-json\/wp\/v2\/pages\/600\/revisions\/601"}],"up":[{"embeddable":true,"href":"https:\/\/www.brussels-accountants.be\/en\/wp-json\/wp\/v2\/pages\/599"}],"wp:attachment":[{"href":"https:\/\/www.brussels-accountants.be\/en\/wp-json\/wp\/v2\/media?parent=600"}],"curies":[{"name":"wp","href":"https:\/\/api.w.org\/{rel}","templated":true}]}}