{"id":599,"date":"2018-10-25T15:02:59","date_gmt":"2018-10-25T13:02:59","guid":{"rendered":"https:\/\/www.fidupress.be\/ba\/?page_id=599"},"modified":"2022-09-15T09:17:42","modified_gmt":"2022-09-15T07:17:42","slug":"inregistrarea-unei-afaceri-in-belgia","status":"publish","type":"page","link":"https:\/\/www.brussels-accountants.be\/en\/inregistrarea-unei-afaceri-in-belgia\/","title":{"rendered":"INREGISTRAREA UNEI AFACERI IN BELGIA"},"content":{"rendered":"\n<p><strong>BRUSSELS ACCOUNTANTS<\/strong>&nbsp;este o firma de contabilitate orientata international, avand o reputatie foarte buna pe piata de profil.<br>Portofoliul nostru este alcatuit din peste 175 de clienti, companii internationlale, asociatii erupene, fundatii, ONG-uri si independenti.<br>Experienta si profesionalismul nostru este sprijinul de care afacerea dumneavoastra belgiana are nevoie!<\/p>\n\n\n\n<p><strong>Firma de contabilitate BRUSSELS ACCOUNTANTS ofera urmatoarele servicii:<\/strong><\/p>\n\n\n\n<ul class=\"wp-block-list\"><li>Inregistrarea ca independent in Belgia (obtinerea numarului BCE si activarea numarului de TVA, afilierea la sistemul de securitate sociala Belgian),<\/li><li>Infiintarea de societati (SRL\/BV \u2013 SA\/NV),<\/li><li>Infiintarea de organizatii non-profit,<\/li><li>Consultanta in materie de fiscalitate\/impozitare,<\/li><li>Consultanta privind protocoalele incheiate intre Belgia si tara de origine pentru evitarea dublei taxari,<\/li><li>Depunerea declaratiilor de venit anuale atat pentru companii cat si pentru independenti si non-rezidenti,<\/li><li>Depunerea declaratiilor de TVA,<\/li><li>Raportarile anuale la Banca Nationala a Belgiei,<\/li><li>Pregatirea situatiilor financiare,<\/li><li>In anumite situatii putem oferi asistenta in deschiderea unui cont bancar in Belgia sau asistenta privind servicii de salarizare (printr-o agentie sepcializata in servicii de salarizare),<\/li><li>Codul societ\u0103\u021bilor \u0219i asocia\u021biilor.<\/li><\/ul>\n\n\n\n<h2 class=\"wp-block-heading\">INFORMATII SUPLIMENTARE<\/h2>\n\n\n\n<p><a href=\"\/ro\/infiintarea-unei-personalitati-juridice-in-belgia\/\">Apasa aici<\/a>&nbsp;pentru serviciile oferite de Brussels Accountants privind formalitatiile de inregistrare a afacerii dumneavostra belgiene<br><a href=\"\/ro\/independent-sau-societate-comerciala\/\">Apasa aici<\/a>&nbsp;pentru informatii legate de alegerea tipului de inregistrare: independent sau societate comerciala<br><a href=\"\/ro\/independenti-contributii-la-sistemul-de-securitate-sociala-social-security\/\">Apasa aici<\/a>&nbsp;pentru informatii privind afilierea la sistemul de securitate sociala (Social Security)<br><a href=\"\/ro\/impozitul-pe-venit-in-belgia\/\">Apasa aici<\/a>&nbsp;pentru informatii legate de impozitul pe venit in Belgia<br><a href=\"\/ro\/tva\/\">Apasa aici<\/a>&nbsp;pentru informatii legate de TVA<\/p>\n","protected":false},"excerpt":{"rendered":"<p>BRUSSELS ACCOUNTANTS&nbsp;este o firma de contabilitate orientata international, avand o reputatie foarte buna pe piata de profil.Portofoliul nostru este alcatuit din peste 175 de clienti, companii internationlale, asociatii erupene, fundatii, ONG-uri si independenti.Experienta si profesionalismul nostru este sprijinul de care afacerea dumneavoastra belgiana are nevoie! Firma de contabilitate BRUSSELS ACCOUNTANTS ofera urmatoarele servicii: Inregistrarea ca [&hellip;]<\/p>\n","protected":false},"author":1,"featured_media":0,"parent":0,"menu_order":0,"comment_status":"closed","ping_status":"closed","template":"","meta":{"footnotes":""},"class_list":["post-599","page","type-page","status-publish","hentry"],"acf":[],"yoast_head":"<!-- This site is optimized with the Yoast SEO plugin v27.3 - https:\/\/yoast.com\/product\/yoast-seo-wordpress\/ -->\n<title>INREGISTRAREA UNEI AFACERI IN BELGIA - Brussels Accountants<\/title>\n<meta name=\"robots\" content=\"index, follow, max-snippet:-1, max-image-preview:large, max-video-preview:-1\" \/>\n<link rel=\"canonical\" href=\"https:\/\/www.brussels-accountants.be\/en\/inregistrarea-unei-afaceri-in-belgia\/\" \/>\n<meta property=\"og:locale\" content=\"en_US\" \/>\n<meta property=\"og:type\" content=\"article\" \/>\n<meta property=\"og:title\" content=\"INREGISTRAREA UNEI AFACERI IN BELGIA - Brussels Accountants\" \/>\n<meta property=\"og:description\" content=\"BRUSSELS ACCOUNTANTS&nbsp;este o firma de contabilitate orientata international, avand o reputatie foarte buna pe piata de profil.Portofoliul nostru este alcatuit din peste 175 de clienti, companii internationlale, asociatii erupene, fundatii, ONG-uri si independenti.Experienta si profesionalismul nostru este sprijinul de care afacerea dumneavoastra belgiana are nevoie! Firma de contabilitate BRUSSELS ACCOUNTANTS ofera urmatoarele servicii: Inregistrarea ca [&hellip;]\" \/>\n<meta property=\"og:url\" content=\"https:\/\/www.brussels-accountants.be\/ro\/inregistrarea-unei-afaceri-in-belgia\/\" \/>\n<meta property=\"og:site_name\" content=\"Brussels Accountants\" \/>\n<meta property=\"article:modified_time\" content=\"2022-09-15T07:17:42+00:00\" \/>\n<meta name=\"twitter:card\" content=\"summary_large_image\" \/>\n<meta name=\"twitter:label1\" content=\"Est. reading time\" \/>\n\t<meta name=\"twitter:data1\" content=\"2 minutes\" \/>\n<script type=\"application\/ld+json\" class=\"yoast-schema-graph\">{\"@context\":\"https:\\\/\\\/schema.org\",\"@graph\":[{\"@type\":\"WebPage\",\"@id\":\"https:\\\/\\\/www.brussels-accountants.be\\\/ro\\\/inregistrarea-unei-afaceri-in-belgia\\\/\",\"url\":\"https:\\\/\\\/www.brussels-accountants.be\\\/ro\\\/inregistrarea-unei-afaceri-in-belgia\\\/\",\"name\":\"INREGISTRAREA UNEI AFACERI IN BELGIA - Brussels Accountants\",\"isPartOf\":{\"@id\":\"https:\\\/\\\/www.brussels-accountants.be\\\/#website\"},\"datePublished\":\"2018-10-25T13:02:59+00:00\",\"dateModified\":\"2022-09-15T07:17:42+00:00\",\"breadcrumb\":{\"@id\":\"https:\\\/\\\/www.brussels-accountants.be\\\/ro\\\/inregistrarea-unei-afaceri-in-belgia\\\/#breadcrumb\"},\"inLanguage\":\"en-US\",\"potentialAction\":[{\"@type\":\"ReadAction\",\"target\":[\"https:\\\/\\\/www.brussels-accountants.be\\\/ro\\\/inregistrarea-unei-afaceri-in-belgia\\\/\"]}]},{\"@type\":\"BreadcrumbList\",\"@id\":\"https:\\\/\\\/www.brussels-accountants.be\\\/ro\\\/inregistrarea-unei-afaceri-in-belgia\\\/#breadcrumb\",\"itemListElement\":[{\"@type\":\"ListItem\",\"position\":1,\"name\":\"Accueil\",\"item\":\"https:\\\/\\\/www.brussels-accountants.be\\\/\"},{\"@type\":\"ListItem\",\"position\":2,\"name\":\"INREGISTRAREA UNEI AFACERI IN BELGIA\"}]},{\"@type\":\"WebSite\",\"@id\":\"https:\\\/\\\/www.brussels-accountants.be\\\/#website\",\"url\":\"https:\\\/\\\/www.brussels-accountants.be\\\/\",\"name\":\"Brussels Accountants\",\"description\":\"&lt;strong&gt;Brussels Accountants&lt;\\\/strong&gt; est une entreprise Internationale de comptabilit\u00e9 offrant \u00e0 ses clients une comptabilit\u00e9 appropri\u00e9e et une consultance optimis\u00e9e des imp\u00f4ts. Le cabinet est comp\u00e9tent au sein du contexte belge, pour les citoyens redevables de l\u2019imp\u00f4t belge. Nous sommes aussi reconnus en tant que guide fiable et compagnon pour les expatri\u00e9s qui ont besoin de constituer leur activit\u00e9, d&#039;en assurer la croissance et l\u2019organisation sur le territoire belge.\",\"publisher\":{\"@id\":\"https:\\\/\\\/www.brussels-accountants.be\\\/#organization\"},\"potentialAction\":[{\"@type\":\"SearchAction\",\"target\":{\"@type\":\"EntryPoint\",\"urlTemplate\":\"https:\\\/\\\/www.brussels-accountants.be\\\/?s={search_term_string}\"},\"query-input\":{\"@type\":\"PropertyValueSpecification\",\"valueRequired\":true,\"valueName\":\"search_term_string\"}}],\"inLanguage\":\"en-US\"},{\"@type\":\"Organization\",\"@id\":\"https:\\\/\\\/www.brussels-accountants.be\\\/#organization\",\"name\":\"Brussels Accountants\",\"url\":\"https:\\\/\\\/www.brussels-accountants.be\\\/\",\"logo\":{\"@type\":\"ImageObject\",\"inLanguage\":\"en-US\",\"@id\":\"https:\\\/\\\/www.brussels-accountants.be\\\/#\\\/schema\\\/logo\\\/image\\\/\",\"url\":\"https:\\\/\\\/www.brussels-accountants.be\\\/wp-content\\\/uploads\\\/2018\\\/10\\\/cropped-logo-medium.png\",\"contentUrl\":\"https:\\\/\\\/www.brussels-accountants.be\\\/wp-content\\\/uploads\\\/2018\\\/10\\\/cropped-logo-medium.png\",\"width\":512,\"height\":512,\"caption\":\"Brussels Accountants\"},\"image\":{\"@id\":\"https:\\\/\\\/www.brussels-accountants.be\\\/#\\\/schema\\\/logo\\\/image\\\/\"}}]}<\/script>\n<!-- \/ Yoast SEO plugin. -->","yoast_head_json":{"title":"INREGISTRAREA UNEI AFACERI IN BELGIA - Brussels Accountants","robots":{"index":"index","follow":"follow","max-snippet":"max-snippet:-1","max-image-preview":"max-image-preview:large","max-video-preview":"max-video-preview:-1"},"canonical":"https:\/\/www.brussels-accountants.be\/en\/inregistrarea-unei-afaceri-in-belgia\/","og_locale":"en_US","og_type":"article","og_title":"INREGISTRAREA UNEI AFACERI IN BELGIA - Brussels Accountants","og_description":"BRUSSELS ACCOUNTANTS&nbsp;este o firma de contabilitate orientata international, avand o reputatie foarte buna pe piata de profil.Portofoliul nostru este alcatuit din peste 175 de clienti, companii internationlale, asociatii erupene, fundatii, ONG-uri si independenti.Experienta si profesionalismul nostru este sprijinul de care afacerea dumneavoastra belgiana are nevoie! Firma de contabilitate BRUSSELS ACCOUNTANTS ofera urmatoarele servicii: Inregistrarea ca [&hellip;]","og_url":"https:\/\/www.brussels-accountants.be\/ro\/inregistrarea-unei-afaceri-in-belgia\/","og_site_name":"Brussels Accountants","article_modified_time":"2022-09-15T07:17:42+00:00","twitter_card":"summary_large_image","twitter_misc":{"Est. reading time":"2 minutes"},"schema":{"@context":"https:\/\/schema.org","@graph":[{"@type":"WebPage","@id":"https:\/\/www.brussels-accountants.be\/ro\/inregistrarea-unei-afaceri-in-belgia\/","url":"https:\/\/www.brussels-accountants.be\/ro\/inregistrarea-unei-afaceri-in-belgia\/","name":"INREGISTRAREA UNEI AFACERI IN BELGIA - Brussels Accountants","isPartOf":{"@id":"https:\/\/www.brussels-accountants.be\/#website"},"datePublished":"2018-10-25T13:02:59+00:00","dateModified":"2022-09-15T07:17:42+00:00","breadcrumb":{"@id":"https:\/\/www.brussels-accountants.be\/ro\/inregistrarea-unei-afaceri-in-belgia\/#breadcrumb"},"inLanguage":"en-US","potentialAction":[{"@type":"ReadAction","target":["https:\/\/www.brussels-accountants.be\/ro\/inregistrarea-unei-afaceri-in-belgia\/"]}]},{"@type":"BreadcrumbList","@id":"https:\/\/www.brussels-accountants.be\/ro\/inregistrarea-unei-afaceri-in-belgia\/#breadcrumb","itemListElement":[{"@type":"ListItem","position":1,"name":"Accueil","item":"https:\/\/www.brussels-accountants.be\/"},{"@type":"ListItem","position":2,"name":"INREGISTRAREA UNEI AFACERI IN BELGIA"}]},{"@type":"WebSite","@id":"https:\/\/www.brussels-accountants.be\/#website","url":"https:\/\/www.brussels-accountants.be\/","name":"Brussels Accountants","description":"&lt;strong&gt;Brussels Accountants&lt;\/strong&gt; est une entreprise Internationale de comptabilit\u00e9 offrant \u00e0 ses clients une comptabilit\u00e9 appropri\u00e9e et une consultance optimis\u00e9e des imp\u00f4ts. Le cabinet est comp\u00e9tent au sein du contexte belge, pour les citoyens redevables de l\u2019imp\u00f4t belge. Nous sommes aussi reconnus en tant que guide fiable et compagnon pour les expatri\u00e9s qui ont besoin de constituer leur activit\u00e9, d&#039;en assurer la croissance et l\u2019organisation sur le territoire belge.","publisher":{"@id":"https:\/\/www.brussels-accountants.be\/#organization"},"potentialAction":[{"@type":"SearchAction","target":{"@type":"EntryPoint","urlTemplate":"https:\/\/www.brussels-accountants.be\/?s={search_term_string}"},"query-input":{"@type":"PropertyValueSpecification","valueRequired":true,"valueName":"search_term_string"}}],"inLanguage":"en-US"},{"@type":"Organization","@id":"https:\/\/www.brussels-accountants.be\/#organization","name":"Brussels Accountants","url":"https:\/\/www.brussels-accountants.be\/","logo":{"@type":"ImageObject","inLanguage":"en-US","@id":"https:\/\/www.brussels-accountants.be\/#\/schema\/logo\/image\/","url":"https:\/\/www.brussels-accountants.be\/wp-content\/uploads\/2018\/10\/cropped-logo-medium.png","contentUrl":"https:\/\/www.brussels-accountants.be\/wp-content\/uploads\/2018\/10\/cropped-logo-medium.png","width":512,"height":512,"caption":"Brussels Accountants"},"image":{"@id":"https:\/\/www.brussels-accountants.be\/#\/schema\/logo\/image\/"}}]}},"_links":{"self":[{"href":"https:\/\/www.brussels-accountants.be\/en\/wp-json\/wp\/v2\/pages\/599","targetHints":{"allow":["GET"]}}],"collection":[{"href":"https:\/\/www.brussels-accountants.be\/en\/wp-json\/wp\/v2\/pages"}],"about":[{"href":"https:\/\/www.brussels-accountants.be\/en\/wp-json\/wp\/v2\/types\/page"}],"author":[{"embeddable":true,"href":"https:\/\/www.brussels-accountants.be\/en\/wp-json\/wp\/v2\/users\/1"}],"replies":[{"embeddable":true,"href":"https:\/\/www.brussels-accountants.be\/en\/wp-json\/wp\/v2\/comments?post=599"}],"version-history":[{"count":4,"href":"https:\/\/www.brussels-accountants.be\/en\/wp-json\/wp\/v2\/pages\/599\/revisions"}],"predecessor-version":[{"id":2310,"href":"https:\/\/www.brussels-accountants.be\/en\/wp-json\/wp\/v2\/pages\/599\/revisions\/2310"}],"wp:attachment":[{"href":"https:\/\/www.brussels-accountants.be\/en\/wp-json\/wp\/v2\/media?parent=599"}],"curies":[{"name":"wp","href":"https:\/\/api.w.org\/{rel}","templated":true}]}}