{"id":593,"date":"2018-10-25T14:46:39","date_gmt":"2018-10-25T12:46:39","guid":{"rendered":"https:\/\/www.fidupress.be\/ba\/?page_id=593"},"modified":"2018-10-25T14:46:41","modified_gmt":"2018-10-25T12:46:41","slug":"asociatii-non-profit","status":"publish","type":"page","link":"https:\/\/www.brussels-accountants.be\/en\/servicii\/asociatii-non-profit\/","title":{"rendered":"ASOCIATII NON PROFIT"},"content":{"rendered":"\n<p><strong>BRUXELLES ACCOUNTANTS<\/strong>&nbsp;poate fi un partener de incredere pentru organizatii non-profit (ASBL), de la constituire pana la eventuala dizolvare si lichidare a acestora. Oferim urmatoarele servicii in acest sens:<\/p>\n\n\n\n<ul class=\"wp-block-list\"><li>Asistenta in obtinerea statutului juridic al &#8220;ASBL&#8221;.<\/li><li>Elaborarea statutului organizatiei ASBL precum si &#8220;normele interne&#8221; suplimentare, daca este necesar.<\/li><li>Consultanta tehnica cu privire la structura asocia\u021biei: membrii fondatori, consiliul de administratie, organizare, componenta organelor de conducere si a Adunarii Generale, eventuala numire a unui auditor precum si asistenta la intocmirea hotararilor AGA.<\/li><li>Lista membrilor fodatori (este posibila si depunerea acesteia de catre Brussels Accountants la biroul administrativ al instantei competente).<\/li><li>Indeplinirea obliga\u021biilor contabile si fiscale In conformitate cu toate prevederile legale:<ul><li>Stabilirea unui plan de conturi customizat pe baza activitatilor specifice ale ASBL precum si a dimensiunii acesteia.<\/li><li>Suport oferit consiliului de administratori in stabilirea si aplicarea normelor contabile corespunzatoare.<\/li><li>Stabilirea bugetului anual \u0219i urmarirea periodica a incadrarii rezultatelor financiare in bugetul stabilit.<\/li><li>Activitatile necesare de contabilitate, inventare anuale, intocmirea rapoartelor financiare interimare.<\/li><li>Intocmirea conturilor statutare, a bilantului contabil, si a contului de profit \u0219i pierdere.<\/li><li>Depunerea situatiilor financiare anuale daca aceasta este ceruta de legislatia in vigoare, sau la cererea expresa a clientului.<\/li><li>Alocarea posibilelor profituri, \u00een conformitate cu legisla\u021bia pentru asocia\u021biile non-profit.<\/li><li>Obligatii fiscale in cazul imobilelor detinute; impozitarea patrimoniala.<\/li><li>Depunerea delaratiei de Impozit pe venit pentru opera\u021biunile impozabile ale asociatiilor.<\/li><li>Inregistrarea statutului de TVA al asociatiilor.<\/li><li>Analiza implicatiilor legale si fiscale in cazul donatiilor \u0219i sponsorizarilor obtinute de asocia\u021bii.<\/li><\/ul><\/li><\/ul>\n\n\n\n<p>Pentru informatii suplimentare, va rugam nu ezitati sa ne contactati.<\/p>\n\n\n\n<p><strong>BRUSSELS ACCOUNTANTS BVBA<\/strong><\/p>\n","protected":false},"excerpt":{"rendered":"<p>BRUXELLES ACCOUNTANTS&nbsp;poate fi un partener de incredere pentru organizatii non-profit (ASBL), de la constituire pana la eventuala dizolvare si lichidare a acestora. Oferim urmatoarele servicii in acest sens: Asistenta in obtinerea statutului juridic al &#8220;ASBL&#8221;. Elaborarea statutului organizatiei ASBL precum si &#8220;normele interne&#8221; suplimentare, daca este necesar. Consultanta tehnica cu privire la structura asocia\u021biei: membrii [&hellip;]<\/p>\n","protected":false},"author":1,"featured_media":0,"parent":586,"menu_order":0,"comment_status":"closed","ping_status":"closed","template":"","meta":{"footnotes":""},"class_list":["post-593","page","type-page","status-publish","hentry"],"acf":[],"yoast_head":"<!-- This site is optimized with the Yoast SEO plugin v27.4 - https:\/\/yoast.com\/product\/yoast-seo-wordpress\/ -->\n<title>ASOCIATII NON PROFIT - Brussels Accountants<\/title>\n<meta name=\"robots\" content=\"index, follow, max-snippet:-1, max-image-preview:large, max-video-preview:-1\" \/>\n<link rel=\"canonical\" href=\"https:\/\/www.brussels-accountants.be\/en\/servicii\/asociatii-non-profit\/\" \/>\n<meta property=\"og:locale\" content=\"en_US\" \/>\n<meta property=\"og:type\" content=\"article\" \/>\n<meta property=\"og:title\" content=\"ASOCIATII NON PROFIT - Brussels Accountants\" \/>\n<meta property=\"og:description\" content=\"BRUXELLES ACCOUNTANTS&nbsp;poate fi un partener de incredere pentru organizatii non-profit (ASBL), de la constituire pana la eventuala dizolvare si lichidare a acestora. Oferim urmatoarele servicii in acest sens: Asistenta in obtinerea statutului juridic al &#8220;ASBL&#8221;. Elaborarea statutului organizatiei ASBL precum si &#8220;normele interne&#8221; suplimentare, daca este necesar. Consultanta tehnica cu privire la structura asocia\u021biei: membrii [&hellip;]\" \/>\n<meta property=\"og:url\" content=\"https:\/\/www.brussels-accountants.be\/servicii\/asociatii-non-profit\/\" \/>\n<meta property=\"og:site_name\" content=\"Brussels Accountants\" \/>\n<meta property=\"article:modified_time\" content=\"2018-10-25T12:46:41+00:00\" \/>\n<meta name=\"twitter:card\" content=\"summary_large_image\" \/>\n<meta name=\"twitter:label1\" content=\"Est. reading time\" \/>\n\t<meta name=\"twitter:data1\" content=\"1 minute\" \/>\n<script type=\"application\/ld+json\" class=\"yoast-schema-graph\">{\"@context\":\"https:\\\/\\\/schema.org\",\"@graph\":[{\"@type\":\"WebPage\",\"@id\":\"https:\\\/\\\/www.brussels-accountants.be\\\/servicii\\\/asociatii-non-profit\\\/\",\"url\":\"https:\\\/\\\/www.brussels-accountants.be\\\/servicii\\\/asociatii-non-profit\\\/\",\"name\":\"ASOCIATII NON PROFIT - Brussels Accountants\",\"isPartOf\":{\"@id\":\"https:\\\/\\\/www.brussels-accountants.be\\\/#website\"},\"datePublished\":\"2018-10-25T12:46:39+00:00\",\"dateModified\":\"2018-10-25T12:46:41+00:00\",\"breadcrumb\":{\"@id\":\"https:\\\/\\\/www.brussels-accountants.be\\\/servicii\\\/asociatii-non-profit\\\/#breadcrumb\"},\"inLanguage\":\"en-US\",\"potentialAction\":[{\"@type\":\"ReadAction\",\"target\":[\"https:\\\/\\\/www.brussels-accountants.be\\\/servicii\\\/asociatii-non-profit\\\/\"]}]},{\"@type\":\"BreadcrumbList\",\"@id\":\"https:\\\/\\\/www.brussels-accountants.be\\\/servicii\\\/asociatii-non-profit\\\/#breadcrumb\",\"itemListElement\":[{\"@type\":\"ListItem\",\"position\":1,\"name\":\"Accueil\",\"item\":\"https:\\\/\\\/www.brussels-accountants.be\\\/\"},{\"@type\":\"ListItem\",\"position\":2,\"name\":\"Servicii\",\"item\":\"https:\\\/\\\/www.brussels-accountants.be\\\/\"},{\"@type\":\"ListItem\",\"position\":3,\"name\":\"ASOCIATII NON PROFIT\"}]},{\"@type\":\"WebSite\",\"@id\":\"https:\\\/\\\/www.brussels-accountants.be\\\/#website\",\"url\":\"https:\\\/\\\/www.brussels-accountants.be\\\/\",\"name\":\"Brussels Accountants\",\"description\":\"&lt;strong&gt;Brussels Accountants&lt;\\\/strong&gt; est une entreprise Internationale de comptabilit\u00e9 offrant \u00e0 ses clients une comptabilit\u00e9 appropri\u00e9e et une consultance optimis\u00e9e des imp\u00f4ts. Le cabinet est comp\u00e9tent au sein du contexte belge, pour les citoyens redevables de l\u2019imp\u00f4t belge. Nous sommes aussi reconnus en tant que guide fiable et compagnon pour les expatri\u00e9s qui ont besoin de constituer leur activit\u00e9, d&#039;en assurer la croissance et l\u2019organisation sur le territoire belge.\",\"publisher\":{\"@id\":\"https:\\\/\\\/www.brussels-accountants.be\\\/#organization\"},\"potentialAction\":[{\"@type\":\"SearchAction\",\"target\":{\"@type\":\"EntryPoint\",\"urlTemplate\":\"https:\\\/\\\/www.brussels-accountants.be\\\/?s={search_term_string}\"},\"query-input\":{\"@type\":\"PropertyValueSpecification\",\"valueRequired\":true,\"valueName\":\"search_term_string\"}}],\"inLanguage\":\"en-US\"},{\"@type\":\"Organization\",\"@id\":\"https:\\\/\\\/www.brussels-accountants.be\\\/#organization\",\"name\":\"Brussels Accountants\",\"url\":\"https:\\\/\\\/www.brussels-accountants.be\\\/\",\"logo\":{\"@type\":\"ImageObject\",\"inLanguage\":\"en-US\",\"@id\":\"https:\\\/\\\/www.brussels-accountants.be\\\/#\\\/schema\\\/logo\\\/image\\\/\",\"url\":\"https:\\\/\\\/www.brussels-accountants.be\\\/wp-content\\\/uploads\\\/2018\\\/10\\\/cropped-logo-medium.png\",\"contentUrl\":\"https:\\\/\\\/www.brussels-accountants.be\\\/wp-content\\\/uploads\\\/2018\\\/10\\\/cropped-logo-medium.png\",\"width\":512,\"height\":512,\"caption\":\"Brussels Accountants\"},\"image\":{\"@id\":\"https:\\\/\\\/www.brussels-accountants.be\\\/#\\\/schema\\\/logo\\\/image\\\/\"}}]}<\/script>\n<!-- \/ Yoast SEO plugin. -->","yoast_head_json":{"title":"ASOCIATII NON PROFIT - Brussels Accountants","robots":{"index":"index","follow":"follow","max-snippet":"max-snippet:-1","max-image-preview":"max-image-preview:large","max-video-preview":"max-video-preview:-1"},"canonical":"https:\/\/www.brussels-accountants.be\/en\/servicii\/asociatii-non-profit\/","og_locale":"en_US","og_type":"article","og_title":"ASOCIATII NON PROFIT - Brussels Accountants","og_description":"BRUXELLES ACCOUNTANTS&nbsp;poate fi un partener de incredere pentru organizatii non-profit (ASBL), de la constituire pana la eventuala dizolvare si lichidare a acestora. Oferim urmatoarele servicii in acest sens: Asistenta in obtinerea statutului juridic al &#8220;ASBL&#8221;. Elaborarea statutului organizatiei ASBL precum si &#8220;normele interne&#8221; suplimentare, daca este necesar. Consultanta tehnica cu privire la structura asocia\u021biei: membrii [&hellip;]","og_url":"https:\/\/www.brussels-accountants.be\/servicii\/asociatii-non-profit\/","og_site_name":"Brussels Accountants","article_modified_time":"2018-10-25T12:46:41+00:00","twitter_card":"summary_large_image","twitter_misc":{"Est. reading time":"1 minute"},"schema":{"@context":"https:\/\/schema.org","@graph":[{"@type":"WebPage","@id":"https:\/\/www.brussels-accountants.be\/servicii\/asociatii-non-profit\/","url":"https:\/\/www.brussels-accountants.be\/servicii\/asociatii-non-profit\/","name":"ASOCIATII NON PROFIT - Brussels Accountants","isPartOf":{"@id":"https:\/\/www.brussels-accountants.be\/#website"},"datePublished":"2018-10-25T12:46:39+00:00","dateModified":"2018-10-25T12:46:41+00:00","breadcrumb":{"@id":"https:\/\/www.brussels-accountants.be\/servicii\/asociatii-non-profit\/#breadcrumb"},"inLanguage":"en-US","potentialAction":[{"@type":"ReadAction","target":["https:\/\/www.brussels-accountants.be\/servicii\/asociatii-non-profit\/"]}]},{"@type":"BreadcrumbList","@id":"https:\/\/www.brussels-accountants.be\/servicii\/asociatii-non-profit\/#breadcrumb","itemListElement":[{"@type":"ListItem","position":1,"name":"Accueil","item":"https:\/\/www.brussels-accountants.be\/"},{"@type":"ListItem","position":2,"name":"Servicii","item":"https:\/\/www.brussels-accountants.be\/"},{"@type":"ListItem","position":3,"name":"ASOCIATII NON PROFIT"}]},{"@type":"WebSite","@id":"https:\/\/www.brussels-accountants.be\/#website","url":"https:\/\/www.brussels-accountants.be\/","name":"Brussels Accountants","description":"&lt;strong&gt;Brussels Accountants&lt;\/strong&gt; est une entreprise Internationale de comptabilit\u00e9 offrant \u00e0 ses clients une comptabilit\u00e9 appropri\u00e9e et une consultance optimis\u00e9e des imp\u00f4ts. Le cabinet est comp\u00e9tent au sein du contexte belge, pour les citoyens redevables de l\u2019imp\u00f4t belge. Nous sommes aussi reconnus en tant que guide fiable et compagnon pour les expatri\u00e9s qui ont besoin de constituer leur activit\u00e9, d&#039;en assurer la croissance et l\u2019organisation sur le territoire belge.","publisher":{"@id":"https:\/\/www.brussels-accountants.be\/#organization"},"potentialAction":[{"@type":"SearchAction","target":{"@type":"EntryPoint","urlTemplate":"https:\/\/www.brussels-accountants.be\/?s={search_term_string}"},"query-input":{"@type":"PropertyValueSpecification","valueRequired":true,"valueName":"search_term_string"}}],"inLanguage":"en-US"},{"@type":"Organization","@id":"https:\/\/www.brussels-accountants.be\/#organization","name":"Brussels Accountants","url":"https:\/\/www.brussels-accountants.be\/","logo":{"@type":"ImageObject","inLanguage":"en-US","@id":"https:\/\/www.brussels-accountants.be\/#\/schema\/logo\/image\/","url":"https:\/\/www.brussels-accountants.be\/wp-content\/uploads\/2018\/10\/cropped-logo-medium.png","contentUrl":"https:\/\/www.brussels-accountants.be\/wp-content\/uploads\/2018\/10\/cropped-logo-medium.png","width":512,"height":512,"caption":"Brussels Accountants"},"image":{"@id":"https:\/\/www.brussels-accountants.be\/#\/schema\/logo\/image\/"}}]}},"_links":{"self":[{"href":"https:\/\/www.brussels-accountants.be\/en\/wp-json\/wp\/v2\/pages\/593","targetHints":{"allow":["GET"]}}],"collection":[{"href":"https:\/\/www.brussels-accountants.be\/en\/wp-json\/wp\/v2\/pages"}],"about":[{"href":"https:\/\/www.brussels-accountants.be\/en\/wp-json\/wp\/v2\/types\/page"}],"author":[{"embeddable":true,"href":"https:\/\/www.brussels-accountants.be\/en\/wp-json\/wp\/v2\/users\/1"}],"replies":[{"embeddable":true,"href":"https:\/\/www.brussels-accountants.be\/en\/wp-json\/wp\/v2\/comments?post=593"}],"version-history":[{"count":1,"href":"https:\/\/www.brussels-accountants.be\/en\/wp-json\/wp\/v2\/pages\/593\/revisions"}],"predecessor-version":[{"id":595,"href":"https:\/\/www.brussels-accountants.be\/en\/wp-json\/wp\/v2\/pages\/593\/revisions\/595"}],"up":[{"embeddable":true,"href":"https:\/\/www.brussels-accountants.be\/en\/wp-json\/wp\/v2\/pages\/586"}],"wp:attachment":[{"href":"https:\/\/www.brussels-accountants.be\/en\/wp-json\/wp\/v2\/media?parent=593"}],"curies":[{"name":"wp","href":"https:\/\/api.w.org\/{rel}","templated":true}]}}