{"id":531,"date":"2018-10-25T14:24:45","date_gmt":"2018-10-25T12:24:45","guid":{"rendered":"https:\/\/www.fidupress.be\/ba\/?page_id=531"},"modified":"2020-06-11T20:26:37","modified_gmt":"2020-06-11T18:26:37","slug":"autonomo-seguridad-social","status":"publish","type":"page","link":"https:\/\/www.brussels-accountants.be\/en\/establecer-un-negocio-en-belgica\/autonomo-seguridad-social\/","title":{"rendered":"AUT\u00d3NOMO \u2013 SEGURIDAD SOCIAL"},"content":{"rendered":"\n<p>Las cotizaciones sociales trimestrales se calculan sobre la base de ingreso profesional neto<\/p>\n\n\n\n<p>Este ingreso neto es igual al ingreso bruto menos los gastos y, en caso de haber, las p\u00e9rdidas profesionales. El a\u00f1o de referencia es el mismo que el a\u00f1o de cotizaci\u00f3n.&nbsp;Para las cotizaciones del a\u00f1o 2015, el ingreso neto profesional ser\u00e1 el del a\u00f1o 2015.<\/p>\n\n\n\n<h2 class=\"wp-block-heading\">Aut\u00f3nomo principiante<\/h2>\n\n\n\n<p>Como trabajador aut\u00f3nomo principiante, sus ingresos para el c\u00e1lculo de las cotizaciones del a\u00f1o 2015 no se conocen todav\u00eda. Es por esto que, durante el periodo de inicio de la actividad (hasta el final del tercer a\u00f1o civil completo), se pagan cotizaciones provisionales. Estas cotizaciones provisionales son m\u00ednimas, calculadas por la ley en base de un ingreso de referencia ficticio ; para el a\u00f1o 2015, este ingreso es de 12.870,43\u20ac (para una actividad aut\u00f3noma principal).<\/p>\n\n\n\n<p>El aut\u00f3nomo tiene la opci\u00f3n de pagar las cotizaciones m\u00ednimas legales o las cotizaciones calculadas sobre una base de ingreso estimada por \u00e9l mismo. Una vez que las cotizaciones reales son conocidas, las cotizaciones provisionales pagadas ser\u00e1n regularizadas.<\/p>\n\n\n\n<h2 class=\"wp-block-heading\">Aut\u00f3nomo establecido<\/h2>\n\n\n\n<p>Como aut\u00f3nomo establecido, sus ingresos profesionales del a\u00f1o 2015 no se conocen todav\u00eda. Por tanto, unas cotizaciones provisionales ser\u00e1n reclamadas. Estas cotizaciones provisionales son calculadas sobre la base de ingreso del tercer a\u00f1o anterior al a\u00f1o de las cotizaciones que est\u00e1n siendo calculadas. Para estas cotizaciones hay unos importes m\u00ednimos establecidos por la legislaci\u00f3n y calculadas en base a un ingreso de referencia ficticio; Para el a\u00f1o 2015, este ingreso es de 12.870,43\u20ac (para una actividad aut\u00f3noma a t\u00edtulo principal). Una vez que se reciban los ingresos reales del a\u00f1o 2015, las cotizaciones ser\u00e1n regularizadas. Para el 2015 esto se realizar\u00e1 probablemente a principios del 2017.<\/p>\n\n\n\n<p>El aut\u00f3nomo tiene la opci\u00f3n de pagar las cotizaciones m\u00ednimas legales o las cotizaciones calculadas sobre un ingreso estimado por \u00e9l mismo.<\/p>\n\n\n\n<p>Si el aut\u00f3nomo puede llegar a demostrar que sus ingresos para el a\u00f1o 2015 ser\u00e1n inferiores a los ingresos del 2012 y que estar\u00e1n por debajo de los l\u00edmites establecidos (para una actividad a t\u00edtulo principal, los l\u00edmites son de 12.870,43\u20ac y 25.740,86\u20ac), puede pedir que las cotizaciones provisionales sean pagadas en base a estos l\u00edmites. Una vez que los ingresos reales sean conocidos, las cotizaciones provisionales pagadas ser\u00e1n regularizadas.<\/p>\n\n\n\n<p>Si la actividad de aut\u00f3nomo no es ejercida durante una a\u00f1o civil completo, las cotizaciones definitivas ser\u00e1n calculadas sobre una base de ingreso calculada en prorrata del a\u00f1o en cuesti\u00f3n. Las cotizaciones definitivas calculadas sobre un ingreso dividido entre el n\u00famero de trimestres trabajados multiplicados por 4.<\/p>\n\n\n\n<p>Ejemplo : Inicio de la actividad el 01.05.2016. Ingreso del a\u00f1o 2015 : 15.000,00\u20ac. Las cotizaciones definitivas ser\u00e1n calculadas en base a 15.000,00\u20ac\/3 * 4 = 20.000,00\u20ac<\/p>\n","protected":false},"excerpt":{"rendered":"<p>Las cotizaciones sociales trimestrales se calculan sobre la base de ingreso profesional neto Este ingreso neto es igual al ingreso bruto menos los gastos y, en caso de haber, las p\u00e9rdidas profesionales. El a\u00f1o de referencia es el mismo que el a\u00f1o de cotizaci\u00f3n.&nbsp;Para las cotizaciones del a\u00f1o 2015, el ingreso neto profesional ser\u00e1 el [&hellip;]<\/p>\n","protected":false},"author":1,"featured_media":0,"parent":522,"menu_order":0,"comment_status":"closed","ping_status":"closed","template":"","meta":{"footnotes":""},"class_list":["post-531","page","type-page","status-publish","hentry"],"acf":[],"yoast_head":"<!-- This site is optimized with the Yoast SEO plugin v27.3 - https:\/\/yoast.com\/product\/yoast-seo-wordpress\/ -->\n<title>AUT\u00d3NOMO \u2013 SEGURIDAD SOCIAL - Brussels Accountants<\/title>\n<meta name=\"robots\" content=\"index, follow, max-snippet:-1, max-image-preview:large, max-video-preview:-1\" \/>\n<link rel=\"canonical\" href=\"https:\/\/www.brussels-accountants.be\/en\/establecer-un-negocio-en-belgica\/autonomo-seguridad-social\/\" \/>\n<meta property=\"og:locale\" content=\"en_US\" \/>\n<meta property=\"og:type\" content=\"article\" \/>\n<meta property=\"og:title\" content=\"AUT\u00d3NOMO \u2013 SEGURIDAD SOCIAL - Brussels Accountants\" \/>\n<meta property=\"og:description\" content=\"Las cotizaciones sociales trimestrales se calculan sobre la base de ingreso profesional neto Este ingreso neto es igual al ingreso bruto menos los gastos y, en caso de haber, las p\u00e9rdidas profesionales. El a\u00f1o de referencia es el mismo que el a\u00f1o de cotizaci\u00f3n.&nbsp;Para las cotizaciones del a\u00f1o 2015, el ingreso neto profesional ser\u00e1 el [&hellip;]\" \/>\n<meta property=\"og:url\" content=\"https:\/\/www.brussels-accountants.be\/es\/establecer-un-negocio-en-belgica\/autonomo-seguridad-social\/\" \/>\n<meta property=\"og:site_name\" content=\"Brussels Accountants\" \/>\n<meta property=\"article:modified_time\" content=\"2020-06-11T18:26:37+00:00\" \/>\n<meta name=\"twitter:card\" content=\"summary_large_image\" \/>\n<meta name=\"twitter:label1\" content=\"Est. reading time\" \/>\n\t<meta name=\"twitter:data1\" content=\"2 minutes\" \/>\n<script type=\"application\/ld+json\" class=\"yoast-schema-graph\">{\"@context\":\"https:\\\/\\\/schema.org\",\"@graph\":[{\"@type\":\"WebPage\",\"@id\":\"https:\\\/\\\/www.brussels-accountants.be\\\/es\\\/establecer-un-negocio-en-belgica\\\/autonomo-seguridad-social\\\/\",\"url\":\"https:\\\/\\\/www.brussels-accountants.be\\\/es\\\/establecer-un-negocio-en-belgica\\\/autonomo-seguridad-social\\\/\",\"name\":\"AUT\u00d3NOMO \u2013 SEGURIDAD SOCIAL - Brussels Accountants\",\"isPartOf\":{\"@id\":\"https:\\\/\\\/www.brussels-accountants.be\\\/#website\"},\"datePublished\":\"2018-10-25T12:24:45+00:00\",\"dateModified\":\"2020-06-11T18:26:37+00:00\",\"breadcrumb\":{\"@id\":\"https:\\\/\\\/www.brussels-accountants.be\\\/es\\\/establecer-un-negocio-en-belgica\\\/autonomo-seguridad-social\\\/#breadcrumb\"},\"inLanguage\":\"en-US\",\"potentialAction\":[{\"@type\":\"ReadAction\",\"target\":[\"https:\\\/\\\/www.brussels-accountants.be\\\/es\\\/establecer-un-negocio-en-belgica\\\/autonomo-seguridad-social\\\/\"]}]},{\"@type\":\"BreadcrumbList\",\"@id\":\"https:\\\/\\\/www.brussels-accountants.be\\\/es\\\/establecer-un-negocio-en-belgica\\\/autonomo-seguridad-social\\\/#breadcrumb\",\"itemListElement\":[{\"@type\":\"ListItem\",\"position\":1,\"name\":\"Accueil\",\"item\":\"https:\\\/\\\/www.brussels-accountants.be\\\/\"},{\"@type\":\"ListItem\",\"position\":2,\"name\":\"Establecer un Negocio en B\u00e9lgica\",\"item\":\"https:\\\/\\\/www.brussels-accountants.be\\\/es\\\/establecer-un-negocio-en-belgica\\\/\"},{\"@type\":\"ListItem\",\"position\":3,\"name\":\"AUT\u00d3NOMO \u2013 SEGURIDAD SOCIAL\"}]},{\"@type\":\"WebSite\",\"@id\":\"https:\\\/\\\/www.brussels-accountants.be\\\/#website\",\"url\":\"https:\\\/\\\/www.brussels-accountants.be\\\/\",\"name\":\"Brussels Accountants\",\"description\":\"&lt;strong&gt;Brussels Accountants&lt;\\\/strong&gt; est une entreprise Internationale de comptabilit\u00e9 offrant \u00e0 ses clients une comptabilit\u00e9 appropri\u00e9e et une consultance optimis\u00e9e des imp\u00f4ts. Le cabinet est comp\u00e9tent au sein du contexte belge, pour les citoyens redevables de l\u2019imp\u00f4t belge. Nous sommes aussi reconnus en tant que guide fiable et compagnon pour les expatri\u00e9s qui ont besoin de constituer leur activit\u00e9, d&#039;en assurer la croissance et l\u2019organisation sur le territoire belge.\",\"publisher\":{\"@id\":\"https:\\\/\\\/www.brussels-accountants.be\\\/#organization\"},\"potentialAction\":[{\"@type\":\"SearchAction\",\"target\":{\"@type\":\"EntryPoint\",\"urlTemplate\":\"https:\\\/\\\/www.brussels-accountants.be\\\/?s={search_term_string}\"},\"query-input\":{\"@type\":\"PropertyValueSpecification\",\"valueRequired\":true,\"valueName\":\"search_term_string\"}}],\"inLanguage\":\"en-US\"},{\"@type\":\"Organization\",\"@id\":\"https:\\\/\\\/www.brussels-accountants.be\\\/#organization\",\"name\":\"Brussels Accountants\",\"url\":\"https:\\\/\\\/www.brussels-accountants.be\\\/\",\"logo\":{\"@type\":\"ImageObject\",\"inLanguage\":\"en-US\",\"@id\":\"https:\\\/\\\/www.brussels-accountants.be\\\/#\\\/schema\\\/logo\\\/image\\\/\",\"url\":\"https:\\\/\\\/www.brussels-accountants.be\\\/wp-content\\\/uploads\\\/2018\\\/10\\\/cropped-logo-medium.png\",\"contentUrl\":\"https:\\\/\\\/www.brussels-accountants.be\\\/wp-content\\\/uploads\\\/2018\\\/10\\\/cropped-logo-medium.png\",\"width\":512,\"height\":512,\"caption\":\"Brussels Accountants\"},\"image\":{\"@id\":\"https:\\\/\\\/www.brussels-accountants.be\\\/#\\\/schema\\\/logo\\\/image\\\/\"}}]}<\/script>\n<!-- \/ Yoast SEO plugin. -->","yoast_head_json":{"title":"AUT\u00d3NOMO \u2013 SEGURIDAD SOCIAL - Brussels Accountants","robots":{"index":"index","follow":"follow","max-snippet":"max-snippet:-1","max-image-preview":"max-image-preview:large","max-video-preview":"max-video-preview:-1"},"canonical":"https:\/\/www.brussels-accountants.be\/en\/establecer-un-negocio-en-belgica\/autonomo-seguridad-social\/","og_locale":"en_US","og_type":"article","og_title":"AUT\u00d3NOMO \u2013 SEGURIDAD SOCIAL - Brussels Accountants","og_description":"Las cotizaciones sociales trimestrales se calculan sobre la base de ingreso profesional neto Este ingreso neto es igual al ingreso bruto menos los gastos y, en caso de haber, las p\u00e9rdidas profesionales. El a\u00f1o de referencia es el mismo que el a\u00f1o de cotizaci\u00f3n.&nbsp;Para las cotizaciones del a\u00f1o 2015, el ingreso neto profesional ser\u00e1 el [&hellip;]","og_url":"https:\/\/www.brussels-accountants.be\/es\/establecer-un-negocio-en-belgica\/autonomo-seguridad-social\/","og_site_name":"Brussels Accountants","article_modified_time":"2020-06-11T18:26:37+00:00","twitter_card":"summary_large_image","twitter_misc":{"Est. reading time":"2 minutes"},"schema":{"@context":"https:\/\/schema.org","@graph":[{"@type":"WebPage","@id":"https:\/\/www.brussels-accountants.be\/es\/establecer-un-negocio-en-belgica\/autonomo-seguridad-social\/","url":"https:\/\/www.brussels-accountants.be\/es\/establecer-un-negocio-en-belgica\/autonomo-seguridad-social\/","name":"AUT\u00d3NOMO \u2013 SEGURIDAD SOCIAL - Brussels Accountants","isPartOf":{"@id":"https:\/\/www.brussels-accountants.be\/#website"},"datePublished":"2018-10-25T12:24:45+00:00","dateModified":"2020-06-11T18:26:37+00:00","breadcrumb":{"@id":"https:\/\/www.brussels-accountants.be\/es\/establecer-un-negocio-en-belgica\/autonomo-seguridad-social\/#breadcrumb"},"inLanguage":"en-US","potentialAction":[{"@type":"ReadAction","target":["https:\/\/www.brussels-accountants.be\/es\/establecer-un-negocio-en-belgica\/autonomo-seguridad-social\/"]}]},{"@type":"BreadcrumbList","@id":"https:\/\/www.brussels-accountants.be\/es\/establecer-un-negocio-en-belgica\/autonomo-seguridad-social\/#breadcrumb","itemListElement":[{"@type":"ListItem","position":1,"name":"Accueil","item":"https:\/\/www.brussels-accountants.be\/"},{"@type":"ListItem","position":2,"name":"Establecer un Negocio en B\u00e9lgica","item":"https:\/\/www.brussels-accountants.be\/es\/establecer-un-negocio-en-belgica\/"},{"@type":"ListItem","position":3,"name":"AUT\u00d3NOMO \u2013 SEGURIDAD SOCIAL"}]},{"@type":"WebSite","@id":"https:\/\/www.brussels-accountants.be\/#website","url":"https:\/\/www.brussels-accountants.be\/","name":"Brussels Accountants","description":"&lt;strong&gt;Brussels Accountants&lt;\/strong&gt; est une entreprise Internationale de comptabilit\u00e9 offrant \u00e0 ses clients une comptabilit\u00e9 appropri\u00e9e et une consultance optimis\u00e9e des imp\u00f4ts. Le cabinet est comp\u00e9tent au sein du contexte belge, pour les citoyens redevables de l\u2019imp\u00f4t belge. Nous sommes aussi reconnus en tant que guide fiable et compagnon pour les expatri\u00e9s qui ont besoin de constituer leur activit\u00e9, d&#039;en assurer la croissance et l\u2019organisation sur le territoire belge.","publisher":{"@id":"https:\/\/www.brussels-accountants.be\/#organization"},"potentialAction":[{"@type":"SearchAction","target":{"@type":"EntryPoint","urlTemplate":"https:\/\/www.brussels-accountants.be\/?s={search_term_string}"},"query-input":{"@type":"PropertyValueSpecification","valueRequired":true,"valueName":"search_term_string"}}],"inLanguage":"en-US"},{"@type":"Organization","@id":"https:\/\/www.brussels-accountants.be\/#organization","name":"Brussels Accountants","url":"https:\/\/www.brussels-accountants.be\/","logo":{"@type":"ImageObject","inLanguage":"en-US","@id":"https:\/\/www.brussels-accountants.be\/#\/schema\/logo\/image\/","url":"https:\/\/www.brussels-accountants.be\/wp-content\/uploads\/2018\/10\/cropped-logo-medium.png","contentUrl":"https:\/\/www.brussels-accountants.be\/wp-content\/uploads\/2018\/10\/cropped-logo-medium.png","width":512,"height":512,"caption":"Brussels Accountants"},"image":{"@id":"https:\/\/www.brussels-accountants.be\/#\/schema\/logo\/image\/"}}]}},"_links":{"self":[{"href":"https:\/\/www.brussels-accountants.be\/en\/wp-json\/wp\/v2\/pages\/531","targetHints":{"allow":["GET"]}}],"collection":[{"href":"https:\/\/www.brussels-accountants.be\/en\/wp-json\/wp\/v2\/pages"}],"about":[{"href":"https:\/\/www.brussels-accountants.be\/en\/wp-json\/wp\/v2\/types\/page"}],"author":[{"embeddable":true,"href":"https:\/\/www.brussels-accountants.be\/en\/wp-json\/wp\/v2\/users\/1"}],"replies":[{"embeddable":true,"href":"https:\/\/www.brussels-accountants.be\/en\/wp-json\/wp\/v2\/comments?post=531"}],"version-history":[{"count":1,"href":"https:\/\/www.brussels-accountants.be\/en\/wp-json\/wp\/v2\/pages\/531\/revisions"}],"predecessor-version":[{"id":532,"href":"https:\/\/www.brussels-accountants.be\/en\/wp-json\/wp\/v2\/pages\/531\/revisions\/532"}],"up":[{"embeddable":true,"href":"https:\/\/www.brussels-accountants.be\/en\/wp-json\/wp\/v2\/pages\/522"}],"wp:attachment":[{"href":"https:\/\/www.brussels-accountants.be\/en\/wp-json\/wp\/v2\/media?parent=531"}],"curies":[{"name":"wp","href":"https:\/\/api.w.org\/{rel}","templated":true}]}}