{"id":524,"date":"2018-10-25T14:18:18","date_gmt":"2018-10-25T12:18:18","guid":{"rendered":"https:\/\/www.fidupress.be\/ba\/?page_id=524"},"modified":"2022-08-25T07:59:31","modified_gmt":"2022-08-25T05:59:31","slug":"documentacion-a-tener-en-cuenta","status":"publish","type":"page","link":"https:\/\/www.brussels-accountants.be\/en\/establecer-un-negocio-en-belgica\/documentacion-a-tener-en-cuenta\/","title":{"rendered":"DOCUMENTACI\u00d3N A TENER EN CUENTA"},"content":{"rendered":"\n<h2 class=\"wp-block-heading\">Comienzo de una actividad independiente<\/h2>\n\n\n\n<p><strong>Procedimiento general:<\/strong><\/p>\n\n\n\n<ul class=\"wp-block-list\"><li>Ciertos formularios tienen que ser cumplimentados por TODAS las personas que&nbsp;deseen comenzar un negocio privado. Esto incluye:<\/li><li>Obtenci\u00f3n del n\u00famero fiscal<\/li><li>Afiliaci\u00f3n a la Seguridad Social<\/li><li>Afiliaci\u00f3n a un seguro privado de salud<\/li><li>Analizar las condiciones especiales para los europeos<\/li><li>Condiciones necesarias para desempe\u00f1ar una actividad independiente<\/li><\/ul>\n\n\n\n<h2 class=\"wp-block-heading\">Procedimiento administrativo<\/h2>\n\n\n\n<p>En&nbsp;<strong>BRUSSELS ACCOUNTANTS<\/strong>&nbsp;estamos habituados al procedimiento en cuanto a los tr\u00e1mites administrativos a realizar, con lo que podemos ahorrarle bastante tiempo y estr\u00e9s. Mediante una autorizaci\u00f3n por su parte, podremos tramitar todo el papeleo relativo a la BCE con el fin de obtener su n\u00famero fiscal. En punto de partida es obtener la aceptaci\u00f3n de su diploma por las autoridades competentes<strong>.<\/strong><\/p>\n\n\n\n<p>En el caso de que su diploma no sea aceptado, puede ser v\u00e1lido el de un pariente cercano suyo como su esposo\/a, padre\/madre o hermano\/a. Si usted no pertenece a la Uni\u00f3n Europea, entonces necesita un permiso de trabajo especial para aut\u00f3nomos. Tambi\u00e9n&nbsp;podemos aconsejarle en este t\u00e9rmino.<\/p>\n\n\n\n<h2 class=\"wp-block-heading\">Informaci\u00f3n a proporcionar<\/h2>\n\n\n\n<p>\u2022 Incluye su nombre y apellidos, sexo, profesi\u00f3n, domicilio, lugar y fecha de nacimiento. As\u00ed como su n\u00famero de documento de identidad o pasaporte.<\/p>\n\n\n\n<p>\u2022 Particularidades en cuanto a su actividad comercial: Nombre comercial, si es diferente al suyo, direcci\u00f3n, actividad y fecha de comienzo de la misma.<\/p>\n\n\n\n<h2 class=\"wp-block-heading\">El coste del registro de la empresa<\/h2>\n\n\n\n<p>El coste del registro de la empresa es de 100 euros. Puede variar un poco el precio, pero no mucho mas, dependiendo de la naturaleza del cambio.<\/p>\n\n\n\n<h2 class=\"wp-block-heading\">Registro del n\u00famero de Identificaci\u00f3n Fiscal<\/h2>\n\n\n\n<p>Si su negocio est\u00e1 sujeto al IVA, el siguiente paso para nosotros es activar su n\u00famero de Identificaci\u00f3n Fiscal en su distrito.&nbsp;<strong>BRUSSELS ACCOUNTANTS<\/strong>&nbsp;puede aconsejarle en cuanto a la sujeci\u00f3n de su negocio al IVA.<\/p>\n\n\n\n<p>Como aut\u00f3nomo, usted debe afiliarse a la SeguridadSocial(<em>caisse<\/em><em>&nbsp;de&nbsp;<\/em><em>cotisations<\/em>&nbsp;<em>sociales<\/em><em>&nbsp;\/&nbsp;<\/em><em>sociale<\/em><em>verzekeringskas<\/em>), casi el mismo d\u00eda del comienzo de su actividad.&nbsp;<strong>BRUSSELS ACCOUNTANTS<\/strong>&nbsp;tiene un contrato de cooperaci\u00f3n con Partena. Para m\u00e1s informaci\u00f3n en cuanto al nivel de su contribuci\u00f3n, dir\u00edjase a la p\u00e1gina \u201cCotizaciones ala Seguridad Social\u201d.<\/p>\n\n\n\n<h2 class=\"wp-block-heading\">Empresas<\/h2>\n\n\n\n<p>Cuando comienza una actividad empresarial, la mayor\u00eda de las formalidades y registros son los mismos que para un aut\u00f3nomo.<\/p>\n","protected":false},"excerpt":{"rendered":"<p>Comienzo de una actividad independiente Procedimiento general: Ciertos formularios tienen que ser cumplimentados por TODAS las personas que&nbsp;deseen comenzar un negocio privado. Esto incluye: Obtenci\u00f3n del n\u00famero fiscal Afiliaci\u00f3n a la Seguridad Social Afiliaci\u00f3n a un seguro privado de salud Analizar las condiciones especiales para los europeos Condiciones necesarias para desempe\u00f1ar una actividad independiente Procedimiento [&hellip;]<\/p>\n","protected":false},"author":1,"featured_media":0,"parent":522,"menu_order":0,"comment_status":"closed","ping_status":"closed","template":"","meta":{"footnotes":""},"class_list":["post-524","page","type-page","status-publish","hentry"],"acf":[],"yoast_head":"<!-- This site is optimized with the Yoast SEO plugin v27.3 - https:\/\/yoast.com\/product\/yoast-seo-wordpress\/ -->\n<title>DOCUMENTACI\u00d3N A TENER EN CUENTA - Brussels Accountants<\/title>\n<meta name=\"robots\" content=\"index, follow, max-snippet:-1, max-image-preview:large, max-video-preview:-1\" \/>\n<link rel=\"canonical\" href=\"https:\/\/www.brussels-accountants.be\/en\/establecer-un-negocio-en-belgica\/documentacion-a-tener-en-cuenta\/\" \/>\n<meta property=\"og:locale\" content=\"en_US\" \/>\n<meta property=\"og:type\" content=\"article\" \/>\n<meta property=\"og:title\" content=\"DOCUMENTACI\u00d3N A TENER EN CUENTA - Brussels Accountants\" \/>\n<meta property=\"og:description\" content=\"Comienzo de una actividad independiente Procedimiento general: Ciertos formularios tienen que ser cumplimentados por TODAS las personas que&nbsp;deseen comenzar un negocio privado. Esto incluye: Obtenci\u00f3n del n\u00famero fiscal Afiliaci\u00f3n a la Seguridad Social Afiliaci\u00f3n a un seguro privado de salud Analizar las condiciones especiales para los europeos Condiciones necesarias para desempe\u00f1ar una actividad independiente Procedimiento [&hellip;]\" \/>\n<meta property=\"og:url\" content=\"https:\/\/www.brussels-accountants.be\/es\/establecer-un-negocio-en-belgica\/documentacion-a-tener-en-cuenta\/\" \/>\n<meta property=\"og:site_name\" content=\"Brussels Accountants\" \/>\n<meta property=\"article:modified_time\" content=\"2022-08-25T05:59:31+00:00\" \/>\n<meta name=\"twitter:card\" content=\"summary_large_image\" \/>\n<meta name=\"twitter:label1\" content=\"Est. reading time\" \/>\n\t<meta name=\"twitter:data1\" content=\"2 minutes\" \/>\n<script type=\"application\/ld+json\" class=\"yoast-schema-graph\">{\"@context\":\"https:\\\/\\\/schema.org\",\"@graph\":[{\"@type\":\"WebPage\",\"@id\":\"https:\\\/\\\/www.brussels-accountants.be\\\/es\\\/establecer-un-negocio-en-belgica\\\/documentacion-a-tener-en-cuenta\\\/\",\"url\":\"https:\\\/\\\/www.brussels-accountants.be\\\/es\\\/establecer-un-negocio-en-belgica\\\/documentacion-a-tener-en-cuenta\\\/\",\"name\":\"DOCUMENTACI\u00d3N A TENER EN CUENTA - Brussels Accountants\",\"isPartOf\":{\"@id\":\"https:\\\/\\\/www.brussels-accountants.be\\\/#website\"},\"datePublished\":\"2018-10-25T12:18:18+00:00\",\"dateModified\":\"2022-08-25T05:59:31+00:00\",\"breadcrumb\":{\"@id\":\"https:\\\/\\\/www.brussels-accountants.be\\\/es\\\/establecer-un-negocio-en-belgica\\\/documentacion-a-tener-en-cuenta\\\/#breadcrumb\"},\"inLanguage\":\"en-US\",\"potentialAction\":[{\"@type\":\"ReadAction\",\"target\":[\"https:\\\/\\\/www.brussels-accountants.be\\\/es\\\/establecer-un-negocio-en-belgica\\\/documentacion-a-tener-en-cuenta\\\/\"]}]},{\"@type\":\"BreadcrumbList\",\"@id\":\"https:\\\/\\\/www.brussels-accountants.be\\\/es\\\/establecer-un-negocio-en-belgica\\\/documentacion-a-tener-en-cuenta\\\/#breadcrumb\",\"itemListElement\":[{\"@type\":\"ListItem\",\"position\":1,\"name\":\"Accueil\",\"item\":\"https:\\\/\\\/www.brussels-accountants.be\\\/\"},{\"@type\":\"ListItem\",\"position\":2,\"name\":\"Establecer un Negocio en B\u00e9lgica\",\"item\":\"https:\\\/\\\/www.brussels-accountants.be\\\/es\\\/establecer-un-negocio-en-belgica\\\/\"},{\"@type\":\"ListItem\",\"position\":3,\"name\":\"DOCUMENTACI\u00d3N A TENER EN CUENTA\"}]},{\"@type\":\"WebSite\",\"@id\":\"https:\\\/\\\/www.brussels-accountants.be\\\/#website\",\"url\":\"https:\\\/\\\/www.brussels-accountants.be\\\/\",\"name\":\"Brussels Accountants\",\"description\":\"&lt;strong&gt;Brussels Accountants&lt;\\\/strong&gt; est une entreprise Internationale de comptabilit\u00e9 offrant \u00e0 ses clients une comptabilit\u00e9 appropri\u00e9e et une consultance optimis\u00e9e des imp\u00f4ts. Le cabinet est comp\u00e9tent au sein du contexte belge, pour les citoyens redevables de l\u2019imp\u00f4t belge. Nous sommes aussi reconnus en tant que guide fiable et compagnon pour les expatri\u00e9s qui ont besoin de constituer leur activit\u00e9, d&#039;en assurer la croissance et l\u2019organisation sur le territoire belge.\",\"publisher\":{\"@id\":\"https:\\\/\\\/www.brussels-accountants.be\\\/#organization\"},\"potentialAction\":[{\"@type\":\"SearchAction\",\"target\":{\"@type\":\"EntryPoint\",\"urlTemplate\":\"https:\\\/\\\/www.brussels-accountants.be\\\/?s={search_term_string}\"},\"query-input\":{\"@type\":\"PropertyValueSpecification\",\"valueRequired\":true,\"valueName\":\"search_term_string\"}}],\"inLanguage\":\"en-US\"},{\"@type\":\"Organization\",\"@id\":\"https:\\\/\\\/www.brussels-accountants.be\\\/#organization\",\"name\":\"Brussels Accountants\",\"url\":\"https:\\\/\\\/www.brussels-accountants.be\\\/\",\"logo\":{\"@type\":\"ImageObject\",\"inLanguage\":\"en-US\",\"@id\":\"https:\\\/\\\/www.brussels-accountants.be\\\/#\\\/schema\\\/logo\\\/image\\\/\",\"url\":\"https:\\\/\\\/www.brussels-accountants.be\\\/wp-content\\\/uploads\\\/2018\\\/10\\\/cropped-logo-medium.png\",\"contentUrl\":\"https:\\\/\\\/www.brussels-accountants.be\\\/wp-content\\\/uploads\\\/2018\\\/10\\\/cropped-logo-medium.png\",\"width\":512,\"height\":512,\"caption\":\"Brussels Accountants\"},\"image\":{\"@id\":\"https:\\\/\\\/www.brussels-accountants.be\\\/#\\\/schema\\\/logo\\\/image\\\/\"}}]}<\/script>\n<!-- \/ Yoast SEO plugin. -->","yoast_head_json":{"title":"DOCUMENTACI\u00d3N A TENER EN CUENTA - Brussels Accountants","robots":{"index":"index","follow":"follow","max-snippet":"max-snippet:-1","max-image-preview":"max-image-preview:large","max-video-preview":"max-video-preview:-1"},"canonical":"https:\/\/www.brussels-accountants.be\/en\/establecer-un-negocio-en-belgica\/documentacion-a-tener-en-cuenta\/","og_locale":"en_US","og_type":"article","og_title":"DOCUMENTACI\u00d3N A TENER EN CUENTA - Brussels Accountants","og_description":"Comienzo de una actividad independiente Procedimiento general: Ciertos formularios tienen que ser cumplimentados por TODAS las personas que&nbsp;deseen comenzar un negocio privado. Esto incluye: Obtenci\u00f3n del n\u00famero fiscal Afiliaci\u00f3n a la Seguridad Social Afiliaci\u00f3n a un seguro privado de salud Analizar las condiciones especiales para los europeos Condiciones necesarias para desempe\u00f1ar una actividad independiente Procedimiento [&hellip;]","og_url":"https:\/\/www.brussels-accountants.be\/es\/establecer-un-negocio-en-belgica\/documentacion-a-tener-en-cuenta\/","og_site_name":"Brussels Accountants","article_modified_time":"2022-08-25T05:59:31+00:00","twitter_card":"summary_large_image","twitter_misc":{"Est. reading time":"2 minutes"},"schema":{"@context":"https:\/\/schema.org","@graph":[{"@type":"WebPage","@id":"https:\/\/www.brussels-accountants.be\/es\/establecer-un-negocio-en-belgica\/documentacion-a-tener-en-cuenta\/","url":"https:\/\/www.brussels-accountants.be\/es\/establecer-un-negocio-en-belgica\/documentacion-a-tener-en-cuenta\/","name":"DOCUMENTACI\u00d3N A TENER EN CUENTA - Brussels Accountants","isPartOf":{"@id":"https:\/\/www.brussels-accountants.be\/#website"},"datePublished":"2018-10-25T12:18:18+00:00","dateModified":"2022-08-25T05:59:31+00:00","breadcrumb":{"@id":"https:\/\/www.brussels-accountants.be\/es\/establecer-un-negocio-en-belgica\/documentacion-a-tener-en-cuenta\/#breadcrumb"},"inLanguage":"en-US","potentialAction":[{"@type":"ReadAction","target":["https:\/\/www.brussels-accountants.be\/es\/establecer-un-negocio-en-belgica\/documentacion-a-tener-en-cuenta\/"]}]},{"@type":"BreadcrumbList","@id":"https:\/\/www.brussels-accountants.be\/es\/establecer-un-negocio-en-belgica\/documentacion-a-tener-en-cuenta\/#breadcrumb","itemListElement":[{"@type":"ListItem","position":1,"name":"Accueil","item":"https:\/\/www.brussels-accountants.be\/"},{"@type":"ListItem","position":2,"name":"Establecer un Negocio en B\u00e9lgica","item":"https:\/\/www.brussels-accountants.be\/es\/establecer-un-negocio-en-belgica\/"},{"@type":"ListItem","position":3,"name":"DOCUMENTACI\u00d3N A TENER EN CUENTA"}]},{"@type":"WebSite","@id":"https:\/\/www.brussels-accountants.be\/#website","url":"https:\/\/www.brussels-accountants.be\/","name":"Brussels Accountants","description":"&lt;strong&gt;Brussels Accountants&lt;\/strong&gt; est une entreprise Internationale de comptabilit\u00e9 offrant \u00e0 ses clients une comptabilit\u00e9 appropri\u00e9e et une consultance optimis\u00e9e des imp\u00f4ts. Le cabinet est comp\u00e9tent au sein du contexte belge, pour les citoyens redevables de l\u2019imp\u00f4t belge. Nous sommes aussi reconnus en tant que guide fiable et compagnon pour les expatri\u00e9s qui ont besoin de constituer leur activit\u00e9, d&#039;en assurer la croissance et l\u2019organisation sur le territoire belge.","publisher":{"@id":"https:\/\/www.brussels-accountants.be\/#organization"},"potentialAction":[{"@type":"SearchAction","target":{"@type":"EntryPoint","urlTemplate":"https:\/\/www.brussels-accountants.be\/?s={search_term_string}"},"query-input":{"@type":"PropertyValueSpecification","valueRequired":true,"valueName":"search_term_string"}}],"inLanguage":"en-US"},{"@type":"Organization","@id":"https:\/\/www.brussels-accountants.be\/#organization","name":"Brussels Accountants","url":"https:\/\/www.brussels-accountants.be\/","logo":{"@type":"ImageObject","inLanguage":"en-US","@id":"https:\/\/www.brussels-accountants.be\/#\/schema\/logo\/image\/","url":"https:\/\/www.brussels-accountants.be\/wp-content\/uploads\/2018\/10\/cropped-logo-medium.png","contentUrl":"https:\/\/www.brussels-accountants.be\/wp-content\/uploads\/2018\/10\/cropped-logo-medium.png","width":512,"height":512,"caption":"Brussels Accountants"},"image":{"@id":"https:\/\/www.brussels-accountants.be\/#\/schema\/logo\/image\/"}}]}},"_links":{"self":[{"href":"https:\/\/www.brussels-accountants.be\/en\/wp-json\/wp\/v2\/pages\/524","targetHints":{"allow":["GET"]}}],"collection":[{"href":"https:\/\/www.brussels-accountants.be\/en\/wp-json\/wp\/v2\/pages"}],"about":[{"href":"https:\/\/www.brussels-accountants.be\/en\/wp-json\/wp\/v2\/types\/page"}],"author":[{"embeddable":true,"href":"https:\/\/www.brussels-accountants.be\/en\/wp-json\/wp\/v2\/users\/1"}],"replies":[{"embeddable":true,"href":"https:\/\/www.brussels-accountants.be\/en\/wp-json\/wp\/v2\/comments?post=524"}],"version-history":[{"count":10,"href":"https:\/\/www.brussels-accountants.be\/en\/wp-json\/wp\/v2\/pages\/524\/revisions"}],"predecessor-version":[{"id":2256,"href":"https:\/\/www.brussels-accountants.be\/en\/wp-json\/wp\/v2\/pages\/524\/revisions\/2256"}],"up":[{"embeddable":true,"href":"https:\/\/www.brussels-accountants.be\/en\/wp-json\/wp\/v2\/pages\/522"}],"wp:attachment":[{"href":"https:\/\/www.brussels-accountants.be\/en\/wp-json\/wp\/v2\/media?parent=524"}],"curies":[{"name":"wp","href":"https:\/\/api.w.org\/{rel}","templated":true}]}}