{"id":522,"date":"2018-10-25T14:16:42","date_gmt":"2018-10-25T12:16:42","guid":{"rendered":"https:\/\/www.fidupress.be\/ba\/?page_id=522"},"modified":"2022-08-25T07:23:33","modified_gmt":"2022-08-25T05:23:33","slug":"establecer-un-negocio-en-belgica","status":"publish","type":"page","link":"https:\/\/www.brussels-accountants.be\/en\/establecer-un-negocio-en-belgica\/","title":{"rendered":"Establecer un Negocio en B\u00e9lgica"},"content":{"rendered":"\n<p><strong>BRUSSELS ACCOUNTANTS &nbsp;<\/strong>es una firma independiente de contables especializados en la comunidad de expatriados con una gran reputaci\u00f3n en cuanto a su servicio personalizado. Proporcionamos servicios contables, legales y financieros numerosas empresas internacionales, sociaciones, fundaciones y ONG\u00b4s.<\/p>\n\n\n\n<p>B\u00e9lgica tiene dos lenguas oficiales principales Flamenco y Franc\u00e9s, en nuestra oficina trabajamos en ambas lenguas y la mayor\u00eda de nosotros habla perfectamente el ingl\u00e9s ya que es su lengua materna.<\/p>\n\n\n\n<p><strong>BRUSSELS ACCOUNTANTS proporciona los siguientes servicios:<\/strong><\/p>\n\n\n\n<ul class=\"wp-block-list\"><li>Impuestos anuales (tanto para personas f\u00edsicas como morales, inclusive los no residentes),<\/li><li>IVA,<\/li><li>Presentaci\u00f3n de cuantas anuales al Banco Nacional de B\u00e9lgica,<\/li><li>Elaboraci\u00f3n de libros contables,<\/li><li>Establecimiento de compa\u00f1\u00edas y sucursales (SRL\/BV \u2013 SA\/NV),<\/li><li>Activaci\u00f3n del n\u00famero de IVA,<\/li><li>Registro de actividades independientes en la BCE-KBO,<\/li><li>Registro en la Seguridad Social (aut\u00f3nomos),<\/li><li>Consejos legales y fiscales,<\/li><li>Estudios de doble tasaci\u00f3n,<\/li><li>C\u00f3digo de Empresas y Asociaciones.<\/li><\/ul>\n\n\n\n<h2 class=\"wp-block-heading\">INFORMACI\u00d3N ADICIONAL&nbsp;<\/h2>\n\n\n\n<p><a href=\"\/es\/establecer-un-negocio-en-belgica\/documentacion-a-tener-en-cuenta\/\">Haga click aqu\u00ed<\/a>&nbsp;para&nbsp;obtener informaci\u00f3n sobre&nbsp;<strong>los servicios de Brussels Accountants ofrece en cuanto a los registros fiscales<\/strong><br><a href=\"\/es\/establecer-un-negocio-en-belgica\/sociedad-o-autonomo\/\">Haga click aqu\u00ed<\/a>&nbsp;para obtener informaci\u00f3n sobre<strong>&nbsp;la creaci\u00f3n de una empresa o actividad independiente<\/strong><br><a href=\"\/es\/establecer-un-negocio-en-belgica\/autonomo-seguridad-social\/\">Haga click aqu\u00ed<\/a>&nbsp;para obtener informaci\u00f3n sobre&nbsp;<strong>la afiliaci\u00f3n a la Seguridad Social<\/strong><br><a href=\"\/es\/establecer-un-negocio-en-belgica\/impuesto-belga-sobre-el-beneficio\/\">Haga click aqu\u00ed&nbsp;<\/a>para obtener informaci\u00f3n sobre&nbsp;<strong>los ingresos tasables belgas<\/strong><br><a href=\"\/es\/establecer-un-negocio-en-belgica\/iva-belga\/\">Haga click aqu\u00ed<\/a>&nbsp;para obtener informaci\u00f3n sobre&nbsp;<strong>el IVA<\/strong><br><a href=\"https:\/\/www.brussels-accountants.be\/es\/sprl-ou-scs\/\" target=\"_blank\" rel=\"noreferrer noopener\">Haga click aqu\u00ed<\/a>&nbsp;para obtener informaci\u00f3n sobre <strong>SPRL y SCS<\/strong><\/p>\n","protected":false},"excerpt":{"rendered":"<p>BRUSSELS ACCOUNTANTS &nbsp;es una firma independiente de contables especializados en la comunidad de expatriados con una gran reputaci\u00f3n en cuanto a su servicio personalizado. Proporcionamos servicios contables, legales y financieros numerosas empresas internacionales, sociaciones, fundaciones y ONG\u00b4s. B\u00e9lgica tiene dos lenguas oficiales principales Flamenco y Franc\u00e9s, en nuestra oficina trabajamos en ambas lenguas y la [&hellip;]<\/p>\n","protected":false},"author":1,"featured_media":0,"parent":0,"menu_order":0,"comment_status":"closed","ping_status":"closed","template":"","meta":{"footnotes":""},"class_list":["post-522","page","type-page","status-publish","hentry"],"acf":[],"yoast_head":"<!-- This site is optimized with the Yoast SEO plugin v27.3 - https:\/\/yoast.com\/product\/yoast-seo-wordpress\/ -->\n<title>Establecer un Negocio en B\u00e9lgica - Brussels Accountants<\/title>\n<meta name=\"robots\" content=\"index, follow, max-snippet:-1, max-image-preview:large, max-video-preview:-1\" \/>\n<link rel=\"canonical\" href=\"https:\/\/www.brussels-accountants.be\/en\/establecer-un-negocio-en-belgica\/\" \/>\n<meta property=\"og:locale\" content=\"en_US\" \/>\n<meta property=\"og:type\" content=\"article\" \/>\n<meta property=\"og:title\" content=\"Establecer un Negocio en B\u00e9lgica - Brussels Accountants\" \/>\n<meta property=\"og:description\" content=\"BRUSSELS ACCOUNTANTS &nbsp;es una firma independiente de contables especializados en la comunidad de expatriados con una gran reputaci\u00f3n en cuanto a su servicio personalizado. Proporcionamos servicios contables, legales y financieros numerosas empresas internacionales, sociaciones, fundaciones y ONG\u00b4s. B\u00e9lgica tiene dos lenguas oficiales principales Flamenco y Franc\u00e9s, en nuestra oficina trabajamos en ambas lenguas y la [&hellip;]\" \/>\n<meta property=\"og:url\" content=\"https:\/\/www.brussels-accountants.be\/es\/establecer-un-negocio-en-belgica\/\" \/>\n<meta property=\"og:site_name\" content=\"Brussels Accountants\" \/>\n<meta property=\"article:modified_time\" content=\"2022-08-25T05:23:33+00:00\" \/>\n<meta name=\"twitter:card\" content=\"summary_large_image\" \/>\n<meta name=\"twitter:label1\" content=\"Est. reading time\" \/>\n\t<meta name=\"twitter:data1\" content=\"2 minutes\" \/>\n<script type=\"application\/ld+json\" class=\"yoast-schema-graph\">{\"@context\":\"https:\\\/\\\/schema.org\",\"@graph\":[{\"@type\":\"WebPage\",\"@id\":\"https:\\\/\\\/www.brussels-accountants.be\\\/es\\\/establecer-un-negocio-en-belgica\\\/\",\"url\":\"https:\\\/\\\/www.brussels-accountants.be\\\/es\\\/establecer-un-negocio-en-belgica\\\/\",\"name\":\"Establecer un Negocio en B\u00e9lgica - Brussels Accountants\",\"isPartOf\":{\"@id\":\"https:\\\/\\\/www.brussels-accountants.be\\\/#website\"},\"datePublished\":\"2018-10-25T12:16:42+00:00\",\"dateModified\":\"2022-08-25T05:23:33+00:00\",\"breadcrumb\":{\"@id\":\"https:\\\/\\\/www.brussels-accountants.be\\\/es\\\/establecer-un-negocio-en-belgica\\\/#breadcrumb\"},\"inLanguage\":\"en-US\",\"potentialAction\":[{\"@type\":\"ReadAction\",\"target\":[\"https:\\\/\\\/www.brussels-accountants.be\\\/es\\\/establecer-un-negocio-en-belgica\\\/\"]}]},{\"@type\":\"BreadcrumbList\",\"@id\":\"https:\\\/\\\/www.brussels-accountants.be\\\/es\\\/establecer-un-negocio-en-belgica\\\/#breadcrumb\",\"itemListElement\":[{\"@type\":\"ListItem\",\"position\":1,\"name\":\"Accueil\",\"item\":\"https:\\\/\\\/www.brussels-accountants.be\\\/\"},{\"@type\":\"ListItem\",\"position\":2,\"name\":\"Establecer un Negocio en B\u00e9lgica\"}]},{\"@type\":\"WebSite\",\"@id\":\"https:\\\/\\\/www.brussels-accountants.be\\\/#website\",\"url\":\"https:\\\/\\\/www.brussels-accountants.be\\\/\",\"name\":\"Brussels Accountants\",\"description\":\"&lt;strong&gt;Brussels Accountants&lt;\\\/strong&gt; est une entreprise Internationale de comptabilit\u00e9 offrant \u00e0 ses clients une comptabilit\u00e9 appropri\u00e9e et une consultance optimis\u00e9e des imp\u00f4ts. Le cabinet est comp\u00e9tent au sein du contexte belge, pour les citoyens redevables de l\u2019imp\u00f4t belge. Nous sommes aussi reconnus en tant que guide fiable et compagnon pour les expatri\u00e9s qui ont besoin de constituer leur activit\u00e9, d&#039;en assurer la croissance et l\u2019organisation sur le territoire belge.\",\"publisher\":{\"@id\":\"https:\\\/\\\/www.brussels-accountants.be\\\/#organization\"},\"potentialAction\":[{\"@type\":\"SearchAction\",\"target\":{\"@type\":\"EntryPoint\",\"urlTemplate\":\"https:\\\/\\\/www.brussels-accountants.be\\\/?s={search_term_string}\"},\"query-input\":{\"@type\":\"PropertyValueSpecification\",\"valueRequired\":true,\"valueName\":\"search_term_string\"}}],\"inLanguage\":\"en-US\"},{\"@type\":\"Organization\",\"@id\":\"https:\\\/\\\/www.brussels-accountants.be\\\/#organization\",\"name\":\"Brussels Accountants\",\"url\":\"https:\\\/\\\/www.brussels-accountants.be\\\/\",\"logo\":{\"@type\":\"ImageObject\",\"inLanguage\":\"en-US\",\"@id\":\"https:\\\/\\\/www.brussels-accountants.be\\\/#\\\/schema\\\/logo\\\/image\\\/\",\"url\":\"https:\\\/\\\/www.brussels-accountants.be\\\/wp-content\\\/uploads\\\/2018\\\/10\\\/cropped-logo-medium.png\",\"contentUrl\":\"https:\\\/\\\/www.brussels-accountants.be\\\/wp-content\\\/uploads\\\/2018\\\/10\\\/cropped-logo-medium.png\",\"width\":512,\"height\":512,\"caption\":\"Brussels Accountants\"},\"image\":{\"@id\":\"https:\\\/\\\/www.brussels-accountants.be\\\/#\\\/schema\\\/logo\\\/image\\\/\"}}]}<\/script>\n<!-- \/ Yoast SEO plugin. -->","yoast_head_json":{"title":"Establecer un Negocio en B\u00e9lgica - Brussels Accountants","robots":{"index":"index","follow":"follow","max-snippet":"max-snippet:-1","max-image-preview":"max-image-preview:large","max-video-preview":"max-video-preview:-1"},"canonical":"https:\/\/www.brussels-accountants.be\/en\/establecer-un-negocio-en-belgica\/","og_locale":"en_US","og_type":"article","og_title":"Establecer un Negocio en B\u00e9lgica - Brussels Accountants","og_description":"BRUSSELS ACCOUNTANTS &nbsp;es una firma independiente de contables especializados en la comunidad de expatriados con una gran reputaci\u00f3n en cuanto a su servicio personalizado. Proporcionamos servicios contables, legales y financieros numerosas empresas internacionales, sociaciones, fundaciones y ONG\u00b4s. B\u00e9lgica tiene dos lenguas oficiales principales Flamenco y Franc\u00e9s, en nuestra oficina trabajamos en ambas lenguas y la [&hellip;]","og_url":"https:\/\/www.brussels-accountants.be\/es\/establecer-un-negocio-en-belgica\/","og_site_name":"Brussels Accountants","article_modified_time":"2022-08-25T05:23:33+00:00","twitter_card":"summary_large_image","twitter_misc":{"Est. reading time":"2 minutes"},"schema":{"@context":"https:\/\/schema.org","@graph":[{"@type":"WebPage","@id":"https:\/\/www.brussels-accountants.be\/es\/establecer-un-negocio-en-belgica\/","url":"https:\/\/www.brussels-accountants.be\/es\/establecer-un-negocio-en-belgica\/","name":"Establecer un Negocio en B\u00e9lgica - Brussels Accountants","isPartOf":{"@id":"https:\/\/www.brussels-accountants.be\/#website"},"datePublished":"2018-10-25T12:16:42+00:00","dateModified":"2022-08-25T05:23:33+00:00","breadcrumb":{"@id":"https:\/\/www.brussels-accountants.be\/es\/establecer-un-negocio-en-belgica\/#breadcrumb"},"inLanguage":"en-US","potentialAction":[{"@type":"ReadAction","target":["https:\/\/www.brussels-accountants.be\/es\/establecer-un-negocio-en-belgica\/"]}]},{"@type":"BreadcrumbList","@id":"https:\/\/www.brussels-accountants.be\/es\/establecer-un-negocio-en-belgica\/#breadcrumb","itemListElement":[{"@type":"ListItem","position":1,"name":"Accueil","item":"https:\/\/www.brussels-accountants.be\/"},{"@type":"ListItem","position":2,"name":"Establecer un Negocio en B\u00e9lgica"}]},{"@type":"WebSite","@id":"https:\/\/www.brussels-accountants.be\/#website","url":"https:\/\/www.brussels-accountants.be\/","name":"Brussels Accountants","description":"&lt;strong&gt;Brussels Accountants&lt;\/strong&gt; est une entreprise Internationale de comptabilit\u00e9 offrant \u00e0 ses clients une comptabilit\u00e9 appropri\u00e9e et une consultance optimis\u00e9e des imp\u00f4ts. Le cabinet est comp\u00e9tent au sein du contexte belge, pour les citoyens redevables de l\u2019imp\u00f4t belge. Nous sommes aussi reconnus en tant que guide fiable et compagnon pour les expatri\u00e9s qui ont besoin de constituer leur activit\u00e9, d&#039;en assurer la croissance et l\u2019organisation sur le territoire belge.","publisher":{"@id":"https:\/\/www.brussels-accountants.be\/#organization"},"potentialAction":[{"@type":"SearchAction","target":{"@type":"EntryPoint","urlTemplate":"https:\/\/www.brussels-accountants.be\/?s={search_term_string}"},"query-input":{"@type":"PropertyValueSpecification","valueRequired":true,"valueName":"search_term_string"}}],"inLanguage":"en-US"},{"@type":"Organization","@id":"https:\/\/www.brussels-accountants.be\/#organization","name":"Brussels Accountants","url":"https:\/\/www.brussels-accountants.be\/","logo":{"@type":"ImageObject","inLanguage":"en-US","@id":"https:\/\/www.brussels-accountants.be\/#\/schema\/logo\/image\/","url":"https:\/\/www.brussels-accountants.be\/wp-content\/uploads\/2018\/10\/cropped-logo-medium.png","contentUrl":"https:\/\/www.brussels-accountants.be\/wp-content\/uploads\/2018\/10\/cropped-logo-medium.png","width":512,"height":512,"caption":"Brussels Accountants"},"image":{"@id":"https:\/\/www.brussels-accountants.be\/#\/schema\/logo\/image\/"}}]}},"_links":{"self":[{"href":"https:\/\/www.brussels-accountants.be\/en\/wp-json\/wp\/v2\/pages\/522","targetHints":{"allow":["GET"]}}],"collection":[{"href":"https:\/\/www.brussels-accountants.be\/en\/wp-json\/wp\/v2\/pages"}],"about":[{"href":"https:\/\/www.brussels-accountants.be\/en\/wp-json\/wp\/v2\/types\/page"}],"author":[{"embeddable":true,"href":"https:\/\/www.brussels-accountants.be\/en\/wp-json\/wp\/v2\/users\/1"}],"replies":[{"embeddable":true,"href":"https:\/\/www.brussels-accountants.be\/en\/wp-json\/wp\/v2\/comments?post=522"}],"version-history":[{"count":10,"href":"https:\/\/www.brussels-accountants.be\/en\/wp-json\/wp\/v2\/pages\/522\/revisions"}],"predecessor-version":[{"id":2242,"href":"https:\/\/www.brussels-accountants.be\/en\/wp-json\/wp\/v2\/pages\/522\/revisions\/2242"}],"wp:attachment":[{"href":"https:\/\/www.brussels-accountants.be\/en\/wp-json\/wp\/v2\/media?parent=522"}],"curies":[{"name":"wp","href":"https:\/\/api.w.org\/{rel}","templated":true}]}}