{"id":512,"date":"2018-10-25T14:10:05","date_gmt":"2018-10-25T12:10:05","guid":{"rendered":"https:\/\/www.fidupress.be\/ba\/?page_id=512"},"modified":"2022-01-07T12:10:01","modified_gmt":"2022-01-07T11:10:01","slug":"empresas","status":"publish","type":"page","link":"https:\/\/www.brussels-accountants.be\/en\/servicios\/empresas\/","title":{"rendered":"Empresas"},"content":{"rendered":"\n<p><strong>BRUSSELS ACCOUNTANTS ayuda a aut\u00f3nomos y compa\u00f1\u00edas a cumplir con sus obligaciones fiscales y contables.<\/strong><\/p>\n\n\n\n<h2 class=\"wp-block-heading\">1\u00b0Constituci\u00f3n de una sociedad<\/h2>\n\n\n\n<p>En algunos casos, es recomendable comenzar la actividad como aut\u00f3nomo mientras se esta en el proceso de constituci\u00f3n de su propio negocio (por ejemplo, la obtenci\u00f3n del c\u00f3digo de identificaci\u00f3n fiscal que se asigna a cada compa\u00f1\u00eda).<\/p>\n\n\n\n<p>Trabajamos junto con el cliente para encontrar la forma jur\u00eddica m\u00e1s apropiada  (SPRL, SA, SComm). El punto de vista fiscal juega un papel muy importante a la hora de realizar la elecci\u00f3n.<\/p>\n\n\n\n<p>Algunas veces, puede ser beneficioso crear la llamada \u201csociedad civil\u201d forma jur\u00eddica distinta de las comunes sociedades comerciales. Esto debe ser detenidamente considerado por ejemplo para las firmas de abogados.<\/p>\n\n\n\n<p>Es posible as\u00ed mismo crear una uni\u00f3n temporal de empresas o asociaciones, por ejemplo, en el desarrollo de una actividad inmobiliaria con varios inversores.<\/p>\n\n\n\n<h2 class=\"wp-block-heading\">2\u00b0 Servicios contables<\/h2>\n\n\n\n<p>Los servicios contables son establecidos espec\u00edficamente para cada compa\u00f1\u00eda seg\u00fan su naturaleza jur\u00eddica. A trav\u00e9s de la realizaci\u00f3n de las cuentas anuales obtenemos una imagen fiel de la misma (esto es, p\u00e9rdidas y ganancias para los aut\u00f3nomos y para las empresas a\u00f1adimos el balance).&nbsp;<strong>BRUSSELS ACCOUNTANTS<\/strong>&nbsp;puede ayudarle con estas obligaciones.<\/p>\n\n\n\n<h2 class=\"wp-block-heading\">3\u00b0 An\u00e1lisis financiero<\/h2>\n\n\n\n<p>Dependiendo de las necesidades de cada cliente, las cuentas anuales pueden no ser las \u00fanicos informes que necesite, pero s\u00ed los mas detenidamente analizados y los que deben ser publicados. Una vez cumplidas sus obligaciones fiscales y contables, el cliente es libre de decidir que otro tipo de asistencia necesita para la buena gesti\u00f3n de su empresa.&nbsp;<strong>BRUSSELS ACCOUNTANTS&nbsp;<\/strong>estar\u00e1 all\u00ed para ofrecerle su asistencia y mostrarle el buen camino a seguir.<\/p>\n\n\n\n<p>Algunos clientes necesitan tener un an\u00e1lisis de gastos por departamento o por entidad, as\u00ed como su contribuci\u00f3n al resultado general de la empresa. Otros sin embargo, les gustar\u00eda poder analizar cada proyecto de ventas por separado. Algunas veces es necesario desglosar los diferentes tipos de gastos entre fijos y variables o, por departamento o evento. Todo tipo de informaci\u00f3n puede ser proporcionada en una perfecta cooperaci\u00f3n con el cliente. La contabilidad puede ser algo m\u00e1s que simplemente una obligaci\u00f3n legal que proporcione una informaci\u00f3n financiera b\u00e1sica, puede llegar a ser un potente instrumento para la direcci\u00f3n de la empresa.<\/p>\n\n\n\n<h2 class=\"wp-block-heading\">4\u00b0 Obligaciones fiscales<\/h2>\n\n\n\n<p>Nos encargamos de elaborar y asesorar a las empresas en sus declaraciones, ya sea en lo referente al impuesto de sociedades, el IVA o impuestos locales.<\/p>\n\n\n\n<h2 class=\"wp-block-heading\">5\u00b0&nbsp;Legislaci\u00f3n empresarial<\/h2>\n\n\n\n<p><strong>BRUSSELS ACCOUNTANTS&nbsp;<\/strong>&nbsp;le asistir\u00e1 en el cumplimiento de las leyes mercantiles belgas y le aconsejara en la correcta aplicaci\u00f3n de las mismas en su compa\u00f1\u00eda.<\/p>\n\n\n\n<p>Como gabinete contable autorizado, informes espec\u00edficos a la hora de restructurar compa\u00f1\u00edas (por ejemplo fusiones o liquidaciones), pueden ser elaborados para el cliente.<\/p>\n\n\n\n<h2 class=\"wp-block-heading\">6\u00b0 Valorizaci\u00f3n de acciones<\/h2>\n\n\n\n<p>Bajo su petici\u00f3n, podemos aconsejar un valor neutro para las acciones de su empresa.<\/p>\n\n\n\n<p>Estar\u00edamos encantados de ofrecerle este servicio<\/p>\n\n\n\n<p><strong>BRUSSELS ACCOUNTANTS<\/strong>&nbsp;<strong>BVBA<\/strong><\/p>\n","protected":false},"excerpt":{"rendered":"<p>BRUSSELS ACCOUNTANTS ayuda a aut\u00f3nomos y compa\u00f1\u00edas a cumplir con sus obligaciones fiscales y contables. 1\u00b0Constituci\u00f3n de una sociedad En algunos casos, es recomendable comenzar la actividad como aut\u00f3nomo mientras se esta en el proceso de constituci\u00f3n de su propio negocio (por ejemplo, la obtenci\u00f3n del c\u00f3digo de identificaci\u00f3n fiscal que se asigna a cada [&hellip;]<\/p>\n","protected":false},"author":1,"featured_media":0,"parent":506,"menu_order":0,"comment_status":"closed","ping_status":"closed","template":"","meta":{"footnotes":""},"class_list":["post-512","page","type-page","status-publish","hentry"],"acf":[],"yoast_head":"<!-- This site is optimized with the Yoast SEO plugin v27.4 - https:\/\/yoast.com\/product\/yoast-seo-wordpress\/ -->\n<title>Empresas - Brussels Accountants<\/title>\n<meta name=\"robots\" content=\"index, follow, max-snippet:-1, max-image-preview:large, max-video-preview:-1\" \/>\n<link rel=\"canonical\" href=\"https:\/\/www.brussels-accountants.be\/en\/servicios\/empresas\/\" \/>\n<meta property=\"og:locale\" content=\"en_US\" \/>\n<meta property=\"og:type\" content=\"article\" \/>\n<meta property=\"og:title\" content=\"Empresas - Brussels Accountants\" \/>\n<meta property=\"og:description\" content=\"BRUSSELS ACCOUNTANTS ayuda a aut\u00f3nomos y compa\u00f1\u00edas a cumplir con sus obligaciones fiscales y contables. 1\u00b0Constituci\u00f3n de una sociedad En algunos casos, es recomendable comenzar la actividad como aut\u00f3nomo mientras se esta en el proceso de constituci\u00f3n de su propio negocio (por ejemplo, la obtenci\u00f3n del c\u00f3digo de identificaci\u00f3n fiscal que se asigna a cada [&hellip;]\" \/>\n<meta property=\"og:url\" content=\"https:\/\/www.brussels-accountants.be\/servicios\/empresas\/\" \/>\n<meta property=\"og:site_name\" content=\"Brussels Accountants\" \/>\n<meta property=\"article:modified_time\" content=\"2022-01-07T11:10:01+00:00\" \/>\n<meta name=\"twitter:card\" content=\"summary_large_image\" \/>\n<meta name=\"twitter:label1\" content=\"Est. reading time\" \/>\n\t<meta name=\"twitter:data1\" content=\"3 minutes\" \/>\n<script type=\"application\/ld+json\" class=\"yoast-schema-graph\">{\"@context\":\"https:\\\/\\\/schema.org\",\"@graph\":[{\"@type\":\"WebPage\",\"@id\":\"https:\\\/\\\/www.brussels-accountants.be\\\/servicios\\\/empresas\\\/\",\"url\":\"https:\\\/\\\/www.brussels-accountants.be\\\/servicios\\\/empresas\\\/\",\"name\":\"Empresas - Brussels Accountants\",\"isPartOf\":{\"@id\":\"https:\\\/\\\/www.brussels-accountants.be\\\/#website\"},\"datePublished\":\"2018-10-25T12:10:05+00:00\",\"dateModified\":\"2022-01-07T11:10:01+00:00\",\"breadcrumb\":{\"@id\":\"https:\\\/\\\/www.brussels-accountants.be\\\/servicios\\\/empresas\\\/#breadcrumb\"},\"inLanguage\":\"en-US\",\"potentialAction\":[{\"@type\":\"ReadAction\",\"target\":[\"https:\\\/\\\/www.brussels-accountants.be\\\/servicios\\\/empresas\\\/\"]}]},{\"@type\":\"BreadcrumbList\",\"@id\":\"https:\\\/\\\/www.brussels-accountants.be\\\/servicios\\\/empresas\\\/#breadcrumb\",\"itemListElement\":[{\"@type\":\"ListItem\",\"position\":1,\"name\":\"Accueil\",\"item\":\"https:\\\/\\\/www.brussels-accountants.be\\\/\"},{\"@type\":\"ListItem\",\"position\":2,\"name\":\"Servicios\",\"item\":\"https:\\\/\\\/www.brussels-accountants.be\\\/servicios\\\/\"},{\"@type\":\"ListItem\",\"position\":3,\"name\":\"Empresas\"}]},{\"@type\":\"WebSite\",\"@id\":\"https:\\\/\\\/www.brussels-accountants.be\\\/#website\",\"url\":\"https:\\\/\\\/www.brussels-accountants.be\\\/\",\"name\":\"Brussels Accountants\",\"description\":\"&lt;strong&gt;Brussels Accountants&lt;\\\/strong&gt; est une entreprise Internationale de comptabilit\u00e9 offrant \u00e0 ses clients une comptabilit\u00e9 appropri\u00e9e et une consultance optimis\u00e9e des imp\u00f4ts. Le cabinet est comp\u00e9tent au sein du contexte belge, pour les citoyens redevables de l\u2019imp\u00f4t belge. Nous sommes aussi reconnus en tant que guide fiable et compagnon pour les expatri\u00e9s qui ont besoin de constituer leur activit\u00e9, d&#039;en assurer la croissance et l\u2019organisation sur le territoire belge.\",\"publisher\":{\"@id\":\"https:\\\/\\\/www.brussels-accountants.be\\\/#organization\"},\"potentialAction\":[{\"@type\":\"SearchAction\",\"target\":{\"@type\":\"EntryPoint\",\"urlTemplate\":\"https:\\\/\\\/www.brussels-accountants.be\\\/?s={search_term_string}\"},\"query-input\":{\"@type\":\"PropertyValueSpecification\",\"valueRequired\":true,\"valueName\":\"search_term_string\"}}],\"inLanguage\":\"en-US\"},{\"@type\":\"Organization\",\"@id\":\"https:\\\/\\\/www.brussels-accountants.be\\\/#organization\",\"name\":\"Brussels Accountants\",\"url\":\"https:\\\/\\\/www.brussels-accountants.be\\\/\",\"logo\":{\"@type\":\"ImageObject\",\"inLanguage\":\"en-US\",\"@id\":\"https:\\\/\\\/www.brussels-accountants.be\\\/#\\\/schema\\\/logo\\\/image\\\/\",\"url\":\"https:\\\/\\\/www.brussels-accountants.be\\\/wp-content\\\/uploads\\\/2018\\\/10\\\/cropped-logo-medium.png\",\"contentUrl\":\"https:\\\/\\\/www.brussels-accountants.be\\\/wp-content\\\/uploads\\\/2018\\\/10\\\/cropped-logo-medium.png\",\"width\":512,\"height\":512,\"caption\":\"Brussels Accountants\"},\"image\":{\"@id\":\"https:\\\/\\\/www.brussels-accountants.be\\\/#\\\/schema\\\/logo\\\/image\\\/\"}}]}<\/script>\n<!-- \/ Yoast SEO plugin. -->","yoast_head_json":{"title":"Empresas - Brussels Accountants","robots":{"index":"index","follow":"follow","max-snippet":"max-snippet:-1","max-image-preview":"max-image-preview:large","max-video-preview":"max-video-preview:-1"},"canonical":"https:\/\/www.brussels-accountants.be\/en\/servicios\/empresas\/","og_locale":"en_US","og_type":"article","og_title":"Empresas - Brussels Accountants","og_description":"BRUSSELS ACCOUNTANTS ayuda a aut\u00f3nomos y compa\u00f1\u00edas a cumplir con sus obligaciones fiscales y contables. 1\u00b0Constituci\u00f3n de una sociedad En algunos casos, es recomendable comenzar la actividad como aut\u00f3nomo mientras se esta en el proceso de constituci\u00f3n de su propio negocio (por ejemplo, la obtenci\u00f3n del c\u00f3digo de identificaci\u00f3n fiscal que se asigna a cada [&hellip;]","og_url":"https:\/\/www.brussels-accountants.be\/servicios\/empresas\/","og_site_name":"Brussels Accountants","article_modified_time":"2022-01-07T11:10:01+00:00","twitter_card":"summary_large_image","twitter_misc":{"Est. reading time":"3 minutes"},"schema":{"@context":"https:\/\/schema.org","@graph":[{"@type":"WebPage","@id":"https:\/\/www.brussels-accountants.be\/servicios\/empresas\/","url":"https:\/\/www.brussels-accountants.be\/servicios\/empresas\/","name":"Empresas - Brussels Accountants","isPartOf":{"@id":"https:\/\/www.brussels-accountants.be\/#website"},"datePublished":"2018-10-25T12:10:05+00:00","dateModified":"2022-01-07T11:10:01+00:00","breadcrumb":{"@id":"https:\/\/www.brussels-accountants.be\/servicios\/empresas\/#breadcrumb"},"inLanguage":"en-US","potentialAction":[{"@type":"ReadAction","target":["https:\/\/www.brussels-accountants.be\/servicios\/empresas\/"]}]},{"@type":"BreadcrumbList","@id":"https:\/\/www.brussels-accountants.be\/servicios\/empresas\/#breadcrumb","itemListElement":[{"@type":"ListItem","position":1,"name":"Accueil","item":"https:\/\/www.brussels-accountants.be\/"},{"@type":"ListItem","position":2,"name":"Servicios","item":"https:\/\/www.brussels-accountants.be\/servicios\/"},{"@type":"ListItem","position":3,"name":"Empresas"}]},{"@type":"WebSite","@id":"https:\/\/www.brussels-accountants.be\/#website","url":"https:\/\/www.brussels-accountants.be\/","name":"Brussels Accountants","description":"&lt;strong&gt;Brussels Accountants&lt;\/strong&gt; est une entreprise Internationale de comptabilit\u00e9 offrant \u00e0 ses clients une comptabilit\u00e9 appropri\u00e9e et une consultance optimis\u00e9e des imp\u00f4ts. Le cabinet est comp\u00e9tent au sein du contexte belge, pour les citoyens redevables de l\u2019imp\u00f4t belge. Nous sommes aussi reconnus en tant que guide fiable et compagnon pour les expatri\u00e9s qui ont besoin de constituer leur activit\u00e9, d&#039;en assurer la croissance et l\u2019organisation sur le territoire belge.","publisher":{"@id":"https:\/\/www.brussels-accountants.be\/#organization"},"potentialAction":[{"@type":"SearchAction","target":{"@type":"EntryPoint","urlTemplate":"https:\/\/www.brussels-accountants.be\/?s={search_term_string}"},"query-input":{"@type":"PropertyValueSpecification","valueRequired":true,"valueName":"search_term_string"}}],"inLanguage":"en-US"},{"@type":"Organization","@id":"https:\/\/www.brussels-accountants.be\/#organization","name":"Brussels Accountants","url":"https:\/\/www.brussels-accountants.be\/","logo":{"@type":"ImageObject","inLanguage":"en-US","@id":"https:\/\/www.brussels-accountants.be\/#\/schema\/logo\/image\/","url":"https:\/\/www.brussels-accountants.be\/wp-content\/uploads\/2018\/10\/cropped-logo-medium.png","contentUrl":"https:\/\/www.brussels-accountants.be\/wp-content\/uploads\/2018\/10\/cropped-logo-medium.png","width":512,"height":512,"caption":"Brussels Accountants"},"image":{"@id":"https:\/\/www.brussels-accountants.be\/#\/schema\/logo\/image\/"}}]}},"_links":{"self":[{"href":"https:\/\/www.brussels-accountants.be\/en\/wp-json\/wp\/v2\/pages\/512","targetHints":{"allow":["GET"]}}],"collection":[{"href":"https:\/\/www.brussels-accountants.be\/en\/wp-json\/wp\/v2\/pages"}],"about":[{"href":"https:\/\/www.brussels-accountants.be\/en\/wp-json\/wp\/v2\/types\/page"}],"author":[{"embeddable":true,"href":"https:\/\/www.brussels-accountants.be\/en\/wp-json\/wp\/v2\/users\/1"}],"replies":[{"embeddable":true,"href":"https:\/\/www.brussels-accountants.be\/en\/wp-json\/wp\/v2\/comments?post=512"}],"version-history":[{"count":2,"href":"https:\/\/www.brussels-accountants.be\/en\/wp-json\/wp\/v2\/pages\/512\/revisions"}],"predecessor-version":[{"id":1876,"href":"https:\/\/www.brussels-accountants.be\/en\/wp-json\/wp\/v2\/pages\/512\/revisions\/1876"}],"up":[{"embeddable":true,"href":"https:\/\/www.brussels-accountants.be\/en\/wp-json\/wp\/v2\/pages\/506"}],"wp:attachment":[{"href":"https:\/\/www.brussels-accountants.be\/en\/wp-json\/wp\/v2\/media?parent=512"}],"curies":[{"name":"wp","href":"https:\/\/api.w.org\/{rel}","templated":true}]}}