{"id":306,"date":"2018-10-23T16:16:57","date_gmt":"2018-10-23T14:16:57","guid":{"rendered":"https:\/\/www.fidupress.be\/ba\/?page_id=306"},"modified":"2022-08-22T11:48:00","modified_gmt":"2022-08-22T09:48:00","slug":"officiele-registratie-als-zelfstandige","status":"publish","type":"page","link":"https:\/\/www.brussels-accountants.be\/en\/opstart-van-een-nieuwe-economische-activiteit\/officiele-registratie-als-zelfstandige\/","title":{"rendered":"Offici\u00eble registratie als zelfstandige"},"content":{"rendered":"\n<p><strong>BRUSSELS ACCOUNTANTS<\/strong>\u00a0kan via een ondernemingsloket inschrijving aanvragen in de Kruispunt Bank van Ondernemingen en op deze wijze een ondernemingsnummer bekomen voor iedere vennootschap of zelfstandige. Gelijktijdig wordt de zelfstandige of zaakvoerder (van vennootschap) aangesloten bij de sociale kas voor zelfstandigen waaraan op kwartaalbasis de sociale bijdragen zullen moeten worden betaald. Aanvraag van een ondernemingsnummer kan ook op bijberoepelijke basis, hetgeen mogelijks afhankelijk van de omvang van het inkomen tot lagere sociale bijdragen kan leiden. Bijberoepelijk zelfstandige worden heeft als voorwaarde dat er reeds een activiteit als bediende lopende is (of dat er minstens reeds een ander regime van sociaal statuut bestaat). Heel erg belangrijk tot het vlot bekomen van een ondernemingsnummer is het diploma van de kandidaat-zelfstandige. Bij afwijzing of ontbreken van een geldig verklaard diploma moet er naar alternatieve oplossingen worden gezocht.\u00a0<strong>BRUSSELS ACCOUNTANTS<\/strong>\u00a0heeft een vlotte samenwerking met ondernemingsloket Partena en kan snel duidelijkheid verkrijgen over de al dan niet toereikendheid van eender welk diploma waar ook ter wereld behaald. De kostprijs van de verplichte administratieve tussenkomst van het ondernemingsloket is ca. 100 euro. Bij een eerste bezoek aan\u00a0<strong>BRUSSELS ACCOUNTANTS<\/strong>\u00a0omtrent de aanvang van een zelfstandige activiteit (ongeacht of dit als freelancer of via een vennootschap zal gebeuren) is om het laatst en\/of meest gekwlificeerde diploma mee te brengen ten einde hierover snel duidelijkheid te krijgen. Het is ook nuttig om voorafgaandelijk de NACE-kodes in te kijken en aan te duiden welke economische activiteiten worden beoogd om uit te voeren. Uiteraard dient\u00a0<strong>BRUSSELS ACCOUNTANTS<\/strong>\u00a0ook een kopie te vragen van paspoort en\/of identiteitskaart en verblijfsgegevens.<\/p>\n\n\n\n<p>Tenzij er een wettelijke vrijstelling van BTW-verplichting bestaat (bv sommige VZWs, journalisten), wordt het ondernemingsnummer bij het lokaal bevoegde BTW-kantoor ook geactiveerd voor BTW-doeleinden. Doorgaans leidt dit tot de verplichting tot trimestri\u00eble BTW-aangiften, maar grotere ondernemingen hebben de plicht om hun BTW-aangiften maandelijks te doen. Een actief Belgisch BTW-nummer is steeds EG-intracommunautair geldig. De mogelijkheid om binnen een Europse context grensoverschrijdende business-to-business diensten aan klanten te factureren zonder 21% Belgische BTW mag niet worden verward met de verplichting om een actief BTW-nummer aan te vragen.&nbsp;<strong>BRUSSELS ACCOUNTANTS<\/strong>&nbsp;beschikt over alle nodige expertise in dit verband.<\/p>\n\n\n\n<p>Tenzij er op basis van internationale criteria een vrijstelling bestaat in Belgi\u00eb (A1, voormalig E101-formulier), zorgt&nbsp;<strong>BRUSSELS ACCOUNTANTS<\/strong>&nbsp;zoals hierboven aangegeven voor de tijdige inschrijving bij een sociale kas en berekent het samen met cli\u00ebnt de passende bijdragen ten einde na het versturen en het inkohieren van de belastingaangifte met geen onaangename verrassingen aangaande sociale bijdragen voor zelfstandigen te worden geconfronteerd.<\/p>\n\n\n\n<p>Ondernemingen (vennootschappen), niet eenmanszaken:<\/p>\n\n\n\n<p>Indien wordt besloten om de economische activiteit te organiseren vanuit een rechtspersoon (en dus niet op freelance-basis gelinkt aan de identiteit van de cli\u00ebnt zelf), zijn hogervermelde verplichtingen eveneens van toepassing en wordt dit evenzeer voor de cli\u00ebnt uitgevoerd.<\/p>\n","protected":false},"excerpt":{"rendered":"<p>BRUSSELS ACCOUNTANTS\u00a0kan via een ondernemingsloket inschrijving aanvragen in de Kruispunt Bank van Ondernemingen en op deze wijze een ondernemingsnummer bekomen voor iedere vennootschap of zelfstandige. Gelijktijdig wordt de zelfstandige of zaakvoerder (van vennootschap) aangesloten bij de sociale kas voor zelfstandigen waaraan op kwartaalbasis de sociale bijdragen zullen moeten worden betaald. Aanvraag van een ondernemingsnummer kan [&hellip;]<\/p>\n","protected":false},"author":1,"featured_media":0,"parent":289,"menu_order":0,"comment_status":"closed","ping_status":"closed","template":"","meta":{"footnotes":""},"class_list":["post-306","page","type-page","status-publish","hentry"],"acf":[],"yoast_head":"<!-- This site is optimized with the Yoast SEO plugin v27.3 - https:\/\/yoast.com\/product\/yoast-seo-wordpress\/ -->\n<title>Offici\u00eble registratie als zelfstandige - Brussels Accountants<\/title>\n<meta name=\"robots\" content=\"index, follow, max-snippet:-1, max-image-preview:large, max-video-preview:-1\" \/>\n<link rel=\"canonical\" href=\"https:\/\/www.brussels-accountants.be\/en\/opstart-van-een-nieuwe-economische-activiteit\/officiele-registratie-als-zelfstandige\/\" \/>\n<meta property=\"og:locale\" content=\"en_US\" \/>\n<meta property=\"og:type\" content=\"article\" \/>\n<meta property=\"og:title\" content=\"Offici\u00eble registratie als zelfstandige - Brussels Accountants\" \/>\n<meta property=\"og:description\" content=\"BRUSSELS ACCOUNTANTS\u00a0kan via een ondernemingsloket inschrijving aanvragen in de Kruispunt Bank van Ondernemingen en op deze wijze een ondernemingsnummer bekomen voor iedere vennootschap of zelfstandige. Gelijktijdig wordt de zelfstandige of zaakvoerder (van vennootschap) aangesloten bij de sociale kas voor zelfstandigen waaraan op kwartaalbasis de sociale bijdragen zullen moeten worden betaald. Aanvraag van een ondernemingsnummer kan [&hellip;]\" \/>\n<meta property=\"og:url\" content=\"https:\/\/www.brussels-accountants.be\/nl\/opstart-van-een-nieuwe-economische-activiteit\/officiele-registratie-als-zelfstandige\/\" \/>\n<meta property=\"og:site_name\" content=\"Brussels Accountants\" \/>\n<meta property=\"article:modified_time\" content=\"2022-08-22T09:48:00+00:00\" \/>\n<meta name=\"twitter:card\" content=\"summary_large_image\" \/>\n<meta name=\"twitter:label1\" content=\"Est. reading time\" \/>\n\t<meta name=\"twitter:data1\" content=\"3 minutes\" \/>\n<script type=\"application\/ld+json\" class=\"yoast-schema-graph\">{\"@context\":\"https:\\\/\\\/schema.org\",\"@graph\":[{\"@type\":\"WebPage\",\"@id\":\"https:\\\/\\\/www.brussels-accountants.be\\\/nl\\\/opstart-van-een-nieuwe-economische-activiteit\\\/officiele-registratie-als-zelfstandige\\\/\",\"url\":\"https:\\\/\\\/www.brussels-accountants.be\\\/nl\\\/opstart-van-een-nieuwe-economische-activiteit\\\/officiele-registratie-als-zelfstandige\\\/\",\"name\":\"Offici\u00eble registratie als zelfstandige - Brussels Accountants\",\"isPartOf\":{\"@id\":\"https:\\\/\\\/www.brussels-accountants.be\\\/#website\"},\"datePublished\":\"2018-10-23T14:16:57+00:00\",\"dateModified\":\"2022-08-22T09:48:00+00:00\",\"breadcrumb\":{\"@id\":\"https:\\\/\\\/www.brussels-accountants.be\\\/nl\\\/opstart-van-een-nieuwe-economische-activiteit\\\/officiele-registratie-als-zelfstandige\\\/#breadcrumb\"},\"inLanguage\":\"en-US\",\"potentialAction\":[{\"@type\":\"ReadAction\",\"target\":[\"https:\\\/\\\/www.brussels-accountants.be\\\/nl\\\/opstart-van-een-nieuwe-economische-activiteit\\\/officiele-registratie-als-zelfstandige\\\/\"]}]},{\"@type\":\"BreadcrumbList\",\"@id\":\"https:\\\/\\\/www.brussels-accountants.be\\\/nl\\\/opstart-van-een-nieuwe-economische-activiteit\\\/officiele-registratie-als-zelfstandige\\\/#breadcrumb\",\"itemListElement\":[{\"@type\":\"ListItem\",\"position\":1,\"name\":\"Accueil\",\"item\":\"https:\\\/\\\/www.brussels-accountants.be\\\/\"},{\"@type\":\"ListItem\",\"position\":2,\"name\":\"Opstart van een nieuwe economische activiteit\",\"item\":\"https:\\\/\\\/www.brussels-accountants.be\\\/nl\\\/opstart-van-een-nieuwe-economische-activiteit\\\/\"},{\"@type\":\"ListItem\",\"position\":3,\"name\":\"Offici\u00eble registratie als zelfstandige\"}]},{\"@type\":\"WebSite\",\"@id\":\"https:\\\/\\\/www.brussels-accountants.be\\\/#website\",\"url\":\"https:\\\/\\\/www.brussels-accountants.be\\\/\",\"name\":\"Brussels Accountants\",\"description\":\"&lt;strong&gt;Brussels Accountants&lt;\\\/strong&gt; est une entreprise Internationale de comptabilit\u00e9 offrant \u00e0 ses clients une comptabilit\u00e9 appropri\u00e9e et une consultance optimis\u00e9e des imp\u00f4ts. Le cabinet est comp\u00e9tent au sein du contexte belge, pour les citoyens redevables de l\u2019imp\u00f4t belge. Nous sommes aussi reconnus en tant que guide fiable et compagnon pour les expatri\u00e9s qui ont besoin de constituer leur activit\u00e9, d&#039;en assurer la croissance et l\u2019organisation sur le territoire belge.\",\"publisher\":{\"@id\":\"https:\\\/\\\/www.brussels-accountants.be\\\/#organization\"},\"potentialAction\":[{\"@type\":\"SearchAction\",\"target\":{\"@type\":\"EntryPoint\",\"urlTemplate\":\"https:\\\/\\\/www.brussels-accountants.be\\\/?s={search_term_string}\"},\"query-input\":{\"@type\":\"PropertyValueSpecification\",\"valueRequired\":true,\"valueName\":\"search_term_string\"}}],\"inLanguage\":\"en-US\"},{\"@type\":\"Organization\",\"@id\":\"https:\\\/\\\/www.brussels-accountants.be\\\/#organization\",\"name\":\"Brussels Accountants\",\"url\":\"https:\\\/\\\/www.brussels-accountants.be\\\/\",\"logo\":{\"@type\":\"ImageObject\",\"inLanguage\":\"en-US\",\"@id\":\"https:\\\/\\\/www.brussels-accountants.be\\\/#\\\/schema\\\/logo\\\/image\\\/\",\"url\":\"https:\\\/\\\/www.brussels-accountants.be\\\/wp-content\\\/uploads\\\/2018\\\/10\\\/cropped-logo-medium.png\",\"contentUrl\":\"https:\\\/\\\/www.brussels-accountants.be\\\/wp-content\\\/uploads\\\/2018\\\/10\\\/cropped-logo-medium.png\",\"width\":512,\"height\":512,\"caption\":\"Brussels Accountants\"},\"image\":{\"@id\":\"https:\\\/\\\/www.brussels-accountants.be\\\/#\\\/schema\\\/logo\\\/image\\\/\"}}]}<\/script>\n<!-- \/ Yoast SEO plugin. -->","yoast_head_json":{"title":"Offici\u00eble registratie als zelfstandige - Brussels Accountants","robots":{"index":"index","follow":"follow","max-snippet":"max-snippet:-1","max-image-preview":"max-image-preview:large","max-video-preview":"max-video-preview:-1"},"canonical":"https:\/\/www.brussels-accountants.be\/en\/opstart-van-een-nieuwe-economische-activiteit\/officiele-registratie-als-zelfstandige\/","og_locale":"en_US","og_type":"article","og_title":"Offici\u00eble registratie als zelfstandige - Brussels Accountants","og_description":"BRUSSELS ACCOUNTANTS\u00a0kan via een ondernemingsloket inschrijving aanvragen in de Kruispunt Bank van Ondernemingen en op deze wijze een ondernemingsnummer bekomen voor iedere vennootschap of zelfstandige. Gelijktijdig wordt de zelfstandige of zaakvoerder (van vennootschap) aangesloten bij de sociale kas voor zelfstandigen waaraan op kwartaalbasis de sociale bijdragen zullen moeten worden betaald. Aanvraag van een ondernemingsnummer kan [&hellip;]","og_url":"https:\/\/www.brussels-accountants.be\/nl\/opstart-van-een-nieuwe-economische-activiteit\/officiele-registratie-als-zelfstandige\/","og_site_name":"Brussels Accountants","article_modified_time":"2022-08-22T09:48:00+00:00","twitter_card":"summary_large_image","twitter_misc":{"Est. reading time":"3 minutes"},"schema":{"@context":"https:\/\/schema.org","@graph":[{"@type":"WebPage","@id":"https:\/\/www.brussels-accountants.be\/nl\/opstart-van-een-nieuwe-economische-activiteit\/officiele-registratie-als-zelfstandige\/","url":"https:\/\/www.brussels-accountants.be\/nl\/opstart-van-een-nieuwe-economische-activiteit\/officiele-registratie-als-zelfstandige\/","name":"Offici\u00eble registratie als zelfstandige - Brussels Accountants","isPartOf":{"@id":"https:\/\/www.brussels-accountants.be\/#website"},"datePublished":"2018-10-23T14:16:57+00:00","dateModified":"2022-08-22T09:48:00+00:00","breadcrumb":{"@id":"https:\/\/www.brussels-accountants.be\/nl\/opstart-van-een-nieuwe-economische-activiteit\/officiele-registratie-als-zelfstandige\/#breadcrumb"},"inLanguage":"en-US","potentialAction":[{"@type":"ReadAction","target":["https:\/\/www.brussels-accountants.be\/nl\/opstart-van-een-nieuwe-economische-activiteit\/officiele-registratie-als-zelfstandige\/"]}]},{"@type":"BreadcrumbList","@id":"https:\/\/www.brussels-accountants.be\/nl\/opstart-van-een-nieuwe-economische-activiteit\/officiele-registratie-als-zelfstandige\/#breadcrumb","itemListElement":[{"@type":"ListItem","position":1,"name":"Accueil","item":"https:\/\/www.brussels-accountants.be\/"},{"@type":"ListItem","position":2,"name":"Opstart van een nieuwe economische activiteit","item":"https:\/\/www.brussels-accountants.be\/nl\/opstart-van-een-nieuwe-economische-activiteit\/"},{"@type":"ListItem","position":3,"name":"Offici\u00eble registratie als zelfstandige"}]},{"@type":"WebSite","@id":"https:\/\/www.brussels-accountants.be\/#website","url":"https:\/\/www.brussels-accountants.be\/","name":"Brussels Accountants","description":"&lt;strong&gt;Brussels Accountants&lt;\/strong&gt; est une entreprise Internationale de comptabilit\u00e9 offrant \u00e0 ses clients une comptabilit\u00e9 appropri\u00e9e et une consultance optimis\u00e9e des imp\u00f4ts. Le cabinet est comp\u00e9tent au sein du contexte belge, pour les citoyens redevables de l\u2019imp\u00f4t belge. Nous sommes aussi reconnus en tant que guide fiable et compagnon pour les expatri\u00e9s qui ont besoin de constituer leur activit\u00e9, d&#039;en assurer la croissance et l\u2019organisation sur le territoire belge.","publisher":{"@id":"https:\/\/www.brussels-accountants.be\/#organization"},"potentialAction":[{"@type":"SearchAction","target":{"@type":"EntryPoint","urlTemplate":"https:\/\/www.brussels-accountants.be\/?s={search_term_string}"},"query-input":{"@type":"PropertyValueSpecification","valueRequired":true,"valueName":"search_term_string"}}],"inLanguage":"en-US"},{"@type":"Organization","@id":"https:\/\/www.brussels-accountants.be\/#organization","name":"Brussels Accountants","url":"https:\/\/www.brussels-accountants.be\/","logo":{"@type":"ImageObject","inLanguage":"en-US","@id":"https:\/\/www.brussels-accountants.be\/#\/schema\/logo\/image\/","url":"https:\/\/www.brussels-accountants.be\/wp-content\/uploads\/2018\/10\/cropped-logo-medium.png","contentUrl":"https:\/\/www.brussels-accountants.be\/wp-content\/uploads\/2018\/10\/cropped-logo-medium.png","width":512,"height":512,"caption":"Brussels Accountants"},"image":{"@id":"https:\/\/www.brussels-accountants.be\/#\/schema\/logo\/image\/"}}]}},"_links":{"self":[{"href":"https:\/\/www.brussels-accountants.be\/en\/wp-json\/wp\/v2\/pages\/306","targetHints":{"allow":["GET"]}}],"collection":[{"href":"https:\/\/www.brussels-accountants.be\/en\/wp-json\/wp\/v2\/pages"}],"about":[{"href":"https:\/\/www.brussels-accountants.be\/en\/wp-json\/wp\/v2\/types\/page"}],"author":[{"embeddable":true,"href":"https:\/\/www.brussels-accountants.be\/en\/wp-json\/wp\/v2\/users\/1"}],"replies":[{"embeddable":true,"href":"https:\/\/www.brussels-accountants.be\/en\/wp-json\/wp\/v2\/comments?post=306"}],"version-history":[{"count":2,"href":"https:\/\/www.brussels-accountants.be\/en\/wp-json\/wp\/v2\/pages\/306\/revisions"}],"predecessor-version":[{"id":2230,"href":"https:\/\/www.brussels-accountants.be\/en\/wp-json\/wp\/v2\/pages\/306\/revisions\/2230"}],"up":[{"embeddable":true,"href":"https:\/\/www.brussels-accountants.be\/en\/wp-json\/wp\/v2\/pages\/289"}],"wp:attachment":[{"href":"https:\/\/www.brussels-accountants.be\/en\/wp-json\/wp\/v2\/media?parent=306"}],"curies":[{"name":"wp","href":"https:\/\/api.w.org\/{rel}","templated":true}]}}