{"id":289,"date":"2018-10-23T15:56:07","date_gmt":"2018-10-23T13:56:07","guid":{"rendered":"https:\/\/www.fidupress.be\/ba\/?page_id=289"},"modified":"2022-09-15T09:11:09","modified_gmt":"2022-09-15T07:11:09","slug":"opstart-van-een-nieuwe-economische-activiteit","status":"publish","type":"page","link":"https:\/\/www.brussels-accountants.be\/en\/opstart-van-een-nieuwe-economische-activiteit\/","title":{"rendered":"Opstart van een nieuwe economische activiteit"},"content":{"rendered":"\n<p><strong>BRUSSELS ACCOUNTANTS<\/strong>&nbsp;is een onafhankelijke fiduciaire van accountants die zich specialiseren in de expat-gemeenschap in Belgi\u00eb, hoewel zeker niet uitsluitend. De dienstverlening beoogt een goede persoonlijke omgang met onze cli\u00ebnten. Tevens werkt het kantoor voor de Belgische bijkantoren van internationale ondernemingen en NGO\u2019s en met name ook voor (Internationale) Verenigingen Zonder Winstoogmerk. Het kantoor kan alle werkzaamheden verrichten in het Nederlands en Frans (offici\u00eble talen ten aanzien van overheidsinstanties), maar communiceert in hoofdzaak met haar cli\u00ebnten in het Engels, hoewel er ook een aantal Spaanstalige klanten zijn die in hun moedertaal worden geholpen.<\/p>\n\n\n\n<p><strong>BRUSSELS ACCOUNTANTS<\/strong>&nbsp;biedt volgende dienstverlening aan:<\/p>\n\n\n\n<ul class=\"wp-block-list\"><li>Belastingaangiftes: personen-, vennootschaps- en rechtspersonenbelasting en dit zowel \u00a0voor Belgische verblijfhouders als niet-verblijfhouders,<\/li><li>BTW-aangiftes,<\/li><li>Neerleggen van jaarrekeningen bij de balanscentrale van de Nationale Bank van Belgi\u00eb,<\/li><li>Opstellen van jaarrekeningen, budgetten, resultatenrekeningen,<\/li><li>Oprichting van van vennootschappen en de offici\u00eble registratie van bijhuizen (filialen),<\/li><li>Oprichting van Verenigingen Zonder Winstoogmerk (VZW),<\/li><li>Aanvraag van ondernemingsnummer middels inschrijving bij de Kruispunt Bank van Ondernemingen (KBO),<\/li><li>Aanvraag van BTW-nummer (i.e. activatie van KBO-nummer voor BTW-doeleinden),<\/li><li>Inschrijving van zelfstandigen en zaakvoerders bij een sociale kas voor de verplichte zelfstandige sociale bijdragen,<\/li><li>Belastingadvies,<\/li><li>Studie van de zogeheten dubbelbelastingverdragen tussen Belgi\u00eb en het thuisland van de cli\u00ebnt,<\/li><li>Wetboek van Vennootschappen en Verenigingen.<\/li><\/ul>\n\n\n\n<h2 class=\"wp-block-heading\">Bijkomende informatie<\/h2>\n\n\n\n<p><a href=\"\/nl\/opstart-van-een-nieuwe-economische-activiteit\/officiele-registratie-als-zelfstandige\/\">Klik hier<\/a>&nbsp;voor&nbsp;uitleg omtrent&nbsp;de registratie van uw onderneming<br><a href=\"\/nl\/opstart-van-een-nieuwe-economische-activiteit\/opstart-als-zelfstandige-of-via-een-afzonderlijke-onderneming\/\">Klik&nbsp;hier<\/a>&nbsp;voor toelichting aangaande&nbsp;de keuze tussen het werken als zelfstandige (freelance) en het werken met een vennootschapsstructuur<br><a href=\"\/nl\/opstart-van-een-nieuwe-economische-activiteit\/verplichte-sociale-bijdragen-ten-laste-van-zelfstandigen\/\">Klik&nbsp;hier<\/a>&nbsp;voor verduidelijking inzake&nbsp;sociaal statuut zelfstandige<br><a href=\"\/nl\/opstart-van-een-nieuwe-economische-activiteit\/inkomstenbelasting\/\">Klik&nbsp;hier<\/a>&nbsp;voor&nbsp;beknopte uiteenzetting&nbsp;betreffende belastingen<br><a href=\"\/nl\/opstart-van-een-nieuwe-economische-activiteit\/belgische-btw\/\">Klik&nbsp;hier<\/a> voor enkele&nbsp;BTW-aspecten<br><a href=\"https:\/\/www.brussels-accountants.be\/nl\/sprl-ou-scs\/\" target=\"_blank\" rel=\"noreferrer noopener\">Klik hier<\/a> voor het verschil tussen SPRL en SCS.<br><\/p>\n","protected":false},"excerpt":{"rendered":"<p>BRUSSELS ACCOUNTANTS&nbsp;is een onafhankelijke fiduciaire van accountants die zich specialiseren in de expat-gemeenschap in Belgi\u00eb, hoewel zeker niet uitsluitend. De dienstverlening beoogt een goede persoonlijke omgang met onze cli\u00ebnten. Tevens werkt het kantoor voor de Belgische bijkantoren van internationale ondernemingen en NGO\u2019s en met name ook voor (Internationale) Verenigingen Zonder Winstoogmerk. Het kantoor kan alle [&hellip;]<\/p>\n","protected":false},"author":1,"featured_media":0,"parent":0,"menu_order":0,"comment_status":"closed","ping_status":"closed","template":"","meta":{"footnotes":""},"class_list":["post-289","page","type-page","status-publish","hentry"],"acf":[],"yoast_head":"<!-- This site is optimized with the Yoast SEO plugin v27.3 - https:\/\/yoast.com\/product\/yoast-seo-wordpress\/ -->\n<title>Opstart van een nieuwe economische activiteit - Brussels Accountants<\/title>\n<meta name=\"robots\" content=\"index, follow, max-snippet:-1, max-image-preview:large, max-video-preview:-1\" \/>\n<link rel=\"canonical\" href=\"https:\/\/www.brussels-accountants.be\/en\/opstart-van-een-nieuwe-economische-activiteit\/\" \/>\n<meta property=\"og:locale\" content=\"en_US\" \/>\n<meta property=\"og:type\" content=\"article\" \/>\n<meta property=\"og:title\" content=\"Opstart van een nieuwe economische activiteit - Brussels Accountants\" \/>\n<meta property=\"og:description\" content=\"BRUSSELS ACCOUNTANTS&nbsp;is een onafhankelijke fiduciaire van accountants die zich specialiseren in de expat-gemeenschap in Belgi\u00eb, hoewel zeker niet uitsluitend. De dienstverlening beoogt een goede persoonlijke omgang met onze cli\u00ebnten. Tevens werkt het kantoor voor de Belgische bijkantoren van internationale ondernemingen en NGO\u2019s en met name ook voor (Internationale) Verenigingen Zonder Winstoogmerk. Het kantoor kan alle [&hellip;]\" \/>\n<meta property=\"og:url\" content=\"https:\/\/www.brussels-accountants.be\/nl\/opstart-van-een-nieuwe-economische-activiteit\/\" \/>\n<meta property=\"og:site_name\" content=\"Brussels Accountants\" \/>\n<meta property=\"article:modified_time\" content=\"2022-09-15T07:11:09+00:00\" \/>\n<meta name=\"twitter:card\" content=\"summary_large_image\" \/>\n<meta name=\"twitter:label1\" content=\"Est. reading time\" \/>\n\t<meta name=\"twitter:data1\" content=\"2 minutes\" \/>\n<script type=\"application\/ld+json\" class=\"yoast-schema-graph\">{\"@context\":\"https:\\\/\\\/schema.org\",\"@graph\":[{\"@type\":\"WebPage\",\"@id\":\"https:\\\/\\\/www.brussels-accountants.be\\\/nl\\\/opstart-van-een-nieuwe-economische-activiteit\\\/\",\"url\":\"https:\\\/\\\/www.brussels-accountants.be\\\/nl\\\/opstart-van-een-nieuwe-economische-activiteit\\\/\",\"name\":\"Opstart van een nieuwe economische activiteit - Brussels Accountants\",\"isPartOf\":{\"@id\":\"https:\\\/\\\/www.brussels-accountants.be\\\/#website\"},\"datePublished\":\"2018-10-23T13:56:07+00:00\",\"dateModified\":\"2022-09-15T07:11:09+00:00\",\"breadcrumb\":{\"@id\":\"https:\\\/\\\/www.brussels-accountants.be\\\/nl\\\/opstart-van-een-nieuwe-economische-activiteit\\\/#breadcrumb\"},\"inLanguage\":\"en-US\",\"potentialAction\":[{\"@type\":\"ReadAction\",\"target\":[\"https:\\\/\\\/www.brussels-accountants.be\\\/nl\\\/opstart-van-een-nieuwe-economische-activiteit\\\/\"]}]},{\"@type\":\"BreadcrumbList\",\"@id\":\"https:\\\/\\\/www.brussels-accountants.be\\\/nl\\\/opstart-van-een-nieuwe-economische-activiteit\\\/#breadcrumb\",\"itemListElement\":[{\"@type\":\"ListItem\",\"position\":1,\"name\":\"Accueil\",\"item\":\"https:\\\/\\\/www.brussels-accountants.be\\\/\"},{\"@type\":\"ListItem\",\"position\":2,\"name\":\"Opstart van een nieuwe economische activiteit\"}]},{\"@type\":\"WebSite\",\"@id\":\"https:\\\/\\\/www.brussels-accountants.be\\\/#website\",\"url\":\"https:\\\/\\\/www.brussels-accountants.be\\\/\",\"name\":\"Brussels Accountants\",\"description\":\"&lt;strong&gt;Brussels Accountants&lt;\\\/strong&gt; est une entreprise Internationale de comptabilit\u00e9 offrant \u00e0 ses clients une comptabilit\u00e9 appropri\u00e9e et une consultance optimis\u00e9e des imp\u00f4ts. Le cabinet est comp\u00e9tent au sein du contexte belge, pour les citoyens redevables de l\u2019imp\u00f4t belge. Nous sommes aussi reconnus en tant que guide fiable et compagnon pour les expatri\u00e9s qui ont besoin de constituer leur activit\u00e9, d&#039;en assurer la croissance et l\u2019organisation sur le territoire belge.\",\"publisher\":{\"@id\":\"https:\\\/\\\/www.brussels-accountants.be\\\/#organization\"},\"potentialAction\":[{\"@type\":\"SearchAction\",\"target\":{\"@type\":\"EntryPoint\",\"urlTemplate\":\"https:\\\/\\\/www.brussels-accountants.be\\\/?s={search_term_string}\"},\"query-input\":{\"@type\":\"PropertyValueSpecification\",\"valueRequired\":true,\"valueName\":\"search_term_string\"}}],\"inLanguage\":\"en-US\"},{\"@type\":\"Organization\",\"@id\":\"https:\\\/\\\/www.brussels-accountants.be\\\/#organization\",\"name\":\"Brussels Accountants\",\"url\":\"https:\\\/\\\/www.brussels-accountants.be\\\/\",\"logo\":{\"@type\":\"ImageObject\",\"inLanguage\":\"en-US\",\"@id\":\"https:\\\/\\\/www.brussels-accountants.be\\\/#\\\/schema\\\/logo\\\/image\\\/\",\"url\":\"https:\\\/\\\/www.brussels-accountants.be\\\/wp-content\\\/uploads\\\/2018\\\/10\\\/cropped-logo-medium.png\",\"contentUrl\":\"https:\\\/\\\/www.brussels-accountants.be\\\/wp-content\\\/uploads\\\/2018\\\/10\\\/cropped-logo-medium.png\",\"width\":512,\"height\":512,\"caption\":\"Brussels Accountants\"},\"image\":{\"@id\":\"https:\\\/\\\/www.brussels-accountants.be\\\/#\\\/schema\\\/logo\\\/image\\\/\"}}]}<\/script>\n<!-- \/ Yoast SEO plugin. -->","yoast_head_json":{"title":"Opstart van een nieuwe economische activiteit - Brussels Accountants","robots":{"index":"index","follow":"follow","max-snippet":"max-snippet:-1","max-image-preview":"max-image-preview:large","max-video-preview":"max-video-preview:-1"},"canonical":"https:\/\/www.brussels-accountants.be\/en\/opstart-van-een-nieuwe-economische-activiteit\/","og_locale":"en_US","og_type":"article","og_title":"Opstart van een nieuwe economische activiteit - Brussels Accountants","og_description":"BRUSSELS ACCOUNTANTS&nbsp;is een onafhankelijke fiduciaire van accountants die zich specialiseren in de expat-gemeenschap in Belgi\u00eb, hoewel zeker niet uitsluitend. De dienstverlening beoogt een goede persoonlijke omgang met onze cli\u00ebnten. Tevens werkt het kantoor voor de Belgische bijkantoren van internationale ondernemingen en NGO\u2019s en met name ook voor (Internationale) Verenigingen Zonder Winstoogmerk. Het kantoor kan alle [&hellip;]","og_url":"https:\/\/www.brussels-accountants.be\/nl\/opstart-van-een-nieuwe-economische-activiteit\/","og_site_name":"Brussels Accountants","article_modified_time":"2022-09-15T07:11:09+00:00","twitter_card":"summary_large_image","twitter_misc":{"Est. reading time":"2 minutes"},"schema":{"@context":"https:\/\/schema.org","@graph":[{"@type":"WebPage","@id":"https:\/\/www.brussels-accountants.be\/nl\/opstart-van-een-nieuwe-economische-activiteit\/","url":"https:\/\/www.brussels-accountants.be\/nl\/opstart-van-een-nieuwe-economische-activiteit\/","name":"Opstart van een nieuwe economische activiteit - Brussels Accountants","isPartOf":{"@id":"https:\/\/www.brussels-accountants.be\/#website"},"datePublished":"2018-10-23T13:56:07+00:00","dateModified":"2022-09-15T07:11:09+00:00","breadcrumb":{"@id":"https:\/\/www.brussels-accountants.be\/nl\/opstart-van-een-nieuwe-economische-activiteit\/#breadcrumb"},"inLanguage":"en-US","potentialAction":[{"@type":"ReadAction","target":["https:\/\/www.brussels-accountants.be\/nl\/opstart-van-een-nieuwe-economische-activiteit\/"]}]},{"@type":"BreadcrumbList","@id":"https:\/\/www.brussels-accountants.be\/nl\/opstart-van-een-nieuwe-economische-activiteit\/#breadcrumb","itemListElement":[{"@type":"ListItem","position":1,"name":"Accueil","item":"https:\/\/www.brussels-accountants.be\/"},{"@type":"ListItem","position":2,"name":"Opstart van een nieuwe economische activiteit"}]},{"@type":"WebSite","@id":"https:\/\/www.brussels-accountants.be\/#website","url":"https:\/\/www.brussels-accountants.be\/","name":"Brussels Accountants","description":"&lt;strong&gt;Brussels Accountants&lt;\/strong&gt; est une entreprise Internationale de comptabilit\u00e9 offrant \u00e0 ses clients une comptabilit\u00e9 appropri\u00e9e et une consultance optimis\u00e9e des imp\u00f4ts. Le cabinet est comp\u00e9tent au sein du contexte belge, pour les citoyens redevables de l\u2019imp\u00f4t belge. Nous sommes aussi reconnus en tant que guide fiable et compagnon pour les expatri\u00e9s qui ont besoin de constituer leur activit\u00e9, d&#039;en assurer la croissance et l\u2019organisation sur le territoire belge.","publisher":{"@id":"https:\/\/www.brussels-accountants.be\/#organization"},"potentialAction":[{"@type":"SearchAction","target":{"@type":"EntryPoint","urlTemplate":"https:\/\/www.brussels-accountants.be\/?s={search_term_string}"},"query-input":{"@type":"PropertyValueSpecification","valueRequired":true,"valueName":"search_term_string"}}],"inLanguage":"en-US"},{"@type":"Organization","@id":"https:\/\/www.brussels-accountants.be\/#organization","name":"Brussels Accountants","url":"https:\/\/www.brussels-accountants.be\/","logo":{"@type":"ImageObject","inLanguage":"en-US","@id":"https:\/\/www.brussels-accountants.be\/#\/schema\/logo\/image\/","url":"https:\/\/www.brussels-accountants.be\/wp-content\/uploads\/2018\/10\/cropped-logo-medium.png","contentUrl":"https:\/\/www.brussels-accountants.be\/wp-content\/uploads\/2018\/10\/cropped-logo-medium.png","width":512,"height":512,"caption":"Brussels Accountants"},"image":{"@id":"https:\/\/www.brussels-accountants.be\/#\/schema\/logo\/image\/"}}]}},"_links":{"self":[{"href":"https:\/\/www.brussels-accountants.be\/en\/wp-json\/wp\/v2\/pages\/289","targetHints":{"allow":["GET"]}}],"collection":[{"href":"https:\/\/www.brussels-accountants.be\/en\/wp-json\/wp\/v2\/pages"}],"about":[{"href":"https:\/\/www.brussels-accountants.be\/en\/wp-json\/wp\/v2\/types\/page"}],"author":[{"embeddable":true,"href":"https:\/\/www.brussels-accountants.be\/en\/wp-json\/wp\/v2\/users\/1"}],"replies":[{"embeddable":true,"href":"https:\/\/www.brussels-accountants.be\/en\/wp-json\/wp\/v2\/comments?post=289"}],"version-history":[{"count":10,"href":"https:\/\/www.brussels-accountants.be\/en\/wp-json\/wp\/v2\/pages\/289\/revisions"}],"predecessor-version":[{"id":2308,"href":"https:\/\/www.brussels-accountants.be\/en\/wp-json\/wp\/v2\/pages\/289\/revisions\/2308"}],"wp:attachment":[{"href":"https:\/\/www.brussels-accountants.be\/en\/wp-json\/wp\/v2\/media?parent=289"}],"curies":[{"name":"wp","href":"https:\/\/api.w.org\/{rel}","templated":true}]}}