{"id":281,"date":"2018-10-23T15:46:21","date_gmt":"2018-10-23T13:46:21","guid":{"rendered":"https:\/\/www.fidupress.be\/ba\/?page_id=281"},"modified":"2018-10-23T15:46:22","modified_gmt":"2018-10-23T13:46:22","slug":"verenigingen-zonder-winstoogmerk","status":"publish","type":"page","link":"https:\/\/www.brussels-accountants.be\/en\/diensten\/verenigingen-zonder-winstoogmerk\/","title":{"rendered":"Verenigingen zonder winstoogmerk"},"content":{"rendered":"\n<p><strong>BRUSSELS ACCOUNTANTS<\/strong>&nbsp;staat verenigingen zonder winstoogmerk bij vanaf hun oprichting tot en met de eventuele ontbinding. Dit betreft onder meer:&nbsp;<\/p>\n\n\n\n<ul class=\"wp-block-list\"><li>Assistentie bij het verkrijgen van het juridisch statuut VZW of IVZW(bekomen van rechtspersoonlijkheid).<\/li><li>Hulp bij het opstellen van de statuten en een eventueel huishoudelijk reglement.<\/li><li>Advies omtrent de organisatiestructuur met stichtingsvergadering, raad van bestuur, dagelijks bestuur (mogelijkheid tot exoneratieclausule), orgaan van vertegenwoordiging, eventuele commissarissen en algemene ledenvergadering.<\/li><li>Ledenregister.<\/li><li>Naleving van alle wettelijke boekhoudkundige verplichtingen:<ul><li>Opstellen van een passend rekeningstelsel, rekening houdend met de activiteiten van de VZW, alsook met haar omvang.<\/li><li>Bijstand aan de raad van bestuur bij de redactie van op maat gesneden boekhoudkundige waarderingsregels.<\/li><li>De begroting met bijhorende budgetopvolging.<\/li><li>Bijhouden van de nodige dagboeken, opstellen van inventaris, tussentijdse financi\u00eble verslaggeving.<\/li><li>Opstellen van de jaarrekening (staat van vermogen en de staat van ontvangsten en uitgaven) en offici\u00eble neerlegging ervan indien gewenst of wettelijk verplicht.<\/li><li>Bestemming netto actief en jaaroverschotten conform VZW-wetgeving.<\/li><\/ul><\/li><li>Fiscale verplichtingen:<ul><li>Onroerende bezittingen van de VZW, patrimoniumtaks.<\/li><li>Rechtspersonenbelasting.<\/li><li>BTW-verplichting of -vrijstelling.<\/li><li>Juridische en\/of fiscale aspecten m.b.t. schenkingen, legaten, sponsoring.&nbsp;<\/li><\/ul><\/li><\/ul>\n\n\n\n<p>Voor verdere inlichtingen, aarzel niet om kontact op te nemen.<\/p>\n\n\n\n<p><strong>BRUSSELS ACCOUNTANTS<\/strong>&nbsp;BVBA<\/p>\n","protected":false},"excerpt":{"rendered":"<p>BRUSSELS ACCOUNTANTS&nbsp;staat verenigingen zonder winstoogmerk bij vanaf hun oprichting tot en met de eventuele ontbinding. Dit betreft onder meer:&nbsp; Assistentie bij het verkrijgen van het juridisch statuut VZW of IVZW(bekomen van rechtspersoonlijkheid). Hulp bij het opstellen van de statuten en een eventueel huishoudelijk reglement. Advies omtrent de organisatiestructuur met stichtingsvergadering, raad van bestuur, dagelijks bestuur [&hellip;]<\/p>\n","protected":false},"author":1,"featured_media":0,"parent":156,"menu_order":0,"comment_status":"closed","ping_status":"closed","template":"","meta":{"footnotes":""},"class_list":["post-281","page","type-page","status-publish","hentry"],"acf":[],"yoast_head":"<!-- This site is optimized with the Yoast SEO plugin v27.4 - https:\/\/yoast.com\/product\/yoast-seo-wordpress\/ -->\n<title>Verenigingen zonder winstoogmerk - Brussels Accountants<\/title>\n<meta name=\"robots\" content=\"index, follow, max-snippet:-1, max-image-preview:large, max-video-preview:-1\" \/>\n<link rel=\"canonical\" href=\"https:\/\/www.brussels-accountants.be\/en\/diensten\/verenigingen-zonder-winstoogmerk\/\" \/>\n<meta property=\"og:locale\" content=\"en_US\" \/>\n<meta property=\"og:type\" content=\"article\" \/>\n<meta property=\"og:title\" content=\"Verenigingen zonder winstoogmerk - Brussels Accountants\" \/>\n<meta property=\"og:description\" content=\"BRUSSELS ACCOUNTANTS&nbsp;staat verenigingen zonder winstoogmerk bij vanaf hun oprichting tot en met de eventuele ontbinding. Dit betreft onder meer:&nbsp; Assistentie bij het verkrijgen van het juridisch statuut VZW of IVZW(bekomen van rechtspersoonlijkheid). Hulp bij het opstellen van de statuten en een eventueel huishoudelijk reglement. Advies omtrent de organisatiestructuur met stichtingsvergadering, raad van bestuur, dagelijks bestuur [&hellip;]\" \/>\n<meta property=\"og:url\" content=\"https:\/\/www.brussels-accountants.be\/diensten\/verenigingen-zonder-winstoogmerk\/\" \/>\n<meta property=\"og:site_name\" content=\"Brussels Accountants\" \/>\n<meta property=\"article:modified_time\" content=\"2018-10-23T13:46:22+00:00\" \/>\n<meta name=\"twitter:card\" content=\"summary_large_image\" \/>\n<meta name=\"twitter:label1\" content=\"Est. reading time\" \/>\n\t<meta name=\"twitter:data1\" content=\"1 minute\" \/>\n<script type=\"application\/ld+json\" class=\"yoast-schema-graph\">{\"@context\":\"https:\\\/\\\/schema.org\",\"@graph\":[{\"@type\":\"WebPage\",\"@id\":\"https:\\\/\\\/www.brussels-accountants.be\\\/diensten\\\/verenigingen-zonder-winstoogmerk\\\/\",\"url\":\"https:\\\/\\\/www.brussels-accountants.be\\\/diensten\\\/verenigingen-zonder-winstoogmerk\\\/\",\"name\":\"Verenigingen zonder winstoogmerk - Brussels Accountants\",\"isPartOf\":{\"@id\":\"https:\\\/\\\/www.brussels-accountants.be\\\/#website\"},\"datePublished\":\"2018-10-23T13:46:21+00:00\",\"dateModified\":\"2018-10-23T13:46:22+00:00\",\"breadcrumb\":{\"@id\":\"https:\\\/\\\/www.brussels-accountants.be\\\/diensten\\\/verenigingen-zonder-winstoogmerk\\\/#breadcrumb\"},\"inLanguage\":\"en-US\",\"potentialAction\":[{\"@type\":\"ReadAction\",\"target\":[\"https:\\\/\\\/www.brussels-accountants.be\\\/diensten\\\/verenigingen-zonder-winstoogmerk\\\/\"]}]},{\"@type\":\"BreadcrumbList\",\"@id\":\"https:\\\/\\\/www.brussels-accountants.be\\\/diensten\\\/verenigingen-zonder-winstoogmerk\\\/#breadcrumb\",\"itemListElement\":[{\"@type\":\"ListItem\",\"position\":1,\"name\":\"Accueil\",\"item\":\"https:\\\/\\\/www.brussels-accountants.be\\\/\"},{\"@type\":\"ListItem\",\"position\":2,\"name\":\"Diensten\",\"item\":\"https:\\\/\\\/www.brussels-accountants.be\\\/\"},{\"@type\":\"ListItem\",\"position\":3,\"name\":\"Verenigingen zonder winstoogmerk\"}]},{\"@type\":\"WebSite\",\"@id\":\"https:\\\/\\\/www.brussels-accountants.be\\\/#website\",\"url\":\"https:\\\/\\\/www.brussels-accountants.be\\\/\",\"name\":\"Brussels Accountants\",\"description\":\"&lt;strong&gt;Brussels Accountants&lt;\\\/strong&gt; est une entreprise Internationale de comptabilit\u00e9 offrant \u00e0 ses clients une comptabilit\u00e9 appropri\u00e9e et une consultance optimis\u00e9e des imp\u00f4ts. Le cabinet est comp\u00e9tent au sein du contexte belge, pour les citoyens redevables de l\u2019imp\u00f4t belge. Nous sommes aussi reconnus en tant que guide fiable et compagnon pour les expatri\u00e9s qui ont besoin de constituer leur activit\u00e9, d&#039;en assurer la croissance et l\u2019organisation sur le territoire belge.\",\"publisher\":{\"@id\":\"https:\\\/\\\/www.brussels-accountants.be\\\/#organization\"},\"potentialAction\":[{\"@type\":\"SearchAction\",\"target\":{\"@type\":\"EntryPoint\",\"urlTemplate\":\"https:\\\/\\\/www.brussels-accountants.be\\\/?s={search_term_string}\"},\"query-input\":{\"@type\":\"PropertyValueSpecification\",\"valueRequired\":true,\"valueName\":\"search_term_string\"}}],\"inLanguage\":\"en-US\"},{\"@type\":\"Organization\",\"@id\":\"https:\\\/\\\/www.brussels-accountants.be\\\/#organization\",\"name\":\"Brussels Accountants\",\"url\":\"https:\\\/\\\/www.brussels-accountants.be\\\/\",\"logo\":{\"@type\":\"ImageObject\",\"inLanguage\":\"en-US\",\"@id\":\"https:\\\/\\\/www.brussels-accountants.be\\\/#\\\/schema\\\/logo\\\/image\\\/\",\"url\":\"https:\\\/\\\/www.brussels-accountants.be\\\/wp-content\\\/uploads\\\/2018\\\/10\\\/cropped-logo-medium.png\",\"contentUrl\":\"https:\\\/\\\/www.brussels-accountants.be\\\/wp-content\\\/uploads\\\/2018\\\/10\\\/cropped-logo-medium.png\",\"width\":512,\"height\":512,\"caption\":\"Brussels Accountants\"},\"image\":{\"@id\":\"https:\\\/\\\/www.brussels-accountants.be\\\/#\\\/schema\\\/logo\\\/image\\\/\"}}]}<\/script>\n<!-- \/ Yoast SEO plugin. -->","yoast_head_json":{"title":"Verenigingen zonder winstoogmerk - Brussels Accountants","robots":{"index":"index","follow":"follow","max-snippet":"max-snippet:-1","max-image-preview":"max-image-preview:large","max-video-preview":"max-video-preview:-1"},"canonical":"https:\/\/www.brussels-accountants.be\/en\/diensten\/verenigingen-zonder-winstoogmerk\/","og_locale":"en_US","og_type":"article","og_title":"Verenigingen zonder winstoogmerk - Brussels Accountants","og_description":"BRUSSELS ACCOUNTANTS&nbsp;staat verenigingen zonder winstoogmerk bij vanaf hun oprichting tot en met de eventuele ontbinding. Dit betreft onder meer:&nbsp; Assistentie bij het verkrijgen van het juridisch statuut VZW of IVZW(bekomen van rechtspersoonlijkheid). Hulp bij het opstellen van de statuten en een eventueel huishoudelijk reglement. Advies omtrent de organisatiestructuur met stichtingsvergadering, raad van bestuur, dagelijks bestuur [&hellip;]","og_url":"https:\/\/www.brussels-accountants.be\/diensten\/verenigingen-zonder-winstoogmerk\/","og_site_name":"Brussels Accountants","article_modified_time":"2018-10-23T13:46:22+00:00","twitter_card":"summary_large_image","twitter_misc":{"Est. reading time":"1 minute"},"schema":{"@context":"https:\/\/schema.org","@graph":[{"@type":"WebPage","@id":"https:\/\/www.brussels-accountants.be\/diensten\/verenigingen-zonder-winstoogmerk\/","url":"https:\/\/www.brussels-accountants.be\/diensten\/verenigingen-zonder-winstoogmerk\/","name":"Verenigingen zonder winstoogmerk - Brussels Accountants","isPartOf":{"@id":"https:\/\/www.brussels-accountants.be\/#website"},"datePublished":"2018-10-23T13:46:21+00:00","dateModified":"2018-10-23T13:46:22+00:00","breadcrumb":{"@id":"https:\/\/www.brussels-accountants.be\/diensten\/verenigingen-zonder-winstoogmerk\/#breadcrumb"},"inLanguage":"en-US","potentialAction":[{"@type":"ReadAction","target":["https:\/\/www.brussels-accountants.be\/diensten\/verenigingen-zonder-winstoogmerk\/"]}]},{"@type":"BreadcrumbList","@id":"https:\/\/www.brussels-accountants.be\/diensten\/verenigingen-zonder-winstoogmerk\/#breadcrumb","itemListElement":[{"@type":"ListItem","position":1,"name":"Accueil","item":"https:\/\/www.brussels-accountants.be\/"},{"@type":"ListItem","position":2,"name":"Diensten","item":"https:\/\/www.brussels-accountants.be\/"},{"@type":"ListItem","position":3,"name":"Verenigingen zonder winstoogmerk"}]},{"@type":"WebSite","@id":"https:\/\/www.brussels-accountants.be\/#website","url":"https:\/\/www.brussels-accountants.be\/","name":"Brussels Accountants","description":"&lt;strong&gt;Brussels Accountants&lt;\/strong&gt; est une entreprise Internationale de comptabilit\u00e9 offrant \u00e0 ses clients une comptabilit\u00e9 appropri\u00e9e et une consultance optimis\u00e9e des imp\u00f4ts. Le cabinet est comp\u00e9tent au sein du contexte belge, pour les citoyens redevables de l\u2019imp\u00f4t belge. Nous sommes aussi reconnus en tant que guide fiable et compagnon pour les expatri\u00e9s qui ont besoin de constituer leur activit\u00e9, d&#039;en assurer la croissance et l\u2019organisation sur le territoire belge.","publisher":{"@id":"https:\/\/www.brussels-accountants.be\/#organization"},"potentialAction":[{"@type":"SearchAction","target":{"@type":"EntryPoint","urlTemplate":"https:\/\/www.brussels-accountants.be\/?s={search_term_string}"},"query-input":{"@type":"PropertyValueSpecification","valueRequired":true,"valueName":"search_term_string"}}],"inLanguage":"en-US"},{"@type":"Organization","@id":"https:\/\/www.brussels-accountants.be\/#organization","name":"Brussels Accountants","url":"https:\/\/www.brussels-accountants.be\/","logo":{"@type":"ImageObject","inLanguage":"en-US","@id":"https:\/\/www.brussels-accountants.be\/#\/schema\/logo\/image\/","url":"https:\/\/www.brussels-accountants.be\/wp-content\/uploads\/2018\/10\/cropped-logo-medium.png","contentUrl":"https:\/\/www.brussels-accountants.be\/wp-content\/uploads\/2018\/10\/cropped-logo-medium.png","width":512,"height":512,"caption":"Brussels Accountants"},"image":{"@id":"https:\/\/www.brussels-accountants.be\/#\/schema\/logo\/image\/"}}]}},"_links":{"self":[{"href":"https:\/\/www.brussels-accountants.be\/en\/wp-json\/wp\/v2\/pages\/281","targetHints":{"allow":["GET"]}}],"collection":[{"href":"https:\/\/www.brussels-accountants.be\/en\/wp-json\/wp\/v2\/pages"}],"about":[{"href":"https:\/\/www.brussels-accountants.be\/en\/wp-json\/wp\/v2\/types\/page"}],"author":[{"embeddable":true,"href":"https:\/\/www.brussels-accountants.be\/en\/wp-json\/wp\/v2\/users\/1"}],"replies":[{"embeddable":true,"href":"https:\/\/www.brussels-accountants.be\/en\/wp-json\/wp\/v2\/comments?post=281"}],"version-history":[{"count":1,"href":"https:\/\/www.brussels-accountants.be\/en\/wp-json\/wp\/v2\/pages\/281\/revisions"}],"predecessor-version":[{"id":283,"href":"https:\/\/www.brussels-accountants.be\/en\/wp-json\/wp\/v2\/pages\/281\/revisions\/283"}],"up":[{"embeddable":true,"href":"https:\/\/www.brussels-accountants.be\/en\/wp-json\/wp\/v2\/pages\/156"}],"wp:attachment":[{"href":"https:\/\/www.brussels-accountants.be\/en\/wp-json\/wp\/v2\/media?parent=281"}],"curies":[{"name":"wp","href":"https:\/\/api.w.org\/{rel}","templated":true}]}}