{"id":20337,"date":"2025-11-20T15:37:18","date_gmt":"2025-11-20T14:37:18","guid":{"rendered":"https:\/\/www.brussels-accountants.be\/?page_id=20337"},"modified":"2025-11-20T16:01:11","modified_gmt":"2025-11-20T15:01:11","slug":"peppol","status":"publish","type":"page","link":"https:\/\/www.brussels-accountants.be\/en\/our-services\/peppol\/","title":{"rendered":"Peppol"},"content":{"rendered":"\n<p>We\u2019re pleased to announce that, beginning in February 2026, Brussels Accountants<br>will transition to a new accounting platform i.e. Horus Software. This upgrade will<br>enable us to keep pace with a rapidly evolving digital landscape and further<br>streamline our processes, allowing us to serve our clients with even greater efficiency<br>and quality.<br>To continue delivering high quality, efficient service, it\u2019s essential that we stay aligned<br>with the latest technological developments. In particular, the increasing automation of<br>accounting input through the structured and digitized e-invoicing format required by<br>the Peppol system, which comes into effect on 1 January 2026, making this transition<br>both timely and necessary. For this reason, and several others, adopting a new<br>accounting solution is an important and forward-looking step for our firm.<br>Peppol is a protocol via which all B2B-invoices need to be sent in Belgium. This is<br>mandatory as from 2026. Businesses need to send their sales invoices to other<br>businesses via Peppol. And need to have the capacity to receive incoming invoices<br>via Peppol as well.<br>Every VAT registered business, be that company, or freelancer, needs to have an<br>access point to Peppol. Some of our clients are not compliant yet. We request them<br>with a fair degree of urgency to get in touch with our colleague Peter. This via the<br>email-address <a href=\"&#x6d;&#97;&#x69;&#108;t&#x6f;&#58;p&#x65;&#116;&#x65;&#x72;&#64;&#x62;&#114;u&#x73;&#115;&#x65;&#x6c;s&#x2d;&#97;c&#x63;&#111;u&#x6e;&#116;&#x61;&#110;t&#x73;&#46;b&#x65;\">&#112;&#x65;&#116;&#x65;r&#64;&#x62;&#114;&#x75;s&#x73;e&#108;&#x73;&#45;&#x61;c&#x63;&#x6f;&#117;&#x6e;t&#x61;n&#116;&#x73;&#46;&#x62;e<\/a><br>Peppol is mandatory, it\u2019s the government, but the choice of the agency that will<br>function as the access point to Peppol is yours too make. Access points operate<br>within a competitive market.<br>We recommend our clients to choose Falco as their access point to Peppol. Falco is<br>an independent, fully legitimate access point. The reason why we propose our clients<br>to choose Falco is because Falco is very efficient when combined with the<br>accounting system Brussels Accountants will be using as from February 2026, i.e.<br>Horus Software. In fact both applications are entirely integrated.<br>Some of our clients are using Billit as their access point to Peppol. We\u2019ll make sure<br>that Billit gets linked to our new accounting system Horus Software. We\u2019re not asking<br>these clients to change from Billit to Falco. At least not at this point in time.<br>We all as individuals have an opinion about artificial intelligence, and it\u2019s true that not<br>every application of this technology will necessarily serve humanity. That said, using<br>AI to identify patterns in previous bookings and apply this logic through algorithms to<br>create accurate accounting entries for new invoices represents a valuable and<br>practical advancement. This approach enhances the efficiency of accounting input<br>and registration while significantly reducing the risk of errors, ultimately making life<br>easier for everyone.<br>Moreover, clients can easily attach comments or specify preferred (analytical)<br>accounts to their documents. This information is securely retained and automatically<\/p>\n\n\n\n<p id=\"block-ebdfbe79-6dfa-486b-a6e7-80154def59bb\">applied during the automated accounting process, ensuring consistency and<br>accuracy throughout.<br>For the past twenty years, people have been saying that \u201cthe computer will take over<br>accounting input.\u201d It has taken some time to materialize, and we are still not fully<br>there, but 2026 may finally mark that turning point. Of course, as always, a<br>professional accountant will continue to oversee and monitor the process to ensure<br>accuracy and reliability<br>We thank our clients for their understanding as well as their highly appreciated and<br>diligent cooperation during this transition. We look forward to continuing to provide<br>the highest quality service.<br>PS: Information regarding the Peppol access-point Falco that we suggest our clients<br>to start using can be found here: <a href=\"https:\/\/www.falco-app.be\/\">https:\/\/www.falco-app.be\/<\/a><br><\/p>\n\n\n\n<p id=\"block-ebdfbe79-6dfa-486b-a6e7-80154def59bb\"><strong>Brussels Accountants BV<\/strong><\/p>\n","protected":false},"excerpt":{"rendered":"<p>We\u2019re pleased to announce that, beginning in February 2026, Brussels Accountantswill transition to a new accounting platform i.e. Horus Software. This upgrade willenable us to keep pace with a rapidly evolving digital landscape and furtherstreamline our processes, allowing us to serve our clients with even greater efficiencyand quality.To continue delivering high quality, efficient service, it\u2019s [&hellip;]<\/p>\n","protected":false},"author":1,"featured_media":0,"parent":343,"menu_order":0,"comment_status":"closed","ping_status":"closed","template":"","meta":{"footnotes":""},"class_list":["post-20337","page","type-page","status-publish","hentry"],"acf":[],"yoast_head":"<!-- This site is optimized with the Yoast SEO plugin v27.4 - https:\/\/yoast.com\/product\/yoast-seo-wordpress\/ -->\n<title>Peppol - Brussels Accountants<\/title>\n<meta name=\"robots\" content=\"index, follow, max-snippet:-1, max-image-preview:large, max-video-preview:-1\" \/>\n<link rel=\"canonical\" href=\"https:\/\/www.brussels-accountants.be\/en\/our-services\/peppol\/\" \/>\n<meta property=\"og:locale\" content=\"en_US\" \/>\n<meta property=\"og:type\" content=\"article\" \/>\n<meta property=\"og:title\" content=\"Peppol - Brussels Accountants\" \/>\n<meta property=\"og:description\" content=\"We\u2019re pleased to announce that, beginning in February 2026, Brussels Accountantswill transition to a new accounting platform i.e. Horus Software. This upgrade willenable us to keep pace with a rapidly evolving digital landscape and furtherstreamline our processes, allowing us to serve our clients with even greater efficiencyand quality.To continue delivering high quality, efficient service, it\u2019s [&hellip;]\" \/>\n<meta property=\"og:url\" content=\"https:\/\/www.brussels-accountants.be\/our-services\/peppol\/\" \/>\n<meta property=\"og:site_name\" content=\"Brussels Accountants\" \/>\n<meta property=\"article:modified_time\" content=\"2025-11-20T15:01:11+00:00\" \/>\n<meta name=\"twitter:card\" content=\"summary_large_image\" \/>\n<meta name=\"twitter:label1\" content=\"Est. reading time\" \/>\n\t<meta name=\"twitter:data1\" content=\"3 minutes\" \/>\n<script type=\"application\/ld+json\" class=\"yoast-schema-graph\">{\"@context\":\"https:\\\/\\\/schema.org\",\"@graph\":[{\"@type\":\"WebPage\",\"@id\":\"https:\\\/\\\/www.brussels-accountants.be\\\/our-services\\\/peppol\\\/\",\"url\":\"https:\\\/\\\/www.brussels-accountants.be\\\/our-services\\\/peppol\\\/\",\"name\":\"Peppol - Brussels Accountants\",\"isPartOf\":{\"@id\":\"https:\\\/\\\/www.brussels-accountants.be\\\/#website\"},\"datePublished\":\"2025-11-20T14:37:18+00:00\",\"dateModified\":\"2025-11-20T15:01:11+00:00\",\"breadcrumb\":{\"@id\":\"https:\\\/\\\/www.brussels-accountants.be\\\/our-services\\\/peppol\\\/#breadcrumb\"},\"inLanguage\":\"en-US\",\"potentialAction\":[{\"@type\":\"ReadAction\",\"target\":[\"https:\\\/\\\/www.brussels-accountants.be\\\/our-services\\\/peppol\\\/\"]}]},{\"@type\":\"BreadcrumbList\",\"@id\":\"https:\\\/\\\/www.brussels-accountants.be\\\/our-services\\\/peppol\\\/#breadcrumb\",\"itemListElement\":[{\"@type\":\"ListItem\",\"position\":1,\"name\":\"Accueil\",\"item\":\"https:\\\/\\\/www.brussels-accountants.be\\\/\"},{\"@type\":\"ListItem\",\"position\":2,\"name\":\"Services\",\"item\":\"https:\\\/\\\/www.brussels-accountants.be\\\/\"},{\"@type\":\"ListItem\",\"position\":3,\"name\":\"Peppol\"}]},{\"@type\":\"WebSite\",\"@id\":\"https:\\\/\\\/www.brussels-accountants.be\\\/#website\",\"url\":\"https:\\\/\\\/www.brussels-accountants.be\\\/\",\"name\":\"Brussels Accountants\",\"description\":\"&lt;strong&gt;Brussels Accountants&lt;\\\/strong&gt; est une entreprise Internationale de comptabilit\u00e9 offrant \u00e0 ses clients une comptabilit\u00e9 appropri\u00e9e et une consultance optimis\u00e9e des imp\u00f4ts. Le cabinet est comp\u00e9tent au sein du contexte belge, pour les citoyens redevables de l\u2019imp\u00f4t belge. Nous sommes aussi reconnus en tant que guide fiable et compagnon pour les expatri\u00e9s qui ont besoin de constituer leur activit\u00e9, d&#039;en assurer la croissance et l\u2019organisation sur le territoire belge.\",\"publisher\":{\"@id\":\"https:\\\/\\\/www.brussels-accountants.be\\\/#organization\"},\"potentialAction\":[{\"@type\":\"SearchAction\",\"target\":{\"@type\":\"EntryPoint\",\"urlTemplate\":\"https:\\\/\\\/www.brussels-accountants.be\\\/?s={search_term_string}\"},\"query-input\":{\"@type\":\"PropertyValueSpecification\",\"valueRequired\":true,\"valueName\":\"search_term_string\"}}],\"inLanguage\":\"en-US\"},{\"@type\":\"Organization\",\"@id\":\"https:\\\/\\\/www.brussels-accountants.be\\\/#organization\",\"name\":\"Brussels Accountants\",\"url\":\"https:\\\/\\\/www.brussels-accountants.be\\\/\",\"logo\":{\"@type\":\"ImageObject\",\"inLanguage\":\"en-US\",\"@id\":\"https:\\\/\\\/www.brussels-accountants.be\\\/#\\\/schema\\\/logo\\\/image\\\/\",\"url\":\"https:\\\/\\\/www.brussels-accountants.be\\\/wp-content\\\/uploads\\\/2018\\\/10\\\/cropped-logo-medium.png\",\"contentUrl\":\"https:\\\/\\\/www.brussels-accountants.be\\\/wp-content\\\/uploads\\\/2018\\\/10\\\/cropped-logo-medium.png\",\"width\":512,\"height\":512,\"caption\":\"Brussels Accountants\"},\"image\":{\"@id\":\"https:\\\/\\\/www.brussels-accountants.be\\\/#\\\/schema\\\/logo\\\/image\\\/\"}}]}<\/script>\n<!-- \/ Yoast SEO plugin. -->","yoast_head_json":{"title":"Peppol - Brussels Accountants","robots":{"index":"index","follow":"follow","max-snippet":"max-snippet:-1","max-image-preview":"max-image-preview:large","max-video-preview":"max-video-preview:-1"},"canonical":"https:\/\/www.brussels-accountants.be\/en\/our-services\/peppol\/","og_locale":"en_US","og_type":"article","og_title":"Peppol - Brussels Accountants","og_description":"We\u2019re pleased to announce that, beginning in February 2026, Brussels Accountantswill transition to a new accounting platform i.e. Horus Software. This upgrade willenable us to keep pace with a rapidly evolving digital landscape and furtherstreamline our processes, allowing us to serve our clients with even greater efficiencyand quality.To continue delivering high quality, efficient service, it\u2019s [&hellip;]","og_url":"https:\/\/www.brussels-accountants.be\/our-services\/peppol\/","og_site_name":"Brussels Accountants","article_modified_time":"2025-11-20T15:01:11+00:00","twitter_card":"summary_large_image","twitter_misc":{"Est. reading time":"3 minutes"},"schema":{"@context":"https:\/\/schema.org","@graph":[{"@type":"WebPage","@id":"https:\/\/www.brussels-accountants.be\/our-services\/peppol\/","url":"https:\/\/www.brussels-accountants.be\/our-services\/peppol\/","name":"Peppol - Brussels Accountants","isPartOf":{"@id":"https:\/\/www.brussels-accountants.be\/#website"},"datePublished":"2025-11-20T14:37:18+00:00","dateModified":"2025-11-20T15:01:11+00:00","breadcrumb":{"@id":"https:\/\/www.brussels-accountants.be\/our-services\/peppol\/#breadcrumb"},"inLanguage":"en-US","potentialAction":[{"@type":"ReadAction","target":["https:\/\/www.brussels-accountants.be\/our-services\/peppol\/"]}]},{"@type":"BreadcrumbList","@id":"https:\/\/www.brussels-accountants.be\/our-services\/peppol\/#breadcrumb","itemListElement":[{"@type":"ListItem","position":1,"name":"Accueil","item":"https:\/\/www.brussels-accountants.be\/"},{"@type":"ListItem","position":2,"name":"Services","item":"https:\/\/www.brussels-accountants.be\/"},{"@type":"ListItem","position":3,"name":"Peppol"}]},{"@type":"WebSite","@id":"https:\/\/www.brussels-accountants.be\/#website","url":"https:\/\/www.brussels-accountants.be\/","name":"Brussels Accountants","description":"&lt;strong&gt;Brussels Accountants&lt;\/strong&gt; est une entreprise Internationale de comptabilit\u00e9 offrant \u00e0 ses clients une comptabilit\u00e9 appropri\u00e9e et une consultance optimis\u00e9e des imp\u00f4ts. Le cabinet est comp\u00e9tent au sein du contexte belge, pour les citoyens redevables de l\u2019imp\u00f4t belge. Nous sommes aussi reconnus en tant que guide fiable et compagnon pour les expatri\u00e9s qui ont besoin de constituer leur activit\u00e9, d&#039;en assurer la croissance et l\u2019organisation sur le territoire belge.","publisher":{"@id":"https:\/\/www.brussels-accountants.be\/#organization"},"potentialAction":[{"@type":"SearchAction","target":{"@type":"EntryPoint","urlTemplate":"https:\/\/www.brussels-accountants.be\/?s={search_term_string}"},"query-input":{"@type":"PropertyValueSpecification","valueRequired":true,"valueName":"search_term_string"}}],"inLanguage":"en-US"},{"@type":"Organization","@id":"https:\/\/www.brussels-accountants.be\/#organization","name":"Brussels Accountants","url":"https:\/\/www.brussels-accountants.be\/","logo":{"@type":"ImageObject","inLanguage":"en-US","@id":"https:\/\/www.brussels-accountants.be\/#\/schema\/logo\/image\/","url":"https:\/\/www.brussels-accountants.be\/wp-content\/uploads\/2018\/10\/cropped-logo-medium.png","contentUrl":"https:\/\/www.brussels-accountants.be\/wp-content\/uploads\/2018\/10\/cropped-logo-medium.png","width":512,"height":512,"caption":"Brussels Accountants"},"image":{"@id":"https:\/\/www.brussels-accountants.be\/#\/schema\/logo\/image\/"}}]}},"_links":{"self":[{"href":"https:\/\/www.brussels-accountants.be\/en\/wp-json\/wp\/v2\/pages\/20337","targetHints":{"allow":["GET"]}}],"collection":[{"href":"https:\/\/www.brussels-accountants.be\/en\/wp-json\/wp\/v2\/pages"}],"about":[{"href":"https:\/\/www.brussels-accountants.be\/en\/wp-json\/wp\/v2\/types\/page"}],"author":[{"embeddable":true,"href":"https:\/\/www.brussels-accountants.be\/en\/wp-json\/wp\/v2\/users\/1"}],"replies":[{"embeddable":true,"href":"https:\/\/www.brussels-accountants.be\/en\/wp-json\/wp\/v2\/comments?post=20337"}],"version-history":[{"count":3,"href":"https:\/\/www.brussels-accountants.be\/en\/wp-json\/wp\/v2\/pages\/20337\/revisions"}],"predecessor-version":[{"id":20352,"href":"https:\/\/www.brussels-accountants.be\/en\/wp-json\/wp\/v2\/pages\/20337\/revisions\/20352"}],"up":[{"embeddable":true,"href":"https:\/\/www.brussels-accountants.be\/en\/wp-json\/wp\/v2\/pages\/343"}],"wp:attachment":[{"href":"https:\/\/www.brussels-accountants.be\/en\/wp-json\/wp\/v2\/media?parent=20337"}],"curies":[{"name":"wp","href":"https:\/\/api.w.org\/{rel}","templated":true}]}}