{"id":1855,"date":"2022-01-05T13:50:32","date_gmt":"2022-01-05T12:50:32","guid":{"rendered":"https:\/\/www.brussels-accountants.be\/?page_id=1855"},"modified":"2022-01-05T13:50:33","modified_gmt":"2022-01-05T12:50:33","slug":"gdpr","status":"publish","type":"page","link":"https:\/\/www.brussels-accountants.be\/en\/gdpr\/","title":{"rendered":"GDPR"},"content":{"rendered":"\n<p><strong><u>Algemene verordening gegevensbescherming (General Data Protection Regulation) \u2013 Inleiding<\/u><\/strong><\/p>\n\n\n\n<p>Wetgeving aangenomen door het Europees Parlement op 14 april 2016 en door de Raad op 8 april 2016.<\/p>\n\n\n\n<p>Als accountantskantoor en erkend belastingconsulent staan wij in voor de verwerking van heel wat gegevens. Een deel van deze gegevens hebben betrekking op persoonsgegevens.<\/p>\n\n\n\n<p>De persoonsgegevens die wij verwerken kunnen betrekking op u hebben in uw hoedanigheid van klant van het kantoor, maar ook op u als zakelijke relatie van onze klanten (zoals het geval dat u leverancier of klant bent van onze klant). In het kader van de zogeheten&nbsp;<strong><u>GDPR-voorschriften<\/u><\/strong>&nbsp;dienen wij u als betrokkene van wie persoonsgegevens door ons verwerkt worden op het hiernavolgende te wijzen:<\/p>\n\n\n\n<p><strong><u>1. Verantwoordelijke voor de verwerking van de persoonsgegevens bij Brussels Accountants BV.<\/u><\/strong><\/p>\n\n\n\n<p>De maatschappelijke zetel van Brussels Accountants BV is gevestigd in de Tweehuizenweg 73 bus 3, 1200 Brussel (Sint-Lambrechts-Woluwe), Belgi\u00eb en het ondernemingsnummer is 0831 802 120. Ive Cleuren, is de aangestelde bestuurder en is als accountant en belastingconsulent erkend bij The Institute for Tax Advisors and Accountants en dit ingeschreven met het aansluitingsnummer ITAA 9091-N.<\/p>\n\n\n\n<p>De verantwoordelijke voor de verwerking van de persoonsgegevens is eveneens Ive Cleuren. Voor alle vragen met betrekking tot de bescherming van persoonsgegevens, kan u terecht bij Brussels Accountants BV via een brief op het bovenstaande adres. Makkelijker evenwel om dit te doen is via e-mail; te verzenden naar&nbsp;<a href=\"https:\/\/web.archive.org\/web\/20210421234403\/&#x6d;&#97;i&#x6c;&#x74;&#111;:&#x63;&#111;n&#x73;&#x75;&#108;t&#x40;&#98;r&#x75;&#x73;&#115;e&#x6c;&#x73;&#45;&#x61;&#x63;&#99;o&#x75;&#x6e;&#116;a&#x6e;&#116;s&#x2e;&#x62;&#101;\">&#99;&#x6f;&#110;&#x73;&#117;&#x6c;&#116;&#x40;b&#x72;u&#x73;s&#x65;l&#115;&#x2d;&#97;&#x63;&#99;&#x6f;&#117;&#x6e;&#116;&#x61;n&#x74;s&#x2e;b&#x65;<\/a><\/p>\n\n\n\n<p><strong><u>2. Doeleinden van de verwerking van persoonsgegevens.<\/u><\/strong><\/p>\n\n\n\n<p>Het kantoor verwerkt de persoonsgegevens voor de volgende doeleinden:<\/p>\n\n\n\n<p>2.1. Toepassing van de Wet van 18 september 2017 tot voorkoming van het witwassen van geld en de financiering van terrorisme en tot beperking van het gebruik van contanten (hierna: wet van 18 september 2017).<\/p>\n\n\n\n<p>2.1.1. In toepassing van het artikel 26 van de wet van 18 september 2017 dient ons kantoor met betrekking tot onze cli\u00ebnten en hun lasthebbers de volgende persoonsgegevens in te winnen:<\/p>\n\n\n\n<p>\u2013 de naam,<\/p>\n\n\n\n<p>\u2013 de voornaam,<\/p>\n\n\n\n<p>\u2013 de geboortedatum en -plaats en,<\/p>\n\n\n\n<p>\u2013 in de mate van het mogelijke, het adres.<\/p>\n\n\n\n<p>2.1.2. In toepassing van het artikel 26 van de wet van 18 september 2017 dient ons kantoor betreffende de uiteindelijke begunstigden van de cli\u00ebnten volgende persoonsgegevens in te winnen:<\/p>\n\n\n\n<p>\u2013 de naam,<\/p>\n\n\n\n<p>\u2013 de voornaam en<\/p>\n\n\n\n<p>\u2013 in de mate van het mogelijke: de geboortedatum en -plaats en adres.<\/p>\n\n\n\n<p>De verwerking van deze persoonsgegevens is een wettelijke verplichting. Zonder deze gegevens kunnen wij niet overgaan tot het aangaan van een zakelijke relatie (art. 33 Wet van 18 september 2017 tot voorkoming van het witwassen van geld en de financiering van terrorisme en tot beperking van het gebruik van contanten).<\/p>\n\n\n\n<p>2.2 De op het kantoor rustende verplichtingen ten aanzien van de Belgische overheid, van buitenlandse overheden of van internationale instellingen in uitvoering van een wettelijke of reglementaire verplichting, in uitvoering van een gerechtelijke beslissing, of in het kader van de behartiging van een rechtmatig belang door o.a. doch niet uitsluitend de huidige en toekomstige fiscale (b.v. BTW-listings, fiscale fiches) en sociale wetten noodzaken ons om in het kader van de opdracht waarmee we werden belast persoonsgegevens te verwerken.<\/p>\n\n\n\n<p>De verwerking van deze persoonsgegevens is een wettelijke verplichting en zonder deze gegevens kunnen wij niet overgaan tot het aangaan van een zakelijke relatie.<\/p>\n\n\n\n<p>2.3 Uitvoering van een overeenkomst betreffende boekhoudkundige en fiscale diensten. De verwerking van de persoonsgegevens betreft de gegevens van de cli\u00ebnten zelf, hun personeelsleden, hun bestuurders en dergelijke, alsook van de andere personen die o.a. als klant of leverancier betrokken zijn bij de activiteit.<\/p>\n\n\n\n<p>Zonder de verstrekking en verwerking van deze gegevens kunnen wij onze opdracht als fiscaal accountantskantoor niet naar behoren uitvoeren.<\/p>\n\n\n\n<p><strong><u>3. Welke persoonsgegevens en van wie?<\/u><\/strong><\/p>\n\n\n\n<p>In het kader van de onder 2 vermelde doeleinden kan ons kantoor de volgende persoonsgegevens verwerken: voornaam, naam, e-mailadres, biometrische gegevens (kopie van e-id-kaart of paspoort), adres, ondernemingsnummer, nationaal nummer en mogelijks nog andere identificatiegegevens.<\/p>\n\n\n\n<p>In het kader van de aangiftes tot de personenbelasting via Tax-on-web worden ook volgende gegevens verwerkt: kinderen, lidmaatschap vakbond of politieke organisaties en uitzonderlijk ook medische gegevens.<\/p>\n\n\n\n<p>Het kantoor verwerkt de persoonsgegevens welke de betrokkenen zelf of hun aanverwanten hebben aangeleverd.<\/p>\n\n\n\n<p>Het kantoor verwerkt ook persoonsgegevens die niet door de betrokkene zelf werden aangebracht zoals persoonsgegevens die door de cli\u00ebnt worden aangeleverd betreffende zijn werknemers, bestuurders, klanten, leveranciers, of aandeelhouders.<\/p>\n\n\n\n<p>De persoonsgegevens kunnen ook afkomstig zijn van openbare bronnen zoals de Kruispuntenbank Ondernemingen, het Belgisch Staatsblad en de bijlagen ervan, de Nationale Bank van Belgi\u00eb (Balanscentrale) en soortgelijke.<\/p>\n\n\n\n<p>De gegevens worden slechts verwerkt voor zover noodzakelijk voor de onder punt 2 vermelde doeleinden.<\/p>\n\n\n\n<p>De persoonsgegevens worden niet doorgegeven aan derde landen of internationale organisaties.<\/p>\n\n\n\n<p><strong><u>4. Ontvanger van gegevens<\/u><\/strong><\/p>\n\n\n\n<p>Overeenkomstig wat voorafgaat en behalve in de mate dat de mededeling van persoonsgegevens aan organisaties of entiteiten wiens tussenkomst als dienstverlenende derden voor rekening en onder de controle van de verantwoordelijke vereist is om de voormelde doeleinden te verwezenlijken, zal het kantoor de in dit kader verzamelde persoonsgegevens niet meedelen, verkopen, verhuren of uitwisselen met enige andere organisatie of entiteit, tenzij u daar op voorhand van op de hoogte werd gebracht en hiermee uitdrukkelijk mee instemde.<\/p>\n\n\n\n<p>Het kantoor doet ook beroep op dienstverlenende derden:<\/p>\n\n\n\n<p>Het kantoor maakt gebruik van<\/p>\n\n\n\n<p>\u2013 Winbooks als e-boekhoudsoftware met hieraan gekoppeld Virtual Invoice voor de scanning en koppeling van boekhoudstukken en Winbooks Connect als bijhorend online portaal,<\/p>\n\n\n\n<p>\u2013 Alsook de administratieve programma\u2019s van software provider Syneton: Admin IS (o.m. voor anti-witwas formaliteiten) &amp; Admin DMS (algemene database),<\/p>\n\n\n\n<p>\u2013 Beveiligde cloud computing bij Cloudbizz, ondersteund door het ICT-bedrijf Logidrive.<\/p>\n\n\n\n<p>Het kantoor doet een beroep op externe medewerkers voor het uitvoeren van bepaalde taken of specifieke opdrachten (bedrijfsrevisoren, notarissen, externe fiscale consultenten, ICT-dienstverleners).<\/p>\n\n\n\n<p>Brussels Accountants kan alle maatregelen nemen die nodig zijn om een goed beheer van de website en van haar informaticasysteem te verzekeren.<\/p>\n\n\n\n<p>Brussels Accountants kan de persoonsgegevens doorgeven op vraag van elke wettelijk bevoegde overheid, of zelfs op eigen initiatief indien ze te goeder trouw van oordeel is dat het doorgeven van die inlichtingen nodig is om aan de wetgeving en aan de reglementering te voldoen, of om de rechten of de goederen van het kantoor, van haar klanten, van haar website en\/of van u te verdedigen en\/of te beschermen.<\/p>\n\n\n\n<p>In een passende en correcte beroepsuitvoering is het onvermijdelijk dat Brussels Accountants samenwerkt, en dit met inbegrip van de onvermijdelijke uitwisseling van gegevens:&nbsp;<\/p>\n\n\n\n<p>\u2013 met de griffier van de Ondernemingsrechtbank (met het oog op het publiceren van gegevens in de bijlagen van het Belgisch Staatsblad; het bekomen van duplicaten van paspoorten kan hierbij noodzakelijk zijn),<\/p>\n\n\n\n<p>\u2013 met sociale secretariaten die salarisberekeningen maken,<\/p>\n\n\n\n<p>\u2013 met fondsen voor de sociale zekerheid van zelfstandigen en bestuurders, met het oog op aansluiting van zelfstandigen, de aanpassing ervan, of de schrapping; dit aspect met mogelijks in het verlengde hiervan tevens mutualiteiten,<\/p>\n\n\n\n<p>\u2013 met de balanscentrale van de Nationale Bank van Belgi\u00eb voor publicatie van jaarrekeningen,<\/p>\n\n\n\n<p>\u2013 met de Kruispuntbank van Ondernemingen (met als tussenpersoon het ondernemingsloket)<\/p>\n\n\n\n<p>\u2013 met de diverse overheidsdiensten inzake directe en indirecte belastingen (BTW).<\/p>\n\n\n\n<p><strong><u>5. Veiligheidsmaatregelen.<\/u><\/strong><\/p>\n\n\n\n<p>Teneinde, in de mate van het mogelijke, de ongeoorloofde toegang tot de in dit kader verzamelde persoonsgegevens te beletten, heeft het kantoor procedures op het gebied van veiligheid en organisatie opgesteld, welke betrekking hebben zowel op het verzamelen van deze gegevens als op hun bewaring. Dit is samenspraak met de ICT-consultent Logidrive.<\/p>\n\n\n\n<p>Deze procedures zijn tevens van toepassing op alle verwerkers waar het kantoor een beroep op doet. Op alle gebruikte PCs is een anti-virus programma ge\u00efnstalleerd, o.m. met het oog op het vermijden<\/p>\n\n\n\n<p>\u2013 van inbraak<\/p>\n\n\n\n<p>\u2013 en een mogelijks hieruit volgend verlies<\/p>\n\n\n\n<p>\u2013 en\/of de ongewenste verspreiding van opgeslagen gegevens (data).&nbsp;<\/p>\n\n\n\n<p><strong><u>6. Bewaringstermijn<\/u><\/strong><\/p>\n\n\n\n<p>6.1 Persoonsgegevens die wij moeten bewaren krachtens de Wet van 18 september 2017 (zie 2.A.)<\/p>\n\n\n\n<p>Dit betreft de identificatiegegevens en het afschrift van de bewijsstukken omtrent onze cli\u00ebnten, de interne en externe lasthebbers alsmede de uiteindelijke begunstigden van onze cli\u00ebnten.<\/p>\n\n\n\n<p>Deze persoonsgegevens worden, in overeenstemming met artikel 60 van de Wet van 18 september 2017, bewaard tot uiterlijk tien jaar na het einde van de zakelijke relatie met de cli\u00ebnt of te rekenen vanaf de datum van een occasionele verrichting.<\/p>\n\n\n\n<p>6.2. Andere persoonsgegevens<\/p>\n\n\n\n<p>De persoonsgegevens van de andere dan hierboven vermelde personen worden slechts bewaard gedurende de termijnen zoals voorzien in de toepasselijke wetgeving zoals de boekhoudwetgeving, de fiscale wetgeving, de sociale wetgeving.<\/p>\n\n\n\n<p>6.3. Na het verstrijken van de voormelde termijnen worden de persoonsgegevens gewist, tenzij een andere geldende wetgeving een langere bewaartermijn voorziet.<\/p>\n\n\n\n<p><strong><u>7. Rechten van toegang, rectificatie, vergetelheid, gegevensoverdraagbaarheid, bezwaar, niet-profilering en betreffende kennisgeving veiligheidsgebreken<\/u><\/strong><\/p>\n\n\n\n<p>7.1. Betreffende de persoonsgegevens die wij moeten bewaren in toepassing van de Wet van 18 september 2017. Dit betreft de persoonsgegevens van onze cli\u00ebnten, de lasthebbers en de uiteindelijke begunstigden van de cli\u00ebnten.<\/p>\n\n\n\n<p>Ter zake dienen wij u te wijzen op het artikel 65 van de wet van 18 september 2017:<\/p>\n\n\n\n<p>\u201cArt. 65. De persoon op wie krachtens deze wet de verwerking van de persoonsgegevens van toepassing is, geniet niet van het recht op toegang en de rechtzetting van zijn gegevens, noch van het recht om vergeten te worden, op gegevensoverdraagbaarheid of om bezwaren aan te voeren, noch van het recht om niet geprofileerd te worden, noch van kennisgeving van de veiligheidsgebreken.<\/p>\n\n\n\n<p>Het recht op toegang van de betrokken persoon tot de persoonsgegevens die hem aangaan, wordt onrechtstreeks uitgeoefend, krachtens het artikel 13 van de voornoemde wet van 8 december 1992, bij de Commissie voor de Bescherming van de Persoonlijke Levenssfeer zoals ingesteld door artikel 23 van dezelfde wet.<\/p>\n\n\n\n<p>De Commissie voor de bescherming van de persoonlijke levenssfeer deelt uitsluitend aan de verzoeker mede dat de nodige verificaties werden verricht en over het resultaat daarvan wat de rechtmatigheid van de verwerking in kwestie betreft.<\/p>\n\n\n\n<p>Deze gegevens kunnen worden meegedeeld aan de verzoeker wanneer de Commissie voor de Bescherming van de Persoonlijke Levenssfeer, in samenspraak met de CFI en na advies van de verantwoordelijke voor de verwerking, enerzijds vaststelt dat de mededeling ervan niet vatbaar is voor bekendmaking van het bestaan van een melding van een vermoeden bedoeld in de artikelen 47 en 54, van de gevolgen die hieraan werden gegeven of van de uitoefening door de CFI van haar recht om bijkomende inlichtingen te vragen op grond van artikel 81, noch vatbaar is om de doelstelling van de strijd tegen WG\/FT in het gedrang te brengen, en anderzijds vaststelt dat de betreffende gegevens betrekking hebben op de verzoeker en door onderworpen entiteiten, de CFI of de toezichtautoriteiten worden bijgehouden voor toepassing van deze wet.\u201d<\/p>\n\n\n\n<p>7.2. Voor alle andere persoonsgegevens hebt u wel recht op toegang en rechtzetting van de bedoelde persoonsgegevens, alsook op het recht om vergeten te worden, op gegevens-overdraagbaarheid of om bezwaren aan te voeren, alsook op het recht om niet geprofileerd te worden, en op kennisgeving van de veiligheidsgebreken.<\/p>\n\n\n\n<p>Voor de toepassing van al uw hoger genoemde rechten betreffende alle andere persoonsgegevens kan u steeds contact opnemen met Ive Cleuren als gegevens-verwerkingsverantwoordelijke of zogeheten DPO. Voor al de genoemde rechten zijn specifieke briefsjablonen ter beschikking op eenvoudige aanvraag via&nbsp;<a href=\"https:\/\/web.archive.org\/web\/20210421234403\/&#x6d;&#97;i&#x6c;&#116;&#111;&#x3a;&#x63;&#111;n&#x73;&#117;l&#x74;&#x40;&#98;r&#x75;&#115;s&#x65;&#x6c;&#115;-&#x61;&#99;c&#x6f;&#x75;&#110;t&#x61;&#110;t&#x73;&#x2e;&#98;&#x65;\">co&#110;&#115;&#117;&#108;&#x74;&#x40;&#x62;&#x72;&#x75;ss&#101;&#108;&#115;&#45;&#x61;&#x63;&#x63;&#x6f;&#x75;nt&#97;&#110;&#116;&#115;&#x2e;&#x62;&#x65;<\/a><\/p>\n\n\n\n<p><strong><u>8. Klachten<\/u><\/strong><\/p>\n\n\n\n<p>Inzake de verwerking van de persoonsgegevens door ons kantoor kan U een klacht indienen bij de Gegevensbeschermingsautoriteit:<\/p>\n\n\n\n<p>Commissie voor de bescherming van de persoonlijke levenssfeer<\/p>\n\n\n\n<p>Drukpersstraat 35, 1000 Brussel<\/p>\n\n\n\n<p>Tel +32 (0)2 274 48 00<\/p>\n\n\n\n<p>Fax : +32 (0)2 274 48 35<\/p>\n\n\n\n<p>E-mail :&nbsp;<a href=\"https:\/\/web.archive.org\/web\/20210421234403\/&#x6d;&#x61;&#105;&#108;&#116;o&#x3a;&#x63;&#x6f;&#109;&#109;is&#x73;&#x69;&#x6f;&#110;&#64;p&#x72;&#x69;&#x76;&#97;&#99;&#121;c&#x6f;&#x6d;&#x6d;&#105;&#115;si&#x6f;&#x6e;&#x2e;&#98;&#101;\">&#x63;&#x6f;&#x6d;&#x6d;&#x69;&#x73;&#x73;&#105;&#111;&#110;&#64;&#112;riva&#x63;&#x79;&#x63;&#x6f;&#x6d;&#x6d;&#x69;&#x73;&#115;&#105;&#111;&#110;&#46;be<\/a><\/p>\n\n\n\n<p>URL:&nbsp;<a href=\"https:\/\/web.archive.org\/web\/20210421234403\/https:\/\/www.privacycommission.be\/\">https:\/\/www.privacycommission.be<\/a><\/p>\n\n\n\n<p>BIJKOMENDE VRAGEN OF OPMERKINGEN<\/p>\n\n\n\n<p>Indien u na het lezen van ons Privacy beleid vragen of opmerkingen heeft kan u, indien u dat wenst, ons contacteren op&nbsp;<a href=\"https:\/\/web.archive.org\/web\/20210421234403\/&#109;&#x61;&#105;&#x6c;t&#x6f;:&#99;&#x6f;&#110;&#x73;u&#x6c;t&#64;&#x62;&#114;&#x75;s&#x73;e&#108;&#x73;&#45;&#x61;c&#x63;o&#117;&#x6e;&#116;&#x61;n&#x74;s&#46;&#x62;&#101;\">co&#110;&#115;&#117;&#x6c;&#x74;&#x40;&#x62;&#x72;us&#115;&#101;&#108;&#x73;&#x2d;&#x61;&#x63;&#x63;ou&#110;&#116;&#97;&#x6e;&#x74;&#x73;&#x2e;&#x62;e<\/a><\/p>\n\n\n\n<p>Brussels Accountants BV<\/p>\n\n\n\n<p>BTW 0831 802 120<\/p>\n","protected":false},"excerpt":{"rendered":"<p>Algemene verordening gegevensbescherming (General Data Protection Regulation) \u2013 Inleiding Wetgeving aangenomen door het Europees Parlement op 14 april 2016 en door de Raad op 8 april 2016. Als accountantskantoor en erkend belastingconsulent staan wij in voor de verwerking van heel wat gegevens. Een deel van deze gegevens hebben betrekking op persoonsgegevens. De persoonsgegevens die wij [&hellip;]<\/p>\n","protected":false},"author":1,"featured_media":0,"parent":0,"menu_order":0,"comment_status":"closed","ping_status":"closed","template":"","meta":{"footnotes":""},"class_list":["post-1855","page","type-page","status-publish","hentry"],"acf":[],"yoast_head":"<!-- This site is optimized with the Yoast SEO plugin v27.4 - https:\/\/yoast.com\/product\/yoast-seo-wordpress\/ -->\n<title>GDPR - Brussels Accountants<\/title>\n<meta name=\"robots\" content=\"index, follow, max-snippet:-1, max-image-preview:large, max-video-preview:-1\" \/>\n<link rel=\"canonical\" href=\"https:\/\/www.brussels-accountants.be\/en\/all\/gdpr\/\" \/>\n<meta property=\"og:locale\" content=\"en_US\" \/>\n<meta property=\"og:type\" content=\"article\" \/>\n<meta property=\"og:title\" content=\"GDPR - Brussels Accountants\" \/>\n<meta property=\"og:description\" content=\"Algemene verordening gegevensbescherming (General Data Protection Regulation) \u2013 Inleiding Wetgeving aangenomen door het Europees Parlement op 14 april 2016 en door de Raad op 8 april 2016. Als accountantskantoor en erkend belastingconsulent staan wij in voor de verwerking van heel wat gegevens. Een deel van deze gegevens hebben betrekking op persoonsgegevens. De persoonsgegevens die wij [&hellip;]\" \/>\n<meta property=\"og:url\" content=\"https:\/\/www.brussels-accountants.be\/en\/all\/gdpr\/\" \/>\n<meta property=\"og:site_name\" content=\"Brussels Accountants\" \/>\n<meta property=\"article:modified_time\" content=\"2022-01-05T12:50:33+00:00\" \/>\n<meta name=\"twitter:card\" content=\"summary_large_image\" \/>\n<meta name=\"twitter:label1\" content=\"Est. reading time\" \/>\n\t<meta name=\"twitter:data1\" content=\"10 minutes\" \/>\n<script type=\"application\/ld+json\" class=\"yoast-schema-graph\">{\"@context\":\"https:\\\/\\\/schema.org\",\"@graph\":[{\"@type\":\"WebPage\",\"@id\":\"https:\\\/\\\/www.brussels-accountants.be\\\/en\\\/all\\\/gdpr\\\/\",\"url\":\"https:\\\/\\\/www.brussels-accountants.be\\\/en\\\/all\\\/gdpr\\\/\",\"name\":\"GDPR - Brussels Accountants\",\"isPartOf\":{\"@id\":\"https:\\\/\\\/www.brussels-accountants.be\\\/#website\"},\"datePublished\":\"2022-01-05T12:50:32+00:00\",\"dateModified\":\"2022-01-05T12:50:33+00:00\",\"breadcrumb\":{\"@id\":\"https:\\\/\\\/www.brussels-accountants.be\\\/en\\\/all\\\/gdpr\\\/#breadcrumb\"},\"inLanguage\":\"en-US\",\"potentialAction\":[{\"@type\":\"ReadAction\",\"target\":[\"https:\\\/\\\/www.brussels-accountants.be\\\/en\\\/all\\\/gdpr\\\/\"]}]},{\"@type\":\"BreadcrumbList\",\"@id\":\"https:\\\/\\\/www.brussels-accountants.be\\\/en\\\/all\\\/gdpr\\\/#breadcrumb\",\"itemListElement\":[{\"@type\":\"ListItem\",\"position\":1,\"name\":\"Accueil\",\"item\":\"https:\\\/\\\/www.brussels-accountants.be\\\/\"},{\"@type\":\"ListItem\",\"position\":2,\"name\":\"GDPR\"}]},{\"@type\":\"WebSite\",\"@id\":\"https:\\\/\\\/www.brussels-accountants.be\\\/#website\",\"url\":\"https:\\\/\\\/www.brussels-accountants.be\\\/\",\"name\":\"Brussels Accountants\",\"description\":\"&lt;strong&gt;Brussels Accountants&lt;\\\/strong&gt; est une entreprise Internationale de comptabilit\u00e9 offrant \u00e0 ses clients une comptabilit\u00e9 appropri\u00e9e et une consultance optimis\u00e9e des imp\u00f4ts. Le cabinet est comp\u00e9tent au sein du contexte belge, pour les citoyens redevables de l\u2019imp\u00f4t belge. Nous sommes aussi reconnus en tant que guide fiable et compagnon pour les expatri\u00e9s qui ont besoin de constituer leur activit\u00e9, d&#039;en assurer la croissance et l\u2019organisation sur le territoire belge.\",\"publisher\":{\"@id\":\"https:\\\/\\\/www.brussels-accountants.be\\\/#organization\"},\"potentialAction\":[{\"@type\":\"SearchAction\",\"target\":{\"@type\":\"EntryPoint\",\"urlTemplate\":\"https:\\\/\\\/www.brussels-accountants.be\\\/?s={search_term_string}\"},\"query-input\":{\"@type\":\"PropertyValueSpecification\",\"valueRequired\":true,\"valueName\":\"search_term_string\"}}],\"inLanguage\":\"en-US\"},{\"@type\":\"Organization\",\"@id\":\"https:\\\/\\\/www.brussels-accountants.be\\\/#organization\",\"name\":\"Brussels Accountants\",\"url\":\"https:\\\/\\\/www.brussels-accountants.be\\\/\",\"logo\":{\"@type\":\"ImageObject\",\"inLanguage\":\"en-US\",\"@id\":\"https:\\\/\\\/www.brussels-accountants.be\\\/#\\\/schema\\\/logo\\\/image\\\/\",\"url\":\"https:\\\/\\\/www.brussels-accountants.be\\\/wp-content\\\/uploads\\\/2018\\\/10\\\/cropped-logo-medium.png\",\"contentUrl\":\"https:\\\/\\\/www.brussels-accountants.be\\\/wp-content\\\/uploads\\\/2018\\\/10\\\/cropped-logo-medium.png\",\"width\":512,\"height\":512,\"caption\":\"Brussels Accountants\"},\"image\":{\"@id\":\"https:\\\/\\\/www.brussels-accountants.be\\\/#\\\/schema\\\/logo\\\/image\\\/\"}}]}<\/script>\n<!-- \/ Yoast SEO plugin. -->","yoast_head_json":{"title":"GDPR - Brussels Accountants","robots":{"index":"index","follow":"follow","max-snippet":"max-snippet:-1","max-image-preview":"max-image-preview:large","max-video-preview":"max-video-preview:-1"},"canonical":"https:\/\/www.brussels-accountants.be\/en\/all\/gdpr\/","og_locale":"en_US","og_type":"article","og_title":"GDPR - Brussels Accountants","og_description":"Algemene verordening gegevensbescherming (General Data Protection Regulation) \u2013 Inleiding Wetgeving aangenomen door het Europees Parlement op 14 april 2016 en door de Raad op 8 april 2016. Als accountantskantoor en erkend belastingconsulent staan wij in voor de verwerking van heel wat gegevens. Een deel van deze gegevens hebben betrekking op persoonsgegevens. De persoonsgegevens die wij [&hellip;]","og_url":"https:\/\/www.brussels-accountants.be\/en\/all\/gdpr\/","og_site_name":"Brussels Accountants","article_modified_time":"2022-01-05T12:50:33+00:00","twitter_card":"summary_large_image","twitter_misc":{"Est. reading time":"10 minutes"},"schema":{"@context":"https:\/\/schema.org","@graph":[{"@type":"WebPage","@id":"https:\/\/www.brussels-accountants.be\/en\/all\/gdpr\/","url":"https:\/\/www.brussels-accountants.be\/en\/all\/gdpr\/","name":"GDPR - Brussels Accountants","isPartOf":{"@id":"https:\/\/www.brussels-accountants.be\/#website"},"datePublished":"2022-01-05T12:50:32+00:00","dateModified":"2022-01-05T12:50:33+00:00","breadcrumb":{"@id":"https:\/\/www.brussels-accountants.be\/en\/all\/gdpr\/#breadcrumb"},"inLanguage":"en-US","potentialAction":[{"@type":"ReadAction","target":["https:\/\/www.brussels-accountants.be\/en\/all\/gdpr\/"]}]},{"@type":"BreadcrumbList","@id":"https:\/\/www.brussels-accountants.be\/en\/all\/gdpr\/#breadcrumb","itemListElement":[{"@type":"ListItem","position":1,"name":"Accueil","item":"https:\/\/www.brussels-accountants.be\/"},{"@type":"ListItem","position":2,"name":"GDPR"}]},{"@type":"WebSite","@id":"https:\/\/www.brussels-accountants.be\/#website","url":"https:\/\/www.brussels-accountants.be\/","name":"Brussels Accountants","description":"&lt;strong&gt;Brussels Accountants&lt;\/strong&gt; est une entreprise Internationale de comptabilit\u00e9 offrant \u00e0 ses clients une comptabilit\u00e9 appropri\u00e9e et une consultance optimis\u00e9e des imp\u00f4ts. Le cabinet est comp\u00e9tent au sein du contexte belge, pour les citoyens redevables de l\u2019imp\u00f4t belge. Nous sommes aussi reconnus en tant que guide fiable et compagnon pour les expatri\u00e9s qui ont besoin de constituer leur activit\u00e9, d&#039;en assurer la croissance et l\u2019organisation sur le territoire belge.","publisher":{"@id":"https:\/\/www.brussels-accountants.be\/#organization"},"potentialAction":[{"@type":"SearchAction","target":{"@type":"EntryPoint","urlTemplate":"https:\/\/www.brussels-accountants.be\/?s={search_term_string}"},"query-input":{"@type":"PropertyValueSpecification","valueRequired":true,"valueName":"search_term_string"}}],"inLanguage":"en-US"},{"@type":"Organization","@id":"https:\/\/www.brussels-accountants.be\/#organization","name":"Brussels Accountants","url":"https:\/\/www.brussels-accountants.be\/","logo":{"@type":"ImageObject","inLanguage":"en-US","@id":"https:\/\/www.brussels-accountants.be\/#\/schema\/logo\/image\/","url":"https:\/\/www.brussels-accountants.be\/wp-content\/uploads\/2018\/10\/cropped-logo-medium.png","contentUrl":"https:\/\/www.brussels-accountants.be\/wp-content\/uploads\/2018\/10\/cropped-logo-medium.png","width":512,"height":512,"caption":"Brussels Accountants"},"image":{"@id":"https:\/\/www.brussels-accountants.be\/#\/schema\/logo\/image\/"}}]}},"_links":{"self":[{"href":"https:\/\/www.brussels-accountants.be\/en\/wp-json\/wp\/v2\/pages\/1855","targetHints":{"allow":["GET"]}}],"collection":[{"href":"https:\/\/www.brussels-accountants.be\/en\/wp-json\/wp\/v2\/pages"}],"about":[{"href":"https:\/\/www.brussels-accountants.be\/en\/wp-json\/wp\/v2\/types\/page"}],"author":[{"embeddable":true,"href":"https:\/\/www.brussels-accountants.be\/en\/wp-json\/wp\/v2\/users\/1"}],"replies":[{"embeddable":true,"href":"https:\/\/www.brussels-accountants.be\/en\/wp-json\/wp\/v2\/comments?post=1855"}],"version-history":[{"count":1,"href":"https:\/\/www.brussels-accountants.be\/en\/wp-json\/wp\/v2\/pages\/1855\/revisions"}],"predecessor-version":[{"id":1856,"href":"https:\/\/www.brussels-accountants.be\/en\/wp-json\/wp\/v2\/pages\/1855\/revisions\/1856"}],"wp:attachment":[{"href":"https:\/\/www.brussels-accountants.be\/en\/wp-json\/wp\/v2\/media?parent=1855"}],"curies":[{"name":"wp","href":"https:\/\/api.w.org\/{rel}","templated":true}]}}