{"id":156,"date":"2018-10-23T11:03:19","date_gmt":"2018-10-23T09:03:19","guid":{"rendered":"https:\/\/www.fidupress.be\/ba\/?page_id=156"},"modified":"2025-11-20T15:16:27","modified_gmt":"2025-11-20T14:16:27","slug":"diensten","status":"publish","type":"page","link":"https:\/\/www.brussels-accountants.be\/en\/diensten\/","title":{"rendered":"Diensten"},"content":{"rendered":"\n<p><strong>Brussels Accountants<\/strong> is een internationaal geori\u00ebnteerd accountantskantoor dat dienstverlening aanbiedt op maat van de cli\u00ebnt wat betreft boekhoudkundige rapportering en geoptimaliseerd belastingadvies. Het kantoor biedt zijn diensten aan binnen een louter Belgische context en dus uiteraard ook aan een Belgisch cli\u00ebnteel, maar specialiseert zich in de opstart en begeleiding van economische activiteiten die buitenlanders wensen aan te vatten in Belgi\u00eb.<\/p>\n\n\n\n<p><strong>Brussels Accountants<\/strong> heeft een team van professionals, werkt voor een 225-tal klanten en wordt occasioneel bijgestaan door vakbekwame stagiairs of ervaren onderaannemers.<\/p>\n\n\n\n<ul class=\"wp-block-list\">\n<li>Brussels Accountants voor <a href=\"\/nl\/diensten\/zelfstandigen-en-vennootschappen\/\">Zelfstandigen en vennootschappen<\/a><\/li>\n\n\n\n<li>Brussels Accountants voor <a href=\"\/nl\/diensten\/verenigingen-zonder-winstoogmerk\/\">Verenigingen zonder winstoogmerk<\/a><\/li>\n\n\n\n<li>Brussels Accountants voor <a href=\"\/nl\/diensten\/expatriates\/\">Expatriates<\/a><\/li>\n\n\n\n<li>Brussels Accountants voor <a href=\"https:\/\/www.brussels-accountants.be\/nl\/diensten\/peppol\/\">PEPPOL<\/a><\/li>\n<\/ul>\n\n\n\n<p><\/p>\n","protected":false},"excerpt":{"rendered":"<p>Brussels Accountants is een internationaal geori\u00ebnteerd accountantskantoor dat dienstverlening aanbiedt op maat van de cli\u00ebnt wat betreft boekhoudkundige rapportering en geoptimaliseerd belastingadvies. Het kantoor biedt zijn diensten aan binnen een louter Belgische context en dus uiteraard ook aan een Belgisch cli\u00ebnteel, maar specialiseert zich in de opstart en begeleiding van economische activiteiten die buitenlanders wensen [&hellip;]<\/p>\n","protected":false},"author":1,"featured_media":20328,"parent":0,"menu_order":0,"comment_status":"closed","ping_status":"closed","template":"","meta":{"footnotes":""},"class_list":["post-156","page","type-page","status-publish","has-post-thumbnail","hentry"],"acf":[],"yoast_head":"<!-- This site is optimized with the Yoast SEO plugin v27.4 - https:\/\/yoast.com\/product\/yoast-seo-wordpress\/ -->\n<title>Diensten - Brussels Accountants<\/title>\n<meta name=\"robots\" content=\"index, follow, max-snippet:-1, max-image-preview:large, max-video-preview:-1\" \/>\n<link rel=\"canonical\" href=\"https:\/\/www.brussels-accountants.be\/en\/\" \/>\n<meta property=\"og:locale\" content=\"en_US\" \/>\n<meta property=\"og:type\" content=\"article\" \/>\n<meta property=\"og:title\" content=\"Diensten - Brussels Accountants\" \/>\n<meta property=\"og:description\" content=\"Brussels Accountants is een internationaal geori\u00ebnteerd accountantskantoor dat dienstverlening aanbiedt op maat van de cli\u00ebnt wat betreft boekhoudkundige rapportering en geoptimaliseerd belastingadvies. Het kantoor biedt zijn diensten aan binnen een louter Belgische context en dus uiteraard ook aan een Belgisch cli\u00ebnteel, maar specialiseert zich in de opstart en begeleiding van economische activiteiten die buitenlanders wensen [&hellip;]\" \/>\n<meta property=\"og:url\" content=\"https:\/\/www.brussels-accountants.be\/\" \/>\n<meta property=\"og:site_name\" content=\"Brussels Accountants\" \/>\n<meta property=\"article:modified_time\" content=\"2025-11-20T14:16:27+00:00\" \/>\n<meta property=\"og:image\" content=\"https:\/\/www.brussels-accountants.be\/wp-content\/uploads\/2025\/11\/Team_Meeting-11-1.jpg\" \/>\n\t<meta property=\"og:image:width\" content=\"1110\" \/>\n\t<meta property=\"og:image:height\" content=\"589\" \/>\n\t<meta property=\"og:image:type\" content=\"image\/jpeg\" \/>\n<meta name=\"twitter:card\" content=\"summary_large_image\" \/>\n<meta name=\"twitter:label1\" content=\"Est. reading time\" \/>\n\t<meta name=\"twitter:data1\" content=\"1 minute\" \/>\n<script type=\"application\/ld+json\" class=\"yoast-schema-graph\">{\"@context\":\"https:\\\/\\\/schema.org\",\"@graph\":[{\"@type\":\"WebPage\",\"@id\":\"https:\\\/\\\/www.brussels-accountants.be\\\/\",\"url\":\"https:\\\/\\\/www.brussels-accountants.be\\\/\",\"name\":\"Diensten - Brussels Accountants\",\"isPartOf\":{\"@id\":\"https:\\\/\\\/www.brussels-accountants.be\\\/#website\"},\"primaryImageOfPage\":{\"@id\":\"https:\\\/\\\/www.brussels-accountants.be\\\/#primaryimage\"},\"image\":{\"@id\":\"https:\\\/\\\/www.brussels-accountants.be\\\/#primaryimage\"},\"thumbnailUrl\":\"https:\\\/\\\/www.brussels-accountants.be\\\/wp-content\\\/uploads\\\/2025\\\/11\\\/Team_Meeting-11-1.jpg\",\"datePublished\":\"2018-10-23T09:03:19+00:00\",\"dateModified\":\"2025-11-20T14:16:27+00:00\",\"breadcrumb\":{\"@id\":\"https:\\\/\\\/www.brussels-accountants.be\\\/#breadcrumb\"},\"inLanguage\":\"en-US\",\"potentialAction\":[{\"@type\":\"ReadAction\",\"target\":[\"https:\\\/\\\/www.brussels-accountants.be\\\/\"]}]},{\"@type\":\"ImageObject\",\"inLanguage\":\"en-US\",\"@id\":\"https:\\\/\\\/www.brussels-accountants.be\\\/#primaryimage\",\"url\":\"https:\\\/\\\/www.brussels-accountants.be\\\/wp-content\\\/uploads\\\/2025\\\/11\\\/Team_Meeting-11-1.jpg\",\"contentUrl\":\"https:\\\/\\\/www.brussels-accountants.be\\\/wp-content\\\/uploads\\\/2025\\\/11\\\/Team_Meeting-11-1.jpg\",\"width\":1110,\"height\":589},{\"@type\":\"BreadcrumbList\",\"@id\":\"https:\\\/\\\/www.brussels-accountants.be\\\/#breadcrumb\",\"itemListElement\":[{\"@type\":\"ListItem\",\"position\":1,\"name\":\"Accueil\",\"item\":\"https:\\\/\\\/www.brussels-accountants.be\\\/\"},{\"@type\":\"ListItem\",\"position\":2,\"name\":\"Diensten\"}]},{\"@type\":\"WebSite\",\"@id\":\"https:\\\/\\\/www.brussels-accountants.be\\\/#website\",\"url\":\"https:\\\/\\\/www.brussels-accountants.be\\\/\",\"name\":\"Brussels Accountants\",\"description\":\"&lt;strong&gt;Brussels Accountants&lt;\\\/strong&gt; est une entreprise Internationale de comptabilit\u00e9 offrant \u00e0 ses clients une comptabilit\u00e9 appropri\u00e9e et une consultance optimis\u00e9e des imp\u00f4ts. Le cabinet est comp\u00e9tent au sein du contexte belge, pour les citoyens redevables de l\u2019imp\u00f4t belge. Nous sommes aussi reconnus en tant que guide fiable et compagnon pour les expatri\u00e9s qui ont besoin de constituer leur activit\u00e9, d&#039;en assurer la croissance et l\u2019organisation sur le territoire belge.\",\"publisher\":{\"@id\":\"https:\\\/\\\/www.brussels-accountants.be\\\/#organization\"},\"potentialAction\":[{\"@type\":\"SearchAction\",\"target\":{\"@type\":\"EntryPoint\",\"urlTemplate\":\"https:\\\/\\\/www.brussels-accountants.be\\\/?s={search_term_string}\"},\"query-input\":{\"@type\":\"PropertyValueSpecification\",\"valueRequired\":true,\"valueName\":\"search_term_string\"}}],\"inLanguage\":\"en-US\"},{\"@type\":\"Organization\",\"@id\":\"https:\\\/\\\/www.brussels-accountants.be\\\/#organization\",\"name\":\"Brussels Accountants\",\"url\":\"https:\\\/\\\/www.brussels-accountants.be\\\/\",\"logo\":{\"@type\":\"ImageObject\",\"inLanguage\":\"en-US\",\"@id\":\"https:\\\/\\\/www.brussels-accountants.be\\\/#\\\/schema\\\/logo\\\/image\\\/\",\"url\":\"https:\\\/\\\/www.brussels-accountants.be\\\/wp-content\\\/uploads\\\/2018\\\/10\\\/cropped-logo-medium.png\",\"contentUrl\":\"https:\\\/\\\/www.brussels-accountants.be\\\/wp-content\\\/uploads\\\/2018\\\/10\\\/cropped-logo-medium.png\",\"width\":512,\"height\":512,\"caption\":\"Brussels Accountants\"},\"image\":{\"@id\":\"https:\\\/\\\/www.brussels-accountants.be\\\/#\\\/schema\\\/logo\\\/image\\\/\"}}]}<\/script>\n<!-- \/ Yoast SEO plugin. -->","yoast_head_json":{"title":"Diensten - Brussels Accountants","robots":{"index":"index","follow":"follow","max-snippet":"max-snippet:-1","max-image-preview":"max-image-preview:large","max-video-preview":"max-video-preview:-1"},"canonical":"https:\/\/www.brussels-accountants.be\/en\/","og_locale":"en_US","og_type":"article","og_title":"Diensten - Brussels Accountants","og_description":"Brussels Accountants is een internationaal geori\u00ebnteerd accountantskantoor dat dienstverlening aanbiedt op maat van de cli\u00ebnt wat betreft boekhoudkundige rapportering en geoptimaliseerd belastingadvies. Het kantoor biedt zijn diensten aan binnen een louter Belgische context en dus uiteraard ook aan een Belgisch cli\u00ebnteel, maar specialiseert zich in de opstart en begeleiding van economische activiteiten die buitenlanders wensen [&hellip;]","og_url":"https:\/\/www.brussels-accountants.be\/","og_site_name":"Brussels Accountants","article_modified_time":"2025-11-20T14:16:27+00:00","og_image":[{"width":1110,"height":589,"url":"https:\/\/www.brussels-accountants.be\/wp-content\/uploads\/2025\/11\/Team_Meeting-11-1.jpg","type":"image\/jpeg"}],"twitter_card":"summary_large_image","twitter_misc":{"Est. reading time":"1 minute"},"schema":{"@context":"https:\/\/schema.org","@graph":[{"@type":"WebPage","@id":"https:\/\/www.brussels-accountants.be\/","url":"https:\/\/www.brussels-accountants.be\/","name":"Diensten - Brussels Accountants","isPartOf":{"@id":"https:\/\/www.brussels-accountants.be\/#website"},"primaryImageOfPage":{"@id":"https:\/\/www.brussels-accountants.be\/#primaryimage"},"image":{"@id":"https:\/\/www.brussels-accountants.be\/#primaryimage"},"thumbnailUrl":"https:\/\/www.brussels-accountants.be\/wp-content\/uploads\/2025\/11\/Team_Meeting-11-1.jpg","datePublished":"2018-10-23T09:03:19+00:00","dateModified":"2025-11-20T14:16:27+00:00","breadcrumb":{"@id":"https:\/\/www.brussels-accountants.be\/#breadcrumb"},"inLanguage":"en-US","potentialAction":[{"@type":"ReadAction","target":["https:\/\/www.brussels-accountants.be\/"]}]},{"@type":"ImageObject","inLanguage":"en-US","@id":"https:\/\/www.brussels-accountants.be\/#primaryimage","url":"https:\/\/www.brussels-accountants.be\/wp-content\/uploads\/2025\/11\/Team_Meeting-11-1.jpg","contentUrl":"https:\/\/www.brussels-accountants.be\/wp-content\/uploads\/2025\/11\/Team_Meeting-11-1.jpg","width":1110,"height":589},{"@type":"BreadcrumbList","@id":"https:\/\/www.brussels-accountants.be\/#breadcrumb","itemListElement":[{"@type":"ListItem","position":1,"name":"Accueil","item":"https:\/\/www.brussels-accountants.be\/"},{"@type":"ListItem","position":2,"name":"Diensten"}]},{"@type":"WebSite","@id":"https:\/\/www.brussels-accountants.be\/#website","url":"https:\/\/www.brussels-accountants.be\/","name":"Brussels Accountants","description":"&lt;strong&gt;Brussels Accountants&lt;\/strong&gt; est une entreprise Internationale de comptabilit\u00e9 offrant \u00e0 ses clients une comptabilit\u00e9 appropri\u00e9e et une consultance optimis\u00e9e des imp\u00f4ts. Le cabinet est comp\u00e9tent au sein du contexte belge, pour les citoyens redevables de l\u2019imp\u00f4t belge. Nous sommes aussi reconnus en tant que guide fiable et compagnon pour les expatri\u00e9s qui ont besoin de constituer leur activit\u00e9, d&#039;en assurer la croissance et l\u2019organisation sur le territoire belge.","publisher":{"@id":"https:\/\/www.brussels-accountants.be\/#organization"},"potentialAction":[{"@type":"SearchAction","target":{"@type":"EntryPoint","urlTemplate":"https:\/\/www.brussels-accountants.be\/?s={search_term_string}"},"query-input":{"@type":"PropertyValueSpecification","valueRequired":true,"valueName":"search_term_string"}}],"inLanguage":"en-US"},{"@type":"Organization","@id":"https:\/\/www.brussels-accountants.be\/#organization","name":"Brussels Accountants","url":"https:\/\/www.brussels-accountants.be\/","logo":{"@type":"ImageObject","inLanguage":"en-US","@id":"https:\/\/www.brussels-accountants.be\/#\/schema\/logo\/image\/","url":"https:\/\/www.brussels-accountants.be\/wp-content\/uploads\/2018\/10\/cropped-logo-medium.png","contentUrl":"https:\/\/www.brussels-accountants.be\/wp-content\/uploads\/2018\/10\/cropped-logo-medium.png","width":512,"height":512,"caption":"Brussels Accountants"},"image":{"@id":"https:\/\/www.brussels-accountants.be\/#\/schema\/logo\/image\/"}}]}},"_links":{"self":[{"href":"https:\/\/www.brussels-accountants.be\/en\/wp-json\/wp\/v2\/pages\/156","targetHints":{"allow":["GET"]}}],"collection":[{"href":"https:\/\/www.brussels-accountants.be\/en\/wp-json\/wp\/v2\/pages"}],"about":[{"href":"https:\/\/www.brussels-accountants.be\/en\/wp-json\/wp\/v2\/types\/page"}],"author":[{"embeddable":true,"href":"https:\/\/www.brussels-accountants.be\/en\/wp-json\/wp\/v2\/users\/1"}],"replies":[{"embeddable":true,"href":"https:\/\/www.brussels-accountants.be\/en\/wp-json\/wp\/v2\/comments?post=156"}],"version-history":[{"count":7,"href":"https:\/\/www.brussels-accountants.be\/en\/wp-json\/wp\/v2\/pages\/156\/revisions"}],"predecessor-version":[{"id":20332,"href":"https:\/\/www.brussels-accountants.be\/en\/wp-json\/wp\/v2\/pages\/156\/revisions\/20332"}],"wp:featuredmedia":[{"embeddable":true,"href":"https:\/\/www.brussels-accountants.be\/en\/wp-json\/wp\/v2\/media\/20328"}],"wp:attachment":[{"href":"https:\/\/www.brussels-accountants.be\/en\/wp-json\/wp\/v2\/media?parent=156"}],"curies":[{"name":"wp","href":"https:\/\/api.w.org\/{rel}","templated":true}]}}