{"id":12,"date":"2018-10-22T09:44:04","date_gmt":"2018-10-22T07:44:04","guid":{"rendered":"https:\/\/www.fidupress.be\/ba\/?page_id=12"},"modified":"2025-11-01T21:39:27","modified_gmt":"2025-11-01T20:39:27","slug":"demarrer-une-activite","status":"publish","type":"page","link":"https:\/\/www.brussels-accountants.be\/en\/demarrer-une-activite\/","title":{"rendered":"D\u00e9marrer une activit\u00e9"},"content":{"rendered":"\n<p><strong>BRUSSELS ACCOUNTANTS<\/strong> est un cabinet comptable ind\u00e9pendant, sp\u00e9cialis\u00e9 dans le r\u00e9gime des expatri\u00e9s, ayant notamment une grande r\u00e9putation pour le service personnalis\u00e9. De plus, le cabinet offre un service de comptabilit\u00e9, de consultance en mati\u00e8re fiscale \u00e0 bons nombres d\u2019entreprises internationales, associations et organisations non-gouvernementales.<\/p>\n\n\n\n<p>La Belgique a deux langues officielles, le n\u00e9erlandais et le fran\u00e7ais. Notre cabinet travaille dans les deux langues et la majorit\u00e9 de l\u2019\u00e9quipe s&#8217;exprime couramment en anglais.<\/p>\n\n\n\n<p><strong>BRUSSELS ACCOUNTANTS<\/strong> offrent les services suivants :<\/p>\n\n\n\n<ul class=\"wp-block-list\"><li>D\u00e9claration annuelle de l\u2019imp\u00f4t (personne physique et soci\u00e9t\u00e9 ; les non-r\u00e9sidents inclus),<\/li><li>D\u00e9claration TVA,<\/li><li>Rapport annuel \u00e0 la banque nationale de Belgique,<\/li><li>Pr\u00e9paration des comptes,<\/li><li>Cr\u00e9ation de soci\u00e9t\u00e9s\/succursales (SRL\/BV \u2013 SA\/NV),<\/li><li>Etablissement d\u2019une organisation non-lucrative (ASBL),<\/li><li>Activation du num\u00e9ro de TVA,<\/li><li>Inscription comme ind\u00e9pendant \u00e0 la banque carrefour des entreprises (BCE \u2013 KBO),<\/li><li>Inscription \u00e0 la s\u00e9curit\u00e9 sociale (pour les ind\u00e9pendants),<\/li><li>Avis d\u2019imposition,<\/li><li>Etude sur la double imposition entre la Belgique et le pays d\u2019origine,<\/li><li>Code des Soci\u00e9t\u00e9s et des Associations.<\/li><\/ul>\n\n\n\n<h2 class=\"wp-block-heading\">Informations suppl\u00e9mentaires (cliquer sur les liens)<\/h2>\n\n\n\n<p><a href=\"\/demarrer-une-activite\/les-formalites-denregistrement\/\">Formalit\u00e9s d\u2019immatriculation \u00e0 l&#8217;imp\u00f4t<\/a><br><a href=\"\/demarrer-une-activite\/personne-prive-ou-juridique-legale\/\">Cr\u00e9ation d&#8217;une entreprise ou d&#8217;une activit\u00e9 d&#8217;ind\u00e9pendant<\/a><br><a href=\"\/demarrer-une-activite\/securite-sociale-independante\/\">Affiliation \u00e0 la s\u00e9curit\u00e9 sociale<\/a><br><a href=\"\/demarrer-une-activite\/impot-sur-le-revenu-belge\/\">Imp\u00f4t sur le revenu belge<\/a><br><a href=\"https:\/\/www.brussels-accountants.be\/demarrer-une-activite\/la-tva-belge\/\">La TVA belge<\/a><br><a href=\"https:\/\/www.brussels-accountants.be\/sprl-ou-scs\/\">La SPRL ou la SCS<\/a><\/p>\n","protected":false},"excerpt":{"rendered":"<p>BRUSSELS ACCOUNTANTS est un cabinet comptable ind\u00e9pendant, sp\u00e9cialis\u00e9 dans le r\u00e9gime des expatri\u00e9s, ayant notamment une grande r\u00e9putation pour le service personnalis\u00e9. De plus, le cabinet offre un service de comptabilit\u00e9, de consultance en mati\u00e8re fiscale \u00e0 bons nombres d\u2019entreprises internationales, associations et organisations non-gouvernementales. La Belgique a deux langues officielles, le n\u00e9erlandais et le [&hellip;]<\/p>\n","protected":false},"author":1,"featured_media":18692,"parent":0,"menu_order":0,"comment_status":"closed","ping_status":"closed","template":"","meta":{"footnotes":""},"class_list":["post-12","page","type-page","status-publish","has-post-thumbnail","hentry"],"acf":[],"yoast_head":"<!-- This site is optimized with the Yoast SEO plugin v27.3 - https:\/\/yoast.com\/product\/yoast-seo-wordpress\/ -->\n<title>D\u00e9marrer une activit\u00e9 - Brussels Accountants<\/title>\n<meta name=\"robots\" content=\"index, follow, max-snippet:-1, max-image-preview:large, max-video-preview:-1\" \/>\n<link rel=\"canonical\" href=\"https:\/\/www.brussels-accountants.be\/en\/demarrer-une-activite\/\" \/>\n<meta property=\"og:locale\" content=\"en_US\" \/>\n<meta property=\"og:type\" content=\"article\" \/>\n<meta property=\"og:title\" content=\"D\u00e9marrer une activit\u00e9 - Brussels Accountants\" \/>\n<meta property=\"og:description\" content=\"BRUSSELS ACCOUNTANTS est un cabinet comptable ind\u00e9pendant, sp\u00e9cialis\u00e9 dans le r\u00e9gime des expatri\u00e9s, ayant notamment une grande r\u00e9putation pour le service personnalis\u00e9. De plus, le cabinet offre un service de comptabilit\u00e9, de consultance en mati\u00e8re fiscale \u00e0 bons nombres d\u2019entreprises internationales, associations et organisations non-gouvernementales. La Belgique a deux langues officielles, le n\u00e9erlandais et le [&hellip;]\" \/>\n<meta property=\"og:url\" content=\"https:\/\/www.brussels-accountants.be\/demarrer-une-activite\/\" \/>\n<meta property=\"og:site_name\" content=\"Brussels Accountants\" \/>\n<meta property=\"article:modified_time\" content=\"2025-11-01T20:39:27+00:00\" \/>\n<meta property=\"og:image\" content=\"https:\/\/www.brussels-accountants.be\/wp-content\/uploads\/2025\/11\/Picture-7.jpg\" \/>\n\t<meta property=\"og:image:width\" content=\"598\" \/>\n\t<meta property=\"og:image:height\" content=\"638\" \/>\n\t<meta property=\"og:image:type\" content=\"image\/jpeg\" \/>\n<meta name=\"twitter:card\" content=\"summary_large_image\" \/>\n<meta name=\"twitter:label1\" content=\"Est. reading time\" \/>\n\t<meta name=\"twitter:data1\" content=\"1 minute\" \/>\n<script type=\"application\/ld+json\" class=\"yoast-schema-graph\">{\"@context\":\"https:\\\/\\\/schema.org\",\"@graph\":[{\"@type\":\"WebPage\",\"@id\":\"https:\\\/\\\/www.brussels-accountants.be\\\/demarrer-une-activite\\\/\",\"url\":\"https:\\\/\\\/www.brussels-accountants.be\\\/demarrer-une-activite\\\/\",\"name\":\"D\u00e9marrer une activit\u00e9 - Brussels Accountants\",\"isPartOf\":{\"@id\":\"https:\\\/\\\/www.brussels-accountants.be\\\/#website\"},\"primaryImageOfPage\":{\"@id\":\"https:\\\/\\\/www.brussels-accountants.be\\\/demarrer-une-activite\\\/#primaryimage\"},\"image\":{\"@id\":\"https:\\\/\\\/www.brussels-accountants.be\\\/demarrer-une-activite\\\/#primaryimage\"},\"thumbnailUrl\":\"https:\\\/\\\/www.brussels-accountants.be\\\/wp-content\\\/uploads\\\/2025\\\/11\\\/Picture-7.jpg\",\"datePublished\":\"2018-10-22T07:44:04+00:00\",\"dateModified\":\"2025-11-01T20:39:27+00:00\",\"breadcrumb\":{\"@id\":\"https:\\\/\\\/www.brussels-accountants.be\\\/demarrer-une-activite\\\/#breadcrumb\"},\"inLanguage\":\"en-US\",\"potentialAction\":[{\"@type\":\"ReadAction\",\"target\":[\"https:\\\/\\\/www.brussels-accountants.be\\\/demarrer-une-activite\\\/\"]}]},{\"@type\":\"ImageObject\",\"inLanguage\":\"en-US\",\"@id\":\"https:\\\/\\\/www.brussels-accountants.be\\\/demarrer-une-activite\\\/#primaryimage\",\"url\":\"https:\\\/\\\/www.brussels-accountants.be\\\/wp-content\\\/uploads\\\/2025\\\/11\\\/Picture-7.jpg\",\"contentUrl\":\"https:\\\/\\\/www.brussels-accountants.be\\\/wp-content\\\/uploads\\\/2025\\\/11\\\/Picture-7.jpg\",\"width\":598,\"height\":638},{\"@type\":\"BreadcrumbList\",\"@id\":\"https:\\\/\\\/www.brussels-accountants.be\\\/demarrer-une-activite\\\/#breadcrumb\",\"itemListElement\":[{\"@type\":\"ListItem\",\"position\":1,\"name\":\"Accueil\",\"item\":\"https:\\\/\\\/www.brussels-accountants.be\\\/\"},{\"@type\":\"ListItem\",\"position\":2,\"name\":\"D\u00e9marrer une activit\u00e9\"}]},{\"@type\":\"WebSite\",\"@id\":\"https:\\\/\\\/www.brussels-accountants.be\\\/#website\",\"url\":\"https:\\\/\\\/www.brussels-accountants.be\\\/\",\"name\":\"Brussels Accountants\",\"description\":\"&lt;strong&gt;Brussels Accountants&lt;\\\/strong&gt; est une entreprise Internationale de comptabilit\u00e9 offrant \u00e0 ses clients une comptabilit\u00e9 appropri\u00e9e et une consultance optimis\u00e9e des imp\u00f4ts. Le cabinet est comp\u00e9tent au sein du contexte belge, pour les citoyens redevables de l\u2019imp\u00f4t belge. Nous sommes aussi reconnus en tant que guide fiable et compagnon pour les expatri\u00e9s qui ont besoin de constituer leur activit\u00e9, d&#039;en assurer la croissance et l\u2019organisation sur le territoire belge.\",\"publisher\":{\"@id\":\"https:\\\/\\\/www.brussels-accountants.be\\\/#organization\"},\"potentialAction\":[{\"@type\":\"SearchAction\",\"target\":{\"@type\":\"EntryPoint\",\"urlTemplate\":\"https:\\\/\\\/www.brussels-accountants.be\\\/?s={search_term_string}\"},\"query-input\":{\"@type\":\"PropertyValueSpecification\",\"valueRequired\":true,\"valueName\":\"search_term_string\"}}],\"inLanguage\":\"en-US\"},{\"@type\":\"Organization\",\"@id\":\"https:\\\/\\\/www.brussels-accountants.be\\\/#organization\",\"name\":\"Brussels Accountants\",\"url\":\"https:\\\/\\\/www.brussels-accountants.be\\\/\",\"logo\":{\"@type\":\"ImageObject\",\"inLanguage\":\"en-US\",\"@id\":\"https:\\\/\\\/www.brussels-accountants.be\\\/#\\\/schema\\\/logo\\\/image\\\/\",\"url\":\"https:\\\/\\\/www.brussels-accountants.be\\\/wp-content\\\/uploads\\\/2018\\\/10\\\/cropped-logo-medium.png\",\"contentUrl\":\"https:\\\/\\\/www.brussels-accountants.be\\\/wp-content\\\/uploads\\\/2018\\\/10\\\/cropped-logo-medium.png\",\"width\":512,\"height\":512,\"caption\":\"Brussels Accountants\"},\"image\":{\"@id\":\"https:\\\/\\\/www.brussels-accountants.be\\\/#\\\/schema\\\/logo\\\/image\\\/\"}}]}<\/script>\n<!-- \/ Yoast SEO plugin. -->","yoast_head_json":{"title":"D\u00e9marrer une activit\u00e9 - Brussels Accountants","robots":{"index":"index","follow":"follow","max-snippet":"max-snippet:-1","max-image-preview":"max-image-preview:large","max-video-preview":"max-video-preview:-1"},"canonical":"https:\/\/www.brussels-accountants.be\/en\/demarrer-une-activite\/","og_locale":"en_US","og_type":"article","og_title":"D\u00e9marrer une activit\u00e9 - Brussels Accountants","og_description":"BRUSSELS ACCOUNTANTS est un cabinet comptable ind\u00e9pendant, sp\u00e9cialis\u00e9 dans le r\u00e9gime des expatri\u00e9s, ayant notamment une grande r\u00e9putation pour le service personnalis\u00e9. De plus, le cabinet offre un service de comptabilit\u00e9, de consultance en mati\u00e8re fiscale \u00e0 bons nombres d\u2019entreprises internationales, associations et organisations non-gouvernementales. La Belgique a deux langues officielles, le n\u00e9erlandais et le [&hellip;]","og_url":"https:\/\/www.brussels-accountants.be\/demarrer-une-activite\/","og_site_name":"Brussels Accountants","article_modified_time":"2025-11-01T20:39:27+00:00","og_image":[{"width":598,"height":638,"url":"https:\/\/www.brussels-accountants.be\/wp-content\/uploads\/2025\/11\/Picture-7.jpg","type":"image\/jpeg"}],"twitter_card":"summary_large_image","twitter_misc":{"Est. reading time":"1 minute"},"schema":{"@context":"https:\/\/schema.org","@graph":[{"@type":"WebPage","@id":"https:\/\/www.brussels-accountants.be\/demarrer-une-activite\/","url":"https:\/\/www.brussels-accountants.be\/demarrer-une-activite\/","name":"D\u00e9marrer une activit\u00e9 - Brussels Accountants","isPartOf":{"@id":"https:\/\/www.brussels-accountants.be\/#website"},"primaryImageOfPage":{"@id":"https:\/\/www.brussels-accountants.be\/demarrer-une-activite\/#primaryimage"},"image":{"@id":"https:\/\/www.brussels-accountants.be\/demarrer-une-activite\/#primaryimage"},"thumbnailUrl":"https:\/\/www.brussels-accountants.be\/wp-content\/uploads\/2025\/11\/Picture-7.jpg","datePublished":"2018-10-22T07:44:04+00:00","dateModified":"2025-11-01T20:39:27+00:00","breadcrumb":{"@id":"https:\/\/www.brussels-accountants.be\/demarrer-une-activite\/#breadcrumb"},"inLanguage":"en-US","potentialAction":[{"@type":"ReadAction","target":["https:\/\/www.brussels-accountants.be\/demarrer-une-activite\/"]}]},{"@type":"ImageObject","inLanguage":"en-US","@id":"https:\/\/www.brussels-accountants.be\/demarrer-une-activite\/#primaryimage","url":"https:\/\/www.brussels-accountants.be\/wp-content\/uploads\/2025\/11\/Picture-7.jpg","contentUrl":"https:\/\/www.brussels-accountants.be\/wp-content\/uploads\/2025\/11\/Picture-7.jpg","width":598,"height":638},{"@type":"BreadcrumbList","@id":"https:\/\/www.brussels-accountants.be\/demarrer-une-activite\/#breadcrumb","itemListElement":[{"@type":"ListItem","position":1,"name":"Accueil","item":"https:\/\/www.brussels-accountants.be\/"},{"@type":"ListItem","position":2,"name":"D\u00e9marrer une activit\u00e9"}]},{"@type":"WebSite","@id":"https:\/\/www.brussels-accountants.be\/#website","url":"https:\/\/www.brussels-accountants.be\/","name":"Brussels Accountants","description":"&lt;strong&gt;Brussels Accountants&lt;\/strong&gt; est une entreprise Internationale de comptabilit\u00e9 offrant \u00e0 ses clients une comptabilit\u00e9 appropri\u00e9e et une consultance optimis\u00e9e des imp\u00f4ts. Le cabinet est comp\u00e9tent au sein du contexte belge, pour les citoyens redevables de l\u2019imp\u00f4t belge. Nous sommes aussi reconnus en tant que guide fiable et compagnon pour les expatri\u00e9s qui ont besoin de constituer leur activit\u00e9, d&#039;en assurer la croissance et l\u2019organisation sur le territoire belge.","publisher":{"@id":"https:\/\/www.brussels-accountants.be\/#organization"},"potentialAction":[{"@type":"SearchAction","target":{"@type":"EntryPoint","urlTemplate":"https:\/\/www.brussels-accountants.be\/?s={search_term_string}"},"query-input":{"@type":"PropertyValueSpecification","valueRequired":true,"valueName":"search_term_string"}}],"inLanguage":"en-US"},{"@type":"Organization","@id":"https:\/\/www.brussels-accountants.be\/#organization","name":"Brussels Accountants","url":"https:\/\/www.brussels-accountants.be\/","logo":{"@type":"ImageObject","inLanguage":"en-US","@id":"https:\/\/www.brussels-accountants.be\/#\/schema\/logo\/image\/","url":"https:\/\/www.brussels-accountants.be\/wp-content\/uploads\/2018\/10\/cropped-logo-medium.png","contentUrl":"https:\/\/www.brussels-accountants.be\/wp-content\/uploads\/2018\/10\/cropped-logo-medium.png","width":512,"height":512,"caption":"Brussels Accountants"},"image":{"@id":"https:\/\/www.brussels-accountants.be\/#\/schema\/logo\/image\/"}}]}},"_links":{"self":[{"href":"https:\/\/www.brussels-accountants.be\/en\/wp-json\/wp\/v2\/pages\/12","targetHints":{"allow":["GET"]}}],"collection":[{"href":"https:\/\/www.brussels-accountants.be\/en\/wp-json\/wp\/v2\/pages"}],"about":[{"href":"https:\/\/www.brussels-accountants.be\/en\/wp-json\/wp\/v2\/types\/page"}],"author":[{"embeddable":true,"href":"https:\/\/www.brussels-accountants.be\/en\/wp-json\/wp\/v2\/users\/1"}],"replies":[{"embeddable":true,"href":"https:\/\/www.brussels-accountants.be\/en\/wp-json\/wp\/v2\/comments?post=12"}],"version-history":[{"count":26,"href":"https:\/\/www.brussels-accountants.be\/en\/wp-json\/wp\/v2\/pages\/12\/revisions"}],"predecessor-version":[{"id":20261,"href":"https:\/\/www.brussels-accountants.be\/en\/wp-json\/wp\/v2\/pages\/12\/revisions\/20261"}],"wp:featuredmedia":[{"embeddable":true,"href":"https:\/\/www.brussels-accountants.be\/en\/wp-json\/wp\/v2\/media\/18692"}],"wp:attachment":[{"href":"https:\/\/www.brussels-accountants.be\/en\/wp-json\/wp\/v2\/media?parent=12"}],"curies":[{"name":"wp","href":"https:\/\/api.w.org\/{rel}","templated":true}]}}